{"id":428499,"date":"2026-01-16T05:16:45","date_gmt":"2026-01-16T05:16:45","guid":{"rendered":"https:\/\/www.purejewels.com\/?post_type=product&#038;p=428499"},"modified":"2026-04-16T05:59:40","modified_gmt":"2026-04-16T04:59:40","slug":"22-ayar-altin-ayarlanabilir-kesik-dokulu-bebek-bilekligi-53755","status":"publish","type":"product","link":"https:\/\/www.purejewels.com\/tr\/product\/22ct-gold-adjustable-baby-bangle-with-slash-texture-53755\/","title":{"rendered":"22 Ayar Alt\u0131n Ayarlanabilir Kesik Dokulu Bebek Bilekli\u011fi"},"content":{"rendered":"<p><strong>Tasar\u0131m Konsepti<\/strong><br \/>\n\u0130kiz bant silueti s\u00fcreklili\u011fi ve \u00f6zeni sembolize eder; t\u0131pk\u0131 sevgiyle y\u00f6nlendirilen bir \u00e7ocu\u011fun yolculu\u011fu gibi iki \u00e7izgi birlikte hareket eder. \u0130nce oyulmu\u015f e\u011fik \u00e7izgi dokusu her harekette \u0131\u015f\u0131\u011f\u0131 yakalayarak hem e\u011flenceli hem de zarif bir his veren yumu\u015fak, parlak bir \u0131\u015f\u0131lt\u0131 yarat\u0131r. Bu ince detay, zamans\u0131z kal\u0131rken karakter kat\u0131yor ve par\u00e7an\u0131n y\u0131llarca el \u00fcst\u00fcnde tutulmas\u0131n\u0131 sa\u011fl\u0131yor.<\/p>\n<p><strong>Zanaatkarl\u0131k<\/strong><br \/>\nZengin 22 ayar alt\u0131ndan el i\u015f\u00e7ili\u011fiyle \u00fcretilen bu bebek bilekli\u011fi, PureJewels'in ola\u011fan\u00fcst\u00fc kuyumculuk miras\u0131n\u0131 yans\u0131tmaktad\u0131r. Her bir y\u00fczey, hassas elmas kesimli bir y\u00fczey elde etmek i\u00e7in dikkatlice dokuland\u0131r\u0131lm\u0131\u015ft\u0131r, bu da hassas cilde kar\u015f\u0131 p\u00fcr\u00fczs\u00fcz ve rahat bir his sa\u011flarken parlakl\u0131\u011f\u0131 art\u0131r\u0131r. Ayarlanabilir tasar\u0131m, bilekli\u011fin \u00e7ocukla birlikte b\u00fcy\u00fcmesine olanak tan\u0131yarak g\u00fcvenli ancak nazik bir uyum sa\u011flar.<\/p>\n<p>Orijinallik damgas\u0131 ta\u015f\u0131yan bu par\u00e7a, en y\u00fcksek safl\u0131k ve i\u015f\u00e7ilik standartlar\u0131na sahiptir; bir aile yadigar\u0131d\u0131r.<\/p>\n<p><strong>Stil Fikirleri<\/strong><br \/>\nYeni do\u011fan kutlamalar\u0131, do\u011fum g\u00fcnleri veya isim verme t\u00f6renleri i\u00e7in anlaml\u0131 bir hediye olarak m\u00fckemmel olan bu bileklik, zarif bir ifade i\u00e7in tek ba\u015f\u0131na tak\u0131labilir veya geleneksel bir g\u00f6r\u00fcn\u00fcm i\u00e7in e\u015fle\u015fen bir par\u00e7a ile e\u015fle\u015ftirilebilir. S\u0131cak alt\u0131n tonu hem g\u00fcnl\u00fck giyimi hem de \u00f6zel g\u00fcn k\u0131yafetlerini tamamlayarak onu \u00e7ok y\u00f6nl\u00fc bir hat\u0131ra haline getirir.<\/p>\n<p>\u0130ster ilk tak\u0131 olarak se\u00e7ilsin ister a\u015fk\u0131n sembol\u00fc olarak hediye edilsin, bu bileklik \u00f6zen, i\u015f\u00e7ilik ve kutlama ile ba\u015flayan bir hikaye ta\u015f\u0131r.<\/p>","protected":false},"excerpt":{"rendered":"<p>Narin bir kesik dokuya ve ayarlanabilir kesime sahip, g\u00fczel bir i\u015f\u00e7ilikle haz\u0131rlanm\u0131\u015f 22 ayar alt\u0131n bebek bilekli\u011fi. Rahatl\u0131k ve zarafet i\u00e7in tasarlanan bu bileklik, bir \u00e7ocu\u011fun ilk d\u00f6n\u00fcm noktalar\u0131n\u0131 kutlamak i\u00e7in m\u00fckemmel bir hat\u0131rad\u0131r.<\/p>\n<ul>\n<li><strong>Malzeme:<\/strong> 22 Ayar Alt\u0131n (91,6% Saf Alt\u0131n)<\/li>\n<li><strong>Hallmark:\u00a0<\/strong>\u0130ngiliz Damgas\u0131<\/li>\n<li><strong>Br\u00fct A\u011f\u0131rl\u0131k: <\/strong>4.58 Gms<\/li>\n<li><b>Boyut: <\/b>Ayarlanabilir<\/li>\n<li><strong>SKU: <\/strong>53755, 53756, 53758<\/li>\n<\/ul>\n<p>&nbsp;<\/p>\n<p><strong>Fiyat ve Teslimat:\u00a0<\/strong>KDV ve teslimat \u00fccretleri dahil<br \/>\n<strong><a href=\"https:\/\/www.purejewels.com\/tr\/i%cc%87ade-poli%cc%87ti%cc%87kasi\/\">\u0130ade Politikas\u0131<\/a><\/strong><\/p>\n<p>&nbsp;<\/p>","protected":false},"featured_media":428500,"comment_status":"closed","ping_status":"closed","template":"","meta":{"_eb_attr":"","_crsspst_to_jayantr4sg-hostcom":true},"product_brand":[],"product_cat":[5677,1576,1233,1229,252,1526,1436,5349],"product_tag":[1546,5373],"class_list":{"0":"post-428499","1":"product","2":"type-product","3":"status-publish","4":"has-post-thumbnail","6":"product_cat-babys-gold-bangle","7":"product_cat-childrens-jewellery","8":"product_cat-gold-bangles","9":"product_cat-22ct-gold-jewellery","10":"product_cat-jali-collections","11":"product_cat-kids-bangles","12":"product_cat-kids-bracelet-kada","13":"product_cat-yellow-gold-jewellery","14":"product_tag-children","15":"product_tag-indian-gold-bangles-for-kids","17":"first","18":"instock","19":"featured","20":"taxable","21":"shipping-taxable","22":"purchasable","23":"product-type-simple","24":"add-to-wishlist-before_image"},"yoast_head":"<!-- This site is optimized with the Yoast SEO plugin v27.4 - https:\/\/yoast.com\/product\/yoast-seo-wordpress\/ -->\n<title>22ct Gold Adjustable Baby Bangle with Slash Texture | PureJewels<\/title>\n<meta name=\"description\" content=\"Discover our 22ct gold adjustable baby bangle with elegant slash texture. Crafted with care for comfort, purity, and timeless gifting.\" \/>\n<meta name=\"robots\" content=\"noindex, nofollow\" \/>\n<meta property=\"og:locale\" content=\"tr_TR\" \/>\n<meta property=\"og:type\" content=\"article\" \/>\n<meta property=\"og:title\" content=\"22ct Gold Adjustable Baby Bangle with Slash Texture | PureJewels\" \/>\n<meta property=\"og:description\" content=\"Discover our 22ct gold adjustable baby bangle with elegant slash texture. Crafted with care for comfort, purity, and timeless gifting.\" \/>\n<meta property=\"og:url\" content=\"https:\/\/www.purejewels.com\/tr\/urun\/22-ayar-altin-ayarlanabilir-kesik-dokulu-bebek-bilekligi-53755\/\" \/>\n<meta property=\"og:site_name\" content=\"PureJewels UK\" \/>\n<meta property=\"article:modified_time\" content=\"2026-04-16T04:59:40+00:00\" \/>\n<meta property=\"og:image\" content=\"https:\/\/static.purejewels.com\/wp-content\/uploads\/2026\/04\/sku-54778-side.jpg\" \/>\n\t<meta property=\"og:image:width\" content=\"1000\" \/>\n\t<meta property=\"og:image:height\" content=\"1000\" \/>\n\t<meta property=\"og:image:type\" content=\"image\/jpeg\" \/>\n<meta name=\"twitter:card\" content=\"summary_large_image\" \/>\n<meta name=\"twitter:label1\" content=\"Tahmini okuma s\u00fcresi\" \/>\n\t<meta name=\"twitter:data1\" content=\"2 dakika\" \/>\n<script type=\"application\/ld+json\" class=\"yoast-schema-graph\">{\"@context\":\"https:\\\/\\\/schema.org\",\"@graph\":[{\"@type\":[\"WebPage\",\"ItemPage\"],\"@id\":\"https:\\\/\\\/www.purejewels.com\\\/product\\\/22ct-gold-adjustable-baby-bangle-with-slash-texture-53755\\\/\",\"url\":\"https:\\\/\\\/www.purejewels.com\\\/product\\\/22ct-gold-adjustable-baby-bangle-with-slash-texture-53755\\\/\",\"name\":\"22ct Gold Adjustable Baby Bangle with Slash Texture | PureJewels\",\"isPartOf\":{\"@id\":\"https:\\\/\\\/www.purejewels.com\\\/#website\"},\"primaryImageOfPage\":{\"@id\":\"https:\\\/\\\/www.purejewels.com\\\/product\\\/22ct-gold-adjustable-baby-bangle-with-slash-texture-53755\\\/#primaryimage\"},\"image\":{\"@id\":\"https:\\\/\\\/www.purejewels.com\\\/product\\\/22ct-gold-adjustable-baby-bangle-with-slash-texture-53755\\\/#primaryimage\"},\"thumbnailUrl\":\"https:\\\/\\\/static.purejewels.com\\\/wp-content\\\/uploads\\\/2026\\\/04\\\/sku-54778-side.jpg\",\"datePublished\":\"2026-01-16T05:16:45+00:00\",\"dateModified\":\"2026-04-16T04:59:40+00:00\",\"description\":\"Discover our 22ct gold adjustable baby bangle with elegant slash texture. Crafted with care for comfort, purity, and timeless gifting.\",\"breadcrumb\":{\"@id\":\"https:\\\/\\\/www.purejewels.com\\\/product\\\/22ct-gold-adjustable-baby-bangle-with-slash-texture-53755\\\/#breadcrumb\"},\"inLanguage\":\"tr\",\"potentialAction\":[{\"@type\":\"ReadAction\",\"target\":[\"https:\\\/\\\/www.purejewels.com\\\/product\\\/22ct-gold-adjustable-baby-bangle-with-slash-texture-53755\\\/\"]}]},{\"@type\":\"ImageObject\",\"inLanguage\":\"tr\",\"@id\":\"https:\\\/\\\/www.purejewels.com\\\/product\\\/22ct-gold-adjustable-baby-bangle-with-slash-texture-53755\\\/#primaryimage\",\"url\":\"https:\\\/\\\/static.purejewels.com\\\/wp-content\\\/uploads\\\/2026\\\/04\\\/sku-54778-side.jpg\",\"contentUrl\":\"https:\\\/\\\/static.purejewels.com\\\/wp-content\\\/uploads\\\/2026\\\/04\\\/sku-54778-side.jpg\",\"width\":1000,\"height\":1000,\"caption\":\"Stacked from 12 images. Method=B (R=8,S=4)\"},{\"@type\":\"BreadcrumbList\",\"@id\":\"https:\\\/\\\/www.purejewels.com\\\/product\\\/22ct-gold-adjustable-baby-bangle-with-slash-texture-53755\\\/#breadcrumb\",\"itemListElement\":[{\"@type\":\"ListItem\",\"position\":1,\"name\":\"Home\",\"item\":\"https:\\\/\\\/www.purejewels.com\\\/\"},{\"@type\":\"ListItem\",\"position\":2,\"name\":\"Shop\",\"item\":\"https:\\\/\\\/www.purejewels.com\\\/shop\\\/\"},{\"@type\":\"ListItem\",\"position\":3,\"name\":\"22ct Gold Adjustable Baby Bangle with Slash Texture\"}]},{\"@type\":\"WebSite\",\"@id\":\"https:\\\/\\\/www.purejewels.com\\\/#website\",\"url\":\"https:\\\/\\\/www.purejewels.com\\\/\",\"name\":\"PureJewels UK\",\"description\":\"Share the Love\",\"publisher\":{\"@id\":\"https:\\\/\\\/www.purejewels.com\\\/#organization\"},\"potentialAction\":[{\"@type\":\"SearchAction\",\"target\":{\"@type\":\"EntryPoint\",\"urlTemplate\":\"https:\\\/\\\/www.purejewels.com\\\/?s={search_term_string}\"},\"query-input\":{\"@type\":\"PropertyValueSpecification\",\"valueRequired\":true,\"valueName\":\"search_term_string\"}}],\"inLanguage\":\"tr\"},{\"@type\":\"Organization\",\"@id\":\"https:\\\/\\\/www.purejewels.com\\\/#organization\",\"name\":\"PureJewels UK\",\"url\":\"https:\\\/\\\/www.purejewels.com\\\/\",\"logo\":{\"@type\":\"ImageObject\",\"inLanguage\":\"tr\",\"@id\":\"https:\\\/\\\/www.purejewels.com\\\/#\\\/schema\\\/logo\\\/image\\\/\",\"url\":\"https:\\\/\\\/static.purejewels.com\\\/wp-content\\\/uploads\\\/2020\\\/11\\\/Logo-PJ-New-1.png\",\"contentUrl\":\"https:\\\/\\\/static.purejewels.com\\\/wp-content\\\/uploads\\\/2020\\\/11\\\/Logo-PJ-New-1.png\",\"width\":150,\"height\":80,\"caption\":\"PureJewels UK\"},\"image\":{\"@id\":\"https:\\\/\\\/www.purejewels.com\\\/#\\\/schema\\\/logo\\\/image\\\/\"}}]}<\/script>\n<!-- \/ Yoast SEO plugin. -->","yoast_head_json":{"title":"22 Ayar Alt\u0131n Kesik Dokulu Ayarlanabilir Bebek Bilekli\u011fi | PureJewels","description":"Zarif e\u011fik \u00e7izgi dokusuna sahip 22 ayar alt\u0131n ayarlanabilir bebek bilekli\u011fimizi ke\u015ffedin. Konfor, safl\u0131k ve zamans\u0131z hediye i\u00e7in \u00f6zenle \u00fcretilmi\u015ftir.","robots":{"index":"noindex","follow":"nofollow"},"og_locale":"tr_TR","og_type":"article","og_title":"22ct Gold Adjustable Baby Bangle with Slash Texture | PureJewels","og_description":"Discover our 22ct gold adjustable baby bangle with elegant slash texture. Crafted with care for comfort, purity, and timeless gifting.","og_url":"https:\/\/www.purejewels.com\/tr\/urun\/22-ayar-altin-ayarlanabilir-kesik-dokulu-bebek-bilekligi-53755\/","og_site_name":"PureJewels UK","article_modified_time":"2026-04-16T04:59:40+00:00","og_image":[{"width":1000,"height":1000,"url":"https:\/\/static.purejewels.com\/wp-content\/uploads\/2026\/04\/sku-54778-side.jpg","type":"image\/jpeg"}],"twitter_card":"summary_large_image","twitter_misc":{"Tahmini okuma s\u00fcresi":"2 dakika"},"schema":{"@context":"https:\/\/schema.org","@graph":[{"@type":["WebPage","ItemPage"],"@id":"https:\/\/www.purejewels.com\/product\/22ct-gold-adjustable-baby-bangle-with-slash-texture-53755\/","url":"https:\/\/www.purejewels.com\/product\/22ct-gold-adjustable-baby-bangle-with-slash-texture-53755\/","name":"22 Ayar Alt\u0131n Kesik Dokulu Ayarlanabilir Bebek Bilekli\u011fi | PureJewels","isPartOf":{"@id":"https:\/\/www.purejewels.com\/#website"},"primaryImageOfPage":{"@id":"https:\/\/www.purejewels.com\/product\/22ct-gold-adjustable-baby-bangle-with-slash-texture-53755\/#primaryimage"},"image":{"@id":"https:\/\/www.purejewels.com\/product\/22ct-gold-adjustable-baby-bangle-with-slash-texture-53755\/#primaryimage"},"thumbnailUrl":"https:\/\/static.purejewels.com\/wp-content\/uploads\/2026\/04\/sku-54778-side.jpg","datePublished":"2026-01-16T05:16:45+00:00","dateModified":"2026-04-16T04:59:40+00:00","description":"Zarif e\u011fik \u00e7izgi dokusuna sahip 22 ayar alt\u0131n ayarlanabilir bebek bilekli\u011fimizi ke\u015ffedin. Konfor, safl\u0131k ve zamans\u0131z hediye i\u00e7in \u00f6zenle \u00fcretilmi\u015ftir.","breadcrumb":{"@id":"https:\/\/www.purejewels.com\/product\/22ct-gold-adjustable-baby-bangle-with-slash-texture-53755\/#breadcrumb"},"inLanguage":"tr","potentialAction":[{"@type":"ReadAction","target":["https:\/\/www.purejewels.com\/product\/22ct-gold-adjustable-baby-bangle-with-slash-texture-53755\/"]}]},{"@type":"ImageObject","inLanguage":"tr","@id":"https:\/\/www.purejewels.com\/product\/22ct-gold-adjustable-baby-bangle-with-slash-texture-53755\/#primaryimage","url":"https:\/\/static.purejewels.com\/wp-content\/uploads\/2026\/04\/sku-54778-side.jpg","contentUrl":"https:\/\/static.purejewels.com\/wp-content\/uploads\/2026\/04\/sku-54778-side.jpg","width":1000,"height":1000,"caption":"Stacked from 12 images. Method=B (R=8,S=4)"},{"@type":"BreadcrumbList","@id":"https:\/\/www.purejewels.com\/product\/22ct-gold-adjustable-baby-bangle-with-slash-texture-53755\/#breadcrumb","itemListElement":[{"@type":"ListItem","position":1,"name":"Home","item":"https:\/\/www.purejewels.com\/"},{"@type":"ListItem","position":2,"name":"Shop","item":"https:\/\/www.purejewels.com\/shop\/"},{"@type":"ListItem","position":3,"name":"22ct Gold Adjustable Baby Bangle with Slash Texture"}]},{"@type":"WebSite","@id":"https:\/\/www.purejewels.com\/#website","url":"https:\/\/www.purejewels.com\/","name":"PureJewels \u0130ngiltere","description":"Sevgiyi Payla\u015f\u0131n","publisher":{"@id":"https:\/\/www.purejewels.com\/#organization"},"potentialAction":[{"@type":"SearchAction","target":{"@type":"EntryPoint","urlTemplate":"https:\/\/www.purejewels.com\/?s={search_term_string}"},"query-input":{"@type":"PropertyValueSpecification","valueRequired":true,"valueName":"search_term_string"}}],"inLanguage":"tr"},{"@type":"Organization","@id":"https:\/\/www.purejewels.com\/#organization","name":"PureJewels \u0130ngiltere","url":"https:\/\/www.purejewels.com\/","logo":{"@type":"ImageObject","inLanguage":"tr","@id":"https:\/\/www.purejewels.com\/#\/schema\/logo\/image\/","url":"https:\/\/static.purejewels.com\/wp-content\/uploads\/2020\/11\/Logo-PJ-New-1.png","contentUrl":"https:\/\/static.purejewels.com\/wp-content\/uploads\/2020\/11\/Logo-PJ-New-1.png","width":150,"height":80,"caption":"PureJewels UK"},"image":{"@id":"https:\/\/www.purejewels.com\/#\/schema\/logo\/image\/"}}]}},"_links":{"self":[{"href":"https:\/\/www.purejewels.com\/tr\/wp-json\/wp\/v2\/product\/428499","targetHints":{"allow":["GET"]}}],"collection":[{"href":"https:\/\/www.purejewels.com\/tr\/wp-json\/wp\/v2\/product"}],"about":[{"href":"https:\/\/www.purejewels.com\/tr\/wp-json\/wp\/v2\/types\/product"}],"replies":[{"embeddable":true,"href":"https:\/\/www.purejewels.com\/tr\/wp-json\/wp\/v2\/comments?post=428499"}],"version-history":[{"count":1,"href":"https:\/\/www.purejewels.com\/tr\/wp-json\/wp\/v2\/product\/428499\/revisions"}],"predecessor-version":[{"id":428502,"href":"https:\/\/www.purejewels.com\/tr\/wp-json\/wp\/v2\/product\/428499\/revisions\/428502"}],"wp:featuredmedia":[{"embeddable":true,"href":"https:\/\/www.purejewels.com\/tr\/wp-json\/wp\/v2\/media\/428500"}],"wp:attachment":[{"href":"https:\/\/www.purejewels.com\/tr\/wp-json\/wp\/v2\/media?parent=428499"}],"wp:term":[{"taxonomy":"product_brand","embeddable":true,"href":"https:\/\/www.purejewels.com\/tr\/wp-json\/wp\/v2\/product_brand?post=428499"},{"taxonomy":"product_cat","embeddable":true,"href":"https:\/\/www.purejewels.com\/tr\/wp-json\/wp\/v2\/product_cat?post=428499"},{"taxonomy":"product_tag","embeddable":true,"href":"https:\/\/www.purejewels.com\/tr\/wp-json\/wp\/v2\/product_tag?post=428499"}],"curies":[{"name":"wp","href":"https:\/\/api.w.org\/{rel}","templated":true}]}}