{"id":428503,"date":"2026-02-16T05:58:47","date_gmt":"2026-02-16T05:58:47","guid":{"rendered":"https:\/\/www.purejewels.com\/?post_type=product&#038;p=428503"},"modified":"2026-04-16T06:54:40","modified_gmt":"2026-04-16T05:54:40","slug":"22-ayar-altin-dokulu-ayarlanabilir-bebek-bilekligi-54777","status":"publish","type":"product","link":"https:\/\/www.purejewels.com\/tr\/product\/22ct-gold-textured-baby-bangle-adjustable-fit-54777\/","title":{"rendered":"22 Ayar Alt\u0131n Dokulu Bebek Bilekli\u011fi | Ayarlanabilir Fit"},"content":{"rendered":"<p data-start=\"877\" data-end=\"1212\"><strong data-start=\"877\" data-end=\"895\">Tasar\u0131m Konsepti<\/strong><br data-start=\"895\" data-end=\"898\" \/>Zarif ikiz bant formuyla tan\u0131mlanan bu bileklik, uyum ve s\u00fcreklili\u011fi yans\u0131t\u0131yor. \u0130nce dokulu y\u00fczey, hafif bir \u0131\u015f\u0131k oyunu sunarak par\u00e7aya hem zarif hem de ne\u015feli hissettiren yumu\u015fak bir parlakl\u0131k verir. Sadeli\u011fi zamans\u0131z kalmas\u0131n\u0131 sa\u011flarken, ince detaylar derinlik ve karakter katar.<\/p>\n<p data-start=\"1214\" data-end=\"1558\"><strong data-start=\"1214\" data-end=\"1231\">Zanaatkarl\u0131k<\/strong><br data-start=\"1231\" data-end=\"1234\" \/>Geleneksel kuyumculuk teknikleri kullan\u0131larak ustal\u0131kla el i\u015f\u00e7ili\u011fiyle \u00fcretilen bu par\u00e7a, PureJewels'i tan\u0131mlayan hassasiyet ve sanat\u0131 sergiler. Dokulu kaplama, konfordan \u00f6d\u00fcn vermeden parlakl\u0131\u011f\u0131 art\u0131rmak i\u00e7in \u00f6zenle uygulanm\u0131\u015ft\u0131r. Ayarlanabilir bir uyumla tasarlanan \u00fcr\u00fcn, hassas bilekler i\u00e7in kullan\u0131m kolayl\u0131\u011f\u0131 ve g\u00fcvenli bir his sa\u011flar.<\/p>\n<p data-start=\"1560\" data-end=\"1696\">Her bir bileklik, 22 ayar alt\u0131n\u0131n orijinalli\u011fini ve y\u00fcksek safl\u0131\u011f\u0131n\u0131 garanti eden damgal\u0131d\u0131r; bug\u00fcn de\u011fer verilip yar\u0131n hat\u0131rlanmak \u00fczere \u00fcretilmi\u015ftir.<\/p>\n<p data-start=\"1698\" data-end=\"1999\"><strong data-start=\"1698\" data-end=\"1715\">Stil Fikirleri<\/strong><br data-start=\"1715\" data-end=\"1718\" \/>\u0130sim verme t\u00f6renleri, do\u011fum g\u00fcnleri veya de\u011ferli d\u00f6n\u00fcm noktalar\u0131 i\u00e7in m\u00fckemmel bir hediye olan bu bebek bilekli\u011fi, minimal bir g\u00f6r\u00fcn\u00fcm i\u00e7in tek ba\u015f\u0131na tak\u0131labilir veya daha geleneksel bir stil i\u00e7in ikinci bir par\u00e7a ile e\u015fle\u015ftirilebilir. S\u0131cak alt\u0131n tonu her duruma uyum sa\u011flayarak onu \u00e7ok y\u00f6nl\u00fc ve anlaml\u0131 bir hat\u0131ra haline getirir.<\/p>\n<p data-start=\"2001\" data-end=\"2095\">Hen\u00fcz ortaya \u00e7\u0131kmakta olan bir yolculu\u011fa e\u015flik etmek \u00fczere alt\u0131nla i\u015flenmi\u015f g\u00fczel bir ba\u015flang\u0131\u00e7.<\/p>","protected":false},"excerpt":{"rendered":"<p>Zarif dokulu y\u00fczeyli ve ayarlanabilir 22 ayar alt\u0131n bebek bilekli\u011fi. Rahatl\u0131k i\u00e7in tasarlanm\u0131\u015ft\u0131r, yeni do\u011fanlar ve erken d\u00f6n\u00fcm noktalar\u0131 i\u00e7in anlaml\u0131 bir hediyedir.<\/p>\n<ul>\n<li><strong>Malzeme:<\/strong> 22 Ayar Alt\u0131n (91,6% Saf Alt\u0131n)<\/li>\n<li><strong>Hallmark:\u00a0<\/strong>\u0130ngiliz Damgas\u0131<\/li>\n<li><strong>Br\u00fct A\u011f\u0131rl\u0131k: <\/strong>3.9 Gms<\/li>\n<li><b>Boyut: <\/b>Ayarlanabilir<\/li>\n<li><strong>SKU: <\/strong>54777, 54778<\/li>\n<\/ul>\n<p>&nbsp;<\/p>\n<p><strong>Fiyat ve Teslimat:\u00a0<\/strong>KDV ve teslimat \u00fccretleri dahil<br \/>\n<strong><a href=\"https:\/\/www.purejewels.com\/tr\/i%cc%87ade-poli%cc%87ti%cc%87kasi\/\">\u0130ade Politikas\u0131<\/a><\/strong><\/p>\n<p>&nbsp;<\/p>","protected":false},"featured_media":428500,"comment_status":"closed","ping_status":"closed","template":"","meta":{"_eb_attr":"","_crsspst_to_jayantr4sg-hostcom":true},"product_brand":[],"product_cat":[5677,1576,1233,1229,252,1526,1436,5349],"product_tag":[1546,5373],"class_list":{"0":"post-428503","1":"product","2":"type-product","3":"status-publish","4":"has-post-thumbnail","6":"product_cat-babys-gold-bangle","7":"product_cat-childrens-jewellery","8":"product_cat-gold-bangles","9":"product_cat-22ct-gold-jewellery","10":"product_cat-jali-collections","11":"product_cat-kids-bangles","12":"product_cat-kids-bracelet-kada","13":"product_cat-yellow-gold-jewellery","14":"product_tag-children","15":"product_tag-indian-gold-bangles-for-kids","17":"first","18":"instock","19":"featured","20":"taxable","21":"shipping-taxable","22":"purchasable","23":"product-type-simple","24":"add-to-wishlist-before_image"},"yoast_head":"<!-- This site is optimized with the Yoast SEO plugin v27.4 - https:\/\/yoast.com\/product\/yoast-seo-wordpress\/ -->\n<title>22ct Gold Textured Baby Bangle Adjustable Fit | PureJewels UK<\/title>\n<meta name=\"description\" content=\"Shop 22ct gold textured baby bangle with adjustable fit. Crafted for comfort and timeless gifting, perfect for newborns and special occasions.\" \/>\n<meta name=\"robots\" content=\"noindex, nofollow\" \/>\n<meta property=\"og:locale\" content=\"tr_TR\" \/>\n<meta property=\"og:type\" content=\"article\" \/>\n<meta property=\"og:title\" content=\"22ct Gold Textured Baby Bangle Adjustable Fit | PureJewels UK\" \/>\n<meta property=\"og:description\" content=\"Shop 22ct gold textured baby bangle with adjustable fit. Crafted for comfort and timeless gifting, perfect for newborns and special occasions.\" \/>\n<meta property=\"og:url\" content=\"https:\/\/www.purejewels.com\/tr\/urun\/22-ayar-altin-dokulu-ayarlanabilir-bebek-bilekligi-54777\/\" \/>\n<meta property=\"og:site_name\" content=\"PureJewels UK\" \/>\n<meta property=\"article:modified_time\" content=\"2026-04-16T05:54:40+00:00\" \/>\n<meta property=\"og:image\" content=\"https:\/\/static.purejewels.com\/wp-content\/uploads\/2026\/04\/sku-54778-side.jpg\" \/>\n\t<meta property=\"og:image:width\" content=\"1000\" \/>\n\t<meta property=\"og:image:height\" content=\"1000\" \/>\n\t<meta property=\"og:image:type\" content=\"image\/jpeg\" \/>\n<meta name=\"twitter:card\" content=\"summary_large_image\" \/>\n<meta name=\"twitter:label1\" content=\"Tahmini okuma s\u00fcresi\" \/>\n\t<meta name=\"twitter:data1\" content=\"1 dakika\" \/>\n<script type=\"application\/ld+json\" class=\"yoast-schema-graph\">{\"@context\":\"https:\\\/\\\/schema.org\",\"@graph\":[{\"@type\":[\"WebPage\",\"ItemPage\"],\"@id\":\"https:\\\/\\\/www.purejewels.com\\\/product\\\/22ct-gold-textured-baby-bangle-adjustable-fit-54777\\\/\",\"url\":\"https:\\\/\\\/www.purejewels.com\\\/product\\\/22ct-gold-textured-baby-bangle-adjustable-fit-54777\\\/\",\"name\":\"22ct Gold Textured Baby Bangle Adjustable Fit | PureJewels UK\",\"isPartOf\":{\"@id\":\"https:\\\/\\\/www.purejewels.com\\\/#website\"},\"primaryImageOfPage\":{\"@id\":\"https:\\\/\\\/www.purejewels.com\\\/product\\\/22ct-gold-textured-baby-bangle-adjustable-fit-54777\\\/#primaryimage\"},\"image\":{\"@id\":\"https:\\\/\\\/www.purejewels.com\\\/product\\\/22ct-gold-textured-baby-bangle-adjustable-fit-54777\\\/#primaryimage\"},\"thumbnailUrl\":\"https:\\\/\\\/static.purejewels.com\\\/wp-content\\\/uploads\\\/2026\\\/04\\\/sku-54778-side.jpg\",\"datePublished\":\"2026-02-16T05:58:47+00:00\",\"dateModified\":\"2026-04-16T05:54:40+00:00\",\"description\":\"Shop 22ct gold textured baby bangle with adjustable fit. Crafted for comfort and timeless gifting, perfect for newborns and special occasions.\",\"breadcrumb\":{\"@id\":\"https:\\\/\\\/www.purejewels.com\\\/product\\\/22ct-gold-textured-baby-bangle-adjustable-fit-54777\\\/#breadcrumb\"},\"inLanguage\":\"tr\",\"potentialAction\":[{\"@type\":\"ReadAction\",\"target\":[\"https:\\\/\\\/www.purejewels.com\\\/product\\\/22ct-gold-textured-baby-bangle-adjustable-fit-54777\\\/\"]}]},{\"@type\":\"ImageObject\",\"inLanguage\":\"tr\",\"@id\":\"https:\\\/\\\/www.purejewels.com\\\/product\\\/22ct-gold-textured-baby-bangle-adjustable-fit-54777\\\/#primaryimage\",\"url\":\"https:\\\/\\\/static.purejewels.com\\\/wp-content\\\/uploads\\\/2026\\\/04\\\/sku-54778-side.jpg\",\"contentUrl\":\"https:\\\/\\\/static.purejewels.com\\\/wp-content\\\/uploads\\\/2026\\\/04\\\/sku-54778-side.jpg\",\"width\":1000,\"height\":1000,\"caption\":\"Stacked from 12 images. Method=B (R=8,S=4)\"},{\"@type\":\"BreadcrumbList\",\"@id\":\"https:\\\/\\\/www.purejewels.com\\\/product\\\/22ct-gold-textured-baby-bangle-adjustable-fit-54777\\\/#breadcrumb\",\"itemListElement\":[{\"@type\":\"ListItem\",\"position\":1,\"name\":\"Home\",\"item\":\"https:\\\/\\\/www.purejewels.com\\\/\"},{\"@type\":\"ListItem\",\"position\":2,\"name\":\"Shop\",\"item\":\"https:\\\/\\\/www.purejewels.com\\\/shop\\\/\"},{\"@type\":\"ListItem\",\"position\":3,\"name\":\"22ct Gold Textured Baby Bangle | Adjustable Fit\"}]},{\"@type\":\"WebSite\",\"@id\":\"https:\\\/\\\/www.purejewels.com\\\/#website\",\"url\":\"https:\\\/\\\/www.purejewels.com\\\/\",\"name\":\"PureJewels UK\",\"description\":\"Share the Love\",\"publisher\":{\"@id\":\"https:\\\/\\\/www.purejewels.com\\\/#organization\"},\"potentialAction\":[{\"@type\":\"SearchAction\",\"target\":{\"@type\":\"EntryPoint\",\"urlTemplate\":\"https:\\\/\\\/www.purejewels.com\\\/?s={search_term_string}\"},\"query-input\":{\"@type\":\"PropertyValueSpecification\",\"valueRequired\":true,\"valueName\":\"search_term_string\"}}],\"inLanguage\":\"tr\"},{\"@type\":\"Organization\",\"@id\":\"https:\\\/\\\/www.purejewels.com\\\/#organization\",\"name\":\"PureJewels UK\",\"url\":\"https:\\\/\\\/www.purejewels.com\\\/\",\"logo\":{\"@type\":\"ImageObject\",\"inLanguage\":\"tr\",\"@id\":\"https:\\\/\\\/www.purejewels.com\\\/#\\\/schema\\\/logo\\\/image\\\/\",\"url\":\"https:\\\/\\\/static.purejewels.com\\\/wp-content\\\/uploads\\\/2020\\\/11\\\/Logo-PJ-New-1.png\",\"contentUrl\":\"https:\\\/\\\/static.purejewels.com\\\/wp-content\\\/uploads\\\/2020\\\/11\\\/Logo-PJ-New-1.png\",\"width\":150,\"height\":80,\"caption\":\"PureJewels UK\"},\"image\":{\"@id\":\"https:\\\/\\\/www.purejewels.com\\\/#\\\/schema\\\/logo\\\/image\\\/\"}}]}<\/script>\n<!-- \/ Yoast SEO plugin. -->","yoast_head_json":{"title":"22 Ayar Alt\u0131n Dokulu Bebek Bilekli\u011fi Ayarlanabilir Fit | PureJewels UK","description":"Ayarlanabilir 22 ayar alt\u0131n dokulu bebek bilekli\u011fi sat\u0131n al\u0131n. Yeni do\u011fanlar ve \u00f6zel g\u00fcnler i\u00e7in m\u00fckemmel, rahatl\u0131k ve zamans\u0131z hediye i\u00e7in \u00fcretilmi\u015ftir.","robots":{"index":"noindex","follow":"nofollow"},"og_locale":"tr_TR","og_type":"article","og_title":"22ct Gold Textured Baby Bangle Adjustable Fit | PureJewels UK","og_description":"Shop 22ct gold textured baby bangle with adjustable fit. Crafted for comfort and timeless gifting, perfect for newborns and special occasions.","og_url":"https:\/\/www.purejewels.com\/tr\/urun\/22-ayar-altin-dokulu-ayarlanabilir-bebek-bilekligi-54777\/","og_site_name":"PureJewels UK","article_modified_time":"2026-04-16T05:54:40+00:00","og_image":[{"width":1000,"height":1000,"url":"https:\/\/static.purejewels.com\/wp-content\/uploads\/2026\/04\/sku-54778-side.jpg","type":"image\/jpeg"}],"twitter_card":"summary_large_image","twitter_misc":{"Tahmini okuma s\u00fcresi":"1 dakika"},"schema":{"@context":"https:\/\/schema.org","@graph":[{"@type":["WebPage","ItemPage"],"@id":"https:\/\/www.purejewels.com\/product\/22ct-gold-textured-baby-bangle-adjustable-fit-54777\/","url":"https:\/\/www.purejewels.com\/product\/22ct-gold-textured-baby-bangle-adjustable-fit-54777\/","name":"22 Ayar Alt\u0131n Dokulu Bebek Bilekli\u011fi Ayarlanabilir Fit | PureJewels UK","isPartOf":{"@id":"https:\/\/www.purejewels.com\/#website"},"primaryImageOfPage":{"@id":"https:\/\/www.purejewels.com\/product\/22ct-gold-textured-baby-bangle-adjustable-fit-54777\/#primaryimage"},"image":{"@id":"https:\/\/www.purejewels.com\/product\/22ct-gold-textured-baby-bangle-adjustable-fit-54777\/#primaryimage"},"thumbnailUrl":"https:\/\/static.purejewels.com\/wp-content\/uploads\/2026\/04\/sku-54778-side.jpg","datePublished":"2026-02-16T05:58:47+00:00","dateModified":"2026-04-16T05:54:40+00:00","description":"Ayarlanabilir 22 ayar alt\u0131n dokulu bebek bilekli\u011fi sat\u0131n al\u0131n. Yeni do\u011fanlar ve \u00f6zel g\u00fcnler i\u00e7in m\u00fckemmel, rahatl\u0131k ve zamans\u0131z hediye i\u00e7in \u00fcretilmi\u015ftir.","breadcrumb":{"@id":"https:\/\/www.purejewels.com\/product\/22ct-gold-textured-baby-bangle-adjustable-fit-54777\/#breadcrumb"},"inLanguage":"tr","potentialAction":[{"@type":"ReadAction","target":["https:\/\/www.purejewels.com\/product\/22ct-gold-textured-baby-bangle-adjustable-fit-54777\/"]}]},{"@type":"ImageObject","inLanguage":"tr","@id":"https:\/\/www.purejewels.com\/product\/22ct-gold-textured-baby-bangle-adjustable-fit-54777\/#primaryimage","url":"https:\/\/static.purejewels.com\/wp-content\/uploads\/2026\/04\/sku-54778-side.jpg","contentUrl":"https:\/\/static.purejewels.com\/wp-content\/uploads\/2026\/04\/sku-54778-side.jpg","width":1000,"height":1000,"caption":"Stacked from 12 images. Method=B (R=8,S=4)"},{"@type":"BreadcrumbList","@id":"https:\/\/www.purejewels.com\/product\/22ct-gold-textured-baby-bangle-adjustable-fit-54777\/#breadcrumb","itemListElement":[{"@type":"ListItem","position":1,"name":"Home","item":"https:\/\/www.purejewels.com\/"},{"@type":"ListItem","position":2,"name":"Shop","item":"https:\/\/www.purejewels.com\/shop\/"},{"@type":"ListItem","position":3,"name":"22ct Gold Textured Baby Bangle | Adjustable Fit"}]},{"@type":"WebSite","@id":"https:\/\/www.purejewels.com\/#website","url":"https:\/\/www.purejewels.com\/","name":"PureJewels \u0130ngiltere","description":"Sevgiyi Payla\u015f\u0131n","publisher":{"@id":"https:\/\/www.purejewels.com\/#organization"},"potentialAction":[{"@type":"SearchAction","target":{"@type":"EntryPoint","urlTemplate":"https:\/\/www.purejewels.com\/?s={search_term_string}"},"query-input":{"@type":"PropertyValueSpecification","valueRequired":true,"valueName":"search_term_string"}}],"inLanguage":"tr"},{"@type":"Organization","@id":"https:\/\/www.purejewels.com\/#organization","name":"PureJewels \u0130ngiltere","url":"https:\/\/www.purejewels.com\/","logo":{"@type":"ImageObject","inLanguage":"tr","@id":"https:\/\/www.purejewels.com\/#\/schema\/logo\/image\/","url":"https:\/\/static.purejewels.com\/wp-content\/uploads\/2020\/11\/Logo-PJ-New-1.png","contentUrl":"https:\/\/static.purejewels.com\/wp-content\/uploads\/2020\/11\/Logo-PJ-New-1.png","width":150,"height":80,"caption":"PureJewels UK"},"image":{"@id":"https:\/\/www.purejewels.com\/#\/schema\/logo\/image\/"}}]}},"_links":{"self":[{"href":"https:\/\/www.purejewels.com\/tr\/wp-json\/wp\/v2\/product\/428503","targetHints":{"allow":["GET"]}}],"collection":[{"href":"https:\/\/www.purejewels.com\/tr\/wp-json\/wp\/v2\/product"}],"about":[{"href":"https:\/\/www.purejewels.com\/tr\/wp-json\/wp\/v2\/types\/product"}],"replies":[{"embeddable":true,"href":"https:\/\/www.purejewels.com\/tr\/wp-json\/wp\/v2\/comments?post=428503"}],"version-history":[{"count":1,"href":"https:\/\/www.purejewels.com\/tr\/wp-json\/wp\/v2\/product\/428503\/revisions"}],"predecessor-version":[{"id":428504,"href":"https:\/\/www.purejewels.com\/tr\/wp-json\/wp\/v2\/product\/428503\/revisions\/428504"}],"wp:featuredmedia":[{"embeddable":true,"href":"https:\/\/www.purejewels.com\/tr\/wp-json\/wp\/v2\/media\/428500"}],"wp:attachment":[{"href":"https:\/\/www.purejewels.com\/tr\/wp-json\/wp\/v2\/media?parent=428503"}],"wp:term":[{"taxonomy":"product_brand","embeddable":true,"href":"https:\/\/www.purejewels.com\/tr\/wp-json\/wp\/v2\/product_brand?post=428503"},{"taxonomy":"product_cat","embeddable":true,"href":"https:\/\/www.purejewels.com\/tr\/wp-json\/wp\/v2\/product_cat?post=428503"},{"taxonomy":"product_tag","embeddable":true,"href":"https:\/\/www.purejewels.com\/tr\/wp-json\/wp\/v2\/product_tag?post=428503"}],"curies":[{"name":"wp","href":"https:\/\/api.w.org\/{rel}","templated":true}]}}