{"id":428505,"date":"2026-01-16T06:14:17","date_gmt":"2026-01-16T06:14:17","guid":{"rendered":"https:\/\/www.purejewels.com\/?post_type=product&#038;p=428505"},"modified":"2026-04-16T06:57:03","modified_gmt":"2026-04-16T05:57:03","slug":"22-ayar-altin-burgulu-dokulu-ayarlanabilir-bebek-bilekligi-53749","status":"publish","type":"product","link":"https:\/\/www.purejewels.com\/tr\/product\/22ct-gold-twisted-textured-baby-bangle-adjustable-53749\/","title":{"rendered":"22 Ayar Alt\u0131n B\u00fck\u00fcml\u00fc Dokulu Bebek Bilekli\u011fi | Ayarlanabilir"},"content":{"rendered":"<p data-start=\"835\" data-end=\"1219\"><strong data-start=\"835\" data-end=\"853\">Tasar\u0131m Konsepti<\/strong><br data-start=\"853\" data-end=\"856\" \/>Zarif k\u0131vr\u0131ml\u0131 formu bile\u011fin etraf\u0131nda kusursuzca akarak s\u00fcreklili\u011fi, b\u00fcy\u00fcmeyi ve ileriye do\u011fru yolculu\u011fu simgeler. Bu yumu\u015fak spiral tasar\u0131m hareket ve ritim sunarken, dokulu kaplama \u0131\u015f\u0131\u011f\u0131 nazik bir parlakl\u0131kla yans\u0131t\u0131r. B\u00fck\u00fcm ve dokunun etkile\u015fimi, hem e\u011flenceli hem de zarif bir par\u00e7a yarat\u0131r; bir \u00e7ocu\u011fun ilk s\u00fcslemesi i\u00e7in m\u00fckemmeldir.<\/p>\n<p data-start=\"1221\" data-end=\"1549\"><strong data-start=\"1221\" data-end=\"1238\">Zanaatkarl\u0131k<\/strong><br data-start=\"1238\" data-end=\"1241\" \/>Hassasiyetle el yap\u0131m\u0131 olan bu bileklik, PureJewels'in geleneksel i\u015f\u00e7ili\u011fe olan ba\u011fl\u0131l\u0131\u011f\u0131n\u0131 sergiliyor. B\u00fck\u00fclm\u00fc\u015f dokusu, hassas ciltler i\u00e7in uygun, p\u00fcr\u00fczs\u00fcz ve rahat bir y\u00fczey sa\u011flamak \u00fczere \u00f6zenle \u015fekillendirilmi\u015ftir. Ayarlanabilir tasar\u0131m\u0131 esnek bir uyum sa\u011flayarak \u00e7ocuk b\u00fcy\u00fcd\u00fck\u00e7e hem g\u00fcvenlik hem de kolayl\u0131k sa\u011flar.<\/p>\n<p data-start=\"1708\" data-end=\"2004\"><strong data-start=\"1708\" data-end=\"1725\">Stil Fikirleri<\/strong><br data-start=\"1725\" data-end=\"1728\" \/>\u0130sim verme t\u00f6renleri, do\u011fum g\u00fcnleri veya de\u011ferli d\u00f6n\u00fcm noktalar\u0131 i\u00e7in ideal olan bu bebek bilekli\u011fi, yumu\u015fak ve zarif bir g\u00f6r\u00fcn\u00fcm i\u00e7in tek ba\u015f\u0131na tak\u0131labilir veya daha geleneksel bir tarz i\u00e7in ikinci bir par\u00e7a ile e\u015fle\u015ftirilebilir. S\u0131cak alt\u0131n \u0131\u015f\u0131lt\u0131s\u0131 her duruma uyum sa\u011flayarak onu \u00e7ok y\u00f6nl\u00fc ve anlaml\u0131 bir hediye haline getirir.<\/p>\n<p data-start=\"2006\" data-end=\"2101\" data-is-last-node=\"\" data-is-only-node=\"\">\u00d6m\u00fcr boyu s\u00fcrecek bir yolculu\u011fun ilk ad\u0131mlar\u0131na e\u015flik etmek \u00fczere haz\u0131rlanm\u0131\u015f g\u00fczel bir sevgi ifadesi.<\/p>","protected":false},"excerpt":{"rendered":"<p>B\u00fck\u00fclm\u00fc\u015f dokulu tasar\u0131ma ve ayarlanabilir uyuma sahip zarif 22 ayar alt\u0131n bebek bilekli\u011fi. Konfor i\u00e7in \u00f6zenle \u00fcretilmi\u015ftir ve k\u00fc\u00e7\u00fckler i\u00e7in zamans\u0131z bir hediyedir.<\/p>\n<ul>\n<li><strong>Malzeme:<\/strong> 22 Ayar Alt\u0131n (91,6% Saf Alt\u0131n)<\/li>\n<li><strong>Hallmark:\u00a0<\/strong>\u0130ngiliz Damgas\u0131<\/li>\n<li><strong>Br\u00fct A\u011f\u0131rl\u0131k: <\/strong>5 Gms<\/li>\n<li><b>Boyut: <\/b>Ayarlanabilir<\/li>\n<li><strong>SKU: <\/strong>53746, 53747, 54784, 54785, 54786, 54788, 54789, 53749<\/li>\n<\/ul>\n<p>&nbsp;<\/p>\n<p><strong>Fiyat ve Teslimat:\u00a0<\/strong>KDV ve teslimat \u00fccretleri dahil<br \/>\n<strong><a href=\"https:\/\/www.purejewels.com\/tr\/i%cc%87ade-poli%cc%87ti%cc%87kasi\/\">\u0130ade Politikas\u0131<\/a><\/strong><\/p>\n<p>&nbsp;<\/p>","protected":false},"featured_media":428506,"comment_status":"closed","ping_status":"closed","template":"","meta":{"_eb_attr":"","_crsspst_to_jayantr4sg-hostcom":true},"product_brand":[],"product_cat":[5677,1576,1233,1229,252,1526,1436,5349],"product_tag":[1546,5373],"class_list":{"0":"post-428505","1":"product","2":"type-product","3":"status-publish","4":"has-post-thumbnail","6":"product_cat-babys-gold-bangle","7":"product_cat-childrens-jewellery","8":"product_cat-gold-bangles","9":"product_cat-22ct-gold-jewellery","10":"product_cat-jali-collections","11":"product_cat-kids-bangles","12":"product_cat-kids-bracelet-kada","13":"product_cat-yellow-gold-jewellery","14":"product_tag-children","15":"product_tag-indian-gold-bangles-for-kids","17":"first","18":"instock","19":"featured","20":"taxable","21":"shipping-taxable","22":"purchasable","23":"product-type-simple","24":"add-to-wishlist-before_image"},"yoast_head":"<!-- This site is optimized with the Yoast SEO plugin v27.4 - https:\/\/yoast.com\/product\/yoast-seo-wordpress\/ -->\n<title>Shop online 22ct Gold Twisted Textured Baby Bangle Adjustable<\/title>\n<meta name=\"description\" content=\"Explore our 22ct gold twisted textured baby bangle with adjustable fit. Crafted for comfort and elegance, perfect for newborn gifting.\" \/>\n<meta name=\"robots\" content=\"noindex, nofollow\" \/>\n<meta property=\"og:locale\" content=\"tr_TR\" \/>\n<meta property=\"og:type\" content=\"article\" \/>\n<meta property=\"og:title\" content=\"Shop online 22ct Gold Twisted Textured Baby Bangle Adjustable\" \/>\n<meta property=\"og:description\" content=\"Explore our 22ct gold twisted textured baby bangle with adjustable fit. Crafted for comfort and elegance, perfect for newborn gifting.\" \/>\n<meta property=\"og:url\" content=\"https:\/\/www.purejewels.com\/tr\/urun\/22-ayar-altin-burgulu-dokulu-ayarlanabilir-bebek-bilekligi-53749\/\" \/>\n<meta property=\"og:site_name\" content=\"PureJewels UK\" \/>\n<meta property=\"article:modified_time\" content=\"2026-04-16T05:57:03+00:00\" \/>\n<meta property=\"og:image\" content=\"https:\/\/static.purejewels.com\/wp-content\/uploads\/2026\/04\/sku-54789-side.jpg\" \/>\n\t<meta property=\"og:image:width\" content=\"1000\" \/>\n\t<meta property=\"og:image:height\" content=\"1000\" \/>\n\t<meta property=\"og:image:type\" content=\"image\/jpeg\" \/>\n<meta name=\"twitter:card\" content=\"summary_large_image\" \/>\n<meta name=\"twitter:label1\" content=\"Tahmini okuma s\u00fcresi\" \/>\n\t<meta name=\"twitter:data1\" content=\"1 dakika\" \/>\n<script type=\"application\/ld+json\" class=\"yoast-schema-graph\">{\"@context\":\"https:\\\/\\\/schema.org\",\"@graph\":[{\"@type\":[\"WebPage\",\"ItemPage\"],\"@id\":\"https:\\\/\\\/www.purejewels.com\\\/product\\\/22ct-gold-twisted-textured-baby-bangle-adjustable-53749\\\/\",\"url\":\"https:\\\/\\\/www.purejewels.com\\\/product\\\/22ct-gold-twisted-textured-baby-bangle-adjustable-53749\\\/\",\"name\":\"Shop online 22ct Gold Twisted Textured Baby Bangle Adjustable\",\"isPartOf\":{\"@id\":\"https:\\\/\\\/www.purejewels.com\\\/#website\"},\"primaryImageOfPage\":{\"@id\":\"https:\\\/\\\/www.purejewels.com\\\/product\\\/22ct-gold-twisted-textured-baby-bangle-adjustable-53749\\\/#primaryimage\"},\"image\":{\"@id\":\"https:\\\/\\\/www.purejewels.com\\\/product\\\/22ct-gold-twisted-textured-baby-bangle-adjustable-53749\\\/#primaryimage\"},\"thumbnailUrl\":\"https:\\\/\\\/static.purejewels.com\\\/wp-content\\\/uploads\\\/2026\\\/04\\\/sku-54789-side.jpg\",\"datePublished\":\"2026-01-16T06:14:17+00:00\",\"dateModified\":\"2026-04-16T05:57:03+00:00\",\"description\":\"Explore our 22ct gold twisted textured baby bangle with adjustable fit. Crafted for comfort and elegance, perfect for newborn gifting.\",\"breadcrumb\":{\"@id\":\"https:\\\/\\\/www.purejewels.com\\\/product\\\/22ct-gold-twisted-textured-baby-bangle-adjustable-53749\\\/#breadcrumb\"},\"inLanguage\":\"tr\",\"potentialAction\":[{\"@type\":\"ReadAction\",\"target\":[\"https:\\\/\\\/www.purejewels.com\\\/product\\\/22ct-gold-twisted-textured-baby-bangle-adjustable-53749\\\/\"]}]},{\"@type\":\"ImageObject\",\"inLanguage\":\"tr\",\"@id\":\"https:\\\/\\\/www.purejewels.com\\\/product\\\/22ct-gold-twisted-textured-baby-bangle-adjustable-53749\\\/#primaryimage\",\"url\":\"https:\\\/\\\/static.purejewels.com\\\/wp-content\\\/uploads\\\/2026\\\/04\\\/sku-54789-side.jpg\",\"contentUrl\":\"https:\\\/\\\/static.purejewels.com\\\/wp-content\\\/uploads\\\/2026\\\/04\\\/sku-54789-side.jpg\",\"width\":1000,\"height\":1000,\"caption\":\"Stacked from 12 images. Method=B (R=8,S=4)\"},{\"@type\":\"BreadcrumbList\",\"@id\":\"https:\\\/\\\/www.purejewels.com\\\/product\\\/22ct-gold-twisted-textured-baby-bangle-adjustable-53749\\\/#breadcrumb\",\"itemListElement\":[{\"@type\":\"ListItem\",\"position\":1,\"name\":\"Home\",\"item\":\"https:\\\/\\\/www.purejewels.com\\\/\"},{\"@type\":\"ListItem\",\"position\":2,\"name\":\"Shop\",\"item\":\"https:\\\/\\\/www.purejewels.com\\\/shop\\\/\"},{\"@type\":\"ListItem\",\"position\":3,\"name\":\"22ct Gold Twisted Textured Baby Bangle | Adjustable\"}]},{\"@type\":\"WebSite\",\"@id\":\"https:\\\/\\\/www.purejewels.com\\\/#website\",\"url\":\"https:\\\/\\\/www.purejewels.com\\\/\",\"name\":\"PureJewels UK\",\"description\":\"Share the Love\",\"publisher\":{\"@id\":\"https:\\\/\\\/www.purejewels.com\\\/#organization\"},\"potentialAction\":[{\"@type\":\"SearchAction\",\"target\":{\"@type\":\"EntryPoint\",\"urlTemplate\":\"https:\\\/\\\/www.purejewels.com\\\/?s={search_term_string}\"},\"query-input\":{\"@type\":\"PropertyValueSpecification\",\"valueRequired\":true,\"valueName\":\"search_term_string\"}}],\"inLanguage\":\"tr\"},{\"@type\":\"Organization\",\"@id\":\"https:\\\/\\\/www.purejewels.com\\\/#organization\",\"name\":\"PureJewels UK\",\"url\":\"https:\\\/\\\/www.purejewels.com\\\/\",\"logo\":{\"@type\":\"ImageObject\",\"inLanguage\":\"tr\",\"@id\":\"https:\\\/\\\/www.purejewels.com\\\/#\\\/schema\\\/logo\\\/image\\\/\",\"url\":\"https:\\\/\\\/static.purejewels.com\\\/wp-content\\\/uploads\\\/2020\\\/11\\\/Logo-PJ-New-1.png\",\"contentUrl\":\"https:\\\/\\\/static.purejewels.com\\\/wp-content\\\/uploads\\\/2020\\\/11\\\/Logo-PJ-New-1.png\",\"width\":150,\"height\":80,\"caption\":\"PureJewels UK\"},\"image\":{\"@id\":\"https:\\\/\\\/www.purejewels.com\\\/#\\\/schema\\\/logo\\\/image\\\/\"}}]}<\/script>\n<!-- \/ Yoast SEO plugin. -->","yoast_head_json":{"title":"Online al\u0131\u015fveri\u015f 22 Ayar Alt\u0131n B\u00fck\u00fclm\u00fc\u015f Dokulu Bebek Bilekli\u011fi Ayarlanabilir","description":"Ayarlanabilir 22 ayar alt\u0131n burgulu dokulu bebek bilekli\u011fimizi ke\u015ffedin. Rahatl\u0131k ve \u015f\u0131kl\u0131k i\u00e7in \u00fcretilmi\u015ftir, yeni do\u011fan hediyeleri i\u00e7in m\u00fckemmeldir.","robots":{"index":"noindex","follow":"nofollow"},"og_locale":"tr_TR","og_type":"article","og_title":"Shop online 22ct Gold Twisted Textured Baby Bangle Adjustable","og_description":"Explore our 22ct gold twisted textured baby bangle with adjustable fit. Crafted for comfort and elegance, perfect for newborn gifting.","og_url":"https:\/\/www.purejewels.com\/tr\/urun\/22-ayar-altin-burgulu-dokulu-ayarlanabilir-bebek-bilekligi-53749\/","og_site_name":"PureJewels UK","article_modified_time":"2026-04-16T05:57:03+00:00","og_image":[{"width":1000,"height":1000,"url":"https:\/\/static.purejewels.com\/wp-content\/uploads\/2026\/04\/sku-54789-side.jpg","type":"image\/jpeg"}],"twitter_card":"summary_large_image","twitter_misc":{"Tahmini okuma s\u00fcresi":"1 dakika"},"schema":{"@context":"https:\/\/schema.org","@graph":[{"@type":["WebPage","ItemPage"],"@id":"https:\/\/www.purejewels.com\/product\/22ct-gold-twisted-textured-baby-bangle-adjustable-53749\/","url":"https:\/\/www.purejewels.com\/product\/22ct-gold-twisted-textured-baby-bangle-adjustable-53749\/","name":"Online al\u0131\u015fveri\u015f 22 Ayar Alt\u0131n B\u00fck\u00fclm\u00fc\u015f Dokulu Bebek Bilekli\u011fi Ayarlanabilir","isPartOf":{"@id":"https:\/\/www.purejewels.com\/#website"},"primaryImageOfPage":{"@id":"https:\/\/www.purejewels.com\/product\/22ct-gold-twisted-textured-baby-bangle-adjustable-53749\/#primaryimage"},"image":{"@id":"https:\/\/www.purejewels.com\/product\/22ct-gold-twisted-textured-baby-bangle-adjustable-53749\/#primaryimage"},"thumbnailUrl":"https:\/\/static.purejewels.com\/wp-content\/uploads\/2026\/04\/sku-54789-side.jpg","datePublished":"2026-01-16T06:14:17+00:00","dateModified":"2026-04-16T05:57:03+00:00","description":"Ayarlanabilir 22 ayar alt\u0131n burgulu dokulu bebek bilekli\u011fimizi ke\u015ffedin. Rahatl\u0131k ve \u015f\u0131kl\u0131k i\u00e7in \u00fcretilmi\u015ftir, yeni do\u011fan hediyeleri i\u00e7in m\u00fckemmeldir.","breadcrumb":{"@id":"https:\/\/www.purejewels.com\/product\/22ct-gold-twisted-textured-baby-bangle-adjustable-53749\/#breadcrumb"},"inLanguage":"tr","potentialAction":[{"@type":"ReadAction","target":["https:\/\/www.purejewels.com\/product\/22ct-gold-twisted-textured-baby-bangle-adjustable-53749\/"]}]},{"@type":"ImageObject","inLanguage":"tr","@id":"https:\/\/www.purejewels.com\/product\/22ct-gold-twisted-textured-baby-bangle-adjustable-53749\/#primaryimage","url":"https:\/\/static.purejewels.com\/wp-content\/uploads\/2026\/04\/sku-54789-side.jpg","contentUrl":"https:\/\/static.purejewels.com\/wp-content\/uploads\/2026\/04\/sku-54789-side.jpg","width":1000,"height":1000,"caption":"Stacked from 12 images. Method=B (R=8,S=4)"},{"@type":"BreadcrumbList","@id":"https:\/\/www.purejewels.com\/product\/22ct-gold-twisted-textured-baby-bangle-adjustable-53749\/#breadcrumb","itemListElement":[{"@type":"ListItem","position":1,"name":"Home","item":"https:\/\/www.purejewels.com\/"},{"@type":"ListItem","position":2,"name":"Shop","item":"https:\/\/www.purejewels.com\/shop\/"},{"@type":"ListItem","position":3,"name":"22ct Gold Twisted Textured Baby Bangle | Adjustable"}]},{"@type":"WebSite","@id":"https:\/\/www.purejewels.com\/#website","url":"https:\/\/www.purejewels.com\/","name":"PureJewels \u0130ngiltere","description":"Sevgiyi Payla\u015f\u0131n","publisher":{"@id":"https:\/\/www.purejewels.com\/#organization"},"potentialAction":[{"@type":"SearchAction","target":{"@type":"EntryPoint","urlTemplate":"https:\/\/www.purejewels.com\/?s={search_term_string}"},"query-input":{"@type":"PropertyValueSpecification","valueRequired":true,"valueName":"search_term_string"}}],"inLanguage":"tr"},{"@type":"Organization","@id":"https:\/\/www.purejewels.com\/#organization","name":"PureJewels \u0130ngiltere","url":"https:\/\/www.purejewels.com\/","logo":{"@type":"ImageObject","inLanguage":"tr","@id":"https:\/\/www.purejewels.com\/#\/schema\/logo\/image\/","url":"https:\/\/static.purejewels.com\/wp-content\/uploads\/2020\/11\/Logo-PJ-New-1.png","contentUrl":"https:\/\/static.purejewels.com\/wp-content\/uploads\/2020\/11\/Logo-PJ-New-1.png","width":150,"height":80,"caption":"PureJewels UK"},"image":{"@id":"https:\/\/www.purejewels.com\/#\/schema\/logo\/image\/"}}]}},"_links":{"self":[{"href":"https:\/\/www.purejewels.com\/tr\/wp-json\/wp\/v2\/product\/428505","targetHints":{"allow":["GET"]}}],"collection":[{"href":"https:\/\/www.purejewels.com\/tr\/wp-json\/wp\/v2\/product"}],"about":[{"href":"https:\/\/www.purejewels.com\/tr\/wp-json\/wp\/v2\/types\/product"}],"replies":[{"embeddable":true,"href":"https:\/\/www.purejewels.com\/tr\/wp-json\/wp\/v2\/comments?post=428505"}],"version-history":[{"count":2,"href":"https:\/\/www.purejewels.com\/tr\/wp-json\/wp\/v2\/product\/428505\/revisions"}],"predecessor-version":[{"id":428515,"href":"https:\/\/www.purejewels.com\/tr\/wp-json\/wp\/v2\/product\/428505\/revisions\/428515"}],"wp:featuredmedia":[{"embeddable":true,"href":"https:\/\/www.purejewels.com\/tr\/wp-json\/wp\/v2\/media\/428506"}],"wp:attachment":[{"href":"https:\/\/www.purejewels.com\/tr\/wp-json\/wp\/v2\/media?parent=428505"}],"wp:term":[{"taxonomy":"product_brand","embeddable":true,"href":"https:\/\/www.purejewels.com\/tr\/wp-json\/wp\/v2\/product_brand?post=428505"},{"taxonomy":"product_cat","embeddable":true,"href":"https:\/\/www.purejewels.com\/tr\/wp-json\/wp\/v2\/product_cat?post=428505"},{"taxonomy":"product_tag","embeddable":true,"href":"https:\/\/www.purejewels.com\/tr\/wp-json\/wp\/v2\/product_tag?post=428505"}],"curies":[{"name":"wp","href":"https:\/\/api.w.org\/{rel}","templated":true}]}}