{"id":428509,"date":"2026-01-16T06:36:04","date_gmt":"2026-01-16T06:36:04","guid":{"rendered":"https:\/\/www.purejewels.com\/?post_type=product&#038;p=428509"},"modified":"2026-04-16T06:52:39","modified_gmt":"2026-04-16T05:52:39","slug":"22-ayar-altin-duz-bebek-bilekligi-55146","status":"publish","type":"product","link":"https:\/\/www.purejewels.com\/tr\/product\/22ct-gold-plain-baby-bangle-55146\/","title":{"rendered":"22 Ayar Alt\u0131n D\u00fcz Bebek Bilekli\u011fi"},"content":{"rendered":"<p data-start=\"854\" data-end=\"1192\"><strong data-start=\"854\" data-end=\"872\">Tasar\u0131m Konsepti<\/strong><br data-start=\"872\" data-end=\"875\" \/>Temiz, kesintisiz formuyla tan\u0131mlanan bu bileklik uyum, b\u00fct\u00fcnl\u00fck ve s\u00fcreklili\u011fi yans\u0131t\u0131r. P\u00fcr\u00fczs\u00fcz, cilal\u0131 y\u00fczeyi alt\u0131n\u0131n do\u011fal s\u0131cakl\u0131\u011f\u0131n\u0131n parlamas\u0131n\u0131 sa\u011flayarak yumu\u015fak, \u0131\u015f\u0131lt\u0131l\u0131 bir par\u0131lt\u0131 yarat\u0131r. S\u00fcslemeden ar\u0131nm\u0131\u015f tasar\u0131m, trendleri a\u015fan kal\u0131c\u0131 bir stil olan abart\u0131s\u0131z g\u00fczelli\u011fi ifade eder.<\/p>\n<p data-start=\"1194\" data-end=\"1526\"><strong data-start=\"1194\" data-end=\"1211\">Zanaatkarl\u0131k<\/strong><br data-start=\"1211\" data-end=\"1214\" \/>Ustal\u0131kla el yap\u0131m\u0131 olan bu bebek bilekli\u011fi, PureJewels'in hassasiyete ve miras kuyumculu\u011fa olan ba\u011fl\u0131l\u0131\u011f\u0131n\u0131 sergiliyor. Kusursuz bir y\u00fczey elde etmek i\u00e7in y\u00fczey titizlikle parlat\u0131lm\u0131\u015ft\u0131r ve hassas cilde kar\u015f\u0131 nazik bir his sa\u011flar. Sa\u011flam ancak hafif formu g\u00fcnl\u00fck kullan\u0131m i\u00e7in hem konfor hem de dayan\u0131kl\u0131l\u0131k sa\u011flar.<\/p>\n<p data-start=\"1666\" data-end=\"1973\"><strong data-start=\"1666\" data-end=\"1683\">Stil Fikirleri<\/strong><br data-start=\"1683\" data-end=\"1686\" \/>Yeni do\u011fan hediyeleri, isim koyma t\u00f6renleri veya do\u011fum g\u00fcnleri i\u00e7in ideal olan bu bileklik, minimal ve zarif bir g\u00f6r\u00fcn\u00fcm i\u00e7in tek ba\u015f\u0131na tak\u0131labilir veya geleneksel bir stil i\u00e7in ikinci bir par\u00e7ayla e\u015fle\u015ftirilebilir. Klasik tasar\u0131m\u0131 sayesinde g\u00fcnl\u00fck giyimden \u00f6zel g\u00fcnlere kadar her t\u00fcrl\u00fc k\u0131yafeti tamamlayacak kadar \u00e7ok y\u00f6nl\u00fcd\u00fcr.<\/p>","protected":false},"excerpt":{"rendered":"<p data-start=\"372\" data-end=\"526\">P\u00fcr\u00fczs\u00fcz, cilal\u0131 bir y\u00fczeye sahip, zamans\u0131z bir 22 ayar alt\u0131n d\u00fcz bebek bilekli\u011fi. G\u00fcnl\u00fck rahatl\u0131k i\u00e7in tasarlanan bu bileklik, k\u00fc\u00e7\u00fckler i\u00e7in klasik ve anlaml\u0131 bir hediyedir.<\/p>\n<ul>\n<li><strong>Malzeme:<\/strong> 22 Ayar Alt\u0131n (91,6% Saf Alt\u0131n)<\/li>\n<li><strong>Hallmark:\u00a0<\/strong>\u0130ngiliz Damgas\u0131<\/li>\n<li><strong>Br\u00fct A\u011f\u0131rl\u0131k: <\/strong>9.20 Gms<\/li>\n<li><b>Boyut: <\/b>1.10<\/li>\n<li><strong>SKU: <\/strong>55146<\/li>\n<\/ul>\n<p>&nbsp;<\/p>\n<p><strong>Fiyat ve Teslimat:\u00a0<\/strong>KDV ve teslimat \u00fccretleri dahil<br \/>\n<strong><a href=\"https:\/\/www.purejewels.com\/tr\/i%cc%87ade-poli%cc%87ti%cc%87kasi\/\">\u0130ade Politikas\u0131<\/a><\/strong><\/p>\n<p>&nbsp;<\/p>","protected":false},"featured_media":428510,"comment_status":"closed","ping_status":"closed","template":"","meta":{"_eb_attr":"","_crsspst_to_jayantr4sg-hostcom":true},"product_brand":[],"product_cat":[5677,1576,1233,1229,252,1526,1436,5349],"product_tag":[1546,5373],"class_list":{"0":"post-428509","1":"product","2":"type-product","3":"status-publish","4":"has-post-thumbnail","6":"product_cat-babys-gold-bangle","7":"product_cat-childrens-jewellery","8":"product_cat-gold-bangles","9":"product_cat-22ct-gold-jewellery","10":"product_cat-jali-collections","11":"product_cat-kids-bangles","12":"product_cat-kids-bracelet-kada","13":"product_cat-yellow-gold-jewellery","14":"product_tag-children","15":"product_tag-indian-gold-bangles-for-kids","17":"first","18":"instock","19":"featured","20":"taxable","21":"shipping-taxable","22":"purchasable","23":"product-type-simple","24":"add-to-wishlist-before_image"},"yoast_head":"<!-- This site is optimized with the Yoast SEO plugin v27.4 - https:\/\/yoast.com\/product\/yoast-seo-wordpress\/ -->\n<title>22ct Gold Plain Baby Bangle | Classic Gold Baby Kada UK<\/title>\n<meta name=\"description\" content=\"Shop 22ct gold plain baby bangle crafted in pure gold. A timeless, smooth finish design\u2014perfect for newborn gifting and special occasions.\" \/>\n<meta name=\"robots\" content=\"noindex, nofollow\" \/>\n<meta property=\"og:locale\" content=\"tr_TR\" \/>\n<meta property=\"og:type\" content=\"article\" \/>\n<meta property=\"og:title\" content=\"22ct Gold Plain Baby Bangle | Classic Gold Baby Kada UK\" \/>\n<meta property=\"og:description\" content=\"Shop 22ct gold plain baby bangle crafted in pure gold. A timeless, smooth finish design\u2014perfect for newborn gifting and special occasions.\" \/>\n<meta property=\"og:url\" content=\"https:\/\/www.purejewels.com\/tr\/urun\/22-ayar-altin-duz-bebek-bilekligi-55146\/\" \/>\n<meta property=\"og:site_name\" content=\"PureJewels UK\" \/>\n<meta property=\"article:modified_time\" content=\"2026-04-16T05:52:39+00:00\" \/>\n<meta property=\"og:image\" content=\"https:\/\/static.purejewels.com\/wp-content\/uploads\/2026\/04\/sku-55146-side.jpg\" \/>\n\t<meta property=\"og:image:width\" content=\"1000\" \/>\n\t<meta property=\"og:image:height\" content=\"1000\" \/>\n\t<meta property=\"og:image:type\" content=\"image\/jpeg\" \/>\n<meta name=\"twitter:card\" content=\"summary_large_image\" \/>\n<meta name=\"twitter:label1\" content=\"Tahmini okuma s\u00fcresi\" \/>\n\t<meta name=\"twitter:data1\" content=\"1 dakika\" \/>\n<script type=\"application\/ld+json\" class=\"yoast-schema-graph\">{\"@context\":\"https:\\\/\\\/schema.org\",\"@graph\":[{\"@type\":[\"WebPage\",\"ItemPage\"],\"@id\":\"https:\\\/\\\/www.purejewels.com\\\/product\\\/22ct-gold-plain-baby-bangle-55146\\\/\",\"url\":\"https:\\\/\\\/www.purejewels.com\\\/product\\\/22ct-gold-plain-baby-bangle-55146\\\/\",\"name\":\"22ct Gold Plain Baby Bangle | Classic Gold Baby Kada UK\",\"isPartOf\":{\"@id\":\"https:\\\/\\\/www.purejewels.com\\\/#website\"},\"primaryImageOfPage\":{\"@id\":\"https:\\\/\\\/www.purejewels.com\\\/product\\\/22ct-gold-plain-baby-bangle-55146\\\/#primaryimage\"},\"image\":{\"@id\":\"https:\\\/\\\/www.purejewels.com\\\/product\\\/22ct-gold-plain-baby-bangle-55146\\\/#primaryimage\"},\"thumbnailUrl\":\"https:\\\/\\\/static.purejewels.com\\\/wp-content\\\/uploads\\\/2026\\\/04\\\/sku-55146-side.jpg\",\"datePublished\":\"2026-01-16T06:36:04+00:00\",\"dateModified\":\"2026-04-16T05:52:39+00:00\",\"description\":\"Shop 22ct gold plain baby bangle crafted in pure gold. A timeless, smooth finish design\u2014perfect for newborn gifting and special occasions.\",\"breadcrumb\":{\"@id\":\"https:\\\/\\\/www.purejewels.com\\\/product\\\/22ct-gold-plain-baby-bangle-55146\\\/#breadcrumb\"},\"inLanguage\":\"tr\",\"potentialAction\":[{\"@type\":\"ReadAction\",\"target\":[\"https:\\\/\\\/www.purejewels.com\\\/product\\\/22ct-gold-plain-baby-bangle-55146\\\/\"]}]},{\"@type\":\"ImageObject\",\"inLanguage\":\"tr\",\"@id\":\"https:\\\/\\\/www.purejewels.com\\\/product\\\/22ct-gold-plain-baby-bangle-55146\\\/#primaryimage\",\"url\":\"https:\\\/\\\/static.purejewels.com\\\/wp-content\\\/uploads\\\/2026\\\/04\\\/sku-55146-side.jpg\",\"contentUrl\":\"https:\\\/\\\/static.purejewels.com\\\/wp-content\\\/uploads\\\/2026\\\/04\\\/sku-55146-side.jpg\",\"width\":1000,\"height\":1000,\"caption\":\"22ct Gold Plain Baby Bangle\"},{\"@type\":\"BreadcrumbList\",\"@id\":\"https:\\\/\\\/www.purejewels.com\\\/product\\\/22ct-gold-plain-baby-bangle-55146\\\/#breadcrumb\",\"itemListElement\":[{\"@type\":\"ListItem\",\"position\":1,\"name\":\"Home\",\"item\":\"https:\\\/\\\/www.purejewels.com\\\/\"},{\"@type\":\"ListItem\",\"position\":2,\"name\":\"Shop\",\"item\":\"https:\\\/\\\/www.purejewels.com\\\/shop\\\/\"},{\"@type\":\"ListItem\",\"position\":3,\"name\":\"22ct Gold Plain Baby Bangle\"}]},{\"@type\":\"WebSite\",\"@id\":\"https:\\\/\\\/www.purejewels.com\\\/#website\",\"url\":\"https:\\\/\\\/www.purejewels.com\\\/\",\"name\":\"PureJewels UK\",\"description\":\"Share the Love\",\"publisher\":{\"@id\":\"https:\\\/\\\/www.purejewels.com\\\/#organization\"},\"potentialAction\":[{\"@type\":\"SearchAction\",\"target\":{\"@type\":\"EntryPoint\",\"urlTemplate\":\"https:\\\/\\\/www.purejewels.com\\\/?s={search_term_string}\"},\"query-input\":{\"@type\":\"PropertyValueSpecification\",\"valueRequired\":true,\"valueName\":\"search_term_string\"}}],\"inLanguage\":\"tr\"},{\"@type\":\"Organization\",\"@id\":\"https:\\\/\\\/www.purejewels.com\\\/#organization\",\"name\":\"PureJewels UK\",\"url\":\"https:\\\/\\\/www.purejewels.com\\\/\",\"logo\":{\"@type\":\"ImageObject\",\"inLanguage\":\"tr\",\"@id\":\"https:\\\/\\\/www.purejewels.com\\\/#\\\/schema\\\/logo\\\/image\\\/\",\"url\":\"https:\\\/\\\/static.purejewels.com\\\/wp-content\\\/uploads\\\/2020\\\/11\\\/Logo-PJ-New-1.png\",\"contentUrl\":\"https:\\\/\\\/static.purejewels.com\\\/wp-content\\\/uploads\\\/2020\\\/11\\\/Logo-PJ-New-1.png\",\"width\":150,\"height\":80,\"caption\":\"PureJewels UK\"},\"image\":{\"@id\":\"https:\\\/\\\/www.purejewels.com\\\/#\\\/schema\\\/logo\\\/image\\\/\"}}]}<\/script>\n<!-- \/ Yoast SEO plugin. -->","yoast_head_json":{"title":"22 Ayar Alt\u0131n D\u00fcz Bebek Bilekli\u011fi | Klasik Alt\u0131n Bebek Kada \u0130ngiltere","description":"Saf alt\u0131ndan \u00fcretilmi\u015f 22 ayar alt\u0131n sade bebek bilekli\u011fi sat\u0131n al\u0131n. Yeni do\u011fan hediyeleri ve \u00f6zel g\u00fcnler i\u00e7in m\u00fckemmel, zamans\u0131z, p\u00fcr\u00fczs\u00fcz y\u00fczeyli bir tasar\u0131m.","robots":{"index":"noindex","follow":"nofollow"},"og_locale":"tr_TR","og_type":"article","og_title":"22ct Gold Plain Baby Bangle | Classic Gold Baby Kada UK","og_description":"Shop 22ct gold plain baby bangle crafted in pure gold. A timeless, smooth finish design\u2014perfect for newborn gifting and special occasions.","og_url":"https:\/\/www.purejewels.com\/tr\/urun\/22-ayar-altin-duz-bebek-bilekligi-55146\/","og_site_name":"PureJewels UK","article_modified_time":"2026-04-16T05:52:39+00:00","og_image":[{"width":1000,"height":1000,"url":"https:\/\/static.purejewels.com\/wp-content\/uploads\/2026\/04\/sku-55146-side.jpg","type":"image\/jpeg"}],"twitter_card":"summary_large_image","twitter_misc":{"Tahmini okuma s\u00fcresi":"1 dakika"},"schema":{"@context":"https:\/\/schema.org","@graph":[{"@type":["WebPage","ItemPage"],"@id":"https:\/\/www.purejewels.com\/product\/22ct-gold-plain-baby-bangle-55146\/","url":"https:\/\/www.purejewels.com\/product\/22ct-gold-plain-baby-bangle-55146\/","name":"22 Ayar Alt\u0131n D\u00fcz Bebek Bilekli\u011fi | Klasik Alt\u0131n Bebek Kada \u0130ngiltere","isPartOf":{"@id":"https:\/\/www.purejewels.com\/#website"},"primaryImageOfPage":{"@id":"https:\/\/www.purejewels.com\/product\/22ct-gold-plain-baby-bangle-55146\/#primaryimage"},"image":{"@id":"https:\/\/www.purejewels.com\/product\/22ct-gold-plain-baby-bangle-55146\/#primaryimage"},"thumbnailUrl":"https:\/\/static.purejewels.com\/wp-content\/uploads\/2026\/04\/sku-55146-side.jpg","datePublished":"2026-01-16T06:36:04+00:00","dateModified":"2026-04-16T05:52:39+00:00","description":"Saf alt\u0131ndan \u00fcretilmi\u015f 22 ayar alt\u0131n sade bebek bilekli\u011fi sat\u0131n al\u0131n. Yeni do\u011fan hediyeleri ve \u00f6zel g\u00fcnler i\u00e7in m\u00fckemmel, zamans\u0131z, p\u00fcr\u00fczs\u00fcz y\u00fczeyli bir tasar\u0131m.","breadcrumb":{"@id":"https:\/\/www.purejewels.com\/product\/22ct-gold-plain-baby-bangle-55146\/#breadcrumb"},"inLanguage":"tr","potentialAction":[{"@type":"ReadAction","target":["https:\/\/www.purejewels.com\/product\/22ct-gold-plain-baby-bangle-55146\/"]}]},{"@type":"ImageObject","inLanguage":"tr","@id":"https:\/\/www.purejewels.com\/product\/22ct-gold-plain-baby-bangle-55146\/#primaryimage","url":"https:\/\/static.purejewels.com\/wp-content\/uploads\/2026\/04\/sku-55146-side.jpg","contentUrl":"https:\/\/static.purejewels.com\/wp-content\/uploads\/2026\/04\/sku-55146-side.jpg","width":1000,"height":1000,"caption":"22ct Gold Plain Baby Bangle"},{"@type":"BreadcrumbList","@id":"https:\/\/www.purejewels.com\/product\/22ct-gold-plain-baby-bangle-55146\/#breadcrumb","itemListElement":[{"@type":"ListItem","position":1,"name":"Home","item":"https:\/\/www.purejewels.com\/"},{"@type":"ListItem","position":2,"name":"Shop","item":"https:\/\/www.purejewels.com\/shop\/"},{"@type":"ListItem","position":3,"name":"22ct Gold Plain Baby Bangle"}]},{"@type":"WebSite","@id":"https:\/\/www.purejewels.com\/#website","url":"https:\/\/www.purejewels.com\/","name":"PureJewels \u0130ngiltere","description":"Sevgiyi Payla\u015f\u0131n","publisher":{"@id":"https:\/\/www.purejewels.com\/#organization"},"potentialAction":[{"@type":"SearchAction","target":{"@type":"EntryPoint","urlTemplate":"https:\/\/www.purejewels.com\/?s={search_term_string}"},"query-input":{"@type":"PropertyValueSpecification","valueRequired":true,"valueName":"search_term_string"}}],"inLanguage":"tr"},{"@type":"Organization","@id":"https:\/\/www.purejewels.com\/#organization","name":"PureJewels \u0130ngiltere","url":"https:\/\/www.purejewels.com\/","logo":{"@type":"ImageObject","inLanguage":"tr","@id":"https:\/\/www.purejewels.com\/#\/schema\/logo\/image\/","url":"https:\/\/static.purejewels.com\/wp-content\/uploads\/2020\/11\/Logo-PJ-New-1.png","contentUrl":"https:\/\/static.purejewels.com\/wp-content\/uploads\/2020\/11\/Logo-PJ-New-1.png","width":150,"height":80,"caption":"PureJewels UK"},"image":{"@id":"https:\/\/www.purejewels.com\/#\/schema\/logo\/image\/"}}]}},"_links":{"self":[{"href":"https:\/\/www.purejewels.com\/tr\/wp-json\/wp\/v2\/product\/428509","targetHints":{"allow":["GET"]}}],"collection":[{"href":"https:\/\/www.purejewels.com\/tr\/wp-json\/wp\/v2\/product"}],"about":[{"href":"https:\/\/www.purejewels.com\/tr\/wp-json\/wp\/v2\/types\/product"}],"replies":[{"embeddable":true,"href":"https:\/\/www.purejewels.com\/tr\/wp-json\/wp\/v2\/comments?post=428509"}],"version-history":[{"count":1,"href":"https:\/\/www.purejewels.com\/tr\/wp-json\/wp\/v2\/product\/428509\/revisions"}],"predecessor-version":[{"id":428512,"href":"https:\/\/www.purejewels.com\/tr\/wp-json\/wp\/v2\/product\/428509\/revisions\/428512"}],"wp:featuredmedia":[{"embeddable":true,"href":"https:\/\/www.purejewels.com\/tr\/wp-json\/wp\/v2\/media\/428510"}],"wp:attachment":[{"href":"https:\/\/www.purejewels.com\/tr\/wp-json\/wp\/v2\/media?parent=428509"}],"wp:term":[{"taxonomy":"product_brand","embeddable":true,"href":"https:\/\/www.purejewels.com\/tr\/wp-json\/wp\/v2\/product_brand?post=428509"},{"taxonomy":"product_cat","embeddable":true,"href":"https:\/\/www.purejewels.com\/tr\/wp-json\/wp\/v2\/product_cat?post=428509"},{"taxonomy":"product_tag","embeddable":true,"href":"https:\/\/www.purejewels.com\/tr\/wp-json\/wp\/v2\/product_tag?post=428509"}],"curies":[{"name":"wp","href":"https:\/\/api.w.org\/{rel}","templated":true}]}}