{"id":428525,"date":"2026-01-16T07:58:38","date_gmt":"2026-01-16T07:58:38","guid":{"rendered":"https:\/\/www.purejewels.com\/?post_type=product&#038;p=428525"},"modified":"2026-04-16T08:36:27","modified_gmt":"2026-04-16T07:36:27","slug":"22-ayar-altin-geleneksel-armari-kolye-55136","status":"publish","type":"product","link":"https:\/\/www.purejewels.com\/tr\/product\/22ct-gold-traditional-armari-necklace-55136\/","title":{"rendered":"22 Ayar Alt\u0131n Geleneksel Armari Kolye"},"content":{"rendered":"<p data-start=\"832\" data-end=\"1164\"><strong data-start=\"832\" data-end=\"850\">Tasar\u0131m Konsepti<\/strong><br data-start=\"850\" data-end=\"853\" \/>Klasik Armari desenlerinden esinlenen kolye, her biri incelikle \u00e7er\u00e7evelenmi\u015f ve ak\u0131c\u0131 bir siluet olu\u015fturacak \u015fekilde birbirine ba\u011flanm\u0131\u015f dairesel motiflerin ritmik bir d\u00fczenlemesine sahiptir. Basamakl\u0131 damla unsurlar\u0131 hareket ve zarafet hissi yarat\u0131rken, simetrik kompozisyon tasar\u0131ma denge ve uyum getiriyor.<\/p>\n<p data-start=\"1166\" data-end=\"1320\">Bu form ve detay etkile\u015fimi kolyeye hem \u00e7arp\u0131c\u0131 hem de zarif bir duru\u015f kazand\u0131rarak her m\u00fccevher koleksiyonu i\u00e7in zamans\u0131z bir eklenti haline getiriyor.<\/p>\n<p data-start=\"1322\" data-end=\"1641\"><strong data-start=\"1322\" data-end=\"1339\">Zanaatkarl\u0131k<\/strong><br data-start=\"1339\" data-end=\"1342\" \/>L\u00fcks 22 ayar alt\u0131ndan el i\u015f\u00e7ili\u011fiyle \u00fcretilen bu par\u00e7a, detaylara g\u00f6sterilen titiz \u00f6zeni sergiler. Her bir motif, derinlik ve doku elde etmek i\u00e7in \u00f6zenle \u015fekillendirilmi\u015f ve tamamlanm\u0131\u015f olup alt\u0131n\u0131n do\u011fal parlakl\u0131\u011f\u0131n\u0131 artt\u0131rmaktad\u0131r. Karma\u015f\u0131k \u00e7al\u0131\u015fma, usta zanaatk\u00e2rlar\u0131n becerisini yans\u0131tarak hem g\u00fczellik hem de dayan\u0131kl\u0131l\u0131k sa\u011flar.<\/p>\n<p data-start=\"1643\" data-end=\"1784\">Orijinallik damgas\u0131 ta\u015f\u0131yan bu kolye, nesiller boyu el \u00fcst\u00fcnde tutulmak \u00fczere tasarlanm\u0131\u015f en y\u00fcksek safl\u0131k ve i\u015f\u00e7ilik standartlar\u0131na sahiptir.<\/p>\n<p data-start=\"1786\" data-end=\"2074\"><strong data-start=\"1786\" data-end=\"1803\">Stil Fikirleri<\/strong><br data-start=\"1803\" data-end=\"1806\" \/>D\u00fc\u011f\u00fcnler, bayramlar veya kutlama toplant\u0131lar\u0131 i\u00e7in m\u00fckemmel olan bu Armari kolye, sare ve lehengalar gibi geleneksel k\u0131yafetlerle g\u00fczel bir uyum sa\u011flar. Tek ba\u015f\u0131na bir ifade par\u00e7as\u0131 olarak \u015fekillendirilebilir veya daha ayr\u0131nt\u0131l\u0131 bir g\u00f6r\u00fcn\u00fcm i\u00e7in daha uzun kolyelerle katmanlanabilir.<\/p>\n<p data-start=\"2076\" data-end=\"2190\" data-is-last-node=\"\" data-is-only-node=\"\">Gelene\u011fi onurland\u0131r\u0131rken zarafeti kucaklayan zarif bir par\u00e7a; en anlaml\u0131 anlar\u0131n\u0131za e\u015flik etmek i\u00e7in tasarland\u0131.<\/p>","protected":false},"excerpt":{"rendered":"<div class=\"woocommerce-product-details__short-description\">\n<div class=\"woocommerce-product-details__short-description\">Karma\u015f\u0131k detaylara ve zarif damla motiflerine sahip 22 ayar alt\u0131n geleneksel Armari kolye. \u00d6zel g\u00fcnler ve zamans\u0131z stil i\u00e7in m\u00fckemmeldir.<\/div>\n<\/div>\n<div><\/div>\n<div><strong>Malzeme:<\/strong> 22 Ayar Alt\u0131n<\/div>\n<div><strong>Safl\u0131k:<\/strong> 91.6% saf<\/div>\n<div><strong>Hallmark:<\/strong> \u0130ngiliz Damgas\u0131<\/div>\n<div><strong>Br\u00fct A\u011f\u0131rl\u0131k: <\/strong>53.60 Gms<\/div>\n<div><strong>Bitir: <\/strong>Antique_Matte<\/div>\n<div><strong>SKU:<\/strong> 55136<\/div>\n<div><\/div>\n<div><strong>Fiyat ve Teslimat<\/strong>: KDV ve teslimat \u00fccreti dahil<br \/>\n<a href=\"https:\/\/www.purejewels.com\/tr\/i%cc%87ade-poli%cc%87ti%cc%87kasi\/\">\u0130ade Politikas\u0131<\/a><\/div>\n<div><\/div>","protected":false},"featured_media":428528,"comment_status":"closed","ping_status":"closed","template":"","meta":{"_eb_attr":"","_crsspst_to_jayantr4sg-hostcom":false},"product_brand":[],"product_cat":[1780,245,5643,1782,236,1790,1253,1574,5349],"product_tag":[],"class_list":{"0":"post-428525","1":"product","2":"type-product","3":"status-publish","4":"has-post-thumbnail","6":"product_cat-antique-style-necklaces","7":"product_cat-armari-collections","8":"product_cat-armari-necklace","9":"product_cat-choker-necklaces","10":"product_cat-collections","11":"product_cat-for-whom-when","12":"product_cat-gold-necklaces","13":"product_cat-womens-jewellery","14":"product_cat-yellow-gold-jewellery","16":"first","17":"instock","18":"taxable","19":"shipping-taxable","20":"purchasable","21":"product-type-simple","22":"add-to-wishlist-before_image"},"yoast_head":"<!-- This site is optimized with the Yoast SEO plugin v27.4 - https:\/\/yoast.com\/product\/yoast-seo-wordpress\/ -->\n<title>22ct Gold Traditional Armari Necklace | PureJewels London<\/title>\n<meta name=\"description\" content=\"Explore our 22ct gold traditional Armari necklace, crafted with intricate detailing and timeless design. Perfect for weddings and special occasions.\" \/>\n<meta name=\"robots\" content=\"index, follow, max-snippet:-1, max-image-preview:large, max-video-preview:-1\" \/>\n<link rel=\"canonical\" href=\"https:\/\/www.purejewels.com\/tr\/urun\/22-ayar-altin-geleneksel-armari-kolye-55136\/\" \/>\n<meta property=\"og:locale\" content=\"tr_TR\" \/>\n<meta property=\"og:type\" content=\"article\" \/>\n<meta property=\"og:title\" content=\"22ct Gold Traditional Armari Necklace | PureJewels London\" \/>\n<meta property=\"og:description\" content=\"Explore our 22ct gold traditional Armari necklace, crafted with intricate detailing and timeless design. Perfect for weddings and special occasions.\" \/>\n<meta property=\"og:url\" content=\"https:\/\/www.purejewels.com\/tr\/urun\/22-ayar-altin-geleneksel-armari-kolye-55136\/\" \/>\n<meta property=\"og:site_name\" content=\"PureJewels UK\" \/>\n<meta property=\"article:modified_time\" content=\"2026-04-16T07:36:27+00:00\" \/>\n<meta property=\"og:image\" content=\"https:\/\/static.purejewels.com\/wp-content\/uploads\/2026\/04\/sku-55136-front.jpg\" \/>\n\t<meta property=\"og:image:width\" content=\"1000\" \/>\n\t<meta property=\"og:image:height\" content=\"1000\" \/>\n\t<meta property=\"og:image:type\" content=\"image\/jpeg\" \/>\n<meta name=\"twitter:card\" content=\"summary_large_image\" \/>\n<meta name=\"twitter:label1\" content=\"Tahmini okuma s\u00fcresi\" \/>\n\t<meta name=\"twitter:data1\" content=\"2 dakika\" \/>\n<script type=\"application\/ld+json\" class=\"yoast-schema-graph\">{\"@context\":\"https:\\\/\\\/schema.org\",\"@graph\":[{\"@type\":[\"WebPage\",\"ItemPage\"],\"@id\":\"https:\\\/\\\/www.purejewels.com\\\/product\\\/22ct-gold-traditional-armari-necklace-55136\\\/\",\"url\":\"https:\\\/\\\/www.purejewels.com\\\/product\\\/22ct-gold-traditional-armari-necklace-55136\\\/\",\"name\":\"22ct Gold Traditional Armari Necklace | PureJewels London\",\"isPartOf\":{\"@id\":\"https:\\\/\\\/www.purejewels.com\\\/#website\"},\"primaryImageOfPage\":{\"@id\":\"https:\\\/\\\/www.purejewels.com\\\/product\\\/22ct-gold-traditional-armari-necklace-55136\\\/#primaryimage\"},\"image\":{\"@id\":\"https:\\\/\\\/www.purejewels.com\\\/product\\\/22ct-gold-traditional-armari-necklace-55136\\\/#primaryimage\"},\"thumbnailUrl\":\"https:\\\/\\\/static.purejewels.com\\\/wp-content\\\/uploads\\\/2026\\\/04\\\/sku-55136-front.jpg\",\"datePublished\":\"2026-01-16T07:58:38+00:00\",\"dateModified\":\"2026-04-16T07:36:27+00:00\",\"description\":\"Explore our 22ct gold traditional Armari necklace, crafted with intricate detailing and timeless design. Perfect for weddings and special occasions.\",\"breadcrumb\":{\"@id\":\"https:\\\/\\\/www.purejewels.com\\\/product\\\/22ct-gold-traditional-armari-necklace-55136\\\/#breadcrumb\"},\"inLanguage\":\"tr\",\"potentialAction\":[{\"@type\":\"ReadAction\",\"target\":[\"https:\\\/\\\/www.purejewels.com\\\/product\\\/22ct-gold-traditional-armari-necklace-55136\\\/\"]}]},{\"@type\":\"ImageObject\",\"inLanguage\":\"tr\",\"@id\":\"https:\\\/\\\/www.purejewels.com\\\/product\\\/22ct-gold-traditional-armari-necklace-55136\\\/#primaryimage\",\"url\":\"https:\\\/\\\/static.purejewels.com\\\/wp-content\\\/uploads\\\/2026\\\/04\\\/sku-55136-front.jpg\",\"contentUrl\":\"https:\\\/\\\/static.purejewels.com\\\/wp-content\\\/uploads\\\/2026\\\/04\\\/sku-55136-front.jpg\",\"width\":1000,\"height\":1000,\"caption\":\"22ct Gold Traditional Armari Necklace\"},{\"@type\":\"BreadcrumbList\",\"@id\":\"https:\\\/\\\/www.purejewels.com\\\/product\\\/22ct-gold-traditional-armari-necklace-55136\\\/#breadcrumb\",\"itemListElement\":[{\"@type\":\"ListItem\",\"position\":1,\"name\":\"Home\",\"item\":\"https:\\\/\\\/www.purejewels.com\\\/\"},{\"@type\":\"ListItem\",\"position\":2,\"name\":\"Shop\",\"item\":\"https:\\\/\\\/www.purejewels.com\\\/shop\\\/\"},{\"@type\":\"ListItem\",\"position\":3,\"name\":\"22ct Gold Traditional Armari Necklace\"}]},{\"@type\":\"WebSite\",\"@id\":\"https:\\\/\\\/www.purejewels.com\\\/#website\",\"url\":\"https:\\\/\\\/www.purejewels.com\\\/\",\"name\":\"PureJewels UK\",\"description\":\"Share the Love\",\"publisher\":{\"@id\":\"https:\\\/\\\/www.purejewels.com\\\/#organization\"},\"potentialAction\":[{\"@type\":\"SearchAction\",\"target\":{\"@type\":\"EntryPoint\",\"urlTemplate\":\"https:\\\/\\\/www.purejewels.com\\\/?s={search_term_string}\"},\"query-input\":{\"@type\":\"PropertyValueSpecification\",\"valueRequired\":true,\"valueName\":\"search_term_string\"}}],\"inLanguage\":\"tr\"},{\"@type\":\"Organization\",\"@id\":\"https:\\\/\\\/www.purejewels.com\\\/#organization\",\"name\":\"PureJewels UK\",\"url\":\"https:\\\/\\\/www.purejewels.com\\\/\",\"logo\":{\"@type\":\"ImageObject\",\"inLanguage\":\"tr\",\"@id\":\"https:\\\/\\\/www.purejewels.com\\\/#\\\/schema\\\/logo\\\/image\\\/\",\"url\":\"https:\\\/\\\/static.purejewels.com\\\/wp-content\\\/uploads\\\/2020\\\/11\\\/Logo-PJ-New-1.png\",\"contentUrl\":\"https:\\\/\\\/static.purejewels.com\\\/wp-content\\\/uploads\\\/2020\\\/11\\\/Logo-PJ-New-1.png\",\"width\":150,\"height\":80,\"caption\":\"PureJewels UK\"},\"image\":{\"@id\":\"https:\\\/\\\/www.purejewels.com\\\/#\\\/schema\\\/logo\\\/image\\\/\"}}]}<\/script>\n<!-- \/ Yoast SEO plugin. -->","yoast_head_json":{"title":"22 Ayar Alt\u0131n Geleneksel Armari Kolye | PureJewels London","description":"Karma\u015f\u0131k detaylar ve zamans\u0131z tasar\u0131mla haz\u0131rlanm\u0131\u015f 22 ayar alt\u0131n geleneksel Armari kolyemizi ke\u015ffedin. D\u00fc\u011f\u00fcnler ve \u00f6zel g\u00fcnler i\u00e7in m\u00fckemmeldir.","robots":{"index":"index","follow":"follow","max-snippet":"max-snippet:-1","max-image-preview":"max-image-preview:large","max-video-preview":"max-video-preview:-1"},"canonical":"https:\/\/www.purejewels.com\/tr\/urun\/22-ayar-altin-geleneksel-armari-kolye-55136\/","og_locale":"tr_TR","og_type":"article","og_title":"22ct Gold Traditional Armari Necklace | PureJewels London","og_description":"Explore our 22ct gold traditional Armari necklace, crafted with intricate detailing and timeless design. Perfect for weddings and special occasions.","og_url":"https:\/\/www.purejewels.com\/tr\/urun\/22-ayar-altin-geleneksel-armari-kolye-55136\/","og_site_name":"PureJewels UK","article_modified_time":"2026-04-16T07:36:27+00:00","og_image":[{"width":1000,"height":1000,"url":"https:\/\/static.purejewels.com\/wp-content\/uploads\/2026\/04\/sku-55136-front.jpg","type":"image\/jpeg"}],"twitter_card":"summary_large_image","twitter_misc":{"Tahmini okuma s\u00fcresi":"2 dakika"},"schema":{"@context":"https:\/\/schema.org","@graph":[{"@type":["WebPage","ItemPage"],"@id":"https:\/\/www.purejewels.com\/product\/22ct-gold-traditional-armari-necklace-55136\/","url":"https:\/\/www.purejewels.com\/product\/22ct-gold-traditional-armari-necklace-55136\/","name":"22 Ayar Alt\u0131n Geleneksel Armari Kolye | PureJewels London","isPartOf":{"@id":"https:\/\/www.purejewels.com\/#website"},"primaryImageOfPage":{"@id":"https:\/\/www.purejewels.com\/product\/22ct-gold-traditional-armari-necklace-55136\/#primaryimage"},"image":{"@id":"https:\/\/www.purejewels.com\/product\/22ct-gold-traditional-armari-necklace-55136\/#primaryimage"},"thumbnailUrl":"https:\/\/static.purejewels.com\/wp-content\/uploads\/2026\/04\/sku-55136-front.jpg","datePublished":"2026-01-16T07:58:38+00:00","dateModified":"2026-04-16T07:36:27+00:00","description":"Karma\u015f\u0131k detaylar ve zamans\u0131z tasar\u0131mla haz\u0131rlanm\u0131\u015f 22 ayar alt\u0131n geleneksel Armari kolyemizi ke\u015ffedin. D\u00fc\u011f\u00fcnler ve \u00f6zel g\u00fcnler i\u00e7in m\u00fckemmeldir.","breadcrumb":{"@id":"https:\/\/www.purejewels.com\/product\/22ct-gold-traditional-armari-necklace-55136\/#breadcrumb"},"inLanguage":"tr","potentialAction":[{"@type":"ReadAction","target":["https:\/\/www.purejewels.com\/product\/22ct-gold-traditional-armari-necklace-55136\/"]}]},{"@type":"ImageObject","inLanguage":"tr","@id":"https:\/\/www.purejewels.com\/product\/22ct-gold-traditional-armari-necklace-55136\/#primaryimage","url":"https:\/\/static.purejewels.com\/wp-content\/uploads\/2026\/04\/sku-55136-front.jpg","contentUrl":"https:\/\/static.purejewels.com\/wp-content\/uploads\/2026\/04\/sku-55136-front.jpg","width":1000,"height":1000,"caption":"22ct Gold Traditional Armari Necklace"},{"@type":"BreadcrumbList","@id":"https:\/\/www.purejewels.com\/product\/22ct-gold-traditional-armari-necklace-55136\/#breadcrumb","itemListElement":[{"@type":"ListItem","position":1,"name":"Home","item":"https:\/\/www.purejewels.com\/"},{"@type":"ListItem","position":2,"name":"Shop","item":"https:\/\/www.purejewels.com\/shop\/"},{"@type":"ListItem","position":3,"name":"22ct Gold Traditional Armari Necklace"}]},{"@type":"WebSite","@id":"https:\/\/www.purejewels.com\/#website","url":"https:\/\/www.purejewels.com\/","name":"PureJewels \u0130ngiltere","description":"Sevgiyi Payla\u015f\u0131n","publisher":{"@id":"https:\/\/www.purejewels.com\/#organization"},"potentialAction":[{"@type":"SearchAction","target":{"@type":"EntryPoint","urlTemplate":"https:\/\/www.purejewels.com\/?s={search_term_string}"},"query-input":{"@type":"PropertyValueSpecification","valueRequired":true,"valueName":"search_term_string"}}],"inLanguage":"tr"},{"@type":"Organization","@id":"https:\/\/www.purejewels.com\/#organization","name":"PureJewels \u0130ngiltere","url":"https:\/\/www.purejewels.com\/","logo":{"@type":"ImageObject","inLanguage":"tr","@id":"https:\/\/www.purejewels.com\/#\/schema\/logo\/image\/","url":"https:\/\/static.purejewels.com\/wp-content\/uploads\/2020\/11\/Logo-PJ-New-1.png","contentUrl":"https:\/\/static.purejewels.com\/wp-content\/uploads\/2020\/11\/Logo-PJ-New-1.png","width":150,"height":80,"caption":"PureJewels UK"},"image":{"@id":"https:\/\/www.purejewels.com\/#\/schema\/logo\/image\/"}}]}},"_links":{"self":[{"href":"https:\/\/www.purejewels.com\/tr\/wp-json\/wp\/v2\/product\/428525","targetHints":{"allow":["GET"]}}],"collection":[{"href":"https:\/\/www.purejewels.com\/tr\/wp-json\/wp\/v2\/product"}],"about":[{"href":"https:\/\/www.purejewels.com\/tr\/wp-json\/wp\/v2\/types\/product"}],"replies":[{"embeddable":true,"href":"https:\/\/www.purejewels.com\/tr\/wp-json\/wp\/v2\/comments?post=428525"}],"version-history":[{"count":1,"href":"https:\/\/www.purejewels.com\/tr\/wp-json\/wp\/v2\/product\/428525\/revisions"}],"predecessor-version":[{"id":428532,"href":"https:\/\/www.purejewels.com\/tr\/wp-json\/wp\/v2\/product\/428525\/revisions\/428532"}],"wp:featuredmedia":[{"embeddable":true,"href":"https:\/\/www.purejewels.com\/tr\/wp-json\/wp\/v2\/media\/428528"}],"wp:attachment":[{"href":"https:\/\/www.purejewels.com\/tr\/wp-json\/wp\/v2\/media?parent=428525"}],"wp:term":[{"taxonomy":"product_brand","embeddable":true,"href":"https:\/\/www.purejewels.com\/tr\/wp-json\/wp\/v2\/product_brand?post=428525"},{"taxonomy":"product_cat","embeddable":true,"href":"https:\/\/www.purejewels.com\/tr\/wp-json\/wp\/v2\/product_cat?post=428525"},{"taxonomy":"product_tag","embeddable":true,"href":"https:\/\/www.purejewels.com\/tr\/wp-json\/wp\/v2\/product_tag?post=428525"}],"curies":[{"name":"wp","href":"https:\/\/api.w.org\/{rel}","templated":true}]}}