{"id":428533,"date":"2026-01-16T08:40:37","date_gmt":"2026-01-16T08:40:37","guid":{"rendered":"https:\/\/www.purejewels.com\/?post_type=product&#038;p=428533"},"modified":"2026-04-16T08:49:05","modified_gmt":"2026-04-16T07:49:05","slug":"22-ayar-sunrise-altin-dogal-safirli-cagdas-poncha-51922","status":"publish","type":"product","link":"https:\/\/www.purejewels.com\/tr\/product\/22k-sunrise-gold-contemporary-poncha-with-natural-sapphires-51922\/","title":{"rendered":"Do\u011fal Safirli 22 Ayar G\u00fcndo\u011fumu Alt\u0131n \u00c7a\u011fda\u015f Pancha"},"content":{"rendered":"<p data-start=\"692\" data-end=\"946\">Do\u011fal Safirli 22 Ayar Sunrise Alt\u0131n \u00c7a\u011fda\u015f Ponka, ince i\u015f\u00e7ili\u011fin ak\u0131c\u0131 tasar\u0131mla bulu\u015ftu\u011fu modern zarafetin zarif bir ifadesidir. Bi\u00e7im olarak hafif ama detay olarak zengin olan bu par\u00e7a, renk ve hareket arac\u0131l\u0131\u011f\u0131yla bireyselli\u011fi kutluyor.<\/p>\n<p data-start=\"948\" data-end=\"1310\"><strong data-start=\"948\" data-end=\"966\">Tasar\u0131m Konsepti<\/strong><br data-start=\"966\" data-end=\"969\" \/>Narin bir dikey damla ile tasarlanan bu ponka, boyun \u00e7izgisini abart\u0131s\u0131z bir incelikle geli\u015ftiren yumu\u015fak, uzun bir siluet yarat\u0131r. Do\u011fal \u00e7ok renkli safirler zincir boyunca \u00f6zenle yerle\u015ftirilmi\u015ftir; her bir de\u011ferli ta\u015f kendi tonunu ve karakterini ta\u015f\u0131r; \u00e7e\u015fitlili\u011fi, uyumu ve hayat\u0131n bir\u00e7ok an\u0131n\u0131n g\u00fczelli\u011fini sembolize eder.<\/p>\n<p data-start=\"1312\" data-end=\"1466\">\u0130nce bir p\u00fcsk\u00fclle tamamlanan damla zincirin nazik \u00e7a\u011flayan\u0131, hareket ve ritim katarak par\u00e7ay\u0131 hem \u00e7a\u011fda\u015f hem de zamans\u0131z hissettiriyor.<\/p>\n<p data-start=\"1468\" data-end=\"1808\"><strong data-start=\"1468\" data-end=\"1485\">Zanaatkarl\u0131k<\/strong><br data-start=\"1485\" data-end=\"1488\" \/>I\u015f\u0131lt\u0131l\u0131 22 ayar G\u00fcn Do\u011fumu Alt\u0131n\u0131ndan \u00fcretilen bu poncha, PureJewels'in rafine sanata olan ba\u011fl\u0131l\u0131\u011f\u0131n\u0131 yans\u0131tmaktad\u0131r. Her bir safir \u00f6zenle se\u00e7ilmi\u015f ve dayan\u0131kl\u0131l\u0131k sa\u011flarken do\u011fal g\u00fczelli\u011fini vurgulamak i\u00e7in \u00e7er\u00e7eveye yerle\u015ftirilmi\u015ftir. \u0130nce zincir ve hassas d\u00fczenek dengeyi, ak\u0131\u015fkanl\u0131\u011f\u0131 ve rahatl\u0131\u011f\u0131 korumak i\u00e7in titizlikle in\u015fa edilmi\u015ftir.<\/p>\n<p data-start=\"1810\" data-end=\"1922\">Orijinallik damgas\u0131 ta\u015f\u0131yan bu par\u00e7a, en y\u00fcksek alt\u0131n safl\u0131\u011f\u0131 ve de\u011ferli ta\u015f i\u015f\u00e7ili\u011fi standartlar\u0131na uygundur.<\/p>\n<p data-start=\"1924\" data-end=\"2221\"><strong data-start=\"1924\" data-end=\"1941\">Stil Fikirleri<\/strong><br data-start=\"1941\" data-end=\"1944\" \/>Modern davetler, gece k\u0131yafetleri veya zarif g\u00fcnd\u00fcz stilleri i\u00e7in m\u00fckemmel olan bu ponka, hem bat\u0131 hem de geleneksel k\u0131yafetlerle g\u00fczel bir uyum sa\u011flar. Minimal, \u00e7a\u011fda\u015f bir g\u00f6r\u00fcn\u00fcm i\u00e7in tek ba\u015f\u0131na kullan\u0131n veya derinlik ve kontrast yaratmak i\u00e7in daha k\u0131sa kolyelerle katmanlay\u0131n.<\/p>\n<p data-start=\"2223\" data-end=\"2314\" data-is-last-node=\"\" data-is-only-node=\"\">Sizinle birlikte hareket etmek ve benzersiz yolculu\u011funuzu yans\u0131tmak i\u00e7in tasarlanm\u0131\u015f narin ama farkl\u0131 bir par\u00e7a.<\/p>","protected":false},"excerpt":{"rendered":"<div class=\"btn-atc atc-slide\">\n<p>\u00c7a\u011fda\u015f bir damla tasar\u0131m\u0131nda do\u011fal \u00e7ok renkli safir i\u00e7eren zarif bir 22 ayar Sunrise Gold poncha. Hafif, zarif ve modern durumlar i\u00e7in m\u00fckemmel.<\/p>\n<p><strong>Malzeme:<\/strong> 22 Ayar G\u00fcndo\u011fumu Alt\u0131n<br \/>\n<strong>Safl\u0131k: <\/strong>91.6% saf alt\u0131n<strong><br \/>\n<strong>Hallmark: <\/strong><\/strong>\u0130ngiliz Damgas\u0131<strong><strong><br \/>\n<strong>De\u011ferli ta\u015f: <\/strong><\/strong><\/strong>Do\u011fal \u00c7ok Renkli Safirler<br \/>\n<strong><strong><strong>M\u00fccevher A\u011f\u0131rl\u0131\u011f\u0131: <\/strong><\/strong><\/strong>Toplam 2,84 ct<strong><strong><strong><strong><strong><br \/>\n<strong>Br\u00fct A\u011f\u0131rl\u0131k: <\/strong><\/strong><\/strong><\/strong><\/strong><\/strong>3.9 Gms<strong><strong><strong><strong><strong><br \/>\n<strong>SKU: <\/strong><\/strong><\/strong><\/strong><\/strong><\/strong>51922<strong><strong><strong><strong><strong><br \/>\n<strong>Uzunluk: <\/strong><\/strong><\/strong><\/strong><\/strong><\/strong>7 \u0130n\u00e7<\/p>\n<p><strong>Fiyat ve Teslimat:<\/strong>\u00a0KDV ve teslimat \u00fccretleri dahil<br \/>\n<a href=\"https:\/\/www.purejewels.com\/tr\/i%cc%87ade-poli%cc%87ti%cc%87kasi\/\">\u0130ade Politikas\u0131<\/a><\/p>\n<\/div>\n<div class=\"product_meta\"><\/div>","protected":false},"featured_media":428534,"comment_status":"closed","ping_status":"closed","template":"","meta":{"_eb_attr":"","_crsspst_to_jayantr4sg-hostcom":false},"product_brand":[],"product_cat":[1791,6009,5699,1229,1718,5752,1573,1574],"product_tag":[1430],"class_list":{"0":"post-428533","1":"product","2":"type-product","3":"status-publish","4":"has-post-thumbnail","6":"product_cat-anniversary-gifts","7":"product_cat-bracelet-poncha","8":"product_cat-coloured-gemstone-jewellery","9":"product_cat-22ct-gold-jewellery","10":"product_cat-ladies-poncha","11":"product_cat-gold-sapphire-jewellery","12":"product_cat-wedding-gifts","13":"product_cat-womens-jewellery","14":"product_tag-diwali-gift","16":"first","17":"onbackorder","18":"taxable","19":"shipping-taxable","20":"product-type-simple","21":"add-to-wishlist-before_image"},"yoast_head":"<!-- This site is optimized with the Yoast SEO plugin v27.4 - https:\/\/yoast.com\/product\/yoast-seo-wordpress\/ -->\n<title>Shop 22k Sunrise Gold Poncha with Natural Sapphires<\/title>\n<meta name=\"description\" content=\"Discover a 22k Sunrise Gold contemporary poncha with natural multi-colour sapphires. Elegant, handcrafted design perfect for modern styling.\" \/>\n<meta name=\"robots\" content=\"index, follow, max-snippet:-1, max-image-preview:large, max-video-preview:-1\" \/>\n<link rel=\"canonical\" href=\"https:\/\/www.purejewels.com\/tr\/urun\/22-ayar-sunrise-altin-dogal-safirli-cagdas-poncha-51922\/\" \/>\n<meta property=\"og:locale\" content=\"tr_TR\" \/>\n<meta property=\"og:type\" content=\"article\" \/>\n<meta property=\"og:title\" content=\"Shop 22k Sunrise Gold Poncha with Natural Sapphires\" \/>\n<meta property=\"og:description\" content=\"Discover a 22k Sunrise Gold contemporary poncha with natural multi-colour sapphires. Elegant, handcrafted design perfect for modern styling.\" \/>\n<meta property=\"og:url\" content=\"https:\/\/www.purejewels.com\/tr\/urun\/22-ayar-sunrise-altin-dogal-safirli-cagdas-poncha-51922\/\" \/>\n<meta property=\"og:site_name\" content=\"PureJewels UK\" \/>\n<meta property=\"article:modified_time\" content=\"2026-04-16T07:49:05+00:00\" \/>\n<meta property=\"og:image\" content=\"https:\/\/static.purejewels.com\/wp-content\/uploads\/2026\/04\/SKU-51922-FRONT.jpg\" \/>\n\t<meta property=\"og:image:width\" content=\"1000\" \/>\n\t<meta property=\"og:image:height\" content=\"1000\" \/>\n\t<meta property=\"og:image:type\" content=\"image\/jpeg\" \/>\n<meta name=\"twitter:card\" content=\"summary_large_image\" \/>\n<meta name=\"twitter:label1\" content=\"Tahmini okuma s\u00fcresi\" \/>\n\t<meta name=\"twitter:data1\" content=\"2 dakika\" \/>\n<script type=\"application\/ld+json\" class=\"yoast-schema-graph\">{\"@context\":\"https:\\\/\\\/schema.org\",\"@graph\":[{\"@type\":[\"WebPage\",\"ItemPage\"],\"@id\":\"https:\\\/\\\/www.purejewels.com\\\/product\\\/22k-sunrise-gold-contemporary-poncha-with-natural-sapphires-51922\\\/\",\"url\":\"https:\\\/\\\/www.purejewels.com\\\/product\\\/22k-sunrise-gold-contemporary-poncha-with-natural-sapphires-51922\\\/\",\"name\":\"Shop 22k Sunrise Gold Poncha with Natural Sapphires\",\"isPartOf\":{\"@id\":\"https:\\\/\\\/www.purejewels.com\\\/#website\"},\"primaryImageOfPage\":{\"@id\":\"https:\\\/\\\/www.purejewels.com\\\/product\\\/22k-sunrise-gold-contemporary-poncha-with-natural-sapphires-51922\\\/#primaryimage\"},\"image\":{\"@id\":\"https:\\\/\\\/www.purejewels.com\\\/product\\\/22k-sunrise-gold-contemporary-poncha-with-natural-sapphires-51922\\\/#primaryimage\"},\"thumbnailUrl\":\"https:\\\/\\\/static.purejewels.com\\\/wp-content\\\/uploads\\\/2026\\\/04\\\/SKU-51922-FRONT.jpg\",\"datePublished\":\"2026-01-16T08:40:37+00:00\",\"dateModified\":\"2026-04-16T07:49:05+00:00\",\"description\":\"Discover a 22k Sunrise Gold contemporary poncha with natural multi-colour sapphires. Elegant, handcrafted design perfect for modern styling.\",\"breadcrumb\":{\"@id\":\"https:\\\/\\\/www.purejewels.com\\\/product\\\/22k-sunrise-gold-contemporary-poncha-with-natural-sapphires-51922\\\/#breadcrumb\"},\"inLanguage\":\"tr\",\"potentialAction\":[{\"@type\":\"ReadAction\",\"target\":[\"https:\\\/\\\/www.purejewels.com\\\/product\\\/22k-sunrise-gold-contemporary-poncha-with-natural-sapphires-51922\\\/\"]}]},{\"@type\":\"ImageObject\",\"inLanguage\":\"tr\",\"@id\":\"https:\\\/\\\/www.purejewels.com\\\/product\\\/22k-sunrise-gold-contemporary-poncha-with-natural-sapphires-51922\\\/#primaryimage\",\"url\":\"https:\\\/\\\/static.purejewels.com\\\/wp-content\\\/uploads\\\/2026\\\/04\\\/SKU-51922-FRONT.jpg\",\"contentUrl\":\"https:\\\/\\\/static.purejewels.com\\\/wp-content\\\/uploads\\\/2026\\\/04\\\/SKU-51922-FRONT.jpg\",\"width\":1000,\"height\":1000,\"caption\":\"Stacked from 9 images. Method=B (R=8,S=4)\"},{\"@type\":\"BreadcrumbList\",\"@id\":\"https:\\\/\\\/www.purejewels.com\\\/product\\\/22k-sunrise-gold-contemporary-poncha-with-natural-sapphires-51922\\\/#breadcrumb\",\"itemListElement\":[{\"@type\":\"ListItem\",\"position\":1,\"name\":\"Home\",\"item\":\"https:\\\/\\\/www.purejewels.com\\\/\"},{\"@type\":\"ListItem\",\"position\":2,\"name\":\"Shop\",\"item\":\"https:\\\/\\\/www.purejewels.com\\\/shop\\\/\"},{\"@type\":\"ListItem\",\"position\":3,\"name\":\"22k Sunrise Gold Contemporary Poncha with Natural Sapphires\"}]},{\"@type\":\"WebSite\",\"@id\":\"https:\\\/\\\/www.purejewels.com\\\/#website\",\"url\":\"https:\\\/\\\/www.purejewels.com\\\/\",\"name\":\"PureJewels UK\",\"description\":\"Share the Love\",\"publisher\":{\"@id\":\"https:\\\/\\\/www.purejewels.com\\\/#organization\"},\"potentialAction\":[{\"@type\":\"SearchAction\",\"target\":{\"@type\":\"EntryPoint\",\"urlTemplate\":\"https:\\\/\\\/www.purejewels.com\\\/?s={search_term_string}\"},\"query-input\":{\"@type\":\"PropertyValueSpecification\",\"valueRequired\":true,\"valueName\":\"search_term_string\"}}],\"inLanguage\":\"tr\"},{\"@type\":\"Organization\",\"@id\":\"https:\\\/\\\/www.purejewels.com\\\/#organization\",\"name\":\"PureJewels UK\",\"url\":\"https:\\\/\\\/www.purejewels.com\\\/\",\"logo\":{\"@type\":\"ImageObject\",\"inLanguage\":\"tr\",\"@id\":\"https:\\\/\\\/www.purejewels.com\\\/#\\\/schema\\\/logo\\\/image\\\/\",\"url\":\"https:\\\/\\\/static.purejewels.com\\\/wp-content\\\/uploads\\\/2020\\\/11\\\/Logo-PJ-New-1.png\",\"contentUrl\":\"https:\\\/\\\/static.purejewels.com\\\/wp-content\\\/uploads\\\/2020\\\/11\\\/Logo-PJ-New-1.png\",\"width\":150,\"height\":80,\"caption\":\"PureJewels UK\"},\"image\":{\"@id\":\"https:\\\/\\\/www.purejewels.com\\\/#\\\/schema\\\/logo\\\/image\\\/\"}}]}<\/script>\n<!-- \/ Yoast SEO plugin. -->","yoast_head_json":{"title":"Do\u011fal Safirli 22 Ayar Sunrise Alt\u0131n Ponka Al\u0131\u015fveri\u015fi","description":"Do\u011fal \u00e7ok renkli safir ta\u015fl\u0131 22 ayar Sunrise Gold \u00e7a\u011fda\u015f poncha'y\u0131 ke\u015ffedin. Modern stil i\u00e7in m\u00fckemmel, zarif, el yap\u0131m\u0131 tasar\u0131m.","robots":{"index":"index","follow":"follow","max-snippet":"max-snippet:-1","max-image-preview":"max-image-preview:large","max-video-preview":"max-video-preview:-1"},"canonical":"https:\/\/www.purejewels.com\/tr\/urun\/22-ayar-sunrise-altin-dogal-safirli-cagdas-poncha-51922\/","og_locale":"tr_TR","og_type":"article","og_title":"Shop 22k Sunrise Gold Poncha with Natural Sapphires","og_description":"Discover a 22k Sunrise Gold contemporary poncha with natural multi-colour sapphires. Elegant, handcrafted design perfect for modern styling.","og_url":"https:\/\/www.purejewels.com\/tr\/urun\/22-ayar-sunrise-altin-dogal-safirli-cagdas-poncha-51922\/","og_site_name":"PureJewels UK","article_modified_time":"2026-04-16T07:49:05+00:00","og_image":[{"width":1000,"height":1000,"url":"https:\/\/static.purejewels.com\/wp-content\/uploads\/2026\/04\/SKU-51922-FRONT.jpg","type":"image\/jpeg"}],"twitter_card":"summary_large_image","twitter_misc":{"Tahmini okuma s\u00fcresi":"2 dakika"},"schema":{"@context":"https:\/\/schema.org","@graph":[{"@type":["WebPage","ItemPage"],"@id":"https:\/\/www.purejewels.com\/product\/22k-sunrise-gold-contemporary-poncha-with-natural-sapphires-51922\/","url":"https:\/\/www.purejewels.com\/product\/22k-sunrise-gold-contemporary-poncha-with-natural-sapphires-51922\/","name":"Do\u011fal Safirli 22 Ayar Sunrise Alt\u0131n Ponka Al\u0131\u015fveri\u015fi","isPartOf":{"@id":"https:\/\/www.purejewels.com\/#website"},"primaryImageOfPage":{"@id":"https:\/\/www.purejewels.com\/product\/22k-sunrise-gold-contemporary-poncha-with-natural-sapphires-51922\/#primaryimage"},"image":{"@id":"https:\/\/www.purejewels.com\/product\/22k-sunrise-gold-contemporary-poncha-with-natural-sapphires-51922\/#primaryimage"},"thumbnailUrl":"https:\/\/static.purejewels.com\/wp-content\/uploads\/2026\/04\/SKU-51922-FRONT.jpg","datePublished":"2026-01-16T08:40:37+00:00","dateModified":"2026-04-16T07:49:05+00:00","description":"Do\u011fal \u00e7ok renkli safir ta\u015fl\u0131 22 ayar Sunrise Gold \u00e7a\u011fda\u015f poncha'y\u0131 ke\u015ffedin. Modern stil i\u00e7in m\u00fckemmel, zarif, el yap\u0131m\u0131 tasar\u0131m.","breadcrumb":{"@id":"https:\/\/www.purejewels.com\/product\/22k-sunrise-gold-contemporary-poncha-with-natural-sapphires-51922\/#breadcrumb"},"inLanguage":"tr","potentialAction":[{"@type":"ReadAction","target":["https:\/\/www.purejewels.com\/product\/22k-sunrise-gold-contemporary-poncha-with-natural-sapphires-51922\/"]}]},{"@type":"ImageObject","inLanguage":"tr","@id":"https:\/\/www.purejewels.com\/product\/22k-sunrise-gold-contemporary-poncha-with-natural-sapphires-51922\/#primaryimage","url":"https:\/\/static.purejewels.com\/wp-content\/uploads\/2026\/04\/SKU-51922-FRONT.jpg","contentUrl":"https:\/\/static.purejewels.com\/wp-content\/uploads\/2026\/04\/SKU-51922-FRONT.jpg","width":1000,"height":1000,"caption":"Stacked from 9 images. Method=B (R=8,S=4)"},{"@type":"BreadcrumbList","@id":"https:\/\/www.purejewels.com\/product\/22k-sunrise-gold-contemporary-poncha-with-natural-sapphires-51922\/#breadcrumb","itemListElement":[{"@type":"ListItem","position":1,"name":"Home","item":"https:\/\/www.purejewels.com\/"},{"@type":"ListItem","position":2,"name":"Shop","item":"https:\/\/www.purejewels.com\/shop\/"},{"@type":"ListItem","position":3,"name":"22k Sunrise Gold Contemporary Poncha with Natural Sapphires"}]},{"@type":"WebSite","@id":"https:\/\/www.purejewels.com\/#website","url":"https:\/\/www.purejewels.com\/","name":"PureJewels \u0130ngiltere","description":"Sevgiyi Payla\u015f\u0131n","publisher":{"@id":"https:\/\/www.purejewels.com\/#organization"},"potentialAction":[{"@type":"SearchAction","target":{"@type":"EntryPoint","urlTemplate":"https:\/\/www.purejewels.com\/?s={search_term_string}"},"query-input":{"@type":"PropertyValueSpecification","valueRequired":true,"valueName":"search_term_string"}}],"inLanguage":"tr"},{"@type":"Organization","@id":"https:\/\/www.purejewels.com\/#organization","name":"PureJewels \u0130ngiltere","url":"https:\/\/www.purejewels.com\/","logo":{"@type":"ImageObject","inLanguage":"tr","@id":"https:\/\/www.purejewels.com\/#\/schema\/logo\/image\/","url":"https:\/\/static.purejewels.com\/wp-content\/uploads\/2020\/11\/Logo-PJ-New-1.png","contentUrl":"https:\/\/static.purejewels.com\/wp-content\/uploads\/2020\/11\/Logo-PJ-New-1.png","width":150,"height":80,"caption":"PureJewels UK"},"image":{"@id":"https:\/\/www.purejewels.com\/#\/schema\/logo\/image\/"}}]}},"_links":{"self":[{"href":"https:\/\/www.purejewels.com\/tr\/wp-json\/wp\/v2\/product\/428533","targetHints":{"allow":["GET"]}}],"collection":[{"href":"https:\/\/www.purejewels.com\/tr\/wp-json\/wp\/v2\/product"}],"about":[{"href":"https:\/\/www.purejewels.com\/tr\/wp-json\/wp\/v2\/types\/product"}],"replies":[{"embeddable":true,"href":"https:\/\/www.purejewels.com\/tr\/wp-json\/wp\/v2\/comments?post=428533"}],"version-history":[{"count":1,"href":"https:\/\/www.purejewels.com\/tr\/wp-json\/wp\/v2\/product\/428533\/revisions"}],"predecessor-version":[{"id":428537,"href":"https:\/\/www.purejewels.com\/tr\/wp-json\/wp\/v2\/product\/428533\/revisions\/428537"}],"wp:featuredmedia":[{"embeddable":true,"href":"https:\/\/www.purejewels.com\/tr\/wp-json\/wp\/v2\/media\/428534"}],"wp:attachment":[{"href":"https:\/\/www.purejewels.com\/tr\/wp-json\/wp\/v2\/media?parent=428533"}],"wp:term":[{"taxonomy":"product_brand","embeddable":true,"href":"https:\/\/www.purejewels.com\/tr\/wp-json\/wp\/v2\/product_brand?post=428533"},{"taxonomy":"product_cat","embeddable":true,"href":"https:\/\/www.purejewels.com\/tr\/wp-json\/wp\/v2\/product_cat?post=428533"},{"taxonomy":"product_tag","embeddable":true,"href":"https:\/\/www.purejewels.com\/tr\/wp-json\/wp\/v2\/product_tag?post=428533"}],"curies":[{"name":"wp","href":"https:\/\/api.w.org\/{rel}","templated":true}]}}