{"id":428547,"date":"2026-01-16T10:02:11","date_gmt":"2026-01-16T10:02:11","guid":{"rendered":"https:\/\/www.purejewels.com\/?post_type=product&#038;p=428547"},"modified":"2026-04-16T10:16:30","modified_gmt":"2026-04-16T09:16:30","slug":"22-ayar-gundogumu-altin-ucgen-rozet-kolye-52006","status":"publish","type":"product","link":"https:\/\/www.purejewels.com\/tr\/product\/22ct-sunrise-gold-triangle-rosette-necklace-52006\/","title":{"rendered":"22 Ayar Sunrise Alt\u0131n \u00dc\u00e7gen Rozet Kolye"},"content":{"rendered":"<p data-start=\"975\" data-end=\"1253\"><strong data-start=\"975\" data-end=\"993\">Tasar\u0131m Konsepti<\/strong><br data-start=\"993\" data-end=\"996\" \/>Her yolculu\u011fun anlardan olu\u015fan bir mozaikle \u015fekillendi\u011fi fikrinden esinlenen rozet motifleri, yumu\u015fak bir \u00fc\u00e7gen siluet halinde \u00f6zenle d\u00fczenlenmi\u015ftir. Bu basamakl\u0131 olu\u015fum bir ak\u0131\u015f ve denge hissi yaratarak g\u00f6z\u00fc nazik\u00e7e merkeze do\u011fru \u00e7eker.<\/p>\n<p data-start=\"1255\" data-end=\"1414\">Her bir rozet b\u00fcy\u00fcmeyi, ba\u011flant\u0131y\u0131 ve kutlamay\u0131 temsil eden sembolik bir \u00e7i\u00e7ek g\u00f6revi g\u00f6r\u00fcrken, \u00fc\u00e7gen damla zamans\u0131z bir tasar\u0131ma \u00e7a\u011fda\u015f bir hava kat\u0131yor.<\/p>\n<p data-start=\"1416\" data-end=\"1659\"><strong data-start=\"1416\" data-end=\"1433\">Zanaatkarl\u0131k<\/strong><br data-start=\"1433\" data-end=\"1436\" \/>I\u015f\u0131lt\u0131l\u0131 22 ayar Sunrise Alt\u0131ndan \u00fcretilen bu kolye, sanat ve hassasiyetin ince dengesini yans\u0131tmaktad\u0131r. Her bir rozet, do\u011fal harekete izin verecek \u015fekilde karma\u015f\u0131k bir \u015fekilde \u015fekillendirilmi\u015f ve ba\u011flanm\u0131\u015ft\u0131r, bu da par\u00e7aya tak\u0131ld\u0131\u011f\u0131nda hafif ve ak\u0131c\u0131 bir his verir.<\/p>\n<p data-start=\"1661\" data-end=\"1873\">Yap\u0131, boyun \u00e7izgisinde rahat ve zarif kal\u0131rken \u015feklini korumak i\u00e7in \u00f6zenle tasarlanm\u0131\u015ft\u0131r. Orijinallik i\u00e7in damgalanm\u0131\u015f olup, en y\u00fcksek alt\u0131n safl\u0131\u011f\u0131 ve i\u015f\u00e7ilik standartlar\u0131na uygundur.<\/p>\n<p data-start=\"1875\" data-end=\"2130\"><strong data-start=\"1875\" data-end=\"1892\">Stil Fikirleri<\/strong><br data-start=\"1892\" data-end=\"1895\" \/>Hem g\u00fcnl\u00fck \u015f\u0131kl\u0131k hem de \u00f6zel g\u00fcnler i\u00e7in m\u00fckemmel olan bu kolye, hem modern hem de geleneksel k\u0131yafetlerle g\u00fczel bir uyum sa\u011flar. \u0130nce bir ifade i\u00e7in tek ba\u015f\u0131na tak\u0131n veya daha \u00e7a\u011fda\u015f, tarz bir g\u00f6r\u00fcn\u00fcm i\u00e7in ince zincirlerle katmanlay\u0131n.<\/p>\n<p data-start=\"2132\" data-end=\"2238\" data-is-last-node=\"\" data-is-only-node=\"\">Bi\u00e7im ve anlam\u0131n zarif bir bile\u015fimi - yolculu\u011funuzu sessiz bir sofistike ile kutlamak i\u00e7in tasarland\u0131.<\/p>","protected":false},"excerpt":{"rendered":"<p>Zarif bir \u00fc\u00e7gen damla \u015feklinde d\u00fczenlenmi\u015f rozet motiflerine sahip 22 ayar Sunrise Alt\u0131n kolye. Hafif, zarif ve \u00e7a\u011fda\u015f stil i\u00e7in m\u00fckemmel.<\/p>\n<p><strong>Malzeme:<\/strong> 22 ayar Sunrise Gold (91,6% Saf Alt\u0131n)<strong><br \/>\nHallmark:\u00a0<\/strong>\u0130ngiliz Damgas\u0131<strong><br \/>\n<\/strong><strong>Br\u00fct A\u011f\u0131rl\u0131k: <\/strong>9.46 Gms<br \/>\n<strong>Uzunluk:<\/strong> 16 in\u00e7<br \/>\n<strong>\u00c7i\u00e7ek Geni\u015fli\u011fi:<\/strong> 4,5 mm<br \/>\n<strong>SKU:<\/strong> 52006<\/p>\n<p><strong>Fiyat ve Teslimat<\/strong>: KDV ve teslimat \u00fccreti dahil<br \/>\n<a href=\"https:\/\/www.purejewels.com\/tr\/i%cc%87ade-poli%cc%87ti%cc%87kasi\/\">\u0130ade Politikas\u0131<\/a><\/p>","protected":false},"featured_media":428555,"comment_status":"closed","ping_status":"closed","template":"","meta":{"_eb_attr":"","_crsspst_to_jayantr4sg-hostcom":false},"product_brand":[],"product_cat":[1791,236,1793,5701,1229,1253,5902,1656,5275,1778,1573,1574,5349],"product_tag":[],"class_list":{"0":"post-428547","1":"product","2":"type-product","3":"status-publish","4":"has-post-thumbnail","6":"product_cat-anniversary-gifts","7":"product_cat-collections","8":"product_cat-diwali-gifts","9":"product_cat-eid-jewellery","10":"product_cat-22ct-gold-jewellery","11":"product_cat-gold-necklaces","12":"product_cat-lariat-necklace","13":"product_cat-rosettes-collections","14":"product_cat-rosettes-necklace","15":"product_cat-short-necklaces","16":"product_cat-wedding-gifts","17":"product_cat-womens-jewellery","18":"product_cat-yellow-gold-jewellery","20":"first","21":"instock","22":"taxable","23":"shipping-taxable","24":"purchasable","25":"product-type-simple","26":"add-to-wishlist-before_image"},"yoast_head":"<!-- This site is optimized with the Yoast SEO plugin v27.4 - https:\/\/yoast.com\/product\/yoast-seo-wordpress\/ -->\n<title>22ct Sunrise Gold Triangle Rosette Necklace | PureJewels London<\/title>\n<meta name=\"description\" content=\"Discover the 22ct Sunrise Gold Triangle Rosette Necklace, crafted with delicate rosette motifs in a graceful drop design. Perfect for modern elegance.\" \/>\n<meta name=\"robots\" content=\"index, follow, max-snippet:-1, max-image-preview:large, max-video-preview:-1\" \/>\n<link rel=\"canonical\" href=\"https:\/\/www.purejewels.com\/tr\/urun\/22-ayar-gundogumu-altin-ucgen-rozet-kolye-52006\/\" \/>\n<meta property=\"og:locale\" content=\"tr_TR\" \/>\n<meta property=\"og:type\" content=\"article\" \/>\n<meta property=\"og:title\" content=\"22ct Sunrise Gold Triangle Rosette Necklace | PureJewels London\" \/>\n<meta property=\"og:description\" content=\"Discover the 22ct Sunrise Gold Triangle Rosette Necklace, crafted with delicate rosette motifs in a graceful drop design. Perfect for modern elegance.\" \/>\n<meta property=\"og:url\" content=\"https:\/\/www.purejewels.com\/tr\/urun\/22-ayar-gundogumu-altin-ucgen-rozet-kolye-52006\/\" \/>\n<meta property=\"og:site_name\" content=\"PureJewels UK\" \/>\n<meta property=\"article:modified_time\" content=\"2026-04-16T09:16:30+00:00\" \/>\n<meta property=\"og:image\" content=\"https:\/\/static.purejewels.com\/wp-content\/uploads\/2026\/04\/sku-52006-front.jpg\" \/>\n\t<meta property=\"og:image:width\" content=\"1000\" \/>\n\t<meta property=\"og:image:height\" content=\"1000\" \/>\n\t<meta property=\"og:image:type\" content=\"image\/jpeg\" \/>\n<meta name=\"twitter:card\" content=\"summary_large_image\" \/>\n<meta name=\"twitter:label1\" content=\"Tahmini okuma s\u00fcresi\" \/>\n\t<meta name=\"twitter:data1\" content=\"2 dakika\" \/>\n<script type=\"application\/ld+json\" class=\"yoast-schema-graph\">{\"@context\":\"https:\\\/\\\/schema.org\",\"@graph\":[{\"@type\":[\"WebPage\",\"ItemPage\"],\"@id\":\"https:\\\/\\\/www.purejewels.com\\\/product\\\/22ct-sunrise-gold-triangle-rosette-necklace-52006\\\/\",\"url\":\"https:\\\/\\\/www.purejewels.com\\\/product\\\/22ct-sunrise-gold-triangle-rosette-necklace-52006\\\/\",\"name\":\"22ct Sunrise Gold Triangle Rosette Necklace | PureJewels London\",\"isPartOf\":{\"@id\":\"https:\\\/\\\/www.purejewels.com\\\/#website\"},\"primaryImageOfPage\":{\"@id\":\"https:\\\/\\\/www.purejewels.com\\\/product\\\/22ct-sunrise-gold-triangle-rosette-necklace-52006\\\/#primaryimage\"},\"image\":{\"@id\":\"https:\\\/\\\/www.purejewels.com\\\/product\\\/22ct-sunrise-gold-triangle-rosette-necklace-52006\\\/#primaryimage\"},\"thumbnailUrl\":\"https:\\\/\\\/static.purejewels.com\\\/wp-content\\\/uploads\\\/2026\\\/04\\\/sku-52006-front.jpg\",\"datePublished\":\"2026-01-16T10:02:11+00:00\",\"dateModified\":\"2026-04-16T09:16:30+00:00\",\"description\":\"Discover the 22ct Sunrise Gold Triangle Rosette Necklace, crafted with delicate rosette motifs in a graceful drop design. Perfect for modern elegance.\",\"breadcrumb\":{\"@id\":\"https:\\\/\\\/www.purejewels.com\\\/product\\\/22ct-sunrise-gold-triangle-rosette-necklace-52006\\\/#breadcrumb\"},\"inLanguage\":\"tr\",\"potentialAction\":[{\"@type\":\"ReadAction\",\"target\":[\"https:\\\/\\\/www.purejewels.com\\\/product\\\/22ct-sunrise-gold-triangle-rosette-necklace-52006\\\/\"]}]},{\"@type\":\"ImageObject\",\"inLanguage\":\"tr\",\"@id\":\"https:\\\/\\\/www.purejewels.com\\\/product\\\/22ct-sunrise-gold-triangle-rosette-necklace-52006\\\/#primaryimage\",\"url\":\"https:\\\/\\\/static.purejewels.com\\\/wp-content\\\/uploads\\\/2026\\\/04\\\/sku-52006-front.jpg\",\"contentUrl\":\"https:\\\/\\\/static.purejewels.com\\\/wp-content\\\/uploads\\\/2026\\\/04\\\/sku-52006-front.jpg\",\"width\":1000,\"height\":1000,\"caption\":\"22ct Sunrise Gold Triangle Rosette Necklace\"},{\"@type\":\"BreadcrumbList\",\"@id\":\"https:\\\/\\\/www.purejewels.com\\\/product\\\/22ct-sunrise-gold-triangle-rosette-necklace-52006\\\/#breadcrumb\",\"itemListElement\":[{\"@type\":\"ListItem\",\"position\":1,\"name\":\"Home\",\"item\":\"https:\\\/\\\/www.purejewels.com\\\/\"},{\"@type\":\"ListItem\",\"position\":2,\"name\":\"Shop\",\"item\":\"https:\\\/\\\/www.purejewels.com\\\/shop\\\/\"},{\"@type\":\"ListItem\",\"position\":3,\"name\":\"22ct Sunrise Gold Triangle Rosette Necklace\"}]},{\"@type\":\"WebSite\",\"@id\":\"https:\\\/\\\/www.purejewels.com\\\/#website\",\"url\":\"https:\\\/\\\/www.purejewels.com\\\/\",\"name\":\"PureJewels UK\",\"description\":\"Share the Love\",\"publisher\":{\"@id\":\"https:\\\/\\\/www.purejewels.com\\\/#organization\"},\"potentialAction\":[{\"@type\":\"SearchAction\",\"target\":{\"@type\":\"EntryPoint\",\"urlTemplate\":\"https:\\\/\\\/www.purejewels.com\\\/?s={search_term_string}\"},\"query-input\":{\"@type\":\"PropertyValueSpecification\",\"valueRequired\":true,\"valueName\":\"search_term_string\"}}],\"inLanguage\":\"tr\"},{\"@type\":\"Organization\",\"@id\":\"https:\\\/\\\/www.purejewels.com\\\/#organization\",\"name\":\"PureJewels UK\",\"url\":\"https:\\\/\\\/www.purejewels.com\\\/\",\"logo\":{\"@type\":\"ImageObject\",\"inLanguage\":\"tr\",\"@id\":\"https:\\\/\\\/www.purejewels.com\\\/#\\\/schema\\\/logo\\\/image\\\/\",\"url\":\"https:\\\/\\\/static.purejewels.com\\\/wp-content\\\/uploads\\\/2020\\\/11\\\/Logo-PJ-New-1.png\",\"contentUrl\":\"https:\\\/\\\/static.purejewels.com\\\/wp-content\\\/uploads\\\/2020\\\/11\\\/Logo-PJ-New-1.png\",\"width\":150,\"height\":80,\"caption\":\"PureJewels UK\"},\"image\":{\"@id\":\"https:\\\/\\\/www.purejewels.com\\\/#\\\/schema\\\/logo\\\/image\\\/\"}}]}<\/script>\n<!-- \/ Yoast SEO plugin. -->","yoast_head_json":{"title":"22 Ayar Sunrise Alt\u0131n \u00dc\u00e7gen Rozet Kolye | PureJewels London","description":"Zarif bir damla tasar\u0131m\u0131nda narin rozet motifleriyle haz\u0131rlanm\u0131\u015f 22 ayar Sunrise Alt\u0131n \u00dc\u00e7gen Rozet Kolyeyi ke\u015ffedin. Modern \u015f\u0131kl\u0131k i\u00e7in m\u00fckemmel.","robots":{"index":"index","follow":"follow","max-snippet":"max-snippet:-1","max-image-preview":"max-image-preview:large","max-video-preview":"max-video-preview:-1"},"canonical":"https:\/\/www.purejewels.com\/tr\/urun\/22-ayar-gundogumu-altin-ucgen-rozet-kolye-52006\/","og_locale":"tr_TR","og_type":"article","og_title":"22ct Sunrise Gold Triangle Rosette Necklace | PureJewels London","og_description":"Discover the 22ct Sunrise Gold Triangle Rosette Necklace, crafted with delicate rosette motifs in a graceful drop design. Perfect for modern elegance.","og_url":"https:\/\/www.purejewels.com\/tr\/urun\/22-ayar-gundogumu-altin-ucgen-rozet-kolye-52006\/","og_site_name":"PureJewels UK","article_modified_time":"2026-04-16T09:16:30+00:00","og_image":[{"width":1000,"height":1000,"url":"https:\/\/static.purejewels.com\/wp-content\/uploads\/2026\/04\/sku-52006-front.jpg","type":"image\/jpeg"}],"twitter_card":"summary_large_image","twitter_misc":{"Tahmini okuma s\u00fcresi":"2 dakika"},"schema":{"@context":"https:\/\/schema.org","@graph":[{"@type":["WebPage","ItemPage"],"@id":"https:\/\/www.purejewels.com\/product\/22ct-sunrise-gold-triangle-rosette-necklace-52006\/","url":"https:\/\/www.purejewels.com\/product\/22ct-sunrise-gold-triangle-rosette-necklace-52006\/","name":"22 Ayar Sunrise Alt\u0131n \u00dc\u00e7gen Rozet Kolye | PureJewels London","isPartOf":{"@id":"https:\/\/www.purejewels.com\/#website"},"primaryImageOfPage":{"@id":"https:\/\/www.purejewels.com\/product\/22ct-sunrise-gold-triangle-rosette-necklace-52006\/#primaryimage"},"image":{"@id":"https:\/\/www.purejewels.com\/product\/22ct-sunrise-gold-triangle-rosette-necklace-52006\/#primaryimage"},"thumbnailUrl":"https:\/\/static.purejewels.com\/wp-content\/uploads\/2026\/04\/sku-52006-front.jpg","datePublished":"2026-01-16T10:02:11+00:00","dateModified":"2026-04-16T09:16:30+00:00","description":"Zarif bir damla tasar\u0131m\u0131nda narin rozet motifleriyle haz\u0131rlanm\u0131\u015f 22 ayar Sunrise Alt\u0131n \u00dc\u00e7gen Rozet Kolyeyi ke\u015ffedin. Modern \u015f\u0131kl\u0131k i\u00e7in m\u00fckemmel.","breadcrumb":{"@id":"https:\/\/www.purejewels.com\/product\/22ct-sunrise-gold-triangle-rosette-necklace-52006\/#breadcrumb"},"inLanguage":"tr","potentialAction":[{"@type":"ReadAction","target":["https:\/\/www.purejewels.com\/product\/22ct-sunrise-gold-triangle-rosette-necklace-52006\/"]}]},{"@type":"ImageObject","inLanguage":"tr","@id":"https:\/\/www.purejewels.com\/product\/22ct-sunrise-gold-triangle-rosette-necklace-52006\/#primaryimage","url":"https:\/\/static.purejewels.com\/wp-content\/uploads\/2026\/04\/sku-52006-front.jpg","contentUrl":"https:\/\/static.purejewels.com\/wp-content\/uploads\/2026\/04\/sku-52006-front.jpg","width":1000,"height":1000,"caption":"22ct Sunrise Gold Triangle Rosette Necklace"},{"@type":"BreadcrumbList","@id":"https:\/\/www.purejewels.com\/product\/22ct-sunrise-gold-triangle-rosette-necklace-52006\/#breadcrumb","itemListElement":[{"@type":"ListItem","position":1,"name":"Home","item":"https:\/\/www.purejewels.com\/"},{"@type":"ListItem","position":2,"name":"Shop","item":"https:\/\/www.purejewels.com\/shop\/"},{"@type":"ListItem","position":3,"name":"22ct Sunrise Gold Triangle Rosette Necklace"}]},{"@type":"WebSite","@id":"https:\/\/www.purejewels.com\/#website","url":"https:\/\/www.purejewels.com\/","name":"PureJewels \u0130ngiltere","description":"Sevgiyi Payla\u015f\u0131n","publisher":{"@id":"https:\/\/www.purejewels.com\/#organization"},"potentialAction":[{"@type":"SearchAction","target":{"@type":"EntryPoint","urlTemplate":"https:\/\/www.purejewels.com\/?s={search_term_string}"},"query-input":{"@type":"PropertyValueSpecification","valueRequired":true,"valueName":"search_term_string"}}],"inLanguage":"tr"},{"@type":"Organization","@id":"https:\/\/www.purejewels.com\/#organization","name":"PureJewels \u0130ngiltere","url":"https:\/\/www.purejewels.com\/","logo":{"@type":"ImageObject","inLanguage":"tr","@id":"https:\/\/www.purejewels.com\/#\/schema\/logo\/image\/","url":"https:\/\/static.purejewels.com\/wp-content\/uploads\/2020\/11\/Logo-PJ-New-1.png","contentUrl":"https:\/\/static.purejewels.com\/wp-content\/uploads\/2020\/11\/Logo-PJ-New-1.png","width":150,"height":80,"caption":"PureJewels UK"},"image":{"@id":"https:\/\/www.purejewels.com\/#\/schema\/logo\/image\/"}}]}},"_links":{"self":[{"href":"https:\/\/www.purejewels.com\/tr\/wp-json\/wp\/v2\/product\/428547","targetHints":{"allow":["GET"]}}],"collection":[{"href":"https:\/\/www.purejewels.com\/tr\/wp-json\/wp\/v2\/product"}],"about":[{"href":"https:\/\/www.purejewels.com\/tr\/wp-json\/wp\/v2\/types\/product"}],"replies":[{"embeddable":true,"href":"https:\/\/www.purejewels.com\/tr\/wp-json\/wp\/v2\/comments?post=428547"}],"version-history":[{"count":1,"href":"https:\/\/www.purejewels.com\/tr\/wp-json\/wp\/v2\/product\/428547\/revisions"}],"predecessor-version":[{"id":428558,"href":"https:\/\/www.purejewels.com\/tr\/wp-json\/wp\/v2\/product\/428547\/revisions\/428558"}],"wp:featuredmedia":[{"embeddable":true,"href":"https:\/\/www.purejewels.com\/tr\/wp-json\/wp\/v2\/media\/428555"}],"wp:attachment":[{"href":"https:\/\/www.purejewels.com\/tr\/wp-json\/wp\/v2\/media?parent=428547"}],"wp:term":[{"taxonomy":"product_brand","embeddable":true,"href":"https:\/\/www.purejewels.com\/tr\/wp-json\/wp\/v2\/product_brand?post=428547"},{"taxonomy":"product_cat","embeddable":true,"href":"https:\/\/www.purejewels.com\/tr\/wp-json\/wp\/v2\/product_cat?post=428547"},{"taxonomy":"product_tag","embeddable":true,"href":"https:\/\/www.purejewels.com\/tr\/wp-json\/wp\/v2\/product_tag?post=428547"}],"curies":[{"name":"wp","href":"https:\/\/api.w.org\/{rel}","templated":true}]}}