{"id":428575,"date":"2026-01-16T10:51:15","date_gmt":"2026-01-16T10:51:15","guid":{"rendered":"https:\/\/www.purejewels.com\/?post_type=product&#038;p=428575"},"modified":"2026-04-16T11:13:25","modified_gmt":"2026-04-16T10:13:25","slug":"22-ayar-altin-telkari-uzun-rani-haar-kolye-50762","status":"publish","type":"product","link":"https:\/\/www.purejewels.com\/tr\/product\/22ct-gold-filigree-long-rani-haar-necklace-50762\/","title":{"rendered":"22 Ayar Alt\u0131n Telkari Uzun Rani Haar Kolye"},"content":{"rendered":"<p data-start=\"959\" data-end=\"1238\"><strong data-start=\"959\" data-end=\"977\">Tasar\u0131m Konsepti<\/strong><br data-start=\"977\" data-end=\"980\" \/>Rani Haar'\u0131n uzun, ak\u0131c\u0131 yap\u0131s\u0131 zarafet ve endam\u0131 simgeler, geleneksel olarak gelin k\u0131yafetlerinin zenginli\u011fini artt\u0131rmak i\u00e7in tak\u0131l\u0131r. Bu tasar\u0131m, karma\u015f\u0131k telkari i\u015f\u00e7ili\u011fiyle haz\u0131rlanm\u0131\u015f s\u00fcsl\u00fc bir merkezi kolyeye giden ince katmanl\u0131 zincirlere sahiptir.<\/p>\n<p data-start=\"1240\" data-end=\"1496\">Kolyenin detayl\u0131 desenleri alt\u0131ndan narin bir goblen olu\u015ftururken, basamakl\u0131 unsurlar hareket ve derinlik kat\u0131yor. Zincir boyunca simetrik motiflerle vurgulanan kolye, cesur duru\u015f ve rafine sanat aras\u0131nda uyumlu bir denge sa\u011fl\u0131yor.<\/p>\n<p data-start=\"1498\" data-end=\"1826\"><strong data-start=\"1498\" data-end=\"1515\">Zanaatkarl\u0131k<\/strong><br data-start=\"1515\" data-end=\"1518\" \/>L\u00fcks 22 ayar alt\u0131ndan el i\u015f\u00e7ili\u011fiyle \u00fcretilen bu par\u00e7a, ince alt\u0131n tellerin karma\u015f\u0131k bir \u015fekilde \u015fekillendirildi\u011fi ve dantel benzeri desenler olu\u015fturmak i\u00e7in kayna\u015ft\u0131r\u0131ld\u0131\u011f\u0131 eski bir teknik olan filigran\u0131n ustal\u0131\u011f\u0131n\u0131 sergiliyor. Her bir par\u00e7a titizlikle bir araya getirilerek hassasiyet, dayan\u0131kl\u0131l\u0131k ve zengin g\u00f6r\u00fcn\u00fcm\u00fcne ra\u011fmen havadar bir zarafet sa\u011flar.<\/p>\n<p data-start=\"1828\" data-end=\"1975\">Orijinallik damgas\u0131 ta\u015f\u0131yan kolye, PureJewels'in m\u00fckemmellik taahh\u00fcd\u00fcn\u00fc yans\u0131t\u0131r ve gelecek nesiller i\u00e7in miras i\u015f\u00e7ili\u011fini korur.<\/p>\n<p data-start=\"1977\" data-end=\"2254\"><strong data-start=\"1977\" data-end=\"1994\">Stil Fikirleri<\/strong><br data-start=\"1994\" data-end=\"1997\" \/>D\u00fc\u011f\u00fcnler, bayramlar ve b\u00fcy\u00fck kutlamalar i\u00e7in m\u00fckemmel olan bu Rani Haar, lehengalar, sareeler ve geleneksel topluluklarla g\u00fczel bir \u015fekilde e\u015fle\u015fir. Tek ba\u015f\u0131na bir ifade par\u00e7as\u0131 olarak veya klasik bir gelin g\u00f6r\u00fcn\u00fcm\u00fc i\u00e7in daha k\u0131sa kolyelerle katmanl\u0131 olarak \u015fekillendirilebilir.<\/p>\n<p data-start=\"2256\" data-end=\"2377\" data-is-last-node=\"\" data-is-only-node=\"\">Hayat\u0131n en anlaml\u0131 anlar\u0131n\u0131 kutlamak i\u00e7in haz\u0131rlanm\u0131\u015f ve miras ve sevginin sembol\u00fc olarak aktar\u0131lan zamans\u0131z bir yadig\u00e2r.<\/p>","protected":false},"excerpt":{"rendered":"<p>Zarif 22 ayar alt\u0131n telkari uzun Rani Haar kolye, karma\u015f\u0131k detaylara ve zarif uzun bir tasar\u0131ma sahiptir. Gelinlik ve \u00f6zel g\u00fcnler i\u00e7in m\u00fckemmeldir.<\/p>\n<p><strong>Malzeme:<\/strong> 22 Ayar Alt\u0131n (91,6% Saf Alt\u0131n)<strong><br \/>\nHallmark:\u00a0<\/strong>\u0130ngiliz Damgas\u0131<strong><br \/>\n<\/strong><strong>Br\u00fct A\u011f\u0131rl\u0131k: <\/strong>38.30 Gms<br \/>\n<strong>Uzunluk: <\/strong>27,5 in\u00e7<br \/>\n<strong>SKU:<\/strong> 50762<\/p>\n<p><strong>Fiyat ve Teslimat<\/strong>: KDV ve teslimat \u00fccreti dahil<br \/>\n<a href=\"https:\/\/www.purejewels.com\/tr\/i%cc%87ade-poli%cc%87ti%cc%87kasi\/\">\u0130ade Politikas\u0131<\/a><\/p>","protected":false},"featured_media":428576,"comment_status":"closed","ping_status":"closed","template":"","meta":{"_eb_attr":"","_crsspst_to_jayantr4sg-hostcom":true},"product_brand":[],"product_cat":[5950,236,1229,1253,252,5945,1573,1574,5349],"product_tag":[],"class_list":{"0":"post-428575","1":"product","2":"type-product","3":"status-publish","4":"has-post-thumbnail","6":"product_cat-bridal-necklace","7":"product_cat-collections","8":"product_cat-22ct-gold-jewellery","9":"product_cat-gold-necklaces","10":"product_cat-jali-collections","11":"product_cat-rani-haar","12":"product_cat-wedding-gifts","13":"product_cat-womens-jewellery","14":"product_cat-yellow-gold-jewellery","16":"first","17":"instock","18":"taxable","19":"shipping-taxable","20":"purchasable","21":"product-type-simple","22":"add-to-wishlist-before_image"},"yoast_head":"<!-- This site is optimized with the Yoast SEO plugin v27.4 - https:\/\/yoast.com\/product\/yoast-seo-wordpress\/ -->\n<title>22ct Gold Filigree Long Rani Haar Necklace | PureJewels London<\/title>\n<meta name=\"description\" content=\"Discover our 22ct gold filigree long Rani Haar necklace. Intricately handcrafted, perfect for bridal wear and timeless heirloom jewellery.\" \/>\n<meta name=\"robots\" content=\"index, follow, max-snippet:-1, max-image-preview:large, max-video-preview:-1\" \/>\n<link rel=\"canonical\" href=\"https:\/\/www.purejewels.com\/tr\/urun\/22-ayar-altin-telkari-uzun-rani-haar-kolye-50762\/\" \/>\n<meta property=\"og:locale\" content=\"tr_TR\" \/>\n<meta property=\"og:type\" content=\"article\" \/>\n<meta property=\"og:title\" content=\"22ct Gold Filigree Long Rani Haar Necklace | PureJewels London\" \/>\n<meta property=\"og:description\" content=\"Discover our 22ct gold filigree long Rani Haar necklace. Intricately handcrafted, perfect for bridal wear and timeless heirloom jewellery.\" \/>\n<meta property=\"og:url\" content=\"https:\/\/www.purejewels.com\/tr\/urun\/22-ayar-altin-telkari-uzun-rani-haar-kolye-50762\/\" \/>\n<meta property=\"og:site_name\" content=\"PureJewels UK\" \/>\n<meta property=\"article:modified_time\" content=\"2026-04-16T10:13:25+00:00\" \/>\n<meta property=\"og:image\" content=\"https:\/\/static.purejewels.com\/wp-content\/uploads\/2026\/04\/sku-50762-front.jpg\" \/>\n\t<meta property=\"og:image:width\" content=\"1000\" \/>\n\t<meta property=\"og:image:height\" content=\"1000\" \/>\n\t<meta property=\"og:image:type\" content=\"image\/jpeg\" \/>\n<meta name=\"twitter:card\" content=\"summary_large_image\" \/>\n<meta name=\"twitter:label1\" content=\"Tahmini okuma s\u00fcresi\" \/>\n\t<meta name=\"twitter:data1\" content=\"2 dakika\" \/>\n<script type=\"application\/ld+json\" class=\"yoast-schema-graph\">{\"@context\":\"https:\\\/\\\/schema.org\",\"@graph\":[{\"@type\":[\"WebPage\",\"ItemPage\"],\"@id\":\"https:\\\/\\\/www.purejewels.com\\\/product\\\/22ct-gold-filigree-long-rani-haar-necklace-50762\\\/\",\"url\":\"https:\\\/\\\/www.purejewels.com\\\/product\\\/22ct-gold-filigree-long-rani-haar-necklace-50762\\\/\",\"name\":\"22ct Gold Filigree Long Rani Haar Necklace | PureJewels London\",\"isPartOf\":{\"@id\":\"https:\\\/\\\/www.purejewels.com\\\/#website\"},\"primaryImageOfPage\":{\"@id\":\"https:\\\/\\\/www.purejewels.com\\\/product\\\/22ct-gold-filigree-long-rani-haar-necklace-50762\\\/#primaryimage\"},\"image\":{\"@id\":\"https:\\\/\\\/www.purejewels.com\\\/product\\\/22ct-gold-filigree-long-rani-haar-necklace-50762\\\/#primaryimage\"},\"thumbnailUrl\":\"https:\\\/\\\/static.purejewels.com\\\/wp-content\\\/uploads\\\/2026\\\/04\\\/sku-50762-front.jpg\",\"datePublished\":\"2026-01-16T10:51:15+00:00\",\"dateModified\":\"2026-04-16T10:13:25+00:00\",\"description\":\"Discover our 22ct gold filigree long Rani Haar necklace. Intricately handcrafted, perfect for bridal wear and timeless heirloom jewellery.\",\"breadcrumb\":{\"@id\":\"https:\\\/\\\/www.purejewels.com\\\/product\\\/22ct-gold-filigree-long-rani-haar-necklace-50762\\\/#breadcrumb\"},\"inLanguage\":\"tr\",\"potentialAction\":[{\"@type\":\"ReadAction\",\"target\":[\"https:\\\/\\\/www.purejewels.com\\\/product\\\/22ct-gold-filigree-long-rani-haar-necklace-50762\\\/\"]}]},{\"@type\":\"ImageObject\",\"inLanguage\":\"tr\",\"@id\":\"https:\\\/\\\/www.purejewels.com\\\/product\\\/22ct-gold-filigree-long-rani-haar-necklace-50762\\\/#primaryimage\",\"url\":\"https:\\\/\\\/static.purejewels.com\\\/wp-content\\\/uploads\\\/2026\\\/04\\\/sku-50762-front.jpg\",\"contentUrl\":\"https:\\\/\\\/static.purejewels.com\\\/wp-content\\\/uploads\\\/2026\\\/04\\\/sku-50762-front.jpg\",\"width\":1000,\"height\":1000,\"caption\":\"Stacked from 8 images. Method=B (R=8,S=4)\"},{\"@type\":\"BreadcrumbList\",\"@id\":\"https:\\\/\\\/www.purejewels.com\\\/product\\\/22ct-gold-filigree-long-rani-haar-necklace-50762\\\/#breadcrumb\",\"itemListElement\":[{\"@type\":\"ListItem\",\"position\":1,\"name\":\"Home\",\"item\":\"https:\\\/\\\/www.purejewels.com\\\/\"},{\"@type\":\"ListItem\",\"position\":2,\"name\":\"Shop\",\"item\":\"https:\\\/\\\/www.purejewels.com\\\/shop\\\/\"},{\"@type\":\"ListItem\",\"position\":3,\"name\":\"22ct Gold Filigree Long Rani Haar Necklace\"}]},{\"@type\":\"WebSite\",\"@id\":\"https:\\\/\\\/www.purejewels.com\\\/#website\",\"url\":\"https:\\\/\\\/www.purejewels.com\\\/\",\"name\":\"PureJewels UK\",\"description\":\"Share the Love\",\"publisher\":{\"@id\":\"https:\\\/\\\/www.purejewels.com\\\/#organization\"},\"potentialAction\":[{\"@type\":\"SearchAction\",\"target\":{\"@type\":\"EntryPoint\",\"urlTemplate\":\"https:\\\/\\\/www.purejewels.com\\\/?s={search_term_string}\"},\"query-input\":{\"@type\":\"PropertyValueSpecification\",\"valueRequired\":true,\"valueName\":\"search_term_string\"}}],\"inLanguage\":\"tr\"},{\"@type\":\"Organization\",\"@id\":\"https:\\\/\\\/www.purejewels.com\\\/#organization\",\"name\":\"PureJewels UK\",\"url\":\"https:\\\/\\\/www.purejewels.com\\\/\",\"logo\":{\"@type\":\"ImageObject\",\"inLanguage\":\"tr\",\"@id\":\"https:\\\/\\\/www.purejewels.com\\\/#\\\/schema\\\/logo\\\/image\\\/\",\"url\":\"https:\\\/\\\/static.purejewels.com\\\/wp-content\\\/uploads\\\/2020\\\/11\\\/Logo-PJ-New-1.png\",\"contentUrl\":\"https:\\\/\\\/static.purejewels.com\\\/wp-content\\\/uploads\\\/2020\\\/11\\\/Logo-PJ-New-1.png\",\"width\":150,\"height\":80,\"caption\":\"PureJewels UK\"},\"image\":{\"@id\":\"https:\\\/\\\/www.purejewels.com\\\/#\\\/schema\\\/logo\\\/image\\\/\"}}]}<\/script>\n<!-- \/ Yoast SEO plugin. -->","yoast_head_json":{"title":"22 Ayar Alt\u0131n Telkari Uzun Rani Haar Kolye | PureJewels London","description":"22 ayar alt\u0131n telkari uzun Rani Haar kolyemizi ke\u015ffedin. Karma\u015f\u0131k el i\u015f\u00e7ili\u011fi, gelin giyimi ve zamans\u0131z aile yadigar\u0131 m\u00fccevherler i\u00e7in m\u00fckemmel.","robots":{"index":"index","follow":"follow","max-snippet":"max-snippet:-1","max-image-preview":"max-image-preview:large","max-video-preview":"max-video-preview:-1"},"canonical":"https:\/\/www.purejewels.com\/tr\/urun\/22-ayar-altin-telkari-uzun-rani-haar-kolye-50762\/","og_locale":"tr_TR","og_type":"article","og_title":"22ct Gold Filigree Long Rani Haar Necklace | PureJewels London","og_description":"Discover our 22ct gold filigree long Rani Haar necklace. Intricately handcrafted, perfect for bridal wear and timeless heirloom jewellery.","og_url":"https:\/\/www.purejewels.com\/tr\/urun\/22-ayar-altin-telkari-uzun-rani-haar-kolye-50762\/","og_site_name":"PureJewels UK","article_modified_time":"2026-04-16T10:13:25+00:00","og_image":[{"width":1000,"height":1000,"url":"https:\/\/static.purejewels.com\/wp-content\/uploads\/2026\/04\/sku-50762-front.jpg","type":"image\/jpeg"}],"twitter_card":"summary_large_image","twitter_misc":{"Tahmini okuma s\u00fcresi":"2 dakika"},"schema":{"@context":"https:\/\/schema.org","@graph":[{"@type":["WebPage","ItemPage"],"@id":"https:\/\/www.purejewels.com\/product\/22ct-gold-filigree-long-rani-haar-necklace-50762\/","url":"https:\/\/www.purejewels.com\/product\/22ct-gold-filigree-long-rani-haar-necklace-50762\/","name":"22 Ayar Alt\u0131n Telkari Uzun Rani Haar Kolye | PureJewels London","isPartOf":{"@id":"https:\/\/www.purejewels.com\/#website"},"primaryImageOfPage":{"@id":"https:\/\/www.purejewels.com\/product\/22ct-gold-filigree-long-rani-haar-necklace-50762\/#primaryimage"},"image":{"@id":"https:\/\/www.purejewels.com\/product\/22ct-gold-filigree-long-rani-haar-necklace-50762\/#primaryimage"},"thumbnailUrl":"https:\/\/static.purejewels.com\/wp-content\/uploads\/2026\/04\/sku-50762-front.jpg","datePublished":"2026-01-16T10:51:15+00:00","dateModified":"2026-04-16T10:13:25+00:00","description":"22 ayar alt\u0131n telkari uzun Rani Haar kolyemizi ke\u015ffedin. Karma\u015f\u0131k el i\u015f\u00e7ili\u011fi, gelin giyimi ve zamans\u0131z aile yadigar\u0131 m\u00fccevherler i\u00e7in m\u00fckemmel.","breadcrumb":{"@id":"https:\/\/www.purejewels.com\/product\/22ct-gold-filigree-long-rani-haar-necklace-50762\/#breadcrumb"},"inLanguage":"tr","potentialAction":[{"@type":"ReadAction","target":["https:\/\/www.purejewels.com\/product\/22ct-gold-filigree-long-rani-haar-necklace-50762\/"]}]},{"@type":"ImageObject","inLanguage":"tr","@id":"https:\/\/www.purejewels.com\/product\/22ct-gold-filigree-long-rani-haar-necklace-50762\/#primaryimage","url":"https:\/\/static.purejewels.com\/wp-content\/uploads\/2026\/04\/sku-50762-front.jpg","contentUrl":"https:\/\/static.purejewels.com\/wp-content\/uploads\/2026\/04\/sku-50762-front.jpg","width":1000,"height":1000,"caption":"Stacked from 8 images. Method=B (R=8,S=4)"},{"@type":"BreadcrumbList","@id":"https:\/\/www.purejewels.com\/product\/22ct-gold-filigree-long-rani-haar-necklace-50762\/#breadcrumb","itemListElement":[{"@type":"ListItem","position":1,"name":"Home","item":"https:\/\/www.purejewels.com\/"},{"@type":"ListItem","position":2,"name":"Shop","item":"https:\/\/www.purejewels.com\/shop\/"},{"@type":"ListItem","position":3,"name":"22ct Gold Filigree Long Rani Haar Necklace"}]},{"@type":"WebSite","@id":"https:\/\/www.purejewels.com\/#website","url":"https:\/\/www.purejewels.com\/","name":"PureJewels \u0130ngiltere","description":"Sevgiyi Payla\u015f\u0131n","publisher":{"@id":"https:\/\/www.purejewels.com\/#organization"},"potentialAction":[{"@type":"SearchAction","target":{"@type":"EntryPoint","urlTemplate":"https:\/\/www.purejewels.com\/?s={search_term_string}"},"query-input":{"@type":"PropertyValueSpecification","valueRequired":true,"valueName":"search_term_string"}}],"inLanguage":"tr"},{"@type":"Organization","@id":"https:\/\/www.purejewels.com\/#organization","name":"PureJewels \u0130ngiltere","url":"https:\/\/www.purejewels.com\/","logo":{"@type":"ImageObject","inLanguage":"tr","@id":"https:\/\/www.purejewels.com\/#\/schema\/logo\/image\/","url":"https:\/\/static.purejewels.com\/wp-content\/uploads\/2020\/11\/Logo-PJ-New-1.png","contentUrl":"https:\/\/static.purejewels.com\/wp-content\/uploads\/2020\/11\/Logo-PJ-New-1.png","width":150,"height":80,"caption":"PureJewels UK"},"image":{"@id":"https:\/\/www.purejewels.com\/#\/schema\/logo\/image\/"}}]}},"_links":{"self":[{"href":"https:\/\/www.purejewels.com\/tr\/wp-json\/wp\/v2\/product\/428575","targetHints":{"allow":["GET"]}}],"collection":[{"href":"https:\/\/www.purejewels.com\/tr\/wp-json\/wp\/v2\/product"}],"about":[{"href":"https:\/\/www.purejewels.com\/tr\/wp-json\/wp\/v2\/types\/product"}],"replies":[{"embeddable":true,"href":"https:\/\/www.purejewels.com\/tr\/wp-json\/wp\/v2\/comments?post=428575"}],"version-history":[{"count":1,"href":"https:\/\/www.purejewels.com\/tr\/wp-json\/wp\/v2\/product\/428575\/revisions"}],"predecessor-version":[{"id":428578,"href":"https:\/\/www.purejewels.com\/tr\/wp-json\/wp\/v2\/product\/428575\/revisions\/428578"}],"wp:featuredmedia":[{"embeddable":true,"href":"https:\/\/www.purejewels.com\/tr\/wp-json\/wp\/v2\/media\/428576"}],"wp:attachment":[{"href":"https:\/\/www.purejewels.com\/tr\/wp-json\/wp\/v2\/media?parent=428575"}],"wp:term":[{"taxonomy":"product_brand","embeddable":true,"href":"https:\/\/www.purejewels.com\/tr\/wp-json\/wp\/v2\/product_brand?post=428575"},{"taxonomy":"product_cat","embeddable":true,"href":"https:\/\/www.purejewels.com\/tr\/wp-json\/wp\/v2\/product_cat?post=428575"},{"taxonomy":"product_tag","embeddable":true,"href":"https:\/\/www.purejewels.com\/tr\/wp-json\/wp\/v2\/product_tag?post=428575"}],"curies":[{"name":"wp","href":"https:\/\/api.w.org\/{rel}","templated":true}]}}