{"id":428585,"date":"2026-01-17T08:06:46","date_gmt":"2026-01-17T08:06:46","guid":{"rendered":"https:\/\/www.purejewels.com\/?post_type=product&#038;p=428585"},"modified":"2026-04-17T08:28:30","modified_gmt":"2026-04-17T07:28:30","slug":"22-ayar-altin-bebek-kasigi","status":"publish","type":"product","link":"https:\/\/www.purejewels.com\/tr\/product\/22ct-gold-baby-spoon\/","title":{"rendered":"22 Ayar Alt\u0131n Bebek Ka\u015f\u0131\u011f\u0131"},"content":{"rendered":"<p data-start=\"154\" data-end=\"664\"><strong data-start=\"154\" data-end=\"172\">Tasar\u0131m Konsepti<\/strong><br data-start=\"172\" data-end=\"175\" \/>Bir \u00e7ocu\u011fun en erken d\u00f6n\u00fcm noktalar\u0131n\u0131 zarafet ve anlamla onurland\u0131rmak i\u00e7in \u00f6zenle tasarlanm\u0131\u015f 22 Ayar Alt\u0131n Bebek Ka\u015f\u0131\u011f\u0131m\u0131zla hayat\u0131n en de\u011ferli ba\u015flang\u0131\u00e7lar\u0131n\u0131 kutlay\u0131n. Rafine bir sadeli\u011fin benimsendi\u011fi tasar\u0131mda, yumu\u015fak hatlara sahip kase nazik bir i\u015flevsellik sa\u011flarken, ince dokulu sap hassas bir g\u00f6rsel ayr\u0131nt\u0131 sunuyor. Minimalizm ve gelene\u011fin bu uyumlu dengesi, par\u00e7an\u0131n hem modern hem de zamans\u0131z hissetmesini sa\u011flayarak onu sevgi ve yeni ba\u015flang\u0131\u00e7lar\u0131n anlaml\u0131 bir sembol\u00fc haline getiriyor.<\/p>\n<p data-start=\"666\" data-end=\"1132\"><strong data-start=\"666\" data-end=\"683\">Zanaatkarl\u0131k<\/strong><br data-start=\"683\" data-end=\"686\" \/>Zengin 22 ayar alt\u0131ndan (916 safl\u0131kta) \u00fcretilen ve orijinalli\u011fi damgalanan bu ka\u015f\u0131k, nesillerdir s\u00fcregelen uzman kuyumcu i\u015f\u00e7ili\u011fini yans\u0131tmaktad\u0131r. Her bir par\u00e7a, hem kullan\u0131m rahatl\u0131\u011f\u0131 hem de kal\u0131c\u0131 kalite sa\u011flayan dengeli oranlara sahip p\u00fcr\u00fczs\u00fcz, cilal\u0131 bir y\u00fczey elde etmek i\u00e7in titizlikle tamamlanm\u0131\u015ft\u0131r. K\u00f6kleri mirasa ve hassasiyete dayanan i\u015f\u00e7ilik, safl\u0131\u011fa, ayr\u0131nt\u0131lara ve kal\u0131c\u0131 g\u00fczelli\u011fe olan ba\u011fl\u0131l\u0131\u011f\u0131 temsil eder ve y\u0131llarca de\u011fer verilmek \u00fczere tasarlanm\u0131\u015ft\u0131r.<\/p>\n<p data-start=\"1134\" data-end=\"1633\" data-is-last-node=\"\" data-is-only-node=\"\"><strong data-start=\"1134\" data-end=\"1161\">\u015eekillendirme ve Hediye Fikirleri<\/strong><br data-start=\"1161\" data-end=\"1164\" \/>Yeni do\u011fanlar, isim koyma t\u00f6renleri, vaftiz t\u00f6renleri veya ilk d\u00f6n\u00fcm noktalar\u0131 i\u00e7in anlaml\u0131 bir hediye olarak ideal olan bu par\u00e7a, onu de\u011ferli bir hat\u0131raya d\u00f6n\u00fc\u015ft\u00fcren sessiz bir duygusal derinlik ta\u015f\u0131r. Daha ki\u015fisel bir dokunu\u015f i\u00e7in \u00fczerine bir isim veya \u00f6zel bir tarih kaz\u0131narak ger\u00e7ekten t\u00fcr\u00fcn\u00fcn tek \u00f6rne\u011fi bir yadig\u00e2r yarat\u0131labilir. Ayr\u0131ca, alt\u0131n bir bilezik veya kolye ucu ile birlikte koordine edilmi\u015f bir hediye setinin par\u00e7as\u0131 olarak zarif bir \u015fekilde \u015fekillendirilebilir ve yeni bir yolculu\u011fu kutlamak i\u00e7in zarif ve d\u00fc\u015f\u00fcnceli bir yol sunar.<\/p>","protected":false},"excerpt":{"rendered":"<p>Zamans\u0131z bir hat\u0131ra olan bu 22 ayar alt\u0131n bebek ka\u015f\u0131\u011f\u0131, safl\u0131k ve \u00f6zenle \u00fcretilmi\u015ftir ve yeni do\u011fmu\u015f bir bebe\u011fin ilk kilometre ta\u015flar\u0131n\u0131 zarafet ve mirasla kutlamak i\u00e7in anlaml\u0131 bir hediyedir.<\/p>\n<p><strong>Malzeme:<\/strong>\u00a022 Ayar Alt\u0131n (91,6% Saf Alt\u0131n)<strong><br \/>\nHallmark:\u00a0<\/strong>\u0130ngiliz Damgas\u0131<strong><br \/>\n<\/strong><strong>Br\u00fct A\u011f\u0131rl\u0131k: <\/strong>7,5 Gms<br \/>\n<strong>SKU:<\/strong> 55115<\/p>\n<p><strong>Fiyat ve Teslimat:<\/strong>\u00a0KDV ve teslimat \u00fccretleri dahil<strong><br \/>\n<a href=\"https:\/\/www.purejewels.com\/tr\/i%cc%87ade-poli%cc%87ti%cc%87kasi\/\">\u0130ade Politikas\u0131<\/a><\/strong><\/p>","protected":false},"featured_media":428598,"comment_status":"closed","ping_status":"closed","template":"","meta":{"_eb_attr":"","_crsspst_to_jayantr4sg-hostcom":false},"product_brand":[],"product_cat":[1576,1790,6196],"product_tag":[],"class_list":{"0":"post-428585","1":"product","2":"type-product","3":"status-publish","4":"has-post-thumbnail","6":"product_cat-childrens-jewellery","7":"product_cat-for-whom-when","8":"product_cat-gold-spoon","10":"first","11":"instock","12":"taxable","13":"shipping-taxable","14":"purchasable","15":"product-type-simple","16":"add-to-wishlist-before_image"},"yoast_head":"<!-- This site is optimized with the Yoast SEO plugin v27.4 - https:\/\/yoast.com\/product\/yoast-seo-wordpress\/ -->\n<title>22ct Gold Baby Spoon | Hallmarked Gifts| Luxury Baby Gift UK<\/title>\n<meta name=\"description\" content=\"Discover our 22ct gold baby spoon, beautifully crafted and hallmarked for purity, making it a meaningful luxury gift for newborns, christenings, and naming ceremonies.\" \/>\n<meta name=\"robots\" content=\"index, follow, max-snippet:-1, max-image-preview:large, max-video-preview:-1\" \/>\n<link rel=\"canonical\" href=\"https:\/\/www.purejewels.com\/tr\/urun\/22-ayar-altin-bebek-kasigi\/\" \/>\n<meta property=\"og:locale\" content=\"tr_TR\" \/>\n<meta property=\"og:type\" content=\"article\" \/>\n<meta property=\"og:title\" content=\"22ct Gold Baby Spoon | Hallmarked Gifts| Luxury Baby Gift UK\" \/>\n<meta property=\"og:description\" content=\"Discover our 22ct gold baby spoon, beautifully crafted and hallmarked for purity, making it a meaningful luxury gift for newborns, christenings, and naming ceremonies.\" \/>\n<meta property=\"og:url\" content=\"https:\/\/www.purejewels.com\/tr\/urun\/22-ayar-altin-bebek-kasigi\/\" \/>\n<meta property=\"og:site_name\" content=\"PureJewels UK\" \/>\n<meta property=\"article:modified_time\" content=\"2026-04-17T07:28:30+00:00\" \/>\n<meta property=\"og:image\" content=\"https:\/\/static.purejewels.com\/wp-content\/uploads\/2026\/04\/sku-55115-back.jpg\" \/>\n\t<meta property=\"og:image:width\" content=\"1000\" \/>\n\t<meta property=\"og:image:height\" content=\"1000\" \/>\n\t<meta property=\"og:image:type\" content=\"image\/jpeg\" \/>\n<meta name=\"twitter:card\" content=\"summary_large_image\" \/>\n<meta name=\"twitter:label1\" content=\"Tahmini okuma s\u00fcresi\" \/>\n\t<meta name=\"twitter:data1\" content=\"2 dakika\" \/>\n<script type=\"application\/ld+json\" class=\"yoast-schema-graph\">{\"@context\":\"https:\\\/\\\/schema.org\",\"@graph\":[{\"@type\":[\"WebPage\",\"ItemPage\"],\"@id\":\"https:\\\/\\\/www.purejewels.com\\\/product\\\/22ct-gold-baby-spoon\\\/\",\"url\":\"https:\\\/\\\/www.purejewels.com\\\/product\\\/22ct-gold-baby-spoon\\\/\",\"name\":\"22ct Gold Baby Spoon | Hallmarked Gifts| Luxury Baby Gift UK\",\"isPartOf\":{\"@id\":\"https:\\\/\\\/www.purejewels.com\\\/#website\"},\"primaryImageOfPage\":{\"@id\":\"https:\\\/\\\/www.purejewels.com\\\/product\\\/22ct-gold-baby-spoon\\\/#primaryimage\"},\"image\":{\"@id\":\"https:\\\/\\\/www.purejewels.com\\\/product\\\/22ct-gold-baby-spoon\\\/#primaryimage\"},\"thumbnailUrl\":\"https:\\\/\\\/static.purejewels.com\\\/wp-content\\\/uploads\\\/2026\\\/04\\\/sku-55115-back.jpg\",\"datePublished\":\"2026-01-17T08:06:46+00:00\",\"dateModified\":\"2026-04-17T07:28:30+00:00\",\"description\":\"Discover our 22ct gold baby spoon, beautifully crafted and hallmarked for purity, making it a meaningful luxury gift for newborns, christenings, and naming ceremonies.\",\"breadcrumb\":{\"@id\":\"https:\\\/\\\/www.purejewels.com\\\/product\\\/22ct-gold-baby-spoon\\\/#breadcrumb\"},\"inLanguage\":\"tr\",\"potentialAction\":[{\"@type\":\"ReadAction\",\"target\":[\"https:\\\/\\\/www.purejewels.com\\\/product\\\/22ct-gold-baby-spoon\\\/\"]}]},{\"@type\":\"ImageObject\",\"inLanguage\":\"tr\",\"@id\":\"https:\\\/\\\/www.purejewels.com\\\/product\\\/22ct-gold-baby-spoon\\\/#primaryimage\",\"url\":\"https:\\\/\\\/static.purejewels.com\\\/wp-content\\\/uploads\\\/2026\\\/04\\\/sku-55115-back.jpg\",\"contentUrl\":\"https:\\\/\\\/static.purejewels.com\\\/wp-content\\\/uploads\\\/2026\\\/04\\\/sku-55115-back.jpg\",\"width\":1000,\"height\":1000,\"caption\":\"Stacked from 13 images. Method=B (R=8,S=4)\"},{\"@type\":\"BreadcrumbList\",\"@id\":\"https:\\\/\\\/www.purejewels.com\\\/product\\\/22ct-gold-baby-spoon\\\/#breadcrumb\",\"itemListElement\":[{\"@type\":\"ListItem\",\"position\":1,\"name\":\"Home\",\"item\":\"https:\\\/\\\/www.purejewels.com\\\/\"},{\"@type\":\"ListItem\",\"position\":2,\"name\":\"Shop\",\"item\":\"https:\\\/\\\/www.purejewels.com\\\/shop\\\/\"},{\"@type\":\"ListItem\",\"position\":3,\"name\":\"22ct Gold Baby Spoon\"}]},{\"@type\":\"WebSite\",\"@id\":\"https:\\\/\\\/www.purejewels.com\\\/#website\",\"url\":\"https:\\\/\\\/www.purejewels.com\\\/\",\"name\":\"PureJewels UK\",\"description\":\"Share the Love\",\"publisher\":{\"@id\":\"https:\\\/\\\/www.purejewels.com\\\/#organization\"},\"potentialAction\":[{\"@type\":\"SearchAction\",\"target\":{\"@type\":\"EntryPoint\",\"urlTemplate\":\"https:\\\/\\\/www.purejewels.com\\\/?s={search_term_string}\"},\"query-input\":{\"@type\":\"PropertyValueSpecification\",\"valueRequired\":true,\"valueName\":\"search_term_string\"}}],\"inLanguage\":\"tr\"},{\"@type\":\"Organization\",\"@id\":\"https:\\\/\\\/www.purejewels.com\\\/#organization\",\"name\":\"PureJewels UK\",\"url\":\"https:\\\/\\\/www.purejewels.com\\\/\",\"logo\":{\"@type\":\"ImageObject\",\"inLanguage\":\"tr\",\"@id\":\"https:\\\/\\\/www.purejewels.com\\\/#\\\/schema\\\/logo\\\/image\\\/\",\"url\":\"https:\\\/\\\/static.purejewels.com\\\/wp-content\\\/uploads\\\/2020\\\/11\\\/Logo-PJ-New-1.png\",\"contentUrl\":\"https:\\\/\\\/static.purejewels.com\\\/wp-content\\\/uploads\\\/2020\\\/11\\\/Logo-PJ-New-1.png\",\"width\":150,\"height\":80,\"caption\":\"PureJewels UK\"},\"image\":{\"@id\":\"https:\\\/\\\/www.purejewels.com\\\/#\\\/schema\\\/logo\\\/image\\\/\"}}]}<\/script>\n<!-- \/ Yoast SEO plugin. -->","yoast_head_json":{"title":"22 Ayar Alt\u0131n Bebek Ka\u015f\u0131\u011f\u0131 | Damgal\u0131 Hediyeler| L\u00fcks Bebek Hediyesi \u0130ngiltere","description":"Yeni do\u011fanlar, vaftiz t\u00f6renleri ve isim verme t\u00f6renleri i\u00e7in anlaml\u0131 ve l\u00fcks bir hediye olan, g\u00fczelce haz\u0131rlanm\u0131\u015f ve safl\u0131k damgal\u0131 22 ayar alt\u0131n bebek ka\u015f\u0131\u011f\u0131m\u0131z\u0131 ke\u015ffedin.","robots":{"index":"index","follow":"follow","max-snippet":"max-snippet:-1","max-image-preview":"max-image-preview:large","max-video-preview":"max-video-preview:-1"},"canonical":"https:\/\/www.purejewels.com\/tr\/urun\/22-ayar-altin-bebek-kasigi\/","og_locale":"tr_TR","og_type":"article","og_title":"22ct Gold Baby Spoon | Hallmarked Gifts| Luxury Baby Gift UK","og_description":"Discover our 22ct gold baby spoon, beautifully crafted and hallmarked for purity, making it a meaningful luxury gift for newborns, christenings, and naming ceremonies.","og_url":"https:\/\/www.purejewels.com\/tr\/urun\/22-ayar-altin-bebek-kasigi\/","og_site_name":"PureJewels UK","article_modified_time":"2026-04-17T07:28:30+00:00","og_image":[{"width":1000,"height":1000,"url":"https:\/\/static.purejewels.com\/wp-content\/uploads\/2026\/04\/sku-55115-back.jpg","type":"image\/jpeg"}],"twitter_card":"summary_large_image","twitter_misc":{"Tahmini okuma s\u00fcresi":"2 dakika"},"schema":{"@context":"https:\/\/schema.org","@graph":[{"@type":["WebPage","ItemPage"],"@id":"https:\/\/www.purejewels.com\/product\/22ct-gold-baby-spoon\/","url":"https:\/\/www.purejewels.com\/product\/22ct-gold-baby-spoon\/","name":"22 Ayar Alt\u0131n Bebek Ka\u015f\u0131\u011f\u0131 | Damgal\u0131 Hediyeler| L\u00fcks Bebek Hediyesi \u0130ngiltere","isPartOf":{"@id":"https:\/\/www.purejewels.com\/#website"},"primaryImageOfPage":{"@id":"https:\/\/www.purejewels.com\/product\/22ct-gold-baby-spoon\/#primaryimage"},"image":{"@id":"https:\/\/www.purejewels.com\/product\/22ct-gold-baby-spoon\/#primaryimage"},"thumbnailUrl":"https:\/\/static.purejewels.com\/wp-content\/uploads\/2026\/04\/sku-55115-back.jpg","datePublished":"2026-01-17T08:06:46+00:00","dateModified":"2026-04-17T07:28:30+00:00","description":"Yeni do\u011fanlar, vaftiz t\u00f6renleri ve isim verme t\u00f6renleri i\u00e7in anlaml\u0131 ve l\u00fcks bir hediye olan, g\u00fczelce haz\u0131rlanm\u0131\u015f ve safl\u0131k damgal\u0131 22 ayar alt\u0131n bebek ka\u015f\u0131\u011f\u0131m\u0131z\u0131 ke\u015ffedin.","breadcrumb":{"@id":"https:\/\/www.purejewels.com\/product\/22ct-gold-baby-spoon\/#breadcrumb"},"inLanguage":"tr","potentialAction":[{"@type":"ReadAction","target":["https:\/\/www.purejewels.com\/product\/22ct-gold-baby-spoon\/"]}]},{"@type":"ImageObject","inLanguage":"tr","@id":"https:\/\/www.purejewels.com\/product\/22ct-gold-baby-spoon\/#primaryimage","url":"https:\/\/static.purejewels.com\/wp-content\/uploads\/2026\/04\/sku-55115-back.jpg","contentUrl":"https:\/\/static.purejewels.com\/wp-content\/uploads\/2026\/04\/sku-55115-back.jpg","width":1000,"height":1000,"caption":"Stacked from 13 images. Method=B (R=8,S=4)"},{"@type":"BreadcrumbList","@id":"https:\/\/www.purejewels.com\/product\/22ct-gold-baby-spoon\/#breadcrumb","itemListElement":[{"@type":"ListItem","position":1,"name":"Home","item":"https:\/\/www.purejewels.com\/"},{"@type":"ListItem","position":2,"name":"Shop","item":"https:\/\/www.purejewels.com\/shop\/"},{"@type":"ListItem","position":3,"name":"22ct Gold Baby Spoon"}]},{"@type":"WebSite","@id":"https:\/\/www.purejewels.com\/#website","url":"https:\/\/www.purejewels.com\/","name":"PureJewels \u0130ngiltere","description":"Sevgiyi Payla\u015f\u0131n","publisher":{"@id":"https:\/\/www.purejewels.com\/#organization"},"potentialAction":[{"@type":"SearchAction","target":{"@type":"EntryPoint","urlTemplate":"https:\/\/www.purejewels.com\/?s={search_term_string}"},"query-input":{"@type":"PropertyValueSpecification","valueRequired":true,"valueName":"search_term_string"}}],"inLanguage":"tr"},{"@type":"Organization","@id":"https:\/\/www.purejewels.com\/#organization","name":"PureJewels \u0130ngiltere","url":"https:\/\/www.purejewels.com\/","logo":{"@type":"ImageObject","inLanguage":"tr","@id":"https:\/\/www.purejewels.com\/#\/schema\/logo\/image\/","url":"https:\/\/static.purejewels.com\/wp-content\/uploads\/2020\/11\/Logo-PJ-New-1.png","contentUrl":"https:\/\/static.purejewels.com\/wp-content\/uploads\/2020\/11\/Logo-PJ-New-1.png","width":150,"height":80,"caption":"PureJewels UK"},"image":{"@id":"https:\/\/www.purejewels.com\/#\/schema\/logo\/image\/"}}]}},"_links":{"self":[{"href":"https:\/\/www.purejewels.com\/tr\/wp-json\/wp\/v2\/product\/428585","targetHints":{"allow":["GET"]}}],"collection":[{"href":"https:\/\/www.purejewels.com\/tr\/wp-json\/wp\/v2\/product"}],"about":[{"href":"https:\/\/www.purejewels.com\/tr\/wp-json\/wp\/v2\/types\/product"}],"replies":[{"embeddable":true,"href":"https:\/\/www.purejewels.com\/tr\/wp-json\/wp\/v2\/comments?post=428585"}],"version-history":[{"count":2,"href":"https:\/\/www.purejewels.com\/tr\/wp-json\/wp\/v2\/product\/428585\/revisions"}],"predecessor-version":[{"id":428604,"href":"https:\/\/www.purejewels.com\/tr\/wp-json\/wp\/v2\/product\/428585\/revisions\/428604"}],"wp:featuredmedia":[{"embeddable":true,"href":"https:\/\/www.purejewels.com\/tr\/wp-json\/wp\/v2\/media\/428598"}],"wp:attachment":[{"href":"https:\/\/www.purejewels.com\/tr\/wp-json\/wp\/v2\/media?parent=428585"}],"wp:term":[{"taxonomy":"product_brand","embeddable":true,"href":"https:\/\/www.purejewels.com\/tr\/wp-json\/wp\/v2\/product_brand?post=428585"},{"taxonomy":"product_cat","embeddable":true,"href":"https:\/\/www.purejewels.com\/tr\/wp-json\/wp\/v2\/product_cat?post=428585"},{"taxonomy":"product_tag","embeddable":true,"href":"https:\/\/www.purejewels.com\/tr\/wp-json\/wp\/v2\/product_tag?post=428585"}],"curies":[{"name":"wp","href":"https:\/\/api.w.org\/{rel}","templated":true}]}}