{"id":4286,"date":"2017-07-19T13:26:51","date_gmt":"2017-07-19T12:26:51","guid":{"rendered":"http:\/\/new.purejewels.com\/product\/christian-bauer-wedding-ring-274466\/"},"modified":"2025-05-29T14:01:47","modified_gmt":"2025-05-29T13:01:47","slug":"christian-bauer-alyans-274466","status":"publish","type":"product","link":"https:\/\/www.purejewels.com\/tr\/product\/christian-bauer-wedding-ring-274466\/","title":{"rendered":"Christian Bauer Alyans Y\u00fcz\u00fck"},"content":{"rendered":"<p>Erkek alyans - 274466<br \/>\nMetal Platin<br \/>\nGeni\u015flik: 7 mm<br \/>\n*Sipari\u015f vermek i\u00e7in Canl\u0131 Sohbet'i a\u00e7\u0131n.<\/p>","protected":false},"excerpt":{"rendered":"<h2>Christian Bauer Alyanslar<\/h2>\n<p>Farkl\u0131 bir erkek alyans\u0131 ar\u0131yorsan\u0131z, Christian Bauer ile tan\u0131\u015f\u0131n.  Bu Alman kuyumcu 100 y\u0131l\u0131 a\u015fk\u0131n s\u00fcredir orijinal alyanslar \u00fcretiyor ve sekt\u00f6rdeki en yeni tasar\u0131mlardan baz\u0131lar\u0131n\u0131 ortaya \u00e7\u0131karmaya devam ediyor.  Bu zig-zag desenli stil, platin (resimde), paladyum veya beyaz alt\u0131n olarak mevcut olan pop\u00fcler dokulu bir erkek alyans\u0131d\u0131r.  Platin se\u00e7ene\u011fi, gri ve lacivert gibi so\u011fuk renkler giyiyorsan\u0131z cilt tonunuza uyacak daha so\u011fuk bir parlakl\u0131\u011fa sahiptir.  Desen, y\u00fcz\u00fc\u011f\u00fcn parlat\u0131ld\u0131\u011f\u0131 ve orijinalli\u011fini garanti etmek i\u00e7in Alman K\u00f6knar\u0131 ile damgaland\u0131\u011f\u0131 Almanya'daki zanaatkarlar taraf\u0131ndan ustal\u0131kla uygulanm\u0131\u015ft\u0131r.  Alyans\u0131n\u0131z i\u00e7in para harcad\u0131\u011f\u0131n\u0131za pi\u015fman olmayacaks\u0131n\u0131z, bu y\u00fczden konuyu ciddiye al\u0131n.  *Bedeninizin stokta olup olmad\u0131\u011f\u0131n\u0131 \u00f6\u011frenmek ve se\u00e7enekler hakk\u0131nda soru sormak i\u00e7in Canl\u0131 Sohbet'i kullan\u0131n.  Ma\u011faza i\u00e7i dan\u0131\u015fmanlar\u0131m\u0131z konu\u015fmaya haz\u0131rd\u0131r.*<\/p>\n<p>Londra'da Christian Bauer y\u00fcz\u00fcklerinin yetkili sat\u0131c\u0131s\u0131<br \/>\nErkek alyans - 274466<br \/>\nMetal Platin<br \/>\nGeni\u015flik: 7 mm<br \/>\n*Sipari\u015f vermek i\u00e7in Canl\u0131 Sohbet'i a\u00e7\u0131n.<\/p>\n<h2><strong>PureJewels - Christian Bauer'in Birle\u015fik Krall\u0131k'taki yetkili stok\u00e7usu.<br \/>\n<\/strong><\/h2>\n<p>Bir alyans i\u00e7in internette gezinmek zor olabilir, bu y\u00fczden bunu kolayla\u015ft\u0131rmaya \u00e7al\u0131\u015f\u0131yoruz.  \u00d6ncelikle, hangi metalin sizin i\u00e7in do\u011fru oldu\u011fu ve parma\u011f\u0131n\u0131z\u0131 nas\u0131l \u00f6l\u00e7ece\u011finiz konusunda mant\u0131kl\u0131 ve d\u00fcr\u00fcst tavsiyeler i\u00e7in Canl\u0131 Sohbet'i kullan\u0131n.  Daha sonra, haz\u0131r oldu\u011funuzda Canl\u0131 Sohbet \u00fczerinden veya showroom'a telefon ederek sipari\u015f verebilirsiniz.  Londra yak\u0131nlar\u0131ndaysan\u0131z, gelip y\u00fcz\u00fckleri \u015fahsen g\u00f6rmekten memnuniyet duyars\u0131n\u0131z.  Size en yeni Christian Bauer alyanslar\u0131n\u0131 g\u00f6stermekten mutluluk duyaca\u011f\u0131z, b\u00f6ylece ger\u00e7ek hayatta konforu ve biti\u015fi takdir edebilirsiniz.<\/p>","protected":false},"featured_media":315601,"comment_status":"closed","ping_status":"closed","template":"","meta":{"_eb_attr":"","_crsspst_to_jayantr4sg-hostcom":false},"product_brand":[],"product_cat":[238,1572,1800,5293,5294,229,226],"product_tag":[],"class_list":{"0":"post-4286","1":"product","2":"type-product","3":"status-publish","4":"has-post-thumbnail","6":"product_cat-christian-bauer-brands","7":"product_cat-mens-jewellery","8":"product_cat-platinum-bands","9":"product_cat-platinum-wedding-bands-2","10":"product_cat-platinum-wedding-bands-for-men","11":"product_cat-wedding-bands","12":"product_cat-wedding-rings-bands","14":"first","15":"onbackorder","16":"taxable","17":"shipping-taxable","18":"product-type-simple","19":"add-to-wishlist-before_image"},"yoast_head":"<!-- This site is optimized with the Yoast SEO plugin v27.5 - https:\/\/yoast.com\/product\/yoast-seo-wordpress\/ -->\n<title>Men&#039;s Wedding Rings | Christian Bauer Wedding Band Ring<\/title>\n<meta name=\"description\" content=\"Shop Christian Bauer Wedding Rings Online. PureJewels \u2013 authorised stockist of Christian Bauer in London UK.\" \/>\n<meta name=\"robots\" content=\"index, follow, max-snippet:-1, max-image-preview:large, max-video-preview:-1\" \/>\n<link rel=\"canonical\" href=\"https:\/\/www.purejewels.com\/tr\/urun\/christian-bauer-alyans-274466\/\" \/>\n<meta property=\"og:locale\" content=\"tr_TR\" \/>\n<meta property=\"og:type\" content=\"article\" \/>\n<meta property=\"og:title\" content=\"Men&#039;s Wedding Rings | Christian Bauer Wedding Band Ring\" \/>\n<meta property=\"og:description\" content=\"Shop Christian Bauer Wedding Rings Online. PureJewels \u2013 authorised stockist of Christian Bauer in London UK.\" \/>\n<meta property=\"og:url\" content=\"https:\/\/www.purejewels.com\/tr\/urun\/christian-bauer-alyans-274466\/\" \/>\n<meta property=\"og:site_name\" content=\"PureJewels UK\" \/>\n<meta property=\"article:modified_time\" content=\"2025-05-29T13:01:47+00:00\" \/>\n<meta property=\"og:image\" content=\"https:\/\/www.purejewels.com\/wp-content\/uploads\/2020\/07\/137221936.jpg\" \/>\n\t<meta property=\"og:image:width\" content=\"960\" \/>\n\t<meta property=\"og:image:height\" content=\"960\" \/>\n\t<meta property=\"og:image:type\" content=\"image\/jpeg\" \/>\n<meta name=\"twitter:card\" content=\"summary_large_image\" \/>\n<meta name=\"twitter:label1\" content=\"Tahmini okuma s\u00fcresi\" \/>\n\t<meta name=\"twitter:data1\" content=\"1 dakika\" \/>\n<script type=\"application\/ld+json\" class=\"yoast-schema-graph\">{\"@context\":\"https:\\\/\\\/schema.org\",\"@graph\":[{\"@type\":[\"WebPage\",\"ItemPage\"],\"@id\":\"https:\\\/\\\/www.purejewels.com\\\/product\\\/christian-bauer-wedding-ring-274466\\\/\",\"url\":\"https:\\\/\\\/www.purejewels.com\\\/product\\\/christian-bauer-wedding-ring-274466\\\/\",\"name\":\"Men's Wedding Rings | Christian Bauer Wedding Band Ring\",\"isPartOf\":{\"@id\":\"https:\\\/\\\/www.purejewels.com\\\/#website\"},\"primaryImageOfPage\":{\"@id\":\"https:\\\/\\\/www.purejewels.com\\\/product\\\/christian-bauer-wedding-ring-274466\\\/#primaryimage\"},\"image\":{\"@id\":\"https:\\\/\\\/www.purejewels.com\\\/product\\\/christian-bauer-wedding-ring-274466\\\/#primaryimage\"},\"thumbnailUrl\":\"https:\\\/\\\/static.purejewels.com\\\/wp-content\\\/uploads\\\/2020\\\/07\\\/137221936.jpg\",\"datePublished\":\"2017-07-19T12:26:51+00:00\",\"dateModified\":\"2025-05-29T13:01:47+00:00\",\"description\":\"Shop Christian Bauer Wedding Rings Online. PureJewels \u2013 authorised stockist of Christian Bauer in London UK.\",\"breadcrumb\":{\"@id\":\"https:\\\/\\\/www.purejewels.com\\\/product\\\/christian-bauer-wedding-ring-274466\\\/#breadcrumb\"},\"inLanguage\":\"tr\",\"potentialAction\":[{\"@type\":\"ReadAction\",\"target\":[\"https:\\\/\\\/www.purejewels.com\\\/product\\\/christian-bauer-wedding-ring-274466\\\/\"]}]},{\"@type\":\"ImageObject\",\"inLanguage\":\"tr\",\"@id\":\"https:\\\/\\\/www.purejewels.com\\\/product\\\/christian-bauer-wedding-ring-274466\\\/#primaryimage\",\"url\":\"https:\\\/\\\/static.purejewels.com\\\/wp-content\\\/uploads\\\/2020\\\/07\\\/137221936.jpg\",\"contentUrl\":\"https:\\\/\\\/static.purejewels.com\\\/wp-content\\\/uploads\\\/2020\\\/07\\\/137221936.jpg\",\"width\":960,\"height\":960,\"caption\":\"Authorised Christian Bauer London StockistMan\u2019s ringRing number 2744667,0 mm\"},{\"@type\":\"BreadcrumbList\",\"@id\":\"https:\\\/\\\/www.purejewels.com\\\/product\\\/christian-bauer-wedding-ring-274466\\\/#breadcrumb\",\"itemListElement\":[{\"@type\":\"ListItem\",\"position\":1,\"name\":\"Home\",\"item\":\"https:\\\/\\\/www.purejewels.com\\\/\"},{\"@type\":\"ListItem\",\"position\":2,\"name\":\"Shop\",\"item\":\"https:\\\/\\\/www.purejewels.com\\\/shop\\\/\"},{\"@type\":\"ListItem\",\"position\":3,\"name\":\"Christian Bauer Wedding Band Ring\"}]},{\"@type\":\"WebSite\",\"@id\":\"https:\\\/\\\/www.purejewels.com\\\/#website\",\"url\":\"https:\\\/\\\/www.purejewels.com\\\/\",\"name\":\"PureJewels UK\",\"description\":\"Share the Love\",\"publisher\":{\"@id\":\"https:\\\/\\\/www.purejewels.com\\\/#organization\"},\"potentialAction\":[{\"@type\":\"SearchAction\",\"target\":{\"@type\":\"EntryPoint\",\"urlTemplate\":\"https:\\\/\\\/www.purejewels.com\\\/?s={search_term_string}\"},\"query-input\":{\"@type\":\"PropertyValueSpecification\",\"valueRequired\":true,\"valueName\":\"search_term_string\"}}],\"inLanguage\":\"tr\"},{\"@type\":\"Organization\",\"@id\":\"https:\\\/\\\/www.purejewels.com\\\/#organization\",\"name\":\"PureJewels UK\",\"url\":\"https:\\\/\\\/www.purejewels.com\\\/\",\"logo\":{\"@type\":\"ImageObject\",\"inLanguage\":\"tr\",\"@id\":\"https:\\\/\\\/www.purejewels.com\\\/#\\\/schema\\\/logo\\\/image\\\/\",\"url\":\"https:\\\/\\\/static.purejewels.com\\\/wp-content\\\/uploads\\\/2020\\\/11\\\/Logo-PJ-New-1.png\",\"contentUrl\":\"https:\\\/\\\/static.purejewels.com\\\/wp-content\\\/uploads\\\/2020\\\/11\\\/Logo-PJ-New-1.png\",\"width\":150,\"height\":80,\"caption\":\"PureJewels UK\"},\"image\":{\"@id\":\"https:\\\/\\\/www.purejewels.com\\\/#\\\/schema\\\/logo\\\/image\\\/\"}}]}<\/script>\n<!-- \/ Yoast SEO plugin. -->","yoast_head_json":{"title":"Erkek Alyanslar\u0131 | Christian Bauer Alyans Y\u00fcz\u00fck","description":"Christian Bauer Alyanslar\u0131n\u0131 Online Sat\u0131n Al\u0131n. PureJewels - Londra \u0130ngiltere'de Christian Bauer yetkili sat\u0131c\u0131s\u0131.","robots":{"index":"index","follow":"follow","max-snippet":"max-snippet:-1","max-image-preview":"max-image-preview:large","max-video-preview":"max-video-preview:-1"},"canonical":"https:\/\/www.purejewels.com\/tr\/urun\/christian-bauer-alyans-274466\/","og_locale":"tr_TR","og_type":"article","og_title":"Men's Wedding Rings | Christian Bauer Wedding Band Ring","og_description":"Shop Christian Bauer Wedding Rings Online. PureJewels \u2013 authorised stockist of Christian Bauer in London UK.","og_url":"https:\/\/www.purejewels.com\/tr\/urun\/christian-bauer-alyans-274466\/","og_site_name":"PureJewels UK","article_modified_time":"2025-05-29T13:01:47+00:00","og_image":[{"width":960,"height":960,"url":"https:\/\/www.purejewels.com\/wp-content\/uploads\/2020\/07\/137221936.jpg","type":"image\/jpeg"}],"twitter_card":"summary_large_image","twitter_misc":{"Tahmini okuma s\u00fcresi":"1 dakika"},"schema":{"@context":"https:\/\/schema.org","@graph":[{"@type":["WebPage","ItemPage"],"@id":"https:\/\/www.purejewels.com\/product\/christian-bauer-wedding-ring-274466\/","url":"https:\/\/www.purejewels.com\/product\/christian-bauer-wedding-ring-274466\/","name":"Erkek Alyanslar\u0131 | Christian Bauer Alyans Y\u00fcz\u00fck","isPartOf":{"@id":"https:\/\/www.purejewels.com\/#website"},"primaryImageOfPage":{"@id":"https:\/\/www.purejewels.com\/product\/christian-bauer-wedding-ring-274466\/#primaryimage"},"image":{"@id":"https:\/\/www.purejewels.com\/product\/christian-bauer-wedding-ring-274466\/#primaryimage"},"thumbnailUrl":"https:\/\/static.purejewels.com\/wp-content\/uploads\/2020\/07\/137221936.jpg","datePublished":"2017-07-19T12:26:51+00:00","dateModified":"2025-05-29T13:01:47+00:00","description":"Christian Bauer Alyanslar\u0131n\u0131 Online Sat\u0131n Al\u0131n. PureJewels - Londra \u0130ngiltere'de Christian Bauer yetkili sat\u0131c\u0131s\u0131.","breadcrumb":{"@id":"https:\/\/www.purejewels.com\/product\/christian-bauer-wedding-ring-274466\/#breadcrumb"},"inLanguage":"tr","potentialAction":[{"@type":"ReadAction","target":["https:\/\/www.purejewels.com\/product\/christian-bauer-wedding-ring-274466\/"]}]},{"@type":"ImageObject","inLanguage":"tr","@id":"https:\/\/www.purejewels.com\/product\/christian-bauer-wedding-ring-274466\/#primaryimage","url":"https:\/\/static.purejewels.com\/wp-content\/uploads\/2020\/07\/137221936.jpg","contentUrl":"https:\/\/static.purejewels.com\/wp-content\/uploads\/2020\/07\/137221936.jpg","width":960,"height":960,"caption":"Authorised Christian Bauer London StockistMan\u2019s ringRing number 2744667,0 mm"},{"@type":"BreadcrumbList","@id":"https:\/\/www.purejewels.com\/product\/christian-bauer-wedding-ring-274466\/#breadcrumb","itemListElement":[{"@type":"ListItem","position":1,"name":"Home","item":"https:\/\/www.purejewels.com\/"},{"@type":"ListItem","position":2,"name":"Shop","item":"https:\/\/www.purejewels.com\/shop\/"},{"@type":"ListItem","position":3,"name":"Christian Bauer Wedding Band Ring"}]},{"@type":"WebSite","@id":"https:\/\/www.purejewels.com\/#website","url":"https:\/\/www.purejewels.com\/","name":"PureJewels \u0130ngiltere","description":"Sevgiyi Payla\u015f\u0131n","publisher":{"@id":"https:\/\/www.purejewels.com\/#organization"},"potentialAction":[{"@type":"SearchAction","target":{"@type":"EntryPoint","urlTemplate":"https:\/\/www.purejewels.com\/?s={search_term_string}"},"query-input":{"@type":"PropertyValueSpecification","valueRequired":true,"valueName":"search_term_string"}}],"inLanguage":"tr"},{"@type":"Organization","@id":"https:\/\/www.purejewels.com\/#organization","name":"PureJewels \u0130ngiltere","url":"https:\/\/www.purejewels.com\/","logo":{"@type":"ImageObject","inLanguage":"tr","@id":"https:\/\/www.purejewels.com\/#\/schema\/logo\/image\/","url":"https:\/\/static.purejewels.com\/wp-content\/uploads\/2020\/11\/Logo-PJ-New-1.png","contentUrl":"https:\/\/static.purejewels.com\/wp-content\/uploads\/2020\/11\/Logo-PJ-New-1.png","width":150,"height":80,"caption":"PureJewels UK"},"image":{"@id":"https:\/\/www.purejewels.com\/#\/schema\/logo\/image\/"}}]}},"_links":{"self":[{"href":"https:\/\/www.purejewels.com\/tr\/wp-json\/wp\/v2\/product\/4286","targetHints":{"allow":["GET"]}}],"collection":[{"href":"https:\/\/www.purejewels.com\/tr\/wp-json\/wp\/v2\/product"}],"about":[{"href":"https:\/\/www.purejewels.com\/tr\/wp-json\/wp\/v2\/types\/product"}],"replies":[{"embeddable":true,"href":"https:\/\/www.purejewels.com\/tr\/wp-json\/wp\/v2\/comments?post=4286"}],"version-history":[{"count":1,"href":"https:\/\/www.purejewels.com\/tr\/wp-json\/wp\/v2\/product\/4286\/revisions"}],"predecessor-version":[{"id":398892,"href":"https:\/\/www.purejewels.com\/tr\/wp-json\/wp\/v2\/product\/4286\/revisions\/398892"}],"wp:featuredmedia":[{"embeddable":true,"href":"https:\/\/www.purejewels.com\/tr\/wp-json\/wp\/v2\/media\/315601"}],"wp:attachment":[{"href":"https:\/\/www.purejewels.com\/tr\/wp-json\/wp\/v2\/media?parent=4286"}],"wp:term":[{"taxonomy":"product_brand","embeddable":true,"href":"https:\/\/www.purejewels.com\/tr\/wp-json\/wp\/v2\/product_brand?post=4286"},{"taxonomy":"product_cat","embeddable":true,"href":"https:\/\/www.purejewels.com\/tr\/wp-json\/wp\/v2\/product_cat?post=4286"},{"taxonomy":"product_tag","embeddable":true,"href":"https:\/\/www.purejewels.com\/tr\/wp-json\/wp\/v2\/product_tag?post=4286"}],"curies":[{"name":"wp","href":"https:\/\/api.w.org\/{rel}","templated":true}]}}