{"id":428602,"date":"2026-01-17T08:22:29","date_gmt":"2026-01-17T08:22:29","guid":{"rendered":"https:\/\/www.purejewels.com\/?post_type=product&#038;p=428602"},"modified":"2026-04-17T08:41:32","modified_gmt":"2026-04-17T07:41:32","slug":"22-ayar-altin-bebek-kasigi-oymali-sap-55116","status":"publish","type":"product","link":"https:\/\/www.purejewels.com\/tr\/product\/22ct-gold-baby-spoon-engraved-handle-55116\/","title":{"rendered":"22 Ayar Alt\u0131n Bebek Ka\u015f\u0131\u011f\u0131 - \u0130\u015flemeli Sap"},"content":{"rendered":"<p data-start=\"627\" data-end=\"1100\"><strong data-start=\"627\" data-end=\"645\">Tasar\u0131m Konsepti<\/strong><br data-start=\"645\" data-end=\"648\" \/>Narin sanat\u0131n anlaml\u0131 tasar\u0131mla bulu\u015ftu\u011fu 22 Ayar Alt\u0131n Bebek Ka\u015f\u0131\u011f\u0131 - Oymal\u0131 Sap ile yeni ba\u015flang\u0131\u00e7lar\u0131n g\u00fczelli\u011fini kutlay\u0131n. Yumu\u015fak hatl\u0131 \u00e7anak nazik bir i\u015flevsellik sunarken, karma\u015f\u0131k bir \u015fekilde oyulmu\u015f sapta b\u00fcy\u00fcmeyi, beslenmeyi ve yeni ya\u015fam\u0131 sembolize eden ak\u0131c\u0131, yapraktan ilham alan bir desen bulunur. S\u00fcsleme detaylar\u0131 ve zarif formun bu uyumlu kar\u0131\u015f\u0131m\u0131, hem zamans\u0131z hem de duygusal a\u00e7\u0131dan anlaml\u0131 bir par\u00e7a yarat\u0131yor.<\/p>\n<p data-start=\"1102\" data-end=\"1547\"><strong data-start=\"1102\" data-end=\"1119\">Zanaatkarl\u0131k<\/strong><br data-start=\"1119\" data-end=\"1122\" \/>Zengin 22 ayar alt\u0131ndan (916 safl\u0131kta) \u00fcretilen ve orijinalli\u011fi damgalanan bu ka\u015f\u0131k, nesillerdir s\u00fcregelen uzman kuyumcu i\u015f\u00e7ili\u011fini yans\u0131tmaktad\u0131r. Oyma detaylar derinlik ve netlik elde etmek i\u00e7in \u00f6zenle i\u015flenirken, genel y\u00fczey rahatl\u0131k ve dayan\u0131kl\u0131l\u0131k i\u00e7in p\u00fcr\u00fczs\u00fcz ve cilal\u0131 kal\u0131r. Her bir unsur \u00f6zenle dengelenerek par\u00e7an\u0131n yaln\u0131zca zarif g\u00f6r\u00fcnmekle kalmay\u0131p y\u0131llarca de\u011ferinin bilinmesi sa\u011flanm\u0131\u015ft\u0131r.<\/p>\n<p data-start=\"1549\" data-end=\"2038\" data-is-last-node=\"\" data-is-only-node=\"\"><strong data-start=\"1549\" data-end=\"1576\">Hediye Fikirleri<\/strong><br data-start=\"1576\" data-end=\"1579\" \/>Yeni do\u011fanlar, isim koyma t\u00f6renleri, vaftiz t\u00f6renleri veya ilk d\u00f6n\u00fcm noktalar\u0131 i\u00e7in anlaml\u0131 bir hediye olarak m\u00fckemmel olan bu ka\u015f\u0131k, sessiz bir duygusal derinlik ta\u015f\u0131r ve onu de\u011ferli bir yadigara d\u00f6n\u00fc\u015ft\u00fcr\u00fcr. Daha ki\u015fisel bir dokunu\u015f i\u00e7in \u00fczerine bir isim ya da \u00f6zel bir tarih kaz\u0131nabilir ve alt\u0131n bir bilezik ya da kolye ucu ile uyumlu bir hediye seti olu\u015fturabilir. Yeni bir yolculu\u011fu kutlaman\u0131n zarif bir yolu olan bu hediye, sevginin, miras\u0131n ve d\u00fc\u015f\u00fcnceli hediyele\u015fmenin kal\u0131c\u0131 bir sembol\u00fc haline gelir.<\/p>","protected":false},"excerpt":{"rendered":"<p data-start=\"446\" data-end=\"594\">Yeni do\u011fmu\u015f bir bebe\u011fin ilk kilometre ta\u015flar\u0131n\u0131 kutlamak i\u00e7in zamans\u0131z bir hat\u0131ra olarak tasarlanm\u0131\u015f, oymal\u0131 sapl\u0131, g\u00fczel detaylara sahip 22 ayar alt\u0131n bebek ka\u015f\u0131\u011f\u0131.<\/p>\n<p><strong>Malzeme:<\/strong>\u00a022 Ayar Alt\u0131n (91,6% Saf Alt\u0131n)<strong><br \/>\nHallmark:\u00a0<\/strong>\u0130ngiliz Damgas\u0131<strong><br \/>\n<\/strong><strong>Br\u00fct A\u011f\u0131rl\u0131k: <\/strong>7.60 Gms<br \/>\n<strong>SKU:<\/strong> 55116<\/p>\n<p><strong>Fiyat ve Teslimat:<\/strong>\u00a0KDV ve teslimat \u00fccretleri dahil<strong><br \/>\n<a href=\"https:\/\/www.purejewels.com\/tr\/i%cc%87ade-poli%cc%87ti%cc%87kasi\/\">\u0130ade Politikas\u0131<\/a><\/strong><\/p>","protected":false},"featured_media":428605,"comment_status":"closed","ping_status":"closed","template":"","meta":{"_eb_attr":"","_crsspst_to_jayantr4sg-hostcom":false},"product_brand":[],"product_cat":[1576,1790,6196],"product_tag":[],"class_list":{"0":"post-428602","1":"product","2":"type-product","3":"status-publish","4":"has-post-thumbnail","6":"product_cat-childrens-jewellery","7":"product_cat-for-whom-when","8":"product_cat-gold-spoon","10":"first","11":"instock","12":"taxable","13":"shipping-taxable","14":"purchasable","15":"product-type-simple","16":"add-to-wishlist-before_image"},"yoast_head":"<!-- This site is optimized with the Yoast SEO plugin v27.4 - https:\/\/yoast.com\/product\/yoast-seo-wordpress\/ -->\n<title>22ct Gold Baby Spoon \u2013 Engraved Handle | Luxury Baby Gift UK<\/title>\n<meta name=\"description\" content=\"Shop a 22ct gold baby spoon with an engraved handle, hallmarked for purity. A timeless luxury gift for newborns, christenings, and naming ceremonies.\" \/>\n<meta name=\"robots\" content=\"index, follow, max-snippet:-1, max-image-preview:large, max-video-preview:-1\" \/>\n<link rel=\"canonical\" href=\"https:\/\/www.purejewels.com\/tr\/urun\/22-ayar-altin-bebek-kasigi-oymali-sap-55116\/\" \/>\n<meta property=\"og:locale\" content=\"tr_TR\" \/>\n<meta property=\"og:type\" content=\"article\" \/>\n<meta property=\"og:title\" content=\"22ct Gold Baby Spoon \u2013 Engraved Handle | Luxury Baby Gift UK\" \/>\n<meta property=\"og:description\" content=\"Shop a 22ct gold baby spoon with an engraved handle, hallmarked for purity. A timeless luxury gift for newborns, christenings, and naming ceremonies.\" \/>\n<meta property=\"og:url\" content=\"https:\/\/www.purejewels.com\/tr\/urun\/22-ayar-altin-bebek-kasigi-oymali-sap-55116\/\" \/>\n<meta property=\"og:site_name\" content=\"PureJewels UK\" \/>\n<meta property=\"article:modified_time\" content=\"2026-04-17T07:41:32+00:00\" \/>\n<meta property=\"og:image\" content=\"https:\/\/static.purejewels.com\/wp-content\/uploads\/2026\/01\/sku-55116-back.jpg\" \/>\n\t<meta property=\"og:image:width\" content=\"1000\" \/>\n\t<meta property=\"og:image:height\" content=\"1000\" \/>\n\t<meta property=\"og:image:type\" content=\"image\/jpeg\" \/>\n<meta name=\"twitter:card\" content=\"summary_large_image\" \/>\n<meta name=\"twitter:label1\" content=\"Tahmini okuma s\u00fcresi\" \/>\n\t<meta name=\"twitter:data1\" content=\"2 dakika\" \/>\n<script type=\"application\/ld+json\" class=\"yoast-schema-graph\">{\"@context\":\"https:\\\/\\\/schema.org\",\"@graph\":[{\"@type\":[\"WebPage\",\"ItemPage\"],\"@id\":\"https:\\\/\\\/www.purejewels.com\\\/product\\\/22ct-gold-baby-spoon-engraved-handle-55116\\\/\",\"url\":\"https:\\\/\\\/www.purejewels.com\\\/product\\\/22ct-gold-baby-spoon-engraved-handle-55116\\\/\",\"name\":\"22ct Gold Baby Spoon \u2013 Engraved Handle | Luxury Baby Gift UK\",\"isPartOf\":{\"@id\":\"https:\\\/\\\/www.purejewels.com\\\/#website\"},\"primaryImageOfPage\":{\"@id\":\"https:\\\/\\\/www.purejewels.com\\\/product\\\/22ct-gold-baby-spoon-engraved-handle-55116\\\/#primaryimage\"},\"image\":{\"@id\":\"https:\\\/\\\/www.purejewels.com\\\/product\\\/22ct-gold-baby-spoon-engraved-handle-55116\\\/#primaryimage\"},\"thumbnailUrl\":\"https:\\\/\\\/static.purejewels.com\\\/wp-content\\\/uploads\\\/2026\\\/01\\\/sku-55116-back.jpg\",\"datePublished\":\"2026-01-17T08:22:29+00:00\",\"dateModified\":\"2026-04-17T07:41:32+00:00\",\"description\":\"Shop a 22ct gold baby spoon with an engraved handle, hallmarked for purity. A timeless luxury gift for newborns, christenings, and naming ceremonies.\",\"breadcrumb\":{\"@id\":\"https:\\\/\\\/www.purejewels.com\\\/product\\\/22ct-gold-baby-spoon-engraved-handle-55116\\\/#breadcrumb\"},\"inLanguage\":\"tr\",\"potentialAction\":[{\"@type\":\"ReadAction\",\"target\":[\"https:\\\/\\\/www.purejewels.com\\\/product\\\/22ct-gold-baby-spoon-engraved-handle-55116\\\/\"]}]},{\"@type\":\"ImageObject\",\"inLanguage\":\"tr\",\"@id\":\"https:\\\/\\\/www.purejewels.com\\\/product\\\/22ct-gold-baby-spoon-engraved-handle-55116\\\/#primaryimage\",\"url\":\"https:\\\/\\\/static.purejewels.com\\\/wp-content\\\/uploads\\\/2026\\\/01\\\/sku-55116-back.jpg\",\"contentUrl\":\"https:\\\/\\\/static.purejewels.com\\\/wp-content\\\/uploads\\\/2026\\\/01\\\/sku-55116-back.jpg\",\"width\":1000,\"height\":1000,\"caption\":\"22ct Gold Spoon\"},{\"@type\":\"BreadcrumbList\",\"@id\":\"https:\\\/\\\/www.purejewels.com\\\/product\\\/22ct-gold-baby-spoon-engraved-handle-55116\\\/#breadcrumb\",\"itemListElement\":[{\"@type\":\"ListItem\",\"position\":1,\"name\":\"Home\",\"item\":\"https:\\\/\\\/www.purejewels.com\\\/\"},{\"@type\":\"ListItem\",\"position\":2,\"name\":\"Shop\",\"item\":\"https:\\\/\\\/www.purejewels.com\\\/shop\\\/\"},{\"@type\":\"ListItem\",\"position\":3,\"name\":\"22ct Gold Baby Spoon \u2013 Engraved Handle\"}]},{\"@type\":\"WebSite\",\"@id\":\"https:\\\/\\\/www.purejewels.com\\\/#website\",\"url\":\"https:\\\/\\\/www.purejewels.com\\\/\",\"name\":\"PureJewels UK\",\"description\":\"Share the Love\",\"publisher\":{\"@id\":\"https:\\\/\\\/www.purejewels.com\\\/#organization\"},\"potentialAction\":[{\"@type\":\"SearchAction\",\"target\":{\"@type\":\"EntryPoint\",\"urlTemplate\":\"https:\\\/\\\/www.purejewels.com\\\/?s={search_term_string}\"},\"query-input\":{\"@type\":\"PropertyValueSpecification\",\"valueRequired\":true,\"valueName\":\"search_term_string\"}}],\"inLanguage\":\"tr\"},{\"@type\":\"Organization\",\"@id\":\"https:\\\/\\\/www.purejewels.com\\\/#organization\",\"name\":\"PureJewels UK\",\"url\":\"https:\\\/\\\/www.purejewels.com\\\/\",\"logo\":{\"@type\":\"ImageObject\",\"inLanguage\":\"tr\",\"@id\":\"https:\\\/\\\/www.purejewels.com\\\/#\\\/schema\\\/logo\\\/image\\\/\",\"url\":\"https:\\\/\\\/static.purejewels.com\\\/wp-content\\\/uploads\\\/2020\\\/11\\\/Logo-PJ-New-1.png\",\"contentUrl\":\"https:\\\/\\\/static.purejewels.com\\\/wp-content\\\/uploads\\\/2020\\\/11\\\/Logo-PJ-New-1.png\",\"width\":150,\"height\":80,\"caption\":\"PureJewels UK\"},\"image\":{\"@id\":\"https:\\\/\\\/www.purejewels.com\\\/#\\\/schema\\\/logo\\\/image\\\/\"}}]}<\/script>\n<!-- \/ Yoast SEO plugin. -->","yoast_head_json":{"title":"22 Ayar Alt\u0131n Bebek Ka\u015f\u0131\u011f\u0131 - \u0130\u015flemeli Sap | L\u00fcks Bebek Hediyesi \u0130ngiltere","description":"Safl\u0131k damgal\u0131, oymal\u0131 sapl\u0131 22 ayar alt\u0131n bebek ka\u015f\u0131\u011f\u0131 sat\u0131n al\u0131n. Yeni do\u011fanlar, vaftiz t\u00f6renleri ve isim verme t\u00f6renleri i\u00e7in zamans\u0131z l\u00fcks bir hediye.","robots":{"index":"index","follow":"follow","max-snippet":"max-snippet:-1","max-image-preview":"max-image-preview:large","max-video-preview":"max-video-preview:-1"},"canonical":"https:\/\/www.purejewels.com\/tr\/urun\/22-ayar-altin-bebek-kasigi-oymali-sap-55116\/","og_locale":"tr_TR","og_type":"article","og_title":"22ct Gold Baby Spoon \u2013 Engraved Handle | Luxury Baby Gift UK","og_description":"Shop a 22ct gold baby spoon with an engraved handle, hallmarked for purity. A timeless luxury gift for newborns, christenings, and naming ceremonies.","og_url":"https:\/\/www.purejewels.com\/tr\/urun\/22-ayar-altin-bebek-kasigi-oymali-sap-55116\/","og_site_name":"PureJewels UK","article_modified_time":"2026-04-17T07:41:32+00:00","og_image":[{"width":1000,"height":1000,"url":"https:\/\/static.purejewels.com\/wp-content\/uploads\/2026\/01\/sku-55116-back.jpg","type":"image\/jpeg"}],"twitter_card":"summary_large_image","twitter_misc":{"Tahmini okuma s\u00fcresi":"2 dakika"},"schema":{"@context":"https:\/\/schema.org","@graph":[{"@type":["WebPage","ItemPage"],"@id":"https:\/\/www.purejewels.com\/product\/22ct-gold-baby-spoon-engraved-handle-55116\/","url":"https:\/\/www.purejewels.com\/product\/22ct-gold-baby-spoon-engraved-handle-55116\/","name":"22 Ayar Alt\u0131n Bebek Ka\u015f\u0131\u011f\u0131 - \u0130\u015flemeli Sap | L\u00fcks Bebek Hediyesi \u0130ngiltere","isPartOf":{"@id":"https:\/\/www.purejewels.com\/#website"},"primaryImageOfPage":{"@id":"https:\/\/www.purejewels.com\/product\/22ct-gold-baby-spoon-engraved-handle-55116\/#primaryimage"},"image":{"@id":"https:\/\/www.purejewels.com\/product\/22ct-gold-baby-spoon-engraved-handle-55116\/#primaryimage"},"thumbnailUrl":"https:\/\/static.purejewels.com\/wp-content\/uploads\/2026\/01\/sku-55116-back.jpg","datePublished":"2026-01-17T08:22:29+00:00","dateModified":"2026-04-17T07:41:32+00:00","description":"Safl\u0131k damgal\u0131, oymal\u0131 sapl\u0131 22 ayar alt\u0131n bebek ka\u015f\u0131\u011f\u0131 sat\u0131n al\u0131n. Yeni do\u011fanlar, vaftiz t\u00f6renleri ve isim verme t\u00f6renleri i\u00e7in zamans\u0131z l\u00fcks bir hediye.","breadcrumb":{"@id":"https:\/\/www.purejewels.com\/product\/22ct-gold-baby-spoon-engraved-handle-55116\/#breadcrumb"},"inLanguage":"tr","potentialAction":[{"@type":"ReadAction","target":["https:\/\/www.purejewels.com\/product\/22ct-gold-baby-spoon-engraved-handle-55116\/"]}]},{"@type":"ImageObject","inLanguage":"tr","@id":"https:\/\/www.purejewels.com\/product\/22ct-gold-baby-spoon-engraved-handle-55116\/#primaryimage","url":"https:\/\/static.purejewels.com\/wp-content\/uploads\/2026\/01\/sku-55116-back.jpg","contentUrl":"https:\/\/static.purejewels.com\/wp-content\/uploads\/2026\/01\/sku-55116-back.jpg","width":1000,"height":1000,"caption":"22ct Gold Spoon"},{"@type":"BreadcrumbList","@id":"https:\/\/www.purejewels.com\/product\/22ct-gold-baby-spoon-engraved-handle-55116\/#breadcrumb","itemListElement":[{"@type":"ListItem","position":1,"name":"Home","item":"https:\/\/www.purejewels.com\/"},{"@type":"ListItem","position":2,"name":"Shop","item":"https:\/\/www.purejewels.com\/shop\/"},{"@type":"ListItem","position":3,"name":"22ct Gold Baby Spoon \u2013 Engraved Handle"}]},{"@type":"WebSite","@id":"https:\/\/www.purejewels.com\/#website","url":"https:\/\/www.purejewels.com\/","name":"PureJewels \u0130ngiltere","description":"Sevgiyi Payla\u015f\u0131n","publisher":{"@id":"https:\/\/www.purejewels.com\/#organization"},"potentialAction":[{"@type":"SearchAction","target":{"@type":"EntryPoint","urlTemplate":"https:\/\/www.purejewels.com\/?s={search_term_string}"},"query-input":{"@type":"PropertyValueSpecification","valueRequired":true,"valueName":"search_term_string"}}],"inLanguage":"tr"},{"@type":"Organization","@id":"https:\/\/www.purejewels.com\/#organization","name":"PureJewels \u0130ngiltere","url":"https:\/\/www.purejewels.com\/","logo":{"@type":"ImageObject","inLanguage":"tr","@id":"https:\/\/www.purejewels.com\/#\/schema\/logo\/image\/","url":"https:\/\/static.purejewels.com\/wp-content\/uploads\/2020\/11\/Logo-PJ-New-1.png","contentUrl":"https:\/\/static.purejewels.com\/wp-content\/uploads\/2020\/11\/Logo-PJ-New-1.png","width":150,"height":80,"caption":"PureJewels UK"},"image":{"@id":"https:\/\/www.purejewels.com\/#\/schema\/logo\/image\/"}}]}},"_links":{"self":[{"href":"https:\/\/www.purejewels.com\/tr\/wp-json\/wp\/v2\/product\/428602","targetHints":{"allow":["GET"]}}],"collection":[{"href":"https:\/\/www.purejewels.com\/tr\/wp-json\/wp\/v2\/product"}],"about":[{"href":"https:\/\/www.purejewels.com\/tr\/wp-json\/wp\/v2\/types\/product"}],"replies":[{"embeddable":true,"href":"https:\/\/www.purejewels.com\/tr\/wp-json\/wp\/v2\/comments?post=428602"}],"version-history":[{"count":1,"href":"https:\/\/www.purejewels.com\/tr\/wp-json\/wp\/v2\/product\/428602\/revisions"}],"predecessor-version":[{"id":428603,"href":"https:\/\/www.purejewels.com\/tr\/wp-json\/wp\/v2\/product\/428602\/revisions\/428603"}],"wp:featuredmedia":[{"embeddable":true,"href":"https:\/\/www.purejewels.com\/tr\/wp-json\/wp\/v2\/media\/428605"}],"wp:attachment":[{"href":"https:\/\/www.purejewels.com\/tr\/wp-json\/wp\/v2\/media?parent=428602"}],"wp:term":[{"taxonomy":"product_brand","embeddable":true,"href":"https:\/\/www.purejewels.com\/tr\/wp-json\/wp\/v2\/product_brand?post=428602"},{"taxonomy":"product_cat","embeddable":true,"href":"https:\/\/www.purejewels.com\/tr\/wp-json\/wp\/v2\/product_cat?post=428602"},{"taxonomy":"product_tag","embeddable":true,"href":"https:\/\/www.purejewels.com\/tr\/wp-json\/wp\/v2\/product_tag?post=428602"}],"curies":[{"name":"wp","href":"https:\/\/api.w.org\/{rel}","templated":true}]}}