{"id":428632,"date":"2026-01-17T10:48:56","date_gmt":"2026-01-17T10:48:56","guid":{"rendered":"https:\/\/www.purejewels.com\/?post_type=product&#038;p=428632"},"modified":"2026-04-17T11:00:13","modified_gmt":"2026-04-17T10:00:13","slug":"22-ayar-altin-dokulu-sepet-halka-kupe-55333","status":"publish","type":"product","link":"https:\/\/www.purejewels.com\/tr\/product\/22ct-gold-textured-basket-hoop-earrings-55333\/","title":{"rendered":"22 Ayar Alt\u0131n Dokulu Sepet Halka K\u00fcpe"},"content":{"rendered":"<p data-start=\"662\" data-end=\"1135\"><strong data-start=\"662\" data-end=\"680\">Tasar\u0131m Konsepti<\/strong><br data-start=\"680\" data-end=\"683\" \/>22 Ayar Alt\u0131n Dokulu Sepet Halka K\u00fcpe, heykelsi form ve karma\u015f\u0131k y\u00fczey detaylar\u0131ndan esinlenerek tasarlanm\u0131\u015ft\u0131r ve kendine \u00f6zg\u00fc sepet benzeri yap\u0131s\u0131yla yumu\u015fak k\u0131vr\u0131ml\u0131 bir siluete sahiptir. Y\u00fczeydeki y\u00f6nl\u00fc doku, zengin bir \u0131\u015f\u0131k ve g\u00f6lge etkile\u015fimi yaratarak k\u00fcpelere \u0131\u015f\u0131lt\u0131l\u0131, boyutsal bir nitelik kazand\u0131r\u0131r. Bu tasar\u0131m, geleneksel sanat ve modern inceli\u011fi bir araya getirerek alt\u0131n tak\u0131lar\u0131n cesur ama zamans\u0131z bir ifadesini sunuyor.<\/p>\n<p data-start=\"1137\" data-end=\"1570\"><strong data-start=\"1137\" data-end=\"1154\">Zanaatkarl\u0131k<\/strong><br data-start=\"1154\" data-end=\"1157\" \/>Zengin 22 ayar alt\u0131ndan (916 safl\u0131kta) \u00fcretilmi\u015f ve orijinalli\u011fi damgalanm\u0131\u015f bu k\u00fcpeler ola\u011fan\u00fcst\u00fc kuyumcu i\u015f\u00e7ili\u011fini yans\u0131tmaktad\u0131r. Her bir faset parlakl\u0131\u011f\u0131 art\u0131rmak i\u00e7in \u00f6zenle kesilirken, yap\u0131 hem g\u00fcc\u00fc hem de rahatl\u0131\u011f\u0131 korumak i\u00e7in dengelenmi\u015ftir. \u0130\u00e7 kavis, kullan\u0131m kolayl\u0131\u011f\u0131 i\u00e7in p\u00fcr\u00fczs\u00fcz bir \u015fekilde tamamlanm\u0131\u015ft\u0131r ve her ayr\u0131nt\u0131, dayan\u0131kl\u0131l\u0131k ve y\u0131llarca de\u011fer verilebilecek l\u00fcks bir y\u00fczey sa\u011flamak i\u00e7in rafine edilmi\u015ftir.<\/p>\n<p data-start=\"1572\" data-end=\"1972\" data-is-last-node=\"\" data-is-only-node=\"\"><strong data-start=\"1572\" data-end=\"1589\">Stil Fikirleri<\/strong><br data-start=\"1589\" data-end=\"1592\" \/>\u00c7ok y\u00f6nl\u00fc oldu\u011fu kadar kendine \u00f6zg\u00fc de olan bu k\u00fcpeler hem g\u00fcnl\u00fck kullan\u0131m hem de \u00f6zel g\u00fcnler i\u00e7in m\u00fckemmeldir. Zarif, minimal bir g\u00f6r\u00fcn\u00fcm i\u00e7in sade bir alt\u0131n zincirle e\u015fle\u015ftirin veya zanaatkar cazibesini art\u0131rmak i\u00e7in dokulu bileklikler ve katmanl\u0131 m\u00fccevherlerle stilize edin. Cesur dokular\u0131, zahmetsizce \u00f6ne \u00e7\u0131kmalar\u0131n\u0131 sa\u011flayarak onlar\u0131 her m\u00fccevher koleksiyonuna sofistike bir katk\u0131 haline getirir.<\/p>","protected":false},"excerpt":{"rendered":"<p>G\u00f6r\u00fcn\u00fcm\u00fcn\u00fcze derinlik ve parlakl\u0131k katmak i\u00e7in tasarlanm\u0131\u015f, y\u00f6nl\u00fc detaylara sahip, g\u00fczelce i\u015flenmi\u015f 22 ayar alt\u0131n dokulu sepet halka k\u00fcpe.<\/p>\n<p><strong>Malzeme:<\/strong>\u00a022 Ayar Alt\u0131n<br \/>\n<strong>Safl\u0131k:<\/strong>\u00a091.6% saf<br \/>\n<strong>Hallmark:<\/strong>\u00a0\u0130ngiliz Damgas\u0131<strong><br \/>\n<\/strong><strong>Br\u00fct A\u011f\u0131rl\u0131k: <\/strong>1.89 Gms<br \/>\n<strong>SKU:<\/strong> 55333, 55332, 55331, 55329, 55327, 55326<\/p>\n<p><strong>Fiyat ve Teslimat<\/strong>: KDV ve teslimat \u00fccreti dahil<br \/>\n<a href=\"https:\/\/www.purejewels.com\/tr\/i%cc%87ade-poli%cc%87ti%cc%87kasi\/\">\u0130ade Politikas\u0131<\/a><\/p>","protected":false},"featured_media":428633,"comment_status":"closed","ping_status":"closed","template":"","meta":{"_eb_attr":"","_crsspst_to_jayantr4sg-hostcom":true},"product_brand":[],"product_cat":[1559,1793,1254,1579,5343,5608,1575,1574,5349],"product_tag":[],"class_list":{"0":"post-428632","1":"product","2":"type-product","3":"status-publish","4":"has-post-thumbnail","6":"product_cat-birthday-gifts","7":"product_cat-diwali-gifts","8":"product_cat-gold-earrings","9":"product_cat-hoop-earrings","10":"product_cat-jewellery-under-550","11":"product_cat-simple-hoops","12":"product_cat-teenage-jewellery","13":"product_cat-womens-jewellery","14":"product_cat-yellow-gold-jewellery","16":"first","17":"instock","18":"taxable","19":"shipping-taxable","20":"purchasable","21":"product-type-simple","22":"add-to-wishlist-before_image"},"yoast_head":"<!-- This site is optimized with the Yoast SEO plugin v27.4 - https:\/\/yoast.com\/product\/yoast-seo-wordpress\/ -->\n<title>22ct Gold Textured Basket Hoop Earrings | Gold Hoops UK<\/title>\n<meta name=\"description\" content=\"Discover 22ct gold textured basket hoop earrings with intricate faceted detailing. Hallmarked for purity, perfect for everyday elegance and special occasions.\" \/>\n<meta name=\"robots\" content=\"index, follow, max-snippet:-1, max-image-preview:large, max-video-preview:-1\" \/>\n<link rel=\"canonical\" href=\"https:\/\/www.purejewels.com\/tr\/urun\/22-ayar-altin-dokulu-sepet-halka-kupe-55333\/\" \/>\n<meta property=\"og:locale\" content=\"tr_TR\" \/>\n<meta property=\"og:type\" content=\"article\" \/>\n<meta property=\"og:title\" content=\"22ct Gold Textured Basket Hoop Earrings | Gold Hoops UK\" \/>\n<meta property=\"og:description\" content=\"Discover 22ct gold textured basket hoop earrings with intricate faceted detailing. Hallmarked for purity, perfect for everyday elegance and special occasions.\" \/>\n<meta property=\"og:url\" content=\"https:\/\/www.purejewels.com\/tr\/urun\/22-ayar-altin-dokulu-sepet-halka-kupe-55333\/\" \/>\n<meta property=\"og:site_name\" content=\"PureJewels UK\" \/>\n<meta property=\"article:modified_time\" content=\"2026-04-17T10:00:13+00:00\" \/>\n<meta property=\"og:image\" content=\"https:\/\/static.purejewels.com\/wp-content\/uploads\/2026\/04\/jwerbnrp068-side.jpg\" \/>\n\t<meta property=\"og:image:width\" content=\"1000\" \/>\n\t<meta property=\"og:image:height\" content=\"1000\" \/>\n\t<meta property=\"og:image:type\" content=\"image\/jpeg\" \/>\n<meta name=\"twitter:card\" content=\"summary_large_image\" \/>\n<meta name=\"twitter:label1\" content=\"Tahmini okuma s\u00fcresi\" \/>\n\t<meta name=\"twitter:data1\" content=\"2 dakika\" \/>\n<script type=\"application\/ld+json\" class=\"yoast-schema-graph\">{\"@context\":\"https:\\\/\\\/schema.org\",\"@graph\":[{\"@type\":[\"WebPage\",\"ItemPage\"],\"@id\":\"https:\\\/\\\/www.purejewels.com\\\/product\\\/22ct-gold-textured-basket-hoop-earrings-55333\\\/\",\"url\":\"https:\\\/\\\/www.purejewels.com\\\/product\\\/22ct-gold-textured-basket-hoop-earrings-55333\\\/\",\"name\":\"22ct Gold Textured Basket Hoop Earrings | Gold Hoops UK\",\"isPartOf\":{\"@id\":\"https:\\\/\\\/www.purejewels.com\\\/#website\"},\"primaryImageOfPage\":{\"@id\":\"https:\\\/\\\/www.purejewels.com\\\/product\\\/22ct-gold-textured-basket-hoop-earrings-55333\\\/#primaryimage\"},\"image\":{\"@id\":\"https:\\\/\\\/www.purejewels.com\\\/product\\\/22ct-gold-textured-basket-hoop-earrings-55333\\\/#primaryimage\"},\"thumbnailUrl\":\"https:\\\/\\\/static.purejewels.com\\\/wp-content\\\/uploads\\\/2026\\\/04\\\/jwerbnrp068-side.jpg\",\"datePublished\":\"2026-01-17T10:48:56+00:00\",\"dateModified\":\"2026-04-17T10:00:13+00:00\",\"description\":\"Discover 22ct gold textured basket hoop earrings with intricate faceted detailing. Hallmarked for purity, perfect for everyday elegance and special occasions.\",\"breadcrumb\":{\"@id\":\"https:\\\/\\\/www.purejewels.com\\\/product\\\/22ct-gold-textured-basket-hoop-earrings-55333\\\/#breadcrumb\"},\"inLanguage\":\"tr\",\"potentialAction\":[{\"@type\":\"ReadAction\",\"target\":[\"https:\\\/\\\/www.purejewels.com\\\/product\\\/22ct-gold-textured-basket-hoop-earrings-55333\\\/\"]}]},{\"@type\":\"ImageObject\",\"inLanguage\":\"tr\",\"@id\":\"https:\\\/\\\/www.purejewels.com\\\/product\\\/22ct-gold-textured-basket-hoop-earrings-55333\\\/#primaryimage\",\"url\":\"https:\\\/\\\/static.purejewels.com\\\/wp-content\\\/uploads\\\/2026\\\/04\\\/jwerbnrp068-side.jpg\",\"contentUrl\":\"https:\\\/\\\/static.purejewels.com\\\/wp-content\\\/uploads\\\/2026\\\/04\\\/jwerbnrp068-side.jpg\",\"width\":1000,\"height\":1000,\"caption\":\"22ct Gold Textured Basket Hoop Earrings\"},{\"@type\":\"BreadcrumbList\",\"@id\":\"https:\\\/\\\/www.purejewels.com\\\/product\\\/22ct-gold-textured-basket-hoop-earrings-55333\\\/#breadcrumb\",\"itemListElement\":[{\"@type\":\"ListItem\",\"position\":1,\"name\":\"Home\",\"item\":\"https:\\\/\\\/www.purejewels.com\\\/\"},{\"@type\":\"ListItem\",\"position\":2,\"name\":\"Shop\",\"item\":\"https:\\\/\\\/www.purejewels.com\\\/shop\\\/\"},{\"@type\":\"ListItem\",\"position\":3,\"name\":\"22ct Gold Textured Basket Hoop Earrings\"}]},{\"@type\":\"WebSite\",\"@id\":\"https:\\\/\\\/www.purejewels.com\\\/#website\",\"url\":\"https:\\\/\\\/www.purejewels.com\\\/\",\"name\":\"PureJewels UK\",\"description\":\"Share the Love\",\"publisher\":{\"@id\":\"https:\\\/\\\/www.purejewels.com\\\/#organization\"},\"potentialAction\":[{\"@type\":\"SearchAction\",\"target\":{\"@type\":\"EntryPoint\",\"urlTemplate\":\"https:\\\/\\\/www.purejewels.com\\\/?s={search_term_string}\"},\"query-input\":{\"@type\":\"PropertyValueSpecification\",\"valueRequired\":true,\"valueName\":\"search_term_string\"}}],\"inLanguage\":\"tr\"},{\"@type\":\"Organization\",\"@id\":\"https:\\\/\\\/www.purejewels.com\\\/#organization\",\"name\":\"PureJewels UK\",\"url\":\"https:\\\/\\\/www.purejewels.com\\\/\",\"logo\":{\"@type\":\"ImageObject\",\"inLanguage\":\"tr\",\"@id\":\"https:\\\/\\\/www.purejewels.com\\\/#\\\/schema\\\/logo\\\/image\\\/\",\"url\":\"https:\\\/\\\/static.purejewels.com\\\/wp-content\\\/uploads\\\/2020\\\/11\\\/Logo-PJ-New-1.png\",\"contentUrl\":\"https:\\\/\\\/static.purejewels.com\\\/wp-content\\\/uploads\\\/2020\\\/11\\\/Logo-PJ-New-1.png\",\"width\":150,\"height\":80,\"caption\":\"PureJewels UK\"},\"image\":{\"@id\":\"https:\\\/\\\/www.purejewels.com\\\/#\\\/schema\\\/logo\\\/image\\\/\"}}]}<\/script>\n<!-- \/ Yoast SEO plugin. -->","yoast_head_json":{"title":"22 Ayar Alt\u0131n Dokulu Sepet Halka K\u00fcpe | Alt\u0131n Halka \u0130ngiltere","description":"Karma\u015f\u0131k y\u00f6nl\u00fc detaylara sahip 22 ayar alt\u0131n dokulu sepet halka k\u00fcpeleri ke\u015ffedin. Safl\u0131k damgal\u0131, g\u00fcnl\u00fck \u015f\u0131kl\u0131k ve \u00f6zel g\u00fcnler i\u00e7in m\u00fckemmel.","robots":{"index":"index","follow":"follow","max-snippet":"max-snippet:-1","max-image-preview":"max-image-preview:large","max-video-preview":"max-video-preview:-1"},"canonical":"https:\/\/www.purejewels.com\/tr\/urun\/22-ayar-altin-dokulu-sepet-halka-kupe-55333\/","og_locale":"tr_TR","og_type":"article","og_title":"22ct Gold Textured Basket Hoop Earrings | Gold Hoops UK","og_description":"Discover 22ct gold textured basket hoop earrings with intricate faceted detailing. Hallmarked for purity, perfect for everyday elegance and special occasions.","og_url":"https:\/\/www.purejewels.com\/tr\/urun\/22-ayar-altin-dokulu-sepet-halka-kupe-55333\/","og_site_name":"PureJewels UK","article_modified_time":"2026-04-17T10:00:13+00:00","og_image":[{"width":1000,"height":1000,"url":"https:\/\/static.purejewels.com\/wp-content\/uploads\/2026\/04\/jwerbnrp068-side.jpg","type":"image\/jpeg"}],"twitter_card":"summary_large_image","twitter_misc":{"Tahmini okuma s\u00fcresi":"2 dakika"},"schema":{"@context":"https:\/\/schema.org","@graph":[{"@type":["WebPage","ItemPage"],"@id":"https:\/\/www.purejewels.com\/product\/22ct-gold-textured-basket-hoop-earrings-55333\/","url":"https:\/\/www.purejewels.com\/product\/22ct-gold-textured-basket-hoop-earrings-55333\/","name":"22 Ayar Alt\u0131n Dokulu Sepet Halka K\u00fcpe | Alt\u0131n Halka \u0130ngiltere","isPartOf":{"@id":"https:\/\/www.purejewels.com\/#website"},"primaryImageOfPage":{"@id":"https:\/\/www.purejewels.com\/product\/22ct-gold-textured-basket-hoop-earrings-55333\/#primaryimage"},"image":{"@id":"https:\/\/www.purejewels.com\/product\/22ct-gold-textured-basket-hoop-earrings-55333\/#primaryimage"},"thumbnailUrl":"https:\/\/static.purejewels.com\/wp-content\/uploads\/2026\/04\/jwerbnrp068-side.jpg","datePublished":"2026-01-17T10:48:56+00:00","dateModified":"2026-04-17T10:00:13+00:00","description":"Karma\u015f\u0131k y\u00f6nl\u00fc detaylara sahip 22 ayar alt\u0131n dokulu sepet halka k\u00fcpeleri ke\u015ffedin. Safl\u0131k damgal\u0131, g\u00fcnl\u00fck \u015f\u0131kl\u0131k ve \u00f6zel g\u00fcnler i\u00e7in m\u00fckemmel.","breadcrumb":{"@id":"https:\/\/www.purejewels.com\/product\/22ct-gold-textured-basket-hoop-earrings-55333\/#breadcrumb"},"inLanguage":"tr","potentialAction":[{"@type":"ReadAction","target":["https:\/\/www.purejewels.com\/product\/22ct-gold-textured-basket-hoop-earrings-55333\/"]}]},{"@type":"ImageObject","inLanguage":"tr","@id":"https:\/\/www.purejewels.com\/product\/22ct-gold-textured-basket-hoop-earrings-55333\/#primaryimage","url":"https:\/\/static.purejewels.com\/wp-content\/uploads\/2026\/04\/jwerbnrp068-side.jpg","contentUrl":"https:\/\/static.purejewels.com\/wp-content\/uploads\/2026\/04\/jwerbnrp068-side.jpg","width":1000,"height":1000,"caption":"22ct Gold Textured Basket Hoop Earrings"},{"@type":"BreadcrumbList","@id":"https:\/\/www.purejewels.com\/product\/22ct-gold-textured-basket-hoop-earrings-55333\/#breadcrumb","itemListElement":[{"@type":"ListItem","position":1,"name":"Home","item":"https:\/\/www.purejewels.com\/"},{"@type":"ListItem","position":2,"name":"Shop","item":"https:\/\/www.purejewels.com\/shop\/"},{"@type":"ListItem","position":3,"name":"22ct Gold Textured Basket Hoop Earrings"}]},{"@type":"WebSite","@id":"https:\/\/www.purejewels.com\/#website","url":"https:\/\/www.purejewels.com\/","name":"PureJewels \u0130ngiltere","description":"Sevgiyi Payla\u015f\u0131n","publisher":{"@id":"https:\/\/www.purejewels.com\/#organization"},"potentialAction":[{"@type":"SearchAction","target":{"@type":"EntryPoint","urlTemplate":"https:\/\/www.purejewels.com\/?s={search_term_string}"},"query-input":{"@type":"PropertyValueSpecification","valueRequired":true,"valueName":"search_term_string"}}],"inLanguage":"tr"},{"@type":"Organization","@id":"https:\/\/www.purejewels.com\/#organization","name":"PureJewels \u0130ngiltere","url":"https:\/\/www.purejewels.com\/","logo":{"@type":"ImageObject","inLanguage":"tr","@id":"https:\/\/www.purejewels.com\/#\/schema\/logo\/image\/","url":"https:\/\/static.purejewels.com\/wp-content\/uploads\/2020\/11\/Logo-PJ-New-1.png","contentUrl":"https:\/\/static.purejewels.com\/wp-content\/uploads\/2020\/11\/Logo-PJ-New-1.png","width":150,"height":80,"caption":"PureJewels UK"},"image":{"@id":"https:\/\/www.purejewels.com\/#\/schema\/logo\/image\/"}}]}},"_links":{"self":[{"href":"https:\/\/www.purejewels.com\/tr\/wp-json\/wp\/v2\/product\/428632","targetHints":{"allow":["GET"]}}],"collection":[{"href":"https:\/\/www.purejewels.com\/tr\/wp-json\/wp\/v2\/product"}],"about":[{"href":"https:\/\/www.purejewels.com\/tr\/wp-json\/wp\/v2\/types\/product"}],"replies":[{"embeddable":true,"href":"https:\/\/www.purejewels.com\/tr\/wp-json\/wp\/v2\/comments?post=428632"}],"version-history":[{"count":1,"href":"https:\/\/www.purejewels.com\/tr\/wp-json\/wp\/v2\/product\/428632\/revisions"}],"predecessor-version":[{"id":428636,"href":"https:\/\/www.purejewels.com\/tr\/wp-json\/wp\/v2\/product\/428632\/revisions\/428636"}],"wp:featuredmedia":[{"embeddable":true,"href":"https:\/\/www.purejewels.com\/tr\/wp-json\/wp\/v2\/media\/428633"}],"wp:attachment":[{"href":"https:\/\/www.purejewels.com\/tr\/wp-json\/wp\/v2\/media?parent=428632"}],"wp:term":[{"taxonomy":"product_brand","embeddable":true,"href":"https:\/\/www.purejewels.com\/tr\/wp-json\/wp\/v2\/product_brand?post=428632"},{"taxonomy":"product_cat","embeddable":true,"href":"https:\/\/www.purejewels.com\/tr\/wp-json\/wp\/v2\/product_cat?post=428632"},{"taxonomy":"product_tag","embeddable":true,"href":"https:\/\/www.purejewels.com\/tr\/wp-json\/wp\/v2\/product_tag?post=428632"}],"curies":[{"name":"wp","href":"https:\/\/api.w.org\/{rel}","templated":true}]}}