{"id":428639,"date":"2026-01-17T12:02:35","date_gmt":"2026-01-17T12:02:35","guid":{"rendered":"https:\/\/www.purejewels.com\/?post_type=product&#038;p=428639"},"modified":"2026-04-17T20:41:07","modified_gmt":"2026-04-17T19:41:07","slug":"22-ayar-altin-geometrik-halka-kupe-55461","status":"publish","type":"product","link":"https:\/\/www.purejewels.com\/tr\/product\/22ct-gold-geometric-hoop-earrings-55461\/","title":{"rendered":"22 Ayar Alt\u0131n Geometrik Halka K\u00fcpe"},"content":{"rendered":"<p data-start=\"622\" data-end=\"1024\"><strong data-start=\"622\" data-end=\"640\">Tasar\u0131m Konsepti<\/strong><br data-start=\"640\" data-end=\"643\" \/>22 Ayar Alt\u0131n Geometrik Halka K\u00fcpe, temiz \u00e7izgiler ve yap\u0131land\u0131r\u0131lm\u0131\u015f formdan esinlenerek tasarlanm\u0131\u015ft\u0131r ve \u00e7arp\u0131c\u0131 bir \u0131\u015f\u0131k etkile\u015fimi yaratan ince chevron benzeri detaylara sahip y\u00f6nl\u00fc bir y\u00fczeye sahiptir. Hassas geometrik kesimlerle zenginle\u015ftirilen hafif kavisli siluet, klasik alt\u0131n halkalara \u00e7a\u011fda\u015f bir yorum getirirken gelenekten gelen zamans\u0131z zarafeti de koruyor.<\/p>\n<p data-start=\"1026\" data-end=\"1446\"><strong data-start=\"1026\" data-end=\"1043\">Zanaatkarl\u0131k<\/strong><br data-start=\"1043\" data-end=\"1046\" \/>Zengin 22 ayar alt\u0131ndan (916 safl\u0131kta) \u00fcretilen ve orijinalli\u011fi damgalanan bu k\u00fcpeler ola\u011fan\u00fcst\u00fc kuyumcu i\u015f\u00e7ili\u011fini yans\u0131tmaktad\u0131r. Her bir faset, simetri ve parlakl\u0131\u011f\u0131 sa\u011flamak i\u00e7in titizlikle kesilmi\u015ftir ve k\u00fcpelerin \u0131\u015f\u0131\u011f\u0131 her a\u00e7\u0131dan yakalamas\u0131n\u0131 sa\u011flar. \u0130\u00e7 kavis rahatl\u0131k i\u00e7in p\u00fcr\u00fczs\u00fcz bir \u015fekilde tamamlan\u0131rken, genel yap\u0131 dayan\u0131kl\u0131l\u0131k ve zarif bir biti\u015f sa\u011flamak i\u00e7in dikkatlice dengelenmi\u015ftir.<\/p>\n<p data-start=\"1448\" data-end=\"1857\" data-is-last-node=\"\" data-is-only-node=\"\"><strong data-start=\"1448\" data-end=\"1465\">Stil Fikirleri<\/strong><br data-start=\"1465\" data-end=\"1468\" \/>\u00c7ok y\u00f6nl\u00fc ve zahmetsizce zarif olan bu k\u00fcpeler, g\u00fcnd\u00fczden geceye sorunsuzca ge\u00e7i\u015f yapar. Modern, minimal bir g\u00f6r\u00fcn\u00fcm i\u00e7in \u015f\u0131k alt\u0131n zincirlerle e\u015fle\u015ftirin veya daha etkileyici bir ifade i\u00e7in katmanl\u0131 dokular ve bileziklerle stilize edin. Yap\u0131land\u0131r\u0131lm\u0131\u015f tasar\u0131mlar\u0131 sayesinde hem g\u00fcnl\u00fck \u015f\u0131kl\u0131k hem de \u00f6zel g\u00fcnler i\u00e7in ideal olan bu k\u00fcpeler, her m\u00fccevher koleksiyonuna g\u00f6steri\u015fli bir hava katar.<\/p>","protected":false},"excerpt":{"rendered":"<p>G\u00f6r\u00fcn\u00fcm\u00fcn\u00fcze yap\u0131, parlakl\u0131k ve sofistike bir hava katmak i\u00e7in tasarlanm\u0131\u015f, y\u00f6nl\u00fc detaylara sahip modern 22 ayar alt\u0131n geometrik halka k\u00fcpeler.<\/p>\n<p><strong>Malzeme:<\/strong>\u00a022 Ayar Alt\u0131n<br \/>\n<strong>Safl\u0131k:<\/strong>\u00a091.6% saf<br \/>\n<strong>Hallmark:<\/strong>\u00a0\u0130ngiliz Damgas\u0131<strong><br \/>\n<\/strong><strong>Br\u00fct A\u011f\u0131rl\u0131k: <\/strong>1.93 Gms<br \/>\n<strong>SKU:<\/strong> 55461, 55313, 55312, 55310, 55309, 55308<\/p>\n<p><strong>Fiyat ve Teslimat<\/strong>: KDV ve teslimat \u00fccreti dahil<br \/>\n<a href=\"https:\/\/www.purejewels.com\/tr\/i%cc%87ade-poli%cc%87ti%cc%87kasi\/\">\u0130ade Politikas\u0131<\/a><\/p>","protected":false},"featured_media":428640,"comment_status":"closed","ping_status":"closed","template":"","meta":{"_eb_attr":"","_crsspst_to_jayantr4sg-hostcom":false},"product_brand":[],"product_cat":[1559,1793,1254,1579,5343,5608,1575,1574,5349],"product_tag":[],"class_list":{"0":"post-428639","1":"product","2":"type-product","3":"status-publish","4":"has-post-thumbnail","6":"product_cat-birthday-gifts","7":"product_cat-diwali-gifts","8":"product_cat-gold-earrings","9":"product_cat-hoop-earrings","10":"product_cat-jewellery-under-550","11":"product_cat-simple-hoops","12":"product_cat-teenage-jewellery","13":"product_cat-womens-jewellery","14":"product_cat-yellow-gold-jewellery","16":"first","17":"instock","18":"taxable","19":"shipping-taxable","20":"purchasable","21":"product-type-simple","22":"add-to-wishlist-before_image"},"yoast_head":"<!-- This site is optimized with the Yoast SEO plugin v27.4 - https:\/\/yoast.com\/product\/yoast-seo-wordpress\/ -->\n<title>22ct Gold Geometric Hoop Earrings | Textured Gold Hoops UK<\/title>\n<meta name=\"description\" content=\"Shop 22ct gold geometric hoop earrings with faceted detailing. Hallmarked for purity, perfect for everyday wear and special occasions.\" \/>\n<meta name=\"robots\" content=\"index, follow, max-snippet:-1, max-image-preview:large, max-video-preview:-1\" \/>\n<link rel=\"canonical\" href=\"https:\/\/www.purejewels.com\/tr\/urun\/22-ayar-altin-geometrik-halka-kupe-55461\/\" \/>\n<meta property=\"og:locale\" content=\"tr_TR\" \/>\n<meta property=\"og:type\" content=\"article\" \/>\n<meta property=\"og:title\" content=\"22ct Gold Geometric Hoop Earrings | Textured Gold Hoops UK\" \/>\n<meta property=\"og:description\" content=\"Shop 22ct gold geometric hoop earrings with faceted detailing. Hallmarked for purity, perfect for everyday wear and special occasions.\" \/>\n<meta property=\"og:url\" content=\"https:\/\/www.purejewels.com\/tr\/urun\/22-ayar-altin-geometrik-halka-kupe-55461\/\" \/>\n<meta property=\"og:site_name\" content=\"PureJewels UK\" \/>\n<meta property=\"article:modified_time\" content=\"2026-04-17T19:41:07+00:00\" \/>\n<meta property=\"og:image\" content=\"https:\/\/static.purejewels.com\/wp-content\/uploads\/2026\/04\/jwerbnrp069-side.jpg\" \/>\n\t<meta property=\"og:image:width\" content=\"1000\" \/>\n\t<meta property=\"og:image:height\" content=\"1000\" \/>\n\t<meta property=\"og:image:type\" content=\"image\/jpeg\" \/>\n<meta name=\"twitter:card\" content=\"summary_large_image\" \/>\n<meta name=\"twitter:label1\" content=\"Tahmini okuma s\u00fcresi\" \/>\n\t<meta name=\"twitter:data1\" content=\"1 dakika\" \/>\n<script type=\"application\/ld+json\" class=\"yoast-schema-graph\">{\"@context\":\"https:\\\/\\\/schema.org\",\"@graph\":[{\"@type\":[\"WebPage\",\"ItemPage\"],\"@id\":\"https:\\\/\\\/www.purejewels.com\\\/product\\\/22ct-gold-geometric-hoop-earrings-55461\\\/\",\"url\":\"https:\\\/\\\/www.purejewels.com\\\/product\\\/22ct-gold-geometric-hoop-earrings-55461\\\/\",\"name\":\"22ct Gold Geometric Hoop Earrings | Textured Gold Hoops UK\",\"isPartOf\":{\"@id\":\"https:\\\/\\\/www.purejewels.com\\\/#website\"},\"primaryImageOfPage\":{\"@id\":\"https:\\\/\\\/www.purejewels.com\\\/product\\\/22ct-gold-geometric-hoop-earrings-55461\\\/#primaryimage\"},\"image\":{\"@id\":\"https:\\\/\\\/www.purejewels.com\\\/product\\\/22ct-gold-geometric-hoop-earrings-55461\\\/#primaryimage\"},\"thumbnailUrl\":\"https:\\\/\\\/static.purejewels.com\\\/wp-content\\\/uploads\\\/2026\\\/04\\\/jwerbnrp069-side.jpg\",\"datePublished\":\"2026-01-17T12:02:35+00:00\",\"dateModified\":\"2026-04-17T19:41:07+00:00\",\"description\":\"Shop 22ct gold geometric hoop earrings with faceted detailing. Hallmarked for purity, perfect for everyday wear and special occasions.\",\"breadcrumb\":{\"@id\":\"https:\\\/\\\/www.purejewels.com\\\/product\\\/22ct-gold-geometric-hoop-earrings-55461\\\/#breadcrumb\"},\"inLanguage\":\"tr\",\"potentialAction\":[{\"@type\":\"ReadAction\",\"target\":[\"https:\\\/\\\/www.purejewels.com\\\/product\\\/22ct-gold-geometric-hoop-earrings-55461\\\/\"]}]},{\"@type\":\"ImageObject\",\"inLanguage\":\"tr\",\"@id\":\"https:\\\/\\\/www.purejewels.com\\\/product\\\/22ct-gold-geometric-hoop-earrings-55461\\\/#primaryimage\",\"url\":\"https:\\\/\\\/static.purejewels.com\\\/wp-content\\\/uploads\\\/2026\\\/04\\\/jwerbnrp069-side.jpg\",\"contentUrl\":\"https:\\\/\\\/static.purejewels.com\\\/wp-content\\\/uploads\\\/2026\\\/04\\\/jwerbnrp069-side.jpg\",\"width\":1000,\"height\":1000,\"caption\":\"22ct Gold Geometric Hoop Earrings\"},{\"@type\":\"BreadcrumbList\",\"@id\":\"https:\\\/\\\/www.purejewels.com\\\/product\\\/22ct-gold-geometric-hoop-earrings-55461\\\/#breadcrumb\",\"itemListElement\":[{\"@type\":\"ListItem\",\"position\":1,\"name\":\"Home\",\"item\":\"https:\\\/\\\/www.purejewels.com\\\/\"},{\"@type\":\"ListItem\",\"position\":2,\"name\":\"Shop\",\"item\":\"https:\\\/\\\/www.purejewels.com\\\/shop\\\/\"},{\"@type\":\"ListItem\",\"position\":3,\"name\":\"22ct Gold Geometric Hoop Earrings\"}]},{\"@type\":\"WebSite\",\"@id\":\"https:\\\/\\\/www.purejewels.com\\\/#website\",\"url\":\"https:\\\/\\\/www.purejewels.com\\\/\",\"name\":\"PureJewels UK\",\"description\":\"Share the Love\",\"publisher\":{\"@id\":\"https:\\\/\\\/www.purejewels.com\\\/#organization\"},\"potentialAction\":[{\"@type\":\"SearchAction\",\"target\":{\"@type\":\"EntryPoint\",\"urlTemplate\":\"https:\\\/\\\/www.purejewels.com\\\/?s={search_term_string}\"},\"query-input\":{\"@type\":\"PropertyValueSpecification\",\"valueRequired\":true,\"valueName\":\"search_term_string\"}}],\"inLanguage\":\"tr\"},{\"@type\":\"Organization\",\"@id\":\"https:\\\/\\\/www.purejewels.com\\\/#organization\",\"name\":\"PureJewels UK\",\"url\":\"https:\\\/\\\/www.purejewels.com\\\/\",\"logo\":{\"@type\":\"ImageObject\",\"inLanguage\":\"tr\",\"@id\":\"https:\\\/\\\/www.purejewels.com\\\/#\\\/schema\\\/logo\\\/image\\\/\",\"url\":\"https:\\\/\\\/static.purejewels.com\\\/wp-content\\\/uploads\\\/2020\\\/11\\\/Logo-PJ-New-1.png\",\"contentUrl\":\"https:\\\/\\\/static.purejewels.com\\\/wp-content\\\/uploads\\\/2020\\\/11\\\/Logo-PJ-New-1.png\",\"width\":150,\"height\":80,\"caption\":\"PureJewels UK\"},\"image\":{\"@id\":\"https:\\\/\\\/www.purejewels.com\\\/#\\\/schema\\\/logo\\\/image\\\/\"}}]}<\/script>\n<!-- \/ Yoast SEO plugin. -->","yoast_head_json":{"title":"22 Ayar Alt\u0131n Geometrik Halka K\u00fcpe | Dokulu Alt\u0131n Halkalar \u0130ngiltere","description":"Y\u00f6nl\u00fc detaylara sahip 22 ayar alt\u0131n geometrik halka k\u00fcpeler sat\u0131n al\u0131n. Safl\u0131k damgal\u0131, g\u00fcnl\u00fck kullan\u0131m ve \u00f6zel g\u00fcnler i\u00e7in m\u00fckemmel.","robots":{"index":"index","follow":"follow","max-snippet":"max-snippet:-1","max-image-preview":"max-image-preview:large","max-video-preview":"max-video-preview:-1"},"canonical":"https:\/\/www.purejewels.com\/tr\/urun\/22-ayar-altin-geometrik-halka-kupe-55461\/","og_locale":"tr_TR","og_type":"article","og_title":"22ct Gold Geometric Hoop Earrings | Textured Gold Hoops UK","og_description":"Shop 22ct gold geometric hoop earrings with faceted detailing. Hallmarked for purity, perfect for everyday wear and special occasions.","og_url":"https:\/\/www.purejewels.com\/tr\/urun\/22-ayar-altin-geometrik-halka-kupe-55461\/","og_site_name":"PureJewels UK","article_modified_time":"2026-04-17T19:41:07+00:00","og_image":[{"width":1000,"height":1000,"url":"https:\/\/static.purejewels.com\/wp-content\/uploads\/2026\/04\/jwerbnrp069-side.jpg","type":"image\/jpeg"}],"twitter_card":"summary_large_image","twitter_misc":{"Tahmini okuma s\u00fcresi":"1 dakika"},"schema":{"@context":"https:\/\/schema.org","@graph":[{"@type":["WebPage","ItemPage"],"@id":"https:\/\/www.purejewels.com\/product\/22ct-gold-geometric-hoop-earrings-55461\/","url":"https:\/\/www.purejewels.com\/product\/22ct-gold-geometric-hoop-earrings-55461\/","name":"22 Ayar Alt\u0131n Geometrik Halka K\u00fcpe | Dokulu Alt\u0131n Halkalar \u0130ngiltere","isPartOf":{"@id":"https:\/\/www.purejewels.com\/#website"},"primaryImageOfPage":{"@id":"https:\/\/www.purejewels.com\/product\/22ct-gold-geometric-hoop-earrings-55461\/#primaryimage"},"image":{"@id":"https:\/\/www.purejewels.com\/product\/22ct-gold-geometric-hoop-earrings-55461\/#primaryimage"},"thumbnailUrl":"https:\/\/static.purejewels.com\/wp-content\/uploads\/2026\/04\/jwerbnrp069-side.jpg","datePublished":"2026-01-17T12:02:35+00:00","dateModified":"2026-04-17T19:41:07+00:00","description":"Y\u00f6nl\u00fc detaylara sahip 22 ayar alt\u0131n geometrik halka k\u00fcpeler sat\u0131n al\u0131n. Safl\u0131k damgal\u0131, g\u00fcnl\u00fck kullan\u0131m ve \u00f6zel g\u00fcnler i\u00e7in m\u00fckemmel.","breadcrumb":{"@id":"https:\/\/www.purejewels.com\/product\/22ct-gold-geometric-hoop-earrings-55461\/#breadcrumb"},"inLanguage":"tr","potentialAction":[{"@type":"ReadAction","target":["https:\/\/www.purejewels.com\/product\/22ct-gold-geometric-hoop-earrings-55461\/"]}]},{"@type":"ImageObject","inLanguage":"tr","@id":"https:\/\/www.purejewels.com\/product\/22ct-gold-geometric-hoop-earrings-55461\/#primaryimage","url":"https:\/\/static.purejewels.com\/wp-content\/uploads\/2026\/04\/jwerbnrp069-side.jpg","contentUrl":"https:\/\/static.purejewels.com\/wp-content\/uploads\/2026\/04\/jwerbnrp069-side.jpg","width":1000,"height":1000,"caption":"22ct Gold Geometric Hoop Earrings"},{"@type":"BreadcrumbList","@id":"https:\/\/www.purejewels.com\/product\/22ct-gold-geometric-hoop-earrings-55461\/#breadcrumb","itemListElement":[{"@type":"ListItem","position":1,"name":"Home","item":"https:\/\/www.purejewels.com\/"},{"@type":"ListItem","position":2,"name":"Shop","item":"https:\/\/www.purejewels.com\/shop\/"},{"@type":"ListItem","position":3,"name":"22ct Gold Geometric Hoop Earrings"}]},{"@type":"WebSite","@id":"https:\/\/www.purejewels.com\/#website","url":"https:\/\/www.purejewels.com\/","name":"PureJewels \u0130ngiltere","description":"Sevgiyi Payla\u015f\u0131n","publisher":{"@id":"https:\/\/www.purejewels.com\/#organization"},"potentialAction":[{"@type":"SearchAction","target":{"@type":"EntryPoint","urlTemplate":"https:\/\/www.purejewels.com\/?s={search_term_string}"},"query-input":{"@type":"PropertyValueSpecification","valueRequired":true,"valueName":"search_term_string"}}],"inLanguage":"tr"},{"@type":"Organization","@id":"https:\/\/www.purejewels.com\/#organization","name":"PureJewels \u0130ngiltere","url":"https:\/\/www.purejewels.com\/","logo":{"@type":"ImageObject","inLanguage":"tr","@id":"https:\/\/www.purejewels.com\/#\/schema\/logo\/image\/","url":"https:\/\/static.purejewels.com\/wp-content\/uploads\/2020\/11\/Logo-PJ-New-1.png","contentUrl":"https:\/\/static.purejewels.com\/wp-content\/uploads\/2020\/11\/Logo-PJ-New-1.png","width":150,"height":80,"caption":"PureJewels UK"},"image":{"@id":"https:\/\/www.purejewels.com\/#\/schema\/logo\/image\/"}}]}},"_links":{"self":[{"href":"https:\/\/www.purejewels.com\/tr\/wp-json\/wp\/v2\/product\/428639","targetHints":{"allow":["GET"]}}],"collection":[{"href":"https:\/\/www.purejewels.com\/tr\/wp-json\/wp\/v2\/product"}],"about":[{"href":"https:\/\/www.purejewels.com\/tr\/wp-json\/wp\/v2\/types\/product"}],"replies":[{"embeddable":true,"href":"https:\/\/www.purejewels.com\/tr\/wp-json\/wp\/v2\/comments?post=428639"}],"version-history":[{"count":1,"href":"https:\/\/www.purejewels.com\/tr\/wp-json\/wp\/v2\/product\/428639\/revisions"}],"predecessor-version":[{"id":428643,"href":"https:\/\/www.purejewels.com\/tr\/wp-json\/wp\/v2\/product\/428639\/revisions\/428643"}],"wp:featuredmedia":[{"embeddable":true,"href":"https:\/\/www.purejewels.com\/tr\/wp-json\/wp\/v2\/media\/428640"}],"wp:attachment":[{"href":"https:\/\/www.purejewels.com\/tr\/wp-json\/wp\/v2\/media?parent=428639"}],"wp:term":[{"taxonomy":"product_brand","embeddable":true,"href":"https:\/\/www.purejewels.com\/tr\/wp-json\/wp\/v2\/product_brand?post=428639"},{"taxonomy":"product_cat","embeddable":true,"href":"https:\/\/www.purejewels.com\/tr\/wp-json\/wp\/v2\/product_cat?post=428639"},{"taxonomy":"product_tag","embeddable":true,"href":"https:\/\/www.purejewels.com\/tr\/wp-json\/wp\/v2\/product_tag?post=428639"}],"curies":[{"name":"wp","href":"https:\/\/api.w.org\/{rel}","templated":true}]}}