{"id":428645,"date":"2026-04-17T12:19:44","date_gmt":"2026-04-17T11:19:44","guid":{"rendered":"https:\/\/www.purejewels.com\/?post_type=product&#038;p=428645"},"modified":"2026-04-17T13:06:55","modified_gmt":"2026-04-17T12:06:55","slug":"22-ayar-altin-modern-baglanti-bilezik-7-inc-53834","status":"publish","type":"product","link":"https:\/\/www.purejewels.com\/tr\/product\/22ct-gold-modern-link-bracelet-7-inch-53834\/","title":{"rendered":"22 Ayar Alt\u0131n Modern Link Bileklik | 7 \u0130n\u00e7"},"content":{"rendered":"<p data-start=\"615\" data-end=\"987\"><strong data-start=\"615\" data-end=\"633\">Tasar\u0131m Konsepti<\/strong><br data-start=\"633\" data-end=\"636\" \/>22 Ayar Alt\u0131n Modern Link Bileklik, ak\u0131c\u0131 ve zarif bir siluet olu\u015fturan uzun, yumu\u015fak yuvarlak ba\u011flant\u0131lara sahip, temiz \u00e7izgiler ve \u00e7a\u011fda\u015f bir ruhla tasarlanm\u0131\u015ft\u0131r. A\u00e7\u0131k ba\u011flant\u0131 yap\u0131s\u0131 par\u00e7aya hafif, havadar bir his verirken cesur bir duru\u015f sergiliyor ve onu sadeli\u011fi rafine sofistike ile harmanlayan modern bir temel haline getiriyor.<\/p>\n<p data-start=\"989\" data-end=\"1382\"><strong data-start=\"989\" data-end=\"1006\">Zanaatkarl\u0131k<\/strong><br data-start=\"1006\" data-end=\"1009\" \/>Zengin 22 ayar alt\u0131ndan (916 safl\u0131kta) \u00fcretilen ve orijinalli\u011fi damgalanan bu bileklik, uzman kuyumcu i\u015f\u00e7ili\u011fini yans\u0131tmaktad\u0131r. Her bir ba\u011flant\u0131 dikkatle \u015fekillendirilmi\u015f ve p\u00fcr\u00fczs\u00fcz, kusursuz bir y\u00fczey elde etmek i\u00e7in parlat\u0131larak hem konfor hem de dayan\u0131kl\u0131l\u0131k sa\u011flanm\u0131\u015ft\u0131r. Dengeli yap\u0131s\u0131 bilekte do\u011fal bir hareket sa\u011flarken, g\u00fcnl\u00fck kullan\u0131m i\u00e7in sa\u011flaml\u0131\u011f\u0131n\u0131 ve uzun \u00f6m\u00fcrl\u00fcl\u00fc\u011f\u00fcn\u00fc korur.<\/p>\n<p data-start=\"1384\" data-end=\"1749\" data-is-last-node=\"\" data-is-only-node=\"\"><strong data-start=\"1384\" data-end=\"1401\">Stil Fikirleri<\/strong><br data-start=\"1401\" data-end=\"1404\" \/>Zahmetsizce \u00e7ok y\u00f6nl\u00fc olan bu bilezik, minimal ve g\u00f6steri\u015fli bir g\u00f6r\u00fcn\u00fcm i\u00e7in tek ba\u015f\u0131na tak\u0131labilir veya daha tarz bir ifade i\u00e7in bilezikler ve daha ince zincirlerle katmanland\u0131r\u0131labilir. Uyumlu bir g\u00fcnl\u00fck set olu\u015fturmak i\u00e7in uyumlu bir alt\u0131n zincir veya halka k\u00fcpelerle e\u015fle\u015ftirin veya g\u00fcnd\u00fczden geceye g\u00fczel bir \u015fekilde ge\u00e7i\u015f yapan ince bir ifade par\u00e7as\u0131 olarak \u00f6ne \u00e7\u0131kmas\u0131na izin verin.<\/p>","protected":false},"excerpt":{"rendered":"<p>Zahmetsiz g\u00fcnl\u00fck \u015f\u0131kl\u0131k ve \u00e7ok y\u00f6nl\u00fc stil i\u00e7in tasarlanm\u0131\u015f, uzun baklalara sahip 22 ayar alt\u0131ndan \u015f\u0131k ve modern baklal\u0131 bileklik.<\/p>\n<p><strong>Malzeme:<\/strong>\u00a022 Ayar Alt\u0131n<strong><br \/>\nHallmark:\u00a0<\/strong>\u0130ngiliz Damgas\u0131<strong><br \/>\n<\/strong><strong>Br\u00fct A\u011f\u0131rl\u0131k: <\/strong>4 Gms<br \/>\n<strong>Uzunluk:<\/strong> 7 in\u00e7<br \/>\n<strong>SKU:<\/strong> 53834, 53833, 53832<\/p>\n<p><strong>Fiyat ve Teslimat<\/strong>: KDV ve teslimat \u00fccreti dahil<br \/>\n<a href=\"https:\/\/www.purejewels.com\/tr\/i%cc%87ade-poli%cc%87ti%cc%87kasi\/\">\u0130ade Politikas\u0131<\/a><\/p>","protected":false},"featured_media":428647,"comment_status":"closed","ping_status":"closed","template":"","meta":{"_eb_attr":"","_crsspst_to_jayantr4sg-hostcom":true},"product_brand":[],"product_cat":[1559,6057,5676,1794,1793,1790,1324,1627,1229,1575,1574,5349],"product_tag":[],"class_list":{"0":"post-428645","1":"product","2":"type-product","3":"status-publish","4":"has-post-thumbnail","6":"product_cat-birthday-gifts","7":"product_cat-chain-bracelet","8":"product_cat-chain-bracelets-for-ladies","9":"product_cat-christmas-gifts","10":"product_cat-diwali-gifts","11":"product_cat-for-whom-when","12":"product_cat-gold-bracelet","13":"product_cat-ladies-bracelet","14":"product_cat-22ct-gold-jewellery","15":"product_cat-teenage-jewellery","16":"product_cat-womens-jewellery","17":"product_cat-yellow-gold-jewellery","19":"first","20":"instock","21":"taxable","22":"shipping-taxable","23":"purchasable","24":"product-type-simple","25":"add-to-wishlist-before_image"},"yoast_head":"<!-- This site is optimized with the Yoast SEO plugin v27.4 - https:\/\/yoast.com\/product\/yoast-seo-wordpress\/ -->\n<title>22ct Gold Modern Link Bracelet 7 Inch | Gold Chain Bracelet UK<\/title>\n<meta name=\"description\" content=\"Shop 22ct gold modern link bracelet in 7 inch length. Hallmarked for purity, perfect for everyday wear and layering with fine gold jewellery.\" \/>\n<meta name=\"robots\" content=\"index, follow, max-snippet:-1, max-image-preview:large, max-video-preview:-1\" \/>\n<link rel=\"canonical\" href=\"https:\/\/www.purejewels.com\/tr\/urun\/22-ayar-altin-modern-baglanti-bilezik-7-inc-53834\/\" \/>\n<meta property=\"og:locale\" content=\"tr_TR\" \/>\n<meta property=\"og:type\" content=\"article\" \/>\n<meta property=\"og:title\" content=\"22ct Gold Modern Link Bracelet 7 Inch | Gold Chain Bracelet UK\" \/>\n<meta property=\"og:description\" content=\"Shop 22ct gold modern link bracelet in 7 inch length. Hallmarked for purity, perfect for everyday wear and layering with fine gold jewellery.\" \/>\n<meta property=\"og:url\" content=\"https:\/\/www.purejewels.com\/tr\/urun\/22-ayar-altin-modern-baglanti-bilezik-7-inc-53834\/\" \/>\n<meta property=\"og:site_name\" content=\"PureJewels UK\" \/>\n<meta property=\"article:modified_time\" content=\"2026-04-17T12:06:55+00:00\" \/>\n<meta property=\"og:image\" content=\"https:\/\/static.purejewels.com\/wp-content\/uploads\/2026\/04\/sku-53834-top.jpg\" \/>\n\t<meta property=\"og:image:width\" content=\"1000\" \/>\n\t<meta property=\"og:image:height\" content=\"1000\" \/>\n\t<meta property=\"og:image:type\" content=\"image\/jpeg\" \/>\n<meta name=\"twitter:card\" content=\"summary_large_image\" \/>\n<meta name=\"twitter:label1\" content=\"Tahmini okuma s\u00fcresi\" \/>\n\t<meta name=\"twitter:data1\" content=\"1 dakika\" \/>\n<script type=\"application\/ld+json\" class=\"yoast-schema-graph\">{\"@context\":\"https:\\\/\\\/schema.org\",\"@graph\":[{\"@type\":[\"WebPage\",\"ItemPage\"],\"@id\":\"https:\\\/\\\/www.purejewels.com\\\/product\\\/22ct-gold-modern-link-bracelet-7-inch-53834\\\/\",\"url\":\"https:\\\/\\\/www.purejewels.com\\\/product\\\/22ct-gold-modern-link-bracelet-7-inch-53834\\\/\",\"name\":\"22ct Gold Modern Link Bracelet 7 Inch | Gold Chain Bracelet UK\",\"isPartOf\":{\"@id\":\"https:\\\/\\\/www.purejewels.com\\\/#website\"},\"primaryImageOfPage\":{\"@id\":\"https:\\\/\\\/www.purejewels.com\\\/product\\\/22ct-gold-modern-link-bracelet-7-inch-53834\\\/#primaryimage\"},\"image\":{\"@id\":\"https:\\\/\\\/www.purejewels.com\\\/product\\\/22ct-gold-modern-link-bracelet-7-inch-53834\\\/#primaryimage\"},\"thumbnailUrl\":\"https:\\\/\\\/static.purejewels.com\\\/wp-content\\\/uploads\\\/2026\\\/04\\\/sku-53834-top.jpg\",\"datePublished\":\"2026-04-17T11:19:44+00:00\",\"dateModified\":\"2026-04-17T12:06:55+00:00\",\"description\":\"Shop 22ct gold modern link bracelet in 7 inch length. Hallmarked for purity, perfect for everyday wear and layering with fine gold jewellery.\",\"breadcrumb\":{\"@id\":\"https:\\\/\\\/www.purejewels.com\\\/product\\\/22ct-gold-modern-link-bracelet-7-inch-53834\\\/#breadcrumb\"},\"inLanguage\":\"tr\",\"potentialAction\":[{\"@type\":\"ReadAction\",\"target\":[\"https:\\\/\\\/www.purejewels.com\\\/product\\\/22ct-gold-modern-link-bracelet-7-inch-53834\\\/\"]}]},{\"@type\":\"ImageObject\",\"inLanguage\":\"tr\",\"@id\":\"https:\\\/\\\/www.purejewels.com\\\/product\\\/22ct-gold-modern-link-bracelet-7-inch-53834\\\/#primaryimage\",\"url\":\"https:\\\/\\\/static.purejewels.com\\\/wp-content\\\/uploads\\\/2026\\\/04\\\/sku-53834-top.jpg\",\"contentUrl\":\"https:\\\/\\\/static.purejewels.com\\\/wp-content\\\/uploads\\\/2026\\\/04\\\/sku-53834-top.jpg\",\"width\":1000,\"height\":1000,\"caption\":\"22ct Gold Modern Link Bracelet | 7 Inch\"},{\"@type\":\"BreadcrumbList\",\"@id\":\"https:\\\/\\\/www.purejewels.com\\\/product\\\/22ct-gold-modern-link-bracelet-7-inch-53834\\\/#breadcrumb\",\"itemListElement\":[{\"@type\":\"ListItem\",\"position\":1,\"name\":\"Home\",\"item\":\"https:\\\/\\\/www.purejewels.com\\\/\"},{\"@type\":\"ListItem\",\"position\":2,\"name\":\"Shop\",\"item\":\"https:\\\/\\\/www.purejewels.com\\\/shop\\\/\"},{\"@type\":\"ListItem\",\"position\":3,\"name\":\"22ct Gold Modern Link Bracelet | 7 Inch\"}]},{\"@type\":\"WebSite\",\"@id\":\"https:\\\/\\\/www.purejewels.com\\\/#website\",\"url\":\"https:\\\/\\\/www.purejewels.com\\\/\",\"name\":\"PureJewels UK\",\"description\":\"Share the Love\",\"publisher\":{\"@id\":\"https:\\\/\\\/www.purejewels.com\\\/#organization\"},\"potentialAction\":[{\"@type\":\"SearchAction\",\"target\":{\"@type\":\"EntryPoint\",\"urlTemplate\":\"https:\\\/\\\/www.purejewels.com\\\/?s={search_term_string}\"},\"query-input\":{\"@type\":\"PropertyValueSpecification\",\"valueRequired\":true,\"valueName\":\"search_term_string\"}}],\"inLanguage\":\"tr\"},{\"@type\":\"Organization\",\"@id\":\"https:\\\/\\\/www.purejewels.com\\\/#organization\",\"name\":\"PureJewels UK\",\"url\":\"https:\\\/\\\/www.purejewels.com\\\/\",\"logo\":{\"@type\":\"ImageObject\",\"inLanguage\":\"tr\",\"@id\":\"https:\\\/\\\/www.purejewels.com\\\/#\\\/schema\\\/logo\\\/image\\\/\",\"url\":\"https:\\\/\\\/static.purejewels.com\\\/wp-content\\\/uploads\\\/2020\\\/11\\\/Logo-PJ-New-1.png\",\"contentUrl\":\"https:\\\/\\\/static.purejewels.com\\\/wp-content\\\/uploads\\\/2020\\\/11\\\/Logo-PJ-New-1.png\",\"width\":150,\"height\":80,\"caption\":\"PureJewels UK\"},\"image\":{\"@id\":\"https:\\\/\\\/www.purejewels.com\\\/#\\\/schema\\\/logo\\\/image\\\/\"}}]}<\/script>\n<!-- \/ Yoast SEO plugin. -->","yoast_head_json":{"title":"22 Ayar Alt\u0131n Modern Link Bileklik 7 \u0130n\u00e7 | Alt\u0131n Zincir Bileklik \u0130ngiltere","description":"7 in\u00e7 uzunlu\u011funda 22 ayar alt\u0131n modern bileklik sat\u0131n al\u0131n. Safl\u0131k damgal\u0131, g\u00fcnl\u00fck kullan\u0131m ve kaliteli alt\u0131n tak\u0131larla katmanlama i\u00e7in m\u00fckemmel.","robots":{"index":"index","follow":"follow","max-snippet":"max-snippet:-1","max-image-preview":"max-image-preview:large","max-video-preview":"max-video-preview:-1"},"canonical":"https:\/\/www.purejewels.com\/tr\/urun\/22-ayar-altin-modern-baglanti-bilezik-7-inc-53834\/","og_locale":"tr_TR","og_type":"article","og_title":"22ct Gold Modern Link Bracelet 7 Inch | Gold Chain Bracelet UK","og_description":"Shop 22ct gold modern link bracelet in 7 inch length. Hallmarked for purity, perfect for everyday wear and layering with fine gold jewellery.","og_url":"https:\/\/www.purejewels.com\/tr\/urun\/22-ayar-altin-modern-baglanti-bilezik-7-inc-53834\/","og_site_name":"PureJewels UK","article_modified_time":"2026-04-17T12:06:55+00:00","og_image":[{"width":1000,"height":1000,"url":"https:\/\/static.purejewels.com\/wp-content\/uploads\/2026\/04\/sku-53834-top.jpg","type":"image\/jpeg"}],"twitter_card":"summary_large_image","twitter_misc":{"Tahmini okuma s\u00fcresi":"1 dakika"},"schema":{"@context":"https:\/\/schema.org","@graph":[{"@type":["WebPage","ItemPage"],"@id":"https:\/\/www.purejewels.com\/product\/22ct-gold-modern-link-bracelet-7-inch-53834\/","url":"https:\/\/www.purejewels.com\/product\/22ct-gold-modern-link-bracelet-7-inch-53834\/","name":"22 Ayar Alt\u0131n Modern Link Bileklik 7 \u0130n\u00e7 | Alt\u0131n Zincir Bileklik \u0130ngiltere","isPartOf":{"@id":"https:\/\/www.purejewels.com\/#website"},"primaryImageOfPage":{"@id":"https:\/\/www.purejewels.com\/product\/22ct-gold-modern-link-bracelet-7-inch-53834\/#primaryimage"},"image":{"@id":"https:\/\/www.purejewels.com\/product\/22ct-gold-modern-link-bracelet-7-inch-53834\/#primaryimage"},"thumbnailUrl":"https:\/\/static.purejewels.com\/wp-content\/uploads\/2026\/04\/sku-53834-top.jpg","datePublished":"2026-04-17T11:19:44+00:00","dateModified":"2026-04-17T12:06:55+00:00","description":"7 in\u00e7 uzunlu\u011funda 22 ayar alt\u0131n modern bileklik sat\u0131n al\u0131n. Safl\u0131k damgal\u0131, g\u00fcnl\u00fck kullan\u0131m ve kaliteli alt\u0131n tak\u0131larla katmanlama i\u00e7in m\u00fckemmel.","breadcrumb":{"@id":"https:\/\/www.purejewels.com\/product\/22ct-gold-modern-link-bracelet-7-inch-53834\/#breadcrumb"},"inLanguage":"tr","potentialAction":[{"@type":"ReadAction","target":["https:\/\/www.purejewels.com\/product\/22ct-gold-modern-link-bracelet-7-inch-53834\/"]}]},{"@type":"ImageObject","inLanguage":"tr","@id":"https:\/\/www.purejewels.com\/product\/22ct-gold-modern-link-bracelet-7-inch-53834\/#primaryimage","url":"https:\/\/static.purejewels.com\/wp-content\/uploads\/2026\/04\/sku-53834-top.jpg","contentUrl":"https:\/\/static.purejewels.com\/wp-content\/uploads\/2026\/04\/sku-53834-top.jpg","width":1000,"height":1000,"caption":"22ct Gold Modern Link Bracelet | 7 Inch"},{"@type":"BreadcrumbList","@id":"https:\/\/www.purejewels.com\/product\/22ct-gold-modern-link-bracelet-7-inch-53834\/#breadcrumb","itemListElement":[{"@type":"ListItem","position":1,"name":"Home","item":"https:\/\/www.purejewels.com\/"},{"@type":"ListItem","position":2,"name":"Shop","item":"https:\/\/www.purejewels.com\/shop\/"},{"@type":"ListItem","position":3,"name":"22ct Gold Modern Link Bracelet | 7 Inch"}]},{"@type":"WebSite","@id":"https:\/\/www.purejewels.com\/#website","url":"https:\/\/www.purejewels.com\/","name":"PureJewels \u0130ngiltere","description":"Sevgiyi Payla\u015f\u0131n","publisher":{"@id":"https:\/\/www.purejewels.com\/#organization"},"potentialAction":[{"@type":"SearchAction","target":{"@type":"EntryPoint","urlTemplate":"https:\/\/www.purejewels.com\/?s={search_term_string}"},"query-input":{"@type":"PropertyValueSpecification","valueRequired":true,"valueName":"search_term_string"}}],"inLanguage":"tr"},{"@type":"Organization","@id":"https:\/\/www.purejewels.com\/#organization","name":"PureJewels \u0130ngiltere","url":"https:\/\/www.purejewels.com\/","logo":{"@type":"ImageObject","inLanguage":"tr","@id":"https:\/\/www.purejewels.com\/#\/schema\/logo\/image\/","url":"https:\/\/static.purejewels.com\/wp-content\/uploads\/2020\/11\/Logo-PJ-New-1.png","contentUrl":"https:\/\/static.purejewels.com\/wp-content\/uploads\/2020\/11\/Logo-PJ-New-1.png","width":150,"height":80,"caption":"PureJewels UK"},"image":{"@id":"https:\/\/www.purejewels.com\/#\/schema\/logo\/image\/"}}]}},"_links":{"self":[{"href":"https:\/\/www.purejewels.com\/tr\/wp-json\/wp\/v2\/product\/428645","targetHints":{"allow":["GET"]}}],"collection":[{"href":"https:\/\/www.purejewels.com\/tr\/wp-json\/wp\/v2\/product"}],"about":[{"href":"https:\/\/www.purejewels.com\/tr\/wp-json\/wp\/v2\/types\/product"}],"replies":[{"embeddable":true,"href":"https:\/\/www.purejewels.com\/tr\/wp-json\/wp\/v2\/comments?post=428645"}],"version-history":[{"count":1,"href":"https:\/\/www.purejewels.com\/tr\/wp-json\/wp\/v2\/product\/428645\/revisions"}],"predecessor-version":[{"id":428651,"href":"https:\/\/www.purejewels.com\/tr\/wp-json\/wp\/v2\/product\/428645\/revisions\/428651"}],"wp:featuredmedia":[{"embeddable":true,"href":"https:\/\/www.purejewels.com\/tr\/wp-json\/wp\/v2\/media\/428647"}],"wp:attachment":[{"href":"https:\/\/www.purejewels.com\/tr\/wp-json\/wp\/v2\/media?parent=428645"}],"wp:term":[{"taxonomy":"product_brand","embeddable":true,"href":"https:\/\/www.purejewels.com\/tr\/wp-json\/wp\/v2\/product_brand?post=428645"},{"taxonomy":"product_cat","embeddable":true,"href":"https:\/\/www.purejewels.com\/tr\/wp-json\/wp\/v2\/product_cat?post=428645"},{"taxonomy":"product_tag","embeddable":true,"href":"https:\/\/www.purejewels.com\/tr\/wp-json\/wp\/v2\/product_tag?post=428645"}],"curies":[{"name":"wp","href":"https:\/\/api.w.org\/{rel}","templated":true}]}}