{"id":428698,"date":"2026-01-20T07:16:57","date_gmt":"2026-01-20T07:16:57","guid":{"rendered":"https:\/\/www.purejewels.com\/?post_type=product&#038;p=428698"},"modified":"2026-04-20T07:23:56","modified_gmt":"2026-04-20T06:23:56","slug":"22ct-gold-bead-bracelet-with-slash-texture-52943","status":"publish","type":"product","link":"https:\/\/www.purejewels.com\/tr\/product\/22ct-gold-bead-bracelet-with-slash-texture-52943\/","title":{"rendered":"22ct Gold Bead Bracelet with Slash Texture"},"content":{"rendered":"<h4 data-start=\"630\" data-end=\"655\"><span role=\"text\"><strong data-start=\"635\" data-end=\"653\">Tasar\u0131m Konsepti<\/strong><\/span><\/h4>\n<p data-start=\"656\" data-end=\"1053\">Gracefully minimal yet rich in detail, this 22ct Gold Bead Bracelet with Slash Texture is designed to celebrate the beauty of subtle ornamentation. The evenly spaced gold beads create a gentle rhythm along a fine chain, while the slash-textured finish introduces a quiet brilliance\u2014catching light in fleeting, elegant moments. It is a piece that speaks softly, yet leaves a lasting impression.<\/p>\n<h4 data-start=\"1055\" data-end=\"1079\"><span role=\"text\"><strong data-start=\"1060\" data-end=\"1077\">Zanaatkarl\u0131k<\/strong><\/span><\/h4>\n<p data-start=\"1080\" data-end=\"1559\">Crafted in high-purity 22ct gold, each bead is meticulously finished with precision-cut slash detailing, enhancing its reflective quality without compromising its smooth, tactile feel. The fine chain is thoughtfully selected for both strength and fluidity, ensuring the bracelet drapes naturally along the wrist. Rooted in generations of expertise, this piece reflects PureJewels\u2019 commitment to artistry, quality, and enduring craftsmanship .<\/p>\n<h4 data-start=\"1561\" data-end=\"1585\"><span role=\"text\"><strong data-start=\"1566\" data-end=\"1583\">Stil Fikirleri<\/strong><\/span><\/h4>\n<p data-start=\"1586\" data-end=\"1669\">Effortlessly versatile, this bracelet transitions seamlessly from day to evening.<\/p>\n<ul data-start=\"1670\" data-end=\"1899\">\n<li data-section-id=\"dm5jck\" data-start=\"1670\" data-end=\"1723\">Wear it alone for a refined, minimalist statement<\/li>\n<li data-section-id=\"kh5lj6\" data-start=\"1724\" data-end=\"1811\">Layer it with other gold bangles or chain bracelets for a contemporary stacked look<\/li>\n<li data-section-id=\"1cccs2g\" data-start=\"1812\" data-end=\"1899\">Pair with matching textured gold earrings or a delicate chain for a cohesive finish<\/li>\n<\/ul>\n<p data-start=\"1901\" data-end=\"2051\">Whether worn as an everyday signature or gifted to mark a meaningful moment, this bracelet becomes part of your story\u2014elegant, personal, and timeless.<\/p>","protected":false},"excerpt":{"rendered":"<p data-start=\"728\" data-end=\"910\">Bu 22 ayar alt\u0131n bileklik, zarif ve modern bir g\u00f6r\u00fcn\u00fcm i\u00e7in p\u00fcr\u00fczs\u00fcz \u00e7ift zincirleri dokulu alt\u0131n ve rodyum kaplama boncuklarla birle\u015ftiriyor. Hafif, \u00e7ok y\u00f6nl\u00fc ve g\u00fcnl\u00fck stil i\u00e7in m\u00fckemmel.<\/p>\n<p><strong>Malzeme:<\/strong> 22 Ayar Alt\u0131n (91,6% Saf Alt\u0131n)<strong><br \/>\nHallmark:\u00a0<\/strong>\u0130ngiliz Damgas\u0131<strong><br \/>\n<\/strong><strong>Br\u00fct A\u011f\u0131rl\u0131k: <\/strong>1.9 Gms<br \/>\n<strong>Uzunluk:<\/strong> 7 in\u00e7<br \/>\n<strong>SKU:<\/strong> 52943, 53943, 53945, 53946, 53951, 54726<\/p>\n<p><strong>Fiyat ve Teslimat<\/strong>: KDV ve teslimat \u00fccreti dahil<br \/>\n<a href=\"https:\/\/www.purejewels.com\/tr\/i%cc%87ade-poli%cc%87ti%cc%87kasi\/\">\u0130ade Politikas\u0131<\/a><\/p>","protected":false},"featured_media":428699,"comment_status":"closed","ping_status":"closed","template":"","meta":{"_eb_attr":"","_crsspst_to_jayantr4sg-hostcom":true},"product_brand":[],"product_cat":[5441,1559,1794,1793,1790,1324,1627,1229,5343,1575,1569,1574,5349],"product_tag":[],"class_list":{"0":"post-428698","1":"product","2":"type-product","3":"status-publish","4":"has-post-thumbnail","6":"product_cat-gold-bead-bracelets","7":"product_cat-birthday-gifts","8":"product_cat-christmas-gifts","9":"product_cat-diwali-gifts","10":"product_cat-for-whom-when","11":"product_cat-gold-bracelet","12":"product_cat-ladies-bracelet","13":"product_cat-22ct-gold-jewellery","14":"product_cat-jewellery-under-550","15":"product_cat-teenage-jewellery","16":"product_cat-valentine-day-gifts","17":"product_cat-womens-jewellery","18":"product_cat-yellow-gold-jewellery","20":"first","21":"instock","22":"taxable","23":"shipping-taxable","24":"purchasable","25":"product-type-simple","26":"add-to-wishlist-before_image"},"yoast_head":"<!-- This site is optimized with the Yoast SEO plugin v27.4 - https:\/\/yoast.com\/product\/yoast-seo-wordpress\/ -->\n<title>22ct Gold Bead &amp; Chain Bracelet | Dual-Tone Gold Rhodium Finish<\/title>\n<meta name=\"description\" content=\"Elegant 22ct gold bracelet featuring fine chain links and alternating textured gold and rhodium-finish beads. A refined daily wear essential with timeless charm.\" \/>\n<meta name=\"robots\" content=\"index, follow, max-snippet:-1, max-image-preview:large, max-video-preview:-1\" \/>\n<link rel=\"canonical\" href=\"https:\/\/www.purejewels.com\/tr\/urun\/22ct-gold-bead-bracelet-with-slash-texture-52943\/\" \/>\n<meta property=\"og:locale\" content=\"tr_TR\" \/>\n<meta property=\"og:type\" content=\"article\" \/>\n<meta property=\"og:title\" content=\"22ct Gold Bead &amp; Chain Bracelet | Dual-Tone Gold Rhodium Finish\" \/>\n<meta property=\"og:description\" content=\"Elegant 22ct gold bracelet featuring fine chain links and alternating textured gold and rhodium-finish beads. A refined daily wear essential with timeless charm.\" \/>\n<meta property=\"og:url\" content=\"https:\/\/www.purejewels.com\/tr\/urun\/22ct-gold-bead-bracelet-with-slash-texture-52943\/\" \/>\n<meta property=\"og:site_name\" content=\"PureJewels UK\" \/>\n<meta property=\"article:modified_time\" content=\"2026-04-20T06:23:56+00:00\" \/>\n<meta property=\"og:image\" content=\"https:\/\/static.purejewels.com\/wp-content\/uploads\/2026\/04\/sku-54726-top.jpg\" \/>\n\t<meta property=\"og:image:width\" content=\"1000\" \/>\n\t<meta property=\"og:image:height\" content=\"1000\" \/>\n\t<meta property=\"og:image:type\" content=\"image\/jpeg\" \/>\n<meta name=\"twitter:card\" content=\"summary_large_image\" \/>\n<meta name=\"twitter:label1\" content=\"Tahmini okuma s\u00fcresi\" \/>\n\t<meta name=\"twitter:data1\" content=\"2 dakika\" \/>\n<script type=\"application\/ld+json\" class=\"yoast-schema-graph\">{\"@context\":\"https:\\\/\\\/schema.org\",\"@graph\":[{\"@type\":[\"WebPage\",\"ItemPage\"],\"@id\":\"https:\\\/\\\/www.purejewels.com\\\/product\\\/22ct-gold-bead-bracelet-with-slash-texture-52943\\\/\",\"url\":\"https:\\\/\\\/www.purejewels.com\\\/product\\\/22ct-gold-bead-bracelet-with-slash-texture-52943\\\/\",\"name\":\"22ct Gold Bead & Chain Bracelet | Dual-Tone Gold Rhodium Finish\",\"isPartOf\":{\"@id\":\"https:\\\/\\\/www.purejewels.com\\\/#website\"},\"primaryImageOfPage\":{\"@id\":\"https:\\\/\\\/www.purejewels.com\\\/product\\\/22ct-gold-bead-bracelet-with-slash-texture-52943\\\/#primaryimage\"},\"image\":{\"@id\":\"https:\\\/\\\/www.purejewels.com\\\/product\\\/22ct-gold-bead-bracelet-with-slash-texture-52943\\\/#primaryimage\"},\"thumbnailUrl\":\"https:\\\/\\\/static.purejewels.com\\\/wp-content\\\/uploads\\\/2026\\\/04\\\/sku-54726-top.jpg\",\"datePublished\":\"2026-01-20T07:16:57+00:00\",\"dateModified\":\"2026-04-20T06:23:56+00:00\",\"description\":\"Elegant 22ct gold bracelet featuring fine chain links and alternating textured gold and rhodium-finish beads. A refined daily wear essential with timeless charm.\",\"breadcrumb\":{\"@id\":\"https:\\\/\\\/www.purejewels.com\\\/product\\\/22ct-gold-bead-bracelet-with-slash-texture-52943\\\/#breadcrumb\"},\"inLanguage\":\"tr\",\"potentialAction\":[{\"@type\":\"ReadAction\",\"target\":[\"https:\\\/\\\/www.purejewels.com\\\/product\\\/22ct-gold-bead-bracelet-with-slash-texture-52943\\\/\"]}]},{\"@type\":\"ImageObject\",\"inLanguage\":\"tr\",\"@id\":\"https:\\\/\\\/www.purejewels.com\\\/product\\\/22ct-gold-bead-bracelet-with-slash-texture-52943\\\/#primaryimage\",\"url\":\"https:\\\/\\\/static.purejewels.com\\\/wp-content\\\/uploads\\\/2026\\\/04\\\/sku-54726-top.jpg\",\"contentUrl\":\"https:\\\/\\\/static.purejewels.com\\\/wp-content\\\/uploads\\\/2026\\\/04\\\/sku-54726-top.jpg\",\"width\":1000,\"height\":1000,\"caption\":\"22ct Gold Bead Bracelet with Slash Texture\"},{\"@type\":\"BreadcrumbList\",\"@id\":\"https:\\\/\\\/www.purejewels.com\\\/product\\\/22ct-gold-bead-bracelet-with-slash-texture-52943\\\/#breadcrumb\",\"itemListElement\":[{\"@type\":\"ListItem\",\"position\":1,\"name\":\"Home\",\"item\":\"https:\\\/\\\/www.purejewels.com\\\/\"},{\"@type\":\"ListItem\",\"position\":2,\"name\":\"Shop\",\"item\":\"https:\\\/\\\/www.purejewels.com\\\/shop\\\/\"},{\"@type\":\"ListItem\",\"position\":3,\"name\":\"22ct Gold Bead Bracelet with Slash Texture\"}]},{\"@type\":\"WebSite\",\"@id\":\"https:\\\/\\\/www.purejewels.com\\\/#website\",\"url\":\"https:\\\/\\\/www.purejewels.com\\\/\",\"name\":\"PureJewels UK\",\"description\":\"Share the Love\",\"publisher\":{\"@id\":\"https:\\\/\\\/www.purejewels.com\\\/#organization\"},\"potentialAction\":[{\"@type\":\"SearchAction\",\"target\":{\"@type\":\"EntryPoint\",\"urlTemplate\":\"https:\\\/\\\/www.purejewels.com\\\/?s={search_term_string}\"},\"query-input\":{\"@type\":\"PropertyValueSpecification\",\"valueRequired\":true,\"valueName\":\"search_term_string\"}}],\"inLanguage\":\"tr\"},{\"@type\":\"Organization\",\"@id\":\"https:\\\/\\\/www.purejewels.com\\\/#organization\",\"name\":\"PureJewels UK\",\"url\":\"https:\\\/\\\/www.purejewels.com\\\/\",\"logo\":{\"@type\":\"ImageObject\",\"inLanguage\":\"tr\",\"@id\":\"https:\\\/\\\/www.purejewels.com\\\/#\\\/schema\\\/logo\\\/image\\\/\",\"url\":\"https:\\\/\\\/static.purejewels.com\\\/wp-content\\\/uploads\\\/2020\\\/11\\\/Logo-PJ-New-1.png\",\"contentUrl\":\"https:\\\/\\\/static.purejewels.com\\\/wp-content\\\/uploads\\\/2020\\\/11\\\/Logo-PJ-New-1.png\",\"width\":150,\"height\":80,\"caption\":\"PureJewels UK\"},\"image\":{\"@id\":\"https:\\\/\\\/www.purejewels.com\\\/#\\\/schema\\\/logo\\\/image\\\/\"}}]}<\/script>\n<!-- \/ Yoast SEO plugin. -->","yoast_head_json":{"title":"22 Ayar Alt\u0131n Boncuk &amp; Zincir Bileklik | \u00c7ift Ton Alt\u0131n Rodyum Kaplama","description":"\u0130nce zincir ba\u011flant\u0131lar\u0131 ve alternatif dokulu alt\u0131n ve rodyum kaplama boncuklar i\u00e7eren zarif 22 ayar alt\u0131n bileklik. Zamans\u0131z bir cazibeye sahip rafine bir g\u00fcnl\u00fck kullan\u0131m vazge\u00e7ilmezi.","robots":{"index":"index","follow":"follow","max-snippet":"max-snippet:-1","max-image-preview":"max-image-preview:large","max-video-preview":"max-video-preview:-1"},"canonical":"https:\/\/www.purejewels.com\/tr\/urun\/22ct-gold-bead-bracelet-with-slash-texture-52943\/","og_locale":"tr_TR","og_type":"article","og_title":"22ct Gold Bead & Chain Bracelet | Dual-Tone Gold Rhodium Finish","og_description":"Elegant 22ct gold bracelet featuring fine chain links and alternating textured gold and rhodium-finish beads. A refined daily wear essential with timeless charm.","og_url":"https:\/\/www.purejewels.com\/tr\/urun\/22ct-gold-bead-bracelet-with-slash-texture-52943\/","og_site_name":"PureJewels UK","article_modified_time":"2026-04-20T06:23:56+00:00","og_image":[{"width":1000,"height":1000,"url":"https:\/\/static.purejewels.com\/wp-content\/uploads\/2026\/04\/sku-54726-top.jpg","type":"image\/jpeg"}],"twitter_card":"summary_large_image","twitter_misc":{"Tahmini okuma s\u00fcresi":"2 dakika"},"schema":{"@context":"https:\/\/schema.org","@graph":[{"@type":["WebPage","ItemPage"],"@id":"https:\/\/www.purejewels.com\/product\/22ct-gold-bead-bracelet-with-slash-texture-52943\/","url":"https:\/\/www.purejewels.com\/product\/22ct-gold-bead-bracelet-with-slash-texture-52943\/","name":"22 Ayar Alt\u0131n Boncuk &amp; Zincir Bileklik | \u00c7ift Ton Alt\u0131n Rodyum Kaplama","isPartOf":{"@id":"https:\/\/www.purejewels.com\/#website"},"primaryImageOfPage":{"@id":"https:\/\/www.purejewels.com\/product\/22ct-gold-bead-bracelet-with-slash-texture-52943\/#primaryimage"},"image":{"@id":"https:\/\/www.purejewels.com\/product\/22ct-gold-bead-bracelet-with-slash-texture-52943\/#primaryimage"},"thumbnailUrl":"https:\/\/static.purejewels.com\/wp-content\/uploads\/2026\/04\/sku-54726-top.jpg","datePublished":"2026-01-20T07:16:57+00:00","dateModified":"2026-04-20T06:23:56+00:00","description":"\u0130nce zincir ba\u011flant\u0131lar\u0131 ve alternatif dokulu alt\u0131n ve rodyum kaplama boncuklar i\u00e7eren zarif 22 ayar alt\u0131n bileklik. Zamans\u0131z bir cazibeye sahip rafine bir g\u00fcnl\u00fck kullan\u0131m vazge\u00e7ilmezi.","breadcrumb":{"@id":"https:\/\/www.purejewels.com\/product\/22ct-gold-bead-bracelet-with-slash-texture-52943\/#breadcrumb"},"inLanguage":"tr","potentialAction":[{"@type":"ReadAction","target":["https:\/\/www.purejewels.com\/product\/22ct-gold-bead-bracelet-with-slash-texture-52943\/"]}]},{"@type":"ImageObject","inLanguage":"tr","@id":"https:\/\/www.purejewels.com\/product\/22ct-gold-bead-bracelet-with-slash-texture-52943\/#primaryimage","url":"https:\/\/static.purejewels.com\/wp-content\/uploads\/2026\/04\/sku-54726-top.jpg","contentUrl":"https:\/\/static.purejewels.com\/wp-content\/uploads\/2026\/04\/sku-54726-top.jpg","width":1000,"height":1000,"caption":"22ct Gold Bead Bracelet with Slash Texture"},{"@type":"BreadcrumbList","@id":"https:\/\/www.purejewels.com\/product\/22ct-gold-bead-bracelet-with-slash-texture-52943\/#breadcrumb","itemListElement":[{"@type":"ListItem","position":1,"name":"Home","item":"https:\/\/www.purejewels.com\/"},{"@type":"ListItem","position":2,"name":"Shop","item":"https:\/\/www.purejewels.com\/shop\/"},{"@type":"ListItem","position":3,"name":"22ct Gold Bead Bracelet with Slash Texture"}]},{"@type":"WebSite","@id":"https:\/\/www.purejewels.com\/#website","url":"https:\/\/www.purejewels.com\/","name":"PureJewels \u0130ngiltere","description":"Sevgiyi Payla\u015f\u0131n","publisher":{"@id":"https:\/\/www.purejewels.com\/#organization"},"potentialAction":[{"@type":"SearchAction","target":{"@type":"EntryPoint","urlTemplate":"https:\/\/www.purejewels.com\/?s={search_term_string}"},"query-input":{"@type":"PropertyValueSpecification","valueRequired":true,"valueName":"search_term_string"}}],"inLanguage":"tr"},{"@type":"Organization","@id":"https:\/\/www.purejewels.com\/#organization","name":"PureJewels \u0130ngiltere","url":"https:\/\/www.purejewels.com\/","logo":{"@type":"ImageObject","inLanguage":"tr","@id":"https:\/\/www.purejewels.com\/#\/schema\/logo\/image\/","url":"https:\/\/static.purejewels.com\/wp-content\/uploads\/2020\/11\/Logo-PJ-New-1.png","contentUrl":"https:\/\/static.purejewels.com\/wp-content\/uploads\/2020\/11\/Logo-PJ-New-1.png","width":150,"height":80,"caption":"PureJewels UK"},"image":{"@id":"https:\/\/www.purejewels.com\/#\/schema\/logo\/image\/"}}]}},"_links":{"self":[{"href":"https:\/\/www.purejewels.com\/tr\/wp-json\/wp\/v2\/product\/428698","targetHints":{"allow":["GET"]}}],"collection":[{"href":"https:\/\/www.purejewels.com\/tr\/wp-json\/wp\/v2\/product"}],"about":[{"href":"https:\/\/www.purejewels.com\/tr\/wp-json\/wp\/v2\/types\/product"}],"replies":[{"embeddable":true,"href":"https:\/\/www.purejewels.com\/tr\/wp-json\/wp\/v2\/comments?post=428698"}],"version-history":[{"count":1,"href":"https:\/\/www.purejewels.com\/tr\/wp-json\/wp\/v2\/product\/428698\/revisions"}],"predecessor-version":[{"id":428702,"href":"https:\/\/www.purejewels.com\/tr\/wp-json\/wp\/v2\/product\/428698\/revisions\/428702"}],"wp:featuredmedia":[{"embeddable":true,"href":"https:\/\/www.purejewels.com\/tr\/wp-json\/wp\/v2\/media\/428699"}],"wp:attachment":[{"href":"https:\/\/www.purejewels.com\/tr\/wp-json\/wp\/v2\/media?parent=428698"}],"wp:term":[{"taxonomy":"product_brand","embeddable":true,"href":"https:\/\/www.purejewels.com\/tr\/wp-json\/wp\/v2\/product_brand?post=428698"},{"taxonomy":"product_cat","embeddable":true,"href":"https:\/\/www.purejewels.com\/tr\/wp-json\/wp\/v2\/product_cat?post=428698"},{"taxonomy":"product_tag","embeddable":true,"href":"https:\/\/www.purejewels.com\/tr\/wp-json\/wp\/v2\/product_tag?post=428698"}],"curies":[{"name":"wp","href":"https:\/\/api.w.org\/{rel}","templated":true}]}}