{"id":428778,"date":"2026-01-20T09:08:23","date_gmt":"2026-01-20T09:08:23","guid":{"rendered":"https:\/\/www.purejewels.com\/?post_type=product&#038;p=428778"},"modified":"2026-04-20T09:15:39","modified_gmt":"2026-04-20T08:15:39","slug":"22ct-gold-small-faceted-hoop-earrings-51247","status":"publish","type":"product","link":"https:\/\/www.purejewels.com\/tr\/product\/22ct-gold-small-faceted-hoop-earrings-51247\/","title":{"rendered":"22ct Gold Small Faceted Hoop Earrings"},"content":{"rendered":"<h4 data-start=\"577\" data-end=\"602\"><span role=\"text\"><strong data-start=\"582\" data-end=\"600\">Tasar\u0131m Konsepti<\/strong><\/span><\/h4>\n<p data-start=\"603\" data-end=\"960\">Refined and radiant, the 22ct Gold Small Faceted Hoop Earrings are designed to capture light with every movement. The faceted surface creates a subtle, shimmering texture across the hoop, offering a modern interpretation of a timeless classic. Their smaller size makes them ideal for those who appreciate understated elegance with a touch of brilliance.<\/p>\n<h4 data-start=\"962\" data-end=\"986\"><span role=\"text\"><strong data-start=\"967\" data-end=\"984\">Zanaatkarl\u0131k<\/strong><\/span><\/h4>\n<p data-start=\"987\" data-end=\"1373\">Expertly crafted in high-purity 22ct gold, each hoop is finished with precision-cut facets that enhance its natural glow. The structure is lightweight yet durable, with a secure hinge mechanism for comfortable daily wear. Rooted in generations of craftsmanship, these earrings reflect PureJewels\u2019 dedication to quality, detail, and enduring design .<\/p>\n<h4 data-start=\"1375\" data-end=\"1399\"><span role=\"text\"><strong data-start=\"1380\" data-end=\"1397\">Stil Fikirleri<\/strong><\/span><\/h4>\n<p data-start=\"1400\" data-end=\"1477\">Versatile and effortlessly chic, these hoops complement a variety of looks:<\/p>\n<ul data-start=\"1478\" data-end=\"1656\">\n<li data-section-id=\"1enlo6s\" data-start=\"1478\" data-end=\"1528\">Wear them alone for a clean, minimal aesthetic<\/li>\n<li data-section-id=\"1baxn35\" data-start=\"1529\" data-end=\"1597\">Pair with layered gold necklaces for a modern, coordinated style<\/li>\n<li data-section-id=\"zb1e8a\" data-start=\"1598\" data-end=\"1656\">Style with other small earrings for a curated ear look<\/li>\n<\/ul>\n<p data-start=\"1658\" data-end=\"1832\">Perfect for everyday wear or as a thoughtful gift, these earrings bring together simplicity, sparkle, and timeless appeal\u2014designed to be worn and cherished for years to come.<\/p>","protected":false},"excerpt":{"rendered":"<p>Delicately crafted in 22ct gold, these small faceted hoop earrings feature a textured surface that reflects light beautifully\u2014perfect for effortless everyday wear.<\/p>\n<p><strong>Malzeme:<\/strong>\u00a022 Ayar Alt\u0131n<strong><br \/>\nHallmark:\u00a0<\/strong>\u0130ngiliz Damgas\u0131<strong><br \/>\n<\/strong><strong>Br\u00fct A\u011f\u0131rl\u0131k: <\/strong>2.38 Gms<br \/>\n<strong>SKU:<\/strong> 53763, 53762, 51247<\/p>\n<p><strong>Fiyat ve Teslimat<\/strong>:KDV ve teslimat \u00fccreti dahil<\/p>\n<p><a href=\"https:\/\/www.purejewels.com\/tr\/i%cc%87ade-poli%cc%87ti%cc%87kasi\/\">\u0130ade Politikas\u0131<\/a><\/p>","protected":false},"featured_media":428779,"comment_status":"closed","ping_status":"closed","template":"","meta":{"_eb_attr":"","_crsspst_to_jayantr4sg-hostcom":true},"product_brand":[],"product_cat":[1791,1254,1229,1579,5344,1570,5338,5608,1574,5349],"product_tag":[66],"class_list":{"0":"post-428778","1":"product","2":"type-product","3":"status-publish","4":"has-post-thumbnail","6":"product_cat-anniversary-gifts","7":"product_cat-gold-earrings","8":"product_cat-22ct-gold-jewellery","9":"product_cat-hoop-earrings","10":"product_cat-jewellery-under-750","11":"product_cat-mothers-day-gifts","12":"product_cat-shop-by-price","13":"product_cat-simple-hoops","14":"product_cat-womens-jewellery","15":"product_cat-yellow-gold-jewellery","16":"product_tag-earrings","18":"first","19":"instock","20":"taxable","21":"shipping-taxable","22":"purchasable","23":"product-type-simple","24":"add-to-wishlist-before_image"},"yoast_head":"<!-- This site is optimized with the Yoast SEO plugin v27.4 - https:\/\/yoast.com\/product\/yoast-seo-wordpress\/ -->\n<title>22ct Gold Small Faceted Hoop Earrings \u2013 Textured Gold Hoops<\/title>\n<meta name=\"description\" content=\"Shop 22ct gold small faceted hoop earrings. Lightweight, textured gold hoops with a sparkling finish, perfect for everyday elegance.\" \/>\n<meta name=\"robots\" content=\"index, follow, max-snippet:-1, max-image-preview:large, max-video-preview:-1\" \/>\n<link rel=\"canonical\" href=\"https:\/\/www.purejewels.com\/tr\/urun\/22ct-gold-small-faceted-hoop-earrings-51247\/\" \/>\n<meta property=\"og:locale\" content=\"tr_TR\" \/>\n<meta property=\"og:type\" content=\"article\" \/>\n<meta property=\"og:title\" content=\"22ct Gold Small Faceted Hoop Earrings \u2013 Textured Gold Hoops\" \/>\n<meta property=\"og:description\" content=\"Shop 22ct gold small faceted hoop earrings. Lightweight, textured gold hoops with a sparkling finish, perfect for everyday elegance.\" \/>\n<meta property=\"og:url\" content=\"https:\/\/www.purejewels.com\/tr\/urun\/22ct-gold-small-faceted-hoop-earrings-51247\/\" \/>\n<meta property=\"og:site_name\" content=\"PureJewels UK\" \/>\n<meta property=\"article:modified_time\" content=\"2026-04-20T08:15:39+00:00\" \/>\n<meta property=\"og:image\" content=\"https:\/\/static.purejewels.com\/wp-content\/uploads\/2026\/04\/JWERBNRP064.jpg\" \/>\n\t<meta property=\"og:image:width\" content=\"1000\" \/>\n\t<meta property=\"og:image:height\" content=\"1000\" \/>\n\t<meta property=\"og:image:type\" content=\"image\/jpeg\" \/>\n<meta name=\"twitter:card\" content=\"summary_large_image\" \/>\n<meta name=\"twitter:label1\" content=\"Tahmini okuma s\u00fcresi\" \/>\n\t<meta name=\"twitter:data1\" content=\"1 dakika\" \/>\n<script type=\"application\/ld+json\" class=\"yoast-schema-graph\">{\"@context\":\"https:\\\/\\\/schema.org\",\"@graph\":[{\"@type\":[\"WebPage\",\"ItemPage\"],\"@id\":\"https:\\\/\\\/www.purejewels.com\\\/product\\\/22ct-gold-small-faceted-hoop-earrings-51247\\\/\",\"url\":\"https:\\\/\\\/www.purejewels.com\\\/product\\\/22ct-gold-small-faceted-hoop-earrings-51247\\\/\",\"name\":\"22ct Gold Small Faceted Hoop Earrings \u2013 Textured Gold Hoops\",\"isPartOf\":{\"@id\":\"https:\\\/\\\/www.purejewels.com\\\/#website\"},\"primaryImageOfPage\":{\"@id\":\"https:\\\/\\\/www.purejewels.com\\\/product\\\/22ct-gold-small-faceted-hoop-earrings-51247\\\/#primaryimage\"},\"image\":{\"@id\":\"https:\\\/\\\/www.purejewels.com\\\/product\\\/22ct-gold-small-faceted-hoop-earrings-51247\\\/#primaryimage\"},\"thumbnailUrl\":\"https:\\\/\\\/static.purejewels.com\\\/wp-content\\\/uploads\\\/2026\\\/04\\\/JWERBNRP064.jpg\",\"datePublished\":\"2026-01-20T09:08:23+00:00\",\"dateModified\":\"2026-04-20T08:15:39+00:00\",\"description\":\"Shop 22ct gold small faceted hoop earrings. Lightweight, textured gold hoops with a sparkling finish, perfect for everyday elegance.\",\"breadcrumb\":{\"@id\":\"https:\\\/\\\/www.purejewels.com\\\/product\\\/22ct-gold-small-faceted-hoop-earrings-51247\\\/#breadcrumb\"},\"inLanguage\":\"tr\",\"potentialAction\":[{\"@type\":\"ReadAction\",\"target\":[\"https:\\\/\\\/www.purejewels.com\\\/product\\\/22ct-gold-small-faceted-hoop-earrings-51247\\\/\"]}]},{\"@type\":\"ImageObject\",\"inLanguage\":\"tr\",\"@id\":\"https:\\\/\\\/www.purejewels.com\\\/product\\\/22ct-gold-small-faceted-hoop-earrings-51247\\\/#primaryimage\",\"url\":\"https:\\\/\\\/static.purejewels.com\\\/wp-content\\\/uploads\\\/2026\\\/04\\\/JWERBNRP064.jpg\",\"contentUrl\":\"https:\\\/\\\/static.purejewels.com\\\/wp-content\\\/uploads\\\/2026\\\/04\\\/JWERBNRP064.jpg\",\"width\":1000,\"height\":1000,\"caption\":\"22ct Gold Small Faceted Hoop Earrings\"},{\"@type\":\"BreadcrumbList\",\"@id\":\"https:\\\/\\\/www.purejewels.com\\\/product\\\/22ct-gold-small-faceted-hoop-earrings-51247\\\/#breadcrumb\",\"itemListElement\":[{\"@type\":\"ListItem\",\"position\":1,\"name\":\"Home\",\"item\":\"https:\\\/\\\/www.purejewels.com\\\/\"},{\"@type\":\"ListItem\",\"position\":2,\"name\":\"Shop\",\"item\":\"https:\\\/\\\/www.purejewels.com\\\/shop\\\/\"},{\"@type\":\"ListItem\",\"position\":3,\"name\":\"22ct Gold Small Faceted Hoop Earrings\"}]},{\"@type\":\"WebSite\",\"@id\":\"https:\\\/\\\/www.purejewels.com\\\/#website\",\"url\":\"https:\\\/\\\/www.purejewels.com\\\/\",\"name\":\"PureJewels UK\",\"description\":\"Share the Love\",\"publisher\":{\"@id\":\"https:\\\/\\\/www.purejewels.com\\\/#organization\"},\"potentialAction\":[{\"@type\":\"SearchAction\",\"target\":{\"@type\":\"EntryPoint\",\"urlTemplate\":\"https:\\\/\\\/www.purejewels.com\\\/?s={search_term_string}\"},\"query-input\":{\"@type\":\"PropertyValueSpecification\",\"valueRequired\":true,\"valueName\":\"search_term_string\"}}],\"inLanguage\":\"tr\"},{\"@type\":\"Organization\",\"@id\":\"https:\\\/\\\/www.purejewels.com\\\/#organization\",\"name\":\"PureJewels UK\",\"url\":\"https:\\\/\\\/www.purejewels.com\\\/\",\"logo\":{\"@type\":\"ImageObject\",\"inLanguage\":\"tr\",\"@id\":\"https:\\\/\\\/www.purejewels.com\\\/#\\\/schema\\\/logo\\\/image\\\/\",\"url\":\"https:\\\/\\\/static.purejewels.com\\\/wp-content\\\/uploads\\\/2020\\\/11\\\/Logo-PJ-New-1.png\",\"contentUrl\":\"https:\\\/\\\/static.purejewels.com\\\/wp-content\\\/uploads\\\/2020\\\/11\\\/Logo-PJ-New-1.png\",\"width\":150,\"height\":80,\"caption\":\"PureJewels UK\"},\"image\":{\"@id\":\"https:\\\/\\\/www.purejewels.com\\\/#\\\/schema\\\/logo\\\/image\\\/\"}}]}<\/script>\n<!-- \/ Yoast SEO plugin. -->","yoast_head_json":{"title":"22ct Gold Small Faceted Hoop Earrings \u2013 Textured Gold Hoops","description":"Shop 22ct gold small faceted hoop earrings. Lightweight, textured gold hoops with a sparkling finish, perfect for everyday elegance.","robots":{"index":"index","follow":"follow","max-snippet":"max-snippet:-1","max-image-preview":"max-image-preview:large","max-video-preview":"max-video-preview:-1"},"canonical":"https:\/\/www.purejewels.com\/tr\/urun\/22ct-gold-small-faceted-hoop-earrings-51247\/","og_locale":"tr_TR","og_type":"article","og_title":"22ct Gold Small Faceted Hoop Earrings \u2013 Textured Gold Hoops","og_description":"Shop 22ct gold small faceted hoop earrings. Lightweight, textured gold hoops with a sparkling finish, perfect for everyday elegance.","og_url":"https:\/\/www.purejewels.com\/tr\/urun\/22ct-gold-small-faceted-hoop-earrings-51247\/","og_site_name":"PureJewels UK","article_modified_time":"2026-04-20T08:15:39+00:00","og_image":[{"width":1000,"height":1000,"url":"https:\/\/static.purejewels.com\/wp-content\/uploads\/2026\/04\/JWERBNRP064.jpg","type":"image\/jpeg"}],"twitter_card":"summary_large_image","twitter_misc":{"Tahmini okuma s\u00fcresi":"1 dakika"},"schema":{"@context":"https:\/\/schema.org","@graph":[{"@type":["WebPage","ItemPage"],"@id":"https:\/\/www.purejewels.com\/product\/22ct-gold-small-faceted-hoop-earrings-51247\/","url":"https:\/\/www.purejewels.com\/product\/22ct-gold-small-faceted-hoop-earrings-51247\/","name":"22ct Gold Small Faceted Hoop Earrings \u2013 Textured Gold Hoops","isPartOf":{"@id":"https:\/\/www.purejewels.com\/#website"},"primaryImageOfPage":{"@id":"https:\/\/www.purejewels.com\/product\/22ct-gold-small-faceted-hoop-earrings-51247\/#primaryimage"},"image":{"@id":"https:\/\/www.purejewels.com\/product\/22ct-gold-small-faceted-hoop-earrings-51247\/#primaryimage"},"thumbnailUrl":"https:\/\/static.purejewels.com\/wp-content\/uploads\/2026\/04\/JWERBNRP064.jpg","datePublished":"2026-01-20T09:08:23+00:00","dateModified":"2026-04-20T08:15:39+00:00","description":"Shop 22ct gold small faceted hoop earrings. Lightweight, textured gold hoops with a sparkling finish, perfect for everyday elegance.","breadcrumb":{"@id":"https:\/\/www.purejewels.com\/product\/22ct-gold-small-faceted-hoop-earrings-51247\/#breadcrumb"},"inLanguage":"tr","potentialAction":[{"@type":"ReadAction","target":["https:\/\/www.purejewels.com\/product\/22ct-gold-small-faceted-hoop-earrings-51247\/"]}]},{"@type":"ImageObject","inLanguage":"tr","@id":"https:\/\/www.purejewels.com\/product\/22ct-gold-small-faceted-hoop-earrings-51247\/#primaryimage","url":"https:\/\/static.purejewels.com\/wp-content\/uploads\/2026\/04\/JWERBNRP064.jpg","contentUrl":"https:\/\/static.purejewels.com\/wp-content\/uploads\/2026\/04\/JWERBNRP064.jpg","width":1000,"height":1000,"caption":"22ct Gold Small Faceted Hoop Earrings"},{"@type":"BreadcrumbList","@id":"https:\/\/www.purejewels.com\/product\/22ct-gold-small-faceted-hoop-earrings-51247\/#breadcrumb","itemListElement":[{"@type":"ListItem","position":1,"name":"Home","item":"https:\/\/www.purejewels.com\/"},{"@type":"ListItem","position":2,"name":"Shop","item":"https:\/\/www.purejewels.com\/shop\/"},{"@type":"ListItem","position":3,"name":"22ct Gold Small Faceted Hoop Earrings"}]},{"@type":"WebSite","@id":"https:\/\/www.purejewels.com\/#website","url":"https:\/\/www.purejewels.com\/","name":"PureJewels \u0130ngiltere","description":"Sevgiyi Payla\u015f\u0131n","publisher":{"@id":"https:\/\/www.purejewels.com\/#organization"},"potentialAction":[{"@type":"SearchAction","target":{"@type":"EntryPoint","urlTemplate":"https:\/\/www.purejewels.com\/?s={search_term_string}"},"query-input":{"@type":"PropertyValueSpecification","valueRequired":true,"valueName":"search_term_string"}}],"inLanguage":"tr"},{"@type":"Organization","@id":"https:\/\/www.purejewels.com\/#organization","name":"PureJewels \u0130ngiltere","url":"https:\/\/www.purejewels.com\/","logo":{"@type":"ImageObject","inLanguage":"tr","@id":"https:\/\/www.purejewels.com\/#\/schema\/logo\/image\/","url":"https:\/\/static.purejewels.com\/wp-content\/uploads\/2020\/11\/Logo-PJ-New-1.png","contentUrl":"https:\/\/static.purejewels.com\/wp-content\/uploads\/2020\/11\/Logo-PJ-New-1.png","width":150,"height":80,"caption":"PureJewels UK"},"image":{"@id":"https:\/\/www.purejewels.com\/#\/schema\/logo\/image\/"}}]}},"_links":{"self":[{"href":"https:\/\/www.purejewels.com\/tr\/wp-json\/wp\/v2\/product\/428778","targetHints":{"allow":["GET"]}}],"collection":[{"href":"https:\/\/www.purejewels.com\/tr\/wp-json\/wp\/v2\/product"}],"about":[{"href":"https:\/\/www.purejewels.com\/tr\/wp-json\/wp\/v2\/types\/product"}],"replies":[{"embeddable":true,"href":"https:\/\/www.purejewels.com\/tr\/wp-json\/wp\/v2\/comments?post=428778"}],"version-history":[{"count":1,"href":"https:\/\/www.purejewels.com\/tr\/wp-json\/wp\/v2\/product\/428778\/revisions"}],"predecessor-version":[{"id":428781,"href":"https:\/\/www.purejewels.com\/tr\/wp-json\/wp\/v2\/product\/428778\/revisions\/428781"}],"wp:featuredmedia":[{"embeddable":true,"href":"https:\/\/www.purejewels.com\/tr\/wp-json\/wp\/v2\/media\/428779"}],"wp:attachment":[{"href":"https:\/\/www.purejewels.com\/tr\/wp-json\/wp\/v2\/media?parent=428778"}],"wp:term":[{"taxonomy":"product_brand","embeddable":true,"href":"https:\/\/www.purejewels.com\/tr\/wp-json\/wp\/v2\/product_brand?post=428778"},{"taxonomy":"product_cat","embeddable":true,"href":"https:\/\/www.purejewels.com\/tr\/wp-json\/wp\/v2\/product_cat?post=428778"},{"taxonomy":"product_tag","embeddable":true,"href":"https:\/\/www.purejewels.com\/tr\/wp-json\/wp\/v2\/product_tag?post=428778"}],"curies":[{"name":"wp","href":"https:\/\/api.w.org\/{rel}","templated":true}]}}