{"id":429286,"date":"2026-03-04T06:07:19","date_gmt":"2026-03-04T06:07:19","guid":{"rendered":"https:\/\/www.purejewels.com\/?post_type=product&#038;p=429286"},"modified":"2026-05-04T06:30:42","modified_gmt":"2026-05-04T05:30:42","slug":"22-ayar-altin-rozet-kare-kolye-46925","status":"publish","type":"product","link":"https:\/\/www.purejewels.com\/tr\/product\/22ct-gold-rosette-square-pendant-46925\/","title":{"rendered":"22 Ayar Alt\u0131n Rozet Kare Kolye"},"content":{"rendered":"<p data-start=\"276\" data-end=\"823\"><strong data-start=\"276\" data-end=\"316\">Tasar\u0131m Konsepti\u00a0<\/strong><br data-start=\"316\" data-end=\"319\" \/>Bu kolye ucunun kalbinde, kutlama, b\u00fcy\u00fcme ve hayat\u0131n katmanlar halinde ortaya \u00e7\u0131k\u0131\u015f\u0131n\u0131n kal\u0131c\u0131 bir sembol\u00fc olan Rozet yer al\u0131yor. Yap\u0131land\u0131r\u0131lm\u0131\u015f kare bir siluet i\u00e7inde \u00e7er\u00e7evelenen tasar\u0131m, \u00e7i\u00e7ek a\u00e7an \u00e7i\u00e7ekleri, \u015falvardan ilham alan unsurlar\u0131 ve do\u011fan\u0131n ritmini yans\u0131tan yumu\u015fak, ak\u0131c\u0131 formlar\u0131 bir araya getiriyor. Her motif, PureJewels'in her yolculu\u011fun anlaml\u0131 anlardan olu\u015fan bir koleksiyonla \u015fekillendi\u011fi felsefesini yans\u0131tan uyumlu bir kompozisyon olu\u015fturmak i\u00e7in \u00f6zenle d\u00fczenlenmi\u015ftir. Kare \u00e7er\u00e7eve bir denge ve g\u00fc\u00e7 hissi verirken, i\u00e7indeki karma\u015f\u0131k detaylar yumu\u015fakl\u0131k ve ak\u0131\u015fkanl\u0131k katarak hem ayaklar\u0131 yere basan hem de etkileyici bir par\u00e7a yarat\u0131yor.<\/p>\n<p data-start=\"1009\" data-end=\"1390\"><strong data-start=\"1009\" data-end=\"1053\">Zanaatkarl\u0131k\u00a0<\/strong><br data-start=\"1053\" data-end=\"1056\" \/>Zengin 22 ayar alt\u0131ndan \u00fcretilen bu kolye ucu, geleneksel Die Stamp i\u015f\u00e7ili\u011finin g\u00fczelli\u011fini sergiliyor. Her bir unsur derinlik, doku ve tasar\u0131m netli\u011fi elde etmek i\u00e7in titizlikle \u015fekillendirilmi\u015ftir. \u0130nce r\u00f6lyef \u00e7al\u0131\u015fmas\u0131, hassas gran\u00fclasyon ve el yap\u0131m\u0131 dokunu\u015flar motiflere hayat verirken \u0131\u015f\u0131\u011f\u0131n y\u00fczeyde nazik\u00e7e oynamas\u0131na olanak tan\u0131r. Hassas m\u00fchendisli\u011fin zanaatk\u00e2r elinin hassasiyetiyle bulu\u015ftu\u011fu, her detay\u0131n kas\u0131tl\u0131 ve kal\u0131c\u0131 olmas\u0131n\u0131 sa\u011flayan, nesilden nesile aktar\u0131lan bir i\u015f\u00e7iliktir bu.<\/p>\n<p data-start=\"1566\" data-end=\"1953\"><strong data-start=\"1566\" data-end=\"1606\">Stil Fikirleri\u00a0<\/strong><br data-start=\"1606\" data-end=\"1609\" \/>\u00c7arp\u0131c\u0131 oldu\u011fu kadar \u00e7ok y\u00f6nl\u00fc olan bu kolye ucu, odak par\u00e7as\u0131 olarak tak\u0131lmak \u00fczere tasarlanm\u0131\u015ft\u0131r. Zarif bir g\u00fcnl\u00fck ifade i\u00e7in klasik bir alt\u0131n zincirle e\u015fle\u015ftirin veya daha \u00e7a\u011fda\u015f, se\u00e7ilmi\u015f bir g\u00f6r\u00fcn\u00fcm i\u00e7in katmanl\u0131 kolyelerle stil olu\u015fturun. \u015eenlikli ortamlardan zarif gece k\u0131yafetlerine g\u00fczel bir ge\u00e7i\u015f yaparak her kombine s\u0131cakl\u0131k ve karakter katar. Uyumlu bir hikaye i\u00e7in Rosette Koleksiyonundaki di\u011fer par\u00e7alarla zahmetsizce e\u015fle\u015ferek ki\u015fisel ve eksiksiz hissettiren bir g\u00f6r\u00fcn\u00fcm olu\u015fturman\u0131za olanak tan\u0131r.<\/p>","protected":false},"excerpt":{"rendered":"<p>Simetri ve \u00e7i\u00e7ek a\u00e7man\u0131n heykelsi bir ifadesi olan bu 22 Ayar Alt\u0131n Rozet Kare Kolye, \u00e7i\u00e7ek motiflerinden olu\u015fan bir mozai\u011fi yans\u0131t\u0131r; detaylar a\u00e7\u0131s\u0131ndan zengin, form a\u00e7\u0131s\u0131ndan zarif ve yolculu\u011funuzu zamans\u0131z bir zarafetle kutlamak i\u00e7in tasarlanm\u0131\u015ft\u0131r.<\/p>\n<p><strong>Malzeme:<\/strong> 22 Ayar Alt\u0131n (91,6% Saf Alt\u0131n)<strong><br \/>\nHallmark:\u00a0<\/strong>\u0130ngiliz Damgas\u0131<strong><br \/>\n<\/strong><strong>Br\u00fct A\u011f\u0131rl\u0131k: <\/strong>8.80 Gms<br \/>\n<strong>Uzunluk : <\/strong>1,5 in\u00e7<br \/>\n<strong>SKU: <\/strong>46925<\/p>\n<p><strong>Fiyat ve Teslimat<\/strong>: KDV ve teslimat \u00fccretleri dahil<br \/>\n<strong>Not:<\/strong> Zincir fiyat\u0131 dahil de\u011fildir<br \/>\n<a href=\"https:\/\/www.purejewels.com\/tr\/i%cc%87ade-poli%cc%87ti%cc%87kasi\/\">\u0130ade Politikas\u0131<\/a><\/p>","protected":false},"featured_media":429307,"comment_status":"closed","ping_status":"closed","template":"","meta":{"_eb_attr":"","_crsspst_to_jayantr4sg-hostcom":false},"product_brand":[],"product_cat":[1791,236,1793,1770,1792,1790,1229,1255,1767,1570,5585,1656,1574,5349],"product_tag":[],"class_list":{"0":"post-429286","1":"product","2":"type-product","3":"status-publish","4":"has-post-thumbnail","6":"product_cat-anniversary-gifts","7":"product_cat-collections","8":"product_cat-diwali-gifts","9":"product_cat-fancy-pendants","10":"product_cat-festival-gifts","11":"product_cat-for-whom-when","12":"product_cat-22ct-gold-jewellery","13":"product_cat-gold-pendants","14":"product_cat-ladies-pendants","15":"product_cat-mothers-day-gifts","16":"product_cat-rosette-pendant","17":"product_cat-rosettes-collections","18":"product_cat-womens-jewellery","19":"product_cat-yellow-gold-jewellery","21":"first","22":"instock","23":"taxable","24":"shipping-taxable","25":"purchasable","26":"product-type-simple","27":"add-to-wishlist-before_image"},"yoast_head":"<!-- This site is optimized with the Yoast SEO plugin v27.5 - https:\/\/yoast.com\/product\/yoast-seo-wordpress\/ -->\n<title>22ct Gold Rosette Square Pendant \u2013 Intricate Floral Gold Pendant<\/title>\n<meta name=\"description\" content=\"Discover the 22ct Gold Rosette Square Pendant by PureJewels. Crafted with intricate floral motifs and heritage artistry, this elegant gold pendant celebrates timeless design.\" \/>\n<meta name=\"robots\" content=\"index, follow, max-snippet:-1, max-image-preview:large, max-video-preview:-1\" \/>\n<link rel=\"canonical\" href=\"https:\/\/www.purejewels.com\/tr\/urun\/22-ayar-altin-rozet-kare-kolye-46925\/\" \/>\n<meta property=\"og:locale\" content=\"tr_TR\" \/>\n<meta property=\"og:type\" content=\"article\" \/>\n<meta property=\"og:title\" content=\"22ct Gold Rosette Square Pendant \u2013 Intricate Floral Gold Pendant\" \/>\n<meta property=\"og:description\" content=\"Discover the 22ct Gold Rosette Square Pendant by PureJewels. Crafted with intricate floral motifs and heritage artistry, this elegant gold pendant celebrates timeless design.\" \/>\n<meta property=\"og:url\" content=\"https:\/\/www.purejewels.com\/tr\/urun\/22-ayar-altin-rozet-kare-kolye-46925\/\" \/>\n<meta property=\"og:site_name\" content=\"PureJewels UK\" \/>\n<meta property=\"article:modified_time\" content=\"2026-05-04T05:30:42+00:00\" \/>\n<meta property=\"og:image\" content=\"https:\/\/static.purejewels.com\/wp-content\/uploads\/2026\/03\/JWPNSPRS024.jpg\" \/>\n\t<meta property=\"og:image:width\" content=\"1000\" \/>\n\t<meta property=\"og:image:height\" content=\"1000\" \/>\n\t<meta property=\"og:image:type\" content=\"image\/jpeg\" \/>\n<meta name=\"twitter:card\" content=\"summary_large_image\" \/>\n<meta name=\"twitter:label1\" content=\"Tahmini okuma s\u00fcresi\" \/>\n\t<meta name=\"twitter:data1\" content=\"2 dakika\" \/>\n<script type=\"application\/ld+json\" class=\"yoast-schema-graph\">{\"@context\":\"https:\\\/\\\/schema.org\",\"@graph\":[{\"@type\":[\"WebPage\",\"ItemPage\"],\"@id\":\"https:\\\/\\\/www.purejewels.com\\\/product\\\/22ct-gold-rosette-square-pendant-46925\\\/\",\"url\":\"https:\\\/\\\/www.purejewels.com\\\/product\\\/22ct-gold-rosette-square-pendant-46925\\\/\",\"name\":\"22ct Gold Rosette Square Pendant \u2013 Intricate Floral Gold Pendant\",\"isPartOf\":{\"@id\":\"https:\\\/\\\/www.purejewels.com\\\/#website\"},\"primaryImageOfPage\":{\"@id\":\"https:\\\/\\\/www.purejewels.com\\\/product\\\/22ct-gold-rosette-square-pendant-46925\\\/#primaryimage\"},\"image\":{\"@id\":\"https:\\\/\\\/www.purejewels.com\\\/product\\\/22ct-gold-rosette-square-pendant-46925\\\/#primaryimage\"},\"thumbnailUrl\":\"https:\\\/\\\/static.purejewels.com\\\/wp-content\\\/uploads\\\/2026\\\/03\\\/JWPNSPRS024.jpg\",\"datePublished\":\"2026-03-04T06:07:19+00:00\",\"dateModified\":\"2026-05-04T05:30:42+00:00\",\"description\":\"Discover the 22ct Gold Rosette Square Pendant by PureJewels. Crafted with intricate floral motifs and heritage artistry, this elegant gold pendant celebrates timeless design.\",\"breadcrumb\":{\"@id\":\"https:\\\/\\\/www.purejewels.com\\\/product\\\/22ct-gold-rosette-square-pendant-46925\\\/#breadcrumb\"},\"inLanguage\":\"tr\",\"potentialAction\":[{\"@type\":\"ReadAction\",\"target\":[\"https:\\\/\\\/www.purejewels.com\\\/product\\\/22ct-gold-rosette-square-pendant-46925\\\/\"]}]},{\"@type\":\"ImageObject\",\"inLanguage\":\"tr\",\"@id\":\"https:\\\/\\\/www.purejewels.com\\\/product\\\/22ct-gold-rosette-square-pendant-46925\\\/#primaryimage\",\"url\":\"https:\\\/\\\/static.purejewels.com\\\/wp-content\\\/uploads\\\/2026\\\/03\\\/JWPNSPRS024.jpg\",\"contentUrl\":\"https:\\\/\\\/static.purejewels.com\\\/wp-content\\\/uploads\\\/2026\\\/03\\\/JWPNSPRS024.jpg\",\"width\":1000,\"height\":1000,\"caption\":\"Stacked from 6 images. Method=B (R=8,S=4)\"},{\"@type\":\"BreadcrumbList\",\"@id\":\"https:\\\/\\\/www.purejewels.com\\\/product\\\/22ct-gold-rosette-square-pendant-46925\\\/#breadcrumb\",\"itemListElement\":[{\"@type\":\"ListItem\",\"position\":1,\"name\":\"Home\",\"item\":\"https:\\\/\\\/www.purejewels.com\\\/\"},{\"@type\":\"ListItem\",\"position\":2,\"name\":\"Shop\",\"item\":\"https:\\\/\\\/www.purejewels.com\\\/shop\\\/\"},{\"@type\":\"ListItem\",\"position\":3,\"name\":\"22ct Gold Rosette Square Pendant\"}]},{\"@type\":\"WebSite\",\"@id\":\"https:\\\/\\\/www.purejewels.com\\\/#website\",\"url\":\"https:\\\/\\\/www.purejewels.com\\\/\",\"name\":\"PureJewels UK\",\"description\":\"Share the Love\",\"publisher\":{\"@id\":\"https:\\\/\\\/www.purejewels.com\\\/#organization\"},\"potentialAction\":[{\"@type\":\"SearchAction\",\"target\":{\"@type\":\"EntryPoint\",\"urlTemplate\":\"https:\\\/\\\/www.purejewels.com\\\/?s={search_term_string}\"},\"query-input\":{\"@type\":\"PropertyValueSpecification\",\"valueRequired\":true,\"valueName\":\"search_term_string\"}}],\"inLanguage\":\"tr\"},{\"@type\":\"Organization\",\"@id\":\"https:\\\/\\\/www.purejewels.com\\\/#organization\",\"name\":\"PureJewels UK\",\"url\":\"https:\\\/\\\/www.purejewels.com\\\/\",\"logo\":{\"@type\":\"ImageObject\",\"inLanguage\":\"tr\",\"@id\":\"https:\\\/\\\/www.purejewels.com\\\/#\\\/schema\\\/logo\\\/image\\\/\",\"url\":\"https:\\\/\\\/static.purejewels.com\\\/wp-content\\\/uploads\\\/2020\\\/11\\\/Logo-PJ-New-1.png\",\"contentUrl\":\"https:\\\/\\\/static.purejewels.com\\\/wp-content\\\/uploads\\\/2020\\\/11\\\/Logo-PJ-New-1.png\",\"width\":150,\"height\":80,\"caption\":\"PureJewels UK\"},\"image\":{\"@id\":\"https:\\\/\\\/www.purejewels.com\\\/#\\\/schema\\\/logo\\\/image\\\/\"}}]}<\/script>\n<!-- \/ Yoast SEO plugin. -->","yoast_head_json":{"title":"22 Ayar Alt\u0131n Rozet Kare Kolye - Karma\u015f\u0131k \u00c7i\u00e7ekli Alt\u0131n Kolye","description":"PureJewels'in 22 Ayar Alt\u0131n Rozet Kare Kolyesini ke\u015ffedin. Karma\u015f\u0131k \u00e7i\u00e7ek motifleri ve miras sanat\u0131yla haz\u0131rlanm\u0131\u015f bu zarif alt\u0131n kolye ucu, zamans\u0131z tasar\u0131m\u0131 kutluyor.","robots":{"index":"index","follow":"follow","max-snippet":"max-snippet:-1","max-image-preview":"max-image-preview:large","max-video-preview":"max-video-preview:-1"},"canonical":"https:\/\/www.purejewels.com\/tr\/urun\/22-ayar-altin-rozet-kare-kolye-46925\/","og_locale":"tr_TR","og_type":"article","og_title":"22ct Gold Rosette Square Pendant \u2013 Intricate Floral Gold Pendant","og_description":"Discover the 22ct Gold Rosette Square Pendant by PureJewels. Crafted with intricate floral motifs and heritage artistry, this elegant gold pendant celebrates timeless design.","og_url":"https:\/\/www.purejewels.com\/tr\/urun\/22-ayar-altin-rozet-kare-kolye-46925\/","og_site_name":"PureJewels UK","article_modified_time":"2026-05-04T05:30:42+00:00","og_image":[{"width":1000,"height":1000,"url":"https:\/\/static.purejewels.com\/wp-content\/uploads\/2026\/03\/JWPNSPRS024.jpg","type":"image\/jpeg"}],"twitter_card":"summary_large_image","twitter_misc":{"Tahmini okuma s\u00fcresi":"2 dakika"},"schema":{"@context":"https:\/\/schema.org","@graph":[{"@type":["WebPage","ItemPage"],"@id":"https:\/\/www.purejewels.com\/product\/22ct-gold-rosette-square-pendant-46925\/","url":"https:\/\/www.purejewels.com\/product\/22ct-gold-rosette-square-pendant-46925\/","name":"22 Ayar Alt\u0131n Rozet Kare Kolye - Karma\u015f\u0131k \u00c7i\u00e7ekli Alt\u0131n Kolye","isPartOf":{"@id":"https:\/\/www.purejewels.com\/#website"},"primaryImageOfPage":{"@id":"https:\/\/www.purejewels.com\/product\/22ct-gold-rosette-square-pendant-46925\/#primaryimage"},"image":{"@id":"https:\/\/www.purejewels.com\/product\/22ct-gold-rosette-square-pendant-46925\/#primaryimage"},"thumbnailUrl":"https:\/\/static.purejewels.com\/wp-content\/uploads\/2026\/03\/JWPNSPRS024.jpg","datePublished":"2026-03-04T06:07:19+00:00","dateModified":"2026-05-04T05:30:42+00:00","description":"PureJewels'in 22 Ayar Alt\u0131n Rozet Kare Kolyesini ke\u015ffedin. Karma\u015f\u0131k \u00e7i\u00e7ek motifleri ve miras sanat\u0131yla haz\u0131rlanm\u0131\u015f bu zarif alt\u0131n kolye ucu, zamans\u0131z tasar\u0131m\u0131 kutluyor.","breadcrumb":{"@id":"https:\/\/www.purejewels.com\/product\/22ct-gold-rosette-square-pendant-46925\/#breadcrumb"},"inLanguage":"tr","potentialAction":[{"@type":"ReadAction","target":["https:\/\/www.purejewels.com\/product\/22ct-gold-rosette-square-pendant-46925\/"]}]},{"@type":"ImageObject","inLanguage":"tr","@id":"https:\/\/www.purejewels.com\/product\/22ct-gold-rosette-square-pendant-46925\/#primaryimage","url":"https:\/\/static.purejewels.com\/wp-content\/uploads\/2026\/03\/JWPNSPRS024.jpg","contentUrl":"https:\/\/static.purejewels.com\/wp-content\/uploads\/2026\/03\/JWPNSPRS024.jpg","width":1000,"height":1000,"caption":"Stacked from 6 images. Method=B (R=8,S=4)"},{"@type":"BreadcrumbList","@id":"https:\/\/www.purejewels.com\/product\/22ct-gold-rosette-square-pendant-46925\/#breadcrumb","itemListElement":[{"@type":"ListItem","position":1,"name":"Home","item":"https:\/\/www.purejewels.com\/"},{"@type":"ListItem","position":2,"name":"Shop","item":"https:\/\/www.purejewels.com\/shop\/"},{"@type":"ListItem","position":3,"name":"22ct Gold Rosette Square Pendant"}]},{"@type":"WebSite","@id":"https:\/\/www.purejewels.com\/#website","url":"https:\/\/www.purejewels.com\/","name":"PureJewels \u0130ngiltere","description":"Sevgiyi Payla\u015f\u0131n","publisher":{"@id":"https:\/\/www.purejewels.com\/#organization"},"potentialAction":[{"@type":"SearchAction","target":{"@type":"EntryPoint","urlTemplate":"https:\/\/www.purejewels.com\/?s={search_term_string}"},"query-input":{"@type":"PropertyValueSpecification","valueRequired":true,"valueName":"search_term_string"}}],"inLanguage":"tr"},{"@type":"Organization","@id":"https:\/\/www.purejewels.com\/#organization","name":"PureJewels \u0130ngiltere","url":"https:\/\/www.purejewels.com\/","logo":{"@type":"ImageObject","inLanguage":"tr","@id":"https:\/\/www.purejewels.com\/#\/schema\/logo\/image\/","url":"https:\/\/static.purejewels.com\/wp-content\/uploads\/2020\/11\/Logo-PJ-New-1.png","contentUrl":"https:\/\/static.purejewels.com\/wp-content\/uploads\/2020\/11\/Logo-PJ-New-1.png","width":150,"height":80,"caption":"PureJewels UK"},"image":{"@id":"https:\/\/www.purejewels.com\/#\/schema\/logo\/image\/"}}]}},"_links":{"self":[{"href":"https:\/\/www.purejewels.com\/tr\/wp-json\/wp\/v2\/product\/429286","targetHints":{"allow":["GET"]}}],"collection":[{"href":"https:\/\/www.purejewels.com\/tr\/wp-json\/wp\/v2\/product"}],"about":[{"href":"https:\/\/www.purejewels.com\/tr\/wp-json\/wp\/v2\/types\/product"}],"replies":[{"embeddable":true,"href":"https:\/\/www.purejewels.com\/tr\/wp-json\/wp\/v2\/comments?post=429286"}],"version-history":[{"count":3,"href":"https:\/\/www.purejewels.com\/tr\/wp-json\/wp\/v2\/product\/429286\/revisions"}],"predecessor-version":[{"id":429313,"href":"https:\/\/www.purejewels.com\/tr\/wp-json\/wp\/v2\/product\/429286\/revisions\/429313"}],"wp:featuredmedia":[{"embeddable":true,"href":"https:\/\/www.purejewels.com\/tr\/wp-json\/wp\/v2\/media\/429307"}],"wp:attachment":[{"href":"https:\/\/www.purejewels.com\/tr\/wp-json\/wp\/v2\/media?parent=429286"}],"wp:term":[{"taxonomy":"product_brand","embeddable":true,"href":"https:\/\/www.purejewels.com\/tr\/wp-json\/wp\/v2\/product_brand?post=429286"},{"taxonomy":"product_cat","embeddable":true,"href":"https:\/\/www.purejewels.com\/tr\/wp-json\/wp\/v2\/product_cat?post=429286"},{"taxonomy":"product_tag","embeddable":true,"href":"https:\/\/www.purejewels.com\/tr\/wp-json\/wp\/v2\/product_tag?post=429286"}],"curies":[{"name":"wp","href":"https:\/\/api.w.org\/{rel}","templated":true}]}}