{"id":429321,"date":"2026-02-04T06:46:49","date_gmt":"2026-02-04T06:46:49","guid":{"rendered":"https:\/\/www.purejewels.com\/?post_type=product&#038;p=429321"},"modified":"2026-05-04T07:00:08","modified_gmt":"2026-05-04T06:00:08","slug":"22-ayar-altin-rozet-maang-tikka-50569","status":"publish","type":"product","link":"https:\/\/www.purejewels.com\/tr\/product\/22ct-gold-rosette-maang-tikka-50569\/","title":{"rendered":"22 Ayar Alt\u0131n Rozet Maang Tikka"},"content":{"rendered":"<p data-start=\"268\" data-end=\"622\"><strong data-start=\"268\" data-end=\"309\">Tasar\u0131m Konsepti\u00a0<\/strong><br data-start=\"309\" data-end=\"312\" \/>Her yolculu\u011fun anlaml\u0131 anlardan olu\u015fan bir koleksiyon oldu\u011fu felsefesine dayanan bu maang tikka, Rosette motifini g\u00fczel katmanl\u0131 bir kompozisyonda hayata ge\u00e7iriyor. Kalbinde, do\u011fan\u0131n ritmini yans\u0131tan karma\u015f\u0131k \u015fal ve botanik detaylarla \u00e7evrili yontulmu\u015f \u00e7i\u00e7ek formlar\u0131 simetri i\u00e7inde \u00e7i\u00e7ek a\u00e7\u0131yor. Alt\u0131n damlac\u0131klar\u0131n nazik \u00e7a\u011flayan\u0131 hareket ve yumu\u015fakl\u0131k katarken, yap\u0131land\u0131r\u0131lm\u0131\u015f \u00fcst unsur denge yaratarak hem muhte\u015fem hem de ak\u0131c\u0131 bir tasar\u0131m ortaya \u00e7\u0131kar\u0131yor. Kad\u0131nl\u0131\u011f\u0131n, gelene\u011fin ve olu\u015fun sessiz g\u00fczelli\u011finin bir kutlamas\u0131d\u0131r.<\/p>\n<p data-start=\"915\" data-end=\"1202\"><strong data-start=\"915\" data-end=\"959\">Zanaatkarl\u0131k\u00a0<\/strong><br data-start=\"959\" data-end=\"962\" \/>Zengin 22 ayar alt\u0131ndan \u00fcretilen bu gelin tikkas\u0131, detayl\u0131 kal\u0131p damgal\u0131 unsurlar\u0131 ve zarif el i\u015flemesiyle ola\u011fan\u00fcst\u00fc bir i\u015f\u00e7ilik sergiliyor. Her bir ta\u00e7 yapra\u011f\u0131, k\u0131vr\u0131m ve gran\u00fcl vurgu, derinlik ve doku yaratmak i\u00e7in \u00f6zenle yontulmu\u015ftur. Narin sarkan boncuklar, her ad\u0131mda \u0131\u015f\u0131\u011f\u0131 yakalayarak ak\u0131c\u0131 bir hareket sa\u011flamak i\u00e7in hassas bir \u015fekilde bir araya getirilmi\u015ftir. Bu, zanaatk\u00e2rlar\u0131n ustal\u0131\u011f\u0131n\u0131n alt\u0131n\u0131 giyilebilir sanata d\u00f6n\u00fc\u015ft\u00fcrd\u00fc\u011f\u00fc miras teknikleriyle \u015fekillendirilmi\u015f bir m\u00fccevherdir.<\/p>\n<p data-start=\"1432\" data-end=\"1717\"><strong data-start=\"1432\" data-end=\"1470\">Stil Fikirleri\u00a0<\/strong><br data-start=\"1470\" data-end=\"1473\" \/>Sa\u00e7 \u00e7izgisi boyunca zarif bir \u015fekilde oturacak \u015fekilde tasarlanan bu maang tikka, gelin g\u00f6r\u00fcn\u00fcm\u00fcn\u00fcz\u00fcn odak noktas\u0131 haline gelir. Uyumlu bir set i\u00e7in uyumlu bir Rozet kolye ve k\u00fcpelerle e\u015fle\u015ftirin veya sade bir zarafet i\u00e7in tek ba\u015f\u0131na parlamas\u0131na izin verin. S\u0131cak alt\u0131n tonu, ister zengin i\u015flemeli lehengalarla ister klasik ipek sare'lerle giyilsin, geleneksel gelin k\u0131yafetlerini g\u00fczel bir \u015fekilde tamamlar ve miras sofistike bir dokunu\u015f katar.<\/p>","protected":false},"excerpt":{"rendered":"<table class=\"sh_desc\">\n<tbody>\n<tr>\n<td>SKU<\/td>\n<td>50569<\/td>\n<\/tr>\n<tr>\n<td>A\u011f\u0131rl\u0131k<\/td>\n<td>19.70 Gms<\/td>\n<\/tr>\n<tr>\n<td>\u00c7ap<\/td>\n<td>38 mm \u00e7ap\u0131nda kolye ucu<\/td>\n<\/tr>\n<tr>\n<td>Hallmark<\/td>\n<td>Londra Tahlil Ofisi Taraf\u0131ndan Damgalanm\u0131\u015f 22 Ayar Alt\u0131n<\/td>\n<\/tr>\n<tr>\n<td>\u00dccretler<\/td>\n<td>Teslimat ve KDV Dahil<\/td>\n<\/tr>\n<tr>\n<td>Paketleme<\/td>\n<td>Sunum Kutusu ile Birlikte Gelir<\/td>\n<\/tr>\n<tr>\n<td>Daha Fazla Bilgi<\/td>\n<td>\n<ul>\n<li>Gold Tikka'n\u0131n m\u00fcsaitlik durumu ve daha fazla g\u00f6rsel i\u00e7in bizimle canl\u0131 sohbet edin<\/li>\n<\/ul>\n<\/td>\n<\/tr>\n<\/tbody>\n<\/table>\n<div class=\"btn-atc atc-slide\"><\/div>\n<div class=\"product_meta\"><\/div>","protected":false},"featured_media":429322,"comment_status":"closed","ping_status":"closed","template":"","meta":{"_eb_attr":"","_crsspst_to_jayantr4sg-hostcom":false},"product_brand":[],"product_cat":[1761,1229,1656,5655],"product_tag":[1833],"class_list":{"0":"post-429321","1":"product","2":"type-product","3":"status-publish","4":"has-post-thumbnail","6":"product_cat-gold-bridal-tikka","7":"product_cat-22ct-gold-jewellery","8":"product_cat-rosettes-collections","9":"product_cat-rosettes-tikka","10":"product_tag-gold-tikka","12":"first","13":"instock","14":"taxable","15":"shipping-taxable","16":"purchasable","17":"product-type-simple","18":"add-to-wishlist-before_image"},"yoast_head":"<!-- This site is optimized with the Yoast SEO plugin v27.5 - https:\/\/yoast.com\/product\/yoast-seo-wordpress\/ -->\n<title>22ct Gold Rosette Maang Tikka \u2013 Bridal Floral Headpie<\/title>\n<meta name=\"description\" content=\"Discover the 22ct Gold Rosette Maang Tikka by PureJewels. An intricate floral bridal headpiece crafted in rich gold, celebrating heritage, elegance, and timeless beauty.\" \/>\n<meta name=\"robots\" content=\"index, follow, max-snippet:-1, max-image-preview:large, max-video-preview:-1\" \/>\n<link rel=\"canonical\" href=\"https:\/\/www.purejewels.com\/tr\/urun\/22-ayar-altin-rozet-maang-tikka-50569\/\" \/>\n<meta property=\"og:locale\" content=\"tr_TR\" \/>\n<meta property=\"og:type\" content=\"article\" \/>\n<meta property=\"og:title\" content=\"22ct Gold Rosette Maang Tikka \u2013 Bridal Floral Headpie\" \/>\n<meta property=\"og:description\" content=\"Discover the 22ct Gold Rosette Maang Tikka by PureJewels. An intricate floral bridal headpiece crafted in rich gold, celebrating heritage, elegance, and timeless beauty.\" \/>\n<meta property=\"og:url\" content=\"https:\/\/www.purejewels.com\/tr\/urun\/22-ayar-altin-rozet-maang-tikka-50569\/\" \/>\n<meta property=\"og:site_name\" content=\"PureJewels UK\" \/>\n<meta property=\"article:modified_time\" content=\"2026-05-04T06:00:08+00:00\" \/>\n<meta property=\"og:image\" content=\"https:\/\/static.purejewels.com\/wp-content\/uploads\/2026\/05\/JWTKTLRS012-FRONT-2-.jpg\" \/>\n\t<meta property=\"og:image:width\" content=\"1000\" \/>\n\t<meta property=\"og:image:height\" content=\"1000\" \/>\n\t<meta property=\"og:image:type\" content=\"image\/jpeg\" \/>\n<meta name=\"twitter:card\" content=\"summary_large_image\" \/>\n<meta name=\"twitter:label1\" content=\"Tahmini okuma s\u00fcresi\" \/>\n\t<meta name=\"twitter:data1\" content=\"2 dakika\" \/>\n<script type=\"application\/ld+json\" class=\"yoast-schema-graph\">{\"@context\":\"https:\\\/\\\/schema.org\",\"@graph\":[{\"@type\":[\"WebPage\",\"ItemPage\"],\"@id\":\"https:\\\/\\\/www.purejewels.com\\\/product\\\/22ct-gold-rosette-maang-tikka-50569\\\/\",\"url\":\"https:\\\/\\\/www.purejewels.com\\\/product\\\/22ct-gold-rosette-maang-tikka-50569\\\/\",\"name\":\"22ct Gold Rosette Maang Tikka \u2013 Bridal Floral Headpie\",\"isPartOf\":{\"@id\":\"https:\\\/\\\/www.purejewels.com\\\/#website\"},\"primaryImageOfPage\":{\"@id\":\"https:\\\/\\\/www.purejewels.com\\\/product\\\/22ct-gold-rosette-maang-tikka-50569\\\/#primaryimage\"},\"image\":{\"@id\":\"https:\\\/\\\/www.purejewels.com\\\/product\\\/22ct-gold-rosette-maang-tikka-50569\\\/#primaryimage\"},\"thumbnailUrl\":\"https:\\\/\\\/static.purejewels.com\\\/wp-content\\\/uploads\\\/2026\\\/05\\\/JWTKTLRS012-FRONT-2-.jpg\",\"datePublished\":\"2026-02-04T06:46:49+00:00\",\"dateModified\":\"2026-05-04T06:00:08+00:00\",\"description\":\"Discover the 22ct Gold Rosette Maang Tikka by PureJewels. An intricate floral bridal headpiece crafted in rich gold, celebrating heritage, elegance, and timeless beauty.\",\"breadcrumb\":{\"@id\":\"https:\\\/\\\/www.purejewels.com\\\/product\\\/22ct-gold-rosette-maang-tikka-50569\\\/#breadcrumb\"},\"inLanguage\":\"tr\",\"potentialAction\":[{\"@type\":\"ReadAction\",\"target\":[\"https:\\\/\\\/www.purejewels.com\\\/product\\\/22ct-gold-rosette-maang-tikka-50569\\\/\"]}]},{\"@type\":\"ImageObject\",\"inLanguage\":\"tr\",\"@id\":\"https:\\\/\\\/www.purejewels.com\\\/product\\\/22ct-gold-rosette-maang-tikka-50569\\\/#primaryimage\",\"url\":\"https:\\\/\\\/static.purejewels.com\\\/wp-content\\\/uploads\\\/2026\\\/05\\\/JWTKTLRS012-FRONT-2-.jpg\",\"contentUrl\":\"https:\\\/\\\/static.purejewels.com\\\/wp-content\\\/uploads\\\/2026\\\/05\\\/JWTKTLRS012-FRONT-2-.jpg\",\"width\":1000,\"height\":1000,\"caption\":\"22ct Gold Rosette Maang Tikka\"},{\"@type\":\"BreadcrumbList\",\"@id\":\"https:\\\/\\\/www.purejewels.com\\\/product\\\/22ct-gold-rosette-maang-tikka-50569\\\/#breadcrumb\",\"itemListElement\":[{\"@type\":\"ListItem\",\"position\":1,\"name\":\"Home\",\"item\":\"https:\\\/\\\/www.purejewels.com\\\/\"},{\"@type\":\"ListItem\",\"position\":2,\"name\":\"Shop\",\"item\":\"https:\\\/\\\/www.purejewels.com\\\/shop\\\/\"},{\"@type\":\"ListItem\",\"position\":3,\"name\":\"22ct Gold Rosette Maang Tikka\"}]},{\"@type\":\"WebSite\",\"@id\":\"https:\\\/\\\/www.purejewels.com\\\/#website\",\"url\":\"https:\\\/\\\/www.purejewels.com\\\/\",\"name\":\"PureJewels UK\",\"description\":\"Share the Love\",\"publisher\":{\"@id\":\"https:\\\/\\\/www.purejewels.com\\\/#organization\"},\"potentialAction\":[{\"@type\":\"SearchAction\",\"target\":{\"@type\":\"EntryPoint\",\"urlTemplate\":\"https:\\\/\\\/www.purejewels.com\\\/?s={search_term_string}\"},\"query-input\":{\"@type\":\"PropertyValueSpecification\",\"valueRequired\":true,\"valueName\":\"search_term_string\"}}],\"inLanguage\":\"tr\"},{\"@type\":\"Organization\",\"@id\":\"https:\\\/\\\/www.purejewels.com\\\/#organization\",\"name\":\"PureJewels UK\",\"url\":\"https:\\\/\\\/www.purejewels.com\\\/\",\"logo\":{\"@type\":\"ImageObject\",\"inLanguage\":\"tr\",\"@id\":\"https:\\\/\\\/www.purejewels.com\\\/#\\\/schema\\\/logo\\\/image\\\/\",\"url\":\"https:\\\/\\\/static.purejewels.com\\\/wp-content\\\/uploads\\\/2020\\\/11\\\/Logo-PJ-New-1.png\",\"contentUrl\":\"https:\\\/\\\/static.purejewels.com\\\/wp-content\\\/uploads\\\/2020\\\/11\\\/Logo-PJ-New-1.png\",\"width\":150,\"height\":80,\"caption\":\"PureJewels UK\"},\"image\":{\"@id\":\"https:\\\/\\\/www.purejewels.com\\\/#\\\/schema\\\/logo\\\/image\\\/\"}}]}<\/script>\n<!-- \/ Yoast SEO plugin. -->","yoast_head_json":{"title":"22 Ayar Alt\u0131n Rozet Maang Tikka - Gelin \u00c7i\u00e7ekli Ba\u015fl\u0131k","description":"PureJewels'in 22 Ayar Alt\u0131n Rozet Maang Tikka's\u0131n\u0131 ke\u015ffedin. Miras\u0131, zarafeti ve zamans\u0131z g\u00fczelli\u011fi kutlayan, zengin alt\u0131nla i\u015flenmi\u015f karma\u015f\u0131k \u00e7i\u00e7ekli bir gelin ba\u015fl\u0131\u011f\u0131.","robots":{"index":"index","follow":"follow","max-snippet":"max-snippet:-1","max-image-preview":"max-image-preview:large","max-video-preview":"max-video-preview:-1"},"canonical":"https:\/\/www.purejewels.com\/tr\/urun\/22-ayar-altin-rozet-maang-tikka-50569\/","og_locale":"tr_TR","og_type":"article","og_title":"22ct Gold Rosette Maang Tikka \u2013 Bridal Floral Headpie","og_description":"Discover the 22ct Gold Rosette Maang Tikka by PureJewels. An intricate floral bridal headpiece crafted in rich gold, celebrating heritage, elegance, and timeless beauty.","og_url":"https:\/\/www.purejewels.com\/tr\/urun\/22-ayar-altin-rozet-maang-tikka-50569\/","og_site_name":"PureJewels UK","article_modified_time":"2026-05-04T06:00:08+00:00","og_image":[{"width":1000,"height":1000,"url":"https:\/\/static.purejewels.com\/wp-content\/uploads\/2026\/05\/JWTKTLRS012-FRONT-2-.jpg","type":"image\/jpeg"}],"twitter_card":"summary_large_image","twitter_misc":{"Tahmini okuma s\u00fcresi":"2 dakika"},"schema":{"@context":"https:\/\/schema.org","@graph":[{"@type":["WebPage","ItemPage"],"@id":"https:\/\/www.purejewels.com\/product\/22ct-gold-rosette-maang-tikka-50569\/","url":"https:\/\/www.purejewels.com\/product\/22ct-gold-rosette-maang-tikka-50569\/","name":"22 Ayar Alt\u0131n Rozet Maang Tikka - Gelin \u00c7i\u00e7ekli Ba\u015fl\u0131k","isPartOf":{"@id":"https:\/\/www.purejewels.com\/#website"},"primaryImageOfPage":{"@id":"https:\/\/www.purejewels.com\/product\/22ct-gold-rosette-maang-tikka-50569\/#primaryimage"},"image":{"@id":"https:\/\/www.purejewels.com\/product\/22ct-gold-rosette-maang-tikka-50569\/#primaryimage"},"thumbnailUrl":"https:\/\/static.purejewels.com\/wp-content\/uploads\/2026\/05\/JWTKTLRS012-FRONT-2-.jpg","datePublished":"2026-02-04T06:46:49+00:00","dateModified":"2026-05-04T06:00:08+00:00","description":"PureJewels'in 22 Ayar Alt\u0131n Rozet Maang Tikka's\u0131n\u0131 ke\u015ffedin. Miras\u0131, zarafeti ve zamans\u0131z g\u00fczelli\u011fi kutlayan, zengin alt\u0131nla i\u015flenmi\u015f karma\u015f\u0131k \u00e7i\u00e7ekli bir gelin ba\u015fl\u0131\u011f\u0131.","breadcrumb":{"@id":"https:\/\/www.purejewels.com\/product\/22ct-gold-rosette-maang-tikka-50569\/#breadcrumb"},"inLanguage":"tr","potentialAction":[{"@type":"ReadAction","target":["https:\/\/www.purejewels.com\/product\/22ct-gold-rosette-maang-tikka-50569\/"]}]},{"@type":"ImageObject","inLanguage":"tr","@id":"https:\/\/www.purejewels.com\/product\/22ct-gold-rosette-maang-tikka-50569\/#primaryimage","url":"https:\/\/static.purejewels.com\/wp-content\/uploads\/2026\/05\/JWTKTLRS012-FRONT-2-.jpg","contentUrl":"https:\/\/static.purejewels.com\/wp-content\/uploads\/2026\/05\/JWTKTLRS012-FRONT-2-.jpg","width":1000,"height":1000,"caption":"22ct Gold Rosette Maang Tikka"},{"@type":"BreadcrumbList","@id":"https:\/\/www.purejewels.com\/product\/22ct-gold-rosette-maang-tikka-50569\/#breadcrumb","itemListElement":[{"@type":"ListItem","position":1,"name":"Home","item":"https:\/\/www.purejewels.com\/"},{"@type":"ListItem","position":2,"name":"Shop","item":"https:\/\/www.purejewels.com\/shop\/"},{"@type":"ListItem","position":3,"name":"22ct Gold Rosette Maang Tikka"}]},{"@type":"WebSite","@id":"https:\/\/www.purejewels.com\/#website","url":"https:\/\/www.purejewels.com\/","name":"PureJewels \u0130ngiltere","description":"Sevgiyi Payla\u015f\u0131n","publisher":{"@id":"https:\/\/www.purejewels.com\/#organization"},"potentialAction":[{"@type":"SearchAction","target":{"@type":"EntryPoint","urlTemplate":"https:\/\/www.purejewels.com\/?s={search_term_string}"},"query-input":{"@type":"PropertyValueSpecification","valueRequired":true,"valueName":"search_term_string"}}],"inLanguage":"tr"},{"@type":"Organization","@id":"https:\/\/www.purejewels.com\/#organization","name":"PureJewels \u0130ngiltere","url":"https:\/\/www.purejewels.com\/","logo":{"@type":"ImageObject","inLanguage":"tr","@id":"https:\/\/www.purejewels.com\/#\/schema\/logo\/image\/","url":"https:\/\/static.purejewels.com\/wp-content\/uploads\/2020\/11\/Logo-PJ-New-1.png","contentUrl":"https:\/\/static.purejewels.com\/wp-content\/uploads\/2020\/11\/Logo-PJ-New-1.png","width":150,"height":80,"caption":"PureJewels UK"},"image":{"@id":"https:\/\/www.purejewels.com\/#\/schema\/logo\/image\/"}}]}},"_links":{"self":[{"href":"https:\/\/www.purejewels.com\/tr\/wp-json\/wp\/v2\/product\/429321","targetHints":{"allow":["GET"]}}],"collection":[{"href":"https:\/\/www.purejewels.com\/tr\/wp-json\/wp\/v2\/product"}],"about":[{"href":"https:\/\/www.purejewels.com\/tr\/wp-json\/wp\/v2\/types\/product"}],"replies":[{"embeddable":true,"href":"https:\/\/www.purejewels.com\/tr\/wp-json\/wp\/v2\/comments?post=429321"}],"version-history":[{"count":1,"href":"https:\/\/www.purejewels.com\/tr\/wp-json\/wp\/v2\/product\/429321\/revisions"}],"predecessor-version":[{"id":429324,"href":"https:\/\/www.purejewels.com\/tr\/wp-json\/wp\/v2\/product\/429321\/revisions\/429324"}],"wp:featuredmedia":[{"embeddable":true,"href":"https:\/\/www.purejewels.com\/tr\/wp-json\/wp\/v2\/media\/429322"}],"wp:attachment":[{"href":"https:\/\/www.purejewels.com\/tr\/wp-json\/wp\/v2\/media?parent=429321"}],"wp:term":[{"taxonomy":"product_brand","embeddable":true,"href":"https:\/\/www.purejewels.com\/tr\/wp-json\/wp\/v2\/product_brand?post=429321"},{"taxonomy":"product_cat","embeddable":true,"href":"https:\/\/www.purejewels.com\/tr\/wp-json\/wp\/v2\/product_cat?post=429321"},{"taxonomy":"product_tag","embeddable":true,"href":"https:\/\/www.purejewels.com\/tr\/wp-json\/wp\/v2\/product_tag?post=429321"}],"curies":[{"name":"wp","href":"https:\/\/api.w.org\/{rel}","templated":true}]}}