{"id":429326,"date":"2026-03-04T07:03:55","date_gmt":"2026-03-04T07:03:55","guid":{"rendered":"https:\/\/www.purejewels.com\/?post_type=product&#038;p=429326"},"modified":"2026-05-04T07:10:21","modified_gmt":"2026-05-04T06:10:21","slug":"22-ayar-gundogumu-altin-rozet-inci-maang-tikka-50532","status":"publish","type":"product","link":"https:\/\/www.purejewels.com\/tr\/product\/22ct-sunrise-gold-rosette-pearl-maang-tikka-50532\/","title":{"rendered":"22 Ayar G\u00fcndo\u011fumu Alt\u0131n Rozet \u0130nci Maang Tikka"},"content":{"rendered":"<p data-start=\"242\" data-end=\"577\"><strong data-start=\"242\" data-end=\"291\">Tasar\u0131m Konsepti<\/strong><br data-start=\"291\" data-end=\"294\" \/>Hayat\u0131n ser\u00fcvenini simgeleyen Rozet motifinden esinlenen bu maang tikka, gelin zarafetinin daha sessiz, daha narin bir yorumunu yakal\u0131yor. S\u0131cak G\u00fcn Do\u011fumu Alt\u0131n\u0131 ile \u015fekillendirilen merkezi rozet \u00e7i\u00e7e\u011fi, \u015fafa\u011f\u0131n nazik \u0131\u015f\u0131lt\u0131s\u0131n\u0131 yans\u0131t\u0131yor; ince, \u0131\u015f\u0131lt\u0131l\u0131 ve umut dolu. \u0130nce bir inci dizisinden sarkan tasar\u0131m, safl\u0131k ve yumu\u015fakl\u0131k hissi vererek \u00e7i\u00e7e\u011fin merkezini tamaml\u0131yor. Dairesel form, s\u00fcreklili\u011fi ve b\u00fct\u00fcnl\u00fc\u011f\u00fc temsil ederek bu par\u00e7ay\u0131 yeni ba\u015flang\u0131\u00e7 anlar\u0131na anlaml\u0131 bir katk\u0131 haline getiriyor.<\/p>\n<p data-start=\"886\" data-end=\"1187\"><strong data-start=\"886\" data-end=\"927\">Zanaatkarl\u0131k<\/strong><br data-start=\"927\" data-end=\"930\" \/>22 ayar Sunrise Alt\u0131ndan ustal\u0131kla \u00fcretilen bu tikka, hassas damgalama ve el i\u015flemesiyle rafine detaylar sergiliyor. Rozet motifi derinlik yaratmak i\u00e7in hafif\u00e7e dokuland\u0131r\u0131l\u0131rken, inci zincir ak\u0131c\u0131 hareket ve rahatl\u0131k i\u00e7in \u00f6zenle bir araya getirilmi\u015ftir. Alt\u0131n ve incilerin etkile\u015fimi, yap\u0131y\u0131 hafiflikle dengeleyen i\u015f\u00e7ili\u011fi vurgular ve par\u00e7an\u0131n g\u00f6r\u00fcnd\u00fc\u011f\u00fc kadar zahmetsiz hissettirmesini sa\u011flar.<\/p>\n<p data-start=\"1340\" data-end=\"1651\"><strong data-start=\"1340\" data-end=\"1382\">Stil Fikirleri<\/strong><br data-start=\"1382\" data-end=\"1385\" \/>\u00c7a\u011fda\u015f gelinler veya samimi kutlamalar i\u00e7in m\u00fckemmel olan bu maang tikka, abart\u0131s\u0131z bir sofistike g\u00f6r\u00fcn\u00fcm sunar. Uyumlu bir g\u00f6r\u00fcn\u00fcm i\u00e7in inci vurgulu tak\u0131larla e\u015fle\u015ftirin veya i\u015flemeli veya pastel gelin k\u0131yafetlerine kar\u015f\u0131 ince bir vurgu olarak tek ba\u015f\u0131na durmas\u0131na izin verin. Minimal ancak etkileyici tasar\u0131m\u0131, d\u00fc\u011f\u00fcn \u00f6ncesi i\u015flevler i\u00e7in de idealdir ve toplulu\u011funuzu bo\u011fmadan zarif bir son dokunu\u015f ekler.<\/p>","protected":false},"excerpt":{"rendered":"<table class=\"sh_desc\">\n<tbody>\n<tr>\n<td>SKU<\/td>\n<td>50532<\/td>\n<\/tr>\n<tr>\n<td>Br\u00fct A\u011f\u0131rl\u0131k<\/td>\n<td>5.70 Gms<\/td>\n<\/tr>\n<tr>\n<td>Net A\u011f\u0131rl\u0131k<\/td>\n<td>4.92 Gms<\/td>\n<\/tr>\n<tr>\n<td>Hallmark<\/td>\n<td>Londra Tahlil Ofisi Taraf\u0131ndan Damgalanm\u0131\u015f 22 Ayar Alt\u0131n<\/td>\n<\/tr>\n<tr>\n<td>\u00dccretler<\/td>\n<td>Teslimat ve KDV Dahil<\/td>\n<\/tr>\n<tr>\n<td>Paketleme<\/td>\n<td>Sunum Kutusu ile Birlikte Gelir<\/td>\n<\/tr>\n<tr>\n<td>Daha Fazla Bilgi<\/td>\n<td>\n<ul>\n<li>Gold Tikka'n\u0131n m\u00fcsaitlik durumu ve daha fazla g\u00f6rsel i\u00e7in bizimle canl\u0131 sohbet edin<\/li>\n<\/ul>\n<\/td>\n<\/tr>\n<\/tbody>\n<\/table>\n<div class=\"btn-atc atc-slide\"><\/div>\n<div class=\"product_meta\"><\/div>","protected":false},"featured_media":429330,"comment_status":"closed","ping_status":"closed","template":"","meta":{"_eb_attr":"","_crsspst_to_jayantr4sg-hostcom":false},"product_brand":[],"product_cat":[1761,1229,1656,5655],"product_tag":[1833],"class_list":{"0":"post-429326","1":"product","2":"type-product","3":"status-publish","4":"has-post-thumbnail","6":"product_cat-gold-bridal-tikka","7":"product_cat-22ct-gold-jewellery","8":"product_cat-rosettes-collections","9":"product_cat-rosettes-tikka","10":"product_tag-gold-tikka","12":"first","13":"instock","14":"taxable","15":"shipping-taxable","16":"purchasable","17":"product-type-simple","18":"add-to-wishlist-before_image"},"yoast_head":"<!-- This site is optimized with the Yoast SEO plugin v27.5 - https:\/\/yoast.com\/product\/yoast-seo-wordpress\/ -->\n<title>Buy online 22ct Sunrise Gold Rosette Pearl Maang Tikka<\/title>\n<meta name=\"description\" content=\"Shop 22ct Sunrise Gold Rosette Pearl Maang Tikka by PureJewels. A delicate floral bridal tikka with pearls, blending elegance, heritage, and modern design.\" \/>\n<meta name=\"robots\" content=\"index, follow, max-snippet:-1, max-image-preview:large, max-video-preview:-1\" \/>\n<link rel=\"canonical\" href=\"https:\/\/www.purejewels.com\/tr\/urun\/22-ayar-gundogumu-altin-rozet-inci-maang-tikka-50532\/\" \/>\n<meta property=\"og:locale\" content=\"tr_TR\" \/>\n<meta property=\"og:type\" content=\"article\" \/>\n<meta property=\"og:title\" content=\"Buy online 22ct Sunrise Gold Rosette Pearl Maang Tikka\" \/>\n<meta property=\"og:description\" content=\"Shop 22ct Sunrise Gold Rosette Pearl Maang Tikka by PureJewels. A delicate floral bridal tikka with pearls, blending elegance, heritage, and modern design.\" \/>\n<meta property=\"og:url\" content=\"https:\/\/www.purejewels.com\/tr\/urun\/22-ayar-gundogumu-altin-rozet-inci-maang-tikka-50532\/\" \/>\n<meta property=\"og:site_name\" content=\"PureJewels UK\" \/>\n<meta property=\"article:modified_time\" content=\"2026-05-04T06:10:21+00:00\" \/>\n<meta property=\"og:image\" content=\"https:\/\/static.purejewels.com\/wp-content\/uploads\/2026\/05\/JWTKTSRS006-FRONT.jpg\" \/>\n\t<meta property=\"og:image:width\" content=\"1000\" \/>\n\t<meta property=\"og:image:height\" content=\"1000\" \/>\n\t<meta property=\"og:image:type\" content=\"image\/jpeg\" \/>\n<meta name=\"twitter:card\" content=\"summary_large_image\" \/>\n<meta name=\"twitter:label1\" content=\"Tahmini okuma s\u00fcresi\" \/>\n\t<meta name=\"twitter:data1\" content=\"2 dakika\" \/>\n<script type=\"application\/ld+json\" class=\"yoast-schema-graph\">{\"@context\":\"https:\\\/\\\/schema.org\",\"@graph\":[{\"@type\":[\"WebPage\",\"ItemPage\"],\"@id\":\"https:\\\/\\\/www.purejewels.com\\\/product\\\/22ct-sunrise-gold-rosette-pearl-maang-tikka-50532\\\/\",\"url\":\"https:\\\/\\\/www.purejewels.com\\\/product\\\/22ct-sunrise-gold-rosette-pearl-maang-tikka-50532\\\/\",\"name\":\"Buy online 22ct Sunrise Gold Rosette Pearl Maang Tikka\",\"isPartOf\":{\"@id\":\"https:\\\/\\\/www.purejewels.com\\\/#website\"},\"primaryImageOfPage\":{\"@id\":\"https:\\\/\\\/www.purejewels.com\\\/product\\\/22ct-sunrise-gold-rosette-pearl-maang-tikka-50532\\\/#primaryimage\"},\"image\":{\"@id\":\"https:\\\/\\\/www.purejewels.com\\\/product\\\/22ct-sunrise-gold-rosette-pearl-maang-tikka-50532\\\/#primaryimage\"},\"thumbnailUrl\":\"https:\\\/\\\/static.purejewels.com\\\/wp-content\\\/uploads\\\/2026\\\/05\\\/JWTKTSRS006-FRONT.jpg\",\"datePublished\":\"2026-03-04T07:03:55+00:00\",\"dateModified\":\"2026-05-04T06:10:21+00:00\",\"description\":\"Shop 22ct Sunrise Gold Rosette Pearl Maang Tikka by PureJewels. A delicate floral bridal tikka with pearls, blending elegance, heritage, and modern design.\",\"breadcrumb\":{\"@id\":\"https:\\\/\\\/www.purejewels.com\\\/product\\\/22ct-sunrise-gold-rosette-pearl-maang-tikka-50532\\\/#breadcrumb\"},\"inLanguage\":\"tr\",\"potentialAction\":[{\"@type\":\"ReadAction\",\"target\":[\"https:\\\/\\\/www.purejewels.com\\\/product\\\/22ct-sunrise-gold-rosette-pearl-maang-tikka-50532\\\/\"]}]},{\"@type\":\"ImageObject\",\"inLanguage\":\"tr\",\"@id\":\"https:\\\/\\\/www.purejewels.com\\\/product\\\/22ct-sunrise-gold-rosette-pearl-maang-tikka-50532\\\/#primaryimage\",\"url\":\"https:\\\/\\\/static.purejewels.com\\\/wp-content\\\/uploads\\\/2026\\\/05\\\/JWTKTSRS006-FRONT.jpg\",\"contentUrl\":\"https:\\\/\\\/static.purejewels.com\\\/wp-content\\\/uploads\\\/2026\\\/05\\\/JWTKTSRS006-FRONT.jpg\",\"width\":1000,\"height\":1000,\"caption\":\"22ct Sunrise Gold Rosette Pearl Maang Tikka\"},{\"@type\":\"BreadcrumbList\",\"@id\":\"https:\\\/\\\/www.purejewels.com\\\/product\\\/22ct-sunrise-gold-rosette-pearl-maang-tikka-50532\\\/#breadcrumb\",\"itemListElement\":[{\"@type\":\"ListItem\",\"position\":1,\"name\":\"Home\",\"item\":\"https:\\\/\\\/www.purejewels.com\\\/\"},{\"@type\":\"ListItem\",\"position\":2,\"name\":\"Shop\",\"item\":\"https:\\\/\\\/www.purejewels.com\\\/shop\\\/\"},{\"@type\":\"ListItem\",\"position\":3,\"name\":\"22ct Sunrise Gold Rosette Pearl Maang Tikka\"}]},{\"@type\":\"WebSite\",\"@id\":\"https:\\\/\\\/www.purejewels.com\\\/#website\",\"url\":\"https:\\\/\\\/www.purejewels.com\\\/\",\"name\":\"PureJewels UK\",\"description\":\"Share the Love\",\"publisher\":{\"@id\":\"https:\\\/\\\/www.purejewels.com\\\/#organization\"},\"potentialAction\":[{\"@type\":\"SearchAction\",\"target\":{\"@type\":\"EntryPoint\",\"urlTemplate\":\"https:\\\/\\\/www.purejewels.com\\\/?s={search_term_string}\"},\"query-input\":{\"@type\":\"PropertyValueSpecification\",\"valueRequired\":true,\"valueName\":\"search_term_string\"}}],\"inLanguage\":\"tr\"},{\"@type\":\"Organization\",\"@id\":\"https:\\\/\\\/www.purejewels.com\\\/#organization\",\"name\":\"PureJewels UK\",\"url\":\"https:\\\/\\\/www.purejewels.com\\\/\",\"logo\":{\"@type\":\"ImageObject\",\"inLanguage\":\"tr\",\"@id\":\"https:\\\/\\\/www.purejewels.com\\\/#\\\/schema\\\/logo\\\/image\\\/\",\"url\":\"https:\\\/\\\/static.purejewels.com\\\/wp-content\\\/uploads\\\/2020\\\/11\\\/Logo-PJ-New-1.png\",\"contentUrl\":\"https:\\\/\\\/static.purejewels.com\\\/wp-content\\\/uploads\\\/2020\\\/11\\\/Logo-PJ-New-1.png\",\"width\":150,\"height\":80,\"caption\":\"PureJewels UK\"},\"image\":{\"@id\":\"https:\\\/\\\/www.purejewels.com\\\/#\\\/schema\\\/logo\\\/image\\\/\"}}]}<\/script>\n<!-- \/ Yoast SEO plugin. -->","yoast_head_json":{"title":"Online sat\u0131n al 22ct Sunrise Alt\u0131n Rozet \u0130nci Maang Tikka","description":"PureJewels'ten 22 Ayar Sunrise Alt\u0131n Rozet \u0130nci Maang Tikka sat\u0131n al\u0131n. Zarafet, miras ve modern tasar\u0131m\u0131 harmanlayan incili narin \u00e7i\u00e7ekli gelin tikkas\u0131.","robots":{"index":"index","follow":"follow","max-snippet":"max-snippet:-1","max-image-preview":"max-image-preview:large","max-video-preview":"max-video-preview:-1"},"canonical":"https:\/\/www.purejewels.com\/tr\/urun\/22-ayar-gundogumu-altin-rozet-inci-maang-tikka-50532\/","og_locale":"tr_TR","og_type":"article","og_title":"Buy online 22ct Sunrise Gold Rosette Pearl Maang Tikka","og_description":"Shop 22ct Sunrise Gold Rosette Pearl Maang Tikka by PureJewels. A delicate floral bridal tikka with pearls, blending elegance, heritage, and modern design.","og_url":"https:\/\/www.purejewels.com\/tr\/urun\/22-ayar-gundogumu-altin-rozet-inci-maang-tikka-50532\/","og_site_name":"PureJewels UK","article_modified_time":"2026-05-04T06:10:21+00:00","og_image":[{"width":1000,"height":1000,"url":"https:\/\/static.purejewels.com\/wp-content\/uploads\/2026\/05\/JWTKTSRS006-FRONT.jpg","type":"image\/jpeg"}],"twitter_card":"summary_large_image","twitter_misc":{"Tahmini okuma s\u00fcresi":"2 dakika"},"schema":{"@context":"https:\/\/schema.org","@graph":[{"@type":["WebPage","ItemPage"],"@id":"https:\/\/www.purejewels.com\/product\/22ct-sunrise-gold-rosette-pearl-maang-tikka-50532\/","url":"https:\/\/www.purejewels.com\/product\/22ct-sunrise-gold-rosette-pearl-maang-tikka-50532\/","name":"Online sat\u0131n al 22ct Sunrise Alt\u0131n Rozet \u0130nci Maang Tikka","isPartOf":{"@id":"https:\/\/www.purejewels.com\/#website"},"primaryImageOfPage":{"@id":"https:\/\/www.purejewels.com\/product\/22ct-sunrise-gold-rosette-pearl-maang-tikka-50532\/#primaryimage"},"image":{"@id":"https:\/\/www.purejewels.com\/product\/22ct-sunrise-gold-rosette-pearl-maang-tikka-50532\/#primaryimage"},"thumbnailUrl":"https:\/\/static.purejewels.com\/wp-content\/uploads\/2026\/05\/JWTKTSRS006-FRONT.jpg","datePublished":"2026-03-04T07:03:55+00:00","dateModified":"2026-05-04T06:10:21+00:00","description":"PureJewels'ten 22 Ayar Sunrise Alt\u0131n Rozet \u0130nci Maang Tikka sat\u0131n al\u0131n. Zarafet, miras ve modern tasar\u0131m\u0131 harmanlayan incili narin \u00e7i\u00e7ekli gelin tikkas\u0131.","breadcrumb":{"@id":"https:\/\/www.purejewels.com\/product\/22ct-sunrise-gold-rosette-pearl-maang-tikka-50532\/#breadcrumb"},"inLanguage":"tr","potentialAction":[{"@type":"ReadAction","target":["https:\/\/www.purejewels.com\/product\/22ct-sunrise-gold-rosette-pearl-maang-tikka-50532\/"]}]},{"@type":"ImageObject","inLanguage":"tr","@id":"https:\/\/www.purejewels.com\/product\/22ct-sunrise-gold-rosette-pearl-maang-tikka-50532\/#primaryimage","url":"https:\/\/static.purejewels.com\/wp-content\/uploads\/2026\/05\/JWTKTSRS006-FRONT.jpg","contentUrl":"https:\/\/static.purejewels.com\/wp-content\/uploads\/2026\/05\/JWTKTSRS006-FRONT.jpg","width":1000,"height":1000,"caption":"22ct Sunrise Gold Rosette Pearl Maang Tikka"},{"@type":"BreadcrumbList","@id":"https:\/\/www.purejewels.com\/product\/22ct-sunrise-gold-rosette-pearl-maang-tikka-50532\/#breadcrumb","itemListElement":[{"@type":"ListItem","position":1,"name":"Home","item":"https:\/\/www.purejewels.com\/"},{"@type":"ListItem","position":2,"name":"Shop","item":"https:\/\/www.purejewels.com\/shop\/"},{"@type":"ListItem","position":3,"name":"22ct Sunrise Gold Rosette Pearl Maang Tikka"}]},{"@type":"WebSite","@id":"https:\/\/www.purejewels.com\/#website","url":"https:\/\/www.purejewels.com\/","name":"PureJewels \u0130ngiltere","description":"Sevgiyi Payla\u015f\u0131n","publisher":{"@id":"https:\/\/www.purejewels.com\/#organization"},"potentialAction":[{"@type":"SearchAction","target":{"@type":"EntryPoint","urlTemplate":"https:\/\/www.purejewels.com\/?s={search_term_string}"},"query-input":{"@type":"PropertyValueSpecification","valueRequired":true,"valueName":"search_term_string"}}],"inLanguage":"tr"},{"@type":"Organization","@id":"https:\/\/www.purejewels.com\/#organization","name":"PureJewels \u0130ngiltere","url":"https:\/\/www.purejewels.com\/","logo":{"@type":"ImageObject","inLanguage":"tr","@id":"https:\/\/www.purejewels.com\/#\/schema\/logo\/image\/","url":"https:\/\/static.purejewels.com\/wp-content\/uploads\/2020\/11\/Logo-PJ-New-1.png","contentUrl":"https:\/\/static.purejewels.com\/wp-content\/uploads\/2020\/11\/Logo-PJ-New-1.png","width":150,"height":80,"caption":"PureJewels UK"},"image":{"@id":"https:\/\/www.purejewels.com\/#\/schema\/logo\/image\/"}}]}},"_links":{"self":[{"href":"https:\/\/www.purejewels.com\/tr\/wp-json\/wp\/v2\/product\/429326","targetHints":{"allow":["GET"]}}],"collection":[{"href":"https:\/\/www.purejewels.com\/tr\/wp-json\/wp\/v2\/product"}],"about":[{"href":"https:\/\/www.purejewels.com\/tr\/wp-json\/wp\/v2\/types\/product"}],"replies":[{"embeddable":true,"href":"https:\/\/www.purejewels.com\/tr\/wp-json\/wp\/v2\/comments?post=429326"}],"version-history":[{"count":1,"href":"https:\/\/www.purejewels.com\/tr\/wp-json\/wp\/v2\/product\/429326\/revisions"}],"predecessor-version":[{"id":429335,"href":"https:\/\/www.purejewels.com\/tr\/wp-json\/wp\/v2\/product\/429326\/revisions\/429335"}],"wp:featuredmedia":[{"embeddable":true,"href":"https:\/\/www.purejewels.com\/tr\/wp-json\/wp\/v2\/media\/429330"}],"wp:attachment":[{"href":"https:\/\/www.purejewels.com\/tr\/wp-json\/wp\/v2\/media?parent=429326"}],"wp:term":[{"taxonomy":"product_brand","embeddable":true,"href":"https:\/\/www.purejewels.com\/tr\/wp-json\/wp\/v2\/product_brand?post=429326"},{"taxonomy":"product_cat","embeddable":true,"href":"https:\/\/www.purejewels.com\/tr\/wp-json\/wp\/v2\/product_cat?post=429326"},{"taxonomy":"product_tag","embeddable":true,"href":"https:\/\/www.purejewels.com\/tr\/wp-json\/wp\/v2\/product_tag?post=429326"}],"curies":[{"name":"wp","href":"https:\/\/api.w.org\/{rel}","templated":true}]}}