{"id":429339,"date":"2026-03-04T07:28:48","date_gmt":"2026-03-04T07:28:48","guid":{"rendered":"https:\/\/www.purejewels.com\/?post_type=product&#038;p=429339"},"modified":"2026-05-04T07:44:19","modified_gmt":"2026-05-04T06:44:19","slug":"22-ayar-gundogumu-altin-rozetli-bebek-bilekligi-50815","status":"publish","type":"product","link":"https:\/\/www.purejewels.com\/tr\/product\/22ct-sunrise-gold-rosette-baby-bracelet-50815\/","title":{"rendered":"22 Ayar Sunrise Alt\u0131n Rozet Bebek Bilekli\u011fi"},"content":{"rendered":"<p data-start=\"252\" data-end=\"586\"><strong data-start=\"252\" data-end=\"303\">Tasar\u0131m Konsepti\u00a0<\/strong><br data-start=\"303\" data-end=\"306\" \/>Rozet motifinden ilham alan bu bebek bilekli\u011fi, hayat\u0131n ilk anlar\u0131n\u0131n g\u00fczelli\u011fini yans\u0131t\u0131yor; nazik, saf ve umut dolu. Her bir k\u00fc\u00e7\u00fck rozet, b\u00fcy\u00fcmeyi, ne\u015feyi ve de\u011ferli d\u00f6n\u00fcm noktalar\u0131n\u0131 simgeleyen \u00e7i\u00e7eklerin birer birer a\u00e7mas\u0131 gibi zincir boyunca \u00f6zenle yerle\u015ftirilmi\u015ftir. Sunrise Gold'un yumu\u015fak parlakl\u0131\u011f\u0131 tasar\u0131m\u0131n s\u0131cakl\u0131\u011f\u0131n\u0131 art\u0131rarak hem besleyici hem de zamans\u0131z hissettiren bir par\u00e7a yarat\u0131yor; yeni ba\u015flang\u0131\u00e7lar\u0131 kutlamak i\u00e7in m\u00fckemmel.<\/p>\n<p data-start=\"794\" data-end=\"1073\"><strong data-start=\"794\" data-end=\"830\">Zanaatkarl\u0131k<\/strong><br data-start=\"830\" data-end=\"833\" \/>22 ayar Sunrise Alt\u0131ndan \u00fcretilen bu bileklik hem incelik hem de dayan\u0131kl\u0131l\u0131k g\u00f6z \u00f6n\u00fcnde bulundurularak tasarlanm\u0131\u015ft\u0131r. \u0130nce zincir k\u00fc\u00e7\u00fck bilekler i\u00e7in rahatl\u0131k sa\u011flarken, her bir \u00e7i\u00e7ek \u00f6\u011fesi hareket kolayl\u0131\u011f\u0131 sa\u011flamak i\u00e7in \u00f6zenle \u015fekillendirilmi\u015f ve g\u00fcvenli bir \u015fekilde ayarlanm\u0131\u015ft\u0131r. G\u00fcvenli bir toka ve ayarlanabilir ba\u011flant\u0131larla tamamlanan bu bileklik, b\u00fcy\u00fcyen bir \u00e7ocuk i\u00e7in esneklik sunarak zaman i\u00e7inde de\u011fer verilebilecek d\u00fc\u015f\u00fcnceli bir par\u00e7a haline gelir.<\/p>\n<p data-start=\"1231\" data-end=\"1511\"><strong data-start=\"1231\" data-end=\"1252\">\u015eekillendirme &amp; Hediyele\u015fme<\/strong><br data-start=\"1252\" data-end=\"1255\" \/>Do\u011fum g\u00fcnleri, isim koyma t\u00f6renleri gibi \u00f6zel g\u00fcnler i\u00e7in veya anlaml\u0131 bir ilk hediye olarak ideal olan bu bileklik, sessiz bir zarafet ta\u015f\u0131r. Minimal \u00e7i\u00e7ek detaylar\u0131 sayesinde g\u00fcnl\u00fck kullan\u0131m i\u00e7in m\u00fckemmeldir ancak kutlamalar i\u00e7in yeterince \u00f6zeldir.<\/p>","protected":false},"excerpt":{"rendered":"<p data-start=\"0\" data-end=\"215\">Sevginin \u015fefkatli bir ifadesi olan bu 22 ayar Sunrise Alt\u0131n Rozetli Bebek Bilekli\u011fi, de\u011ferli ba\u015flang\u0131\u00e7lar\u0131 s\u0131cakl\u0131k ve zarafetle kutlamak i\u00e7in haz\u0131rlanm\u0131\u015f ince bir zincir boyunca narin \u00e7i\u00e7ek motiflerine sahiptir.<\/p>\n<p><strong>Malzeme:<\/strong> 22 ayar Sunrise Gold (91,6% Saf Alt\u0131n)<br \/>\n<strong>Hallmark:<\/strong> \u0130ngiliz Damgas\u0131<br \/>\n<strong>Br\u00fct A\u011f\u0131rl\u0131k:<\/strong> 2.76 Gms<br \/>\n<strong>Uzunluk<\/strong>: 5 \u0130n\u00e7<br \/>\n<strong>\u00c7i\u00e7ek Geni\u015fli\u011fi<\/strong>: 3,5 mm<br \/>\n<strong>SKU:<\/strong> 50815<\/p>\n<p>Fiyat ve Teslimat: KDV ve teslimat \u00fccretleri dahil<br \/>\n<a href=\"https:\/\/www.purejewels.com\/tr\/i%cc%87ade-poli%cc%87ti%cc%87kasi\/\"><strong>\u0130ade Politikas\u0131<\/strong><\/a><\/p>","protected":false},"featured_media":429340,"comment_status":"closed","ping_status":"closed","template":"","meta":{"_eb_attr":"","_crsspst_to_jayantr4sg-hostcom":false},"product_brand":[],"product_cat":[5672,5441,1576,236,1790,1324,1229,5344,1436,5943,5347,5586,1656,5353,5349],"product_tag":[5634,5910],"class_list":{"0":"post-429339","1":"product","2":"type-product","3":"status-publish","4":"has-post-thumbnail","6":"product_cat-baby-gold-bracelet","7":"product_cat-gold-bead-bracelets","8":"product_cat-childrens-jewellery","9":"product_cat-collections","10":"product_cat-for-whom-when","11":"product_cat-gold-bracelet","12":"product_cat-22ct-gold-jewellery","13":"product_cat-jewellery-under-750","14":"product_cat-kids-bracelet-kada","15":"product_cat-kids-jewellery","16":"product_cat-shop-by-metal","17":"product_cat-rosette-bracelet","18":"product_cat-rosettes-collections","19":"product_cat-shop-by","20":"product_cat-yellow-gold-jewellery","21":"product_tag-22ct-gold-bracelet-for-ladies","22":"product_tag-real-gold-bracelet","24":"first","25":"instock","26":"taxable","27":"shipping-taxable","28":"purchasable","29":"product-type-simple","30":"add-to-wishlist-before_image"},"yoast_head":"<!-- This site is optimized with the Yoast SEO plugin v27.5 - https:\/\/yoast.com\/product\/yoast-seo-wordpress\/ -->\n<title>Buy online 22ct Sunrise Gold Rosette Baby Bracelet<\/title>\n<meta name=\"description\" content=\"Shop 22ct Sunrise Gold Rosette Baby Bracelet by PureJewels. A delicate floral gold bracelet for babies, crafted to celebrate precious moments with elegance.\" \/>\n<meta name=\"robots\" content=\"index, follow, max-snippet:-1, max-image-preview:large, max-video-preview:-1\" \/>\n<link rel=\"canonical\" href=\"https:\/\/www.purejewels.com\/tr\/urun\/22-ayar-gundogumu-altin-rozetli-bebek-bilekligi-50815\/\" \/>\n<meta property=\"og:locale\" content=\"tr_TR\" \/>\n<meta property=\"og:type\" content=\"article\" \/>\n<meta property=\"og:title\" content=\"Buy online 22ct Sunrise Gold Rosette Baby Bracelet\" \/>\n<meta property=\"og:description\" content=\"Shop 22ct Sunrise Gold Rosette Baby Bracelet by PureJewels. A delicate floral gold bracelet for babies, crafted to celebrate precious moments with elegance.\" \/>\n<meta property=\"og:url\" content=\"https:\/\/www.purejewels.com\/tr\/urun\/22-ayar-gundogumu-altin-rozetli-bebek-bilekligi-50815\/\" \/>\n<meta property=\"og:site_name\" content=\"PureJewels UK\" \/>\n<meta property=\"article:modified_time\" content=\"2026-05-04T06:44:19+00:00\" \/>\n<meta property=\"og:image\" content=\"https:\/\/static.purejewels.com\/wp-content\/uploads\/2026\/05\/sgbrbwrs001l5035.jpg\" \/>\n\t<meta property=\"og:image:width\" content=\"1000\" \/>\n\t<meta property=\"og:image:height\" content=\"1000\" \/>\n\t<meta property=\"og:image:type\" content=\"image\/jpeg\" \/>\n<meta name=\"twitter:card\" content=\"summary_large_image\" \/>\n<meta name=\"twitter:label1\" content=\"Tahmini okuma s\u00fcresi\" \/>\n\t<meta name=\"twitter:data1\" content=\"1 dakika\" \/>\n<script type=\"application\/ld+json\" class=\"yoast-schema-graph\">{\"@context\":\"https:\\\/\\\/schema.org\",\"@graph\":[{\"@type\":[\"WebPage\",\"ItemPage\"],\"@id\":\"https:\\\/\\\/www.purejewels.com\\\/product\\\/22ct-sunrise-gold-rosette-baby-bracelet-50815\\\/\",\"url\":\"https:\\\/\\\/www.purejewels.com\\\/product\\\/22ct-sunrise-gold-rosette-baby-bracelet-50815\\\/\",\"name\":\"Buy online 22ct Sunrise Gold Rosette Baby Bracelet\",\"isPartOf\":{\"@id\":\"https:\\\/\\\/www.purejewels.com\\\/#website\"},\"primaryImageOfPage\":{\"@id\":\"https:\\\/\\\/www.purejewels.com\\\/product\\\/22ct-sunrise-gold-rosette-baby-bracelet-50815\\\/#primaryimage\"},\"image\":{\"@id\":\"https:\\\/\\\/www.purejewels.com\\\/product\\\/22ct-sunrise-gold-rosette-baby-bracelet-50815\\\/#primaryimage\"},\"thumbnailUrl\":\"https:\\\/\\\/static.purejewels.com\\\/wp-content\\\/uploads\\\/2026\\\/05\\\/sgbrbwrs001l5035.jpg\",\"datePublished\":\"2026-03-04T07:28:48+00:00\",\"dateModified\":\"2026-05-04T06:44:19+00:00\",\"description\":\"Shop 22ct Sunrise Gold Rosette Baby Bracelet by PureJewels. A delicate floral gold bracelet for babies, crafted to celebrate precious moments with elegance.\",\"breadcrumb\":{\"@id\":\"https:\\\/\\\/www.purejewels.com\\\/product\\\/22ct-sunrise-gold-rosette-baby-bracelet-50815\\\/#breadcrumb\"},\"inLanguage\":\"tr\",\"potentialAction\":[{\"@type\":\"ReadAction\",\"target\":[\"https:\\\/\\\/www.purejewels.com\\\/product\\\/22ct-sunrise-gold-rosette-baby-bracelet-50815\\\/\"]}]},{\"@type\":\"ImageObject\",\"inLanguage\":\"tr\",\"@id\":\"https:\\\/\\\/www.purejewels.com\\\/product\\\/22ct-sunrise-gold-rosette-baby-bracelet-50815\\\/#primaryimage\",\"url\":\"https:\\\/\\\/static.purejewels.com\\\/wp-content\\\/uploads\\\/2026\\\/05\\\/sgbrbwrs001l5035.jpg\",\"contentUrl\":\"https:\\\/\\\/static.purejewels.com\\\/wp-content\\\/uploads\\\/2026\\\/05\\\/sgbrbwrs001l5035.jpg\",\"width\":1000,\"height\":1000,\"caption\":\"22ct Sunrise Gold Rosette Baby Bracelet\"},{\"@type\":\"BreadcrumbList\",\"@id\":\"https:\\\/\\\/www.purejewels.com\\\/product\\\/22ct-sunrise-gold-rosette-baby-bracelet-50815\\\/#breadcrumb\",\"itemListElement\":[{\"@type\":\"ListItem\",\"position\":1,\"name\":\"Home\",\"item\":\"https:\\\/\\\/www.purejewels.com\\\/\"},{\"@type\":\"ListItem\",\"position\":2,\"name\":\"Shop\",\"item\":\"https:\\\/\\\/www.purejewels.com\\\/shop\\\/\"},{\"@type\":\"ListItem\",\"position\":3,\"name\":\"22ct Sunrise Gold Rosette Baby Bracelet\"}]},{\"@type\":\"WebSite\",\"@id\":\"https:\\\/\\\/www.purejewels.com\\\/#website\",\"url\":\"https:\\\/\\\/www.purejewels.com\\\/\",\"name\":\"PureJewels UK\",\"description\":\"Share the Love\",\"publisher\":{\"@id\":\"https:\\\/\\\/www.purejewels.com\\\/#organization\"},\"potentialAction\":[{\"@type\":\"SearchAction\",\"target\":{\"@type\":\"EntryPoint\",\"urlTemplate\":\"https:\\\/\\\/www.purejewels.com\\\/?s={search_term_string}\"},\"query-input\":{\"@type\":\"PropertyValueSpecification\",\"valueRequired\":true,\"valueName\":\"search_term_string\"}}],\"inLanguage\":\"tr\"},{\"@type\":\"Organization\",\"@id\":\"https:\\\/\\\/www.purejewels.com\\\/#organization\",\"name\":\"PureJewels UK\",\"url\":\"https:\\\/\\\/www.purejewels.com\\\/\",\"logo\":{\"@type\":\"ImageObject\",\"inLanguage\":\"tr\",\"@id\":\"https:\\\/\\\/www.purejewels.com\\\/#\\\/schema\\\/logo\\\/image\\\/\",\"url\":\"https:\\\/\\\/static.purejewels.com\\\/wp-content\\\/uploads\\\/2020\\\/11\\\/Logo-PJ-New-1.png\",\"contentUrl\":\"https:\\\/\\\/static.purejewels.com\\\/wp-content\\\/uploads\\\/2020\\\/11\\\/Logo-PJ-New-1.png\",\"width\":150,\"height\":80,\"caption\":\"PureJewels UK\"},\"image\":{\"@id\":\"https:\\\/\\\/www.purejewels.com\\\/#\\\/schema\\\/logo\\\/image\\\/\"}}]}<\/script>\n<!-- \/ Yoast SEO plugin. -->","yoast_head_json":{"title":"Online sat\u0131n al 22 ayar Sunrise Alt\u0131n Rozet Bebek Bilekli\u011fi","description":"PureJewels'ten 22ct Sunrise Alt\u0131n Rozet Bebek Bilekli\u011fi sat\u0131n al\u0131n. Bebekler i\u00e7in, de\u011ferli anlar\u0131 zarafetle kutlamak i\u00e7in haz\u0131rlanm\u0131\u015f narin bir \u00e7i\u00e7ekli alt\u0131n bileklik.","robots":{"index":"index","follow":"follow","max-snippet":"max-snippet:-1","max-image-preview":"max-image-preview:large","max-video-preview":"max-video-preview:-1"},"canonical":"https:\/\/www.purejewels.com\/tr\/urun\/22-ayar-gundogumu-altin-rozetli-bebek-bilekligi-50815\/","og_locale":"tr_TR","og_type":"article","og_title":"Buy online 22ct Sunrise Gold Rosette Baby Bracelet","og_description":"Shop 22ct Sunrise Gold Rosette Baby Bracelet by PureJewels. A delicate floral gold bracelet for babies, crafted to celebrate precious moments with elegance.","og_url":"https:\/\/www.purejewels.com\/tr\/urun\/22-ayar-gundogumu-altin-rozetli-bebek-bilekligi-50815\/","og_site_name":"PureJewels UK","article_modified_time":"2026-05-04T06:44:19+00:00","og_image":[{"width":1000,"height":1000,"url":"https:\/\/static.purejewels.com\/wp-content\/uploads\/2026\/05\/sgbrbwrs001l5035.jpg","type":"image\/jpeg"}],"twitter_card":"summary_large_image","twitter_misc":{"Tahmini okuma s\u00fcresi":"1 dakika"},"schema":{"@context":"https:\/\/schema.org","@graph":[{"@type":["WebPage","ItemPage"],"@id":"https:\/\/www.purejewels.com\/product\/22ct-sunrise-gold-rosette-baby-bracelet-50815\/","url":"https:\/\/www.purejewels.com\/product\/22ct-sunrise-gold-rosette-baby-bracelet-50815\/","name":"Online sat\u0131n al 22 ayar Sunrise Alt\u0131n Rozet Bebek Bilekli\u011fi","isPartOf":{"@id":"https:\/\/www.purejewels.com\/#website"},"primaryImageOfPage":{"@id":"https:\/\/www.purejewels.com\/product\/22ct-sunrise-gold-rosette-baby-bracelet-50815\/#primaryimage"},"image":{"@id":"https:\/\/www.purejewels.com\/product\/22ct-sunrise-gold-rosette-baby-bracelet-50815\/#primaryimage"},"thumbnailUrl":"https:\/\/static.purejewels.com\/wp-content\/uploads\/2026\/05\/sgbrbwrs001l5035.jpg","datePublished":"2026-03-04T07:28:48+00:00","dateModified":"2026-05-04T06:44:19+00:00","description":"PureJewels'ten 22ct Sunrise Alt\u0131n Rozet Bebek Bilekli\u011fi sat\u0131n al\u0131n. Bebekler i\u00e7in, de\u011ferli anlar\u0131 zarafetle kutlamak i\u00e7in haz\u0131rlanm\u0131\u015f narin bir \u00e7i\u00e7ekli alt\u0131n bileklik.","breadcrumb":{"@id":"https:\/\/www.purejewels.com\/product\/22ct-sunrise-gold-rosette-baby-bracelet-50815\/#breadcrumb"},"inLanguage":"tr","potentialAction":[{"@type":"ReadAction","target":["https:\/\/www.purejewels.com\/product\/22ct-sunrise-gold-rosette-baby-bracelet-50815\/"]}]},{"@type":"ImageObject","inLanguage":"tr","@id":"https:\/\/www.purejewels.com\/product\/22ct-sunrise-gold-rosette-baby-bracelet-50815\/#primaryimage","url":"https:\/\/static.purejewels.com\/wp-content\/uploads\/2026\/05\/sgbrbwrs001l5035.jpg","contentUrl":"https:\/\/static.purejewels.com\/wp-content\/uploads\/2026\/05\/sgbrbwrs001l5035.jpg","width":1000,"height":1000,"caption":"22ct Sunrise Gold Rosette Baby Bracelet"},{"@type":"BreadcrumbList","@id":"https:\/\/www.purejewels.com\/product\/22ct-sunrise-gold-rosette-baby-bracelet-50815\/#breadcrumb","itemListElement":[{"@type":"ListItem","position":1,"name":"Home","item":"https:\/\/www.purejewels.com\/"},{"@type":"ListItem","position":2,"name":"Shop","item":"https:\/\/www.purejewels.com\/shop\/"},{"@type":"ListItem","position":3,"name":"22ct Sunrise Gold Rosette Baby Bracelet"}]},{"@type":"WebSite","@id":"https:\/\/www.purejewels.com\/#website","url":"https:\/\/www.purejewels.com\/","name":"PureJewels \u0130ngiltere","description":"Sevgiyi Payla\u015f\u0131n","publisher":{"@id":"https:\/\/www.purejewels.com\/#organization"},"potentialAction":[{"@type":"SearchAction","target":{"@type":"EntryPoint","urlTemplate":"https:\/\/www.purejewels.com\/?s={search_term_string}"},"query-input":{"@type":"PropertyValueSpecification","valueRequired":true,"valueName":"search_term_string"}}],"inLanguage":"tr"},{"@type":"Organization","@id":"https:\/\/www.purejewels.com\/#organization","name":"PureJewels \u0130ngiltere","url":"https:\/\/www.purejewels.com\/","logo":{"@type":"ImageObject","inLanguage":"tr","@id":"https:\/\/www.purejewels.com\/#\/schema\/logo\/image\/","url":"https:\/\/static.purejewels.com\/wp-content\/uploads\/2020\/11\/Logo-PJ-New-1.png","contentUrl":"https:\/\/static.purejewels.com\/wp-content\/uploads\/2020\/11\/Logo-PJ-New-1.png","width":150,"height":80,"caption":"PureJewels UK"},"image":{"@id":"https:\/\/www.purejewels.com\/#\/schema\/logo\/image\/"}}]}},"_links":{"self":[{"href":"https:\/\/www.purejewels.com\/tr\/wp-json\/wp\/v2\/product\/429339","targetHints":{"allow":["GET"]}}],"collection":[{"href":"https:\/\/www.purejewels.com\/tr\/wp-json\/wp\/v2\/product"}],"about":[{"href":"https:\/\/www.purejewels.com\/tr\/wp-json\/wp\/v2\/types\/product"}],"replies":[{"embeddable":true,"href":"https:\/\/www.purejewels.com\/tr\/wp-json\/wp\/v2\/comments?post=429339"}],"version-history":[{"count":1,"href":"https:\/\/www.purejewels.com\/tr\/wp-json\/wp\/v2\/product\/429339\/revisions"}],"predecessor-version":[{"id":429345,"href":"https:\/\/www.purejewels.com\/tr\/wp-json\/wp\/v2\/product\/429339\/revisions\/429345"}],"wp:featuredmedia":[{"embeddable":true,"href":"https:\/\/www.purejewels.com\/tr\/wp-json\/wp\/v2\/media\/429340"}],"wp:attachment":[{"href":"https:\/\/www.purejewels.com\/tr\/wp-json\/wp\/v2\/media?parent=429339"}],"wp:term":[{"taxonomy":"product_brand","embeddable":true,"href":"https:\/\/www.purejewels.com\/tr\/wp-json\/wp\/v2\/product_brand?post=429339"},{"taxonomy":"product_cat","embeddable":true,"href":"https:\/\/www.purejewels.com\/tr\/wp-json\/wp\/v2\/product_cat?post=429339"},{"taxonomy":"product_tag","embeddable":true,"href":"https:\/\/www.purejewels.com\/tr\/wp-json\/wp\/v2\/product_tag?post=429339"}],"curies":[{"name":"wp","href":"https:\/\/api.w.org\/{rel}","templated":true}]}}