{"id":429391,"date":"2026-02-04T09:45:04","date_gmt":"2026-02-04T09:45:04","guid":{"rendered":"https:\/\/www.purejewels.com\/?post_type=product&#038;p=429391"},"modified":"2026-05-05T13:59:57","modified_gmt":"2026-05-05T12:59:57","slug":"22-ayar-gundogumu-altin-rozet-dalga-tasarimli-bileklik-50815","status":"publish","type":"product","link":"https:\/\/www.purejewels.com\/tr\/product\/22ct-sunrise-gold-rosette-wave-design-bangle-50815\/","title":{"rendered":"22 Ayar G\u00fcndo\u011fumu Alt\u0131n Rozet Dalga Tasar\u0131m Bileklik"},"content":{"rendered":"<p data-start=\"628\" data-end=\"1034\"><strong data-start=\"628\" data-end=\"646\">Tasar\u0131m Konsepti<\/strong><br data-start=\"646\" data-end=\"649\" \/>Do\u011fan\u0131n ritminden ilham alan bu bileklik, \u00e7i\u00e7ek a\u00e7an rozetleri ve ak\u0131c\u0131 bir dalga formunu bir araya getirerek uyumlu bir tasar\u0131m olu\u015fturuyor. Her bir par\u00e7a, s\u00fcreklili\u011fi ve zarafeti simgeleyen yumu\u015fak dalgal\u0131 bir desen \u015feklinde \u00f6zenle \u015fekillendirilmi\u015ftir. Detay bak\u0131m\u0131ndan zengin rozet motifleri zamans\u0131z bir g\u00fczelli\u011fi \u00e7a\u011fr\u0131\u015ft\u0131rarak bu par\u00e7ay\u0131 bilekte heykelsi bir duru\u015fla hem etkileyici hem de rafine hale getiriyor.<\/p>\n<p data-start=\"1036\" data-end=\"1503\"><strong data-start=\"1036\" data-end=\"1053\">Zanaatkarl\u0131k<\/strong><br data-start=\"1053\" data-end=\"1056\" \/>Zengin 22 ayar alt\u0131ndan ustal\u0131kla \u00fcretilen bileklik, ola\u011fan\u00fcst\u00fc bir sanat ve hassasiyet sergiliyor. Her bir rozet, katmanl\u0131 yapraklar ve ince dokularla karma\u015f\u0131k bir \u015fekilde \u015fekillendirilerek derinlik ve yumu\u015fak bir \u0131\u015f\u0131k etkile\u015fimi yarat\u0131r. Yap\u0131land\u0131r\u0131lm\u0131\u015f dalga formu hem g\u00f6rsel etki hem de rahat kullan\u0131m i\u00e7in \u00f6zenle tasarlan\u0131rken, i\u00e7 \u00e7er\u00e7eve zarafetten \u00f6d\u00fcn vermeden dayan\u0131kl\u0131l\u0131k sa\u011flar. Her ayr\u0131nt\u0131, yetenekli kuyumcular\u0131n ustal\u0131\u011f\u0131n\u0131 yans\u0131t\u0131r.<\/p>\n<p data-start=\"1505\" data-end=\"1597\"><strong data-start=\"1505\" data-end=\"1522\">Stil Fikirleri<\/strong><br data-start=\"1522\" data-end=\"1525\" \/>Bu bileklik, zarif miras\u0131n ve \u00e7a\u011fda\u015f zarafetin bir ifadesidir.<\/p>\n<ul data-start=\"1598\" data-end=\"1968\">\n<li data-section-id=\"pv99bs\" data-start=\"1598\" data-end=\"1678\">Heykelsi g\u00fczelli\u011fini ve karma\u015f\u0131k i\u015f\u00e7ili\u011fini vurgulamak i\u00e7in tek ba\u015f\u0131na kullan\u0131n.<\/li>\n<li data-section-id=\"4isgzb\" data-start=\"1679\" data-end=\"1764\">Tamamlay\u0131c\u0131 rozetli tak\u0131larla e\u015fle\u015ftirerek uyumlu ve \u00f6zel g\u00fcnlere haz\u0131r bir g\u00f6r\u00fcn\u00fcm elde edin.<\/li>\n<li data-section-id=\"1v7hahy\" data-start=\"1765\" data-end=\"1843\">Dengeli, modern bir kontrast olu\u015fturmak i\u00e7in minimal alt\u0131n par\u00e7alarla birlikte stilize edin.<\/li>\n<li data-section-id=\"72ncfr\" data-start=\"1844\" data-end=\"1968\">D\u00fc\u011f\u00fcnler, bayramlar veya anlaml\u0131 hediyeler i\u00e7in m\u00fckemmel olan bu par\u00e7a, hem zamans\u0131z hem de kendine \u00f6zg\u00fc bir his veriyor.<\/li>\n<\/ul>","protected":false},"excerpt":{"rendered":"<table class=\"sh_desc\" style=\"width: 100%; height: 336px;\">\n<tbody>\n<tr style=\"height: 28px;\">\n<td style=\"height: 28px;\">Kada T\u00fcr\u00fc<\/td>\n<td style=\"height: 28px;\">Gelin Giyim Kada Bileklik<\/td>\n<\/tr>\n<tr style=\"height: 28px;\">\n<td style=\"height: 28px;\">SKU<\/td>\n<td style=\"height: 28px;\">50815<\/td>\n<\/tr>\n<tr style=\"height: 28px;\">\n<td style=\"height: 28px;\">A\u011f\u0131rl\u0131k<\/td>\n<td style=\"height: 28px;\">28.50 Gms<\/td>\n<\/tr>\n<tr style=\"height: 28px;\">\n<td style=\"height: 28px;\">Metal<\/td>\n<td style=\"height: 28px;\">22 Ayar G\u00fcndo\u011fumu Alt\u0131n<\/td>\n<\/tr>\n<tr style=\"height: 28px;\">\n<td style=\"height: 28px;\">Bileklik \u00d6l\u00e7\u00fcs\u00fc<\/td>\n<td style=\"height: 28px;\">2.8 (Ek boyutlar i\u00e7in l\u00fctfen sorunuz)<\/td>\n<\/tr>\n<tr style=\"height: 28px;\">\n<td style=\"height: 28px;\">Koleksiyon<\/td>\n<td style=\"height: 28px;\"><strong>Rozet Koleksiyonu<\/strong><\/td>\n<\/tr>\n<tr style=\"height: 28px;\">\n<td style=\"height: 28px;\">KatalogID<\/td>\n<td style=\"height: 28px;\">R1084<\/td>\n<\/tr>\n<tr style=\"height: 28px;\">\n<td style=\"height: 28px;\">Hallmark<\/td>\n<td style=\"height: 28px;\">Londra Tahlil Ofisi Taraf\u0131ndan Damgalanm\u0131\u015f 22 Ayar Alt\u0131n<\/td>\n<\/tr>\n<tr style=\"height: 28px;\">\n<td style=\"height: 28px;\">\u00dccretler<\/td>\n<td style=\"height: 28px;\">Teslimat ve KDV Dahil<\/td>\n<\/tr>\n<tr style=\"height: 28px;\">\n<td style=\"height: 28px;\">Paketleme<\/td>\n<td style=\"height: 28px;\">Sunum Kutusu ile Birlikte Gelir<\/td>\n<\/tr>\n<tr style=\"height: 84px;\">\n<td style=\"height: 84px;\">Daha Fazla Bilgi<\/td>\n<td style=\"height: 84px;\">\n<ul>\n<li>Not: Burada belirtilen fiyat\u0131n Tek Kada i\u00e7in oldu\u011funu unutmay\u0131n<\/li>\n<li>M\u00fcsaitlik durumu ve daha fazla resim i\u00e7in bizimle canl\u0131 sohbet edin<\/li>\n<\/ul>\n<\/td>\n<\/tr>\n<\/tbody>\n<\/table>\n<p>&nbsp;<\/p>","protected":false},"featured_media":429484,"comment_status":"closed","ping_status":"closed","template":"","meta":{"_eb_attr":"","_crsspst_to_jayantr4sg-hostcom":false},"product_brand":[],"product_cat":[1659,236,5701,1792,1233,1229,5271,5273,1656,1573,1574,5349],"product_tag":[],"class_list":{"0":"post-429391","1":"product","2":"type-product","3":"status-publish","4":"has-post-thumbnail","6":"product_cat-bridal-and-party-wear-gold-kada-bangle","7":"product_cat-collections","8":"product_cat-eid-jewellery","9":"product_cat-festival-gifts","10":"product_cat-gold-bangles","11":"product_cat-22ct-gold-jewellery","12":"product_cat-occasion-wear-bangles","13":"product_cat-22ct-gold-poncha-bracelet","14":"product_cat-rosettes-collections","15":"product_cat-wedding-gifts","16":"product_cat-womens-jewellery","17":"product_cat-yellow-gold-jewellery","19":"first","20":"instock","21":"taxable","22":"shipping-taxable","23":"purchasable","24":"product-type-simple","25":"add-to-wishlist-before_image"},"yoast_head":"<!-- This site is optimized with the Yoast SEO plugin v27.5 - https:\/\/yoast.com\/product\/yoast-seo-wordpress\/ -->\n<title>22ct Gold Rosette Wave Design Bangle | PureJewels London<\/title>\n<meta name=\"description\" content=\"Discover the 22ct Gold Rosette Wave Design Bangle, crafted with intricate floral detailing and a sculpted wave form. A timeless blend of heritage artistry and modern elegance.\" \/>\n<meta name=\"robots\" content=\"index, follow, max-snippet:-1, max-image-preview:large, max-video-preview:-1\" \/>\n<link rel=\"canonical\" href=\"https:\/\/www.purejewels.com\/tr\/urun\/22-ayar-gundogumu-altin-rozet-dalga-tasarimli-bileklik-50815\/\" \/>\n<meta property=\"og:locale\" content=\"tr_TR\" \/>\n<meta property=\"og:type\" content=\"article\" \/>\n<meta property=\"og:title\" content=\"22ct Gold Rosette Wave Design Bangle | PureJewels London\" \/>\n<meta property=\"og:description\" content=\"Discover the 22ct Gold Rosette Wave Design Bangle, crafted with intricate floral detailing and a sculpted wave form. A timeless blend of heritage artistry and modern elegance.\" \/>\n<meta property=\"og:url\" content=\"https:\/\/www.purejewels.com\/tr\/urun\/22-ayar-gundogumu-altin-rozet-dalga-tasarimli-bileklik-50815\/\" \/>\n<meta property=\"og:site_name\" content=\"PureJewels UK\" \/>\n<meta property=\"article:modified_time\" content=\"2026-05-05T12:59:57+00:00\" \/>\n<meta property=\"og:image\" content=\"https:\/\/static.purejewels.com\/wp-content\/uploads\/2026\/05\/sgbnkdrs034s8.jpg\" \/>\n\t<meta property=\"og:image:width\" content=\"1000\" \/>\n\t<meta property=\"og:image:height\" content=\"1000\" \/>\n\t<meta property=\"og:image:type\" content=\"image\/jpeg\" \/>\n<meta name=\"twitter:card\" content=\"summary_large_image\" \/>\n<meta name=\"twitter:label1\" content=\"Tahmini okuma s\u00fcresi\" \/>\n\t<meta name=\"twitter:data1\" content=\"2 dakika\" \/>\n<script type=\"application\/ld+json\" class=\"yoast-schema-graph\">{\"@context\":\"https:\\\/\\\/schema.org\",\"@graph\":[{\"@type\":[\"WebPage\",\"ItemPage\"],\"@id\":\"https:\\\/\\\/www.purejewels.com\\\/product\\\/22ct-sunrise-gold-rosette-wave-design-bangle-50815\\\/\",\"url\":\"https:\\\/\\\/www.purejewels.com\\\/product\\\/22ct-sunrise-gold-rosette-wave-design-bangle-50815\\\/\",\"name\":\"22ct Gold Rosette Wave Design Bangle | PureJewels London\",\"isPartOf\":{\"@id\":\"https:\\\/\\\/www.purejewels.com\\\/#website\"},\"primaryImageOfPage\":{\"@id\":\"https:\\\/\\\/www.purejewels.com\\\/product\\\/22ct-sunrise-gold-rosette-wave-design-bangle-50815\\\/#primaryimage\"},\"image\":{\"@id\":\"https:\\\/\\\/www.purejewels.com\\\/product\\\/22ct-sunrise-gold-rosette-wave-design-bangle-50815\\\/#primaryimage\"},\"thumbnailUrl\":\"https:\\\/\\\/static.purejewels.com\\\/wp-content\\\/uploads\\\/2026\\\/05\\\/sgbnkdrs034s8.jpg\",\"datePublished\":\"2026-02-04T09:45:04+00:00\",\"dateModified\":\"2026-05-05T12:59:57+00:00\",\"description\":\"Discover the 22ct Gold Rosette Wave Design Bangle, crafted with intricate floral detailing and a sculpted wave form. A timeless blend of heritage artistry and modern elegance.\",\"breadcrumb\":{\"@id\":\"https:\\\/\\\/www.purejewels.com\\\/product\\\/22ct-sunrise-gold-rosette-wave-design-bangle-50815\\\/#breadcrumb\"},\"inLanguage\":\"tr\",\"potentialAction\":[{\"@type\":\"ReadAction\",\"target\":[\"https:\\\/\\\/www.purejewels.com\\\/product\\\/22ct-sunrise-gold-rosette-wave-design-bangle-50815\\\/\"]}]},{\"@type\":\"ImageObject\",\"inLanguage\":\"tr\",\"@id\":\"https:\\\/\\\/www.purejewels.com\\\/product\\\/22ct-sunrise-gold-rosette-wave-design-bangle-50815\\\/#primaryimage\",\"url\":\"https:\\\/\\\/static.purejewels.com\\\/wp-content\\\/uploads\\\/2026\\\/05\\\/sgbnkdrs034s8.jpg\",\"contentUrl\":\"https:\\\/\\\/static.purejewels.com\\\/wp-content\\\/uploads\\\/2026\\\/05\\\/sgbnkdrs034s8.jpg\",\"width\":1000,\"height\":1000,\"caption\":\"22ct Sunrise Gold Rosette Wave Design Bangle\"},{\"@type\":\"BreadcrumbList\",\"@id\":\"https:\\\/\\\/www.purejewels.com\\\/product\\\/22ct-sunrise-gold-rosette-wave-design-bangle-50815\\\/#breadcrumb\",\"itemListElement\":[{\"@type\":\"ListItem\",\"position\":1,\"name\":\"Home\",\"item\":\"https:\\\/\\\/www.purejewels.com\\\/\"},{\"@type\":\"ListItem\",\"position\":2,\"name\":\"Shop\",\"item\":\"https:\\\/\\\/www.purejewels.com\\\/shop\\\/\"},{\"@type\":\"ListItem\",\"position\":3,\"name\":\"22ct Sunrise Gold Rosette Wave Design Bangle\"}]},{\"@type\":\"WebSite\",\"@id\":\"https:\\\/\\\/www.purejewels.com\\\/#website\",\"url\":\"https:\\\/\\\/www.purejewels.com\\\/\",\"name\":\"PureJewels UK\",\"description\":\"Share the Love\",\"publisher\":{\"@id\":\"https:\\\/\\\/www.purejewels.com\\\/#organization\"},\"potentialAction\":[{\"@type\":\"SearchAction\",\"target\":{\"@type\":\"EntryPoint\",\"urlTemplate\":\"https:\\\/\\\/www.purejewels.com\\\/?s={search_term_string}\"},\"query-input\":{\"@type\":\"PropertyValueSpecification\",\"valueRequired\":true,\"valueName\":\"search_term_string\"}}],\"inLanguage\":\"tr\"},{\"@type\":\"Organization\",\"@id\":\"https:\\\/\\\/www.purejewels.com\\\/#organization\",\"name\":\"PureJewels UK\",\"url\":\"https:\\\/\\\/www.purejewels.com\\\/\",\"logo\":{\"@type\":\"ImageObject\",\"inLanguage\":\"tr\",\"@id\":\"https:\\\/\\\/www.purejewels.com\\\/#\\\/schema\\\/logo\\\/image\\\/\",\"url\":\"https:\\\/\\\/static.purejewels.com\\\/wp-content\\\/uploads\\\/2020\\\/11\\\/Logo-PJ-New-1.png\",\"contentUrl\":\"https:\\\/\\\/static.purejewels.com\\\/wp-content\\\/uploads\\\/2020\\\/11\\\/Logo-PJ-New-1.png\",\"width\":150,\"height\":80,\"caption\":\"PureJewels UK\"},\"image\":{\"@id\":\"https:\\\/\\\/www.purejewels.com\\\/#\\\/schema\\\/logo\\\/image\\\/\"}}]}<\/script>\n<!-- \/ Yoast SEO plugin. -->","yoast_head_json":{"title":"22 Ayar Alt\u0131n Rozet Dalga Tasar\u0131ml\u0131 Bileklik | PureJewels London","description":"Karma\u015f\u0131k \u00e7i\u00e7ek detaylar\u0131 ve yontulmu\u015f dalga formuyla haz\u0131rlanm\u0131\u015f 22 Ayar Alt\u0131n Rozet Dalga Tasar\u0131ml\u0131 Bilekli\u011fi ke\u015ffedin. Miras sanat\u0131n\u0131n ve modern zarafetin zamans\u0131z bir kar\u0131\u015f\u0131m\u0131.","robots":{"index":"index","follow":"follow","max-snippet":"max-snippet:-1","max-image-preview":"max-image-preview:large","max-video-preview":"max-video-preview:-1"},"canonical":"https:\/\/www.purejewels.com\/tr\/urun\/22-ayar-gundogumu-altin-rozet-dalga-tasarimli-bileklik-50815\/","og_locale":"tr_TR","og_type":"article","og_title":"22ct Gold Rosette Wave Design Bangle | PureJewels London","og_description":"Discover the 22ct Gold Rosette Wave Design Bangle, crafted with intricate floral detailing and a sculpted wave form. A timeless blend of heritage artistry and modern elegance.","og_url":"https:\/\/www.purejewels.com\/tr\/urun\/22-ayar-gundogumu-altin-rozet-dalga-tasarimli-bileklik-50815\/","og_site_name":"PureJewels UK","article_modified_time":"2026-05-05T12:59:57+00:00","og_image":[{"width":1000,"height":1000,"url":"https:\/\/static.purejewels.com\/wp-content\/uploads\/2026\/05\/sgbnkdrs034s8.jpg","type":"image\/jpeg"}],"twitter_card":"summary_large_image","twitter_misc":{"Tahmini okuma s\u00fcresi":"2 dakika"},"schema":{"@context":"https:\/\/schema.org","@graph":[{"@type":["WebPage","ItemPage"],"@id":"https:\/\/www.purejewels.com\/product\/22ct-sunrise-gold-rosette-wave-design-bangle-50815\/","url":"https:\/\/www.purejewels.com\/product\/22ct-sunrise-gold-rosette-wave-design-bangle-50815\/","name":"22 Ayar Alt\u0131n Rozet Dalga Tasar\u0131ml\u0131 Bileklik | PureJewels London","isPartOf":{"@id":"https:\/\/www.purejewels.com\/#website"},"primaryImageOfPage":{"@id":"https:\/\/www.purejewels.com\/product\/22ct-sunrise-gold-rosette-wave-design-bangle-50815\/#primaryimage"},"image":{"@id":"https:\/\/www.purejewels.com\/product\/22ct-sunrise-gold-rosette-wave-design-bangle-50815\/#primaryimage"},"thumbnailUrl":"https:\/\/static.purejewels.com\/wp-content\/uploads\/2026\/05\/sgbnkdrs034s8.jpg","datePublished":"2026-02-04T09:45:04+00:00","dateModified":"2026-05-05T12:59:57+00:00","description":"Karma\u015f\u0131k \u00e7i\u00e7ek detaylar\u0131 ve yontulmu\u015f dalga formuyla haz\u0131rlanm\u0131\u015f 22 Ayar Alt\u0131n Rozet Dalga Tasar\u0131ml\u0131 Bilekli\u011fi ke\u015ffedin. Miras sanat\u0131n\u0131n ve modern zarafetin zamans\u0131z bir kar\u0131\u015f\u0131m\u0131.","breadcrumb":{"@id":"https:\/\/www.purejewels.com\/product\/22ct-sunrise-gold-rosette-wave-design-bangle-50815\/#breadcrumb"},"inLanguage":"tr","potentialAction":[{"@type":"ReadAction","target":["https:\/\/www.purejewels.com\/product\/22ct-sunrise-gold-rosette-wave-design-bangle-50815\/"]}]},{"@type":"ImageObject","inLanguage":"tr","@id":"https:\/\/www.purejewels.com\/product\/22ct-sunrise-gold-rosette-wave-design-bangle-50815\/#primaryimage","url":"https:\/\/static.purejewels.com\/wp-content\/uploads\/2026\/05\/sgbnkdrs034s8.jpg","contentUrl":"https:\/\/static.purejewels.com\/wp-content\/uploads\/2026\/05\/sgbnkdrs034s8.jpg","width":1000,"height":1000,"caption":"22ct Sunrise Gold Rosette Wave Design Bangle"},{"@type":"BreadcrumbList","@id":"https:\/\/www.purejewels.com\/product\/22ct-sunrise-gold-rosette-wave-design-bangle-50815\/#breadcrumb","itemListElement":[{"@type":"ListItem","position":1,"name":"Home","item":"https:\/\/www.purejewels.com\/"},{"@type":"ListItem","position":2,"name":"Shop","item":"https:\/\/www.purejewels.com\/shop\/"},{"@type":"ListItem","position":3,"name":"22ct Sunrise Gold Rosette Wave Design Bangle"}]},{"@type":"WebSite","@id":"https:\/\/www.purejewels.com\/#website","url":"https:\/\/www.purejewels.com\/","name":"PureJewels \u0130ngiltere","description":"Sevgiyi Payla\u015f\u0131n","publisher":{"@id":"https:\/\/www.purejewels.com\/#organization"},"potentialAction":[{"@type":"SearchAction","target":{"@type":"EntryPoint","urlTemplate":"https:\/\/www.purejewels.com\/?s={search_term_string}"},"query-input":{"@type":"PropertyValueSpecification","valueRequired":true,"valueName":"search_term_string"}}],"inLanguage":"tr"},{"@type":"Organization","@id":"https:\/\/www.purejewels.com\/#organization","name":"PureJewels \u0130ngiltere","url":"https:\/\/www.purejewels.com\/","logo":{"@type":"ImageObject","inLanguage":"tr","@id":"https:\/\/www.purejewels.com\/#\/schema\/logo\/image\/","url":"https:\/\/static.purejewels.com\/wp-content\/uploads\/2020\/11\/Logo-PJ-New-1.png","contentUrl":"https:\/\/static.purejewels.com\/wp-content\/uploads\/2020\/11\/Logo-PJ-New-1.png","width":150,"height":80,"caption":"PureJewels UK"},"image":{"@id":"https:\/\/www.purejewels.com\/#\/schema\/logo\/image\/"}}]}},"_links":{"self":[{"href":"https:\/\/www.purejewels.com\/tr\/wp-json\/wp\/v2\/product\/429391","targetHints":{"allow":["GET"]}}],"collection":[{"href":"https:\/\/www.purejewels.com\/tr\/wp-json\/wp\/v2\/product"}],"about":[{"href":"https:\/\/www.purejewels.com\/tr\/wp-json\/wp\/v2\/types\/product"}],"replies":[{"embeddable":true,"href":"https:\/\/www.purejewels.com\/tr\/wp-json\/wp\/v2\/comments?post=429391"}],"version-history":[{"count":1,"href":"https:\/\/www.purejewels.com\/tr\/wp-json\/wp\/v2\/product\/429391\/revisions"}],"predecessor-version":[{"id":429487,"href":"https:\/\/www.purejewels.com\/tr\/wp-json\/wp\/v2\/product\/429391\/revisions\/429487"}],"wp:featuredmedia":[{"embeddable":true,"href":"https:\/\/www.purejewels.com\/tr\/wp-json\/wp\/v2\/media\/429484"}],"wp:attachment":[{"href":"https:\/\/www.purejewels.com\/tr\/wp-json\/wp\/v2\/media?parent=429391"}],"wp:term":[{"taxonomy":"product_brand","embeddable":true,"href":"https:\/\/www.purejewels.com\/tr\/wp-json\/wp\/v2\/product_brand?post=429391"},{"taxonomy":"product_cat","embeddable":true,"href":"https:\/\/www.purejewels.com\/tr\/wp-json\/wp\/v2\/product_cat?post=429391"},{"taxonomy":"product_tag","embeddable":true,"href":"https:\/\/www.purejewels.com\/tr\/wp-json\/wp\/v2\/product_tag?post=429391"}],"curies":[{"name":"wp","href":"https:\/\/api.w.org\/{rel}","templated":true}]}}