{"id":429414,"date":"2026-03-04T13:14:29","date_gmt":"2026-03-04T13:14:29","guid":{"rendered":"https:\/\/www.purejewels.com\/?post_type=product&#038;p=429414"},"modified":"2026-05-04T13:28:52","modified_gmt":"2026-05-04T12:28:52","slug":"22-ayar-altin-klasik-gents-kada-55567","status":"publish","type":"product","link":"https:\/\/www.purejewels.com\/tr\/product\/22ct-gold-classic-gents-kada-55567\/","title":{"rendered":"22 Ayar Alt\u0131n Klasik Gents Kada"},"content":{"rendered":"<p data-start=\"213\" data-end=\"498\"><strong data-start=\"213\" data-end=\"254\">Tasar\u0131m Konsepti<\/strong><br data-start=\"254\" data-end=\"257\" \/>K\u00f6kleri gelene\u011fe dayanan ancak modern kullan\u0131c\u0131 i\u00e7in rafine edilmi\u015f bu klasik erkek kada, sadeli\u011fi en iyi \u015fekilde temsil eder. Temiz, s\u00fcss\u00fcz formu g\u00fcc\u00fc, berrakl\u0131\u011f\u0131 ve g\u00fcveni yans\u0131t\u0131r; bu da onu trendlerin \u00f6tesine ge\u00e7en anlaml\u0131 bir par\u00e7a haline getirir. Dairesel silueti s\u00fcreklili\u011fi ve dengeyi simgelerken, p\u00fcr\u00fczs\u00fcz konturlar\u0131 sessiz bir sofistikelik sunar. Amaca y\u00f6nelik minimalizmi takdir edenler i\u00e7in tasarlanan bu kada, ince ama g\u00fc\u00e7l\u00fc bir kimlik ifadesi haline geliyor.<\/p>\n<p data-start=\"739\" data-end=\"999\"><strong data-start=\"739\" data-end=\"778\">Zanaatkarl\u0131k<\/strong><br data-start=\"778\" data-end=\"781\" \/>Zengin 22 ayar alt\u0131ndan \u00fcretilen bu kada, alt\u0131n\u0131n do\u011fal s\u0131cakl\u0131\u011f\u0131n\u0131 ve \u0131\u015f\u0131lt\u0131s\u0131n\u0131 art\u0131ran y\u00fcksek cilal\u0131 bir y\u00fczeyle tamamlanm\u0131\u015ft\u0131r. Diki\u015fsiz yap\u0131s\u0131 dayan\u0131kl\u0131l\u0131k ve rahatl\u0131k sa\u011flayarak g\u00fcnl\u00fck kullan\u0131m i\u00e7in idealdir. Alt\u0131n\u0131n g\u00fczelli\u011fini en saf haliyle, dikkat da\u011f\u0131tmadan sergileyen p\u00fcr\u00fczs\u00fcz, dokunsal bir y\u00fczey elde etmek i\u00e7in her k\u0131vr\u0131m dikkatlice inceltilmi\u015ftir.<\/p>\n<p data-start=\"1142\" data-end=\"1356\"><strong data-start=\"1142\" data-end=\"1184\">Stil Fikirleri<\/strong><br data-start=\"1184\" data-end=\"1187\" \/>Bu kada her durumu tamamlamak i\u00e7in tasarlanm\u0131\u015ft\u0131r. Sade ve kendinden emin bir g\u00f6r\u00fcn\u00fcm i\u00e7in tek ba\u015f\u0131na tak\u0131n ya da daha katmanl\u0131 bir stil i\u00e7in bir saat veya ek bileziklerle e\u015fle\u015ftirin. Sade tasar\u0131m\u0131, geleneksel k\u0131yafetler ve \u00e7a\u011fda\u015f giyim i\u00e7in e\u015fit derecede uygun olmas\u0131n\u0131 sa\u011flar ve \u00f6d\u00fcn vermeden \u00e7ok y\u00f6nl\u00fcl\u00fck sunar.<\/p>","protected":false},"excerpt":{"rendered":"<p>Zamans\u0131z bir vazge\u00e7ilmez olan bu 22 Ayar Alt\u0131n Klasik Gents Kada, g\u00fc\u00e7l\u00fc bir miras duygusuyla g\u00fcnl\u00fck \u015f\u0131kl\u0131k i\u00e7in \u00fcretilmi\u015f \u015f\u0131k, cilal\u0131 bir y\u00fczeye sahiptir.<\/p>\n<p><strong>Malzeme:<\/strong>\u00a022 Ayar Alt\u0131n (91,6% Saf Alt\u0131n)<strong><br \/>\nHallmark:\u00a0<\/strong>\u0130ngiliz Damgas\u0131<strong><br \/>\n<\/strong><strong>Br\u00fct A\u011f\u0131rl\u0131k: <\/strong>29.80 Gms<br \/>\n<strong>Boyut :<\/strong> 2.11<br \/>\n<strong>Geni\u015flik:<\/strong> 5 mm<br \/>\n<strong>SKU:<\/strong> 55567<\/p>\n<p><strong>Fiyat ve Teslimat<\/strong>: KDV ve teslimat \u00fccreti dahil<br \/>\n<a href=\"https:\/\/www.purejewels.com\/tr\/i%cc%87ade-poli%cc%87ti%cc%87kasi\/\">\u0130ade Politikas\u0131<\/a><\/p>","protected":false},"featured_media":337279,"comment_status":"closed","ping_status":"closed","template":"","meta":{"_eb_attr":"","_crsspst_to_jayantr4sg-hostcom":true},"product_brand":[],"product_cat":[1571,1233,1229,5440,1572,1629,5349],"product_tag":[],"class_list":{"0":"post-429414","1":"product","2":"type-product","3":"status-publish","4":"has-post-thumbnail","6":"product_cat-fathers-day-gifts","7":"product_cat-gold-bangles","8":"product_cat-22ct-gold-jewellery","9":"product_cat-mens-bangles","10":"product_cat-mens-jewellery","11":"product_cat-mens-kada","12":"product_cat-yellow-gold-jewellery","14":"first","15":"instock","16":"taxable","17":"shipping-taxable","18":"purchasable","19":"product-type-simple","20":"add-to-wishlist-before_image"},"yoast_head":"<!-- This site is optimized with the Yoast SEO plugin v27.5 - https:\/\/yoast.com\/product\/yoast-seo-wordpress\/ -->\n<title>22ct Gold Classic Gents Kada \u2013 Plain Polished Design<\/title>\n<meta name=\"description\" content=\"Shop 22ct Gold Classic Gents Kada by PureJewels. A sleek plain gold kada with polished finish, crafted for timeless style, everyday wear, and modern elegance.\" \/>\n<meta name=\"robots\" content=\"index, follow, max-snippet:-1, max-image-preview:large, max-video-preview:-1\" \/>\n<link rel=\"canonical\" href=\"https:\/\/www.purejewels.com\/tr\/urun\/22-ayar-altin-klasik-gents-kada-55567\/\" \/>\n<meta property=\"og:locale\" content=\"tr_TR\" \/>\n<meta property=\"og:type\" content=\"article\" \/>\n<meta property=\"og:title\" content=\"22ct Gold Classic Gents Kada \u2013 Plain Polished Design\" \/>\n<meta property=\"og:description\" content=\"Shop 22ct Gold Classic Gents Kada by PureJewels. A sleek plain gold kada with polished finish, crafted for timeless style, everyday wear, and modern elegance.\" \/>\n<meta property=\"og:url\" content=\"https:\/\/www.purejewels.com\/tr\/urun\/22-ayar-altin-klasik-gents-kada-55567\/\" \/>\n<meta property=\"og:site_name\" content=\"PureJewels UK\" \/>\n<meta property=\"article:modified_time\" content=\"2026-05-04T12:28:52+00:00\" \/>\n<meta property=\"og:image\" content=\"https:\/\/static.purejewels.com\/wp-content\/uploads\/2022\/05\/42483-1.jpg\" \/>\n\t<meta property=\"og:image:width\" content=\"1000\" \/>\n\t<meta property=\"og:image:height\" content=\"1000\" \/>\n\t<meta property=\"og:image:type\" content=\"image\/jpeg\" \/>\n<meta name=\"twitter:card\" content=\"summary_large_image\" \/>\n<meta name=\"twitter:label1\" content=\"Tahmini okuma s\u00fcresi\" \/>\n\t<meta name=\"twitter:data1\" content=\"1 dakika\" \/>\n<script type=\"application\/ld+json\" class=\"yoast-schema-graph\">{\"@context\":\"https:\\\/\\\/schema.org\",\"@graph\":[{\"@type\":[\"WebPage\",\"ItemPage\"],\"@id\":\"https:\\\/\\\/www.purejewels.com\\\/product\\\/22ct-gold-classic-gents-kada-55567\\\/\",\"url\":\"https:\\\/\\\/www.purejewels.com\\\/product\\\/22ct-gold-classic-gents-kada-55567\\\/\",\"name\":\"22ct Gold Classic Gents Kada \u2013 Plain Polished Design\",\"isPartOf\":{\"@id\":\"https:\\\/\\\/www.purejewels.com\\\/#website\"},\"primaryImageOfPage\":{\"@id\":\"https:\\\/\\\/www.purejewels.com\\\/product\\\/22ct-gold-classic-gents-kada-55567\\\/#primaryimage\"},\"image\":{\"@id\":\"https:\\\/\\\/www.purejewels.com\\\/product\\\/22ct-gold-classic-gents-kada-55567\\\/#primaryimage\"},\"thumbnailUrl\":\"https:\\\/\\\/static.purejewels.com\\\/wp-content\\\/uploads\\\/2022\\\/05\\\/42483-1.jpg\",\"datePublished\":\"2026-03-04T13:14:29+00:00\",\"dateModified\":\"2026-05-04T12:28:52+00:00\",\"description\":\"Shop 22ct Gold Classic Gents Kada by PureJewels. A sleek plain gold kada with polished finish, crafted for timeless style, everyday wear, and modern elegance.\",\"breadcrumb\":{\"@id\":\"https:\\\/\\\/www.purejewels.com\\\/product\\\/22ct-gold-classic-gents-kada-55567\\\/#breadcrumb\"},\"inLanguage\":\"tr\",\"potentialAction\":[{\"@type\":\"ReadAction\",\"target\":[\"https:\\\/\\\/www.purejewels.com\\\/product\\\/22ct-gold-classic-gents-kada-55567\\\/\"]}]},{\"@type\":\"ImageObject\",\"inLanguage\":\"tr\",\"@id\":\"https:\\\/\\\/www.purejewels.com\\\/product\\\/22ct-gold-classic-gents-kada-55567\\\/#primaryimage\",\"url\":\"https:\\\/\\\/static.purejewels.com\\\/wp-content\\\/uploads\\\/2022\\\/05\\\/42483-1.jpg\",\"contentUrl\":\"https:\\\/\\\/static.purejewels.com\\\/wp-content\\\/uploads\\\/2022\\\/05\\\/42483-1.jpg\",\"width\":1000,\"height\":1000},{\"@type\":\"BreadcrumbList\",\"@id\":\"https:\\\/\\\/www.purejewels.com\\\/product\\\/22ct-gold-classic-gents-kada-55567\\\/#breadcrumb\",\"itemListElement\":[{\"@type\":\"ListItem\",\"position\":1,\"name\":\"Home\",\"item\":\"https:\\\/\\\/www.purejewels.com\\\/\"},{\"@type\":\"ListItem\",\"position\":2,\"name\":\"Shop\",\"item\":\"https:\\\/\\\/www.purejewels.com\\\/shop\\\/\"},{\"@type\":\"ListItem\",\"position\":3,\"name\":\"22ct Gold Classic Gents Kada\"}]},{\"@type\":\"WebSite\",\"@id\":\"https:\\\/\\\/www.purejewels.com\\\/#website\",\"url\":\"https:\\\/\\\/www.purejewels.com\\\/\",\"name\":\"PureJewels UK\",\"description\":\"Share the Love\",\"publisher\":{\"@id\":\"https:\\\/\\\/www.purejewels.com\\\/#organization\"},\"potentialAction\":[{\"@type\":\"SearchAction\",\"target\":{\"@type\":\"EntryPoint\",\"urlTemplate\":\"https:\\\/\\\/www.purejewels.com\\\/?s={search_term_string}\"},\"query-input\":{\"@type\":\"PropertyValueSpecification\",\"valueRequired\":true,\"valueName\":\"search_term_string\"}}],\"inLanguage\":\"tr\"},{\"@type\":\"Organization\",\"@id\":\"https:\\\/\\\/www.purejewels.com\\\/#organization\",\"name\":\"PureJewels UK\",\"url\":\"https:\\\/\\\/www.purejewels.com\\\/\",\"logo\":{\"@type\":\"ImageObject\",\"inLanguage\":\"tr\",\"@id\":\"https:\\\/\\\/www.purejewels.com\\\/#\\\/schema\\\/logo\\\/image\\\/\",\"url\":\"https:\\\/\\\/static.purejewels.com\\\/wp-content\\\/uploads\\\/2020\\\/11\\\/Logo-PJ-New-1.png\",\"contentUrl\":\"https:\\\/\\\/static.purejewels.com\\\/wp-content\\\/uploads\\\/2020\\\/11\\\/Logo-PJ-New-1.png\",\"width\":150,\"height\":80,\"caption\":\"PureJewels UK\"},\"image\":{\"@id\":\"https:\\\/\\\/www.purejewels.com\\\/#\\\/schema\\\/logo\\\/image\\\/\"}}]}<\/script>\n<!-- \/ Yoast SEO plugin. -->","yoast_head_json":{"title":"22 Ayar Alt\u0131n Klasik Gents Kada - D\u00fcz Cilal\u0131 Tasar\u0131m","description":"PureJewels'ten 22 Ayar Alt\u0131n Klasik Gents Kada sat\u0131n al\u0131n. Zamans\u0131z stil, g\u00fcnl\u00fck kullan\u0131m ve modern zarafet i\u00e7in haz\u0131rlanm\u0131\u015f, cilal\u0131 kaplamal\u0131 \u015f\u0131k d\u00fcz alt\u0131n kada.","robots":{"index":"index","follow":"follow","max-snippet":"max-snippet:-1","max-image-preview":"max-image-preview:large","max-video-preview":"max-video-preview:-1"},"canonical":"https:\/\/www.purejewels.com\/tr\/urun\/22-ayar-altin-klasik-gents-kada-55567\/","og_locale":"tr_TR","og_type":"article","og_title":"22ct Gold Classic Gents Kada \u2013 Plain Polished Design","og_description":"Shop 22ct Gold Classic Gents Kada by PureJewels. A sleek plain gold kada with polished finish, crafted for timeless style, everyday wear, and modern elegance.","og_url":"https:\/\/www.purejewels.com\/tr\/urun\/22-ayar-altin-klasik-gents-kada-55567\/","og_site_name":"PureJewels UK","article_modified_time":"2026-05-04T12:28:52+00:00","og_image":[{"width":1000,"height":1000,"url":"https:\/\/static.purejewels.com\/wp-content\/uploads\/2022\/05\/42483-1.jpg","type":"image\/jpeg"}],"twitter_card":"summary_large_image","twitter_misc":{"Tahmini okuma s\u00fcresi":"1 dakika"},"schema":{"@context":"https:\/\/schema.org","@graph":[{"@type":["WebPage","ItemPage"],"@id":"https:\/\/www.purejewels.com\/product\/22ct-gold-classic-gents-kada-55567\/","url":"https:\/\/www.purejewels.com\/product\/22ct-gold-classic-gents-kada-55567\/","name":"22 Ayar Alt\u0131n Klasik Gents Kada - D\u00fcz Cilal\u0131 Tasar\u0131m","isPartOf":{"@id":"https:\/\/www.purejewels.com\/#website"},"primaryImageOfPage":{"@id":"https:\/\/www.purejewels.com\/product\/22ct-gold-classic-gents-kada-55567\/#primaryimage"},"image":{"@id":"https:\/\/www.purejewels.com\/product\/22ct-gold-classic-gents-kada-55567\/#primaryimage"},"thumbnailUrl":"https:\/\/static.purejewels.com\/wp-content\/uploads\/2022\/05\/42483-1.jpg","datePublished":"2026-03-04T13:14:29+00:00","dateModified":"2026-05-04T12:28:52+00:00","description":"PureJewels'ten 22 Ayar Alt\u0131n Klasik Gents Kada sat\u0131n al\u0131n. Zamans\u0131z stil, g\u00fcnl\u00fck kullan\u0131m ve modern zarafet i\u00e7in haz\u0131rlanm\u0131\u015f, cilal\u0131 kaplamal\u0131 \u015f\u0131k d\u00fcz alt\u0131n kada.","breadcrumb":{"@id":"https:\/\/www.purejewels.com\/product\/22ct-gold-classic-gents-kada-55567\/#breadcrumb"},"inLanguage":"tr","potentialAction":[{"@type":"ReadAction","target":["https:\/\/www.purejewels.com\/product\/22ct-gold-classic-gents-kada-55567\/"]}]},{"@type":"ImageObject","inLanguage":"tr","@id":"https:\/\/www.purejewels.com\/product\/22ct-gold-classic-gents-kada-55567\/#primaryimage","url":"https:\/\/static.purejewels.com\/wp-content\/uploads\/2022\/05\/42483-1.jpg","contentUrl":"https:\/\/static.purejewels.com\/wp-content\/uploads\/2022\/05\/42483-1.jpg","width":1000,"height":1000},{"@type":"BreadcrumbList","@id":"https:\/\/www.purejewels.com\/product\/22ct-gold-classic-gents-kada-55567\/#breadcrumb","itemListElement":[{"@type":"ListItem","position":1,"name":"Home","item":"https:\/\/www.purejewels.com\/"},{"@type":"ListItem","position":2,"name":"Shop","item":"https:\/\/www.purejewels.com\/shop\/"},{"@type":"ListItem","position":3,"name":"22ct Gold Classic Gents Kada"}]},{"@type":"WebSite","@id":"https:\/\/www.purejewels.com\/#website","url":"https:\/\/www.purejewels.com\/","name":"PureJewels \u0130ngiltere","description":"Sevgiyi Payla\u015f\u0131n","publisher":{"@id":"https:\/\/www.purejewels.com\/#organization"},"potentialAction":[{"@type":"SearchAction","target":{"@type":"EntryPoint","urlTemplate":"https:\/\/www.purejewels.com\/?s={search_term_string}"},"query-input":{"@type":"PropertyValueSpecification","valueRequired":true,"valueName":"search_term_string"}}],"inLanguage":"tr"},{"@type":"Organization","@id":"https:\/\/www.purejewels.com\/#organization","name":"PureJewels \u0130ngiltere","url":"https:\/\/www.purejewels.com\/","logo":{"@type":"ImageObject","inLanguage":"tr","@id":"https:\/\/www.purejewels.com\/#\/schema\/logo\/image\/","url":"https:\/\/static.purejewels.com\/wp-content\/uploads\/2020\/11\/Logo-PJ-New-1.png","contentUrl":"https:\/\/static.purejewels.com\/wp-content\/uploads\/2020\/11\/Logo-PJ-New-1.png","width":150,"height":80,"caption":"PureJewels UK"},"image":{"@id":"https:\/\/www.purejewels.com\/#\/schema\/logo\/image\/"}}]}},"_links":{"self":[{"href":"https:\/\/www.purejewels.com\/tr\/wp-json\/wp\/v2\/product\/429414","targetHints":{"allow":["GET"]}}],"collection":[{"href":"https:\/\/www.purejewels.com\/tr\/wp-json\/wp\/v2\/product"}],"about":[{"href":"https:\/\/www.purejewels.com\/tr\/wp-json\/wp\/v2\/types\/product"}],"replies":[{"embeddable":true,"href":"https:\/\/www.purejewels.com\/tr\/wp-json\/wp\/v2\/comments?post=429414"}],"version-history":[{"count":3,"href":"https:\/\/www.purejewels.com\/tr\/wp-json\/wp\/v2\/product\/429414\/revisions"}],"predecessor-version":[{"id":429418,"href":"https:\/\/www.purejewels.com\/tr\/wp-json\/wp\/v2\/product\/429414\/revisions\/429418"}],"wp:featuredmedia":[{"embeddable":true,"href":"https:\/\/www.purejewels.com\/tr\/wp-json\/wp\/v2\/media\/337279"}],"wp:attachment":[{"href":"https:\/\/www.purejewels.com\/tr\/wp-json\/wp\/v2\/media?parent=429414"}],"wp:term":[{"taxonomy":"product_brand","embeddable":true,"href":"https:\/\/www.purejewels.com\/tr\/wp-json\/wp\/v2\/product_brand?post=429414"},{"taxonomy":"product_cat","embeddable":true,"href":"https:\/\/www.purejewels.com\/tr\/wp-json\/wp\/v2\/product_cat?post=429414"},{"taxonomy":"product_tag","embeddable":true,"href":"https:\/\/www.purejewels.com\/tr\/wp-json\/wp\/v2\/product_tag?post=429414"}],"curies":[{"name":"wp","href":"https:\/\/api.w.org\/{rel}","templated":true}]}}