{"id":429425,"date":"2026-02-05T05:35:55","date_gmt":"2026-02-05T05:35:55","guid":{"rendered":"https:\/\/www.purejewels.com\/?post_type=product&#038;p=429425"},"modified":"2026-05-05T05:52:27","modified_gmt":"2026-05-05T04:52:27","slug":"22-ayar-altin-klasik-kutu-zincir-55336","status":"publish","type":"product","link":"https:\/\/www.purejewels.com\/tr\/product\/22ct-gold-classic-box-chain-55336\/","title":{"rendered":"22 Ayar Alt\u0131n Klasik Kutu Zincir | 1mm Kal\u0131nl\u0131k"},"content":{"rendered":"<h3 data-section-id=\"bsl4k4\" data-start=\"743\" data-end=\"767\"><span role=\"text\"><strong data-start=\"747\" data-end=\"765\">Tasar\u0131m Konsepti<\/strong><\/span><\/h3>\n<p data-start=\"768\" data-end=\"993\">22 Ayar Alt\u0131n Klasik Kutu Zincir, bi\u00e7im ve i\u015flev a\u00e7\u0131s\u0131ndan safl\u0131\u011fa bir \u00f6vg\u00fcd\u00fcr. Temiz, geometrik ba\u011flant\u0131lar\u0131yla tan\u0131mlanan kutu zincir, kal\u0131c\u0131 tasar\u0131m\u0131n sessiz g\u00fcc\u00fcn\u00fc yans\u0131tan yap\u0131, denge ve s\u00fcreklili\u011fi temsil eder. 1 mm'lik silueti narin bir duru\u015f sunarken, 16 in\u00e7lik uzunlu\u011fu boyun \u00e7izgisi boyunca zarif bir \u015fekilde oturarak onu samimi ve \u00e7ok y\u00f6nl\u00fc bir par\u00e7a haline getirir. Rekabet etmek yerine tamamlamak \u00fczere tasarlanan bu par\u00e7a, kullan\u0131c\u0131n\u0131n hikayesinin ince bir uzant\u0131s\u0131, rafine bir zevkin g\u00fcnl\u00fck imzas\u0131 haline geliyor.<\/p>\n<h3 data-section-id=\"4dnwuv\" data-start=\"1288\" data-end=\"1311\"><span role=\"text\"><strong data-start=\"1292\" data-end=\"1309\">Zanaatkarl\u0131k<\/strong><\/span><\/h3>\n<p data-start=\"1312\" data-end=\"1564\">Zengin 22 ayar alt\u0131ndan \u00fcretilen bu zincir, PureJewels'in en y\u00fcksek safl\u0131k ve tarihi tekniklere olan ba\u011fl\u0131l\u0131\u011f\u0131n\u0131 yans\u0131tmaktad\u0131r. Her bir bakla, kusursuz bir ak\u0131\u015f olu\u015fturmak i\u00e7in titizlikle \u015fekillendirilmi\u015f ve hizalanm\u0131\u015ft\u0131r; bu da hem yap\u0131land\u0131r\u0131lm\u0131\u015f hem de ak\u0131c\u0131 bir zincir hissi verir. Kutu baklalar\u0131n hassasiyeti dayan\u0131kl\u0131l\u0131k sa\u011flarken tene kar\u015f\u0131 yumu\u015fak bir \u00f6rt\u00fc sa\u011flar. G\u00fcvenli bir toka ile tamamlanan ve Londra Assay Ofisi taraf\u0131ndan damgalanan zincir, hem \u00f6zg\u00fcnl\u00fck hem de g\u00fcvence sunar. Bu, modern hassasiyeti kucaklarken gelene\u011fi onurland\u0131ran bir i\u015f\u00e7iliktir - alt\u0131nla yolculuklar\u0131 kutlama miras\u0131m\u0131za sad\u0131kt\u0131r.<\/p>\n<h3 data-section-id=\"75uy1a\" data-start=\"1966\" data-end=\"1989\"><span role=\"text\"><strong data-start=\"1970\" data-end=\"1987\">Stil Fikirleri<\/strong><\/span><\/h3>\n<p data-start=\"1990\" data-end=\"2086\">\u00c7ok y\u00f6nl\u00fc ve zahmetsizce zarif olan bu zincir, birden fazla ifadeye g\u00fczel bir \u015fekilde uyum sa\u011flar:<\/p>\n<ul data-start=\"2088\" data-end=\"2542\">\n<li data-section-id=\"1wsgj8n\" data-start=\"2088\" data-end=\"2202\"><strong data-start=\"2090\" data-end=\"2114\">Minimalist A\u00e7\u0131klama<\/strong>: 22 ayar alt\u0131n\u0131n zenginli\u011fini vurgulayan sade ve \u00e7a\u011fda\u015f bir g\u00f6r\u00fcn\u00fcm i\u00e7in tek ba\u015f\u0131na kullan\u0131n.<\/li>\n<li data-section-id=\"v95qd6\" data-start=\"2203\" data-end=\"2305\"><strong data-start=\"2205\" data-end=\"2227\">Temel Katmanlama<\/strong>: Derinlik ve boyut yaratmak i\u00e7in farkl\u0131 dokulara sahip daha uzun zincirlerle e\u015fle\u015ftirin.<\/li>\n<li data-section-id=\"1526gqv\" data-start=\"2306\" data-end=\"2413\"><strong data-start=\"2308\" data-end=\"2327\">Kolye E\u015fle\u015ftirme<\/strong>: Hikayenizin \u00f6n plana \u00e7\u0131kmas\u0131n\u0131 sa\u011flayan anlaml\u0131 bir kolye ucu i\u00e7in idealdir.<\/li>\n<li data-section-id=\"qnqpfl\" data-start=\"2414\" data-end=\"2542\"><strong data-start=\"2416\" data-end=\"2435\">G\u00fcnl\u00fck L\u00fcks<\/strong>: 1 mm'lik hafif tasar\u0131m\u0131 sayesinde g\u00fcnl\u00fck kullan\u0131m i\u00e7in m\u00fckemmeldir ve g\u00fcnd\u00fczden ak\u015fama sorunsuzca ge\u00e7i\u015f yapar.<\/li>\n<\/ul>","protected":false},"excerpt":{"rendered":"<p>Zamans\u0131z bir vazge\u00e7ilmez olan bu 22 Ayar Alt\u0131n Klasik Kutu Zincir, zarif 1 mm profil ve 16 in\u00e7 uzunlukta hassasiyetle \u00fcretilmi\u015ftir. \u015e\u0131k ve ak\u0131c\u0131 tasar\u0131m\u0131 sade bir zarafet sunar; tek ba\u015f\u0131na tak\u0131ld\u0131\u011f\u0131nda veya en sevdi\u011finiz kolyelerinizle birlikte kullan\u0131ld\u0131\u011f\u0131nda m\u00fckemmeldir.<\/p>\n<p><strong>Malzeme<\/strong>: 22 Ayar Alt\u0131n (91,6% saf alt\u0131n)<br \/>\n<strong>Hallmark<\/strong>: \u0130ngiliz Hallmark<br \/>\n<strong>A\u011f\u0131rl\u0131k <\/strong>: 4.21<br \/>\n<b>Kal\u0131nl\u0131k<\/b>: 1mm<br \/>\n<strong>Uzunluk:<\/strong> 16 in\u00e7<br \/>\n<strong>SKU:<\/strong> 55336, 55335, 55334, 55330, 55328<\/p>\n<p><strong>Fiyat ve Teslimat:<\/strong>\u00a0KDV ve teslimat \u00fccreti dahil<br \/>\n<a href=\"https:\/\/www.purejewels.com\/tr\/i%cc%87ade-poli%cc%87ti%cc%87kasi\/\">\u0130ade Politikas\u0131<\/a><\/p>","protected":false},"featured_media":327533,"comment_status":"closed","ping_status":"closed","template":"","meta":{"_eb_attr":"","_crsspst_to_jayantr4sg-hostcom":true},"product_brand":[],"product_cat":[5013,1559,5267,1794,1793,1475,1229,1773,1575,1574],"product_tag":[3990,65,1430],"class_list":{"0":"post-429425","1":"product","2":"type-product","3":"status-publish","4":"has-post-thumbnail","6":"product_cat-16-inch-ladies-chain","7":"product_cat-birthday-gifts","8":"product_cat-box-chain","9":"product_cat-christmas-gifts","10":"product_cat-diwali-gifts","11":"product_cat-gold-chains","12":"product_cat-22ct-gold-jewellery","13":"product_cat-ladies-chains","14":"product_cat-teenage-jewellery","15":"product_cat-womens-jewellery","16":"product_tag-22-carat-gold-chain","17":"product_tag-chains","18":"product_tag-diwali-gift","20":"first","21":"instock","22":"taxable","23":"shipping-taxable","24":"purchasable","25":"product-type-simple","26":"add-to-wishlist-before_image"},"yoast_head":"<!-- This site is optimized with the Yoast SEO plugin v27.5 - https:\/\/yoast.com\/product\/yoast-seo-wordpress\/ -->\n<title>22ct Gold Classic Box Chain Necklace 1mm 16 Inch | PureJewels<\/title>\n<meta name=\"description\" content=\"Discover the elegance of a 22ct gold classic box chain necklace. Crafted in 1mm precision with a 16-inch length, perfect for everyday wear or layering. Hallmarked in London.\" \/>\n<meta name=\"robots\" content=\"index, follow, max-snippet:-1, max-image-preview:large, max-video-preview:-1\" \/>\n<link rel=\"canonical\" href=\"https:\/\/www.purejewels.com\/tr\/urun\/22-ayar-altin-klasik-kutu-zincir-55336\/\" \/>\n<meta property=\"og:locale\" content=\"tr_TR\" \/>\n<meta property=\"og:type\" content=\"article\" \/>\n<meta property=\"og:title\" content=\"22ct Gold Classic Box Chain Necklace 1mm 16 Inch | PureJewels\" \/>\n<meta property=\"og:description\" content=\"Discover the elegance of a 22ct gold classic box chain necklace. Crafted in 1mm precision with a 16-inch length, perfect for everyday wear or layering. Hallmarked in London.\" \/>\n<meta property=\"og:url\" content=\"https:\/\/www.purejewels.com\/tr\/urun\/22-ayar-altin-klasik-kutu-zincir-55336\/\" \/>\n<meta property=\"og:site_name\" content=\"PureJewels UK\" \/>\n<meta property=\"article:modified_time\" content=\"2026-05-05T04:52:27+00:00\" \/>\n<meta property=\"og:image\" content=\"https:\/\/static.purejewels.com\/wp-content\/uploads\/2021\/04\/33032-1.jpg\" \/>\n\t<meta property=\"og:image:width\" content=\"1000\" \/>\n\t<meta property=\"og:image:height\" content=\"1000\" \/>\n\t<meta property=\"og:image:type\" content=\"image\/jpeg\" \/>\n<meta name=\"twitter:card\" content=\"summary_large_image\" \/>\n<meta name=\"twitter:label1\" content=\"Tahmini okuma s\u00fcresi\" \/>\n\t<meta name=\"twitter:data1\" content=\"2 dakika\" \/>\n<script type=\"application\/ld+json\" class=\"yoast-schema-graph\">{\"@context\":\"https:\\\/\\\/schema.org\",\"@graph\":[{\"@type\":[\"WebPage\",\"ItemPage\"],\"@id\":\"https:\\\/\\\/www.purejewels.com\\\/product\\\/22ct-gold-classic-box-chain-55336\\\/\",\"url\":\"https:\\\/\\\/www.purejewels.com\\\/product\\\/22ct-gold-classic-box-chain-55336\\\/\",\"name\":\"22ct Gold Classic Box Chain Necklace 1mm 16 Inch | PureJewels\",\"isPartOf\":{\"@id\":\"https:\\\/\\\/www.purejewels.com\\\/#website\"},\"primaryImageOfPage\":{\"@id\":\"https:\\\/\\\/www.purejewels.com\\\/product\\\/22ct-gold-classic-box-chain-55336\\\/#primaryimage\"},\"image\":{\"@id\":\"https:\\\/\\\/www.purejewels.com\\\/product\\\/22ct-gold-classic-box-chain-55336\\\/#primaryimage\"},\"thumbnailUrl\":\"https:\\\/\\\/static.purejewels.com\\\/wp-content\\\/uploads\\\/2021\\\/04\\\/33032-1.jpg\",\"datePublished\":\"2026-02-05T05:35:55+00:00\",\"dateModified\":\"2026-05-05T04:52:27+00:00\",\"description\":\"Discover the elegance of a 22ct gold classic box chain necklace. Crafted in 1mm precision with a 16-inch length, perfect for everyday wear or layering. Hallmarked in London.\",\"breadcrumb\":{\"@id\":\"https:\\\/\\\/www.purejewels.com\\\/product\\\/22ct-gold-classic-box-chain-55336\\\/#breadcrumb\"},\"inLanguage\":\"tr\",\"potentialAction\":[{\"@type\":\"ReadAction\",\"target\":[\"https:\\\/\\\/www.purejewels.com\\\/product\\\/22ct-gold-classic-box-chain-55336\\\/\"]}]},{\"@type\":\"ImageObject\",\"inLanguage\":\"tr\",\"@id\":\"https:\\\/\\\/www.purejewels.com\\\/product\\\/22ct-gold-classic-box-chain-55336\\\/#primaryimage\",\"url\":\"https:\\\/\\\/static.purejewels.com\\\/wp-content\\\/uploads\\\/2021\\\/04\\\/33032-1.jpg\",\"contentUrl\":\"https:\\\/\\\/static.purejewels.com\\\/wp-content\\\/uploads\\\/2021\\\/04\\\/33032-1.jpg\",\"width\":1000,\"height\":1000,\"caption\":\"18ct Yellow Gold Box Chain | 18 Inches\"},{\"@type\":\"BreadcrumbList\",\"@id\":\"https:\\\/\\\/www.purejewels.com\\\/product\\\/22ct-gold-classic-box-chain-55336\\\/#breadcrumb\",\"itemListElement\":[{\"@type\":\"ListItem\",\"position\":1,\"name\":\"Home\",\"item\":\"https:\\\/\\\/www.purejewels.com\\\/\"},{\"@type\":\"ListItem\",\"position\":2,\"name\":\"Shop\",\"item\":\"https:\\\/\\\/www.purejewels.com\\\/shop\\\/\"},{\"@type\":\"ListItem\",\"position\":3,\"name\":\"22ct Gold Classic Box Chain | 1mm Thick\"}]},{\"@type\":\"WebSite\",\"@id\":\"https:\\\/\\\/www.purejewels.com\\\/#website\",\"url\":\"https:\\\/\\\/www.purejewels.com\\\/\",\"name\":\"PureJewels UK\",\"description\":\"Share the Love\",\"publisher\":{\"@id\":\"https:\\\/\\\/www.purejewels.com\\\/#organization\"},\"potentialAction\":[{\"@type\":\"SearchAction\",\"target\":{\"@type\":\"EntryPoint\",\"urlTemplate\":\"https:\\\/\\\/www.purejewels.com\\\/?s={search_term_string}\"},\"query-input\":{\"@type\":\"PropertyValueSpecification\",\"valueRequired\":true,\"valueName\":\"search_term_string\"}}],\"inLanguage\":\"tr\"},{\"@type\":\"Organization\",\"@id\":\"https:\\\/\\\/www.purejewels.com\\\/#organization\",\"name\":\"PureJewels UK\",\"url\":\"https:\\\/\\\/www.purejewels.com\\\/\",\"logo\":{\"@type\":\"ImageObject\",\"inLanguage\":\"tr\",\"@id\":\"https:\\\/\\\/www.purejewels.com\\\/#\\\/schema\\\/logo\\\/image\\\/\",\"url\":\"https:\\\/\\\/static.purejewels.com\\\/wp-content\\\/uploads\\\/2020\\\/11\\\/Logo-PJ-New-1.png\",\"contentUrl\":\"https:\\\/\\\/static.purejewels.com\\\/wp-content\\\/uploads\\\/2020\\\/11\\\/Logo-PJ-New-1.png\",\"width\":150,\"height\":80,\"caption\":\"PureJewels UK\"},\"image\":{\"@id\":\"https:\\\/\\\/www.purejewels.com\\\/#\\\/schema\\\/logo\\\/image\\\/\"}}]}<\/script>\n<!-- \/ Yoast SEO plugin. -->","yoast_head_json":{"title":"22 Ayar Alt\u0131n Klasik Kutu Zincir Kolye 1mm 16 \u0130n\u00e7 | PureJewels","description":"22 ayar alt\u0131n klasik kutu zincir kolyenin zarafetini ke\u015ffedin. G\u00fcnl\u00fck kullan\u0131m veya kat kat takmak i\u00e7in m\u00fckemmel olan 16 in\u00e7 uzunlu\u011funda 1 mm hassasiyetle \u00fcretilmi\u015ftir. Londra'da damgalanm\u0131\u015ft\u0131r.","robots":{"index":"index","follow":"follow","max-snippet":"max-snippet:-1","max-image-preview":"max-image-preview:large","max-video-preview":"max-video-preview:-1"},"canonical":"https:\/\/www.purejewels.com\/tr\/urun\/22-ayar-altin-klasik-kutu-zincir-55336\/","og_locale":"tr_TR","og_type":"article","og_title":"22ct Gold Classic Box Chain Necklace 1mm 16 Inch | PureJewels","og_description":"Discover the elegance of a 22ct gold classic box chain necklace. Crafted in 1mm precision with a 16-inch length, perfect for everyday wear or layering. Hallmarked in London.","og_url":"https:\/\/www.purejewels.com\/tr\/urun\/22-ayar-altin-klasik-kutu-zincir-55336\/","og_site_name":"PureJewels UK","article_modified_time":"2026-05-05T04:52:27+00:00","og_image":[{"width":1000,"height":1000,"url":"https:\/\/static.purejewels.com\/wp-content\/uploads\/2021\/04\/33032-1.jpg","type":"image\/jpeg"}],"twitter_card":"summary_large_image","twitter_misc":{"Tahmini okuma s\u00fcresi":"2 dakika"},"schema":{"@context":"https:\/\/schema.org","@graph":[{"@type":["WebPage","ItemPage"],"@id":"https:\/\/www.purejewels.com\/product\/22ct-gold-classic-box-chain-55336\/","url":"https:\/\/www.purejewels.com\/product\/22ct-gold-classic-box-chain-55336\/","name":"22 Ayar Alt\u0131n Klasik Kutu Zincir Kolye 1mm 16 \u0130n\u00e7 | PureJewels","isPartOf":{"@id":"https:\/\/www.purejewels.com\/#website"},"primaryImageOfPage":{"@id":"https:\/\/www.purejewels.com\/product\/22ct-gold-classic-box-chain-55336\/#primaryimage"},"image":{"@id":"https:\/\/www.purejewels.com\/product\/22ct-gold-classic-box-chain-55336\/#primaryimage"},"thumbnailUrl":"https:\/\/static.purejewels.com\/wp-content\/uploads\/2021\/04\/33032-1.jpg","datePublished":"2026-02-05T05:35:55+00:00","dateModified":"2026-05-05T04:52:27+00:00","description":"22 ayar alt\u0131n klasik kutu zincir kolyenin zarafetini ke\u015ffedin. G\u00fcnl\u00fck kullan\u0131m veya kat kat takmak i\u00e7in m\u00fckemmel olan 16 in\u00e7 uzunlu\u011funda 1 mm hassasiyetle \u00fcretilmi\u015ftir. Londra'da damgalanm\u0131\u015ft\u0131r.","breadcrumb":{"@id":"https:\/\/www.purejewels.com\/product\/22ct-gold-classic-box-chain-55336\/#breadcrumb"},"inLanguage":"tr","potentialAction":[{"@type":"ReadAction","target":["https:\/\/www.purejewels.com\/product\/22ct-gold-classic-box-chain-55336\/"]}]},{"@type":"ImageObject","inLanguage":"tr","@id":"https:\/\/www.purejewels.com\/product\/22ct-gold-classic-box-chain-55336\/#primaryimage","url":"https:\/\/static.purejewels.com\/wp-content\/uploads\/2021\/04\/33032-1.jpg","contentUrl":"https:\/\/static.purejewels.com\/wp-content\/uploads\/2021\/04\/33032-1.jpg","width":1000,"height":1000,"caption":"18ct Yellow Gold Box Chain | 18 Inches"},{"@type":"BreadcrumbList","@id":"https:\/\/www.purejewels.com\/product\/22ct-gold-classic-box-chain-55336\/#breadcrumb","itemListElement":[{"@type":"ListItem","position":1,"name":"Home","item":"https:\/\/www.purejewels.com\/"},{"@type":"ListItem","position":2,"name":"Shop","item":"https:\/\/www.purejewels.com\/shop\/"},{"@type":"ListItem","position":3,"name":"22ct Gold Classic Box Chain | 1mm Thick"}]},{"@type":"WebSite","@id":"https:\/\/www.purejewels.com\/#website","url":"https:\/\/www.purejewels.com\/","name":"PureJewels \u0130ngiltere","description":"Sevgiyi Payla\u015f\u0131n","publisher":{"@id":"https:\/\/www.purejewels.com\/#organization"},"potentialAction":[{"@type":"SearchAction","target":{"@type":"EntryPoint","urlTemplate":"https:\/\/www.purejewels.com\/?s={search_term_string}"},"query-input":{"@type":"PropertyValueSpecification","valueRequired":true,"valueName":"search_term_string"}}],"inLanguage":"tr"},{"@type":"Organization","@id":"https:\/\/www.purejewels.com\/#organization","name":"PureJewels \u0130ngiltere","url":"https:\/\/www.purejewels.com\/","logo":{"@type":"ImageObject","inLanguage":"tr","@id":"https:\/\/www.purejewels.com\/#\/schema\/logo\/image\/","url":"https:\/\/static.purejewels.com\/wp-content\/uploads\/2020\/11\/Logo-PJ-New-1.png","contentUrl":"https:\/\/static.purejewels.com\/wp-content\/uploads\/2020\/11\/Logo-PJ-New-1.png","width":150,"height":80,"caption":"PureJewels UK"},"image":{"@id":"https:\/\/www.purejewels.com\/#\/schema\/logo\/image\/"}}]}},"_links":{"self":[{"href":"https:\/\/www.purejewels.com\/tr\/wp-json\/wp\/v2\/product\/429425","targetHints":{"allow":["GET"]}}],"collection":[{"href":"https:\/\/www.purejewels.com\/tr\/wp-json\/wp\/v2\/product"}],"about":[{"href":"https:\/\/www.purejewels.com\/tr\/wp-json\/wp\/v2\/types\/product"}],"replies":[{"embeddable":true,"href":"https:\/\/www.purejewels.com\/tr\/wp-json\/wp\/v2\/comments?post=429425"}],"version-history":[{"count":1,"href":"https:\/\/www.purejewels.com\/tr\/wp-json\/wp\/v2\/product\/429425\/revisions"}],"predecessor-version":[{"id":429428,"href":"https:\/\/www.purejewels.com\/tr\/wp-json\/wp\/v2\/product\/429425\/revisions\/429428"}],"wp:featuredmedia":[{"embeddable":true,"href":"https:\/\/www.purejewels.com\/tr\/wp-json\/wp\/v2\/media\/327533"}],"wp:attachment":[{"href":"https:\/\/www.purejewels.com\/tr\/wp-json\/wp\/v2\/media?parent=429425"}],"wp:term":[{"taxonomy":"product_brand","embeddable":true,"href":"https:\/\/www.purejewels.com\/tr\/wp-json\/wp\/v2\/product_brand?post=429425"},{"taxonomy":"product_cat","embeddable":true,"href":"https:\/\/www.purejewels.com\/tr\/wp-json\/wp\/v2\/product_cat?post=429425"},{"taxonomy":"product_tag","embeddable":true,"href":"https:\/\/www.purejewels.com\/tr\/wp-json\/wp\/v2\/product_tag?post=429425"}],"curies":[{"name":"wp","href":"https:\/\/api.w.org\/{rel}","templated":true}]}}