{"id":429465,"date":"2026-03-05T12:55:48","date_gmt":"2026-03-05T12:55:48","guid":{"rendered":"https:\/\/www.purejewels.com\/?post_type=product&#038;p=429465"},"modified":"2026-05-05T13:07:28","modified_gmt":"2026-05-05T12:07:28","slug":"22-ayar-gundogumu-altin-rozet-kafes-poncha-51935","status":"publish","type":"product","link":"https:\/\/www.purejewels.com\/tr\/product\/22ct-sunrise-gold-rosette-lattice-poncha-51935\/","title":{"rendered":"22 Ayar G\u00fcndo\u011fumu Alt\u0131n Rozet Kafes Ponka"},"content":{"rendered":"<p data-start=\"666\" data-end=\"1075\"><strong data-start=\"666\" data-end=\"684\">Tasar\u0131m Konsepti<\/strong><br data-start=\"684\" data-end=\"687\" \/>\u00c7i\u00e7ek a\u00e7an rozetlerin g\u00fczelli\u011finden ve geleneksel jaal sanat\u0131ndan ilham alan bu poncha, karma\u015f\u0131k formun ve kad\u0131ns\u0131 zarafetin bir kutlamas\u0131d\u0131r. Kafes d\u00fczenlemesi, bilezi\u011fi y\u00fcz\u00fc\u011fe ak\u0131c\u0131 bir siluetle ba\u011flayarak el boyunca nazik\u00e7e \u00f6rt\u00fclen narin, a\u011f benzeri bir yap\u0131 olu\u015fturur. Her bir rozet motifi b\u00fcy\u00fcme ve uyumu sembolize ederek par\u00e7aya \u015fiirsel ve zamans\u0131z bir \u00e7ekicilik kat\u0131yor.<\/p>\n<p data-start=\"1077\" data-end=\"1534\"><strong data-start=\"1077\" data-end=\"1094\">Zanaatkarl\u0131k<\/strong><br data-start=\"1094\" data-end=\"1097\" \/>Zengin 22 ayar Sunrise Alt\u0131ndan \u00fcretilen bu poncha, detaylara g\u00f6sterilen ola\u011fan\u00fcst\u00fc \u00f6zeni yans\u0131tmaktad\u0131r. Her bir rozet eleman\u0131, derinli\u011fi ve \u0131\u015f\u0131k yans\u0131mas\u0131n\u0131 art\u0131ran yumu\u015fak dokularla ince bir \u015fekilde yontulmu\u015ftur. Ba\u011flant\u0131lar, esneklik ve rahatl\u0131k sa\u011flamak i\u00e7in titizlikle bir araya getirilmi\u015ftir ve par\u00e7an\u0131n el ile do\u011fal bir \u015fekilde hareket etmesini sa\u011flar. Zincir, kafes ve halka aras\u0131ndaki kusursuz ge\u00e7i\u015fler, yetenekli kuyumcular\u0131n hassasiyetini ve sanat\u0131n\u0131 vurgular.<\/p>\n<p data-start=\"1536\" data-end=\"1660\"><strong data-start=\"1536\" data-end=\"1553\">Stil Fikirleri<\/strong><br data-start=\"1553\" data-end=\"1556\" \/>Bu ponka, hem kutlama hem de \u00e7a\u011fda\u015f stil i\u00e7in m\u00fckemmel olan rafine bir zarafetin ifadesidir.<\/p>\n<ul data-start=\"1661\" data-end=\"2006\">\n<li data-section-id=\"1mfybqo\" data-start=\"1661\" data-end=\"1771\">E\u015fle\u015fen Sunrise Gold bileklikler veya rozetli tak\u0131larla e\u015fle\u015ftirerek uyumlu, mirastan ilham alan bir g\u00f6r\u00fcn\u00fcm elde edin.<\/li>\n<li data-section-id=\"16rtvw9\" data-start=\"1772\" data-end=\"1872\">Karma\u015f\u0131k detaylar\u0131n\u0131 vurgulamak i\u00e7in minimal k\u0131yafetlere kar\u015f\u0131 odak par\u00e7as\u0131 olarak tek ba\u015f\u0131na durmas\u0131na izin verin.<\/li>\n<li data-section-id=\"xcsnl6\" data-start=\"1873\" data-end=\"2006\">D\u00fc\u011f\u00fcnler, bayramlar veya anlaml\u0131 hediyeler i\u00e7in ideal olan bu \u00fcr\u00fcn, hem geleneksel hem de modern tak\u0131mlara zarif bir hava katar.<\/li>\n<\/ul>","protected":false},"excerpt":{"rendered":"<p>Gelenek ve zarafetin zarif bir ifadesi olan 22 ayar Sunrise Alt\u0131n Rozet Kafes Ponka, zarif bir el ko\u015fum tasar\u0131m\u0131na dokunmu\u015f narin \u00e7i\u00e7ek motiflerine sahiptir.<\/p>\n<p><strong>Malzeme:<\/strong> 22 Ayar G\u00fcndo\u011fumu Alt\u0131n\u0131 (91,6% saf alt\u0131n)<br \/>\n<strong>Hallmark:\u00a0<\/strong>\u0130ngiliz Damgas\u0131<strong><br \/>\n<\/strong><strong>A\u011f\u0131rl\u0131k: <\/strong>12.17 Gms<br \/>\n<strong>SKU: <\/strong>51935<br \/>\n<strong>Uzunluk:<\/strong> 7 in\u00e7<\/p>\n<p><strong>Fiyat ve Teslimat:\u00a0<\/strong>KDV ve teslimat \u00fccretleri dahil<strong><br \/>\n<a href=\"https:\/\/www.purejewels.com\/tr\/i%cc%87ade-poli%cc%87ti%cc%87kasi\/\">\u0130ade Politikas\u0131<\/a><\/strong><\/p>\n<p>&nbsp;<\/p>","protected":false},"featured_media":429466,"comment_status":"closed","ping_status":"closed","template":"","meta":{"_eb_attr":"","_crsspst_to_jayantr4sg-hostcom":false},"product_brand":[],"product_cat":[6009,1793,5701,1229,1718,5371,5656,1656,6081,1573,1574],"product_tag":[6160,6161],"class_list":{"0":"post-429465","1":"product","2":"type-product","3":"status-publish","4":"has-post-thumbnail","6":"product_cat-bracelet-poncha","7":"product_cat-diwali-gifts","8":"product_cat-eid-jewellery","9":"product_cat-22ct-gold-jewellery","10":"product_cat-ladies-poncha","11":"product_cat-jewellery-for-hands","12":"product_cat-rosette-poncha","13":"product_cat-rosettes-collections","14":"product_cat-sunrise-gold","15":"product_cat-wedding-gifts","16":"product_cat-womens-jewellery","17":"product_tag-22ct-poncha","18":"product_tag-gold-poncha","20":"first","21":"instock","22":"taxable","23":"shipping-taxable","24":"purchasable","25":"product-type-simple","26":"add-to-wishlist-before_image"},"yoast_head":"<!-- This site is optimized with the Yoast SEO plugin v27.5 - https:\/\/yoast.com\/product\/yoast-seo-wordpress\/ -->\n<title>22ct Sunrise Gold Rosette Lattice Poncha | PureJewels London<\/title>\n<meta name=\"description\" content=\"Discover the elegance of the 22ct Sunrise Gold Rosette Lattice Poncha. Crafted with intricate floral lattice detailing. Free delivery across UK.\" \/>\n<meta name=\"robots\" content=\"index, follow, max-snippet:-1, max-image-preview:large, max-video-preview:-1\" \/>\n<link rel=\"canonical\" href=\"https:\/\/www.purejewels.com\/tr\/urun\/22-ayar-gundogumu-altin-rozet-kafes-poncha-51935\/\" \/>\n<meta property=\"og:locale\" content=\"tr_TR\" \/>\n<meta property=\"og:type\" content=\"article\" \/>\n<meta property=\"og:title\" content=\"22ct Sunrise Gold Rosette Lattice Poncha | PureJewels London\" \/>\n<meta property=\"og:description\" content=\"Discover the elegance of the 22ct Sunrise Gold Rosette Lattice Poncha. Crafted with intricate floral lattice detailing. Free delivery across UK.\" \/>\n<meta property=\"og:url\" content=\"https:\/\/www.purejewels.com\/tr\/urun\/22-ayar-gundogumu-altin-rozet-kafes-poncha-51935\/\" \/>\n<meta property=\"og:site_name\" content=\"PureJewels UK\" \/>\n<meta property=\"article:modified_time\" content=\"2026-05-05T12:07:28+00:00\" \/>\n<meta property=\"og:image\" content=\"https:\/\/static.purejewels.com\/wp-content\/uploads\/2026\/05\/SGPOHPRS014L7060-1.jpg\" \/>\n\t<meta property=\"og:image:width\" content=\"1000\" \/>\n\t<meta property=\"og:image:height\" content=\"1000\" \/>\n\t<meta property=\"og:image:type\" content=\"image\/jpeg\" \/>\n<meta name=\"twitter:card\" content=\"summary_large_image\" \/>\n<meta name=\"twitter:label1\" content=\"Tahmini okuma s\u00fcresi\" \/>\n\t<meta name=\"twitter:data1\" content=\"2 dakika\" \/>\n<script type=\"application\/ld+json\" class=\"yoast-schema-graph\">{\"@context\":\"https:\\\/\\\/schema.org\",\"@graph\":[{\"@type\":[\"WebPage\",\"ItemPage\"],\"@id\":\"https:\\\/\\\/www.purejewels.com\\\/product\\\/22ct-sunrise-gold-rosette-lattice-poncha-51935\\\/\",\"url\":\"https:\\\/\\\/www.purejewels.com\\\/product\\\/22ct-sunrise-gold-rosette-lattice-poncha-51935\\\/\",\"name\":\"22ct Sunrise Gold Rosette Lattice Poncha | PureJewels London\",\"isPartOf\":{\"@id\":\"https:\\\/\\\/www.purejewels.com\\\/#website\"},\"primaryImageOfPage\":{\"@id\":\"https:\\\/\\\/www.purejewels.com\\\/product\\\/22ct-sunrise-gold-rosette-lattice-poncha-51935\\\/#primaryimage\"},\"image\":{\"@id\":\"https:\\\/\\\/www.purejewels.com\\\/product\\\/22ct-sunrise-gold-rosette-lattice-poncha-51935\\\/#primaryimage\"},\"thumbnailUrl\":\"https:\\\/\\\/static.purejewels.com\\\/wp-content\\\/uploads\\\/2026\\\/05\\\/SGPOHPRS014L7060-1.jpg\",\"datePublished\":\"2026-03-05T12:55:48+00:00\",\"dateModified\":\"2026-05-05T12:07:28+00:00\",\"description\":\"Discover the elegance of the 22ct Sunrise Gold Rosette Lattice Poncha. Crafted with intricate floral lattice detailing. Free delivery across UK.\",\"breadcrumb\":{\"@id\":\"https:\\\/\\\/www.purejewels.com\\\/product\\\/22ct-sunrise-gold-rosette-lattice-poncha-51935\\\/#breadcrumb\"},\"inLanguage\":\"tr\",\"potentialAction\":[{\"@type\":\"ReadAction\",\"target\":[\"https:\\\/\\\/www.purejewels.com\\\/product\\\/22ct-sunrise-gold-rosette-lattice-poncha-51935\\\/\"]}]},{\"@type\":\"ImageObject\",\"inLanguage\":\"tr\",\"@id\":\"https:\\\/\\\/www.purejewels.com\\\/product\\\/22ct-sunrise-gold-rosette-lattice-poncha-51935\\\/#primaryimage\",\"url\":\"https:\\\/\\\/static.purejewels.com\\\/wp-content\\\/uploads\\\/2026\\\/05\\\/SGPOHPRS014L7060-1.jpg\",\"contentUrl\":\"https:\\\/\\\/static.purejewels.com\\\/wp-content\\\/uploads\\\/2026\\\/05\\\/SGPOHPRS014L7060-1.jpg\",\"width\":1000,\"height\":1000,\"caption\":\"22ct Sunrise Gold Rosette Lattice Poncha\"},{\"@type\":\"BreadcrumbList\",\"@id\":\"https:\\\/\\\/www.purejewels.com\\\/product\\\/22ct-sunrise-gold-rosette-lattice-poncha-51935\\\/#breadcrumb\",\"itemListElement\":[{\"@type\":\"ListItem\",\"position\":1,\"name\":\"Home\",\"item\":\"https:\\\/\\\/www.purejewels.com\\\/\"},{\"@type\":\"ListItem\",\"position\":2,\"name\":\"Shop\",\"item\":\"https:\\\/\\\/www.purejewels.com\\\/shop\\\/\"},{\"@type\":\"ListItem\",\"position\":3,\"name\":\"22ct Sunrise Gold Rosette Lattice Poncha\"}]},{\"@type\":\"WebSite\",\"@id\":\"https:\\\/\\\/www.purejewels.com\\\/#website\",\"url\":\"https:\\\/\\\/www.purejewels.com\\\/\",\"name\":\"PureJewels UK\",\"description\":\"Share the Love\",\"publisher\":{\"@id\":\"https:\\\/\\\/www.purejewels.com\\\/#organization\"},\"potentialAction\":[{\"@type\":\"SearchAction\",\"target\":{\"@type\":\"EntryPoint\",\"urlTemplate\":\"https:\\\/\\\/www.purejewels.com\\\/?s={search_term_string}\"},\"query-input\":{\"@type\":\"PropertyValueSpecification\",\"valueRequired\":true,\"valueName\":\"search_term_string\"}}],\"inLanguage\":\"tr\"},{\"@type\":\"Organization\",\"@id\":\"https:\\\/\\\/www.purejewels.com\\\/#organization\",\"name\":\"PureJewels UK\",\"url\":\"https:\\\/\\\/www.purejewels.com\\\/\",\"logo\":{\"@type\":\"ImageObject\",\"inLanguage\":\"tr\",\"@id\":\"https:\\\/\\\/www.purejewels.com\\\/#\\\/schema\\\/logo\\\/image\\\/\",\"url\":\"https:\\\/\\\/static.purejewels.com\\\/wp-content\\\/uploads\\\/2020\\\/11\\\/Logo-PJ-New-1.png\",\"contentUrl\":\"https:\\\/\\\/static.purejewels.com\\\/wp-content\\\/uploads\\\/2020\\\/11\\\/Logo-PJ-New-1.png\",\"width\":150,\"height\":80,\"caption\":\"PureJewels UK\"},\"image\":{\"@id\":\"https:\\\/\\\/www.purejewels.com\\\/#\\\/schema\\\/logo\\\/image\\\/\"}}]}<\/script>\n<!-- \/ Yoast SEO plugin. -->","yoast_head_json":{"title":"22 Ayar G\u00fcndo\u011fumu Alt\u0131n Rozet Kafes Ponka | PureJewels London","description":"22ct Sunrise Gold Rosette Lattice Poncha'n\u0131n zarafetini ke\u015ffedin. Karma\u015f\u0131k \u00e7i\u00e7ek kafes detaylar\u0131yla haz\u0131rlanm\u0131\u015ft\u0131r. \u0130ngiltere genelinde \u00fccretsiz teslimat.","robots":{"index":"index","follow":"follow","max-snippet":"max-snippet:-1","max-image-preview":"max-image-preview:large","max-video-preview":"max-video-preview:-1"},"canonical":"https:\/\/www.purejewels.com\/tr\/urun\/22-ayar-gundogumu-altin-rozet-kafes-poncha-51935\/","og_locale":"tr_TR","og_type":"article","og_title":"22ct Sunrise Gold Rosette Lattice Poncha | PureJewels London","og_description":"Discover the elegance of the 22ct Sunrise Gold Rosette Lattice Poncha. Crafted with intricate floral lattice detailing. Free delivery across UK.","og_url":"https:\/\/www.purejewels.com\/tr\/urun\/22-ayar-gundogumu-altin-rozet-kafes-poncha-51935\/","og_site_name":"PureJewels UK","article_modified_time":"2026-05-05T12:07:28+00:00","og_image":[{"width":1000,"height":1000,"url":"https:\/\/static.purejewels.com\/wp-content\/uploads\/2026\/05\/SGPOHPRS014L7060-1.jpg","type":"image\/jpeg"}],"twitter_card":"summary_large_image","twitter_misc":{"Tahmini okuma s\u00fcresi":"2 dakika"},"schema":{"@context":"https:\/\/schema.org","@graph":[{"@type":["WebPage","ItemPage"],"@id":"https:\/\/www.purejewels.com\/product\/22ct-sunrise-gold-rosette-lattice-poncha-51935\/","url":"https:\/\/www.purejewels.com\/product\/22ct-sunrise-gold-rosette-lattice-poncha-51935\/","name":"22 Ayar G\u00fcndo\u011fumu Alt\u0131n Rozet Kafes Ponka | PureJewels London","isPartOf":{"@id":"https:\/\/www.purejewels.com\/#website"},"primaryImageOfPage":{"@id":"https:\/\/www.purejewels.com\/product\/22ct-sunrise-gold-rosette-lattice-poncha-51935\/#primaryimage"},"image":{"@id":"https:\/\/www.purejewels.com\/product\/22ct-sunrise-gold-rosette-lattice-poncha-51935\/#primaryimage"},"thumbnailUrl":"https:\/\/static.purejewels.com\/wp-content\/uploads\/2026\/05\/SGPOHPRS014L7060-1.jpg","datePublished":"2026-03-05T12:55:48+00:00","dateModified":"2026-05-05T12:07:28+00:00","description":"22ct Sunrise Gold Rosette Lattice Poncha'n\u0131n zarafetini ke\u015ffedin. Karma\u015f\u0131k \u00e7i\u00e7ek kafes detaylar\u0131yla haz\u0131rlanm\u0131\u015ft\u0131r. \u0130ngiltere genelinde \u00fccretsiz teslimat.","breadcrumb":{"@id":"https:\/\/www.purejewels.com\/product\/22ct-sunrise-gold-rosette-lattice-poncha-51935\/#breadcrumb"},"inLanguage":"tr","potentialAction":[{"@type":"ReadAction","target":["https:\/\/www.purejewels.com\/product\/22ct-sunrise-gold-rosette-lattice-poncha-51935\/"]}]},{"@type":"ImageObject","inLanguage":"tr","@id":"https:\/\/www.purejewels.com\/product\/22ct-sunrise-gold-rosette-lattice-poncha-51935\/#primaryimage","url":"https:\/\/static.purejewels.com\/wp-content\/uploads\/2026\/05\/SGPOHPRS014L7060-1.jpg","contentUrl":"https:\/\/static.purejewels.com\/wp-content\/uploads\/2026\/05\/SGPOHPRS014L7060-1.jpg","width":1000,"height":1000,"caption":"22ct Sunrise Gold Rosette Lattice Poncha"},{"@type":"BreadcrumbList","@id":"https:\/\/www.purejewels.com\/product\/22ct-sunrise-gold-rosette-lattice-poncha-51935\/#breadcrumb","itemListElement":[{"@type":"ListItem","position":1,"name":"Home","item":"https:\/\/www.purejewels.com\/"},{"@type":"ListItem","position":2,"name":"Shop","item":"https:\/\/www.purejewels.com\/shop\/"},{"@type":"ListItem","position":3,"name":"22ct Sunrise Gold Rosette Lattice Poncha"}]},{"@type":"WebSite","@id":"https:\/\/www.purejewels.com\/#website","url":"https:\/\/www.purejewels.com\/","name":"PureJewels \u0130ngiltere","description":"Sevgiyi Payla\u015f\u0131n","publisher":{"@id":"https:\/\/www.purejewels.com\/#organization"},"potentialAction":[{"@type":"SearchAction","target":{"@type":"EntryPoint","urlTemplate":"https:\/\/www.purejewels.com\/?s={search_term_string}"},"query-input":{"@type":"PropertyValueSpecification","valueRequired":true,"valueName":"search_term_string"}}],"inLanguage":"tr"},{"@type":"Organization","@id":"https:\/\/www.purejewels.com\/#organization","name":"PureJewels \u0130ngiltere","url":"https:\/\/www.purejewels.com\/","logo":{"@type":"ImageObject","inLanguage":"tr","@id":"https:\/\/www.purejewels.com\/#\/schema\/logo\/image\/","url":"https:\/\/static.purejewels.com\/wp-content\/uploads\/2020\/11\/Logo-PJ-New-1.png","contentUrl":"https:\/\/static.purejewels.com\/wp-content\/uploads\/2020\/11\/Logo-PJ-New-1.png","width":150,"height":80,"caption":"PureJewels UK"},"image":{"@id":"https:\/\/www.purejewels.com\/#\/schema\/logo\/image\/"}}]}},"_links":{"self":[{"href":"https:\/\/www.purejewels.com\/tr\/wp-json\/wp\/v2\/product\/429465","targetHints":{"allow":["GET"]}}],"collection":[{"href":"https:\/\/www.purejewels.com\/tr\/wp-json\/wp\/v2\/product"}],"about":[{"href":"https:\/\/www.purejewels.com\/tr\/wp-json\/wp\/v2\/types\/product"}],"replies":[{"embeddable":true,"href":"https:\/\/www.purejewels.com\/tr\/wp-json\/wp\/v2\/comments?post=429465"}],"version-history":[{"count":1,"href":"https:\/\/www.purejewels.com\/tr\/wp-json\/wp\/v2\/product\/429465\/revisions"}],"predecessor-version":[{"id":429471,"href":"https:\/\/www.purejewels.com\/tr\/wp-json\/wp\/v2\/product\/429465\/revisions\/429471"}],"wp:featuredmedia":[{"embeddable":true,"href":"https:\/\/www.purejewels.com\/tr\/wp-json\/wp\/v2\/media\/429466"}],"wp:attachment":[{"href":"https:\/\/www.purejewels.com\/tr\/wp-json\/wp\/v2\/media?parent=429465"}],"wp:term":[{"taxonomy":"product_brand","embeddable":true,"href":"https:\/\/www.purejewels.com\/tr\/wp-json\/wp\/v2\/product_brand?post=429465"},{"taxonomy":"product_cat","embeddable":true,"href":"https:\/\/www.purejewels.com\/tr\/wp-json\/wp\/v2\/product_cat?post=429465"},{"taxonomy":"product_tag","embeddable":true,"href":"https:\/\/www.purejewels.com\/tr\/wp-json\/wp\/v2\/product_tag?post=429465"}],"curies":[{"name":"wp","href":"https:\/\/api.w.org\/{rel}","templated":true}]}}