{"id":429472,"date":"2026-02-05T13:20:34","date_gmt":"2026-02-05T13:20:34","guid":{"rendered":"https:\/\/www.purejewels.com\/?post_type=product&#038;p=429472"},"modified":"2026-05-05T13:28:22","modified_gmt":"2026-05-05T12:28:22","slug":"22-ayar-gundogumu-altin-rozet-damla-kolye-52651","status":"publish","type":"product","link":"https:\/\/www.purejewels.com\/tr\/product\/22ct-sunrise-gold-rosette-drop-pendant-52651\/","title":{"rendered":"22 Ayar Sunrise Alt\u0131n Rozet Damla Kolye"},"content":{"rendered":"<p data-start=\"626\" data-end=\"1071\"><strong data-start=\"626\" data-end=\"644\">Tasar\u0131m Konsepti<\/strong><br data-start=\"644\" data-end=\"647\" \/>K\u00f6klerini do\u011fan\u0131n g\u00fczelli\u011finden ve geleneksel sanattan alan bu kolye ucu, uyum, g\u00fczellik ve s\u00fcreklili\u011fin sembol\u00fc olan \u00e7i\u00e7ek a\u00e7an rozetlerden ilham al\u0131yor. Katmanl\u0131 \u00e7i\u00e7ek kompozisyonu \u00e7arp\u0131c\u0131 bir merkezi motif olu\u015ftururken, narin damla \u00f6\u011fesi hareket ve yumu\u015fakl\u0131k kat\u0131yor. Karma\u015f\u0131k detaylar\u0131n zarif formla bulu\u015ftu\u011fu zamans\u0131z bir esteti\u011fi yans\u0131tan tasar\u0131m, hem etkileyici hem de kal\u0131c\u0131 bir par\u00e7a yarat\u0131yor.<\/p>\n<p data-start=\"1073\" data-end=\"1551\"><strong data-start=\"1073\" data-end=\"1090\">Zanaatkarl\u0131k<\/strong><br data-start=\"1090\" data-end=\"1093\" \/>Zengin bir \u015fekilde ustaca haz\u0131rlanm\u0131\u015f <strong data-start=\"1118\" data-end=\"1139\">22 Ayar G\u00fcndo\u011fumu Alt\u0131n<\/strong>, Bu kolye ucu detaylara g\u00f6sterilen ola\u011fan\u00fcst\u00fc \u00f6zeni sergiler. Her bir rozet, \u0131\u015f\u0131\u011f\u0131 g\u00fczel bir \u015fekilde yakalayan derinlik ve boyut yaratan dokulu yapraklarla ince bir \u015fekilde yontulmu\u015ftur. Kompozisyon, \u00fcst motif ve damla \u00f6\u011fesi aras\u0131ndaki kusursuz ge\u00e7i\u015flerle dikkatlice dengelenmi\u015ftir. Y\u00fcksek cilal\u0131 kaplama alt\u0131n\u0131n s\u0131cakl\u0131\u011f\u0131n\u0131 art\u0131r\u0131rken, karma\u015f\u0131k i\u015f\u00e7ilik usta zanaatk\u00e2rlar\u0131n becerisini yans\u0131t\u0131r.<\/p>\n<p data-start=\"1553\" data-end=\"1678\"><strong data-start=\"1553\" data-end=\"1570\">Stil Fikirleri<\/strong><br data-start=\"1570\" data-end=\"1573\" \/>\u00c7ok y\u00f6nl\u00fc ve zarif olan bu kolye ucu, hem \u00f6zel g\u00fcnler hem de zarif g\u00fcnl\u00fck kullan\u0131m i\u00e7in \u015fekillendirilebilir.<\/p>\n<ul data-start=\"1679\" data-end=\"1981\">\n<li data-section-id=\"b0hev8\" data-start=\"1679\" data-end=\"1760\">Karma\u015f\u0131k tasar\u0131m\u0131n \u00f6n plana \u00e7\u0131kmas\u0131 i\u00e7in klasik bir alt\u0131n zincirle e\u015fle\u015ftirin.<\/li>\n<li data-section-id=\"g59r5d\" data-start=\"1761\" data-end=\"1855\">E\u015fle\u015fen rozetli k\u00fcpeler veya bilekliklerle kombinleyerek uyumlu, mirastan ilham alan bir g\u00f6r\u00fcn\u00fcm elde edin.<\/li>\n<li data-section-id=\"19855n5\" data-start=\"1856\" data-end=\"1981\">D\u00fc\u011f\u00fcnler, bayram kutlamalar\u0131 veya anlaml\u0131 hediyeler i\u00e7in m\u00fckemmel olan bu par\u00e7a, hem g\u00fczellik hem de duygusall\u0131k ta\u015f\u0131yor.<\/li>\n<\/ul>","protected":false},"excerpt":{"rendered":"<p>G\u00fczel detaylara sahip bir \u00e7i\u00e7ek kolyesi olan 22 ayar Sunrise Alt\u0131n Rozet Damla Kolye, \u00e7i\u00e7ek a\u00e7an rozetlerin cazibesini zarif, mirastan ilham alan bir siluetle yakal\u0131yor.<\/p>\n<p><strong>Malzeme:<\/strong> 22 Ayar Alt\u0131n (91,6% Saf Alt\u0131n)<strong><br \/>\nHallmark:\u00a0<\/strong>\u0130ngiliz Damgas\u0131<strong><br \/>\n<\/strong><strong>Br\u00fct A\u011f\u0131rl\u0131k: <\/strong>4,84 gram<br \/>\n<strong>Uzunluk : <\/strong>1,5 in\u00e7<br \/>\n<strong>SKU: <\/strong>52651<\/p>\n<p><strong>Fiyat ve Teslimat<\/strong>: KDV ve teslimat \u00fccretleri dahil<br \/>\n<strong>Not:<\/strong> Zincir fiyat\u0131 dahil de\u011fildir<br \/>\n<a href=\"https:\/\/www.purejewels.com\/tr\/i%cc%87ade-poli%cc%87ti%cc%87kasi\/\">\u0130ade Politikas\u0131<\/a><\/p>","protected":false},"featured_media":429473,"comment_status":"closed","ping_status":"closed","template":"","meta":{"_eb_attr":"","_crsspst_to_jayantr4sg-hostcom":false},"product_brand":[],"product_cat":[1791,236,1793,5701,1770,1792,1790,1229,1255,1767,1570,5585,1656,1574,5349],"product_tag":[],"class_list":{"0":"post-429472","1":"product","2":"type-product","3":"status-publish","4":"has-post-thumbnail","6":"product_cat-anniversary-gifts","7":"product_cat-collections","8":"product_cat-diwali-gifts","9":"product_cat-eid-jewellery","10":"product_cat-fancy-pendants","11":"product_cat-festival-gifts","12":"product_cat-for-whom-when","13":"product_cat-22ct-gold-jewellery","14":"product_cat-gold-pendants","15":"product_cat-ladies-pendants","16":"product_cat-mothers-day-gifts","17":"product_cat-rosette-pendant","18":"product_cat-rosettes-collections","19":"product_cat-womens-jewellery","20":"product_cat-yellow-gold-jewellery","22":"first","23":"instock","24":"taxable","25":"shipping-taxable","26":"purchasable","27":"product-type-simple","28":"add-to-wishlist-before_image"},"yoast_head":"<!-- This site is optimized with the Yoast SEO plugin v27.5 - https:\/\/yoast.com\/product\/yoast-seo-wordpress\/ -->\n<title>22ct Sunrise Gold Rosette Drop Pendant | PureJewels London<\/title>\n<meta name=\"description\" content=\"Explore the 22ct Sunrise Gold Rosette Drop Pendant, crafted with intricate floral detailing and a graceful drop design. A timeless expression of heritage elegance.\" \/>\n<meta name=\"robots\" content=\"index, follow, max-snippet:-1, max-image-preview:large, max-video-preview:-1\" \/>\n<link rel=\"canonical\" href=\"https:\/\/www.purejewels.com\/tr\/urun\/22-ayar-gundogumu-altin-rozet-damla-kolye-52651\/\" \/>\n<meta property=\"og:locale\" content=\"tr_TR\" \/>\n<meta property=\"og:type\" content=\"article\" \/>\n<meta property=\"og:title\" content=\"22ct Sunrise Gold Rosette Drop Pendant | PureJewels London\" \/>\n<meta property=\"og:description\" content=\"Explore the 22ct Sunrise Gold Rosette Drop Pendant, crafted with intricate floral detailing and a graceful drop design. A timeless expression of heritage elegance.\" \/>\n<meta property=\"og:url\" content=\"https:\/\/www.purejewels.com\/tr\/urun\/22-ayar-gundogumu-altin-rozet-damla-kolye-52651\/\" \/>\n<meta property=\"og:site_name\" content=\"PureJewels UK\" \/>\n<meta property=\"article:modified_time\" content=\"2026-05-05T12:28:22+00:00\" \/>\n<meta property=\"og:image\" content=\"https:\/\/static.purejewels.com\/wp-content\/uploads\/2026\/05\/SGPNPDRS002-FRONT.jpg\" \/>\n\t<meta property=\"og:image:width\" content=\"1000\" \/>\n\t<meta property=\"og:image:height\" content=\"1000\" \/>\n\t<meta property=\"og:image:type\" content=\"image\/jpeg\" \/>\n<meta name=\"twitter:card\" content=\"summary_large_image\" \/>\n<meta name=\"twitter:label1\" content=\"Tahmini okuma s\u00fcresi\" \/>\n\t<meta name=\"twitter:data1\" content=\"2 dakika\" \/>\n<script type=\"application\/ld+json\" class=\"yoast-schema-graph\">{\"@context\":\"https:\\\/\\\/schema.org\",\"@graph\":[{\"@type\":[\"WebPage\",\"ItemPage\"],\"@id\":\"https:\\\/\\\/www.purejewels.com\\\/product\\\/22ct-sunrise-gold-rosette-drop-pendant-52651\\\/\",\"url\":\"https:\\\/\\\/www.purejewels.com\\\/product\\\/22ct-sunrise-gold-rosette-drop-pendant-52651\\\/\",\"name\":\"22ct Sunrise Gold Rosette Drop Pendant | PureJewels London\",\"isPartOf\":{\"@id\":\"https:\\\/\\\/www.purejewels.com\\\/#website\"},\"primaryImageOfPage\":{\"@id\":\"https:\\\/\\\/www.purejewels.com\\\/product\\\/22ct-sunrise-gold-rosette-drop-pendant-52651\\\/#primaryimage\"},\"image\":{\"@id\":\"https:\\\/\\\/www.purejewels.com\\\/product\\\/22ct-sunrise-gold-rosette-drop-pendant-52651\\\/#primaryimage\"},\"thumbnailUrl\":\"https:\\\/\\\/static.purejewels.com\\\/wp-content\\\/uploads\\\/2026\\\/05\\\/SGPNPDRS002-FRONT.jpg\",\"datePublished\":\"2026-02-05T13:20:34+00:00\",\"dateModified\":\"2026-05-05T12:28:22+00:00\",\"description\":\"Explore the 22ct Sunrise Gold Rosette Drop Pendant, crafted with intricate floral detailing and a graceful drop design. A timeless expression of heritage elegance.\",\"breadcrumb\":{\"@id\":\"https:\\\/\\\/www.purejewels.com\\\/product\\\/22ct-sunrise-gold-rosette-drop-pendant-52651\\\/#breadcrumb\"},\"inLanguage\":\"tr\",\"potentialAction\":[{\"@type\":\"ReadAction\",\"target\":[\"https:\\\/\\\/www.purejewels.com\\\/product\\\/22ct-sunrise-gold-rosette-drop-pendant-52651\\\/\"]}]},{\"@type\":\"ImageObject\",\"inLanguage\":\"tr\",\"@id\":\"https:\\\/\\\/www.purejewels.com\\\/product\\\/22ct-sunrise-gold-rosette-drop-pendant-52651\\\/#primaryimage\",\"url\":\"https:\\\/\\\/static.purejewels.com\\\/wp-content\\\/uploads\\\/2026\\\/05\\\/SGPNPDRS002-FRONT.jpg\",\"contentUrl\":\"https:\\\/\\\/static.purejewels.com\\\/wp-content\\\/uploads\\\/2026\\\/05\\\/SGPNPDRS002-FRONT.jpg\",\"width\":1000,\"height\":1000,\"caption\":\"Stacked from 8 images. Method=B (R=8,S=4)\"},{\"@type\":\"BreadcrumbList\",\"@id\":\"https:\\\/\\\/www.purejewels.com\\\/product\\\/22ct-sunrise-gold-rosette-drop-pendant-52651\\\/#breadcrumb\",\"itemListElement\":[{\"@type\":\"ListItem\",\"position\":1,\"name\":\"Home\",\"item\":\"https:\\\/\\\/www.purejewels.com\\\/\"},{\"@type\":\"ListItem\",\"position\":2,\"name\":\"Shop\",\"item\":\"https:\\\/\\\/www.purejewels.com\\\/shop\\\/\"},{\"@type\":\"ListItem\",\"position\":3,\"name\":\"22ct Sunrise Gold Rosette Drop Pendant\"}]},{\"@type\":\"WebSite\",\"@id\":\"https:\\\/\\\/www.purejewels.com\\\/#website\",\"url\":\"https:\\\/\\\/www.purejewels.com\\\/\",\"name\":\"PureJewels UK\",\"description\":\"Share the Love\",\"publisher\":{\"@id\":\"https:\\\/\\\/www.purejewels.com\\\/#organization\"},\"potentialAction\":[{\"@type\":\"SearchAction\",\"target\":{\"@type\":\"EntryPoint\",\"urlTemplate\":\"https:\\\/\\\/www.purejewels.com\\\/?s={search_term_string}\"},\"query-input\":{\"@type\":\"PropertyValueSpecification\",\"valueRequired\":true,\"valueName\":\"search_term_string\"}}],\"inLanguage\":\"tr\"},{\"@type\":\"Organization\",\"@id\":\"https:\\\/\\\/www.purejewels.com\\\/#organization\",\"name\":\"PureJewels UK\",\"url\":\"https:\\\/\\\/www.purejewels.com\\\/\",\"logo\":{\"@type\":\"ImageObject\",\"inLanguage\":\"tr\",\"@id\":\"https:\\\/\\\/www.purejewels.com\\\/#\\\/schema\\\/logo\\\/image\\\/\",\"url\":\"https:\\\/\\\/static.purejewels.com\\\/wp-content\\\/uploads\\\/2020\\\/11\\\/Logo-PJ-New-1.png\",\"contentUrl\":\"https:\\\/\\\/static.purejewels.com\\\/wp-content\\\/uploads\\\/2020\\\/11\\\/Logo-PJ-New-1.png\",\"width\":150,\"height\":80,\"caption\":\"PureJewels UK\"},\"image\":{\"@id\":\"https:\\\/\\\/www.purejewels.com\\\/#\\\/schema\\\/logo\\\/image\\\/\"}}]}<\/script>\n<!-- \/ Yoast SEO plugin. -->","yoast_head_json":{"title":"22 Ayar G\u00fcndo\u011fumu Alt\u0131n Rozet Damla Kolye | PureJewels London","description":"Karma\u015f\u0131k \u00e7i\u00e7ek detaylar\u0131 ve zarif bir damla tasar\u0131m\u0131yla haz\u0131rlanm\u0131\u015f 22 ayar Sunrise Alt\u0131n Rozet Damla Kolyeyi ke\u015ffedin. Miras zarafetinin zamans\u0131z bir ifadesi.","robots":{"index":"index","follow":"follow","max-snippet":"max-snippet:-1","max-image-preview":"max-image-preview:large","max-video-preview":"max-video-preview:-1"},"canonical":"https:\/\/www.purejewels.com\/tr\/urun\/22-ayar-gundogumu-altin-rozet-damla-kolye-52651\/","og_locale":"tr_TR","og_type":"article","og_title":"22ct Sunrise Gold Rosette Drop Pendant | PureJewels London","og_description":"Explore the 22ct Sunrise Gold Rosette Drop Pendant, crafted with intricate floral detailing and a graceful drop design. A timeless expression of heritage elegance.","og_url":"https:\/\/www.purejewels.com\/tr\/urun\/22-ayar-gundogumu-altin-rozet-damla-kolye-52651\/","og_site_name":"PureJewels UK","article_modified_time":"2026-05-05T12:28:22+00:00","og_image":[{"width":1000,"height":1000,"url":"https:\/\/static.purejewels.com\/wp-content\/uploads\/2026\/05\/SGPNPDRS002-FRONT.jpg","type":"image\/jpeg"}],"twitter_card":"summary_large_image","twitter_misc":{"Tahmini okuma s\u00fcresi":"2 dakika"},"schema":{"@context":"https:\/\/schema.org","@graph":[{"@type":["WebPage","ItemPage"],"@id":"https:\/\/www.purejewels.com\/product\/22ct-sunrise-gold-rosette-drop-pendant-52651\/","url":"https:\/\/www.purejewels.com\/product\/22ct-sunrise-gold-rosette-drop-pendant-52651\/","name":"22 Ayar G\u00fcndo\u011fumu Alt\u0131n Rozet Damla Kolye | PureJewels London","isPartOf":{"@id":"https:\/\/www.purejewels.com\/#website"},"primaryImageOfPage":{"@id":"https:\/\/www.purejewels.com\/product\/22ct-sunrise-gold-rosette-drop-pendant-52651\/#primaryimage"},"image":{"@id":"https:\/\/www.purejewels.com\/product\/22ct-sunrise-gold-rosette-drop-pendant-52651\/#primaryimage"},"thumbnailUrl":"https:\/\/static.purejewels.com\/wp-content\/uploads\/2026\/05\/SGPNPDRS002-FRONT.jpg","datePublished":"2026-02-05T13:20:34+00:00","dateModified":"2026-05-05T12:28:22+00:00","description":"Karma\u015f\u0131k \u00e7i\u00e7ek detaylar\u0131 ve zarif bir damla tasar\u0131m\u0131yla haz\u0131rlanm\u0131\u015f 22 ayar Sunrise Alt\u0131n Rozet Damla Kolyeyi ke\u015ffedin. Miras zarafetinin zamans\u0131z bir ifadesi.","breadcrumb":{"@id":"https:\/\/www.purejewels.com\/product\/22ct-sunrise-gold-rosette-drop-pendant-52651\/#breadcrumb"},"inLanguage":"tr","potentialAction":[{"@type":"ReadAction","target":["https:\/\/www.purejewels.com\/product\/22ct-sunrise-gold-rosette-drop-pendant-52651\/"]}]},{"@type":"ImageObject","inLanguage":"tr","@id":"https:\/\/www.purejewels.com\/product\/22ct-sunrise-gold-rosette-drop-pendant-52651\/#primaryimage","url":"https:\/\/static.purejewels.com\/wp-content\/uploads\/2026\/05\/SGPNPDRS002-FRONT.jpg","contentUrl":"https:\/\/static.purejewels.com\/wp-content\/uploads\/2026\/05\/SGPNPDRS002-FRONT.jpg","width":1000,"height":1000,"caption":"Stacked from 8 images. Method=B (R=8,S=4)"},{"@type":"BreadcrumbList","@id":"https:\/\/www.purejewels.com\/product\/22ct-sunrise-gold-rosette-drop-pendant-52651\/#breadcrumb","itemListElement":[{"@type":"ListItem","position":1,"name":"Home","item":"https:\/\/www.purejewels.com\/"},{"@type":"ListItem","position":2,"name":"Shop","item":"https:\/\/www.purejewels.com\/shop\/"},{"@type":"ListItem","position":3,"name":"22ct Sunrise Gold Rosette Drop Pendant"}]},{"@type":"WebSite","@id":"https:\/\/www.purejewels.com\/#website","url":"https:\/\/www.purejewels.com\/","name":"PureJewels \u0130ngiltere","description":"Sevgiyi Payla\u015f\u0131n","publisher":{"@id":"https:\/\/www.purejewels.com\/#organization"},"potentialAction":[{"@type":"SearchAction","target":{"@type":"EntryPoint","urlTemplate":"https:\/\/www.purejewels.com\/?s={search_term_string}"},"query-input":{"@type":"PropertyValueSpecification","valueRequired":true,"valueName":"search_term_string"}}],"inLanguage":"tr"},{"@type":"Organization","@id":"https:\/\/www.purejewels.com\/#organization","name":"PureJewels \u0130ngiltere","url":"https:\/\/www.purejewels.com\/","logo":{"@type":"ImageObject","inLanguage":"tr","@id":"https:\/\/www.purejewels.com\/#\/schema\/logo\/image\/","url":"https:\/\/static.purejewels.com\/wp-content\/uploads\/2020\/11\/Logo-PJ-New-1.png","contentUrl":"https:\/\/static.purejewels.com\/wp-content\/uploads\/2020\/11\/Logo-PJ-New-1.png","width":150,"height":80,"caption":"PureJewels UK"},"image":{"@id":"https:\/\/www.purejewels.com\/#\/schema\/logo\/image\/"}}]}},"_links":{"self":[{"href":"https:\/\/www.purejewels.com\/tr\/wp-json\/wp\/v2\/product\/429472","targetHints":{"allow":["GET"]}}],"collection":[{"href":"https:\/\/www.purejewels.com\/tr\/wp-json\/wp\/v2\/product"}],"about":[{"href":"https:\/\/www.purejewels.com\/tr\/wp-json\/wp\/v2\/types\/product"}],"replies":[{"embeddable":true,"href":"https:\/\/www.purejewels.com\/tr\/wp-json\/wp\/v2\/comments?post=429472"}],"version-history":[{"count":1,"href":"https:\/\/www.purejewels.com\/tr\/wp-json\/wp\/v2\/product\/429472\/revisions"}],"predecessor-version":[{"id":429474,"href":"https:\/\/www.purejewels.com\/tr\/wp-json\/wp\/v2\/product\/429472\/revisions\/429474"}],"wp:featuredmedia":[{"embeddable":true,"href":"https:\/\/www.purejewels.com\/tr\/wp-json\/wp\/v2\/media\/429473"}],"wp:attachment":[{"href":"https:\/\/www.purejewels.com\/tr\/wp-json\/wp\/v2\/media?parent=429472"}],"wp:term":[{"taxonomy":"product_brand","embeddable":true,"href":"https:\/\/www.purejewels.com\/tr\/wp-json\/wp\/v2\/product_brand?post=429472"},{"taxonomy":"product_cat","embeddable":true,"href":"https:\/\/www.purejewels.com\/tr\/wp-json\/wp\/v2\/product_cat?post=429472"},{"taxonomy":"product_tag","embeddable":true,"href":"https:\/\/www.purejewels.com\/tr\/wp-json\/wp\/v2\/product_tag?post=429472"}],"curies":[{"name":"wp","href":"https:\/\/api.w.org\/{rel}","templated":true}]}}