{"id":429501,"date":"2026-01-06T10:26:52","date_gmt":"2026-01-06T10:26:52","guid":{"rendered":"https:\/\/www.purejewels.com\/?post_type=product&#038;p=429501"},"modified":"2026-05-06T10:37:37","modified_gmt":"2026-05-06T09:37:37","slug":"22-ayar-altin-ucgen-puskullu-kupe-53254","status":"publish","type":"product","link":"https:\/\/www.purejewels.com\/tr\/product\/22ct-gold-triangle-tassel-earrings-53254\/","title":{"rendered":"22 Ayar Alt\u0131n \u00dc\u00e7gen P\u00fcsk\u00fcl K\u00fcpe"},"content":{"rendered":"<h3 data-section-id=\"gkog1g\" data-start=\"470\" data-end=\"480\">Tasar\u0131m<\/h3>\n<p data-start=\"482\" data-end=\"885\">22 Ayar Alt\u0131n \u00dc\u00e7gen P\u00fcsk\u00fcll\u00fc K\u00fcpe, geometrik yap\u0131y\u0131 narin bir hareketle birle\u015ftiriyor. Yumu\u015fak bir \u015fekilde yontulmu\u015f \u00fc\u00e7gen motif tasar\u0131m\u0131 sabitlerken, uzun zincir p\u00fcsk\u00fcller zarif bir ak\u0131\u015f ve hafiflik yarat\u0131r. \u0130nce \u00e7ift tonlu vurgularla tamamlanan k\u00fcpeler, modern minimalizmi etkileyici detaylarla dengeleyerek hem f\u0131rsat giyimi hem de y\u00fcksek g\u00fcnl\u00fck stil i\u00e7in uygun rafine bir ifade yarat\u0131r.<\/p>\n<h3 data-section-id=\"x7yizb\" data-start=\"887\" data-end=\"904\">Zanaatkarl\u0131k<\/h3>\n<p data-start=\"906\" data-end=\"1306\">Zengin 22 ayar sar\u0131 alt\u0131ndan \u00fcretilen bu k\u00fcpeler, s\u0131cak alt\u0131n \u0131\u015f\u0131lt\u0131s\u0131n\u0131 art\u0131ran \u00f6zenle parlat\u0131lm\u0131\u015f y\u00fczeylerle tasarlanm\u0131\u015ft\u0131r. \u00dc\u00e7gen \u00fcst k\u0131s\u0131mdaki dokulu i\u00e7 detaylar derinlik ve kontrast katarken, mafsall\u0131 p\u00fcsk\u00fcl damlalar ak\u0131c\u0131 bir hareket ve zarif bir d\u00f6k\u00fcm sa\u011flar. Her bir \u00e7ift, \u0130ngiltere'de Londra Assay Office taraf\u0131ndan damgalanarak alt\u0131n\u0131n safl\u0131\u011f\u0131n\u0131 ve \u00f6zg\u00fcn i\u015f\u00e7ili\u011fi belgelemektedir.<\/p>\n<h3 data-section-id=\"ubwg26\" data-start=\"1308\" data-end=\"1329\">\u015eekillendirme &amp; Hediyele\u015fme<\/h3>\n<p data-start=\"1331\" data-end=\"1730\" data-is-last-node=\"\" data-is-only-node=\"\">Bu \u00e7a\u011fda\u015f p\u00fcsk\u00fcll\u00fc k\u00fcpeler \u015f\u0131k gece sil\u00fcetleri, ipek drapeler ve modern f\u0131rsat k\u0131yafetleri ile g\u00fczel bir uyum sa\u011flar. Uzun profilleri boyun \u00e7izgisini d\u00fczle\u015ftirir ve g\u00f6r\u00fcn\u00fcm\u00fc bo\u011fmadan hareket katar. D\u00fc\u011f\u00fcnler, bayram kutlamalar\u0131, y\u0131l d\u00f6n\u00fcmleri ve \u00f6zenli hediyeler i\u00e7in ideal olan bu k\u00fcpeler, klasik damla k\u00fcpelere farkl\u0131 bir alternatif sunarken zamans\u0131z ve giyilebilir olmaya devam ediyor.<\/p>","protected":false},"excerpt":{"rendered":"<p>Zarif ve \u00e7a\u011fda\u015f bu 22 ayar alt\u0131n p\u00fcsk\u00fcll\u00fc k\u00fcpeler, her hareketle g\u00fczelce hareket eden ak\u0131\u015fkan zincir damlalar\u0131 ile heykelsi \u00fc\u00e7gen formlara sahiptir.<\/p>\n<ul>\n<li><strong>Malzeme:<\/strong> 22 Ayar Alt\u0131n (91,6% Saf Alt\u0131n)<\/li>\n<li><strong>Hallmark: <\/strong>\u0130ngiliz Damgas\u0131<\/li>\n<li><strong>Br\u00fct A\u011f\u0131rl\u0131k: <\/strong>6.10 Gms<\/li>\n<li><strong>SKU: <\/strong>53254<\/li>\n<\/ul>\n<p><strong>Fiyat ve Teslimat: <\/strong>KDV ve teslimat \u00fccretleri dahil<br \/>\n<strong><a href=\"https:\/\/www.purejewels.com\/tr\/i%cc%87ade-poli%cc%87ti%cc%87kasi\/\">\u0130ade Politikas\u0131<\/a><\/strong><\/p>","protected":false},"featured_media":429502,"comment_status":"closed","ping_status":"closed","template":"","meta":{"_eb_attr":"","_crsspst_to_jayantr4sg-hostcom":true},"product_brand":[],"product_cat":[1793,1685,5701,1792,1790,1254,1229,1570,1573,1574,5349],"product_tag":[5933,5922,66,6022],"class_list":{"0":"post-429501","1":"product","2":"type-product","3":"status-publish","4":"has-post-thumbnail","6":"product_cat-diwali-gifts","7":"product_cat-drop-earrings","8":"product_cat-eid-jewellery","9":"product_cat-festival-gifts","10":"product_cat-for-whom-when","11":"product_cat-gold-earrings","12":"product_cat-22ct-gold-jewellery","13":"product_cat-mothers-day-gifts","14":"product_cat-wedding-gifts","15":"product_cat-womens-jewellery","16":"product_cat-yellow-gold-jewellery","17":"product_tag-22ct-gold","18":"product_tag-22ct-gold-earrings","19":"product_tag-earrings","20":"product_tag-long-gold-earrings","22":"first","23":"instock","24":"taxable","25":"shipping-taxable","26":"purchasable","27":"product-type-simple","28":"add-to-wishlist-before_image"},"yoast_head":"<!-- This site is optimized with the Yoast SEO plugin v27.5 - https:\/\/yoast.com\/product\/yoast-seo-wordpress\/ -->\n<title>22ct Gold Triangle Tassel Earrings | Contemporary Gold Drops<\/title>\n<meta name=\"description\" content=\"Shop 22ct Gold Triangle Tassel Earrings from PureJewels UK. Contemporary drop earrings featuring geometric forms and delicate tassel movement in hallmarked gold.\" \/>\n<meta name=\"robots\" content=\"index, follow, max-snippet:-1, max-image-preview:large, max-video-preview:-1\" \/>\n<link rel=\"canonical\" href=\"https:\/\/www.purejewels.com\/tr\/urun\/22-ayar-altin-ucgen-puskullu-kupe-53254\/\" \/>\n<meta property=\"og:locale\" content=\"tr_TR\" \/>\n<meta property=\"og:type\" content=\"article\" \/>\n<meta property=\"og:title\" content=\"22ct Gold Triangle Tassel Earrings | Contemporary Gold Drops\" \/>\n<meta property=\"og:description\" content=\"Shop 22ct Gold Triangle Tassel Earrings from PureJewels UK. Contemporary drop earrings featuring geometric forms and delicate tassel movement in hallmarked gold.\" \/>\n<meta property=\"og:url\" content=\"https:\/\/www.purejewels.com\/tr\/urun\/22-ayar-altin-ucgen-puskullu-kupe-53254\/\" \/>\n<meta property=\"og:site_name\" content=\"PureJewels UK\" \/>\n<meta property=\"article:modified_time\" content=\"2026-05-06T09:37:37+00:00\" \/>\n<meta property=\"og:image\" content=\"https:\/\/static.purejewels.com\/wp-content\/uploads\/2026\/05\/53254.jpg\" \/>\n\t<meta property=\"og:image:width\" content=\"1000\" \/>\n\t<meta property=\"og:image:height\" content=\"1000\" \/>\n\t<meta property=\"og:image:type\" content=\"image\/jpeg\" \/>\n<meta name=\"twitter:card\" content=\"summary_large_image\" \/>\n<meta name=\"twitter:label1\" content=\"Tahmini okuma s\u00fcresi\" \/>\n\t<meta name=\"twitter:data1\" content=\"1 dakika\" \/>\n<script type=\"application\/ld+json\" class=\"yoast-schema-graph\">{\"@context\":\"https:\\\/\\\/schema.org\",\"@graph\":[{\"@type\":[\"WebPage\",\"ItemPage\"],\"@id\":\"https:\\\/\\\/www.purejewels.com\\\/product\\\/22ct-gold-triangle-tassel-earrings-53254\\\/\",\"url\":\"https:\\\/\\\/www.purejewels.com\\\/product\\\/22ct-gold-triangle-tassel-earrings-53254\\\/\",\"name\":\"22ct Gold Triangle Tassel Earrings | Contemporary Gold Drops\",\"isPartOf\":{\"@id\":\"https:\\\/\\\/www.purejewels.com\\\/#website\"},\"primaryImageOfPage\":{\"@id\":\"https:\\\/\\\/www.purejewels.com\\\/product\\\/22ct-gold-triangle-tassel-earrings-53254\\\/#primaryimage\"},\"image\":{\"@id\":\"https:\\\/\\\/www.purejewels.com\\\/product\\\/22ct-gold-triangle-tassel-earrings-53254\\\/#primaryimage\"},\"thumbnailUrl\":\"https:\\\/\\\/static.purejewels.com\\\/wp-content\\\/uploads\\\/2026\\\/05\\\/53254.jpg\",\"datePublished\":\"2026-01-06T10:26:52+00:00\",\"dateModified\":\"2026-05-06T09:37:37+00:00\",\"description\":\"Shop 22ct Gold Triangle Tassel Earrings from PureJewels UK. Contemporary drop earrings featuring geometric forms and delicate tassel movement in hallmarked gold.\",\"breadcrumb\":{\"@id\":\"https:\\\/\\\/www.purejewels.com\\\/product\\\/22ct-gold-triangle-tassel-earrings-53254\\\/#breadcrumb\"},\"inLanguage\":\"tr\",\"potentialAction\":[{\"@type\":\"ReadAction\",\"target\":[\"https:\\\/\\\/www.purejewels.com\\\/product\\\/22ct-gold-triangle-tassel-earrings-53254\\\/\"]}]},{\"@type\":\"ImageObject\",\"inLanguage\":\"tr\",\"@id\":\"https:\\\/\\\/www.purejewels.com\\\/product\\\/22ct-gold-triangle-tassel-earrings-53254\\\/#primaryimage\",\"url\":\"https:\\\/\\\/static.purejewels.com\\\/wp-content\\\/uploads\\\/2026\\\/05\\\/53254.jpg\",\"contentUrl\":\"https:\\\/\\\/static.purejewels.com\\\/wp-content\\\/uploads\\\/2026\\\/05\\\/53254.jpg\",\"width\":1000,\"height\":1000,\"caption\":\"22ct Gold Triangle Tassel Earrings\"},{\"@type\":\"BreadcrumbList\",\"@id\":\"https:\\\/\\\/www.purejewels.com\\\/product\\\/22ct-gold-triangle-tassel-earrings-53254\\\/#breadcrumb\",\"itemListElement\":[{\"@type\":\"ListItem\",\"position\":1,\"name\":\"Home\",\"item\":\"https:\\\/\\\/www.purejewels.com\\\/\"},{\"@type\":\"ListItem\",\"position\":2,\"name\":\"Shop\",\"item\":\"https:\\\/\\\/www.purejewels.com\\\/shop\\\/\"},{\"@type\":\"ListItem\",\"position\":3,\"name\":\"22ct Gold Triangle Tassel Earrings\"}]},{\"@type\":\"WebSite\",\"@id\":\"https:\\\/\\\/www.purejewels.com\\\/#website\",\"url\":\"https:\\\/\\\/www.purejewels.com\\\/\",\"name\":\"PureJewels UK\",\"description\":\"Share the Love\",\"publisher\":{\"@id\":\"https:\\\/\\\/www.purejewels.com\\\/#organization\"},\"potentialAction\":[{\"@type\":\"SearchAction\",\"target\":{\"@type\":\"EntryPoint\",\"urlTemplate\":\"https:\\\/\\\/www.purejewels.com\\\/?s={search_term_string}\"},\"query-input\":{\"@type\":\"PropertyValueSpecification\",\"valueRequired\":true,\"valueName\":\"search_term_string\"}}],\"inLanguage\":\"tr\"},{\"@type\":\"Organization\",\"@id\":\"https:\\\/\\\/www.purejewels.com\\\/#organization\",\"name\":\"PureJewels UK\",\"url\":\"https:\\\/\\\/www.purejewels.com\\\/\",\"logo\":{\"@type\":\"ImageObject\",\"inLanguage\":\"tr\",\"@id\":\"https:\\\/\\\/www.purejewels.com\\\/#\\\/schema\\\/logo\\\/image\\\/\",\"url\":\"https:\\\/\\\/static.purejewels.com\\\/wp-content\\\/uploads\\\/2020\\\/11\\\/Logo-PJ-New-1.png\",\"contentUrl\":\"https:\\\/\\\/static.purejewels.com\\\/wp-content\\\/uploads\\\/2020\\\/11\\\/Logo-PJ-New-1.png\",\"width\":150,\"height\":80,\"caption\":\"PureJewels UK\"},\"image\":{\"@id\":\"https:\\\/\\\/www.purejewels.com\\\/#\\\/schema\\\/logo\\\/image\\\/\"}}]}<\/script>\n<!-- \/ Yoast SEO plugin. -->","yoast_head_json":{"title":"22 Ayar Alt\u0131n \u00dc\u00e7gen P\u00fcsk\u00fcl K\u00fcpe | \u00c7a\u011fda\u015f Alt\u0131n Damlalar","description":"PureJewels UK'den 22 Ayar Alt\u0131n \u00dc\u00e7gen P\u00fcsk\u00fcl K\u00fcpe sat\u0131n al\u0131n. Damgal\u0131 alt\u0131ndan geometrik formlara ve narin p\u00fcsk\u00fcl hareketine sahip \u00e7a\u011fda\u015f damla k\u00fcpeler.","robots":{"index":"index","follow":"follow","max-snippet":"max-snippet:-1","max-image-preview":"max-image-preview:large","max-video-preview":"max-video-preview:-1"},"canonical":"https:\/\/www.purejewels.com\/tr\/urun\/22-ayar-altin-ucgen-puskullu-kupe-53254\/","og_locale":"tr_TR","og_type":"article","og_title":"22ct Gold Triangle Tassel Earrings | Contemporary Gold Drops","og_description":"Shop 22ct Gold Triangle Tassel Earrings from PureJewels UK. Contemporary drop earrings featuring geometric forms and delicate tassel movement in hallmarked gold.","og_url":"https:\/\/www.purejewels.com\/tr\/urun\/22-ayar-altin-ucgen-puskullu-kupe-53254\/","og_site_name":"PureJewels UK","article_modified_time":"2026-05-06T09:37:37+00:00","og_image":[{"width":1000,"height":1000,"url":"https:\/\/static.purejewels.com\/wp-content\/uploads\/2026\/05\/53254.jpg","type":"image\/jpeg"}],"twitter_card":"summary_large_image","twitter_misc":{"Tahmini okuma s\u00fcresi":"1 dakika"},"schema":{"@context":"https:\/\/schema.org","@graph":[{"@type":["WebPage","ItemPage"],"@id":"https:\/\/www.purejewels.com\/product\/22ct-gold-triangle-tassel-earrings-53254\/","url":"https:\/\/www.purejewels.com\/product\/22ct-gold-triangle-tassel-earrings-53254\/","name":"22 Ayar Alt\u0131n \u00dc\u00e7gen P\u00fcsk\u00fcl K\u00fcpe | \u00c7a\u011fda\u015f Alt\u0131n Damlalar","isPartOf":{"@id":"https:\/\/www.purejewels.com\/#website"},"primaryImageOfPage":{"@id":"https:\/\/www.purejewels.com\/product\/22ct-gold-triangle-tassel-earrings-53254\/#primaryimage"},"image":{"@id":"https:\/\/www.purejewels.com\/product\/22ct-gold-triangle-tassel-earrings-53254\/#primaryimage"},"thumbnailUrl":"https:\/\/static.purejewels.com\/wp-content\/uploads\/2026\/05\/53254.jpg","datePublished":"2026-01-06T10:26:52+00:00","dateModified":"2026-05-06T09:37:37+00:00","description":"PureJewels UK'den 22 Ayar Alt\u0131n \u00dc\u00e7gen P\u00fcsk\u00fcl K\u00fcpe sat\u0131n al\u0131n. Damgal\u0131 alt\u0131ndan geometrik formlara ve narin p\u00fcsk\u00fcl hareketine sahip \u00e7a\u011fda\u015f damla k\u00fcpeler.","breadcrumb":{"@id":"https:\/\/www.purejewels.com\/product\/22ct-gold-triangle-tassel-earrings-53254\/#breadcrumb"},"inLanguage":"tr","potentialAction":[{"@type":"ReadAction","target":["https:\/\/www.purejewels.com\/product\/22ct-gold-triangle-tassel-earrings-53254\/"]}]},{"@type":"ImageObject","inLanguage":"tr","@id":"https:\/\/www.purejewels.com\/product\/22ct-gold-triangle-tassel-earrings-53254\/#primaryimage","url":"https:\/\/static.purejewels.com\/wp-content\/uploads\/2026\/05\/53254.jpg","contentUrl":"https:\/\/static.purejewels.com\/wp-content\/uploads\/2026\/05\/53254.jpg","width":1000,"height":1000,"caption":"22ct Gold Triangle Tassel Earrings"},{"@type":"BreadcrumbList","@id":"https:\/\/www.purejewels.com\/product\/22ct-gold-triangle-tassel-earrings-53254\/#breadcrumb","itemListElement":[{"@type":"ListItem","position":1,"name":"Home","item":"https:\/\/www.purejewels.com\/"},{"@type":"ListItem","position":2,"name":"Shop","item":"https:\/\/www.purejewels.com\/shop\/"},{"@type":"ListItem","position":3,"name":"22ct Gold Triangle Tassel Earrings"}]},{"@type":"WebSite","@id":"https:\/\/www.purejewels.com\/#website","url":"https:\/\/www.purejewels.com\/","name":"PureJewels \u0130ngiltere","description":"Sevgiyi Payla\u015f\u0131n","publisher":{"@id":"https:\/\/www.purejewels.com\/#organization"},"potentialAction":[{"@type":"SearchAction","target":{"@type":"EntryPoint","urlTemplate":"https:\/\/www.purejewels.com\/?s={search_term_string}"},"query-input":{"@type":"PropertyValueSpecification","valueRequired":true,"valueName":"search_term_string"}}],"inLanguage":"tr"},{"@type":"Organization","@id":"https:\/\/www.purejewels.com\/#organization","name":"PureJewels \u0130ngiltere","url":"https:\/\/www.purejewels.com\/","logo":{"@type":"ImageObject","inLanguage":"tr","@id":"https:\/\/www.purejewels.com\/#\/schema\/logo\/image\/","url":"https:\/\/static.purejewels.com\/wp-content\/uploads\/2020\/11\/Logo-PJ-New-1.png","contentUrl":"https:\/\/static.purejewels.com\/wp-content\/uploads\/2020\/11\/Logo-PJ-New-1.png","width":150,"height":80,"caption":"PureJewels UK"},"image":{"@id":"https:\/\/www.purejewels.com\/#\/schema\/logo\/image\/"}}]}},"_links":{"self":[{"href":"https:\/\/www.purejewels.com\/tr\/wp-json\/wp\/v2\/product\/429501","targetHints":{"allow":["GET"]}}],"collection":[{"href":"https:\/\/www.purejewels.com\/tr\/wp-json\/wp\/v2\/product"}],"about":[{"href":"https:\/\/www.purejewels.com\/tr\/wp-json\/wp\/v2\/types\/product"}],"replies":[{"embeddable":true,"href":"https:\/\/www.purejewels.com\/tr\/wp-json\/wp\/v2\/comments?post=429501"}],"version-history":[{"count":1,"href":"https:\/\/www.purejewels.com\/tr\/wp-json\/wp\/v2\/product\/429501\/revisions"}],"predecessor-version":[{"id":429503,"href":"https:\/\/www.purejewels.com\/tr\/wp-json\/wp\/v2\/product\/429501\/revisions\/429503"}],"wp:featuredmedia":[{"embeddable":true,"href":"https:\/\/www.purejewels.com\/tr\/wp-json\/wp\/v2\/media\/429502"}],"wp:attachment":[{"href":"https:\/\/www.purejewels.com\/tr\/wp-json\/wp\/v2\/media?parent=429501"}],"wp:term":[{"taxonomy":"product_brand","embeddable":true,"href":"https:\/\/www.purejewels.com\/tr\/wp-json\/wp\/v2\/product_brand?post=429501"},{"taxonomy":"product_cat","embeddable":true,"href":"https:\/\/www.purejewels.com\/tr\/wp-json\/wp\/v2\/product_cat?post=429501"},{"taxonomy":"product_tag","embeddable":true,"href":"https:\/\/www.purejewels.com\/tr\/wp-json\/wp\/v2\/product_tag?post=429501"}],"curies":[{"name":"wp","href":"https:\/\/api.w.org\/{rel}","templated":true}]}}