{"id":429515,"date":"2026-01-06T12:42:39","date_gmt":"2026-01-06T12:42:39","guid":{"rendered":"https:\/\/www.purejewels.com\/?post_type=product&#038;p=429515"},"modified":"2026-05-06T12:53:59","modified_gmt":"2026-05-06T11:53:59","slug":"22-ayar-altin-ince-kutu-zincir-55345","status":"publish","type":"product","link":"https:\/\/www.purejewels.com\/tr\/product\/22ct-gold-fine-box-chain-55345\/","title":{"rendered":"22 Ayar Alt\u0131n \u0130nce Kutu Zincir | 18 \u0130n\u00e7"},"content":{"rendered":"<h3 data-section-id=\"gkog1g\" data-start=\"417\" data-end=\"427\">Tasar\u0131m<\/h3>\n<p data-start=\"429\" data-end=\"793\">22 Ayar Alt\u0131n \u0130nce Kutu Zincir, sade hatlar\u0131 ve abart\u0131s\u0131z geometrisiyle tan\u0131mlan\u0131r. Hassas bir \u015fekilde \u015fekillendirilmi\u015f kare baklalarla \u00fcretilen zincir, \u0131\u015f\u0131\u011f\u0131 g\u00fczel bir \u015fekilde yakalayan ince yans\u0131t\u0131c\u0131 bir y\u00fczeyle ak\u0131c\u0131 bir siluet olu\u015fturur. Minimal ve \u00e7ok y\u00f6nl\u00fc tasar\u0131m\u0131, klasik alt\u0131n zincire \u00e7a\u011fda\u015f bir yorum getirerek incelik ile sessiz duru\u015fu dengeler.<\/p>\n<h3 data-section-id=\"x7yizb\" data-start=\"795\" data-end=\"812\">Zanaatkarl\u0131k<\/h3>\n<p data-start=\"814\" data-end=\"1194\">Zengin 22 ayar sar\u0131 alt\u0131ndan \u00fcretilen bu ince kutu zincir, p\u00fcr\u00fczs\u00fcz hareket, dayan\u0131kl\u0131l\u0131k ve zarif bir y\u00fczey elde etmek i\u00e7in \u00f6zenle bir araya getirilmi\u015ftir. Yap\u0131land\u0131r\u0131lm\u0131\u015f kutu baklalar, g\u00fcnl\u00fck kullan\u0131m i\u00e7in g\u00fcc\u00fcn\u00fc korurken ciltte zarif bir his uyand\u0131ran dengeli bir doku olu\u015fturur. Her bir zincir \u0130ngiltere'de Londra Assay Office taraf\u0131ndan damgalanarak alt\u0131n\u0131n safl\u0131\u011f\u0131 ve i\u015f\u00e7ili\u011fi belgelenmi\u015ftir.<\/p>\n<h3 data-section-id=\"ubwg26\" data-start=\"1196\" data-end=\"1217\">\u015eekillendirme &amp; Hediyele\u015fme<\/h3>\n<p data-start=\"1219\" data-end=\"1633\" data-is-last-node=\"\" data-is-only-node=\"\">Katmanlamak veya tek ba\u015f\u0131na takmak i\u00e7in m\u00fckemmel olan bu \u00e7ok y\u00f6nl\u00fc zincir, hem g\u00fcndelik hem de f\u0131rsat stilini kolayl\u0131kla tamamlar. \u015e\u0131k profili hafif kolye u\u00e7lar\u0131, madalyonlar ve \u00e7a\u011fda\u015f tak\u0131larla g\u00fczel bir uyum sa\u011flarken tek ba\u015f\u0131na zarif bir par\u00e7a olarak kal\u0131r. Do\u011fum g\u00fcnleri, y\u0131l d\u00f6n\u00fcmleri, mezuniyetler ve anlaml\u0131 d\u00f6n\u00fcm noktalar\u0131 i\u00e7in zamans\u0131z bir hediye se\u00e7ene\u011fi olan bu zincir, her m\u00fccevher koleksiyonuna zarif bir sadelik getiriyor.<\/p>","protected":false},"excerpt":{"rendered":"<p>Zahmetsiz g\u00fcnl\u00fck kullan\u0131m ve zarif kolye ucu stili i\u00e7in tasarlanm\u0131\u015f, \u015f\u0131k geometrik profile sahip zarif 22 ayar alt\u0131n kutu zincir.<\/p>\n<p><strong>Malzeme<\/strong>: 22 Ayar Alt\u0131n (91,6% saf alt\u0131n)<br \/>\n<strong>Hallmark<\/strong>: \u0130ngiliz Hallmark<br \/>\n<strong>A\u011f\u0131rl\u0131k <\/strong>: 4.67<br \/>\n<b>Kal\u0131nl\u0131k<\/b>: 1mm<br \/>\n<strong>Uzunluk:<\/strong> 18 in\u00e7<br \/>\n<strong>SKU:<\/strong> 55345, 55344, 55343, 55342, 55339<\/p>\n<p><strong>Fiyat ve Teslimat:<\/strong>\u00a0KDV ve teslimat \u00fccreti dahil<br \/>\n<a href=\"https:\/\/www.purejewels.com\/tr\/i%cc%87ade-poli%cc%87ti%cc%87kasi\/\">\u0130ade Politikas\u0131<\/a><\/p>","protected":false},"featured_media":327533,"comment_status":"closed","ping_status":"closed","template":"","meta":{"_eb_attr":"","_crsspst_to_jayantr4sg-hostcom":true},"product_brand":[],"product_cat":[5014,1559,5267,1794,1793,1475,1229,1773,1575,1574],"product_tag":[3990,65,1430],"class_list":{"0":"post-429515","1":"product","2":"type-product","3":"status-publish","4":"has-post-thumbnail","6":"product_cat-18-inch-ladies-chain","7":"product_cat-birthday-gifts","8":"product_cat-box-chain","9":"product_cat-christmas-gifts","10":"product_cat-diwali-gifts","11":"product_cat-gold-chains","12":"product_cat-22ct-gold-jewellery","13":"product_cat-ladies-chains","14":"product_cat-teenage-jewellery","15":"product_cat-womens-jewellery","16":"product_tag-22-carat-gold-chain","17":"product_tag-chains","18":"product_tag-diwali-gift","20":"first","21":"instock","22":"taxable","23":"shipping-taxable","24":"purchasable","25":"product-type-simple","26":"add-to-wishlist-before_image"},"yoast_head":"<!-- This site is optimized with the Yoast SEO plugin v27.5 - https:\/\/yoast.com\/product\/yoast-seo-wordpress\/ -->\n<title>22ct Gold Fine Box Chain | Minimal Gold Chain \u2013 PureJewels UK<\/title>\n<meta name=\"description\" content=\"Shop the 22ct Gold Fine Box Chain from PureJewels UK. A sleek and versatile hallmarked gold chain designed for layering, pendants, and everyday elegance.\" \/>\n<meta name=\"robots\" content=\"index, follow, max-snippet:-1, max-image-preview:large, max-video-preview:-1\" \/>\n<link rel=\"canonical\" href=\"https:\/\/www.purejewels.com\/tr\/urun\/22-ayar-altin-ince-kutu-zincir-55345\/\" \/>\n<meta property=\"og:locale\" content=\"tr_TR\" \/>\n<meta property=\"og:type\" content=\"article\" \/>\n<meta property=\"og:title\" content=\"22ct Gold Fine Box Chain | Minimal Gold Chain \u2013 PureJewels UK\" \/>\n<meta property=\"og:description\" content=\"Shop the 22ct Gold Fine Box Chain from PureJewels UK. A sleek and versatile hallmarked gold chain designed for layering, pendants, and everyday elegance.\" \/>\n<meta property=\"og:url\" content=\"https:\/\/www.purejewels.com\/tr\/urun\/22-ayar-altin-ince-kutu-zincir-55345\/\" \/>\n<meta property=\"og:site_name\" content=\"PureJewels UK\" \/>\n<meta property=\"article:modified_time\" content=\"2026-05-06T11:53:59+00:00\" \/>\n<meta property=\"og:image\" content=\"https:\/\/static.purejewels.com\/wp-content\/uploads\/2021\/04\/33032-1.jpg\" \/>\n\t<meta property=\"og:image:width\" content=\"1000\" \/>\n\t<meta property=\"og:image:height\" content=\"1000\" \/>\n\t<meta property=\"og:image:type\" content=\"image\/jpeg\" \/>\n<meta name=\"twitter:card\" content=\"summary_large_image\" \/>\n<meta name=\"twitter:label1\" content=\"Tahmini okuma s\u00fcresi\" \/>\n\t<meta name=\"twitter:data1\" content=\"1 dakika\" \/>\n<script type=\"application\/ld+json\" class=\"yoast-schema-graph\">{\"@context\":\"https:\\\/\\\/schema.org\",\"@graph\":[{\"@type\":[\"WebPage\",\"ItemPage\"],\"@id\":\"https:\\\/\\\/www.purejewels.com\\\/product\\\/22ct-gold-fine-box-chain-55345\\\/\",\"url\":\"https:\\\/\\\/www.purejewels.com\\\/product\\\/22ct-gold-fine-box-chain-55345\\\/\",\"name\":\"22ct Gold Fine Box Chain | Minimal Gold Chain \u2013 PureJewels UK\",\"isPartOf\":{\"@id\":\"https:\\\/\\\/www.purejewels.com\\\/#website\"},\"primaryImageOfPage\":{\"@id\":\"https:\\\/\\\/www.purejewels.com\\\/product\\\/22ct-gold-fine-box-chain-55345\\\/#primaryimage\"},\"image\":{\"@id\":\"https:\\\/\\\/www.purejewels.com\\\/product\\\/22ct-gold-fine-box-chain-55345\\\/#primaryimage\"},\"thumbnailUrl\":\"https:\\\/\\\/static.purejewels.com\\\/wp-content\\\/uploads\\\/2021\\\/04\\\/33032-1.jpg\",\"datePublished\":\"2026-01-06T12:42:39+00:00\",\"dateModified\":\"2026-05-06T11:53:59+00:00\",\"description\":\"Shop the 22ct Gold Fine Box Chain from PureJewels UK. A sleek and versatile hallmarked gold chain designed for layering, pendants, and everyday elegance.\",\"breadcrumb\":{\"@id\":\"https:\\\/\\\/www.purejewels.com\\\/product\\\/22ct-gold-fine-box-chain-55345\\\/#breadcrumb\"},\"inLanguage\":\"tr\",\"potentialAction\":[{\"@type\":\"ReadAction\",\"target\":[\"https:\\\/\\\/www.purejewels.com\\\/product\\\/22ct-gold-fine-box-chain-55345\\\/\"]}]},{\"@type\":\"ImageObject\",\"inLanguage\":\"tr\",\"@id\":\"https:\\\/\\\/www.purejewels.com\\\/product\\\/22ct-gold-fine-box-chain-55345\\\/#primaryimage\",\"url\":\"https:\\\/\\\/static.purejewels.com\\\/wp-content\\\/uploads\\\/2021\\\/04\\\/33032-1.jpg\",\"contentUrl\":\"https:\\\/\\\/static.purejewels.com\\\/wp-content\\\/uploads\\\/2021\\\/04\\\/33032-1.jpg\",\"width\":1000,\"height\":1000,\"caption\":\"18ct Yellow Gold Box Chain | 18 Inches\"},{\"@type\":\"BreadcrumbList\",\"@id\":\"https:\\\/\\\/www.purejewels.com\\\/product\\\/22ct-gold-fine-box-chain-55345\\\/#breadcrumb\",\"itemListElement\":[{\"@type\":\"ListItem\",\"position\":1,\"name\":\"Home\",\"item\":\"https:\\\/\\\/www.purejewels.com\\\/\"},{\"@type\":\"ListItem\",\"position\":2,\"name\":\"Shop\",\"item\":\"https:\\\/\\\/www.purejewels.com\\\/shop\\\/\"},{\"@type\":\"ListItem\",\"position\":3,\"name\":\"22ct Gold Fine Box Chain | 18 Inch\"}]},{\"@type\":\"WebSite\",\"@id\":\"https:\\\/\\\/www.purejewels.com\\\/#website\",\"url\":\"https:\\\/\\\/www.purejewels.com\\\/\",\"name\":\"PureJewels UK\",\"description\":\"Share the Love\",\"publisher\":{\"@id\":\"https:\\\/\\\/www.purejewels.com\\\/#organization\"},\"potentialAction\":[{\"@type\":\"SearchAction\",\"target\":{\"@type\":\"EntryPoint\",\"urlTemplate\":\"https:\\\/\\\/www.purejewels.com\\\/?s={search_term_string}\"},\"query-input\":{\"@type\":\"PropertyValueSpecification\",\"valueRequired\":true,\"valueName\":\"search_term_string\"}}],\"inLanguage\":\"tr\"},{\"@type\":\"Organization\",\"@id\":\"https:\\\/\\\/www.purejewels.com\\\/#organization\",\"name\":\"PureJewels UK\",\"url\":\"https:\\\/\\\/www.purejewels.com\\\/\",\"logo\":{\"@type\":\"ImageObject\",\"inLanguage\":\"tr\",\"@id\":\"https:\\\/\\\/www.purejewels.com\\\/#\\\/schema\\\/logo\\\/image\\\/\",\"url\":\"https:\\\/\\\/static.purejewels.com\\\/wp-content\\\/uploads\\\/2020\\\/11\\\/Logo-PJ-New-1.png\",\"contentUrl\":\"https:\\\/\\\/static.purejewels.com\\\/wp-content\\\/uploads\\\/2020\\\/11\\\/Logo-PJ-New-1.png\",\"width\":150,\"height\":80,\"caption\":\"PureJewels UK\"},\"image\":{\"@id\":\"https:\\\/\\\/www.purejewels.com\\\/#\\\/schema\\\/logo\\\/image\\\/\"}}]}<\/script>\n<!-- \/ Yoast SEO plugin. -->","yoast_head_json":{"title":"22 Ayar Alt\u0131n \u0130nce Kutu Zincir | Minimal Alt\u0131n Zincir - PureJewels UK","description":"PureJewels UK'den 22 Ayar Alt\u0131n \u0130nce Kutu Zincir sat\u0131n al\u0131n. Katmanlar, kolyeler ve g\u00fcnl\u00fck \u015f\u0131kl\u0131k i\u00e7in tasarlanm\u0131\u015f \u015f\u0131k ve \u00e7ok y\u00f6nl\u00fc, damgal\u0131 alt\u0131n zincir.","robots":{"index":"index","follow":"follow","max-snippet":"max-snippet:-1","max-image-preview":"max-image-preview:large","max-video-preview":"max-video-preview:-1"},"canonical":"https:\/\/www.purejewels.com\/tr\/urun\/22-ayar-altin-ince-kutu-zincir-55345\/","og_locale":"tr_TR","og_type":"article","og_title":"22ct Gold Fine Box Chain | Minimal Gold Chain \u2013 PureJewels UK","og_description":"Shop the 22ct Gold Fine Box Chain from PureJewels UK. A sleek and versatile hallmarked gold chain designed for layering, pendants, and everyday elegance.","og_url":"https:\/\/www.purejewels.com\/tr\/urun\/22-ayar-altin-ince-kutu-zincir-55345\/","og_site_name":"PureJewels UK","article_modified_time":"2026-05-06T11:53:59+00:00","og_image":[{"width":1000,"height":1000,"url":"https:\/\/static.purejewels.com\/wp-content\/uploads\/2021\/04\/33032-1.jpg","type":"image\/jpeg"}],"twitter_card":"summary_large_image","twitter_misc":{"Tahmini okuma s\u00fcresi":"1 dakika"},"schema":{"@context":"https:\/\/schema.org","@graph":[{"@type":["WebPage","ItemPage"],"@id":"https:\/\/www.purejewels.com\/product\/22ct-gold-fine-box-chain-55345\/","url":"https:\/\/www.purejewels.com\/product\/22ct-gold-fine-box-chain-55345\/","name":"22 Ayar Alt\u0131n \u0130nce Kutu Zincir | Minimal Alt\u0131n Zincir - PureJewels UK","isPartOf":{"@id":"https:\/\/www.purejewels.com\/#website"},"primaryImageOfPage":{"@id":"https:\/\/www.purejewels.com\/product\/22ct-gold-fine-box-chain-55345\/#primaryimage"},"image":{"@id":"https:\/\/www.purejewels.com\/product\/22ct-gold-fine-box-chain-55345\/#primaryimage"},"thumbnailUrl":"https:\/\/static.purejewels.com\/wp-content\/uploads\/2021\/04\/33032-1.jpg","datePublished":"2026-01-06T12:42:39+00:00","dateModified":"2026-05-06T11:53:59+00:00","description":"PureJewels UK'den 22 Ayar Alt\u0131n \u0130nce Kutu Zincir sat\u0131n al\u0131n. Katmanlar, kolyeler ve g\u00fcnl\u00fck \u015f\u0131kl\u0131k i\u00e7in tasarlanm\u0131\u015f \u015f\u0131k ve \u00e7ok y\u00f6nl\u00fc, damgal\u0131 alt\u0131n zincir.","breadcrumb":{"@id":"https:\/\/www.purejewels.com\/product\/22ct-gold-fine-box-chain-55345\/#breadcrumb"},"inLanguage":"tr","potentialAction":[{"@type":"ReadAction","target":["https:\/\/www.purejewels.com\/product\/22ct-gold-fine-box-chain-55345\/"]}]},{"@type":"ImageObject","inLanguage":"tr","@id":"https:\/\/www.purejewels.com\/product\/22ct-gold-fine-box-chain-55345\/#primaryimage","url":"https:\/\/static.purejewels.com\/wp-content\/uploads\/2021\/04\/33032-1.jpg","contentUrl":"https:\/\/static.purejewels.com\/wp-content\/uploads\/2021\/04\/33032-1.jpg","width":1000,"height":1000,"caption":"18ct Yellow Gold Box Chain | 18 Inches"},{"@type":"BreadcrumbList","@id":"https:\/\/www.purejewels.com\/product\/22ct-gold-fine-box-chain-55345\/#breadcrumb","itemListElement":[{"@type":"ListItem","position":1,"name":"Home","item":"https:\/\/www.purejewels.com\/"},{"@type":"ListItem","position":2,"name":"Shop","item":"https:\/\/www.purejewels.com\/shop\/"},{"@type":"ListItem","position":3,"name":"22ct Gold Fine Box Chain | 18 Inch"}]},{"@type":"WebSite","@id":"https:\/\/www.purejewels.com\/#website","url":"https:\/\/www.purejewels.com\/","name":"PureJewels \u0130ngiltere","description":"Sevgiyi Payla\u015f\u0131n","publisher":{"@id":"https:\/\/www.purejewels.com\/#organization"},"potentialAction":[{"@type":"SearchAction","target":{"@type":"EntryPoint","urlTemplate":"https:\/\/www.purejewels.com\/?s={search_term_string}"},"query-input":{"@type":"PropertyValueSpecification","valueRequired":true,"valueName":"search_term_string"}}],"inLanguage":"tr"},{"@type":"Organization","@id":"https:\/\/www.purejewels.com\/#organization","name":"PureJewels \u0130ngiltere","url":"https:\/\/www.purejewels.com\/","logo":{"@type":"ImageObject","inLanguage":"tr","@id":"https:\/\/www.purejewels.com\/#\/schema\/logo\/image\/","url":"https:\/\/static.purejewels.com\/wp-content\/uploads\/2020\/11\/Logo-PJ-New-1.png","contentUrl":"https:\/\/static.purejewels.com\/wp-content\/uploads\/2020\/11\/Logo-PJ-New-1.png","width":150,"height":80,"caption":"PureJewels UK"},"image":{"@id":"https:\/\/www.purejewels.com\/#\/schema\/logo\/image\/"}}]}},"_links":{"self":[{"href":"https:\/\/www.purejewels.com\/tr\/wp-json\/wp\/v2\/product\/429515","targetHints":{"allow":["GET"]}}],"collection":[{"href":"https:\/\/www.purejewels.com\/tr\/wp-json\/wp\/v2\/product"}],"about":[{"href":"https:\/\/www.purejewels.com\/tr\/wp-json\/wp\/v2\/types\/product"}],"replies":[{"embeddable":true,"href":"https:\/\/www.purejewels.com\/tr\/wp-json\/wp\/v2\/comments?post=429515"}],"version-history":[{"count":1,"href":"https:\/\/www.purejewels.com\/tr\/wp-json\/wp\/v2\/product\/429515\/revisions"}],"predecessor-version":[{"id":429516,"href":"https:\/\/www.purejewels.com\/tr\/wp-json\/wp\/v2\/product\/429515\/revisions\/429516"}],"wp:featuredmedia":[{"embeddable":true,"href":"https:\/\/www.purejewels.com\/tr\/wp-json\/wp\/v2\/media\/327533"}],"wp:attachment":[{"href":"https:\/\/www.purejewels.com\/tr\/wp-json\/wp\/v2\/media?parent=429515"}],"wp:term":[{"taxonomy":"product_brand","embeddable":true,"href":"https:\/\/www.purejewels.com\/tr\/wp-json\/wp\/v2\/product_brand?post=429515"},{"taxonomy":"product_cat","embeddable":true,"href":"https:\/\/www.purejewels.com\/tr\/wp-json\/wp\/v2\/product_cat?post=429515"},{"taxonomy":"product_tag","embeddable":true,"href":"https:\/\/www.purejewels.com\/tr\/wp-json\/wp\/v2\/product_tag?post=429515"}],"curies":[{"name":"wp","href":"https:\/\/api.w.org\/{rel}","templated":true}]}}