{"id":429578,"date":"2026-01-08T07:25:53","date_gmt":"2026-01-08T07:25:53","guid":{"rendered":"https:\/\/www.purejewels.com\/?post_type=product&#038;p=429578"},"modified":"2026-05-12T11:13:05","modified_gmt":"2026-05-12T10:13:05","slug":"ince-22-ayar-altin-kutu-zincir-55620","status":"publish","type":"product","link":"https:\/\/www.purejewels.com\/tr\/product\/slim-22ct-gold-box-chain-55620\/","title":{"rendered":"\u0130nce 22 Ayar Alt\u0131n Kutu Zincir"},"content":{"rendered":"<h4 data-start=\"1224\" data-end=\"1245\">Tasar\u0131m Konsepti<\/h4>\n<p data-start=\"1246\" data-end=\"1589\">Temiz \u00e7izgiler ve modern sadelikten ilham alan \u0130nce Kutu Zincir, yap\u0131y\u0131 yumu\u015fakl\u0131kla dengeler. Geometrik kutu baklalar rafine bir mimari ritim yarat\u0131rken zincirin do\u011fal ve rahat bir \u015fekilde sarkmas\u0131n\u0131 sa\u011flar. Hem \u00e7a\u011fda\u015f hem de geleneksel stili tamamlamak \u00fczere tasarlanan bu \u00fcr\u00fcn, her g\u00fcn tak\u0131labilecek sessiz bir l\u00fcks\u00fc yans\u0131t\u0131yor.<\/p>\n<h4 data-start=\"1591\" data-end=\"1611\">Zanaatkarl\u0131k<\/h4>\n<p data-start=\"1612\" data-end=\"1955\">22 ayar alt\u0131ndan ustal\u0131kla \u00fcretilen her bir kutu bakla, d\u00fczg\u00fcn hareket, dayan\u0131kl\u0131l\u0131k ve kusursuz bir biti\u015f sa\u011flamak i\u00e7in \u00f6zenle \u015fekillendirilmi\u015f ve monte edilmi\u015ftir. Zincir, metalin zengin alt\u0131n tonunu ve do\u011fal parlakl\u0131\u011f\u0131n\u0131 artt\u0131rmak i\u00e7in parlat\u0131lm\u0131\u015ft\u0131r. Orijinallik damgas\u0131 ta\u015f\u0131yan zincir, PureJewels'in i\u015f\u00e7ilik, safl\u0131k ve kal\u0131c\u0131 kaliteye olan ba\u011fl\u0131l\u0131\u011f\u0131n\u0131 temsil eder.<\/p>\n<h4 data-start=\"1957\" data-end=\"1977\">Stil Fikirleri<\/h4>\n<p data-start=\"1978\" data-end=\"2060\">\u0130nce 22 Ayar Alt\u0131n Kutu Zincir, \u00e7ok y\u00f6nl\u00fcl\u00fck ve zahmetsiz stil i\u00e7in tasarlanm\u0131\u015ft\u0131r.<\/p>\n<ul data-start=\"2062\" data-end=\"2327\">\n<li data-section-id=\"yfeip5\" data-start=\"2062\" data-end=\"2103\">Zarif ve minimal bir g\u00f6r\u00fcn\u00fcm i\u00e7in tek ba\u015f\u0131na kullan\u0131n<\/li>\n<li data-section-id=\"1fw1qv5\" data-start=\"2104\" data-end=\"2159\">Modern stil i\u00e7in farkl\u0131 zincir uzunluklar\u0131yla katmanlay\u0131n<\/li>\n<li data-section-id=\"19izmnq\" data-start=\"2160\" data-end=\"2212\">Hafif kolyeler veya elmas tak\u0131lar ile e\u015fle\u015ftirin<\/li>\n<li data-section-id=\"drr1b0\" data-start=\"2213\" data-end=\"2268\">Hem g\u00fcndelik hem de \u00f6zel g\u00fcn k\u0131yafetleriyle sorunsuz bir \u015fekilde stil olu\u015fturun<\/li>\n<li data-section-id=\"18tlqn9\" data-start=\"2269\" data-end=\"2327\">T\u00fcm nesillere uygun zarif bir g\u00fcnl\u00fck zincir<\/li>\n<\/ul>","protected":false},"excerpt":{"rendered":"<p>Zarif ve hafif Slim 22 Ayar Alt\u0131n Kutu Zincir, \u015f\u0131k ve ak\u0131c\u0131 bir g\u00f6r\u00fcn\u00fcm i\u00e7in parlak sar\u0131 alt\u0131ndan ince kare baklalarla \u00fcretilmi\u015ftir. Zahmetsiz katmanlama ve rafine stil i\u00e7in tasarlanm\u0131\u015f zamans\u0131z bir g\u00fcnl\u00fck vazge\u00e7ilmez.<\/p>\n<p><strong>Malzeme<\/strong>: 22 Ayar Alt\u0131n (91,6% saf alt\u0131n)<br \/>\n<strong>Hallmark<\/strong>: \u0130ngiliz Hallmark<br \/>\n<strong>A\u011f\u0131rl\u0131k <\/strong>: 6.35<br \/>\n<b>Kal\u0131nl\u0131k<\/b>: 1.1mm<br \/>\n<strong>Uzunluk:<\/strong> 18 in\u00e7<br \/>\n<strong>SKU:<\/strong> 55622, 55620<\/p>\n<p><strong>Fiyat ve Teslimat:<\/strong>\u00a0KDV ve teslimat \u00fccreti dahil<br \/>\n<a href=\"https:\/\/www.purejewels.com\/tr\/i%cc%87ade-poli%cc%87ti%cc%87kasi\/\">\u0130ade Politikas\u0131<\/a><\/p>","protected":false},"featured_media":327533,"comment_status":"closed","ping_status":"closed","template":"","meta":{"_eb_attr":"","_crsspst_to_jayantr4sg-hostcom":true},"product_brand":[],"product_cat":[5014,1559,5267,1794,1793,1475,1229,1773,1575,1574,5349],"product_tag":[3990,65,1430],"class_list":{"0":"post-429578","1":"product","2":"type-product","3":"status-publish","4":"has-post-thumbnail","6":"product_cat-18-inch-ladies-chain","7":"product_cat-birthday-gifts","8":"product_cat-box-chain","9":"product_cat-christmas-gifts","10":"product_cat-diwali-gifts","11":"product_cat-gold-chains","12":"product_cat-22ct-gold-jewellery","13":"product_cat-ladies-chains","14":"product_cat-teenage-jewellery","15":"product_cat-womens-jewellery","16":"product_cat-yellow-gold-jewellery","17":"product_tag-22-carat-gold-chain","18":"product_tag-chains","19":"product_tag-diwali-gift","21":"first","22":"instock","23":"taxable","24":"shipping-taxable","25":"purchasable","26":"product-type-simple","27":"add-to-wishlist-before_image"},"yoast_head":"<!-- This site is optimized with the Yoast SEO plugin v27.5 - https:\/\/yoast.com\/product\/yoast-seo-wordpress\/ -->\n<title>Slim 22ct Gold Box Chain | Fine Yellow Gold Chain Necklace<\/title>\n<meta name=\"description\" content=\"Discover the Slim 22ct Gold Box Chain crafted in radiant yellow gold with sleek box links and a refined lightweight profile. A timeless gold chain perfect for layering.\" \/>\n<meta name=\"robots\" content=\"index, follow, max-snippet:-1, max-image-preview:large, max-video-preview:-1\" \/>\n<link rel=\"canonical\" href=\"https:\/\/www.purejewels.com\/tr\/urun\/ince-22-ayar-altin-kutu-zincir-55620\/\" \/>\n<meta property=\"og:locale\" content=\"tr_TR\" \/>\n<meta property=\"og:type\" content=\"article\" \/>\n<meta property=\"og:title\" content=\"Slim 22ct Gold Box Chain | Fine Yellow Gold Chain Necklace\" \/>\n<meta property=\"og:description\" content=\"Discover the Slim 22ct Gold Box Chain crafted in radiant yellow gold with sleek box links and a refined lightweight profile. A timeless gold chain perfect for layering.\" \/>\n<meta property=\"og:url\" content=\"https:\/\/www.purejewels.com\/tr\/urun\/ince-22-ayar-altin-kutu-zincir-55620\/\" \/>\n<meta property=\"og:site_name\" content=\"PureJewels UK\" \/>\n<meta property=\"article:modified_time\" content=\"2026-05-12T10:13:05+00:00\" \/>\n<meta property=\"og:image\" content=\"https:\/\/static.purejewels.com\/wp-content\/uploads\/2021\/04\/33032-1.jpg\" \/>\n\t<meta property=\"og:image:width\" content=\"1000\" \/>\n\t<meta property=\"og:image:height\" content=\"1000\" \/>\n\t<meta property=\"og:image:type\" content=\"image\/jpeg\" \/>\n<meta name=\"twitter:card\" content=\"summary_large_image\" \/>\n<meta name=\"twitter:label1\" content=\"Tahmini okuma s\u00fcresi\" \/>\n\t<meta name=\"twitter:data1\" content=\"1 dakika\" \/>\n<script type=\"application\/ld+json\" class=\"yoast-schema-graph\">{\"@context\":\"https:\\\/\\\/schema.org\",\"@graph\":[{\"@type\":[\"WebPage\",\"ItemPage\"],\"@id\":\"https:\\\/\\\/www.purejewels.com\\\/product\\\/slim-22ct-gold-box-chain-55620\\\/\",\"url\":\"https:\\\/\\\/www.purejewels.com\\\/product\\\/slim-22ct-gold-box-chain-55620\\\/\",\"name\":\"Slim 22ct Gold Box Chain | Fine Yellow Gold Chain Necklace\",\"isPartOf\":{\"@id\":\"https:\\\/\\\/www.purejewels.com\\\/#website\"},\"primaryImageOfPage\":{\"@id\":\"https:\\\/\\\/www.purejewels.com\\\/product\\\/slim-22ct-gold-box-chain-55620\\\/#primaryimage\"},\"image\":{\"@id\":\"https:\\\/\\\/www.purejewels.com\\\/product\\\/slim-22ct-gold-box-chain-55620\\\/#primaryimage\"},\"thumbnailUrl\":\"https:\\\/\\\/static.purejewels.com\\\/wp-content\\\/uploads\\\/2021\\\/04\\\/33032-1.jpg\",\"datePublished\":\"2026-01-08T07:25:53+00:00\",\"dateModified\":\"2026-05-12T10:13:05+00:00\",\"description\":\"Discover the Slim 22ct Gold Box Chain crafted in radiant yellow gold with sleek box links and a refined lightweight profile. A timeless gold chain perfect for layering.\",\"breadcrumb\":{\"@id\":\"https:\\\/\\\/www.purejewels.com\\\/product\\\/slim-22ct-gold-box-chain-55620\\\/#breadcrumb\"},\"inLanguage\":\"tr\",\"potentialAction\":[{\"@type\":\"ReadAction\",\"target\":[\"https:\\\/\\\/www.purejewels.com\\\/product\\\/slim-22ct-gold-box-chain-55620\\\/\"]}]},{\"@type\":\"ImageObject\",\"inLanguage\":\"tr\",\"@id\":\"https:\\\/\\\/www.purejewels.com\\\/product\\\/slim-22ct-gold-box-chain-55620\\\/#primaryimage\",\"url\":\"https:\\\/\\\/static.purejewels.com\\\/wp-content\\\/uploads\\\/2021\\\/04\\\/33032-1.jpg\",\"contentUrl\":\"https:\\\/\\\/static.purejewels.com\\\/wp-content\\\/uploads\\\/2021\\\/04\\\/33032-1.jpg\",\"width\":1000,\"height\":1000,\"caption\":\"18ct Yellow Gold Box Chain | 18 Inches\"},{\"@type\":\"BreadcrumbList\",\"@id\":\"https:\\\/\\\/www.purejewels.com\\\/product\\\/slim-22ct-gold-box-chain-55620\\\/#breadcrumb\",\"itemListElement\":[{\"@type\":\"ListItem\",\"position\":1,\"name\":\"Home\",\"item\":\"https:\\\/\\\/www.purejewels.com\\\/\"},{\"@type\":\"ListItem\",\"position\":2,\"name\":\"Shop\",\"item\":\"https:\\\/\\\/www.purejewels.com\\\/shop\\\/\"},{\"@type\":\"ListItem\",\"position\":3,\"name\":\"Slim 22ct Gold Box Chain\"}]},{\"@type\":\"WebSite\",\"@id\":\"https:\\\/\\\/www.purejewels.com\\\/#website\",\"url\":\"https:\\\/\\\/www.purejewels.com\\\/\",\"name\":\"PureJewels UK\",\"description\":\"Share the Love\",\"publisher\":{\"@id\":\"https:\\\/\\\/www.purejewels.com\\\/#organization\"},\"potentialAction\":[{\"@type\":\"SearchAction\",\"target\":{\"@type\":\"EntryPoint\",\"urlTemplate\":\"https:\\\/\\\/www.purejewels.com\\\/?s={search_term_string}\"},\"query-input\":{\"@type\":\"PropertyValueSpecification\",\"valueRequired\":true,\"valueName\":\"search_term_string\"}}],\"inLanguage\":\"tr\"},{\"@type\":\"Organization\",\"@id\":\"https:\\\/\\\/www.purejewels.com\\\/#organization\",\"name\":\"PureJewels UK\",\"url\":\"https:\\\/\\\/www.purejewels.com\\\/\",\"logo\":{\"@type\":\"ImageObject\",\"inLanguage\":\"tr\",\"@id\":\"https:\\\/\\\/www.purejewels.com\\\/#\\\/schema\\\/logo\\\/image\\\/\",\"url\":\"https:\\\/\\\/static.purejewels.com\\\/wp-content\\\/uploads\\\/2020\\\/11\\\/Logo-PJ-New-1.png\",\"contentUrl\":\"https:\\\/\\\/static.purejewels.com\\\/wp-content\\\/uploads\\\/2020\\\/11\\\/Logo-PJ-New-1.png\",\"width\":150,\"height\":80,\"caption\":\"PureJewels UK\"},\"image\":{\"@id\":\"https:\\\/\\\/www.purejewels.com\\\/#\\\/schema\\\/logo\\\/image\\\/\"}}]}<\/script>\n<!-- \/ Yoast SEO plugin. -->","yoast_head_json":{"title":"\u0130nce 22 Ayar Alt\u0131n Kutu Zincir | \u0130nce Sar\u0131 Alt\u0131n Zincir Kolye","description":"\u015e\u0131k kutu baklalar\u0131 ve zarif, hafif profiliyle \u0131\u015f\u0131lt\u0131l\u0131 sar\u0131 alt\u0131ndan \u00fcretilen Slim 22ct Alt\u0131n Kutu Zinciri ke\u015ffedin. Katmanlar i\u00e7in m\u00fckemmel, zamans\u0131z bir alt\u0131n zincir.","robots":{"index":"index","follow":"follow","max-snippet":"max-snippet:-1","max-image-preview":"max-image-preview:large","max-video-preview":"max-video-preview:-1"},"canonical":"https:\/\/www.purejewels.com\/tr\/urun\/ince-22-ayar-altin-kutu-zincir-55620\/","og_locale":"tr_TR","og_type":"article","og_title":"Slim 22ct Gold Box Chain | Fine Yellow Gold Chain Necklace","og_description":"Discover the Slim 22ct Gold Box Chain crafted in radiant yellow gold with sleek box links and a refined lightweight profile. A timeless gold chain perfect for layering.","og_url":"https:\/\/www.purejewels.com\/tr\/urun\/ince-22-ayar-altin-kutu-zincir-55620\/","og_site_name":"PureJewels UK","article_modified_time":"2026-05-12T10:13:05+00:00","og_image":[{"width":1000,"height":1000,"url":"https:\/\/static.purejewels.com\/wp-content\/uploads\/2021\/04\/33032-1.jpg","type":"image\/jpeg"}],"twitter_card":"summary_large_image","twitter_misc":{"Tahmini okuma s\u00fcresi":"1 dakika"},"schema":{"@context":"https:\/\/schema.org","@graph":[{"@type":["WebPage","ItemPage"],"@id":"https:\/\/www.purejewels.com\/product\/slim-22ct-gold-box-chain-55620\/","url":"https:\/\/www.purejewels.com\/product\/slim-22ct-gold-box-chain-55620\/","name":"\u0130nce 22 Ayar Alt\u0131n Kutu Zincir | \u0130nce Sar\u0131 Alt\u0131n Zincir Kolye","isPartOf":{"@id":"https:\/\/www.purejewels.com\/#website"},"primaryImageOfPage":{"@id":"https:\/\/www.purejewels.com\/product\/slim-22ct-gold-box-chain-55620\/#primaryimage"},"image":{"@id":"https:\/\/www.purejewels.com\/product\/slim-22ct-gold-box-chain-55620\/#primaryimage"},"thumbnailUrl":"https:\/\/static.purejewels.com\/wp-content\/uploads\/2021\/04\/33032-1.jpg","datePublished":"2026-01-08T07:25:53+00:00","dateModified":"2026-05-12T10:13:05+00:00","description":"\u015e\u0131k kutu baklalar\u0131 ve zarif, hafif profiliyle \u0131\u015f\u0131lt\u0131l\u0131 sar\u0131 alt\u0131ndan \u00fcretilen Slim 22ct Alt\u0131n Kutu Zinciri ke\u015ffedin. Katmanlar i\u00e7in m\u00fckemmel, zamans\u0131z bir alt\u0131n zincir.","breadcrumb":{"@id":"https:\/\/www.purejewels.com\/product\/slim-22ct-gold-box-chain-55620\/#breadcrumb"},"inLanguage":"tr","potentialAction":[{"@type":"ReadAction","target":["https:\/\/www.purejewels.com\/product\/slim-22ct-gold-box-chain-55620\/"]}]},{"@type":"ImageObject","inLanguage":"tr","@id":"https:\/\/www.purejewels.com\/product\/slim-22ct-gold-box-chain-55620\/#primaryimage","url":"https:\/\/static.purejewels.com\/wp-content\/uploads\/2021\/04\/33032-1.jpg","contentUrl":"https:\/\/static.purejewels.com\/wp-content\/uploads\/2021\/04\/33032-1.jpg","width":1000,"height":1000,"caption":"18ct Yellow Gold Box Chain | 18 Inches"},{"@type":"BreadcrumbList","@id":"https:\/\/www.purejewels.com\/product\/slim-22ct-gold-box-chain-55620\/#breadcrumb","itemListElement":[{"@type":"ListItem","position":1,"name":"Home","item":"https:\/\/www.purejewels.com\/"},{"@type":"ListItem","position":2,"name":"Shop","item":"https:\/\/www.purejewels.com\/shop\/"},{"@type":"ListItem","position":3,"name":"Slim 22ct Gold Box Chain"}]},{"@type":"WebSite","@id":"https:\/\/www.purejewels.com\/#website","url":"https:\/\/www.purejewels.com\/","name":"PureJewels \u0130ngiltere","description":"Sevgiyi Payla\u015f\u0131n","publisher":{"@id":"https:\/\/www.purejewels.com\/#organization"},"potentialAction":[{"@type":"SearchAction","target":{"@type":"EntryPoint","urlTemplate":"https:\/\/www.purejewels.com\/?s={search_term_string}"},"query-input":{"@type":"PropertyValueSpecification","valueRequired":true,"valueName":"search_term_string"}}],"inLanguage":"tr"},{"@type":"Organization","@id":"https:\/\/www.purejewels.com\/#organization","name":"PureJewels \u0130ngiltere","url":"https:\/\/www.purejewels.com\/","logo":{"@type":"ImageObject","inLanguage":"tr","@id":"https:\/\/www.purejewels.com\/#\/schema\/logo\/image\/","url":"https:\/\/static.purejewels.com\/wp-content\/uploads\/2020\/11\/Logo-PJ-New-1.png","contentUrl":"https:\/\/static.purejewels.com\/wp-content\/uploads\/2020\/11\/Logo-PJ-New-1.png","width":150,"height":80,"caption":"PureJewels UK"},"image":{"@id":"https:\/\/www.purejewels.com\/#\/schema\/logo\/image\/"}}]}},"_links":{"self":[{"href":"https:\/\/www.purejewels.com\/tr\/wp-json\/wp\/v2\/product\/429578","targetHints":{"allow":["GET"]}}],"collection":[{"href":"https:\/\/www.purejewels.com\/tr\/wp-json\/wp\/v2\/product"}],"about":[{"href":"https:\/\/www.purejewels.com\/tr\/wp-json\/wp\/v2\/types\/product"}],"replies":[{"embeddable":true,"href":"https:\/\/www.purejewels.com\/tr\/wp-json\/wp\/v2\/comments?post=429578"}],"version-history":[{"count":2,"href":"https:\/\/www.purejewels.com\/tr\/wp-json\/wp\/v2\/product\/429578\/revisions"}],"predecessor-version":[{"id":429580,"href":"https:\/\/www.purejewels.com\/tr\/wp-json\/wp\/v2\/product\/429578\/revisions\/429580"}],"wp:featuredmedia":[{"embeddable":true,"href":"https:\/\/www.purejewels.com\/tr\/wp-json\/wp\/v2\/media\/327533"}],"wp:attachment":[{"href":"https:\/\/www.purejewels.com\/tr\/wp-json\/wp\/v2\/media?parent=429578"}],"wp:term":[{"taxonomy":"product_brand","embeddable":true,"href":"https:\/\/www.purejewels.com\/tr\/wp-json\/wp\/v2\/product_brand?post=429578"},{"taxonomy":"product_cat","embeddable":true,"href":"https:\/\/www.purejewels.com\/tr\/wp-json\/wp\/v2\/product_cat?post=429578"},{"taxonomy":"product_tag","embeddable":true,"href":"https:\/\/www.purejewels.com\/tr\/wp-json\/wp\/v2\/product_tag?post=429578"}],"curies":[{"name":"wp","href":"https:\/\/api.w.org\/{rel}","templated":true}]}}