{"id":429582,"date":"2026-01-08T08:43:29","date_gmt":"2026-01-08T08:43:29","guid":{"rendered":"https:\/\/www.purejewels.com\/?post_type=product&#038;p=429582"},"modified":"2026-05-08T08:55:07","modified_gmt":"2026-05-08T07:55:07","slug":"22-ayar-altin-kare-kutu-zincir-55619","status":"publish","type":"product","link":"https:\/\/www.purejewels.com\/tr\/product\/22ct-gold-square-box-chain-55619\/","title":{"rendered":"22 Ayar Alt\u0131n Kare Kutu Zincir"},"content":{"rendered":"<h4 data-start=\"1144\" data-end=\"1165\">Tasar\u0131m Konsepti<\/h4>\n<p data-start=\"1166\" data-end=\"1555\">Temiz mimari ve modern formdan ilham alan Kare Kutu Zincir, yap\u0131land\u0131r\u0131lm\u0131\u015f halka tasar\u0131m\u0131yla hassasiyeti ve dengeyi kutluyor. Tekrar eden kare deseni, hafif ve rahat bir his verirken ince bir ritim ve zarif bir simetri yarat\u0131r. Hem \u00e7a\u011fda\u015f hem de geleneksel m\u00fccevher stilini tamamlamak \u00fczere tasarlanan bu \u00fcr\u00fcn, her durum i\u00e7in zamans\u0131z bir \u00e7ok y\u00f6nl\u00fcl\u00fck sunar.<\/p>\n<h4 data-start=\"1557\" data-end=\"1577\">Zanaatkarl\u0131k<\/h4>\n<p data-start=\"1578\" data-end=\"1972\">Her bir bakla, kusursuz bir y\u00fczey ve p\u00fcr\u00fczs\u00fcz bir hareket elde etmek i\u00e7in y\u00fcksek safl\u0131kta 22 ayar alt\u0131ndan ustal\u0131kla i\u015flenmi\u015f ve bir araya getirilmi\u015ftir. Hassas yap\u0131 hem dayan\u0131kl\u0131l\u0131\u011f\u0131 hem de ak\u0131\u015fkanl\u0131\u011f\u0131 art\u0131rarak zincirin cilde rahat\u00e7a oturmas\u0131n\u0131 sa\u011flar. Parlak bir \u0131\u015f\u0131lt\u0131yla tamamlanan ve \u00f6zg\u00fcnl\u00fck damgas\u0131 ta\u015f\u0131yan bu par\u00e7a, PureJewels'in miras niteli\u011findeki i\u015f\u00e7ili\u011fe ve ola\u011fan\u00fcst\u00fc kaliteye olan ba\u011fl\u0131l\u0131\u011f\u0131n\u0131 yans\u0131tmaktad\u0131r.<\/p>\n<h4 data-start=\"1974\" data-end=\"1994\">Stil Fikirleri<\/h4>\n<p data-start=\"1995\" data-end=\"2077\">G\u00fcnl\u00fck stilinizi \u00e7abas\u0131z bir zarafetle y\u00fckseltmek i\u00e7in tasarlanm\u0131\u015f \u00e7ok y\u00f6nl\u00fc bir zincir.<\/p>\n<ul data-start=\"2079\" data-end=\"2363\">\n<li data-section-id=\"dowapv\" data-start=\"2079\" data-end=\"2127\">\u015e\u0131k ve minimal bir ifade i\u00e7in tek ba\u015f\u0131na giyin<\/li>\n<li data-section-id=\"5om97a\" data-start=\"2128\" data-end=\"2196\">\u00c7a\u011fda\u015f bir g\u00f6r\u00fcn\u00fcm i\u00e7in daha k\u0131sa veya daha uzun alt\u0131n zincirlerle katmanlay\u0131n<\/li>\n<li data-section-id=\"16l6uz4\" data-start=\"2197\" data-end=\"2248\">Anlaml\u0131 kolyeler veya elmas tak\u0131lar ile e\u015fle\u015ftirin<\/li>\n<li data-section-id=\"slojl2\" data-start=\"2249\" data-end=\"2311\">Hem \u00f6zel g\u00fcnler hem de g\u00fcnl\u00fck tak\u0131larla kusursuz stil<\/li>\n<li data-section-id=\"8ebj1o\" data-start=\"2312\" data-end=\"2363\">Zarif bir unisex alt\u0131n g\u00f6r\u00fcn\u00fcm\u00fc yaratmak i\u00e7in m\u00fckemmel<\/li>\n<\/ul>\n<p data-start=\"2365\" data-end=\"2457\" data-is-last-node=\"\" data-is-only-node=\"\">Sadeli\u011fi, hareketi ve zamans\u0131z alt\u0131n i\u015f\u00e7ili\u011fini kutlamak i\u00e7in haz\u0131rlanm\u0131\u015f modern bir klasik.<\/p>","protected":false},"excerpt":{"rendered":"<table class=\"sh_desc\">\n<tbody>\n<tr>\n<td>Zincir Tipi<\/td>\n<td>Kutu Zincir<\/td>\n<\/tr>\n<tr>\n<td>SKU<\/td>\n<td>55619<\/td>\n<\/tr>\n<tr>\n<td>A\u011f\u0131rl\u0131k<\/td>\n<td>5.85 Gms<\/td>\n<\/tr>\n<tr>\n<td>Metal<\/td>\n<td>22 Ayar Alt\u0131n<\/td>\n<\/tr>\n<tr>\n<td>Kal\u0131nl\u0131k<\/td>\n<td>1.2mm<\/td>\n<\/tr>\n<tr>\n<td>Uzunluk<\/td>\n<td>16 in\u00e7<\/td>\n<\/tr>\n<tr>\n<td>Hallmark<\/td>\n<td>Londra Tahlil Ofisi Taraf\u0131ndan Damgalanm\u0131\u015f 22 Ayar Alt\u0131n<\/td>\n<\/tr>\n<tr>\n<td>\u00dccretler<\/td>\n<td>Teslimat ve KDV Dahil<\/td>\n<\/tr>\n<tr>\n<td>Paketleme<\/td>\n<td>Sunum Kutusu ile Birlikte Gelir<\/td>\n<\/tr>\n<tr>\n<td>Daha Fazla Bilgi<\/td>\n<td>M\u00fcsaitlik durumu ve daha fazla resim i\u00e7in bizimle canl\u0131 sohbet edin<\/td>\n<\/tr>\n<\/tbody>\n<\/table>","protected":false},"featured_media":327533,"comment_status":"closed","ping_status":"closed","template":"","meta":{"_eb_attr":"","_crsspst_to_jayantr4sg-hostcom":true},"product_brand":[],"product_cat":[5013,5267,1576,1794,1475,1229,1773,1575,1574],"product_tag":[3990,65,1430],"class_list":{"0":"post-429582","1":"product","2":"type-product","3":"status-publish","4":"has-post-thumbnail","6":"product_cat-16-inch-ladies-chain","7":"product_cat-box-chain","8":"product_cat-childrens-jewellery","9":"product_cat-christmas-gifts","10":"product_cat-gold-chains","11":"product_cat-22ct-gold-jewellery","12":"product_cat-ladies-chains","13":"product_cat-teenage-jewellery","14":"product_cat-womens-jewellery","15":"product_tag-22-carat-gold-chain","16":"product_tag-chains","17":"product_tag-diwali-gift","19":"first","20":"instock","21":"taxable","22":"shipping-taxable","23":"purchasable","24":"product-type-simple","25":"add-to-wishlist-before_image"},"yoast_head":"<!-- This site is optimized with the Yoast SEO plugin v27.5 - https:\/\/yoast.com\/product\/yoast-seo-wordpress\/ -->\n<title>22ct Gold Square Box Chain | Classic Yellow Gold Chain Necklace<\/title>\n<meta name=\"description\" content=\"Explore the elegance of the 22ct Gold Square Box Chain, crafted in radiant yellow gold with sleek geometric links. A timeless gold chain designed for everyday wear.\" \/>\n<meta name=\"robots\" content=\"index, follow, max-snippet:-1, max-image-preview:large, max-video-preview:-1\" \/>\n<link rel=\"canonical\" href=\"https:\/\/www.purejewels.com\/tr\/urun\/22-ayar-altin-kare-kutu-zincir-55619\/\" \/>\n<meta property=\"og:locale\" content=\"tr_TR\" \/>\n<meta property=\"og:type\" content=\"article\" \/>\n<meta property=\"og:title\" content=\"22ct Gold Square Box Chain | Classic Yellow Gold Chain Necklace\" \/>\n<meta property=\"og:description\" content=\"Explore the elegance of the 22ct Gold Square Box Chain, crafted in radiant yellow gold with sleek geometric links. A timeless gold chain designed for everyday wear.\" \/>\n<meta property=\"og:url\" content=\"https:\/\/www.purejewels.com\/tr\/urun\/22-ayar-altin-kare-kutu-zincir-55619\/\" \/>\n<meta property=\"og:site_name\" content=\"PureJewels UK\" \/>\n<meta property=\"article:modified_time\" content=\"2026-05-08T07:55:07+00:00\" \/>\n<meta property=\"og:image\" content=\"https:\/\/static.purejewels.com\/wp-content\/uploads\/2021\/04\/33032-1.jpg\" \/>\n\t<meta property=\"og:image:width\" content=\"1000\" \/>\n\t<meta property=\"og:image:height\" content=\"1000\" \/>\n\t<meta property=\"og:image:type\" content=\"image\/jpeg\" \/>\n<meta name=\"twitter:card\" content=\"summary_large_image\" \/>\n<meta name=\"twitter:label1\" content=\"Tahmini okuma s\u00fcresi\" \/>\n\t<meta name=\"twitter:data1\" content=\"1 dakika\" \/>\n<script type=\"application\/ld+json\" class=\"yoast-schema-graph\">{\"@context\":\"https:\\\/\\\/schema.org\",\"@graph\":[{\"@type\":[\"WebPage\",\"ItemPage\"],\"@id\":\"https:\\\/\\\/www.purejewels.com\\\/product\\\/22ct-gold-square-box-chain-55619\\\/\",\"url\":\"https:\\\/\\\/www.purejewels.com\\\/product\\\/22ct-gold-square-box-chain-55619\\\/\",\"name\":\"22ct Gold Square Box Chain | Classic Yellow Gold Chain Necklace\",\"isPartOf\":{\"@id\":\"https:\\\/\\\/www.purejewels.com\\\/#website\"},\"primaryImageOfPage\":{\"@id\":\"https:\\\/\\\/www.purejewels.com\\\/product\\\/22ct-gold-square-box-chain-55619\\\/#primaryimage\"},\"image\":{\"@id\":\"https:\\\/\\\/www.purejewels.com\\\/product\\\/22ct-gold-square-box-chain-55619\\\/#primaryimage\"},\"thumbnailUrl\":\"https:\\\/\\\/static.purejewels.com\\\/wp-content\\\/uploads\\\/2021\\\/04\\\/33032-1.jpg\",\"datePublished\":\"2026-01-08T08:43:29+00:00\",\"dateModified\":\"2026-05-08T07:55:07+00:00\",\"description\":\"Explore the elegance of the 22ct Gold Square Box Chain, crafted in radiant yellow gold with sleek geometric links. A timeless gold chain designed for everyday wear.\",\"breadcrumb\":{\"@id\":\"https:\\\/\\\/www.purejewels.com\\\/product\\\/22ct-gold-square-box-chain-55619\\\/#breadcrumb\"},\"inLanguage\":\"tr\",\"potentialAction\":[{\"@type\":\"ReadAction\",\"target\":[\"https:\\\/\\\/www.purejewels.com\\\/product\\\/22ct-gold-square-box-chain-55619\\\/\"]}]},{\"@type\":\"ImageObject\",\"inLanguage\":\"tr\",\"@id\":\"https:\\\/\\\/www.purejewels.com\\\/product\\\/22ct-gold-square-box-chain-55619\\\/#primaryimage\",\"url\":\"https:\\\/\\\/static.purejewels.com\\\/wp-content\\\/uploads\\\/2021\\\/04\\\/33032-1.jpg\",\"contentUrl\":\"https:\\\/\\\/static.purejewels.com\\\/wp-content\\\/uploads\\\/2021\\\/04\\\/33032-1.jpg\",\"width\":1000,\"height\":1000,\"caption\":\"18ct Yellow Gold Box Chain | 18 Inches\"},{\"@type\":\"BreadcrumbList\",\"@id\":\"https:\\\/\\\/www.purejewels.com\\\/product\\\/22ct-gold-square-box-chain-55619\\\/#breadcrumb\",\"itemListElement\":[{\"@type\":\"ListItem\",\"position\":1,\"name\":\"Home\",\"item\":\"https:\\\/\\\/www.purejewels.com\\\/\"},{\"@type\":\"ListItem\",\"position\":2,\"name\":\"Shop\",\"item\":\"https:\\\/\\\/www.purejewels.com\\\/shop\\\/\"},{\"@type\":\"ListItem\",\"position\":3,\"name\":\"22ct Gold Square Box Chain\"}]},{\"@type\":\"WebSite\",\"@id\":\"https:\\\/\\\/www.purejewels.com\\\/#website\",\"url\":\"https:\\\/\\\/www.purejewels.com\\\/\",\"name\":\"PureJewels UK\",\"description\":\"Share the Love\",\"publisher\":{\"@id\":\"https:\\\/\\\/www.purejewels.com\\\/#organization\"},\"potentialAction\":[{\"@type\":\"SearchAction\",\"target\":{\"@type\":\"EntryPoint\",\"urlTemplate\":\"https:\\\/\\\/www.purejewels.com\\\/?s={search_term_string}\"},\"query-input\":{\"@type\":\"PropertyValueSpecification\",\"valueRequired\":true,\"valueName\":\"search_term_string\"}}],\"inLanguage\":\"tr\"},{\"@type\":\"Organization\",\"@id\":\"https:\\\/\\\/www.purejewels.com\\\/#organization\",\"name\":\"PureJewels UK\",\"url\":\"https:\\\/\\\/www.purejewels.com\\\/\",\"logo\":{\"@type\":\"ImageObject\",\"inLanguage\":\"tr\",\"@id\":\"https:\\\/\\\/www.purejewels.com\\\/#\\\/schema\\\/logo\\\/image\\\/\",\"url\":\"https:\\\/\\\/static.purejewels.com\\\/wp-content\\\/uploads\\\/2020\\\/11\\\/Logo-PJ-New-1.png\",\"contentUrl\":\"https:\\\/\\\/static.purejewels.com\\\/wp-content\\\/uploads\\\/2020\\\/11\\\/Logo-PJ-New-1.png\",\"width\":150,\"height\":80,\"caption\":\"PureJewels UK\"},\"image\":{\"@id\":\"https:\\\/\\\/www.purejewels.com\\\/#\\\/schema\\\/logo\\\/image\\\/\"}}]}<\/script>\n<!-- \/ Yoast SEO plugin. -->","yoast_head_json":{"title":"22 Ayar Alt\u0131n Kare Kutu Zincir | Klasik Sar\u0131 Alt\u0131n Zincir Kolye","description":"\u015e\u0131k geometrik baklalara sahip, parlak sar\u0131 alt\u0131ndan \u00fcretilmi\u015f 22 Ayar Alt\u0131n Kare Kutu Zincirin zarafetini ke\u015ffedin. G\u00fcnl\u00fck kullan\u0131m i\u00e7in tasarlanm\u0131\u015f zamans\u0131z bir alt\u0131n zincir.","robots":{"index":"index","follow":"follow","max-snippet":"max-snippet:-1","max-image-preview":"max-image-preview:large","max-video-preview":"max-video-preview:-1"},"canonical":"https:\/\/www.purejewels.com\/tr\/urun\/22-ayar-altin-kare-kutu-zincir-55619\/","og_locale":"tr_TR","og_type":"article","og_title":"22ct Gold Square Box Chain | Classic Yellow Gold Chain Necklace","og_description":"Explore the elegance of the 22ct Gold Square Box Chain, crafted in radiant yellow gold with sleek geometric links. A timeless gold chain designed for everyday wear.","og_url":"https:\/\/www.purejewels.com\/tr\/urun\/22-ayar-altin-kare-kutu-zincir-55619\/","og_site_name":"PureJewels UK","article_modified_time":"2026-05-08T07:55:07+00:00","og_image":[{"width":1000,"height":1000,"url":"https:\/\/static.purejewels.com\/wp-content\/uploads\/2021\/04\/33032-1.jpg","type":"image\/jpeg"}],"twitter_card":"summary_large_image","twitter_misc":{"Tahmini okuma s\u00fcresi":"1 dakika"},"schema":{"@context":"https:\/\/schema.org","@graph":[{"@type":["WebPage","ItemPage"],"@id":"https:\/\/www.purejewels.com\/product\/22ct-gold-square-box-chain-55619\/","url":"https:\/\/www.purejewels.com\/product\/22ct-gold-square-box-chain-55619\/","name":"22 Ayar Alt\u0131n Kare Kutu Zincir | Klasik Sar\u0131 Alt\u0131n Zincir Kolye","isPartOf":{"@id":"https:\/\/www.purejewels.com\/#website"},"primaryImageOfPage":{"@id":"https:\/\/www.purejewels.com\/product\/22ct-gold-square-box-chain-55619\/#primaryimage"},"image":{"@id":"https:\/\/www.purejewels.com\/product\/22ct-gold-square-box-chain-55619\/#primaryimage"},"thumbnailUrl":"https:\/\/static.purejewels.com\/wp-content\/uploads\/2021\/04\/33032-1.jpg","datePublished":"2026-01-08T08:43:29+00:00","dateModified":"2026-05-08T07:55:07+00:00","description":"\u015e\u0131k geometrik baklalara sahip, parlak sar\u0131 alt\u0131ndan \u00fcretilmi\u015f 22 Ayar Alt\u0131n Kare Kutu Zincirin zarafetini ke\u015ffedin. G\u00fcnl\u00fck kullan\u0131m i\u00e7in tasarlanm\u0131\u015f zamans\u0131z bir alt\u0131n zincir.","breadcrumb":{"@id":"https:\/\/www.purejewels.com\/product\/22ct-gold-square-box-chain-55619\/#breadcrumb"},"inLanguage":"tr","potentialAction":[{"@type":"ReadAction","target":["https:\/\/www.purejewels.com\/product\/22ct-gold-square-box-chain-55619\/"]}]},{"@type":"ImageObject","inLanguage":"tr","@id":"https:\/\/www.purejewels.com\/product\/22ct-gold-square-box-chain-55619\/#primaryimage","url":"https:\/\/static.purejewels.com\/wp-content\/uploads\/2021\/04\/33032-1.jpg","contentUrl":"https:\/\/static.purejewels.com\/wp-content\/uploads\/2021\/04\/33032-1.jpg","width":1000,"height":1000,"caption":"18ct Yellow Gold Box Chain | 18 Inches"},{"@type":"BreadcrumbList","@id":"https:\/\/www.purejewels.com\/product\/22ct-gold-square-box-chain-55619\/#breadcrumb","itemListElement":[{"@type":"ListItem","position":1,"name":"Home","item":"https:\/\/www.purejewels.com\/"},{"@type":"ListItem","position":2,"name":"Shop","item":"https:\/\/www.purejewels.com\/shop\/"},{"@type":"ListItem","position":3,"name":"22ct Gold Square Box Chain"}]},{"@type":"WebSite","@id":"https:\/\/www.purejewels.com\/#website","url":"https:\/\/www.purejewels.com\/","name":"PureJewels \u0130ngiltere","description":"Sevgiyi Payla\u015f\u0131n","publisher":{"@id":"https:\/\/www.purejewels.com\/#organization"},"potentialAction":[{"@type":"SearchAction","target":{"@type":"EntryPoint","urlTemplate":"https:\/\/www.purejewels.com\/?s={search_term_string}"},"query-input":{"@type":"PropertyValueSpecification","valueRequired":true,"valueName":"search_term_string"}}],"inLanguage":"tr"},{"@type":"Organization","@id":"https:\/\/www.purejewels.com\/#organization","name":"PureJewels \u0130ngiltere","url":"https:\/\/www.purejewels.com\/","logo":{"@type":"ImageObject","inLanguage":"tr","@id":"https:\/\/www.purejewels.com\/#\/schema\/logo\/image\/","url":"https:\/\/static.purejewels.com\/wp-content\/uploads\/2020\/11\/Logo-PJ-New-1.png","contentUrl":"https:\/\/static.purejewels.com\/wp-content\/uploads\/2020\/11\/Logo-PJ-New-1.png","width":150,"height":80,"caption":"PureJewels UK"},"image":{"@id":"https:\/\/www.purejewels.com\/#\/schema\/logo\/image\/"}}]}},"_links":{"self":[{"href":"https:\/\/www.purejewels.com\/tr\/wp-json\/wp\/v2\/product\/429582","targetHints":{"allow":["GET"]}}],"collection":[{"href":"https:\/\/www.purejewels.com\/tr\/wp-json\/wp\/v2\/product"}],"about":[{"href":"https:\/\/www.purejewels.com\/tr\/wp-json\/wp\/v2\/types\/product"}],"replies":[{"embeddable":true,"href":"https:\/\/www.purejewels.com\/tr\/wp-json\/wp\/v2\/comments?post=429582"}],"version-history":[{"count":1,"href":"https:\/\/www.purejewels.com\/tr\/wp-json\/wp\/v2\/product\/429582\/revisions"}],"predecessor-version":[{"id":429583,"href":"https:\/\/www.purejewels.com\/tr\/wp-json\/wp\/v2\/product\/429582\/revisions\/429583"}],"wp:featuredmedia":[{"embeddable":true,"href":"https:\/\/www.purejewels.com\/tr\/wp-json\/wp\/v2\/media\/327533"}],"wp:attachment":[{"href":"https:\/\/www.purejewels.com\/tr\/wp-json\/wp\/v2\/media?parent=429582"}],"wp:term":[{"taxonomy":"product_brand","embeddable":true,"href":"https:\/\/www.purejewels.com\/tr\/wp-json\/wp\/v2\/product_brand?post=429582"},{"taxonomy":"product_cat","embeddable":true,"href":"https:\/\/www.purejewels.com\/tr\/wp-json\/wp\/v2\/product_cat?post=429582"},{"taxonomy":"product_tag","embeddable":true,"href":"https:\/\/www.purejewels.com\/tr\/wp-json\/wp\/v2\/product_tag?post=429582"}],"curies":[{"name":"wp","href":"https:\/\/api.w.org\/{rel}","templated":true}]}}