{"id":429609,"date":"2026-01-11T09:03:42","date_gmt":"2026-01-11T09:03:42","guid":{"rendered":"https:\/\/www.purejewels.com\/?post_type=product&#038;p=429609"},"modified":"2026-05-11T09:12:10","modified_gmt":"2026-05-11T08:12:10","slug":"22-ayar-altin-kutu-zincir-16-inc-55615","status":"publish","type":"product","link":"https:\/\/www.purejewels.com\/tr\/product\/22-karat-gold-box-chain-16-inch-55615\/","title":{"rendered":"22 Ayar Alt\u0131n Kutu Zincir | 16 in\u00e7"},"content":{"rendered":"<h2 data-section-id=\"1aybmrb\" data-start=\"1541\" data-end=\"1558\">Tasar\u0131m Konsepti<\/h2>\n<p data-start=\"1560\" data-end=\"1855\">Simetri ve ak\u0131\u015fkan geometriden ilham alan kutu zincir, \u0131\u015f\u0131\u011f\u0131 ince bir parlakl\u0131kla yans\u0131tan, ince bir \u015fekilde birbirine ba\u011flanm\u0131\u015f kare baklalardan olu\u015fur. Yap\u0131land\u0131r\u0131lm\u0131\u015f form, geleneksel 22 ayar alt\u0131n tak\u0131lar\u0131n yumu\u015fakl\u0131\u011f\u0131n\u0131 ve s\u0131cakl\u0131\u011f\u0131n\u0131 korurken \u00e7a\u011fda\u015f bir estetik yarat\u0131r. Minimalist profili, alt\u0131n\u0131n kendi i\u015f\u00e7ili\u011finin odak noktas\u0131 haline gelmesini sa\u011flar - zarif, kal\u0131c\u0131 ve zahmetsizce giyilebilir.<\/p>\n<h2 data-section-id=\"1519yvo\" data-start=\"2208\" data-end=\"2224\">Zanaatkarl\u0131k<\/h2>\n<p data-start=\"2226\" data-end=\"2363\">Her bir 22 Ayar Alt\u0131n Kutu Zincir, y\u00fcksek safl\u0131kta 22 ayar alt\u0131n kullan\u0131larak titizlikle \u00fcretilmi\u015f ve Londra Tahlil Ofisi taraf\u0131ndan orijinalli\u011fi onaylanm\u0131\u015ft\u0131r. M\u00fccevherlerimiz nesillerdir s\u00fcregelen kuyumculuk uzmanl\u0131\u011f\u0131n\u0131 ve i\u015f\u00e7ili\u011fe, kaliteye ve rafine i\u015flemeye olan ba\u011fl\u0131l\u0131\u011f\u0131 yans\u0131tmaktad\u0131r.<\/p>\n<h2 data-section-id=\"1my5t8t\" data-start=\"2817\" data-end=\"2833\">Stil Fikirleri<\/h2>\n<p data-start=\"2835\" data-end=\"2922\">Kutu Zincir 22 Ayar Alt\u0131n'\u0131n \u00e7ok y\u00f6nl\u00fcl\u00fc\u011f\u00fc, birden fazla \u015fekilde \u015fekillendirilebilmesini sa\u011flar:<\/p>\n<ul data-start=\"2924\" data-end=\"3325\">\n<li data-section-id=\"8kf1gm\" data-start=\"2924\" data-end=\"2982\">Temiz ve sofistike bir g\u00fcnl\u00fck g\u00f6r\u00fcn\u00fcm i\u00e7in tek ba\u015f\u0131na kullan\u0131n<\/li>\n<li data-section-id=\"1s9awtf\" data-start=\"2983\" data-end=\"3068\">Ba\u015f harfler, lotus motifleri veya de\u011ferli ta\u015f tak\u0131lar gibi anlaml\u0131 bir kolye ile e\u015fle\u015ftirin<\/li>\n<li data-section-id=\"utzlqt\" data-start=\"3069\" data-end=\"3144\">\u00c7a\u011fda\u015f bir \u00fcst \u00fcste estetik i\u00e7in daha k\u0131sa dokulu zincirlerle katmanlay\u0131n<\/li>\n<li data-section-id=\"1h0ljnn\" data-start=\"3145\" data-end=\"3234\">G\u00fcnd\u00fczden ak\u015fama zahmetsiz ge\u00e7i\u015f i\u00e7in geleneksel veya modern k\u0131yafetlerle stil olu\u015fturun<\/li>\n<li data-section-id=\"xb97nk\" data-start=\"3235\" data-end=\"3325\">Uyumlu bir m\u00fccevher gard\u0131robu i\u00e7in uyumlu 22 ayar alt\u0131n bilezik veya bilekliklerle kombinleyin<\/li>\n<\/ul>\n<p data-start=\"3327\" data-end=\"3449\">Yap\u0131sal zarafeti, modern bir \u00e7izgiye sahip zamans\u0131z alt\u0131n tak\u0131lar arayan erkekler ve kad\u0131nlar i\u00e7in e\u015fit derecede uygundur.<\/p>\n<p>&nbsp;<\/p>","protected":false},"excerpt":{"rendered":"<table class=\"sh_desc\">\n<tbody>\n<tr>\n<td>Zincir Tipi<\/td>\n<td>Kutu Zincir<\/td>\n<\/tr>\n<tr>\n<td>SKU<\/td>\n<td>55615<\/td>\n<\/tr>\n<tr>\n<td>A\u011f\u0131rl\u0131k<\/td>\n<td>5.85 Gms<\/td>\n<\/tr>\n<tr>\n<td>Metal<\/td>\n<td>22 Ayar Alt\u0131n<\/td>\n<\/tr>\n<tr>\n<td>Kal\u0131nl\u0131k<\/td>\n<td>1.1 mm<\/td>\n<\/tr>\n<tr>\n<td>Uzunluk<\/td>\n<td>16 in\u00e7<\/td>\n<\/tr>\n<tr>\n<td>Hallmark<\/td>\n<td>Londra Tahlil Ofisi Taraf\u0131ndan Damgalanm\u0131\u015f 22 Ayar Alt\u0131n<\/td>\n<\/tr>\n<tr>\n<td>\u00dccretler<\/td>\n<td>Teslimat ve KDV Dahil<\/td>\n<\/tr>\n<tr>\n<td>Paketleme<\/td>\n<td>Sunum Kutusu ile Birlikte Gelir<\/td>\n<\/tr>\n<tr>\n<td>Daha Fazla Bilgi<\/td>\n<td>M\u00fcsaitlik durumu ve daha fazla resim i\u00e7in bizimle canl\u0131 sohbet edin<\/td>\n<\/tr>\n<\/tbody>\n<\/table>","protected":false},"featured_media":327533,"comment_status":"closed","ping_status":"closed","template":"","meta":{"_eb_attr":"","_crsspst_to_jayantr4sg-hostcom":true},"product_brand":[],"product_cat":[5013,5267,1576,1794,1475,1229,1773,1575,1574],"product_tag":[3990,65,1430],"class_list":{"0":"post-429609","1":"product","2":"type-product","3":"status-publish","4":"has-post-thumbnail","6":"product_cat-16-inch-ladies-chain","7":"product_cat-box-chain","8":"product_cat-childrens-jewellery","9":"product_cat-christmas-gifts","10":"product_cat-gold-chains","11":"product_cat-22ct-gold-jewellery","12":"product_cat-ladies-chains","13":"product_cat-teenage-jewellery","14":"product_cat-womens-jewellery","15":"product_tag-22-carat-gold-chain","16":"product_tag-chains","17":"product_tag-diwali-gift","19":"first","20":"instock","21":"taxable","22":"shipping-taxable","23":"purchasable","24":"product-type-simple","25":"add-to-wishlist-before_image"},"yoast_head":"<!-- This site is optimized with the Yoast SEO plugin v27.5 - https:\/\/yoast.com\/product\/yoast-seo-wordpress\/ -->\n<title>22 Karat Gold Box Chain | Hallmarked 22ct Gold Chain<\/title>\n<meta name=\"description\" content=\"Discover the elegance of our 22 Karat Gold Box Chain, handcrafted in radiant hallmarked 22ct gold. A timeless unisex gold chain designed for everyday luxury.\" \/>\n<meta name=\"robots\" content=\"index, follow, max-snippet:-1, max-image-preview:large, max-video-preview:-1\" \/>\n<link rel=\"canonical\" href=\"https:\/\/www.purejewels.com\/tr\/urun\/22-ayar-altin-kutu-zincir-16-inc-55615\/\" \/>\n<meta property=\"og:locale\" content=\"tr_TR\" \/>\n<meta property=\"og:type\" content=\"article\" \/>\n<meta property=\"og:title\" content=\"22 Karat Gold Box Chain | Hallmarked 22ct Gold Chain\" \/>\n<meta property=\"og:description\" content=\"Discover the elegance of our 22 Karat Gold Box Chain, handcrafted in radiant hallmarked 22ct gold. A timeless unisex gold chain designed for everyday luxury.\" \/>\n<meta property=\"og:url\" content=\"https:\/\/www.purejewels.com\/tr\/urun\/22-ayar-altin-kutu-zincir-16-inc-55615\/\" \/>\n<meta property=\"og:site_name\" content=\"PureJewels UK\" \/>\n<meta property=\"article:modified_time\" content=\"2026-05-11T08:12:10+00:00\" \/>\n<meta property=\"og:image\" content=\"https:\/\/static.purejewels.com\/wp-content\/uploads\/2021\/04\/33032-1.jpg\" \/>\n\t<meta property=\"og:image:width\" content=\"1000\" \/>\n\t<meta property=\"og:image:height\" content=\"1000\" \/>\n\t<meta property=\"og:image:type\" content=\"image\/jpeg\" \/>\n<meta name=\"twitter:card\" content=\"summary_large_image\" \/>\n<meta name=\"twitter:label1\" content=\"Tahmini okuma s\u00fcresi\" \/>\n\t<meta name=\"twitter:data1\" content=\"2 dakika\" \/>\n<script type=\"application\/ld+json\" class=\"yoast-schema-graph\">{\"@context\":\"https:\\\/\\\/schema.org\",\"@graph\":[{\"@type\":[\"WebPage\",\"ItemPage\"],\"@id\":\"https:\\\/\\\/www.purejewels.com\\\/product\\\/22-karat-gold-box-chain-16-inch-55615\\\/\",\"url\":\"https:\\\/\\\/www.purejewels.com\\\/product\\\/22-karat-gold-box-chain-16-inch-55615\\\/\",\"name\":\"22 Karat Gold Box Chain | Hallmarked 22ct Gold Chain\",\"isPartOf\":{\"@id\":\"https:\\\/\\\/www.purejewels.com\\\/#website\"},\"primaryImageOfPage\":{\"@id\":\"https:\\\/\\\/www.purejewels.com\\\/product\\\/22-karat-gold-box-chain-16-inch-55615\\\/#primaryimage\"},\"image\":{\"@id\":\"https:\\\/\\\/www.purejewels.com\\\/product\\\/22-karat-gold-box-chain-16-inch-55615\\\/#primaryimage\"},\"thumbnailUrl\":\"https:\\\/\\\/static.purejewels.com\\\/wp-content\\\/uploads\\\/2021\\\/04\\\/33032-1.jpg\",\"datePublished\":\"2026-01-11T09:03:42+00:00\",\"dateModified\":\"2026-05-11T08:12:10+00:00\",\"description\":\"Discover the elegance of our 22 Karat Gold Box Chain, handcrafted in radiant hallmarked 22ct gold. A timeless unisex gold chain designed for everyday luxury.\",\"breadcrumb\":{\"@id\":\"https:\\\/\\\/www.purejewels.com\\\/product\\\/22-karat-gold-box-chain-16-inch-55615\\\/#breadcrumb\"},\"inLanguage\":\"tr\",\"potentialAction\":[{\"@type\":\"ReadAction\",\"target\":[\"https:\\\/\\\/www.purejewels.com\\\/product\\\/22-karat-gold-box-chain-16-inch-55615\\\/\"]}]},{\"@type\":\"ImageObject\",\"inLanguage\":\"tr\",\"@id\":\"https:\\\/\\\/www.purejewels.com\\\/product\\\/22-karat-gold-box-chain-16-inch-55615\\\/#primaryimage\",\"url\":\"https:\\\/\\\/static.purejewels.com\\\/wp-content\\\/uploads\\\/2021\\\/04\\\/33032-1.jpg\",\"contentUrl\":\"https:\\\/\\\/static.purejewels.com\\\/wp-content\\\/uploads\\\/2021\\\/04\\\/33032-1.jpg\",\"width\":1000,\"height\":1000,\"caption\":\"18ct Yellow Gold Box Chain | 18 Inches\"},{\"@type\":\"BreadcrumbList\",\"@id\":\"https:\\\/\\\/www.purejewels.com\\\/product\\\/22-karat-gold-box-chain-16-inch-55615\\\/#breadcrumb\",\"itemListElement\":[{\"@type\":\"ListItem\",\"position\":1,\"name\":\"Home\",\"item\":\"https:\\\/\\\/www.purejewels.com\\\/\"},{\"@type\":\"ListItem\",\"position\":2,\"name\":\"Shop\",\"item\":\"https:\\\/\\\/www.purejewels.com\\\/shop\\\/\"},{\"@type\":\"ListItem\",\"position\":3,\"name\":\"22 Karat Gold Box Chain | 16 inch\"}]},{\"@type\":\"WebSite\",\"@id\":\"https:\\\/\\\/www.purejewels.com\\\/#website\",\"url\":\"https:\\\/\\\/www.purejewels.com\\\/\",\"name\":\"PureJewels UK\",\"description\":\"Share the Love\",\"publisher\":{\"@id\":\"https:\\\/\\\/www.purejewels.com\\\/#organization\"},\"potentialAction\":[{\"@type\":\"SearchAction\",\"target\":{\"@type\":\"EntryPoint\",\"urlTemplate\":\"https:\\\/\\\/www.purejewels.com\\\/?s={search_term_string}\"},\"query-input\":{\"@type\":\"PropertyValueSpecification\",\"valueRequired\":true,\"valueName\":\"search_term_string\"}}],\"inLanguage\":\"tr\"},{\"@type\":\"Organization\",\"@id\":\"https:\\\/\\\/www.purejewels.com\\\/#organization\",\"name\":\"PureJewels UK\",\"url\":\"https:\\\/\\\/www.purejewels.com\\\/\",\"logo\":{\"@type\":\"ImageObject\",\"inLanguage\":\"tr\",\"@id\":\"https:\\\/\\\/www.purejewels.com\\\/#\\\/schema\\\/logo\\\/image\\\/\",\"url\":\"https:\\\/\\\/static.purejewels.com\\\/wp-content\\\/uploads\\\/2020\\\/11\\\/Logo-PJ-New-1.png\",\"contentUrl\":\"https:\\\/\\\/static.purejewels.com\\\/wp-content\\\/uploads\\\/2020\\\/11\\\/Logo-PJ-New-1.png\",\"width\":150,\"height\":80,\"caption\":\"PureJewels UK\"},\"image\":{\"@id\":\"https:\\\/\\\/www.purejewels.com\\\/#\\\/schema\\\/logo\\\/image\\\/\"}}]}<\/script>\n<!-- \/ Yoast SEO plugin. -->","yoast_head_json":{"title":"22 Ayar Alt\u0131n Kutu Zincir | Damgal\u0131 22 Ayar Alt\u0131n Zincir","description":"Parlak damgal\u0131 22 ayar alt\u0131ndan el i\u015f\u00e7ili\u011fiyle \u00fcretilen 22 Ayar Alt\u0131n Kutu Zincirimizin zarafetini ke\u015ffedin. G\u00fcnl\u00fck l\u00fcks i\u00e7in tasarlanm\u0131\u015f zamans\u0131z bir unisex alt\u0131n zincir.","robots":{"index":"index","follow":"follow","max-snippet":"max-snippet:-1","max-image-preview":"max-image-preview:large","max-video-preview":"max-video-preview:-1"},"canonical":"https:\/\/www.purejewels.com\/tr\/urun\/22-ayar-altin-kutu-zincir-16-inc-55615\/","og_locale":"tr_TR","og_type":"article","og_title":"22 Karat Gold Box Chain | Hallmarked 22ct Gold Chain","og_description":"Discover the elegance of our 22 Karat Gold Box Chain, handcrafted in radiant hallmarked 22ct gold. A timeless unisex gold chain designed for everyday luxury.","og_url":"https:\/\/www.purejewels.com\/tr\/urun\/22-ayar-altin-kutu-zincir-16-inc-55615\/","og_site_name":"PureJewels UK","article_modified_time":"2026-05-11T08:12:10+00:00","og_image":[{"width":1000,"height":1000,"url":"https:\/\/static.purejewels.com\/wp-content\/uploads\/2021\/04\/33032-1.jpg","type":"image\/jpeg"}],"twitter_card":"summary_large_image","twitter_misc":{"Tahmini okuma s\u00fcresi":"2 dakika"},"schema":{"@context":"https:\/\/schema.org","@graph":[{"@type":["WebPage","ItemPage"],"@id":"https:\/\/www.purejewels.com\/product\/22-karat-gold-box-chain-16-inch-55615\/","url":"https:\/\/www.purejewels.com\/product\/22-karat-gold-box-chain-16-inch-55615\/","name":"22 Ayar Alt\u0131n Kutu Zincir | Damgal\u0131 22 Ayar Alt\u0131n Zincir","isPartOf":{"@id":"https:\/\/www.purejewels.com\/#website"},"primaryImageOfPage":{"@id":"https:\/\/www.purejewels.com\/product\/22-karat-gold-box-chain-16-inch-55615\/#primaryimage"},"image":{"@id":"https:\/\/www.purejewels.com\/product\/22-karat-gold-box-chain-16-inch-55615\/#primaryimage"},"thumbnailUrl":"https:\/\/static.purejewels.com\/wp-content\/uploads\/2021\/04\/33032-1.jpg","datePublished":"2026-01-11T09:03:42+00:00","dateModified":"2026-05-11T08:12:10+00:00","description":"Parlak damgal\u0131 22 ayar alt\u0131ndan el i\u015f\u00e7ili\u011fiyle \u00fcretilen 22 Ayar Alt\u0131n Kutu Zincirimizin zarafetini ke\u015ffedin. G\u00fcnl\u00fck l\u00fcks i\u00e7in tasarlanm\u0131\u015f zamans\u0131z bir unisex alt\u0131n zincir.","breadcrumb":{"@id":"https:\/\/www.purejewels.com\/product\/22-karat-gold-box-chain-16-inch-55615\/#breadcrumb"},"inLanguage":"tr","potentialAction":[{"@type":"ReadAction","target":["https:\/\/www.purejewels.com\/product\/22-karat-gold-box-chain-16-inch-55615\/"]}]},{"@type":"ImageObject","inLanguage":"tr","@id":"https:\/\/www.purejewels.com\/product\/22-karat-gold-box-chain-16-inch-55615\/#primaryimage","url":"https:\/\/static.purejewels.com\/wp-content\/uploads\/2021\/04\/33032-1.jpg","contentUrl":"https:\/\/static.purejewels.com\/wp-content\/uploads\/2021\/04\/33032-1.jpg","width":1000,"height":1000,"caption":"18ct Yellow Gold Box Chain | 18 Inches"},{"@type":"BreadcrumbList","@id":"https:\/\/www.purejewels.com\/product\/22-karat-gold-box-chain-16-inch-55615\/#breadcrumb","itemListElement":[{"@type":"ListItem","position":1,"name":"Home","item":"https:\/\/www.purejewels.com\/"},{"@type":"ListItem","position":2,"name":"Shop","item":"https:\/\/www.purejewels.com\/shop\/"},{"@type":"ListItem","position":3,"name":"22 Karat Gold Box Chain | 16 inch"}]},{"@type":"WebSite","@id":"https:\/\/www.purejewels.com\/#website","url":"https:\/\/www.purejewels.com\/","name":"PureJewels \u0130ngiltere","description":"Sevgiyi Payla\u015f\u0131n","publisher":{"@id":"https:\/\/www.purejewels.com\/#organization"},"potentialAction":[{"@type":"SearchAction","target":{"@type":"EntryPoint","urlTemplate":"https:\/\/www.purejewels.com\/?s={search_term_string}"},"query-input":{"@type":"PropertyValueSpecification","valueRequired":true,"valueName":"search_term_string"}}],"inLanguage":"tr"},{"@type":"Organization","@id":"https:\/\/www.purejewels.com\/#organization","name":"PureJewels \u0130ngiltere","url":"https:\/\/www.purejewels.com\/","logo":{"@type":"ImageObject","inLanguage":"tr","@id":"https:\/\/www.purejewels.com\/#\/schema\/logo\/image\/","url":"https:\/\/static.purejewels.com\/wp-content\/uploads\/2020\/11\/Logo-PJ-New-1.png","contentUrl":"https:\/\/static.purejewels.com\/wp-content\/uploads\/2020\/11\/Logo-PJ-New-1.png","width":150,"height":80,"caption":"PureJewels UK"},"image":{"@id":"https:\/\/www.purejewels.com\/#\/schema\/logo\/image\/"}}]}},"_links":{"self":[{"href":"https:\/\/www.purejewels.com\/tr\/wp-json\/wp\/v2\/product\/429609","targetHints":{"allow":["GET"]}}],"collection":[{"href":"https:\/\/www.purejewels.com\/tr\/wp-json\/wp\/v2\/product"}],"about":[{"href":"https:\/\/www.purejewels.com\/tr\/wp-json\/wp\/v2\/types\/product"}],"replies":[{"embeddable":true,"href":"https:\/\/www.purejewels.com\/tr\/wp-json\/wp\/v2\/comments?post=429609"}],"version-history":[{"count":1,"href":"https:\/\/www.purejewels.com\/tr\/wp-json\/wp\/v2\/product\/429609\/revisions"}],"predecessor-version":[{"id":429610,"href":"https:\/\/www.purejewels.com\/tr\/wp-json\/wp\/v2\/product\/429609\/revisions\/429610"}],"wp:featuredmedia":[{"embeddable":true,"href":"https:\/\/www.purejewels.com\/tr\/wp-json\/wp\/v2\/media\/327533"}],"wp:attachment":[{"href":"https:\/\/www.purejewels.com\/tr\/wp-json\/wp\/v2\/media?parent=429609"}],"wp:term":[{"taxonomy":"product_brand","embeddable":true,"href":"https:\/\/www.purejewels.com\/tr\/wp-json\/wp\/v2\/product_brand?post=429609"},{"taxonomy":"product_cat","embeddable":true,"href":"https:\/\/www.purejewels.com\/tr\/wp-json\/wp\/v2\/product_cat?post=429609"},{"taxonomy":"product_tag","embeddable":true,"href":"https:\/\/www.purejewels.com\/tr\/wp-json\/wp\/v2\/product_tag?post=429609"}],"curies":[{"name":"wp","href":"https:\/\/api.w.org\/{rel}","templated":true}]}}