{"id":429611,"date":"2026-02-11T09:24:36","date_gmt":"2026-02-11T09:24:36","guid":{"rendered":"https:\/\/www.purejewels.com\/?post_type=product&#038;p=429611"},"modified":"2026-05-11T10:16:40","modified_gmt":"2026-05-11T09:16:40","slug":"gunluk-gi%cc%87yi%cc%87m-22-ayar-altin-zi%cc%87nci%cc%87r-55614","status":"publish","type":"product","link":"https:\/\/www.purejewels.com\/tr\/product\/everyday-wear-22ct-gold-chain-55614\/","title":{"rendered":"Everyday Wear 22 Ayar Alt\u0131n Zincir"},"content":{"rendered":"<h3 data-section-id=\"1qj9e1g\" data-start=\"0\" data-end=\"20\">Tasar\u0131m Konsepti<\/h3>\n<p data-start=\"21\" data-end=\"368\">Temiz geometrik kutu baklalarla tasarlanan bu 22 ayar alt\u0131n zincir, modern sadeli\u011fi zamans\u0131z bir zarafetle yans\u0131t\u0131yor. Yap\u0131land\u0131r\u0131lm\u0131\u015f siluet, saf alt\u0131n\u0131n zengin s\u0131cakl\u0131\u011f\u0131n\u0131n \u00f6n plana \u00e7\u0131kmas\u0131n\u0131 sa\u011flayarak \u015f\u0131k ve ak\u0131c\u0131 bir g\u00f6r\u00fcn\u00fcm yarat\u0131r. \u00c7a\u011fda\u015f minimalizm ve g\u00fcnl\u00fck l\u00fcksten ilham alan bu zincir \u00e7ok y\u00f6nl\u00fc, zarif ve zahmetsizce tak\u0131labilir.<\/p>\n<h3 data-section-id=\"n147pz\" data-start=\"370\" data-end=\"389\">Zanaatkarl\u0131k<\/h3>\n<p data-start=\"390\" data-end=\"782\">Damgal\u0131 22 ayar alt\u0131ndan \u00fcretilen kutu zincir, rahat g\u00fcnl\u00fck kullan\u0131m i\u00e7in hassas bakla montaj\u0131 ve p\u00fcr\u00fczs\u00fcz cilal\u0131 bir y\u00fczey sergiler. Her bir bakla dayan\u0131kl\u0131l\u0131k, ak\u0131c\u0131 hareket ve parlak bir alt\u0131n \u0131\u015f\u0131lt\u0131s\u0131 sa\u011flamak i\u00e7in \u00f6zenle \u015fekillendirilmi\u015ftir. Nesillerdir s\u00fcregelen m\u00fccevher uzmanl\u0131\u011f\u0131na dayanan i\u015f\u00e7ilik, miras kuyumculu\u011fu ile modern zarafeti dengeler.<\/p>\n<h3 data-section-id=\"11x20r2\" data-start=\"784\" data-end=\"803\">Stil Fikirleri<\/h3>\n<p data-start=\"804\" data-end=\"1186\" data-is-last-node=\"\" data-is-only-node=\"\">G\u00fcnl\u00fck stil i\u00e7in m\u00fckemmel olan bu kutu zincir, minimalist bir ifade i\u00e7in tek ba\u015f\u0131na tak\u0131labilir veya \u00e7a\u011fda\u015f bir g\u00f6r\u00fcn\u00fcm i\u00e7in di\u011fer alt\u0131n zincirlerle katmanlanabilir. Stilinizi ki\u015fiselle\u015ftirmek i\u00e7in ba\u015f harfler, de\u011ferli ta\u015flar veya sembolik motifler gibi anlaml\u0131 kolyelerle e\u015fle\u015ftirin. Sade silueti, g\u00fcndelik giyimden \u00f6zel g\u00fcn giyimine g\u00fczel bir ge\u00e7i\u015f yaparak onu zamans\u0131z bir m\u00fccevher vazge\u00e7ilmezi haline getirir.<\/p>","protected":false},"excerpt":{"rendered":"<p>Zahmetsiz sofistike bir kullan\u0131m i\u00e7in tasarlanan Everyday Wear 22 Ayar Alt\u0131n Kutu Zincir, parlak damgal\u0131 alt\u0131ndan \u015f\u0131k geometrik ba\u011flant\u0131lara sahiptir. Hafif, \u00e7ok y\u00f6nl\u00fc ve zamans\u0131z olan bu zincir, her ana abart\u0131s\u0131z bir l\u00fcksle e\u015flik etmek \u00fczere tasarlanm\u0131\u015ft\u0131r.<\/p>\n<p><strong>Malzeme<\/strong>: 22 Ayar Alt\u0131n (91,6% saf alt\u0131n)<br \/>\n<strong>Hallmark<\/strong>: \u0130ngiliz Hallmark<br \/>\n<strong>A\u011f\u0131rl\u0131k <\/strong>: 5.36<br \/>\n<b>Kal\u0131nl\u0131k<\/b>: 1.1mm<br \/>\n<strong>Uzunluk:<\/strong> 16 in\u00e7<br \/>\n<strong>SKU:<\/strong> 55614<\/p>\n<p><strong>Fiyat ve Teslimat:<\/strong>\u00a0KDV ve teslimat \u00fccreti dahil<br \/>\n<a href=\"https:\/\/www.purejewels.com\/tr\/i%cc%87ade-poli%cc%87ti%cc%87kasi\/\">\u0130ade Politikas\u0131<\/a><\/p>","protected":false},"featured_media":327533,"comment_status":"closed","ping_status":"closed","template":"","meta":{"_eb_attr":"","_crsspst_to_jayantr4sg-hostcom":true},"product_brand":[],"product_cat":[5013,1559,5267,1794,1793,1475,1229,1773,1575,1574,5349],"product_tag":[3990,65,1430],"class_list":{"0":"post-429611","1":"product","2":"type-product","3":"status-publish","4":"has-post-thumbnail","6":"product_cat-16-inch-ladies-chain","7":"product_cat-birthday-gifts","8":"product_cat-box-chain","9":"product_cat-christmas-gifts","10":"product_cat-diwali-gifts","11":"product_cat-gold-chains","12":"product_cat-22ct-gold-jewellery","13":"product_cat-ladies-chains","14":"product_cat-teenage-jewellery","15":"product_cat-womens-jewellery","16":"product_cat-yellow-gold-jewellery","17":"product_tag-22-carat-gold-chain","18":"product_tag-chains","19":"product_tag-diwali-gift","21":"first","22":"instock","23":"taxable","24":"shipping-taxable","25":"purchasable","26":"product-type-simple","27":"add-to-wishlist-before_image"},"yoast_head":"<!-- This site is optimized with the Yoast SEO plugin v27.5 - https:\/\/yoast.com\/product\/yoast-seo-wordpress\/ -->\n<title>Everyday Wear 22ct Gold Box Chain | Hallmarked Gold Chain<\/title>\n<meta name=\"description\" content=\"Discover the elegance of the Everyday Wear 22ct Gold Box Chain, handcrafted in hallmarked 22 karat gold. Free delivery across UK.\" \/>\n<meta name=\"robots\" content=\"index, follow, max-snippet:-1, max-image-preview:large, max-video-preview:-1\" \/>\n<link rel=\"canonical\" href=\"https:\/\/www.purejewels.com\/tr\/urun\/gunluk-gi\u0307yi\u0307m-22-ayar-altin-zi\u0307nci\u0307r-55614\/\" \/>\n<meta property=\"og:locale\" content=\"tr_TR\" \/>\n<meta property=\"og:type\" content=\"article\" \/>\n<meta property=\"og:title\" content=\"Everyday Wear 22ct Gold Box Chain | Hallmarked Gold Chain\" \/>\n<meta property=\"og:description\" content=\"Discover the elegance of the Everyday Wear 22ct Gold Box Chain, handcrafted in hallmarked 22 karat gold. Free delivery across UK.\" \/>\n<meta property=\"og:url\" content=\"https:\/\/www.purejewels.com\/tr\/urun\/gunluk-gi\u0307yi\u0307m-22-ayar-altin-zi\u0307nci\u0307r-55614\/\" \/>\n<meta property=\"og:site_name\" content=\"PureJewels UK\" \/>\n<meta property=\"article:modified_time\" content=\"2026-05-11T09:16:40+00:00\" \/>\n<meta property=\"og:image\" content=\"https:\/\/static.purejewels.com\/wp-content\/uploads\/2021\/04\/33032-1.jpg\" \/>\n\t<meta property=\"og:image:width\" content=\"1000\" \/>\n\t<meta property=\"og:image:height\" content=\"1000\" \/>\n\t<meta property=\"og:image:type\" content=\"image\/jpeg\" \/>\n<meta name=\"twitter:card\" content=\"summary_large_image\" \/>\n<meta name=\"twitter:label1\" content=\"Tahmini okuma s\u00fcresi\" \/>\n\t<meta name=\"twitter:data1\" content=\"1 dakika\" \/>\n<script type=\"application\/ld+json\" class=\"yoast-schema-graph\">{\"@context\":\"https:\\\/\\\/schema.org\",\"@graph\":[{\"@type\":[\"WebPage\",\"ItemPage\"],\"@id\":\"https:\\\/\\\/www.purejewels.com\\\/product\\\/everyday-wear-22ct-gold-chain-55614\\\/\",\"url\":\"https:\\\/\\\/www.purejewels.com\\\/product\\\/everyday-wear-22ct-gold-chain-55614\\\/\",\"name\":\"Everyday Wear 22ct Gold Box Chain | Hallmarked Gold Chain\",\"isPartOf\":{\"@id\":\"https:\\\/\\\/www.purejewels.com\\\/#website\"},\"primaryImageOfPage\":{\"@id\":\"https:\\\/\\\/www.purejewels.com\\\/product\\\/everyday-wear-22ct-gold-chain-55614\\\/#primaryimage\"},\"image\":{\"@id\":\"https:\\\/\\\/www.purejewels.com\\\/product\\\/everyday-wear-22ct-gold-chain-55614\\\/#primaryimage\"},\"thumbnailUrl\":\"https:\\\/\\\/static.purejewels.com\\\/wp-content\\\/uploads\\\/2021\\\/04\\\/33032-1.jpg\",\"datePublished\":\"2026-02-11T09:24:36+00:00\",\"dateModified\":\"2026-05-11T09:16:40+00:00\",\"description\":\"Discover the elegance of the Everyday Wear 22ct Gold Box Chain, handcrafted in hallmarked 22 karat gold. Free delivery across UK.\",\"breadcrumb\":{\"@id\":\"https:\\\/\\\/www.purejewels.com\\\/product\\\/everyday-wear-22ct-gold-chain-55614\\\/#breadcrumb\"},\"inLanguage\":\"tr\",\"potentialAction\":[{\"@type\":\"ReadAction\",\"target\":[\"https:\\\/\\\/www.purejewels.com\\\/product\\\/everyday-wear-22ct-gold-chain-55614\\\/\"]}]},{\"@type\":\"ImageObject\",\"inLanguage\":\"tr\",\"@id\":\"https:\\\/\\\/www.purejewels.com\\\/product\\\/everyday-wear-22ct-gold-chain-55614\\\/#primaryimage\",\"url\":\"https:\\\/\\\/static.purejewels.com\\\/wp-content\\\/uploads\\\/2021\\\/04\\\/33032-1.jpg\",\"contentUrl\":\"https:\\\/\\\/static.purejewels.com\\\/wp-content\\\/uploads\\\/2021\\\/04\\\/33032-1.jpg\",\"width\":1000,\"height\":1000,\"caption\":\"18ct Yellow Gold Box Chain | 18 Inches\"},{\"@type\":\"BreadcrumbList\",\"@id\":\"https:\\\/\\\/www.purejewels.com\\\/product\\\/everyday-wear-22ct-gold-chain-55614\\\/#breadcrumb\",\"itemListElement\":[{\"@type\":\"ListItem\",\"position\":1,\"name\":\"Home\",\"item\":\"https:\\\/\\\/www.purejewels.com\\\/\"},{\"@type\":\"ListItem\",\"position\":2,\"name\":\"Shop\",\"item\":\"https:\\\/\\\/www.purejewels.com\\\/shop\\\/\"},{\"@type\":\"ListItem\",\"position\":3,\"name\":\"Everyday Wear 22ct Gold Chain\"}]},{\"@type\":\"WebSite\",\"@id\":\"https:\\\/\\\/www.purejewels.com\\\/#website\",\"url\":\"https:\\\/\\\/www.purejewels.com\\\/\",\"name\":\"PureJewels UK\",\"description\":\"Share the Love\",\"publisher\":{\"@id\":\"https:\\\/\\\/www.purejewels.com\\\/#organization\"},\"potentialAction\":[{\"@type\":\"SearchAction\",\"target\":{\"@type\":\"EntryPoint\",\"urlTemplate\":\"https:\\\/\\\/www.purejewels.com\\\/?s={search_term_string}\"},\"query-input\":{\"@type\":\"PropertyValueSpecification\",\"valueRequired\":true,\"valueName\":\"search_term_string\"}}],\"inLanguage\":\"tr\"},{\"@type\":\"Organization\",\"@id\":\"https:\\\/\\\/www.purejewels.com\\\/#organization\",\"name\":\"PureJewels UK\",\"url\":\"https:\\\/\\\/www.purejewels.com\\\/\",\"logo\":{\"@type\":\"ImageObject\",\"inLanguage\":\"tr\",\"@id\":\"https:\\\/\\\/www.purejewels.com\\\/#\\\/schema\\\/logo\\\/image\\\/\",\"url\":\"https:\\\/\\\/static.purejewels.com\\\/wp-content\\\/uploads\\\/2020\\\/11\\\/Logo-PJ-New-1.png\",\"contentUrl\":\"https:\\\/\\\/static.purejewels.com\\\/wp-content\\\/uploads\\\/2020\\\/11\\\/Logo-PJ-New-1.png\",\"width\":150,\"height\":80,\"caption\":\"PureJewels UK\"},\"image\":{\"@id\":\"https:\\\/\\\/www.purejewels.com\\\/#\\\/schema\\\/logo\\\/image\\\/\"}}]}<\/script>\n<!-- \/ Yoast SEO plugin. -->","yoast_head_json":{"title":"Everyday Wear 22 Ayar Alt\u0131n Kutu Zincir | Damgal\u0131 Alt\u0131n Zincir","description":"Damgal\u0131 22 ayar alt\u0131ndan el i\u015f\u00e7ili\u011fiyle \u00fcretilen Everyday Wear 22 Ayar Alt\u0131n Kutu Zincirin zarafetini ke\u015ffedin. Birle\u015fik Krall\u0131k genelinde \u00fccretsiz teslimat.","robots":{"index":"index","follow":"follow","max-snippet":"max-snippet:-1","max-image-preview":"max-image-preview:large","max-video-preview":"max-video-preview:-1"},"canonical":"https:\/\/www.purejewels.com\/tr\/urun\/gunluk-gi\u0307yi\u0307m-22-ayar-altin-zi\u0307nci\u0307r-55614\/","og_locale":"tr_TR","og_type":"article","og_title":"Everyday Wear 22ct Gold Box Chain | Hallmarked Gold Chain","og_description":"Discover the elegance of the Everyday Wear 22ct Gold Box Chain, handcrafted in hallmarked 22 karat gold. Free delivery across UK.","og_url":"https:\/\/www.purejewels.com\/tr\/urun\/gunluk-gi\u0307yi\u0307m-22-ayar-altin-zi\u0307nci\u0307r-55614\/","og_site_name":"PureJewels UK","article_modified_time":"2026-05-11T09:16:40+00:00","og_image":[{"width":1000,"height":1000,"url":"https:\/\/static.purejewels.com\/wp-content\/uploads\/2021\/04\/33032-1.jpg","type":"image\/jpeg"}],"twitter_card":"summary_large_image","twitter_misc":{"Tahmini okuma s\u00fcresi":"1 dakika"},"schema":{"@context":"https:\/\/schema.org","@graph":[{"@type":["WebPage","ItemPage"],"@id":"https:\/\/www.purejewels.com\/product\/everyday-wear-22ct-gold-chain-55614\/","url":"https:\/\/www.purejewels.com\/product\/everyday-wear-22ct-gold-chain-55614\/","name":"Everyday Wear 22 Ayar Alt\u0131n Kutu Zincir | Damgal\u0131 Alt\u0131n Zincir","isPartOf":{"@id":"https:\/\/www.purejewels.com\/#website"},"primaryImageOfPage":{"@id":"https:\/\/www.purejewels.com\/product\/everyday-wear-22ct-gold-chain-55614\/#primaryimage"},"image":{"@id":"https:\/\/www.purejewels.com\/product\/everyday-wear-22ct-gold-chain-55614\/#primaryimage"},"thumbnailUrl":"https:\/\/static.purejewels.com\/wp-content\/uploads\/2021\/04\/33032-1.jpg","datePublished":"2026-02-11T09:24:36+00:00","dateModified":"2026-05-11T09:16:40+00:00","description":"Damgal\u0131 22 ayar alt\u0131ndan el i\u015f\u00e7ili\u011fiyle \u00fcretilen Everyday Wear 22 Ayar Alt\u0131n Kutu Zincirin zarafetini ke\u015ffedin. Birle\u015fik Krall\u0131k genelinde \u00fccretsiz teslimat.","breadcrumb":{"@id":"https:\/\/www.purejewels.com\/product\/everyday-wear-22ct-gold-chain-55614\/#breadcrumb"},"inLanguage":"tr","potentialAction":[{"@type":"ReadAction","target":["https:\/\/www.purejewels.com\/product\/everyday-wear-22ct-gold-chain-55614\/"]}]},{"@type":"ImageObject","inLanguage":"tr","@id":"https:\/\/www.purejewels.com\/product\/everyday-wear-22ct-gold-chain-55614\/#primaryimage","url":"https:\/\/static.purejewels.com\/wp-content\/uploads\/2021\/04\/33032-1.jpg","contentUrl":"https:\/\/static.purejewels.com\/wp-content\/uploads\/2021\/04\/33032-1.jpg","width":1000,"height":1000,"caption":"18ct Yellow Gold Box Chain | 18 Inches"},{"@type":"BreadcrumbList","@id":"https:\/\/www.purejewels.com\/product\/everyday-wear-22ct-gold-chain-55614\/#breadcrumb","itemListElement":[{"@type":"ListItem","position":1,"name":"Home","item":"https:\/\/www.purejewels.com\/"},{"@type":"ListItem","position":2,"name":"Shop","item":"https:\/\/www.purejewels.com\/shop\/"},{"@type":"ListItem","position":3,"name":"Everyday Wear 22ct Gold Chain"}]},{"@type":"WebSite","@id":"https:\/\/www.purejewels.com\/#website","url":"https:\/\/www.purejewels.com\/","name":"PureJewels \u0130ngiltere","description":"Sevgiyi Payla\u015f\u0131n","publisher":{"@id":"https:\/\/www.purejewels.com\/#organization"},"potentialAction":[{"@type":"SearchAction","target":{"@type":"EntryPoint","urlTemplate":"https:\/\/www.purejewels.com\/?s={search_term_string}"},"query-input":{"@type":"PropertyValueSpecification","valueRequired":true,"valueName":"search_term_string"}}],"inLanguage":"tr"},{"@type":"Organization","@id":"https:\/\/www.purejewels.com\/#organization","name":"PureJewels \u0130ngiltere","url":"https:\/\/www.purejewels.com\/","logo":{"@type":"ImageObject","inLanguage":"tr","@id":"https:\/\/www.purejewels.com\/#\/schema\/logo\/image\/","url":"https:\/\/static.purejewels.com\/wp-content\/uploads\/2020\/11\/Logo-PJ-New-1.png","contentUrl":"https:\/\/static.purejewels.com\/wp-content\/uploads\/2020\/11\/Logo-PJ-New-1.png","width":150,"height":80,"caption":"PureJewels UK"},"image":{"@id":"https:\/\/www.purejewels.com\/#\/schema\/logo\/image\/"}}]}},"_links":{"self":[{"href":"https:\/\/www.purejewels.com\/tr\/wp-json\/wp\/v2\/product\/429611","targetHints":{"allow":["GET"]}}],"collection":[{"href":"https:\/\/www.purejewels.com\/tr\/wp-json\/wp\/v2\/product"}],"about":[{"href":"https:\/\/www.purejewels.com\/tr\/wp-json\/wp\/v2\/types\/product"}],"replies":[{"embeddable":true,"href":"https:\/\/www.purejewels.com\/tr\/wp-json\/wp\/v2\/comments?post=429611"}],"version-history":[{"count":1,"href":"https:\/\/www.purejewels.com\/tr\/wp-json\/wp\/v2\/product\/429611\/revisions"}],"predecessor-version":[{"id":429617,"href":"https:\/\/www.purejewels.com\/tr\/wp-json\/wp\/v2\/product\/429611\/revisions\/429617"}],"wp:featuredmedia":[{"embeddable":true,"href":"https:\/\/www.purejewels.com\/tr\/wp-json\/wp\/v2\/media\/327533"}],"wp:attachment":[{"href":"https:\/\/www.purejewels.com\/tr\/wp-json\/wp\/v2\/media?parent=429611"}],"wp:term":[{"taxonomy":"product_brand","embeddable":true,"href":"https:\/\/www.purejewels.com\/tr\/wp-json\/wp\/v2\/product_brand?post=429611"},{"taxonomy":"product_cat","embeddable":true,"href":"https:\/\/www.purejewels.com\/tr\/wp-json\/wp\/v2\/product_cat?post=429611"},{"taxonomy":"product_tag","embeddable":true,"href":"https:\/\/www.purejewels.com\/tr\/wp-json\/wp\/v2\/product_tag?post=429611"}],"curies":[{"name":"wp","href":"https:\/\/api.w.org\/{rel}","templated":true}]}}