{"id":429619,"date":"2026-01-11T10:22:26","date_gmt":"2026-01-11T10:22:26","guid":{"rendered":"https:\/\/www.purejewels.com\/?post_type=product&#038;p=429619"},"modified":"2026-05-11T10:30:47","modified_gmt":"2026-05-11T09:30:47","slug":"kadin-22-ayar-altin-kutu-zincir-55617","status":"publish","type":"product","link":"https:\/\/www.purejewels.com\/tr\/product\/womens-22-karat-gold-box-chain-55617\/","title":{"rendered":"Kad\u0131n 22 Ayar Alt\u0131n Kutu Zincir"},"content":{"rendered":"<h3 data-section-id=\"1qj9e1g\" data-start=\"36\" data-end=\"56\">Tasar\u0131m Konsepti<\/h3>\n<p data-start=\"57\" data-end=\"450\">Zarif ve \u00e7ok y\u00f6nl\u00fc Kad\u0131n 22 Ayar Alt\u0131n Kutu Zincir, zarif ve ak\u0131c\u0131 bir siluet olu\u015fturan \u015f\u0131k kutu \u015feklindeki ba\u011flant\u0131larla tasarlanm\u0131\u015ft\u0131r. Temiz geometrik formu, geleneksel alt\u0131n tak\u0131lara \u00e7a\u011fda\u015f bir dokunu\u015f getirerek hem modern hem de zarif hissettiren zamans\u0131z bir par\u00e7a sunar. 22 ayar alt\u0131n\u0131n \u0131\u015f\u0131lt\u0131l\u0131 s\u0131cakl\u0131\u011f\u0131, sade l\u00fcks\u00fcn\u00fc art\u0131rarak onu g\u00fcnl\u00fck \u015f\u0131kl\u0131k i\u00e7in ideal hale getirir.<\/p>\n<h3 data-section-id=\"n147pz\" data-start=\"452\" data-end=\"471\">Zanaatkarl\u0131k<\/h3>\n<p data-start=\"472\" data-end=\"872\">Damgal\u0131 22 ayar alt\u0131ndan ustal\u0131kla \u00fcretilen zincir, hassas i\u015f\u00e7ili\u011fi ve detaylara g\u00f6sterilen \u00f6zeni yans\u0131t\u0131r. Her bir kutu bakla, p\u00fcr\u00fczs\u00fcz hareket, kal\u0131c\u0131 rahatl\u0131k ve parlak bir y\u00fczey olu\u015fturmak i\u00e7in \u00f6zenle bir araya getirilmi\u015f ve parlat\u0131lm\u0131\u015ft\u0131r. K\u00f6kleri nesillerdir s\u00fcregelen m\u00fccevher uzmanl\u0131\u011f\u0131na dayanan zincir, PureJewels'in ince i\u015f\u00e7ili\u011fe ve kal\u0131c\u0131 kaliteye olan ba\u011fl\u0131l\u0131\u011f\u0131n\u0131 temsil eder.<\/p>\n<h3 data-section-id=\"11x20r2\" data-start=\"874\" data-end=\"893\">Stil Fikirleri<\/h3>\n<p data-start=\"894\" data-end=\"1249\" data-is-last-node=\"\" data-is-only-node=\"\">Katmanlama veya tek ba\u015f\u0131na kullan\u0131m i\u00e7in m\u00fckemmel olan bu alt\u0131n kutu zincir, hem \u00e7a\u011fda\u015f hem de geleneksel stili tamamlar. Ki\u015fisel bir dokunu\u015f i\u00e7in narin kolyeler, ba\u015f harfler veya de\u011ferli ta\u015f tak\u0131larla e\u015fle\u015ftirin ya da zarif bir minimalist g\u00f6r\u00fcn\u00fcm i\u00e7in tek ba\u015f\u0131na stilize edin. Hafif \u015f\u0131kl\u0131\u011f\u0131 sayesinde hem g\u00fcnl\u00fck gard\u0131roplarda hem de \u00f6zel g\u00fcnlerde zahmetsizce kullan\u0131labilir.<\/p>","protected":false},"excerpt":{"rendered":"<p>Kad\u0131n 22 Ayar Alt\u0131n Kutu Zincir, parlak damgal\u0131 22 ayar alt\u0131ndan \u00fcretilmi\u015f zamans\u0131z bir vazge\u00e7ilmezdir. Zarif ve ak\u0131c\u0131 bir g\u00f6r\u00fcn\u00fcm i\u00e7in \u015f\u0131k kutu baklalarla tasarlanan bu zarif zincir, g\u00fcnl\u00fck kullan\u0131m, katmanlama veya anlaml\u0131 kolyelerle e\u015fle\u015ftirme i\u00e7in m\u00fckemmeldir.<\/p>\n<p><strong>Malzeme<\/strong>: 22 Ayar Alt\u0131n (91,6% saf alt\u0131n)<br \/>\n<strong>Hallmark<\/strong>: \u0130ngiliz Hallmark<br \/>\n<strong>A\u011f\u0131rl\u0131k <\/strong>: 6.39<br \/>\n<b>Kal\u0131nl\u0131k<\/b>: 1.2mm<br \/>\n<strong>Uzunluk:<\/strong> 18 in\u00e7<br \/>\n<strong>SKU:<\/strong> 55617<\/p>\n<p><strong>Fiyat ve Teslimat:<\/strong>\u00a0KDV ve teslimat \u00fccreti dahil<br \/>\n<a href=\"https:\/\/www.purejewels.com\/tr\/i%cc%87ade-poli%cc%87ti%cc%87kasi\/\">\u0130ade Politikas\u0131<\/a><\/p>","protected":false},"featured_media":327533,"comment_status":"closed","ping_status":"closed","template":"","meta":{"_eb_attr":"","_crsspst_to_jayantr4sg-hostcom":true},"product_brand":[],"product_cat":[5014,1559,5267,1794,1793,1475,1229,1773,1575,1574,5349],"product_tag":[3990,65,1430],"class_list":{"0":"post-429619","1":"product","2":"type-product","3":"status-publish","4":"has-post-thumbnail","6":"product_cat-18-inch-ladies-chain","7":"product_cat-birthday-gifts","8":"product_cat-box-chain","9":"product_cat-christmas-gifts","10":"product_cat-diwali-gifts","11":"product_cat-gold-chains","12":"product_cat-22ct-gold-jewellery","13":"product_cat-ladies-chains","14":"product_cat-teenage-jewellery","15":"product_cat-womens-jewellery","16":"product_cat-yellow-gold-jewellery","17":"product_tag-22-carat-gold-chain","18":"product_tag-chains","19":"product_tag-diwali-gift","21":"first","22":"instock","23":"taxable","24":"shipping-taxable","25":"purchasable","26":"product-type-simple","27":"add-to-wishlist-before_image"},"yoast_head":"<!-- This site is optimized with the Yoast SEO plugin v27.5 - https:\/\/yoast.com\/product\/yoast-seo-wordpress\/ -->\n<title>Women\u2019s 22 Karat Gold Box Chain | PureJewels UK<\/title>\n<meta name=\"description\" content=\"Discover the Women\u2019s 22 Karat Gold Box Chain, crafted in radiant hallmarked 22ct gold with sleek geometric links. Shop online today.\" \/>\n<meta name=\"robots\" content=\"index, follow, max-snippet:-1, max-image-preview:large, max-video-preview:-1\" \/>\n<link rel=\"canonical\" href=\"https:\/\/www.purejewels.com\/tr\/urun\/kadin-22-ayar-altin-kutu-zincir-55617\/\" \/>\n<meta property=\"og:locale\" content=\"tr_TR\" \/>\n<meta property=\"og:type\" content=\"article\" \/>\n<meta property=\"og:title\" content=\"Women\u2019s 22 Karat Gold Box Chain | PureJewels UK\" \/>\n<meta property=\"og:description\" content=\"Discover the Women\u2019s 22 Karat Gold Box Chain, crafted in radiant hallmarked 22ct gold with sleek geometric links. Shop online today.\" \/>\n<meta property=\"og:url\" content=\"https:\/\/www.purejewels.com\/tr\/urun\/kadin-22-ayar-altin-kutu-zincir-55617\/\" \/>\n<meta property=\"og:site_name\" content=\"PureJewels UK\" \/>\n<meta property=\"article:modified_time\" content=\"2026-05-11T09:30:47+00:00\" \/>\n<meta property=\"og:image\" content=\"https:\/\/static.purejewels.com\/wp-content\/uploads\/2021\/04\/33032-1.jpg\" \/>\n\t<meta property=\"og:image:width\" content=\"1000\" \/>\n\t<meta property=\"og:image:height\" content=\"1000\" \/>\n\t<meta property=\"og:image:type\" content=\"image\/jpeg\" \/>\n<meta name=\"twitter:card\" content=\"summary_large_image\" \/>\n<meta name=\"twitter:label1\" content=\"Tahmini okuma s\u00fcresi\" \/>\n\t<meta name=\"twitter:data1\" content=\"1 dakika\" \/>\n<script type=\"application\/ld+json\" class=\"yoast-schema-graph\">{\"@context\":\"https:\\\/\\\/schema.org\",\"@graph\":[{\"@type\":[\"WebPage\",\"ItemPage\"],\"@id\":\"https:\\\/\\\/www.purejewels.com\\\/product\\\/womens-22-karat-gold-box-chain-55617\\\/\",\"url\":\"https:\\\/\\\/www.purejewels.com\\\/product\\\/womens-22-karat-gold-box-chain-55617\\\/\",\"name\":\"Women\u2019s 22 Karat Gold Box Chain | PureJewels UK\",\"isPartOf\":{\"@id\":\"https:\\\/\\\/www.purejewels.com\\\/#website\"},\"primaryImageOfPage\":{\"@id\":\"https:\\\/\\\/www.purejewels.com\\\/product\\\/womens-22-karat-gold-box-chain-55617\\\/#primaryimage\"},\"image\":{\"@id\":\"https:\\\/\\\/www.purejewels.com\\\/product\\\/womens-22-karat-gold-box-chain-55617\\\/#primaryimage\"},\"thumbnailUrl\":\"https:\\\/\\\/static.purejewels.com\\\/wp-content\\\/uploads\\\/2021\\\/04\\\/33032-1.jpg\",\"datePublished\":\"2026-01-11T10:22:26+00:00\",\"dateModified\":\"2026-05-11T09:30:47+00:00\",\"description\":\"Discover the Women\u2019s 22 Karat Gold Box Chain, crafted in radiant hallmarked 22ct gold with sleek geometric links. Shop online today.\",\"breadcrumb\":{\"@id\":\"https:\\\/\\\/www.purejewels.com\\\/product\\\/womens-22-karat-gold-box-chain-55617\\\/#breadcrumb\"},\"inLanguage\":\"tr\",\"potentialAction\":[{\"@type\":\"ReadAction\",\"target\":[\"https:\\\/\\\/www.purejewels.com\\\/product\\\/womens-22-karat-gold-box-chain-55617\\\/\"]}]},{\"@type\":\"ImageObject\",\"inLanguage\":\"tr\",\"@id\":\"https:\\\/\\\/www.purejewels.com\\\/product\\\/womens-22-karat-gold-box-chain-55617\\\/#primaryimage\",\"url\":\"https:\\\/\\\/static.purejewels.com\\\/wp-content\\\/uploads\\\/2021\\\/04\\\/33032-1.jpg\",\"contentUrl\":\"https:\\\/\\\/static.purejewels.com\\\/wp-content\\\/uploads\\\/2021\\\/04\\\/33032-1.jpg\",\"width\":1000,\"height\":1000,\"caption\":\"18ct Yellow Gold Box Chain | 18 Inches\"},{\"@type\":\"BreadcrumbList\",\"@id\":\"https:\\\/\\\/www.purejewels.com\\\/product\\\/womens-22-karat-gold-box-chain-55617\\\/#breadcrumb\",\"itemListElement\":[{\"@type\":\"ListItem\",\"position\":1,\"name\":\"Home\",\"item\":\"https:\\\/\\\/www.purejewels.com\\\/\"},{\"@type\":\"ListItem\",\"position\":2,\"name\":\"Shop\",\"item\":\"https:\\\/\\\/www.purejewels.com\\\/shop\\\/\"},{\"@type\":\"ListItem\",\"position\":3,\"name\":\"Women\u2019s 22 Karat Gold Box Chain\"}]},{\"@type\":\"WebSite\",\"@id\":\"https:\\\/\\\/www.purejewels.com\\\/#website\",\"url\":\"https:\\\/\\\/www.purejewels.com\\\/\",\"name\":\"PureJewels UK\",\"description\":\"Share the Love\",\"publisher\":{\"@id\":\"https:\\\/\\\/www.purejewels.com\\\/#organization\"},\"potentialAction\":[{\"@type\":\"SearchAction\",\"target\":{\"@type\":\"EntryPoint\",\"urlTemplate\":\"https:\\\/\\\/www.purejewels.com\\\/?s={search_term_string}\"},\"query-input\":{\"@type\":\"PropertyValueSpecification\",\"valueRequired\":true,\"valueName\":\"search_term_string\"}}],\"inLanguage\":\"tr\"},{\"@type\":\"Organization\",\"@id\":\"https:\\\/\\\/www.purejewels.com\\\/#organization\",\"name\":\"PureJewels UK\",\"url\":\"https:\\\/\\\/www.purejewels.com\\\/\",\"logo\":{\"@type\":\"ImageObject\",\"inLanguage\":\"tr\",\"@id\":\"https:\\\/\\\/www.purejewels.com\\\/#\\\/schema\\\/logo\\\/image\\\/\",\"url\":\"https:\\\/\\\/static.purejewels.com\\\/wp-content\\\/uploads\\\/2020\\\/11\\\/Logo-PJ-New-1.png\",\"contentUrl\":\"https:\\\/\\\/static.purejewels.com\\\/wp-content\\\/uploads\\\/2020\\\/11\\\/Logo-PJ-New-1.png\",\"width\":150,\"height\":80,\"caption\":\"PureJewels UK\"},\"image\":{\"@id\":\"https:\\\/\\\/www.purejewels.com\\\/#\\\/schema\\\/logo\\\/image\\\/\"}}]}<\/script>\n<!-- \/ Yoast SEO plugin. -->","yoast_head_json":{"title":"Kad\u0131n 22 Ayar Alt\u0131n Kutu Zincir | PureJewels UK","description":"Parlak damgal\u0131 22 ayar alt\u0131ndan \u00fcretilmi\u015f, \u015f\u0131k geometrik halkalara sahip Kad\u0131n 22 Ayar Alt\u0131n Kutu Zinciri ke\u015ffedin. Bug\u00fcn online al\u0131\u015fveri\u015f yap\u0131n.","robots":{"index":"index","follow":"follow","max-snippet":"max-snippet:-1","max-image-preview":"max-image-preview:large","max-video-preview":"max-video-preview:-1"},"canonical":"https:\/\/www.purejewels.com\/tr\/urun\/kadin-22-ayar-altin-kutu-zincir-55617\/","og_locale":"tr_TR","og_type":"article","og_title":"Women\u2019s 22 Karat Gold Box Chain | PureJewels UK","og_description":"Discover the Women\u2019s 22 Karat Gold Box Chain, crafted in radiant hallmarked 22ct gold with sleek geometric links. Shop online today.","og_url":"https:\/\/www.purejewels.com\/tr\/urun\/kadin-22-ayar-altin-kutu-zincir-55617\/","og_site_name":"PureJewels UK","article_modified_time":"2026-05-11T09:30:47+00:00","og_image":[{"width":1000,"height":1000,"url":"https:\/\/static.purejewels.com\/wp-content\/uploads\/2021\/04\/33032-1.jpg","type":"image\/jpeg"}],"twitter_card":"summary_large_image","twitter_misc":{"Tahmini okuma s\u00fcresi":"1 dakika"},"schema":{"@context":"https:\/\/schema.org","@graph":[{"@type":["WebPage","ItemPage"],"@id":"https:\/\/www.purejewels.com\/product\/womens-22-karat-gold-box-chain-55617\/","url":"https:\/\/www.purejewels.com\/product\/womens-22-karat-gold-box-chain-55617\/","name":"Kad\u0131n 22 Ayar Alt\u0131n Kutu Zincir | PureJewels UK","isPartOf":{"@id":"https:\/\/www.purejewels.com\/#website"},"primaryImageOfPage":{"@id":"https:\/\/www.purejewels.com\/product\/womens-22-karat-gold-box-chain-55617\/#primaryimage"},"image":{"@id":"https:\/\/www.purejewels.com\/product\/womens-22-karat-gold-box-chain-55617\/#primaryimage"},"thumbnailUrl":"https:\/\/static.purejewels.com\/wp-content\/uploads\/2021\/04\/33032-1.jpg","datePublished":"2026-01-11T10:22:26+00:00","dateModified":"2026-05-11T09:30:47+00:00","description":"Parlak damgal\u0131 22 ayar alt\u0131ndan \u00fcretilmi\u015f, \u015f\u0131k geometrik halkalara sahip Kad\u0131n 22 Ayar Alt\u0131n Kutu Zinciri ke\u015ffedin. Bug\u00fcn online al\u0131\u015fveri\u015f yap\u0131n.","breadcrumb":{"@id":"https:\/\/www.purejewels.com\/product\/womens-22-karat-gold-box-chain-55617\/#breadcrumb"},"inLanguage":"tr","potentialAction":[{"@type":"ReadAction","target":["https:\/\/www.purejewels.com\/product\/womens-22-karat-gold-box-chain-55617\/"]}]},{"@type":"ImageObject","inLanguage":"tr","@id":"https:\/\/www.purejewels.com\/product\/womens-22-karat-gold-box-chain-55617\/#primaryimage","url":"https:\/\/static.purejewels.com\/wp-content\/uploads\/2021\/04\/33032-1.jpg","contentUrl":"https:\/\/static.purejewels.com\/wp-content\/uploads\/2021\/04\/33032-1.jpg","width":1000,"height":1000,"caption":"18ct Yellow Gold Box Chain | 18 Inches"},{"@type":"BreadcrumbList","@id":"https:\/\/www.purejewels.com\/product\/womens-22-karat-gold-box-chain-55617\/#breadcrumb","itemListElement":[{"@type":"ListItem","position":1,"name":"Home","item":"https:\/\/www.purejewels.com\/"},{"@type":"ListItem","position":2,"name":"Shop","item":"https:\/\/www.purejewels.com\/shop\/"},{"@type":"ListItem","position":3,"name":"Women\u2019s 22 Karat Gold Box Chain"}]},{"@type":"WebSite","@id":"https:\/\/www.purejewels.com\/#website","url":"https:\/\/www.purejewels.com\/","name":"PureJewels \u0130ngiltere","description":"Sevgiyi Payla\u015f\u0131n","publisher":{"@id":"https:\/\/www.purejewels.com\/#organization"},"potentialAction":[{"@type":"SearchAction","target":{"@type":"EntryPoint","urlTemplate":"https:\/\/www.purejewels.com\/?s={search_term_string}"},"query-input":{"@type":"PropertyValueSpecification","valueRequired":true,"valueName":"search_term_string"}}],"inLanguage":"tr"},{"@type":"Organization","@id":"https:\/\/www.purejewels.com\/#organization","name":"PureJewels \u0130ngiltere","url":"https:\/\/www.purejewels.com\/","logo":{"@type":"ImageObject","inLanguage":"tr","@id":"https:\/\/www.purejewels.com\/#\/schema\/logo\/image\/","url":"https:\/\/static.purejewels.com\/wp-content\/uploads\/2020\/11\/Logo-PJ-New-1.png","contentUrl":"https:\/\/static.purejewels.com\/wp-content\/uploads\/2020\/11\/Logo-PJ-New-1.png","width":150,"height":80,"caption":"PureJewels UK"},"image":{"@id":"https:\/\/www.purejewels.com\/#\/schema\/logo\/image\/"}}]}},"_links":{"self":[{"href":"https:\/\/www.purejewels.com\/tr\/wp-json\/wp\/v2\/product\/429619","targetHints":{"allow":["GET"]}}],"collection":[{"href":"https:\/\/www.purejewels.com\/tr\/wp-json\/wp\/v2\/product"}],"about":[{"href":"https:\/\/www.purejewels.com\/tr\/wp-json\/wp\/v2\/types\/product"}],"replies":[{"embeddable":true,"href":"https:\/\/www.purejewels.com\/tr\/wp-json\/wp\/v2\/comments?post=429619"}],"version-history":[{"count":2,"href":"https:\/\/www.purejewels.com\/tr\/wp-json\/wp\/v2\/product\/429619\/revisions"}],"predecessor-version":[{"id":429623,"href":"https:\/\/www.purejewels.com\/tr\/wp-json\/wp\/v2\/product\/429619\/revisions\/429623"}],"wp:featuredmedia":[{"embeddable":true,"href":"https:\/\/www.purejewels.com\/tr\/wp-json\/wp\/v2\/media\/327533"}],"wp:attachment":[{"href":"https:\/\/www.purejewels.com\/tr\/wp-json\/wp\/v2\/media?parent=429619"}],"wp:term":[{"taxonomy":"product_brand","embeddable":true,"href":"https:\/\/www.purejewels.com\/tr\/wp-json\/wp\/v2\/product_brand?post=429619"},{"taxonomy":"product_cat","embeddable":true,"href":"https:\/\/www.purejewels.com\/tr\/wp-json\/wp\/v2\/product_cat?post=429619"},{"taxonomy":"product_tag","embeddable":true,"href":"https:\/\/www.purejewels.com\/tr\/wp-json\/wp\/v2\/product_tag?post=429619"}],"curies":[{"name":"wp","href":"https:\/\/api.w.org\/{rel}","templated":true}]}}