{"id":429624,"date":"2026-01-11T10:34:59","date_gmt":"2026-01-11T10:34:59","guid":{"rendered":"https:\/\/www.purejewels.com\/?post_type=product&#038;p=429624"},"modified":"2026-05-11T10:55:41","modified_gmt":"2026-05-11T09:55:41","slug":"22-ayar-altindan-kutu-zincir-55621","status":"publish","type":"product","link":"https:\/\/www.purejewels.com\/tr\/product\/box-chain-in-22-karat-gold-55621\/","title":{"rendered":"22 Ayar Alt\u0131n Kutu Zincir"},"content":{"rendered":"<h3 data-section-id=\"1qj9e1g\" data-start=\"696\" data-end=\"716\">Tasar\u0131m Konsepti<\/h3>\n<p data-start=\"717\" data-end=\"1108\">Temiz mimari \u00e7izgilerden ve dengeli simetriden ilham alan kutu zincir, abart\u0131s\u0131z l\u00fcks\u00fc kutlamak i\u00e7in tasarlanm\u0131\u015ft\u0131r. Hassas bir \u015fekilde \u015fekillendirilmi\u015f kare baklalar modern ve yap\u0131land\u0131r\u0131lm\u0131\u015f bir estetik yarat\u0131rken cilde kar\u015f\u0131 yumu\u015fakl\u0131\u011f\u0131 ve ak\u0131\u015fkan hareketi korur. Minimalist profili, saf 22 ayar alt\u0131n\u0131n g\u00fczelli\u011finin odak noktas\u0131 haline gelmesini sa\u011flar - zarif, rafine ve sonsuza kadar giyilebilir.<\/p>\n<h3 data-section-id=\"n147pz\" data-start=\"1110\" data-end=\"1129\">Zanaatkarl\u0131k<\/h3>\n<p data-start=\"1130\" data-end=\"1573\">Damgal\u0131 22 ayar alt\u0131ndan ustal\u0131kla \u00fcretilen zincir, nesillerdir s\u00fcregelen m\u00fccevher uzmanl\u0131\u011f\u0131n\u0131 ve detaylara g\u00f6sterilen titiz \u00f6zeni yans\u0131t\u0131yor. Her bir kutu baklas\u0131, dayan\u0131kl\u0131l\u0131k, esneklik ve p\u00fcr\u00fczs\u00fcz l\u00fcks bir y\u00fczey sa\u011flamak i\u00e7in \u00f6zenle bir araya getirilir ve parlat\u0131l\u0131r. \u0130\u015f\u00e7ilik, ince 22 ayar alt\u0131n tak\u0131lar\u0131n zengin \u0131\u015f\u0131lt\u0131s\u0131n\u0131 ve safl\u0131\u011f\u0131n\u0131 korurken hafif bir konfor elde etmeye odaklan\u0131r.<\/p>\n<h3 data-section-id=\"11x20r2\" data-start=\"1575\" data-end=\"1594\">Stil Fikirleri<\/h3>\n<p data-start=\"1595\" data-end=\"2014\">Kutu Zincir 22 Ayar Alt\u0131n'\u0131n \u00e7ok y\u00f6nl\u00fcl\u00fc\u011f\u00fc, onu hem minimalist hem de katmanl\u0131 stil i\u00e7in ideal k\u0131lar. Sade ve sofistike bir g\u00fcnl\u00fck g\u00f6r\u00fcn\u00fcm i\u00e7in tek ba\u015f\u0131na kullan\u0131n veya ki\u015fiselle\u015ftirilmi\u015f bir dokunu\u015f i\u00e7in ba\u015f harfler, de\u011ferli ta\u015flar veya sembolik motifler gibi anlaml\u0131 kolyelerle e\u015fle\u015ftirin. Daha k\u0131sa dokulu zincirlerle g\u00fczel bir \u015fekilde katmanlan\u0131r ve hem modern terzilik hem de geleneksel f\u0131rsat k\u0131yafetlerini zahmetsiz bir zarafetle tamamlar.<\/p>","protected":false},"excerpt":{"rendered":"<p>22 Ayar Alt\u0131n Kutu Zincir, parlak damgal\u0131 alt\u0131ndan \u015f\u0131k birbirine ge\u00e7en halkalarla haz\u0131rlanm\u0131\u015f zarif bir m\u00fccevherdir. Zarif, \u00e7ok y\u00f6nl\u00fc ve zahmetsizce zamans\u0131z olan bu zincir, katmanlama, kolye ucu stili veya g\u00fcnl\u00fck kullan\u0131m i\u00e7in m\u00fckemmeldir.<\/p>\n<p><strong>Malzeme<\/strong>: 22 Ayar Alt\u0131n (91,6% saf alt\u0131n)<br \/>\n<strong>Hallmark<\/strong>: \u0130ngiliz Hallmark<br \/>\n<strong>A\u011f\u0131rl\u0131k <\/strong>: 4.36<br \/>\n<b>Kal\u0131nl\u0131k<\/b>: 1,5 mm<br \/>\n<strong>Uzunluk:<\/strong> 16 in\u00e7<br \/>\n<strong>SKU:<\/strong> 55621<\/p>\n<p><strong>Fiyat ve Teslimat:<\/strong>\u00a0KDV ve teslimat \u00fccreti dahil<br \/>\n<a href=\"https:\/\/www.purejewels.com\/tr\/i%cc%87ade-poli%cc%87ti%cc%87kasi\/\">\u0130ade Politikas\u0131<\/a><\/p>","protected":false},"featured_media":327533,"comment_status":"closed","ping_status":"closed","template":"","meta":{"_eb_attr":"","_crsspst_to_jayantr4sg-hostcom":true},"product_brand":[],"product_cat":[5013,1559,5267,1794,1793,1475,1229,1773,1575,1574,5349],"product_tag":[3990,65,1430],"class_list":{"0":"post-429624","1":"product","2":"type-product","3":"status-publish","4":"has-post-thumbnail","6":"product_cat-16-inch-ladies-chain","7":"product_cat-birthday-gifts","8":"product_cat-box-chain","9":"product_cat-christmas-gifts","10":"product_cat-diwali-gifts","11":"product_cat-gold-chains","12":"product_cat-22ct-gold-jewellery","13":"product_cat-ladies-chains","14":"product_cat-teenage-jewellery","15":"product_cat-womens-jewellery","16":"product_cat-yellow-gold-jewellery","17":"product_tag-22-carat-gold-chain","18":"product_tag-chains","19":"product_tag-diwali-gift","21":"first","22":"instock","23":"taxable","24":"shipping-taxable","25":"purchasable","26":"product-type-simple","27":"add-to-wishlist-before_image"},"yoast_head":"<!-- This site is optimized with the Yoast SEO plugin v27.5 - https:\/\/yoast.com\/product\/yoast-seo-wordpress\/ -->\n<title>Box Chain in 22 Karat Gold | Hallmarked 22ct Gold Chain<\/title>\n<meta name=\"description\" content=\"Explore the elegance of the Box Chain in 22 Karat Gold, crafted in radiant hallmarked 22ct gold with sleek geometric links.\" \/>\n<meta name=\"robots\" content=\"index, follow, max-snippet:-1, max-image-preview:large, max-video-preview:-1\" \/>\n<link rel=\"canonical\" href=\"https:\/\/www.purejewels.com\/tr\/urun\/22-ayar-altindan-kutu-zincir-55621\/\" \/>\n<meta property=\"og:locale\" content=\"tr_TR\" \/>\n<meta property=\"og:type\" content=\"article\" \/>\n<meta property=\"og:title\" content=\"Box Chain in 22 Karat Gold | Hallmarked 22ct Gold Chain\" \/>\n<meta property=\"og:description\" content=\"Explore the elegance of the Box Chain in 22 Karat Gold, crafted in radiant hallmarked 22ct gold with sleek geometric links.\" \/>\n<meta property=\"og:url\" content=\"https:\/\/www.purejewels.com\/tr\/urun\/22-ayar-altindan-kutu-zincir-55621\/\" \/>\n<meta property=\"og:site_name\" content=\"PureJewels UK\" \/>\n<meta property=\"article:modified_time\" content=\"2026-05-11T09:55:41+00:00\" \/>\n<meta property=\"og:image\" content=\"https:\/\/static.purejewels.com\/wp-content\/uploads\/2021\/04\/33032-1.jpg\" \/>\n\t<meta property=\"og:image:width\" content=\"1000\" \/>\n\t<meta property=\"og:image:height\" content=\"1000\" \/>\n\t<meta property=\"og:image:type\" content=\"image\/jpeg\" \/>\n<meta name=\"twitter:card\" content=\"summary_large_image\" \/>\n<meta name=\"twitter:label1\" content=\"Tahmini okuma s\u00fcresi\" \/>\n\t<meta name=\"twitter:data1\" content=\"2 dakika\" \/>\n<script type=\"application\/ld+json\" class=\"yoast-schema-graph\">{\"@context\":\"https:\\\/\\\/schema.org\",\"@graph\":[{\"@type\":[\"WebPage\",\"ItemPage\"],\"@id\":\"https:\\\/\\\/www.purejewels.com\\\/product\\\/box-chain-in-22-karat-gold-55621\\\/\",\"url\":\"https:\\\/\\\/www.purejewels.com\\\/product\\\/box-chain-in-22-karat-gold-55621\\\/\",\"name\":\"Box Chain in 22 Karat Gold | Hallmarked 22ct Gold Chain\",\"isPartOf\":{\"@id\":\"https:\\\/\\\/www.purejewels.com\\\/#website\"},\"primaryImageOfPage\":{\"@id\":\"https:\\\/\\\/www.purejewels.com\\\/product\\\/box-chain-in-22-karat-gold-55621\\\/#primaryimage\"},\"image\":{\"@id\":\"https:\\\/\\\/www.purejewels.com\\\/product\\\/box-chain-in-22-karat-gold-55621\\\/#primaryimage\"},\"thumbnailUrl\":\"https:\\\/\\\/static.purejewels.com\\\/wp-content\\\/uploads\\\/2021\\\/04\\\/33032-1.jpg\",\"datePublished\":\"2026-01-11T10:34:59+00:00\",\"dateModified\":\"2026-05-11T09:55:41+00:00\",\"description\":\"Explore the elegance of the Box Chain in 22 Karat Gold, crafted in radiant hallmarked 22ct gold with sleek geometric links.\",\"breadcrumb\":{\"@id\":\"https:\\\/\\\/www.purejewels.com\\\/product\\\/box-chain-in-22-karat-gold-55621\\\/#breadcrumb\"},\"inLanguage\":\"tr\",\"potentialAction\":[{\"@type\":\"ReadAction\",\"target\":[\"https:\\\/\\\/www.purejewels.com\\\/product\\\/box-chain-in-22-karat-gold-55621\\\/\"]}]},{\"@type\":\"ImageObject\",\"inLanguage\":\"tr\",\"@id\":\"https:\\\/\\\/www.purejewels.com\\\/product\\\/box-chain-in-22-karat-gold-55621\\\/#primaryimage\",\"url\":\"https:\\\/\\\/static.purejewels.com\\\/wp-content\\\/uploads\\\/2021\\\/04\\\/33032-1.jpg\",\"contentUrl\":\"https:\\\/\\\/static.purejewels.com\\\/wp-content\\\/uploads\\\/2021\\\/04\\\/33032-1.jpg\",\"width\":1000,\"height\":1000,\"caption\":\"18ct Yellow Gold Box Chain | 18 Inches\"},{\"@type\":\"BreadcrumbList\",\"@id\":\"https:\\\/\\\/www.purejewels.com\\\/product\\\/box-chain-in-22-karat-gold-55621\\\/#breadcrumb\",\"itemListElement\":[{\"@type\":\"ListItem\",\"position\":1,\"name\":\"Home\",\"item\":\"https:\\\/\\\/www.purejewels.com\\\/\"},{\"@type\":\"ListItem\",\"position\":2,\"name\":\"Shop\",\"item\":\"https:\\\/\\\/www.purejewels.com\\\/shop\\\/\"},{\"@type\":\"ListItem\",\"position\":3,\"name\":\"Box Chain in 22 Karat Gold\"}]},{\"@type\":\"WebSite\",\"@id\":\"https:\\\/\\\/www.purejewels.com\\\/#website\",\"url\":\"https:\\\/\\\/www.purejewels.com\\\/\",\"name\":\"PureJewels UK\",\"description\":\"Share the Love\",\"publisher\":{\"@id\":\"https:\\\/\\\/www.purejewels.com\\\/#organization\"},\"potentialAction\":[{\"@type\":\"SearchAction\",\"target\":{\"@type\":\"EntryPoint\",\"urlTemplate\":\"https:\\\/\\\/www.purejewels.com\\\/?s={search_term_string}\"},\"query-input\":{\"@type\":\"PropertyValueSpecification\",\"valueRequired\":true,\"valueName\":\"search_term_string\"}}],\"inLanguage\":\"tr\"},{\"@type\":\"Organization\",\"@id\":\"https:\\\/\\\/www.purejewels.com\\\/#organization\",\"name\":\"PureJewels UK\",\"url\":\"https:\\\/\\\/www.purejewels.com\\\/\",\"logo\":{\"@type\":\"ImageObject\",\"inLanguage\":\"tr\",\"@id\":\"https:\\\/\\\/www.purejewels.com\\\/#\\\/schema\\\/logo\\\/image\\\/\",\"url\":\"https:\\\/\\\/static.purejewels.com\\\/wp-content\\\/uploads\\\/2020\\\/11\\\/Logo-PJ-New-1.png\",\"contentUrl\":\"https:\\\/\\\/static.purejewels.com\\\/wp-content\\\/uploads\\\/2020\\\/11\\\/Logo-PJ-New-1.png\",\"width\":150,\"height\":80,\"caption\":\"PureJewels UK\"},\"image\":{\"@id\":\"https:\\\/\\\/www.purejewels.com\\\/#\\\/schema\\\/logo\\\/image\\\/\"}}]}<\/script>\n<!-- \/ Yoast SEO plugin. -->","yoast_head_json":{"title":"22 Ayar Alt\u0131n Kutu Zincir | Damgal\u0131 22 Ayar Alt\u0131n Zincir","description":"Parlak damgal\u0131 22 ayar alt\u0131ndan \u00fcretilmi\u015f, \u015f\u0131k geometrik halkalara sahip 22 Ayar Alt\u0131n Kutu Zincirin zarafetini ke\u015ffedin.","robots":{"index":"index","follow":"follow","max-snippet":"max-snippet:-1","max-image-preview":"max-image-preview:large","max-video-preview":"max-video-preview:-1"},"canonical":"https:\/\/www.purejewels.com\/tr\/urun\/22-ayar-altindan-kutu-zincir-55621\/","og_locale":"tr_TR","og_type":"article","og_title":"Box Chain in 22 Karat Gold | Hallmarked 22ct Gold Chain","og_description":"Explore the elegance of the Box Chain in 22 Karat Gold, crafted in radiant hallmarked 22ct gold with sleek geometric links.","og_url":"https:\/\/www.purejewels.com\/tr\/urun\/22-ayar-altindan-kutu-zincir-55621\/","og_site_name":"PureJewels UK","article_modified_time":"2026-05-11T09:55:41+00:00","og_image":[{"width":1000,"height":1000,"url":"https:\/\/static.purejewels.com\/wp-content\/uploads\/2021\/04\/33032-1.jpg","type":"image\/jpeg"}],"twitter_card":"summary_large_image","twitter_misc":{"Tahmini okuma s\u00fcresi":"2 dakika"},"schema":{"@context":"https:\/\/schema.org","@graph":[{"@type":["WebPage","ItemPage"],"@id":"https:\/\/www.purejewels.com\/product\/box-chain-in-22-karat-gold-55621\/","url":"https:\/\/www.purejewels.com\/product\/box-chain-in-22-karat-gold-55621\/","name":"22 Ayar Alt\u0131n Kutu Zincir | Damgal\u0131 22 Ayar Alt\u0131n Zincir","isPartOf":{"@id":"https:\/\/www.purejewels.com\/#website"},"primaryImageOfPage":{"@id":"https:\/\/www.purejewels.com\/product\/box-chain-in-22-karat-gold-55621\/#primaryimage"},"image":{"@id":"https:\/\/www.purejewels.com\/product\/box-chain-in-22-karat-gold-55621\/#primaryimage"},"thumbnailUrl":"https:\/\/static.purejewels.com\/wp-content\/uploads\/2021\/04\/33032-1.jpg","datePublished":"2026-01-11T10:34:59+00:00","dateModified":"2026-05-11T09:55:41+00:00","description":"Parlak damgal\u0131 22 ayar alt\u0131ndan \u00fcretilmi\u015f, \u015f\u0131k geometrik halkalara sahip 22 Ayar Alt\u0131n Kutu Zincirin zarafetini ke\u015ffedin.","breadcrumb":{"@id":"https:\/\/www.purejewels.com\/product\/box-chain-in-22-karat-gold-55621\/#breadcrumb"},"inLanguage":"tr","potentialAction":[{"@type":"ReadAction","target":["https:\/\/www.purejewels.com\/product\/box-chain-in-22-karat-gold-55621\/"]}]},{"@type":"ImageObject","inLanguage":"tr","@id":"https:\/\/www.purejewels.com\/product\/box-chain-in-22-karat-gold-55621\/#primaryimage","url":"https:\/\/static.purejewels.com\/wp-content\/uploads\/2021\/04\/33032-1.jpg","contentUrl":"https:\/\/static.purejewels.com\/wp-content\/uploads\/2021\/04\/33032-1.jpg","width":1000,"height":1000,"caption":"18ct Yellow Gold Box Chain | 18 Inches"},{"@type":"BreadcrumbList","@id":"https:\/\/www.purejewels.com\/product\/box-chain-in-22-karat-gold-55621\/#breadcrumb","itemListElement":[{"@type":"ListItem","position":1,"name":"Home","item":"https:\/\/www.purejewels.com\/"},{"@type":"ListItem","position":2,"name":"Shop","item":"https:\/\/www.purejewels.com\/shop\/"},{"@type":"ListItem","position":3,"name":"Box Chain in 22 Karat Gold"}]},{"@type":"WebSite","@id":"https:\/\/www.purejewels.com\/#website","url":"https:\/\/www.purejewels.com\/","name":"PureJewels \u0130ngiltere","description":"Sevgiyi Payla\u015f\u0131n","publisher":{"@id":"https:\/\/www.purejewels.com\/#organization"},"potentialAction":[{"@type":"SearchAction","target":{"@type":"EntryPoint","urlTemplate":"https:\/\/www.purejewels.com\/?s={search_term_string}"},"query-input":{"@type":"PropertyValueSpecification","valueRequired":true,"valueName":"search_term_string"}}],"inLanguage":"tr"},{"@type":"Organization","@id":"https:\/\/www.purejewels.com\/#organization","name":"PureJewels \u0130ngiltere","url":"https:\/\/www.purejewels.com\/","logo":{"@type":"ImageObject","inLanguage":"tr","@id":"https:\/\/www.purejewels.com\/#\/schema\/logo\/image\/","url":"https:\/\/static.purejewels.com\/wp-content\/uploads\/2020\/11\/Logo-PJ-New-1.png","contentUrl":"https:\/\/static.purejewels.com\/wp-content\/uploads\/2020\/11\/Logo-PJ-New-1.png","width":150,"height":80,"caption":"PureJewels UK"},"image":{"@id":"https:\/\/www.purejewels.com\/#\/schema\/logo\/image\/"}}]}},"_links":{"self":[{"href":"https:\/\/www.purejewels.com\/tr\/wp-json\/wp\/v2\/product\/429624","targetHints":{"allow":["GET"]}}],"collection":[{"href":"https:\/\/www.purejewels.com\/tr\/wp-json\/wp\/v2\/product"}],"about":[{"href":"https:\/\/www.purejewels.com\/tr\/wp-json\/wp\/v2\/types\/product"}],"replies":[{"embeddable":true,"href":"https:\/\/www.purejewels.com\/tr\/wp-json\/wp\/v2\/comments?post=429624"}],"version-history":[{"count":1,"href":"https:\/\/www.purejewels.com\/tr\/wp-json\/wp\/v2\/product\/429624\/revisions"}],"predecessor-version":[{"id":429627,"href":"https:\/\/www.purejewels.com\/tr\/wp-json\/wp\/v2\/product\/429624\/revisions\/429627"}],"wp:featuredmedia":[{"embeddable":true,"href":"https:\/\/www.purejewels.com\/tr\/wp-json\/wp\/v2\/media\/327533"}],"wp:attachment":[{"href":"https:\/\/www.purejewels.com\/tr\/wp-json\/wp\/v2\/media?parent=429624"}],"wp:term":[{"taxonomy":"product_brand","embeddable":true,"href":"https:\/\/www.purejewels.com\/tr\/wp-json\/wp\/v2\/product_brand?post=429624"},{"taxonomy":"product_cat","embeddable":true,"href":"https:\/\/www.purejewels.com\/tr\/wp-json\/wp\/v2\/product_cat?post=429624"},{"taxonomy":"product_tag","embeddable":true,"href":"https:\/\/www.purejewels.com\/tr\/wp-json\/wp\/v2\/product_tag?post=429624"}],"curies":[{"name":"wp","href":"https:\/\/api.w.org\/{rel}","templated":true}]}}