{"id":429644,"date":"2026-01-12T06:21:05","date_gmt":"2026-01-12T06:21:05","guid":{"rendered":"https:\/\/www.purejewels.com\/?post_type=product&#038;p=429644"},"modified":"2026-05-12T06:29:58","modified_gmt":"2026-05-12T05:29:58","slug":"22-ayar-altin-zincir-uk-18-inc-55623","status":"publish","type":"product","link":"https:\/\/www.purejewels.com\/tr\/product\/22-karat-gold-chain-uk-18-inch-55623\/","title":{"rendered":"22 Ayar Alt\u0131n Zincir \u0130ngiltere | 18 \u0130n\u00e7"},"content":{"rendered":"<h3 data-section-id=\"1qj9e1g\" data-start=\"1236\" data-end=\"1256\">Tasar\u0131m Konsepti<\/h3>\n<p data-start=\"1257\" data-end=\"1562\">Temiz \u00e7izgiler ve ak\u0131c\u0131 hareketten ilham alan zincir, zarif, hafif ve zahmetsizce tak\u0131labilir bir his vermek \u00fczere tasarlanm\u0131\u015ft\u0131r. Rafine yap\u0131s\u0131, 22 ayar alt\u0131n\u0131n s\u0131cakl\u0131\u011f\u0131n\u0131n ve do\u011fal \u0131\u015f\u0131lt\u0131s\u0131n\u0131n \u00f6n plana \u00e7\u0131kmas\u0131n\u0131 sa\u011flayarak hem g\u00fcnl\u00fck kullan\u0131ma hem de \u00f6zel g\u00fcnlere uygun zamans\u0131z bir par\u00e7a yarat\u0131yor.<\/p>\n<h3 data-section-id=\"n147pz\" data-start=\"1564\" data-end=\"1583\">Zanaatkarl\u0131k<\/h3>\n<p data-start=\"1584\" data-end=\"1991\">Damgal\u0131 22 ayar alt\u0131ndan ustal\u0131kla \u00fcretilen zincir, nesillerdir s\u00fcregelen m\u00fccevher uzmanl\u0131\u011f\u0131n\u0131 ve detaylara g\u00f6sterilen titiz \u00f6zeni yans\u0131t\u0131yor. Her bir bakla, p\u00fcr\u00fczs\u00fcz bir ak\u0131\u015fkanl\u0131k, rahat kullan\u0131m ve parlak bir y\u00fczey elde etmek i\u00e7in \u00f6zenle bir araya getirilmi\u015f ve parlat\u0131lm\u0131\u015ft\u0131r. K\u00f6kl\u00fc i\u015f\u00e7ilik miras\u0131na dayanan her par\u00e7a, PureJewels'in kalite, \u00f6zg\u00fcnl\u00fck ve ince sanata olan ba\u011fl\u0131l\u0131\u011f\u0131n\u0131 temsil eder.<\/p>\n<h3 data-section-id=\"11x20r2\" data-start=\"1993\" data-end=\"2012\">Stil Fikirleri<\/h3>\n<p data-start=\"2013\" data-end=\"2357\">Bu 22 ayar alt\u0131n zinciri rafine minimal \u015f\u0131kl\u0131k i\u00e7in tek ba\u015f\u0131na stilize edin veya ki\u015fisel bir dokunu\u015f i\u00e7in ba\u015f harfler, de\u011ferli ta\u015flar veya sembolik motifler gibi anlaml\u0131 kolyelerle e\u015fle\u015ftirin. Daha k\u0131sa ve daha uzun alt\u0131n zincirlerle g\u00fczel bir \u015fekilde katmanlan\u0131r, bu da onu \u00e7a\u011fda\u015f y\u0131\u011f\u0131lm\u0131\u015f stil i\u00e7in m\u00fckemmel hale getirirken geleneksel vesileyle giymek i\u00e7in yeterince zamans\u0131z kal\u0131r.<\/p>","protected":false},"excerpt":{"rendered":"<p>Birle\u015fik Krall\u0131k'ta parlak damgal\u0131 alt\u0131ndan el i\u015f\u00e7ili\u011fiyle \u00fcretilen bu 22 Ayar Alt\u0131n Zincir ile zamans\u0131z \u015f\u0131kl\u0131\u011f\u0131 ke\u015ffedin. Rafine i\u015f\u00e7ilik ve \u00e7ok y\u00f6nl\u00fc stil g\u00f6z \u00f6n\u00fcnde bulundurularak tasarlanan bu l\u00fcks zincir, g\u00fcnl\u00fck kullan\u0131m, katmanlama veya anlaml\u0131 kolyelerle e\u015fle\u015ftirme i\u00e7in m\u00fckemmeldir.<\/p>\n<p><strong>Malzeme<\/strong>: 22 Ayar Alt\u0131n (91,6% saf alt\u0131n)<br \/>\n<strong>Hallmark<\/strong>: \u0130ngiliz Hallmark<br \/>\n<strong>A\u011f\u0131rl\u0131k <\/strong>: 6.44 Gms<br \/>\n<b>Kal\u0131nl\u0131k<\/b>: 1.3mm<br \/>\n<strong>Uzunluk:<\/strong> 18 in\u00e7<br \/>\n<strong>SKU:<\/strong> 55623<\/p>\n<p><strong>Fiyat ve Teslimat:<\/strong>\u00a0KDV ve teslimat \u00fccreti dahil<br \/>\n<a href=\"https:\/\/www.purejewels.com\/tr\/i%cc%87ade-poli%cc%87ti%cc%87kasi\/\">\u0130ade Politikas\u0131<\/a><\/p>","protected":false},"featured_media":327533,"comment_status":"closed","ping_status":"closed","template":"","meta":{"_eb_attr":"","_crsspst_to_jayantr4sg-hostcom":true},"product_brand":[],"product_cat":[5014,1559,5267,1794,1793,1475,1229,1773,1575,1574,5349],"product_tag":[3990,65,1430],"class_list":{"0":"post-429644","1":"product","2":"type-product","3":"status-publish","4":"has-post-thumbnail","6":"product_cat-18-inch-ladies-chain","7":"product_cat-birthday-gifts","8":"product_cat-box-chain","9":"product_cat-christmas-gifts","10":"product_cat-diwali-gifts","11":"product_cat-gold-chains","12":"product_cat-22ct-gold-jewellery","13":"product_cat-ladies-chains","14":"product_cat-teenage-jewellery","15":"product_cat-womens-jewellery","16":"product_cat-yellow-gold-jewellery","17":"product_tag-22-carat-gold-chain","18":"product_tag-chains","19":"product_tag-diwali-gift","21":"first","22":"instock","23":"taxable","24":"shipping-taxable","25":"purchasable","26":"product-type-simple","27":"add-to-wishlist-before_image"},"yoast_head":"<!-- This site is optimized with the Yoast SEO plugin v27.5 - https:\/\/yoast.com\/product\/yoast-seo-wordpress\/ -->\n<title>22 Karat Gold Chain UK | PureJewels London<\/title>\n<meta name=\"description\" content=\"Explore handcrafted 22 Karat Gold Chains in the UK at PureJewels London. Discover elegant hallmarked 22ct gold chains designed for everyday luxury.\" \/>\n<meta name=\"robots\" content=\"index, follow, max-snippet:-1, max-image-preview:large, max-video-preview:-1\" \/>\n<link rel=\"canonical\" href=\"https:\/\/www.purejewels.com\/tr\/urun\/22-ayar-altin-zincir-uk-18-inc-55623\/\" \/>\n<meta property=\"og:locale\" content=\"tr_TR\" \/>\n<meta property=\"og:type\" content=\"article\" \/>\n<meta property=\"og:title\" content=\"22 Karat Gold Chain UK | PureJewels London\" \/>\n<meta property=\"og:description\" content=\"Explore handcrafted 22 Karat Gold Chains in the UK at PureJewels London. Discover elegant hallmarked 22ct gold chains designed for everyday luxury.\" \/>\n<meta property=\"og:url\" content=\"https:\/\/www.purejewels.com\/tr\/urun\/22-ayar-altin-zincir-uk-18-inc-55623\/\" \/>\n<meta property=\"og:site_name\" content=\"PureJewels UK\" \/>\n<meta property=\"article:modified_time\" content=\"2026-05-12T05:29:58+00:00\" \/>\n<meta property=\"og:image\" content=\"https:\/\/static.purejewels.com\/wp-content\/uploads\/2021\/04\/33032-1.jpg\" \/>\n\t<meta property=\"og:image:width\" content=\"1000\" \/>\n\t<meta property=\"og:image:height\" content=\"1000\" \/>\n\t<meta property=\"og:image:type\" content=\"image\/jpeg\" \/>\n<meta name=\"twitter:card\" content=\"summary_large_image\" \/>\n<meta name=\"twitter:label1\" content=\"Tahmini okuma s\u00fcresi\" \/>\n\t<meta name=\"twitter:data1\" content=\"1 dakika\" \/>\n<script type=\"application\/ld+json\" class=\"yoast-schema-graph\">{\"@context\":\"https:\\\/\\\/schema.org\",\"@graph\":[{\"@type\":[\"WebPage\",\"ItemPage\"],\"@id\":\"https:\\\/\\\/www.purejewels.com\\\/product\\\/22-karat-gold-chain-uk-18-inch-55623\\\/\",\"url\":\"https:\\\/\\\/www.purejewels.com\\\/product\\\/22-karat-gold-chain-uk-18-inch-55623\\\/\",\"name\":\"22 Karat Gold Chain UK | PureJewels London\",\"isPartOf\":{\"@id\":\"https:\\\/\\\/www.purejewels.com\\\/#website\"},\"primaryImageOfPage\":{\"@id\":\"https:\\\/\\\/www.purejewels.com\\\/product\\\/22-karat-gold-chain-uk-18-inch-55623\\\/#primaryimage\"},\"image\":{\"@id\":\"https:\\\/\\\/www.purejewels.com\\\/product\\\/22-karat-gold-chain-uk-18-inch-55623\\\/#primaryimage\"},\"thumbnailUrl\":\"https:\\\/\\\/static.purejewels.com\\\/wp-content\\\/uploads\\\/2021\\\/04\\\/33032-1.jpg\",\"datePublished\":\"2026-01-12T06:21:05+00:00\",\"dateModified\":\"2026-05-12T05:29:58+00:00\",\"description\":\"Explore handcrafted 22 Karat Gold Chains in the UK at PureJewels London. Discover elegant hallmarked 22ct gold chains designed for everyday luxury.\",\"breadcrumb\":{\"@id\":\"https:\\\/\\\/www.purejewels.com\\\/product\\\/22-karat-gold-chain-uk-18-inch-55623\\\/#breadcrumb\"},\"inLanguage\":\"tr\",\"potentialAction\":[{\"@type\":\"ReadAction\",\"target\":[\"https:\\\/\\\/www.purejewels.com\\\/product\\\/22-karat-gold-chain-uk-18-inch-55623\\\/\"]}]},{\"@type\":\"ImageObject\",\"inLanguage\":\"tr\",\"@id\":\"https:\\\/\\\/www.purejewels.com\\\/product\\\/22-karat-gold-chain-uk-18-inch-55623\\\/#primaryimage\",\"url\":\"https:\\\/\\\/static.purejewels.com\\\/wp-content\\\/uploads\\\/2021\\\/04\\\/33032-1.jpg\",\"contentUrl\":\"https:\\\/\\\/static.purejewels.com\\\/wp-content\\\/uploads\\\/2021\\\/04\\\/33032-1.jpg\",\"width\":1000,\"height\":1000,\"caption\":\"18ct Yellow Gold Box Chain | 18 Inches\"},{\"@type\":\"BreadcrumbList\",\"@id\":\"https:\\\/\\\/www.purejewels.com\\\/product\\\/22-karat-gold-chain-uk-18-inch-55623\\\/#breadcrumb\",\"itemListElement\":[{\"@type\":\"ListItem\",\"position\":1,\"name\":\"Home\",\"item\":\"https:\\\/\\\/www.purejewels.com\\\/\"},{\"@type\":\"ListItem\",\"position\":2,\"name\":\"Shop\",\"item\":\"https:\\\/\\\/www.purejewels.com\\\/shop\\\/\"},{\"@type\":\"ListItem\",\"position\":3,\"name\":\"22 Karat Gold Chain UK | 18 Inch\"}]},{\"@type\":\"WebSite\",\"@id\":\"https:\\\/\\\/www.purejewels.com\\\/#website\",\"url\":\"https:\\\/\\\/www.purejewels.com\\\/\",\"name\":\"PureJewels UK\",\"description\":\"Share the Love\",\"publisher\":{\"@id\":\"https:\\\/\\\/www.purejewels.com\\\/#organization\"},\"potentialAction\":[{\"@type\":\"SearchAction\",\"target\":{\"@type\":\"EntryPoint\",\"urlTemplate\":\"https:\\\/\\\/www.purejewels.com\\\/?s={search_term_string}\"},\"query-input\":{\"@type\":\"PropertyValueSpecification\",\"valueRequired\":true,\"valueName\":\"search_term_string\"}}],\"inLanguage\":\"tr\"},{\"@type\":\"Organization\",\"@id\":\"https:\\\/\\\/www.purejewels.com\\\/#organization\",\"name\":\"PureJewels UK\",\"url\":\"https:\\\/\\\/www.purejewels.com\\\/\",\"logo\":{\"@type\":\"ImageObject\",\"inLanguage\":\"tr\",\"@id\":\"https:\\\/\\\/www.purejewels.com\\\/#\\\/schema\\\/logo\\\/image\\\/\",\"url\":\"https:\\\/\\\/static.purejewels.com\\\/wp-content\\\/uploads\\\/2020\\\/11\\\/Logo-PJ-New-1.png\",\"contentUrl\":\"https:\\\/\\\/static.purejewels.com\\\/wp-content\\\/uploads\\\/2020\\\/11\\\/Logo-PJ-New-1.png\",\"width\":150,\"height\":80,\"caption\":\"PureJewels UK\"},\"image\":{\"@id\":\"https:\\\/\\\/www.purejewels.com\\\/#\\\/schema\\\/logo\\\/image\\\/\"}}]}<\/script>\n<!-- \/ Yoast SEO plugin. -->","yoast_head_json":{"title":"22 Ayar Alt\u0131n Zincir \u0130ngiltere | PureJewels Londra","description":"\u0130ngiltere'de PureJewels London'da el yap\u0131m\u0131 22 Ayar Alt\u0131n Zincirleri ke\u015ffedin. G\u00fcnl\u00fck l\u00fcks i\u00e7in tasarlanm\u0131\u015f zarif damgal\u0131 22 ayar alt\u0131n zincirleri ke\u015ffedin.","robots":{"index":"index","follow":"follow","max-snippet":"max-snippet:-1","max-image-preview":"max-image-preview:large","max-video-preview":"max-video-preview:-1"},"canonical":"https:\/\/www.purejewels.com\/tr\/urun\/22-ayar-altin-zincir-uk-18-inc-55623\/","og_locale":"tr_TR","og_type":"article","og_title":"22 Karat Gold Chain UK | PureJewels London","og_description":"Explore handcrafted 22 Karat Gold Chains in the UK at PureJewels London. Discover elegant hallmarked 22ct gold chains designed for everyday luxury.","og_url":"https:\/\/www.purejewels.com\/tr\/urun\/22-ayar-altin-zincir-uk-18-inc-55623\/","og_site_name":"PureJewels UK","article_modified_time":"2026-05-12T05:29:58+00:00","og_image":[{"width":1000,"height":1000,"url":"https:\/\/static.purejewels.com\/wp-content\/uploads\/2021\/04\/33032-1.jpg","type":"image\/jpeg"}],"twitter_card":"summary_large_image","twitter_misc":{"Tahmini okuma s\u00fcresi":"1 dakika"},"schema":{"@context":"https:\/\/schema.org","@graph":[{"@type":["WebPage","ItemPage"],"@id":"https:\/\/www.purejewels.com\/product\/22-karat-gold-chain-uk-18-inch-55623\/","url":"https:\/\/www.purejewels.com\/product\/22-karat-gold-chain-uk-18-inch-55623\/","name":"22 Ayar Alt\u0131n Zincir \u0130ngiltere | PureJewels Londra","isPartOf":{"@id":"https:\/\/www.purejewels.com\/#website"},"primaryImageOfPage":{"@id":"https:\/\/www.purejewels.com\/product\/22-karat-gold-chain-uk-18-inch-55623\/#primaryimage"},"image":{"@id":"https:\/\/www.purejewels.com\/product\/22-karat-gold-chain-uk-18-inch-55623\/#primaryimage"},"thumbnailUrl":"https:\/\/static.purejewels.com\/wp-content\/uploads\/2021\/04\/33032-1.jpg","datePublished":"2026-01-12T06:21:05+00:00","dateModified":"2026-05-12T05:29:58+00:00","description":"\u0130ngiltere'de PureJewels London'da el yap\u0131m\u0131 22 Ayar Alt\u0131n Zincirleri ke\u015ffedin. G\u00fcnl\u00fck l\u00fcks i\u00e7in tasarlanm\u0131\u015f zarif damgal\u0131 22 ayar alt\u0131n zincirleri ke\u015ffedin.","breadcrumb":{"@id":"https:\/\/www.purejewels.com\/product\/22-karat-gold-chain-uk-18-inch-55623\/#breadcrumb"},"inLanguage":"tr","potentialAction":[{"@type":"ReadAction","target":["https:\/\/www.purejewels.com\/product\/22-karat-gold-chain-uk-18-inch-55623\/"]}]},{"@type":"ImageObject","inLanguage":"tr","@id":"https:\/\/www.purejewels.com\/product\/22-karat-gold-chain-uk-18-inch-55623\/#primaryimage","url":"https:\/\/static.purejewels.com\/wp-content\/uploads\/2021\/04\/33032-1.jpg","contentUrl":"https:\/\/static.purejewels.com\/wp-content\/uploads\/2021\/04\/33032-1.jpg","width":1000,"height":1000,"caption":"18ct Yellow Gold Box Chain | 18 Inches"},{"@type":"BreadcrumbList","@id":"https:\/\/www.purejewels.com\/product\/22-karat-gold-chain-uk-18-inch-55623\/#breadcrumb","itemListElement":[{"@type":"ListItem","position":1,"name":"Home","item":"https:\/\/www.purejewels.com\/"},{"@type":"ListItem","position":2,"name":"Shop","item":"https:\/\/www.purejewels.com\/shop\/"},{"@type":"ListItem","position":3,"name":"22 Karat Gold Chain UK | 18 Inch"}]},{"@type":"WebSite","@id":"https:\/\/www.purejewels.com\/#website","url":"https:\/\/www.purejewels.com\/","name":"PureJewels \u0130ngiltere","description":"Sevgiyi Payla\u015f\u0131n","publisher":{"@id":"https:\/\/www.purejewels.com\/#organization"},"potentialAction":[{"@type":"SearchAction","target":{"@type":"EntryPoint","urlTemplate":"https:\/\/www.purejewels.com\/?s={search_term_string}"},"query-input":{"@type":"PropertyValueSpecification","valueRequired":true,"valueName":"search_term_string"}}],"inLanguage":"tr"},{"@type":"Organization","@id":"https:\/\/www.purejewels.com\/#organization","name":"PureJewels \u0130ngiltere","url":"https:\/\/www.purejewels.com\/","logo":{"@type":"ImageObject","inLanguage":"tr","@id":"https:\/\/www.purejewels.com\/#\/schema\/logo\/image\/","url":"https:\/\/static.purejewels.com\/wp-content\/uploads\/2020\/11\/Logo-PJ-New-1.png","contentUrl":"https:\/\/static.purejewels.com\/wp-content\/uploads\/2020\/11\/Logo-PJ-New-1.png","width":150,"height":80,"caption":"PureJewels UK"},"image":{"@id":"https:\/\/www.purejewels.com\/#\/schema\/logo\/image\/"}}]}},"_links":{"self":[{"href":"https:\/\/www.purejewels.com\/tr\/wp-json\/wp\/v2\/product\/429644","targetHints":{"allow":["GET"]}}],"collection":[{"href":"https:\/\/www.purejewels.com\/tr\/wp-json\/wp\/v2\/product"}],"about":[{"href":"https:\/\/www.purejewels.com\/tr\/wp-json\/wp\/v2\/types\/product"}],"replies":[{"embeddable":true,"href":"https:\/\/www.purejewels.com\/tr\/wp-json\/wp\/v2\/comments?post=429644"}],"version-history":[{"count":2,"href":"https:\/\/www.purejewels.com\/tr\/wp-json\/wp\/v2\/product\/429644\/revisions"}],"predecessor-version":[{"id":429646,"href":"https:\/\/www.purejewels.com\/tr\/wp-json\/wp\/v2\/product\/429644\/revisions\/429646"}],"wp:featuredmedia":[{"embeddable":true,"href":"https:\/\/www.purejewels.com\/tr\/wp-json\/wp\/v2\/media\/327533"}],"wp:attachment":[{"href":"https:\/\/www.purejewels.com\/tr\/wp-json\/wp\/v2\/media?parent=429644"}],"wp:term":[{"taxonomy":"product_brand","embeddable":true,"href":"https:\/\/www.purejewels.com\/tr\/wp-json\/wp\/v2\/product_brand?post=429644"},{"taxonomy":"product_cat","embeddable":true,"href":"https:\/\/www.purejewels.com\/tr\/wp-json\/wp\/v2\/product_cat?post=429644"},{"taxonomy":"product_tag","embeddable":true,"href":"https:\/\/www.purejewels.com\/tr\/wp-json\/wp\/v2\/product_tag?post=429644"}],"curies":[{"name":"wp","href":"https:\/\/api.w.org\/{rel}","templated":true}]}}