{"id":429648,"date":"2026-01-12T06:42:25","date_gmt":"2026-01-12T06:42:25","guid":{"rendered":"https:\/\/www.purejewels.com\/?post_type=product&#038;p=429648"},"modified":"2026-05-12T08:08:41","modified_gmt":"2026-05-12T07:08:41","slug":"klasik-sari-altin-cift-kutu-zincir-uk-55632","status":"publish","type":"product","link":"https:\/\/www.purejewels.com\/tr\/product\/classic-yellow-gold-double-box-chain-uk-55632\/","title":{"rendered":"Klasik Sar\u0131 Alt\u0131n \u00c7ift Kutu Zincir \u0130ngiltere"},"content":{"rendered":"<h3 data-section-id=\"1qj9e1g\" data-start=\"1300\" data-end=\"1320\">Tasar\u0131m Konsepti<\/h3>\n<p data-start=\"1321\" data-end=\"1691\">Simetri ve modern minimalizmden ilham alan ikili kutu zincir, temiz geometrik halkalar\u0131 zarif bir ak\u0131\u015fkanl\u0131kla birle\u015ftiriyor. Birbirine kenetlenen yap\u0131 \u0131\u015f\u0131\u011f\u0131 g\u00fczel bir \u015fekilde yans\u0131tarak \u015f\u0131k ve cilal\u0131 bir g\u00f6r\u00fcn\u00fcm yarat\u0131rken sar\u0131 alt\u0131n\u0131n s\u0131cakl\u0131\u011f\u0131n\u0131n odak noktas\u0131 olarak kalmas\u0131n\u0131 sa\u011flar. Zamans\u0131z esteti\u011fi, \u00e7a\u011fda\u015f zarafeti klasik m\u00fccevher stiliyle dengeler.<\/p>\n<h3 data-section-id=\"n147pz\" data-start=\"1693\" data-end=\"1712\">Zanaatkarl\u0131k<\/h3>\n<p data-start=\"1713\" data-end=\"2057\">Damgal\u0131 22 ayar sar\u0131 alt\u0131ndan ustal\u0131kla \u00fcretilen her bir halka, dayan\u0131kl\u0131l\u0131k, rahatl\u0131k ve zarif hareket i\u00e7in \u00f6zenle bir araya getirilmi\u015f ve parlat\u0131lm\u0131\u015ft\u0131r. Nesiller boyu s\u00fcren m\u00fccevher uzmanl\u0131\u011f\u0131n\u0131 ve titiz i\u015f\u00e7ili\u011fi yans\u0131tan zincir, y\u0131llarca tak\u0131lmak ve de\u011fer verilmek \u00fczere tasarlanm\u0131\u015f l\u00fcks bir g\u00f6r\u00fcn\u00fcm sunar.<\/p>\n<h3 data-section-id=\"11x20r2\" data-start=\"2059\" data-end=\"2078\">Stil Fikirleri<\/h3>\n<p data-start=\"2079\" data-end=\"2447\">Klasik Sar\u0131 Alt\u0131n \u00c7ift Kutu Zinciri sofistike bir minimalist ifade i\u00e7in tek ba\u015f\u0131na kullan\u0131n veya daha ki\u015fisel bir tarz i\u00e7in anlaml\u0131 kolyelerle e\u015fle\u015ftirin. Yap\u0131land\u0131r\u0131lm\u0131\u015f \u00e7ift ba\u011flant\u0131l\u0131 tasar\u0131m, daha ince zincirlerle g\u00fczel bir \u015fekilde katmanlan\u0131r ve hem geleneksel hem de modern gard\u0131roplar\u0131 zahmetsiz bir zarafetle tamamlar. G\u00fcnl\u00fck kullan\u0131m, hediye ve \u00f6zel g\u00fcn stilleri i\u00e7in idealdir.<\/p>","protected":false},"excerpt":{"rendered":"<p>Klasik Sar\u0131 Alt\u0131n \u00c7ift Kutu Zincir, daha fazla derinlik ve parlakl\u0131k sunan zarif \u00e7ift kutu baklal\u0131 tasar\u0131m\u0131yla 22 ayar alt\u0131n\u0131n parlak damgas\u0131yla \u00fcretilmi\u015ftir. Zamans\u0131z, \u00e7ok y\u00f6nl\u00fc ve zarif olan bu zincir g\u00fcnl\u00fck kullan\u0131m, katmanlama veya kolye ucu stilleri i\u00e7in m\u00fckemmeldir.<\/p>\n<p><strong>Malzeme<\/strong>: 22 Ayar Alt\u0131n (91,6% saf alt\u0131n)<br \/>\n<strong>Hallmark<\/strong>: \u0130ngiliz Hallmark<br \/>\n<strong>A\u011f\u0131rl\u0131k <\/strong>: 4.40 Gms<br \/>\n<b>Kal\u0131nl\u0131k<\/b>: 1,5 mm<br \/>\n<strong>Uzunluk:<\/strong> 16 in\u00e7<br \/>\n<strong>SKU:<\/strong> 55632<\/p>\n<p><strong>Fiyat ve Teslimat:<\/strong>\u00a0KDV ve teslimat \u00fccreti dahil<br \/>\n<a href=\"https:\/\/www.purejewels.com\/tr\/i%cc%87ade-poli%cc%87ti%cc%87kasi\/\">\u0130ade Politikas\u0131<\/a><\/p>","protected":false},"featured_media":429653,"comment_status":"closed","ping_status":"closed","template":"","meta":{"_eb_attr":"","_crsspst_to_jayantr4sg-hostcom":true},"product_brand":[],"product_cat":[5013,1559,5267,1794,1793,1475,1229,1773,1575,1574,5349],"product_tag":[3990,65,1430],"class_list":{"0":"post-429648","1":"product","2":"type-product","3":"status-publish","4":"has-post-thumbnail","6":"product_cat-16-inch-ladies-chain","7":"product_cat-birthday-gifts","8":"product_cat-box-chain","9":"product_cat-christmas-gifts","10":"product_cat-diwali-gifts","11":"product_cat-gold-chains","12":"product_cat-22ct-gold-jewellery","13":"product_cat-ladies-chains","14":"product_cat-teenage-jewellery","15":"product_cat-womens-jewellery","16":"product_cat-yellow-gold-jewellery","17":"product_tag-22-carat-gold-chain","18":"product_tag-chains","19":"product_tag-diwali-gift","21":"first","22":"instock","23":"taxable","24":"shipping-taxable","25":"purchasable","26":"product-type-simple","27":"add-to-wishlist-before_image"},"yoast_head":"<!-- This site is optimized with the Yoast SEO plugin v27.5 - https:\/\/yoast.com\/product\/yoast-seo-wordpress\/ -->\n<title>Shop Classic Yellow Gold Double Box Chain UK | PureJewels<\/title>\n<meta name=\"description\" content=\"Discover the Classic Yellow Gold Double Box Chain UK, crafted in radiant hallmarked 22ct gold. Featuring a refined double box link design for timeless elegance.\" \/>\n<meta name=\"robots\" content=\"index, follow, max-snippet:-1, max-image-preview:large, max-video-preview:-1\" \/>\n<link rel=\"canonical\" href=\"https:\/\/www.purejewels.com\/tr\/urun\/klasik-sari-altin-cift-kutu-zincir-uk-55632\/\" \/>\n<meta property=\"og:locale\" content=\"tr_TR\" \/>\n<meta property=\"og:type\" content=\"article\" \/>\n<meta property=\"og:title\" content=\"Shop Classic Yellow Gold Double Box Chain UK | PureJewels\" \/>\n<meta property=\"og:description\" content=\"Discover the Classic Yellow Gold Double Box Chain UK, crafted in radiant hallmarked 22ct gold. Featuring a refined double box link design for timeless elegance.\" \/>\n<meta property=\"og:url\" content=\"https:\/\/www.purejewels.com\/tr\/urun\/klasik-sari-altin-cift-kutu-zincir-uk-55632\/\" \/>\n<meta property=\"og:site_name\" content=\"PureJewels UK\" \/>\n<meta property=\"article:modified_time\" content=\"2026-05-12T07:08:41+00:00\" \/>\n<meta property=\"og:image\" content=\"https:\/\/static.purejewels.com\/wp-content\/uploads\/2026\/05\/double-box-chain-.jpg\" \/>\n\t<meta property=\"og:image:width\" content=\"1000\" \/>\n\t<meta property=\"og:image:height\" content=\"1000\" \/>\n\t<meta property=\"og:image:type\" content=\"image\/jpeg\" \/>\n<meta name=\"twitter:card\" content=\"summary_large_image\" \/>\n<meta name=\"twitter:label1\" content=\"Tahmini okuma s\u00fcresi\" \/>\n\t<meta name=\"twitter:data1\" content=\"1 dakika\" \/>\n<script type=\"application\/ld+json\" class=\"yoast-schema-graph\">{\"@context\":\"https:\\\/\\\/schema.org\",\"@graph\":[{\"@type\":[\"WebPage\",\"ItemPage\"],\"@id\":\"https:\\\/\\\/www.purejewels.com\\\/product\\\/classic-yellow-gold-double-box-chain-uk-55632\\\/\",\"url\":\"https:\\\/\\\/www.purejewels.com\\\/product\\\/classic-yellow-gold-double-box-chain-uk-55632\\\/\",\"name\":\"Shop Classic Yellow Gold Double Box Chain UK | PureJewels\",\"isPartOf\":{\"@id\":\"https:\\\/\\\/www.purejewels.com\\\/#website\"},\"primaryImageOfPage\":{\"@id\":\"https:\\\/\\\/www.purejewels.com\\\/product\\\/classic-yellow-gold-double-box-chain-uk-55632\\\/#primaryimage\"},\"image\":{\"@id\":\"https:\\\/\\\/www.purejewels.com\\\/product\\\/classic-yellow-gold-double-box-chain-uk-55632\\\/#primaryimage\"},\"thumbnailUrl\":\"https:\\\/\\\/static.purejewels.com\\\/wp-content\\\/uploads\\\/2026\\\/05\\\/double-box-chain-.jpg\",\"datePublished\":\"2026-01-12T06:42:25+00:00\",\"dateModified\":\"2026-05-12T07:08:41+00:00\",\"description\":\"Discover the Classic Yellow Gold Double Box Chain UK, crafted in radiant hallmarked 22ct gold. Featuring a refined double box link design for timeless elegance.\",\"breadcrumb\":{\"@id\":\"https:\\\/\\\/www.purejewels.com\\\/product\\\/classic-yellow-gold-double-box-chain-uk-55632\\\/#breadcrumb\"},\"inLanguage\":\"tr\",\"potentialAction\":[{\"@type\":\"ReadAction\",\"target\":[\"https:\\\/\\\/www.purejewels.com\\\/product\\\/classic-yellow-gold-double-box-chain-uk-55632\\\/\"]}]},{\"@type\":\"ImageObject\",\"inLanguage\":\"tr\",\"@id\":\"https:\\\/\\\/www.purejewels.com\\\/product\\\/classic-yellow-gold-double-box-chain-uk-55632\\\/#primaryimage\",\"url\":\"https:\\\/\\\/static.purejewels.com\\\/wp-content\\\/uploads\\\/2026\\\/05\\\/double-box-chain-.jpg\",\"contentUrl\":\"https:\\\/\\\/static.purejewels.com\\\/wp-content\\\/uploads\\\/2026\\\/05\\\/double-box-chain-.jpg\",\"width\":1000,\"height\":1000,\"caption\":\"Stacked from 8 images. Method=B (R=8,S=4)\"},{\"@type\":\"BreadcrumbList\",\"@id\":\"https:\\\/\\\/www.purejewels.com\\\/product\\\/classic-yellow-gold-double-box-chain-uk-55632\\\/#breadcrumb\",\"itemListElement\":[{\"@type\":\"ListItem\",\"position\":1,\"name\":\"Home\",\"item\":\"https:\\\/\\\/www.purejewels.com\\\/\"},{\"@type\":\"ListItem\",\"position\":2,\"name\":\"Shop\",\"item\":\"https:\\\/\\\/www.purejewels.com\\\/shop\\\/\"},{\"@type\":\"ListItem\",\"position\":3,\"name\":\"Classic Yellow Gold Double Box Chain UK\"}]},{\"@type\":\"WebSite\",\"@id\":\"https:\\\/\\\/www.purejewels.com\\\/#website\",\"url\":\"https:\\\/\\\/www.purejewels.com\\\/\",\"name\":\"PureJewels UK\",\"description\":\"Share the Love\",\"publisher\":{\"@id\":\"https:\\\/\\\/www.purejewels.com\\\/#organization\"},\"potentialAction\":[{\"@type\":\"SearchAction\",\"target\":{\"@type\":\"EntryPoint\",\"urlTemplate\":\"https:\\\/\\\/www.purejewels.com\\\/?s={search_term_string}\"},\"query-input\":{\"@type\":\"PropertyValueSpecification\",\"valueRequired\":true,\"valueName\":\"search_term_string\"}}],\"inLanguage\":\"tr\"},{\"@type\":\"Organization\",\"@id\":\"https:\\\/\\\/www.purejewels.com\\\/#organization\",\"name\":\"PureJewels UK\",\"url\":\"https:\\\/\\\/www.purejewels.com\\\/\",\"logo\":{\"@type\":\"ImageObject\",\"inLanguage\":\"tr\",\"@id\":\"https:\\\/\\\/www.purejewels.com\\\/#\\\/schema\\\/logo\\\/image\\\/\",\"url\":\"https:\\\/\\\/static.purejewels.com\\\/wp-content\\\/uploads\\\/2020\\\/11\\\/Logo-PJ-New-1.png\",\"contentUrl\":\"https:\\\/\\\/static.purejewels.com\\\/wp-content\\\/uploads\\\/2020\\\/11\\\/Logo-PJ-New-1.png\",\"width\":150,\"height\":80,\"caption\":\"PureJewels UK\"},\"image\":{\"@id\":\"https:\\\/\\\/www.purejewels.com\\\/#\\\/schema\\\/logo\\\/image\\\/\"}}]}<\/script>\n<!-- \/ Yoast SEO plugin. -->","yoast_head_json":{"title":"Klasik Sar\u0131 Alt\u0131n \u00c7ift Kutu Zincir \u0130ngiltere | PureJewels","description":"Parlak damgal\u0131 22 ayar alt\u0131ndan \u00fcretilen Klasik Sar\u0131 Alt\u0131n \u00c7ift Kutu Zincir \u0130ngiltere'yi ke\u015ffedin. Zamans\u0131z \u015f\u0131kl\u0131k i\u00e7in zarif bir \u00e7ift kutu ba\u011flant\u0131 tasar\u0131m\u0131na sahiptir.","robots":{"index":"index","follow":"follow","max-snippet":"max-snippet:-1","max-image-preview":"max-image-preview:large","max-video-preview":"max-video-preview:-1"},"canonical":"https:\/\/www.purejewels.com\/tr\/urun\/klasik-sari-altin-cift-kutu-zincir-uk-55632\/","og_locale":"tr_TR","og_type":"article","og_title":"Shop Classic Yellow Gold Double Box Chain UK | PureJewels","og_description":"Discover the Classic Yellow Gold Double Box Chain UK, crafted in radiant hallmarked 22ct gold. Featuring a refined double box link design for timeless elegance.","og_url":"https:\/\/www.purejewels.com\/tr\/urun\/klasik-sari-altin-cift-kutu-zincir-uk-55632\/","og_site_name":"PureJewels UK","article_modified_time":"2026-05-12T07:08:41+00:00","og_image":[{"width":1000,"height":1000,"url":"https:\/\/static.purejewels.com\/wp-content\/uploads\/2026\/05\/double-box-chain-.jpg","type":"image\/jpeg"}],"twitter_card":"summary_large_image","twitter_misc":{"Tahmini okuma s\u00fcresi":"1 dakika"},"schema":{"@context":"https:\/\/schema.org","@graph":[{"@type":["WebPage","ItemPage"],"@id":"https:\/\/www.purejewels.com\/product\/classic-yellow-gold-double-box-chain-uk-55632\/","url":"https:\/\/www.purejewels.com\/product\/classic-yellow-gold-double-box-chain-uk-55632\/","name":"Klasik Sar\u0131 Alt\u0131n \u00c7ift Kutu Zincir \u0130ngiltere | PureJewels","isPartOf":{"@id":"https:\/\/www.purejewels.com\/#website"},"primaryImageOfPage":{"@id":"https:\/\/www.purejewels.com\/product\/classic-yellow-gold-double-box-chain-uk-55632\/#primaryimage"},"image":{"@id":"https:\/\/www.purejewels.com\/product\/classic-yellow-gold-double-box-chain-uk-55632\/#primaryimage"},"thumbnailUrl":"https:\/\/static.purejewels.com\/wp-content\/uploads\/2026\/05\/double-box-chain-.jpg","datePublished":"2026-01-12T06:42:25+00:00","dateModified":"2026-05-12T07:08:41+00:00","description":"Parlak damgal\u0131 22 ayar alt\u0131ndan \u00fcretilen Klasik Sar\u0131 Alt\u0131n \u00c7ift Kutu Zincir \u0130ngiltere'yi ke\u015ffedin. Zamans\u0131z \u015f\u0131kl\u0131k i\u00e7in zarif bir \u00e7ift kutu ba\u011flant\u0131 tasar\u0131m\u0131na sahiptir.","breadcrumb":{"@id":"https:\/\/www.purejewels.com\/product\/classic-yellow-gold-double-box-chain-uk-55632\/#breadcrumb"},"inLanguage":"tr","potentialAction":[{"@type":"ReadAction","target":["https:\/\/www.purejewels.com\/product\/classic-yellow-gold-double-box-chain-uk-55632\/"]}]},{"@type":"ImageObject","inLanguage":"tr","@id":"https:\/\/www.purejewels.com\/product\/classic-yellow-gold-double-box-chain-uk-55632\/#primaryimage","url":"https:\/\/static.purejewels.com\/wp-content\/uploads\/2026\/05\/double-box-chain-.jpg","contentUrl":"https:\/\/static.purejewels.com\/wp-content\/uploads\/2026\/05\/double-box-chain-.jpg","width":1000,"height":1000,"caption":"Stacked from 8 images. Method=B (R=8,S=4)"},{"@type":"BreadcrumbList","@id":"https:\/\/www.purejewels.com\/product\/classic-yellow-gold-double-box-chain-uk-55632\/#breadcrumb","itemListElement":[{"@type":"ListItem","position":1,"name":"Home","item":"https:\/\/www.purejewels.com\/"},{"@type":"ListItem","position":2,"name":"Shop","item":"https:\/\/www.purejewels.com\/shop\/"},{"@type":"ListItem","position":3,"name":"Classic Yellow Gold Double Box Chain UK"}]},{"@type":"WebSite","@id":"https:\/\/www.purejewels.com\/#website","url":"https:\/\/www.purejewels.com\/","name":"PureJewels \u0130ngiltere","description":"Sevgiyi Payla\u015f\u0131n","publisher":{"@id":"https:\/\/www.purejewels.com\/#organization"},"potentialAction":[{"@type":"SearchAction","target":{"@type":"EntryPoint","urlTemplate":"https:\/\/www.purejewels.com\/?s={search_term_string}"},"query-input":{"@type":"PropertyValueSpecification","valueRequired":true,"valueName":"search_term_string"}}],"inLanguage":"tr"},{"@type":"Organization","@id":"https:\/\/www.purejewels.com\/#organization","name":"PureJewels \u0130ngiltere","url":"https:\/\/www.purejewels.com\/","logo":{"@type":"ImageObject","inLanguage":"tr","@id":"https:\/\/www.purejewels.com\/#\/schema\/logo\/image\/","url":"https:\/\/static.purejewels.com\/wp-content\/uploads\/2020\/11\/Logo-PJ-New-1.png","contentUrl":"https:\/\/static.purejewels.com\/wp-content\/uploads\/2020\/11\/Logo-PJ-New-1.png","width":150,"height":80,"caption":"PureJewels UK"},"image":{"@id":"https:\/\/www.purejewels.com\/#\/schema\/logo\/image\/"}}]}},"_links":{"self":[{"href":"https:\/\/www.purejewels.com\/tr\/wp-json\/wp\/v2\/product\/429648","targetHints":{"allow":["GET"]}}],"collection":[{"href":"https:\/\/www.purejewels.com\/tr\/wp-json\/wp\/v2\/product"}],"about":[{"href":"https:\/\/www.purejewels.com\/tr\/wp-json\/wp\/v2\/types\/product"}],"replies":[{"embeddable":true,"href":"https:\/\/www.purejewels.com\/tr\/wp-json\/wp\/v2\/comments?post=429648"}],"version-history":[{"count":2,"href":"https:\/\/www.purejewels.com\/tr\/wp-json\/wp\/v2\/product\/429648\/revisions"}],"predecessor-version":[{"id":429650,"href":"https:\/\/www.purejewels.com\/tr\/wp-json\/wp\/v2\/product\/429648\/revisions\/429650"}],"wp:featuredmedia":[{"embeddable":true,"href":"https:\/\/www.purejewels.com\/tr\/wp-json\/wp\/v2\/media\/429653"}],"wp:attachment":[{"href":"https:\/\/www.purejewels.com\/tr\/wp-json\/wp\/v2\/media?parent=429648"}],"wp:term":[{"taxonomy":"product_brand","embeddable":true,"href":"https:\/\/www.purejewels.com\/tr\/wp-json\/wp\/v2\/product_brand?post=429648"},{"taxonomy":"product_cat","embeddable":true,"href":"https:\/\/www.purejewels.com\/tr\/wp-json\/wp\/v2\/product_cat?post=429648"},{"taxonomy":"product_tag","embeddable":true,"href":"https:\/\/www.purejewels.com\/tr\/wp-json\/wp\/v2\/product_tag?post=429648"}],"curies":[{"name":"wp","href":"https:\/\/api.w.org\/{rel}","templated":true}]}}