{"id":429651,"date":"2025-01-12T07:30:58","date_gmt":"2025-01-12T07:30:58","guid":{"rendered":"https:\/\/www.purejewels.com\/?post_type=product&#038;p=429651"},"modified":"2026-05-12T08:09:46","modified_gmt":"2026-05-12T07:09:46","slug":"minimal-22-ayar-sari-altin-kutu-zincir-55616","status":"publish","type":"product","link":"https:\/\/www.purejewels.com\/tr\/product\/minimal-22ct-yellow-gold-box-chain-55616\/","title":{"rendered":"Minimal 22 Ayar Sar\u0131 Alt\u0131n \u00c7ift Kutu Zincir"},"content":{"rendered":"<h3 data-section-id=\"1qj9e1g\" data-start=\"1242\" data-end=\"1262\">Tasar\u0131m Konsepti<\/h3>\n<p data-start=\"1263\" data-end=\"1559\">Temiz \u00e7izgiler ve dengeli simetriden ilham alan kutu zincir, geleneksel alt\u0131n tak\u0131lar\u0131n zamans\u0131z g\u00fczelli\u011fini onurland\u0131r\u0131rken modern minimalizmi kucakl\u0131yor. Yap\u0131land\u0131r\u0131lm\u0131\u015f kutu baklalar \u015f\u0131k ve g\u00f6steri\u015fli bir g\u00f6r\u00fcn\u00fcm yaratarak her stili zahmetsizce tamamlamak \u00fczere tasarlanm\u0131\u015f rafine bir sadelik sunuyor.<\/p>\n<h3 data-section-id=\"n147pz\" data-start=\"1561\" data-end=\"1580\">Zanaatkarl\u0131k<\/h3>\n<p data-start=\"1581\" data-end=\"1917\">Damgal\u0131 22 ayar sar\u0131 alt\u0131ndan ustal\u0131kla \u00fcretilen her bir bakla, p\u00fcr\u00fczs\u00fcz hareket, kal\u0131c\u0131 konfor ve dayan\u0131kl\u0131l\u0131k i\u00e7in \u00f6zenle bir araya getirilmi\u015f ve parlat\u0131lm\u0131\u015ft\u0131r. K\u00f6kleri nesillerdir s\u00fcregelen m\u00fccevher i\u015f\u00e7ili\u011fine dayanan zincir, PureJewels'in miras sanat\u0131na, hassasiyete ve l\u00fcks finisaja olan ba\u011fl\u0131l\u0131\u011f\u0131n\u0131 yans\u0131t\u0131yor.<\/p>\n<h3 data-section-id=\"11x20r2\" data-start=\"1919\" data-end=\"1938\">Stil Fikirleri<\/h3>\n<p data-start=\"1939\" data-end=\"2276\">Minimal 22 Ayar Sar\u0131 Alt\u0131n Kutu Zinciri tek ba\u015f\u0131na zarif bir g\u00fcnl\u00fck ifade i\u00e7in stilize edin veya ki\u015fiselle\u015ftirilmi\u015f bir dokunu\u015f i\u00e7in ba\u015f harfler, p\u0131rlantalar veya sembolik tak\u0131lar gibi hassas kolyelerle e\u015fle\u015ftirin. \u015e\u0131k silueti, dokulu zincirlerle g\u00fczel bir uyum sa\u011flar ve hem \u00e7a\u011fda\u015f hem de geleneksel gard\u0131roplar\u0131 \u00e7abas\u0131z bir zarafetle tamamlar.<\/p>","protected":false},"excerpt":{"rendered":"<p>Sadeli\u011fiyle zarif olan Minimal 22 Ayar Sar\u0131 Alt\u0131n Kutu Zincir, rafine bir g\u00fcnl\u00fck g\u00f6r\u00fcn\u00fcm i\u00e7in \u015f\u0131k kutu ba\u011flant\u0131lar\u0131yla parlak damgal\u0131 alt\u0131ndan \u00fcretilmi\u015ftir. Hafif, \u00e7ok y\u00f6nl\u00fc ve zamans\u0131z olan bu \u00fcr\u00fcn, katmanlama, kolye ucu stili veya minimalist kullan\u0131m i\u00e7in m\u00fckemmeldir.<\/p>\n<p><strong>Malzeme<\/strong>: 22 Ayar Alt\u0131n (91,6% saf alt\u0131n)<br \/>\n<strong>Hallmark<\/strong>: \u0130ngiliz Hallmark<br \/>\n<strong>A\u011f\u0131rl\u0131k <\/strong>: 4.37 Gms<br \/>\n<b>Kal\u0131nl\u0131k<\/b>: 1.4mm<br \/>\n<strong>Uzunluk:<\/strong> 16 in\u00e7<br \/>\n<strong>SKU:<\/strong> 55616, 55633<\/p>\n<p><strong>Fiyat ve Teslimat:<\/strong>\u00a0KDV ve teslimat \u00fccreti dahil<br \/>\n<a href=\"https:\/\/www.purejewels.com\/tr\/i%cc%87ade-poli%cc%87ti%cc%87kasi\/\">\u0130ade Politikas\u0131<\/a><\/p>","protected":false},"featured_media":429653,"comment_status":"closed","ping_status":"closed","template":"","meta":{"_eb_attr":"","_crsspst_to_jayantr4sg-hostcom":true},"product_brand":[],"product_cat":[5013,1559,5267,1794,1793,1475,1229,1773,1575,1574,5349],"product_tag":[3990,65,1430],"class_list":{"0":"post-429651","1":"product","2":"type-product","3":"status-publish","4":"has-post-thumbnail","6":"product_cat-16-inch-ladies-chain","7":"product_cat-birthday-gifts","8":"product_cat-box-chain","9":"product_cat-christmas-gifts","10":"product_cat-diwali-gifts","11":"product_cat-gold-chains","12":"product_cat-22ct-gold-jewellery","13":"product_cat-ladies-chains","14":"product_cat-teenage-jewellery","15":"product_cat-womens-jewellery","16":"product_cat-yellow-gold-jewellery","17":"product_tag-22-carat-gold-chain","18":"product_tag-chains","19":"product_tag-diwali-gift","21":"first","22":"instock","23":"taxable","24":"shipping-taxable","25":"purchasable","26":"product-type-simple","27":"add-to-wishlist-before_image"},"yoast_head":"<!-- This site is optimized with the Yoast SEO plugin v27.5 - https:\/\/yoast.com\/product\/yoast-seo-wordpress\/ -->\n<title>Minimal 22ct Yellow Gold Box Chain | PureJewels<\/title>\n<meta name=\"description\" content=\"Discover the Minimal 22ct Yellow Gold Box Chain, crafted in radiant hallmarked gold with sleek geometric links. Shop this Chain online.\" \/>\n<meta name=\"robots\" content=\"index, follow, max-snippet:-1, max-image-preview:large, max-video-preview:-1\" \/>\n<link rel=\"canonical\" href=\"https:\/\/www.purejewels.com\/tr\/urun\/minimal-22-ayar-sari-altin-kutu-zincir-55616\/\" \/>\n<meta property=\"og:locale\" content=\"tr_TR\" \/>\n<meta property=\"og:type\" content=\"article\" \/>\n<meta property=\"og:title\" content=\"Minimal 22ct Yellow Gold Box Chain | PureJewels\" \/>\n<meta property=\"og:description\" content=\"Discover the Minimal 22ct Yellow Gold Box Chain, crafted in radiant hallmarked gold with sleek geometric links. Shop this Chain online.\" \/>\n<meta property=\"og:url\" content=\"https:\/\/www.purejewels.com\/tr\/urun\/minimal-22-ayar-sari-altin-kutu-zincir-55616\/\" \/>\n<meta property=\"og:site_name\" content=\"PureJewels UK\" \/>\n<meta property=\"article:modified_time\" content=\"2026-05-12T07:09:46+00:00\" \/>\n<meta property=\"og:image\" content=\"https:\/\/static.purejewels.com\/wp-content\/uploads\/2026\/05\/double-box-chain-.jpg\" \/>\n\t<meta property=\"og:image:width\" content=\"1000\" \/>\n\t<meta property=\"og:image:height\" content=\"1000\" \/>\n\t<meta property=\"og:image:type\" content=\"image\/jpeg\" \/>\n<meta name=\"twitter:card\" content=\"summary_large_image\" \/>\n<meta name=\"twitter:label1\" content=\"Tahmini okuma s\u00fcresi\" \/>\n\t<meta name=\"twitter:data1\" content=\"1 dakika\" \/>\n<script type=\"application\/ld+json\" class=\"yoast-schema-graph\">{\"@context\":\"https:\\\/\\\/schema.org\",\"@graph\":[{\"@type\":[\"WebPage\",\"ItemPage\"],\"@id\":\"https:\\\/\\\/www.purejewels.com\\\/product\\\/minimal-22ct-yellow-gold-box-chain-55616\\\/\",\"url\":\"https:\\\/\\\/www.purejewels.com\\\/product\\\/minimal-22ct-yellow-gold-box-chain-55616\\\/\",\"name\":\"Minimal 22ct Yellow Gold Box Chain | PureJewels\",\"isPartOf\":{\"@id\":\"https:\\\/\\\/www.purejewels.com\\\/#website\"},\"primaryImageOfPage\":{\"@id\":\"https:\\\/\\\/www.purejewels.com\\\/product\\\/minimal-22ct-yellow-gold-box-chain-55616\\\/#primaryimage\"},\"image\":{\"@id\":\"https:\\\/\\\/www.purejewels.com\\\/product\\\/minimal-22ct-yellow-gold-box-chain-55616\\\/#primaryimage\"},\"thumbnailUrl\":\"https:\\\/\\\/static.purejewels.com\\\/wp-content\\\/uploads\\\/2026\\\/05\\\/double-box-chain-.jpg\",\"datePublished\":\"2025-01-12T07:30:58+00:00\",\"dateModified\":\"2026-05-12T07:09:46+00:00\",\"description\":\"Discover the Minimal 22ct Yellow Gold Box Chain, crafted in radiant hallmarked gold with sleek geometric links. Shop this Chain online.\",\"breadcrumb\":{\"@id\":\"https:\\\/\\\/www.purejewels.com\\\/product\\\/minimal-22ct-yellow-gold-box-chain-55616\\\/#breadcrumb\"},\"inLanguage\":\"tr\",\"potentialAction\":[{\"@type\":\"ReadAction\",\"target\":[\"https:\\\/\\\/www.purejewels.com\\\/product\\\/minimal-22ct-yellow-gold-box-chain-55616\\\/\"]}]},{\"@type\":\"ImageObject\",\"inLanguage\":\"tr\",\"@id\":\"https:\\\/\\\/www.purejewels.com\\\/product\\\/minimal-22ct-yellow-gold-box-chain-55616\\\/#primaryimage\",\"url\":\"https:\\\/\\\/static.purejewels.com\\\/wp-content\\\/uploads\\\/2026\\\/05\\\/double-box-chain-.jpg\",\"contentUrl\":\"https:\\\/\\\/static.purejewels.com\\\/wp-content\\\/uploads\\\/2026\\\/05\\\/double-box-chain-.jpg\",\"width\":1000,\"height\":1000,\"caption\":\"Stacked from 8 images. Method=B (R=8,S=4)\"},{\"@type\":\"BreadcrumbList\",\"@id\":\"https:\\\/\\\/www.purejewels.com\\\/product\\\/minimal-22ct-yellow-gold-box-chain-55616\\\/#breadcrumb\",\"itemListElement\":[{\"@type\":\"ListItem\",\"position\":1,\"name\":\"Home\",\"item\":\"https:\\\/\\\/www.purejewels.com\\\/\"},{\"@type\":\"ListItem\",\"position\":2,\"name\":\"Shop\",\"item\":\"https:\\\/\\\/www.purejewels.com\\\/shop\\\/\"},{\"@type\":\"ListItem\",\"position\":3,\"name\":\"Minimal 22ct Yellow Gold Double Box Chain\"}]},{\"@type\":\"WebSite\",\"@id\":\"https:\\\/\\\/www.purejewels.com\\\/#website\",\"url\":\"https:\\\/\\\/www.purejewels.com\\\/\",\"name\":\"PureJewels UK\",\"description\":\"Share the Love\",\"publisher\":{\"@id\":\"https:\\\/\\\/www.purejewels.com\\\/#organization\"},\"potentialAction\":[{\"@type\":\"SearchAction\",\"target\":{\"@type\":\"EntryPoint\",\"urlTemplate\":\"https:\\\/\\\/www.purejewels.com\\\/?s={search_term_string}\"},\"query-input\":{\"@type\":\"PropertyValueSpecification\",\"valueRequired\":true,\"valueName\":\"search_term_string\"}}],\"inLanguage\":\"tr\"},{\"@type\":\"Organization\",\"@id\":\"https:\\\/\\\/www.purejewels.com\\\/#organization\",\"name\":\"PureJewels UK\",\"url\":\"https:\\\/\\\/www.purejewels.com\\\/\",\"logo\":{\"@type\":\"ImageObject\",\"inLanguage\":\"tr\",\"@id\":\"https:\\\/\\\/www.purejewels.com\\\/#\\\/schema\\\/logo\\\/image\\\/\",\"url\":\"https:\\\/\\\/static.purejewels.com\\\/wp-content\\\/uploads\\\/2020\\\/11\\\/Logo-PJ-New-1.png\",\"contentUrl\":\"https:\\\/\\\/static.purejewels.com\\\/wp-content\\\/uploads\\\/2020\\\/11\\\/Logo-PJ-New-1.png\",\"width\":150,\"height\":80,\"caption\":\"PureJewels UK\"},\"image\":{\"@id\":\"https:\\\/\\\/www.purejewels.com\\\/#\\\/schema\\\/logo\\\/image\\\/\"}}]}<\/script>\n<!-- \/ Yoast SEO plugin. -->","yoast_head_json":{"title":"Minimal 22 Ayar Sar\u0131 Alt\u0131n Kutu Zincir | PureJewels","description":"\u015e\u0131k geometrik baklalara sahip, parlak damgal\u0131 alt\u0131ndan \u00fcretilmi\u015f Minimal 22 Ayar Sar\u0131 Alt\u0131n Kutu Zinciri ke\u015ffedin. Bu Zinciri online sat\u0131n al\u0131n.","robots":{"index":"index","follow":"follow","max-snippet":"max-snippet:-1","max-image-preview":"max-image-preview:large","max-video-preview":"max-video-preview:-1"},"canonical":"https:\/\/www.purejewels.com\/tr\/urun\/minimal-22-ayar-sari-altin-kutu-zincir-55616\/","og_locale":"tr_TR","og_type":"article","og_title":"Minimal 22ct Yellow Gold Box Chain | PureJewels","og_description":"Discover the Minimal 22ct Yellow Gold Box Chain, crafted in radiant hallmarked gold with sleek geometric links. Shop this Chain online.","og_url":"https:\/\/www.purejewels.com\/tr\/urun\/minimal-22-ayar-sari-altin-kutu-zincir-55616\/","og_site_name":"PureJewels UK","article_modified_time":"2026-05-12T07:09:46+00:00","og_image":[{"width":1000,"height":1000,"url":"https:\/\/static.purejewels.com\/wp-content\/uploads\/2026\/05\/double-box-chain-.jpg","type":"image\/jpeg"}],"twitter_card":"summary_large_image","twitter_misc":{"Tahmini okuma s\u00fcresi":"1 dakika"},"schema":{"@context":"https:\/\/schema.org","@graph":[{"@type":["WebPage","ItemPage"],"@id":"https:\/\/www.purejewels.com\/product\/minimal-22ct-yellow-gold-box-chain-55616\/","url":"https:\/\/www.purejewels.com\/product\/minimal-22ct-yellow-gold-box-chain-55616\/","name":"Minimal 22 Ayar Sar\u0131 Alt\u0131n Kutu Zincir | PureJewels","isPartOf":{"@id":"https:\/\/www.purejewels.com\/#website"},"primaryImageOfPage":{"@id":"https:\/\/www.purejewels.com\/product\/minimal-22ct-yellow-gold-box-chain-55616\/#primaryimage"},"image":{"@id":"https:\/\/www.purejewels.com\/product\/minimal-22ct-yellow-gold-box-chain-55616\/#primaryimage"},"thumbnailUrl":"https:\/\/static.purejewels.com\/wp-content\/uploads\/2026\/05\/double-box-chain-.jpg","datePublished":"2025-01-12T07:30:58+00:00","dateModified":"2026-05-12T07:09:46+00:00","description":"\u015e\u0131k geometrik baklalara sahip, parlak damgal\u0131 alt\u0131ndan \u00fcretilmi\u015f Minimal 22 Ayar Sar\u0131 Alt\u0131n Kutu Zinciri ke\u015ffedin. Bu Zinciri online sat\u0131n al\u0131n.","breadcrumb":{"@id":"https:\/\/www.purejewels.com\/product\/minimal-22ct-yellow-gold-box-chain-55616\/#breadcrumb"},"inLanguage":"tr","potentialAction":[{"@type":"ReadAction","target":["https:\/\/www.purejewels.com\/product\/minimal-22ct-yellow-gold-box-chain-55616\/"]}]},{"@type":"ImageObject","inLanguage":"tr","@id":"https:\/\/www.purejewels.com\/product\/minimal-22ct-yellow-gold-box-chain-55616\/#primaryimage","url":"https:\/\/static.purejewels.com\/wp-content\/uploads\/2026\/05\/double-box-chain-.jpg","contentUrl":"https:\/\/static.purejewels.com\/wp-content\/uploads\/2026\/05\/double-box-chain-.jpg","width":1000,"height":1000,"caption":"Stacked from 8 images. Method=B (R=8,S=4)"},{"@type":"BreadcrumbList","@id":"https:\/\/www.purejewels.com\/product\/minimal-22ct-yellow-gold-box-chain-55616\/#breadcrumb","itemListElement":[{"@type":"ListItem","position":1,"name":"Home","item":"https:\/\/www.purejewels.com\/"},{"@type":"ListItem","position":2,"name":"Shop","item":"https:\/\/www.purejewels.com\/shop\/"},{"@type":"ListItem","position":3,"name":"Minimal 22ct Yellow Gold Double Box Chain"}]},{"@type":"WebSite","@id":"https:\/\/www.purejewels.com\/#website","url":"https:\/\/www.purejewels.com\/","name":"PureJewels \u0130ngiltere","description":"Sevgiyi Payla\u015f\u0131n","publisher":{"@id":"https:\/\/www.purejewels.com\/#organization"},"potentialAction":[{"@type":"SearchAction","target":{"@type":"EntryPoint","urlTemplate":"https:\/\/www.purejewels.com\/?s={search_term_string}"},"query-input":{"@type":"PropertyValueSpecification","valueRequired":true,"valueName":"search_term_string"}}],"inLanguage":"tr"},{"@type":"Organization","@id":"https:\/\/www.purejewels.com\/#organization","name":"PureJewels \u0130ngiltere","url":"https:\/\/www.purejewels.com\/","logo":{"@type":"ImageObject","inLanguage":"tr","@id":"https:\/\/www.purejewels.com\/#\/schema\/logo\/image\/","url":"https:\/\/static.purejewels.com\/wp-content\/uploads\/2020\/11\/Logo-PJ-New-1.png","contentUrl":"https:\/\/static.purejewels.com\/wp-content\/uploads\/2020\/11\/Logo-PJ-New-1.png","width":150,"height":80,"caption":"PureJewels UK"},"image":{"@id":"https:\/\/www.purejewels.com\/#\/schema\/logo\/image\/"}}]}},"_links":{"self":[{"href":"https:\/\/www.purejewels.com\/tr\/wp-json\/wp\/v2\/product\/429651","targetHints":{"allow":["GET"]}}],"collection":[{"href":"https:\/\/www.purejewels.com\/tr\/wp-json\/wp\/v2\/product"}],"about":[{"href":"https:\/\/www.purejewels.com\/tr\/wp-json\/wp\/v2\/types\/product"}],"replies":[{"embeddable":true,"href":"https:\/\/www.purejewels.com\/tr\/wp-json\/wp\/v2\/comments?post=429651"}],"version-history":[{"count":1,"href":"https:\/\/www.purejewels.com\/tr\/wp-json\/wp\/v2\/product\/429651\/revisions"}],"predecessor-version":[{"id":429654,"href":"https:\/\/www.purejewels.com\/tr\/wp-json\/wp\/v2\/product\/429651\/revisions\/429654"}],"wp:featuredmedia":[{"embeddable":true,"href":"https:\/\/www.purejewels.com\/tr\/wp-json\/wp\/v2\/media\/429653"}],"wp:attachment":[{"href":"https:\/\/www.purejewels.com\/tr\/wp-json\/wp\/v2\/media?parent=429651"}],"wp:term":[{"taxonomy":"product_brand","embeddable":true,"href":"https:\/\/www.purejewels.com\/tr\/wp-json\/wp\/v2\/product_brand?post=429651"},{"taxonomy":"product_cat","embeddable":true,"href":"https:\/\/www.purejewels.com\/tr\/wp-json\/wp\/v2\/product_cat?post=429651"},{"taxonomy":"product_tag","embeddable":true,"href":"https:\/\/www.purejewels.com\/tr\/wp-json\/wp\/v2\/product_tag?post=429651"}],"curies":[{"name":"wp","href":"https:\/\/api.w.org\/{rel}","templated":true}]}}