{"id":429677,"date":"2026-01-12T12:34:26","date_gmt":"2026-01-12T12:34:26","guid":{"rendered":"https:\/\/www.purejewels.com\/?post_type=product&#038;p=429677"},"modified":"2026-05-12T12:49:03","modified_gmt":"2026-05-12T11:49:03","slug":"ince-sari-altin-tilki-kuyrugu-zincir-uk-55627","status":"publish","type":"product","link":"https:\/\/www.purejewels.com\/tr\/product\/fine-yellow-gold-foxtail-chain-uk-55627\/","title":{"rendered":"\u0130nce Sar\u0131 Alt\u0131n Tilki Kuyru\u011fu Zincir \u0130ngiltere"},"content":{"rendered":"<h3 data-section-id=\"1qj9e1g\" data-start=\"1256\" data-end=\"1276\">Tasar\u0131m Konsepti<\/h3>\n<p data-start=\"1277\" data-end=\"1605\">Dokuma formlar\u0131n\u0131n zarif ak\u0131\u015fkanl\u0131\u011f\u0131ndan ilham alan tilki kuyru\u011fu zincir, p\u00fcr\u00fczs\u00fcz ve zarif bir yap\u0131 olu\u015fturan birbirine s\u0131k\u0131 s\u0131k\u0131ya ba\u011fl\u0131 desenlerle tasarlanm\u0131\u015ft\u0131r. Karma\u015f\u0131k detaylar \u0131\u015f\u0131\u011f\u0131 g\u00fczel bir \u015fekilde yans\u0131t\u0131rken rafine bir minimalist esteti\u011fi korur ve geleneksel alt\u0131n sanat\u0131n\u0131 \u00e7a\u011fda\u015f incelikle dengeler.<\/p>\n<h3 data-section-id=\"n147pz\" data-start=\"1607\" data-end=\"1626\">Zanaatkarl\u0131k<\/h3>\n<p data-start=\"1627\" data-end=\"1997\">Damgal\u0131 22 ayar sar\u0131 alt\u0131ndan ustal\u0131kla \u00fcretilen her bir halka, dayan\u0131kl\u0131l\u0131k, rahatl\u0131k ve ak\u0131c\u0131 hareket sa\u011flamak i\u00e7in titizlikle monte edilir ve parlat\u0131l\u0131r. Dokuma yap\u0131s\u0131, PureJewels'in miras sanat\u0131na, kaliteye ve l\u00fcks finisaja olan ba\u011fl\u0131l\u0131\u011f\u0131n\u0131 yans\u0131tan hassas i\u015f\u00e7ili\u011fi ve nesillerin m\u00fccevher uzmanl\u0131\u011f\u0131n\u0131 sergiliyor.<\/p>\n<h3 data-section-id=\"11x20r2\" data-start=\"1999\" data-end=\"2018\">Stil Fikirleri<\/h3>\n<p data-start=\"2019\" data-end=\"2355\">Fine Yellow Gold Tilki Kuyru\u011fu Zinciri'ni zarif bir g\u00fcnl\u00fck g\u00f6r\u00fcn\u00fcm i\u00e7in tek ba\u015f\u0131na kullan\u0131n veya ki\u015fiselle\u015ftirilmi\u015f bir dokunu\u015f i\u00e7in ba\u015f harfleri, de\u011ferli ta\u015flar veya sembolik motifler gibi anlaml\u0131 kolyelerle e\u015fle\u015ftirin. Karma\u015f\u0131k dokusu \u015f\u0131k alt\u0131n zincirlerle g\u00fczel bir uyum sa\u011flar ve hem \u00e7a\u011fda\u015f hem de geleneksel gard\u0131roplar\u0131 zahmetsiz bir zarafetle tamamlar.<\/p>","protected":false},"excerpt":{"rendered":"<p data-start=\"418\" data-end=\"576\">Fine Yellow Gold Tilki Kuyru\u011fu Zincir, ak\u0131c\u0131 bir hareket ve ince bir parlakl\u0131k sunan karma\u015f\u0131k bir dokuma siluete sahip, parlak damgal\u0131 22 ayar alt\u0131ndan \u00fcretilmi\u015ftir. Zarif, hafif ve zamans\u0131z olan bu zincir, g\u00fcnl\u00fck kullan\u0131m ve sofistike katmanlar i\u00e7in idealdir.<\/p>\n<p><strong>\u00dcr\u00fcn Detaylar\u0131<\/strong><br \/>\n<strong>Zincir tipi:<\/strong> Tilki Kuyru\u011fu Zinciri<br \/>\n<strong>SKU:<\/strong> 55627<br \/>\n<strong>Metal:<\/strong> 22 Ayar Alt\u0131n<br \/>\n<strong>Uzunluk:<\/strong> 18 in\u00e7<br \/>\n<strong>A\u011f\u0131rl\u0131k:<\/strong> 6,54 gram<br \/>\n<strong>Kal\u0131nl\u0131k:<\/strong> 1,2 mm<br \/>\n<strong>Hallmark:<\/strong> \u0130ngiltere Tahlil Ofisi Taraf\u0131ndan Damgalanm\u0131\u015f 22 Ayar Alt\u0131n<br \/>\n<strong>Su\u00e7lamalar:<\/strong> Teslimat ve KDV Dahil<br \/>\n<strong>Daha fazlas\u0131n\u0131 ke\u015ffedin:<\/strong> T\u00fcm \u00fcr\u00fcnlerimize g\u00f6z at\u0131n <a href=\"https:\/\/www.purejewels.com\/tr\/urun-kategori%cc%87si%cc%87\/22-ayar-altin-takilar\/altin-zincirler\/tilki-kuyrugu-zinciri\/\">Tilki Kuyru\u011fu Zinciri Koleksiyonu<\/a> ek boyutlar ve a\u011f\u0131rl\u0131klar i\u00e7in.<\/p>","protected":false},"featured_media":327464,"comment_status":"closed","ping_status":"closed","template":"","meta":{"_eb_attr":"","_crsspst_to_jayantr4sg-hostcom":true},"product_brand":[],"product_cat":[5021,1791,1559,1576,5265,1475,1229,5344,1772,5943,5338,1575,1574,5349],"product_tag":[3990,65],"class_list":{"0":"post-429677","1":"product","2":"type-product","3":"status-publish","4":"has-post-thumbnail","6":"product_cat-18-inch-kids-chain","7":"product_cat-anniversary-gifts","8":"product_cat-birthday-gifts","9":"product_cat-childrens-jewellery","10":"product_cat-foxtail-chain","11":"product_cat-gold-chains","12":"product_cat-22ct-gold-jewellery","13":"product_cat-jewellery-under-750","14":"product_cat-kids-chains","15":"product_cat-kids-jewellery","16":"product_cat-shop-by-price","17":"product_cat-teenage-jewellery","18":"product_cat-womens-jewellery","19":"product_cat-yellow-gold-jewellery","20":"product_tag-22-carat-gold-chain","21":"product_tag-chains","23":"first","24":"instock","25":"taxable","26":"shipping-taxable","27":"purchasable","28":"product-type-simple","29":"add-to-wishlist-before_image"},"yoast_head":"<!-- This site is optimized with the Yoast SEO plugin v27.5 - https:\/\/yoast.com\/product\/yoast-seo-wordpress\/ -->\n<title>Fine Yellow Gold Foxtail Chain UK | PureJewels<\/title>\n<meta name=\"description\" content=\"Discover the Fine Yellow Gold Foxtail Chain UK, crafted in radiant hallmarked 22ct gold with an elegant woven design.\" \/>\n<meta name=\"robots\" content=\"index, follow, max-snippet:-1, max-image-preview:large, max-video-preview:-1\" \/>\n<link rel=\"canonical\" href=\"https:\/\/www.purejewels.com\/tr\/urun\/ince-sari-altin-tilki-kuyrugu-zincir-uk-55627\/\" \/>\n<meta property=\"og:locale\" content=\"tr_TR\" \/>\n<meta property=\"og:type\" content=\"article\" \/>\n<meta property=\"og:title\" content=\"Fine Yellow Gold Foxtail Chain UK | PureJewels\" \/>\n<meta property=\"og:description\" content=\"Discover the Fine Yellow Gold Foxtail Chain UK, crafted in radiant hallmarked 22ct gold with an elegant woven design.\" \/>\n<meta property=\"og:url\" content=\"https:\/\/www.purejewels.com\/tr\/urun\/ince-sari-altin-tilki-kuyrugu-zincir-uk-55627\/\" \/>\n<meta property=\"og:site_name\" content=\"PureJewels UK\" \/>\n<meta property=\"article:modified_time\" content=\"2026-05-12T11:49:03+00:00\" \/>\n<meta property=\"og:image\" content=\"https:\/\/static.purejewels.com\/wp-content\/uploads\/2020\/08\/31811-1.jpg\" \/>\n\t<meta property=\"og:image:width\" content=\"1000\" \/>\n\t<meta property=\"og:image:height\" content=\"1000\" \/>\n\t<meta property=\"og:image:type\" content=\"image\/jpeg\" \/>\n<meta name=\"twitter:card\" content=\"summary_large_image\" \/>\n<meta name=\"twitter:label1\" content=\"Tahmini okuma s\u00fcresi\" \/>\n\t<meta name=\"twitter:data1\" content=\"1 dakika\" \/>\n<script type=\"application\/ld+json\" class=\"yoast-schema-graph\">{\"@context\":\"https:\\\/\\\/schema.org\",\"@graph\":[{\"@type\":[\"WebPage\",\"ItemPage\"],\"@id\":\"https:\\\/\\\/www.purejewels.com\\\/product\\\/fine-yellow-gold-foxtail-chain-uk-55627\\\/\",\"url\":\"https:\\\/\\\/www.purejewels.com\\\/product\\\/fine-yellow-gold-foxtail-chain-uk-55627\\\/\",\"name\":\"Fine Yellow Gold Foxtail Chain UK | PureJewels\",\"isPartOf\":{\"@id\":\"https:\\\/\\\/www.purejewels.com\\\/#website\"},\"primaryImageOfPage\":{\"@id\":\"https:\\\/\\\/www.purejewels.com\\\/product\\\/fine-yellow-gold-foxtail-chain-uk-55627\\\/#primaryimage\"},\"image\":{\"@id\":\"https:\\\/\\\/www.purejewels.com\\\/product\\\/fine-yellow-gold-foxtail-chain-uk-55627\\\/#primaryimage\"},\"thumbnailUrl\":\"https:\\\/\\\/static.purejewels.com\\\/wp-content\\\/uploads\\\/2020\\\/08\\\/31811-1.jpg\",\"datePublished\":\"2026-01-12T12:34:26+00:00\",\"dateModified\":\"2026-05-12T11:49:03+00:00\",\"description\":\"Discover the Fine Yellow Gold Foxtail Chain UK, crafted in radiant hallmarked 22ct gold with an elegant woven design.\",\"breadcrumb\":{\"@id\":\"https:\\\/\\\/www.purejewels.com\\\/product\\\/fine-yellow-gold-foxtail-chain-uk-55627\\\/#breadcrumb\"},\"inLanguage\":\"tr\",\"potentialAction\":[{\"@type\":\"ReadAction\",\"target\":[\"https:\\\/\\\/www.purejewels.com\\\/product\\\/fine-yellow-gold-foxtail-chain-uk-55627\\\/\"]}]},{\"@type\":\"ImageObject\",\"inLanguage\":\"tr\",\"@id\":\"https:\\\/\\\/www.purejewels.com\\\/product\\\/fine-yellow-gold-foxtail-chain-uk-55627\\\/#primaryimage\",\"url\":\"https:\\\/\\\/static.purejewels.com\\\/wp-content\\\/uploads\\\/2020\\\/08\\\/31811-1.jpg\",\"contentUrl\":\"https:\\\/\\\/static.purejewels.com\\\/wp-content\\\/uploads\\\/2020\\\/08\\\/31811-1.jpg\",\"width\":1000,\"height\":1000,\"caption\":\"22ct Gold Foxtail Chain 31811-1\"},{\"@type\":\"BreadcrumbList\",\"@id\":\"https:\\\/\\\/www.purejewels.com\\\/product\\\/fine-yellow-gold-foxtail-chain-uk-55627\\\/#breadcrumb\",\"itemListElement\":[{\"@type\":\"ListItem\",\"position\":1,\"name\":\"Home\",\"item\":\"https:\\\/\\\/www.purejewels.com\\\/\"},{\"@type\":\"ListItem\",\"position\":2,\"name\":\"Shop\",\"item\":\"https:\\\/\\\/www.purejewels.com\\\/shop\\\/\"},{\"@type\":\"ListItem\",\"position\":3,\"name\":\"Fine Yellow Gold Foxtail Chain UK\"}]},{\"@type\":\"WebSite\",\"@id\":\"https:\\\/\\\/www.purejewels.com\\\/#website\",\"url\":\"https:\\\/\\\/www.purejewels.com\\\/\",\"name\":\"PureJewels UK\",\"description\":\"Share the Love\",\"publisher\":{\"@id\":\"https:\\\/\\\/www.purejewels.com\\\/#organization\"},\"potentialAction\":[{\"@type\":\"SearchAction\",\"target\":{\"@type\":\"EntryPoint\",\"urlTemplate\":\"https:\\\/\\\/www.purejewels.com\\\/?s={search_term_string}\"},\"query-input\":{\"@type\":\"PropertyValueSpecification\",\"valueRequired\":true,\"valueName\":\"search_term_string\"}}],\"inLanguage\":\"tr\"},{\"@type\":\"Organization\",\"@id\":\"https:\\\/\\\/www.purejewels.com\\\/#organization\",\"name\":\"PureJewels UK\",\"url\":\"https:\\\/\\\/www.purejewels.com\\\/\",\"logo\":{\"@type\":\"ImageObject\",\"inLanguage\":\"tr\",\"@id\":\"https:\\\/\\\/www.purejewels.com\\\/#\\\/schema\\\/logo\\\/image\\\/\",\"url\":\"https:\\\/\\\/static.purejewels.com\\\/wp-content\\\/uploads\\\/2020\\\/11\\\/Logo-PJ-New-1.png\",\"contentUrl\":\"https:\\\/\\\/static.purejewels.com\\\/wp-content\\\/uploads\\\/2020\\\/11\\\/Logo-PJ-New-1.png\",\"width\":150,\"height\":80,\"caption\":\"PureJewels UK\"},\"image\":{\"@id\":\"https:\\\/\\\/www.purejewels.com\\\/#\\\/schema\\\/logo\\\/image\\\/\"}}]}<\/script>\n<!-- \/ Yoast SEO plugin. -->","yoast_head_json":{"title":"\u0130nce Sar\u0131 Alt\u0131n Tilki Kuyru\u011fu Zincir \u0130ngiltere | PureJewels","description":"Zarif dokuma tasar\u0131m\u0131yla 22 ayar alt\u0131ndan \u00fcretilen Fine Yellow Gold Foxtail Chain UK'i ke\u015ffedin.","robots":{"index":"index","follow":"follow","max-snippet":"max-snippet:-1","max-image-preview":"max-image-preview:large","max-video-preview":"max-video-preview:-1"},"canonical":"https:\/\/www.purejewels.com\/tr\/urun\/ince-sari-altin-tilki-kuyrugu-zincir-uk-55627\/","og_locale":"tr_TR","og_type":"article","og_title":"Fine Yellow Gold Foxtail Chain UK | PureJewels","og_description":"Discover the Fine Yellow Gold Foxtail Chain UK, crafted in radiant hallmarked 22ct gold with an elegant woven design.","og_url":"https:\/\/www.purejewels.com\/tr\/urun\/ince-sari-altin-tilki-kuyrugu-zincir-uk-55627\/","og_site_name":"PureJewels UK","article_modified_time":"2026-05-12T11:49:03+00:00","og_image":[{"width":1000,"height":1000,"url":"https:\/\/static.purejewels.com\/wp-content\/uploads\/2020\/08\/31811-1.jpg","type":"image\/jpeg"}],"twitter_card":"summary_large_image","twitter_misc":{"Tahmini okuma s\u00fcresi":"1 dakika"},"schema":{"@context":"https:\/\/schema.org","@graph":[{"@type":["WebPage","ItemPage"],"@id":"https:\/\/www.purejewels.com\/product\/fine-yellow-gold-foxtail-chain-uk-55627\/","url":"https:\/\/www.purejewels.com\/product\/fine-yellow-gold-foxtail-chain-uk-55627\/","name":"\u0130nce Sar\u0131 Alt\u0131n Tilki Kuyru\u011fu Zincir \u0130ngiltere | PureJewels","isPartOf":{"@id":"https:\/\/www.purejewels.com\/#website"},"primaryImageOfPage":{"@id":"https:\/\/www.purejewels.com\/product\/fine-yellow-gold-foxtail-chain-uk-55627\/#primaryimage"},"image":{"@id":"https:\/\/www.purejewels.com\/product\/fine-yellow-gold-foxtail-chain-uk-55627\/#primaryimage"},"thumbnailUrl":"https:\/\/static.purejewels.com\/wp-content\/uploads\/2020\/08\/31811-1.jpg","datePublished":"2026-01-12T12:34:26+00:00","dateModified":"2026-05-12T11:49:03+00:00","description":"Zarif dokuma tasar\u0131m\u0131yla 22 ayar alt\u0131ndan \u00fcretilen Fine Yellow Gold Foxtail Chain UK'i ke\u015ffedin.","breadcrumb":{"@id":"https:\/\/www.purejewels.com\/product\/fine-yellow-gold-foxtail-chain-uk-55627\/#breadcrumb"},"inLanguage":"tr","potentialAction":[{"@type":"ReadAction","target":["https:\/\/www.purejewels.com\/product\/fine-yellow-gold-foxtail-chain-uk-55627\/"]}]},{"@type":"ImageObject","inLanguage":"tr","@id":"https:\/\/www.purejewels.com\/product\/fine-yellow-gold-foxtail-chain-uk-55627\/#primaryimage","url":"https:\/\/static.purejewels.com\/wp-content\/uploads\/2020\/08\/31811-1.jpg","contentUrl":"https:\/\/static.purejewels.com\/wp-content\/uploads\/2020\/08\/31811-1.jpg","width":1000,"height":1000,"caption":"22ct Gold Foxtail Chain 31811-1"},{"@type":"BreadcrumbList","@id":"https:\/\/www.purejewels.com\/product\/fine-yellow-gold-foxtail-chain-uk-55627\/#breadcrumb","itemListElement":[{"@type":"ListItem","position":1,"name":"Home","item":"https:\/\/www.purejewels.com\/"},{"@type":"ListItem","position":2,"name":"Shop","item":"https:\/\/www.purejewels.com\/shop\/"},{"@type":"ListItem","position":3,"name":"Fine Yellow Gold Foxtail Chain UK"}]},{"@type":"WebSite","@id":"https:\/\/www.purejewels.com\/#website","url":"https:\/\/www.purejewels.com\/","name":"PureJewels \u0130ngiltere","description":"Sevgiyi Payla\u015f\u0131n","publisher":{"@id":"https:\/\/www.purejewels.com\/#organization"},"potentialAction":[{"@type":"SearchAction","target":{"@type":"EntryPoint","urlTemplate":"https:\/\/www.purejewels.com\/?s={search_term_string}"},"query-input":{"@type":"PropertyValueSpecification","valueRequired":true,"valueName":"search_term_string"}}],"inLanguage":"tr"},{"@type":"Organization","@id":"https:\/\/www.purejewels.com\/#organization","name":"PureJewels \u0130ngiltere","url":"https:\/\/www.purejewels.com\/","logo":{"@type":"ImageObject","inLanguage":"tr","@id":"https:\/\/www.purejewels.com\/#\/schema\/logo\/image\/","url":"https:\/\/static.purejewels.com\/wp-content\/uploads\/2020\/11\/Logo-PJ-New-1.png","contentUrl":"https:\/\/static.purejewels.com\/wp-content\/uploads\/2020\/11\/Logo-PJ-New-1.png","width":150,"height":80,"caption":"PureJewels UK"},"image":{"@id":"https:\/\/www.purejewels.com\/#\/schema\/logo\/image\/"}}]}},"_links":{"self":[{"href":"https:\/\/www.purejewels.com\/tr\/wp-json\/wp\/v2\/product\/429677","targetHints":{"allow":["GET"]}}],"collection":[{"href":"https:\/\/www.purejewels.com\/tr\/wp-json\/wp\/v2\/product"}],"about":[{"href":"https:\/\/www.purejewels.com\/tr\/wp-json\/wp\/v2\/types\/product"}],"replies":[{"embeddable":true,"href":"https:\/\/www.purejewels.com\/tr\/wp-json\/wp\/v2\/comments?post=429677"}],"version-history":[{"count":1,"href":"https:\/\/www.purejewels.com\/tr\/wp-json\/wp\/v2\/product\/429677\/revisions"}],"predecessor-version":[{"id":429678,"href":"https:\/\/www.purejewels.com\/tr\/wp-json\/wp\/v2\/product\/429677\/revisions\/429678"}],"wp:featuredmedia":[{"embeddable":true,"href":"https:\/\/www.purejewels.com\/tr\/wp-json\/wp\/v2\/media\/327464"}],"wp:attachment":[{"href":"https:\/\/www.purejewels.com\/tr\/wp-json\/wp\/v2\/media?parent=429677"}],"wp:term":[{"taxonomy":"product_brand","embeddable":true,"href":"https:\/\/www.purejewels.com\/tr\/wp-json\/wp\/v2\/product_brand?post=429677"},{"taxonomy":"product_cat","embeddable":true,"href":"https:\/\/www.purejewels.com\/tr\/wp-json\/wp\/v2\/product_cat?post=429677"},{"taxonomy":"product_tag","embeddable":true,"href":"https:\/\/www.purejewels.com\/tr\/wp-json\/wp\/v2\/product_tag?post=429677"}],"curies":[{"name":"wp","href":"https:\/\/api.w.org\/{rel}","templated":true}]}}