{"id":429704,"date":"2026-01-14T05:47:08","date_gmt":"2026-01-14T05:47:08","guid":{"rendered":"https:\/\/www.purejewels.com\/?post_type=product&#038;p=429704"},"modified":"2026-05-14T05:58:01","modified_gmt":"2026-05-14T04:58:01","slug":"22-ayar-altin-cift-sivron-v-yuzuk-55664","status":"publish","type":"product","link":"https:\/\/www.purejewels.com\/tr\/product\/22ct-gold-double-chevron-v-ring-55664\/","title":{"rendered":"22 Ayar Alt\u0131n \u00c7ift Chevron V Y\u00fcz\u00fck"},"content":{"rendered":"<h3 data-section-id=\"1qj9e1g\" data-start=\"1428\" data-end=\"1448\">Tasar\u0131m Konsepti<\/h3>\n<p data-start=\"1449\" data-end=\"1735\">\u00c7ift \u201cV\u201d silueti, ak\u0131c\u0131 mimari \u00e7izgilerden ve sembolik yollardan ilham al\u0131yor. A\u00e7\u0131k chevron yap\u0131s\u0131 tasar\u0131mda hafiflik yarat\u0131rken cesur bir g\u00f6rsel duru\u015f sergiliyor. Zarif ama abart\u0131s\u0131z olan y\u00fcz\u00fck, modern kad\u0131nl\u0131\u011f\u0131 kendine g\u00fcvenen bir tav\u0131rla temsil ediyor.<\/p>\n<h3 data-section-id=\"n147pz\" data-start=\"1737\" data-end=\"1756\">Zanaatkarl\u0131k<\/h3>\n<p data-start=\"1757\" data-end=\"2066\">22 ayar alt\u0131ndan ustal\u0131kla \u00fcretilen bu y\u00fcz\u00fck, hassas finisaj ve dengeli oranlar sergiliyor. P\u00fcr\u00fczs\u00fcz yuvarlat\u0131lm\u0131\u015f kenarlar rahat bir kullan\u0131m sa\u011flarken, ayna parlakl\u0131\u011f\u0131ndaki y\u00fczey alt\u0131n\u0131n s\u0131cakl\u0131\u011f\u0131n\u0131 ve zenginli\u011fini vurgular. Temiz ve \u00e7a\u011fda\u015f bir estetik elde etmek i\u00e7in her ayr\u0131nt\u0131 \u00f6zenle i\u015flenmi\u015ftir.<\/p>\n<h3 data-section-id=\"11x20r2\" data-start=\"2068\" data-end=\"2087\">Stil Fikirleri<\/h3>\n<p data-start=\"2088\" data-end=\"2173\">\u00c7ok y\u00f6nl\u00fc ve zahmetsizce tak\u0131labilen \u00c7ift Chevron V Y\u00fcz\u00fck, g\u00fczel bir \u015fekilde \u015fekillenir:<\/p>\n<ul data-start=\"2174\" data-end=\"2375\">\n<li data-section-id=\"11l8qe8\" data-start=\"2174\" data-end=\"2210\">Modern bir g\u00fcnl\u00fck ifade y\u00fcz\u00fc\u011f\u00fc<\/li>\n<li data-section-id=\"fp7xv9\" data-start=\"2211\" data-end=\"2259\">\u0130nce alt\u0131n bantlarla e\u015fle\u015ftirilmi\u015f bir istifleme par\u00e7as\u0131<\/li>\n<li data-section-id=\"oq05n\" data-start=\"2260\" data-end=\"2304\">F\u0131rsat giysilerine \u00e7a\u011fda\u015f bir katk\u0131<\/li>\n<li data-section-id=\"naiuz5\" data-start=\"2305\" data-end=\"2375\">Hem bat\u0131 hem de geleneksel g\u00f6r\u00fcn\u00fcmler i\u00e7in minimal heykelsi bir vurgu<\/li>\n<\/ul>","protected":false},"excerpt":{"rendered":"<p>Zarafetin \u00e7a\u011fda\u015f bir ifadesi olan 22 Ayar Alt\u0131n \u00c7ift Chevron V Y\u00fcz\u00fck, \u0131\u015f\u0131lt\u0131l\u0131 22 ayar sar\u0131 alt\u0131ndan \u00fcretilmi\u015f \u015f\u0131k bir a\u00e7\u0131k bant siluetine sahiptir. Heykelsi \u00e7ift-\u015fevron tasar\u0131m\u0131 cesur ama minimal bir ifade yarat\u0131r, g\u00fcnl\u00fck stil veya di\u011fer favorilerle istiflemek i\u00e7in idealdir.<\/p>\n<p><strong>Malzeme:<\/strong> 22 Ayar Alt\u0131n (91,6% Saf Alt\u0131n)<strong><br \/>\nHallmark:\u00a0<\/strong>\u0130ngiliz Damgas\u0131<strong><br \/>\n<\/strong><strong>A\u011f\u0131rl\u0131k: <\/strong>2.16 Gms<br \/>\n<strong>Boyutlar:<\/strong> L 1\/2<br \/>\n<strong>SKU:<\/strong> 55664<\/p>\n<p><strong>Fiyat ve Teslimat<\/strong>: KDV ve teslimat \u00fccretleri dahil<br \/>\n<a href=\"https:\/\/www.purejewels.com\/tr\/i%cc%87ade-poli%cc%87ti%cc%87kasi\/\">\u0130ade Politikas\u0131<\/a><\/p>","protected":false},"featured_media":429711,"comment_status":"closed","ping_status":"closed","template":"","meta":{"_eb_attr":"","_crsspst_to_jayantr4sg-hostcom":true},"product_brand":[],"product_cat":[1791,1559,1794,1785,1793,1792,1790,1229,1235,5343,1783,5338,5353,1569,5349],"product_tag":[],"class_list":{"0":"post-429704","1":"product","2":"type-product","3":"status-publish","4":"has-post-thumbnail","6":"product_cat-anniversary-gifts","7":"product_cat-birthday-gifts","8":"product_cat-christmas-gifts","9":"product_cat-daily-wear-rings","10":"product_cat-diwali-gifts","11":"product_cat-festival-gifts","12":"product_cat-for-whom-when","13":"product_cat-22ct-gold-jewellery","14":"product_cat-gold-rings","15":"product_cat-jewellery-under-550","16":"product_cat-ladies-rings","17":"product_cat-shop-by-price","18":"product_cat-shop-by","19":"product_cat-valentine-day-gifts","20":"product_cat-yellow-gold-jewellery","22":"first","23":"instock","24":"taxable","25":"shipping-taxable","26":"purchasable","27":"product-type-simple","28":"add-to-wishlist-before_image"},"yoast_head":"<!-- This site is optimized with the Yoast SEO plugin v27.5 - https:\/\/yoast.com\/product\/yoast-seo-wordpress\/ -->\n<title>22ct Gold Double Chevron V Ring | Modern Gold Ring Band<\/title>\n<meta name=\"description\" content=\"Discover the elegance of the 22ct Gold Double Chevron V Ring by PureJewels. Crafted in rich 22ct yellow gold with a contemporary open chevron silhouette.\" \/>\n<meta name=\"robots\" content=\"index, follow, max-snippet:-1, max-image-preview:large, max-video-preview:-1\" \/>\n<link rel=\"canonical\" href=\"https:\/\/www.purejewels.com\/tr\/urun\/22-ayar-altin-cift-sivron-v-yuzuk-55664\/\" \/>\n<meta property=\"og:locale\" content=\"tr_TR\" \/>\n<meta property=\"og:type\" content=\"article\" \/>\n<meta property=\"og:title\" content=\"22ct Gold Double Chevron V Ring | Modern Gold Ring Band\" \/>\n<meta property=\"og:description\" content=\"Discover the elegance of the 22ct Gold Double Chevron V Ring by PureJewels. Crafted in rich 22ct yellow gold with a contemporary open chevron silhouette.\" \/>\n<meta property=\"og:url\" content=\"https:\/\/www.purejewels.com\/tr\/urun\/22-ayar-altin-cift-sivron-v-yuzuk-55664\/\" \/>\n<meta property=\"og:site_name\" content=\"PureJewels UK\" \/>\n<meta property=\"article:modified_time\" content=\"2026-05-14T04:58:01+00:00\" \/>\n<meta property=\"og:image\" content=\"https:\/\/static.purejewels.com\/wp-content\/uploads\/2026\/05\/JWRNPICB040L0.jpg\" \/>\n\t<meta property=\"og:image:width\" content=\"1000\" \/>\n\t<meta property=\"og:image:height\" content=\"1000\" \/>\n\t<meta property=\"og:image:type\" content=\"image\/jpeg\" \/>\n<meta name=\"twitter:card\" content=\"summary_large_image\" \/>\n<meta name=\"twitter:label1\" content=\"Tahmini okuma s\u00fcresi\" \/>\n\t<meta name=\"twitter:data1\" content=\"1 dakika\" \/>\n<script type=\"application\/ld+json\" class=\"yoast-schema-graph\">{\"@context\":\"https:\\\/\\\/schema.org\",\"@graph\":[{\"@type\":[\"WebPage\",\"ItemPage\"],\"@id\":\"https:\\\/\\\/www.purejewels.com\\\/product\\\/22ct-gold-double-chevron-v-ring-55664\\\/\",\"url\":\"https:\\\/\\\/www.purejewels.com\\\/product\\\/22ct-gold-double-chevron-v-ring-55664\\\/\",\"name\":\"22ct Gold Double Chevron V Ring | Modern Gold Ring Band\",\"isPartOf\":{\"@id\":\"https:\\\/\\\/www.purejewels.com\\\/#website\"},\"primaryImageOfPage\":{\"@id\":\"https:\\\/\\\/www.purejewels.com\\\/product\\\/22ct-gold-double-chevron-v-ring-55664\\\/#primaryimage\"},\"image\":{\"@id\":\"https:\\\/\\\/www.purejewels.com\\\/product\\\/22ct-gold-double-chevron-v-ring-55664\\\/#primaryimage\"},\"thumbnailUrl\":\"https:\\\/\\\/static.purejewels.com\\\/wp-content\\\/uploads\\\/2026\\\/05\\\/JWRNPICB040L0.jpg\",\"datePublished\":\"2026-01-14T05:47:08+00:00\",\"dateModified\":\"2026-05-14T04:58:01+00:00\",\"description\":\"Discover the elegance of the 22ct Gold Double Chevron V Ring by PureJewels. Crafted in rich 22ct yellow gold with a contemporary open chevron silhouette.\",\"breadcrumb\":{\"@id\":\"https:\\\/\\\/www.purejewels.com\\\/product\\\/22ct-gold-double-chevron-v-ring-55664\\\/#breadcrumb\"},\"inLanguage\":\"tr\",\"potentialAction\":[{\"@type\":\"ReadAction\",\"target\":[\"https:\\\/\\\/www.purejewels.com\\\/product\\\/22ct-gold-double-chevron-v-ring-55664\\\/\"]}]},{\"@type\":\"ImageObject\",\"inLanguage\":\"tr\",\"@id\":\"https:\\\/\\\/www.purejewels.com\\\/product\\\/22ct-gold-double-chevron-v-ring-55664\\\/#primaryimage\",\"url\":\"https:\\\/\\\/static.purejewels.com\\\/wp-content\\\/uploads\\\/2026\\\/05\\\/JWRNPICB040L0.jpg\",\"contentUrl\":\"https:\\\/\\\/static.purejewels.com\\\/wp-content\\\/uploads\\\/2026\\\/05\\\/JWRNPICB040L0.jpg\",\"width\":1000,\"height\":1000,\"caption\":\"22ct Gold Double Chevron V Ring\"},{\"@type\":\"BreadcrumbList\",\"@id\":\"https:\\\/\\\/www.purejewels.com\\\/product\\\/22ct-gold-double-chevron-v-ring-55664\\\/#breadcrumb\",\"itemListElement\":[{\"@type\":\"ListItem\",\"position\":1,\"name\":\"Home\",\"item\":\"https:\\\/\\\/www.purejewels.com\\\/\"},{\"@type\":\"ListItem\",\"position\":2,\"name\":\"Shop\",\"item\":\"https:\\\/\\\/www.purejewels.com\\\/shop\\\/\"},{\"@type\":\"ListItem\",\"position\":3,\"name\":\"22ct Gold Double Chevron V Ring\"}]},{\"@type\":\"WebSite\",\"@id\":\"https:\\\/\\\/www.purejewels.com\\\/#website\",\"url\":\"https:\\\/\\\/www.purejewels.com\\\/\",\"name\":\"PureJewels UK\",\"description\":\"Share the Love\",\"publisher\":{\"@id\":\"https:\\\/\\\/www.purejewels.com\\\/#organization\"},\"potentialAction\":[{\"@type\":\"SearchAction\",\"target\":{\"@type\":\"EntryPoint\",\"urlTemplate\":\"https:\\\/\\\/www.purejewels.com\\\/?s={search_term_string}\"},\"query-input\":{\"@type\":\"PropertyValueSpecification\",\"valueRequired\":true,\"valueName\":\"search_term_string\"}}],\"inLanguage\":\"tr\"},{\"@type\":\"Organization\",\"@id\":\"https:\\\/\\\/www.purejewels.com\\\/#organization\",\"name\":\"PureJewels UK\",\"url\":\"https:\\\/\\\/www.purejewels.com\\\/\",\"logo\":{\"@type\":\"ImageObject\",\"inLanguage\":\"tr\",\"@id\":\"https:\\\/\\\/www.purejewels.com\\\/#\\\/schema\\\/logo\\\/image\\\/\",\"url\":\"https:\\\/\\\/static.purejewels.com\\\/wp-content\\\/uploads\\\/2020\\\/11\\\/Logo-PJ-New-1.png\",\"contentUrl\":\"https:\\\/\\\/static.purejewels.com\\\/wp-content\\\/uploads\\\/2020\\\/11\\\/Logo-PJ-New-1.png\",\"width\":150,\"height\":80,\"caption\":\"PureJewels UK\"},\"image\":{\"@id\":\"https:\\\/\\\/www.purejewels.com\\\/#\\\/schema\\\/logo\\\/image\\\/\"}}]}<\/script>\n<!-- \/ Yoast SEO plugin. -->","yoast_head_json":{"title":"22 Ayar Alt\u0131n \u00c7ift Chevron V Y\u00fcz\u00fck | Modern Alt\u0131n Y\u00fcz\u00fck Band\u0131","description":"PureJewels'in 22 Ayar Alt\u0131n \u00c7ift Chevron V Y\u00fcz\u00fc\u011f\u00fcn\u00fcn zarafetini ke\u015ffedin. \u00c7a\u011fda\u015f a\u00e7\u0131k \u015fevron siluetiyle zengin 22 ayar sar\u0131 alt\u0131ndan \u00fcretilmi\u015ftir.","robots":{"index":"index","follow":"follow","max-snippet":"max-snippet:-1","max-image-preview":"max-image-preview:large","max-video-preview":"max-video-preview:-1"},"canonical":"https:\/\/www.purejewels.com\/tr\/urun\/22-ayar-altin-cift-sivron-v-yuzuk-55664\/","og_locale":"tr_TR","og_type":"article","og_title":"22ct Gold Double Chevron V Ring | Modern Gold Ring Band","og_description":"Discover the elegance of the 22ct Gold Double Chevron V Ring by PureJewels. Crafted in rich 22ct yellow gold with a contemporary open chevron silhouette.","og_url":"https:\/\/www.purejewels.com\/tr\/urun\/22-ayar-altin-cift-sivron-v-yuzuk-55664\/","og_site_name":"PureJewels UK","article_modified_time":"2026-05-14T04:58:01+00:00","og_image":[{"width":1000,"height":1000,"url":"https:\/\/static.purejewels.com\/wp-content\/uploads\/2026\/05\/JWRNPICB040L0.jpg","type":"image\/jpeg"}],"twitter_card":"summary_large_image","twitter_misc":{"Tahmini okuma s\u00fcresi":"1 dakika"},"schema":{"@context":"https:\/\/schema.org","@graph":[{"@type":["WebPage","ItemPage"],"@id":"https:\/\/www.purejewels.com\/product\/22ct-gold-double-chevron-v-ring-55664\/","url":"https:\/\/www.purejewels.com\/product\/22ct-gold-double-chevron-v-ring-55664\/","name":"22 Ayar Alt\u0131n \u00c7ift Chevron V Y\u00fcz\u00fck | Modern Alt\u0131n Y\u00fcz\u00fck Band\u0131","isPartOf":{"@id":"https:\/\/www.purejewels.com\/#website"},"primaryImageOfPage":{"@id":"https:\/\/www.purejewels.com\/product\/22ct-gold-double-chevron-v-ring-55664\/#primaryimage"},"image":{"@id":"https:\/\/www.purejewels.com\/product\/22ct-gold-double-chevron-v-ring-55664\/#primaryimage"},"thumbnailUrl":"https:\/\/static.purejewels.com\/wp-content\/uploads\/2026\/05\/JWRNPICB040L0.jpg","datePublished":"2026-01-14T05:47:08+00:00","dateModified":"2026-05-14T04:58:01+00:00","description":"PureJewels'in 22 Ayar Alt\u0131n \u00c7ift Chevron V Y\u00fcz\u00fc\u011f\u00fcn\u00fcn zarafetini ke\u015ffedin. \u00c7a\u011fda\u015f a\u00e7\u0131k \u015fevron siluetiyle zengin 22 ayar sar\u0131 alt\u0131ndan \u00fcretilmi\u015ftir.","breadcrumb":{"@id":"https:\/\/www.purejewels.com\/product\/22ct-gold-double-chevron-v-ring-55664\/#breadcrumb"},"inLanguage":"tr","potentialAction":[{"@type":"ReadAction","target":["https:\/\/www.purejewels.com\/product\/22ct-gold-double-chevron-v-ring-55664\/"]}]},{"@type":"ImageObject","inLanguage":"tr","@id":"https:\/\/www.purejewels.com\/product\/22ct-gold-double-chevron-v-ring-55664\/#primaryimage","url":"https:\/\/static.purejewels.com\/wp-content\/uploads\/2026\/05\/JWRNPICB040L0.jpg","contentUrl":"https:\/\/static.purejewels.com\/wp-content\/uploads\/2026\/05\/JWRNPICB040L0.jpg","width":1000,"height":1000,"caption":"22ct Gold Double Chevron V Ring"},{"@type":"BreadcrumbList","@id":"https:\/\/www.purejewels.com\/product\/22ct-gold-double-chevron-v-ring-55664\/#breadcrumb","itemListElement":[{"@type":"ListItem","position":1,"name":"Home","item":"https:\/\/www.purejewels.com\/"},{"@type":"ListItem","position":2,"name":"Shop","item":"https:\/\/www.purejewels.com\/shop\/"},{"@type":"ListItem","position":3,"name":"22ct Gold Double Chevron V Ring"}]},{"@type":"WebSite","@id":"https:\/\/www.purejewels.com\/#website","url":"https:\/\/www.purejewels.com\/","name":"PureJewels \u0130ngiltere","description":"Sevgiyi Payla\u015f\u0131n","publisher":{"@id":"https:\/\/www.purejewels.com\/#organization"},"potentialAction":[{"@type":"SearchAction","target":{"@type":"EntryPoint","urlTemplate":"https:\/\/www.purejewels.com\/?s={search_term_string}"},"query-input":{"@type":"PropertyValueSpecification","valueRequired":true,"valueName":"search_term_string"}}],"inLanguage":"tr"},{"@type":"Organization","@id":"https:\/\/www.purejewels.com\/#organization","name":"PureJewels \u0130ngiltere","url":"https:\/\/www.purejewels.com\/","logo":{"@type":"ImageObject","inLanguage":"tr","@id":"https:\/\/www.purejewels.com\/#\/schema\/logo\/image\/","url":"https:\/\/static.purejewels.com\/wp-content\/uploads\/2020\/11\/Logo-PJ-New-1.png","contentUrl":"https:\/\/static.purejewels.com\/wp-content\/uploads\/2020\/11\/Logo-PJ-New-1.png","width":150,"height":80,"caption":"PureJewels UK"},"image":{"@id":"https:\/\/www.purejewels.com\/#\/schema\/logo\/image\/"}}]}},"_links":{"self":[{"href":"https:\/\/www.purejewels.com\/tr\/wp-json\/wp\/v2\/product\/429704","targetHints":{"allow":["GET"]}}],"collection":[{"href":"https:\/\/www.purejewels.com\/tr\/wp-json\/wp\/v2\/product"}],"about":[{"href":"https:\/\/www.purejewels.com\/tr\/wp-json\/wp\/v2\/types\/product"}],"replies":[{"embeddable":true,"href":"https:\/\/www.purejewels.com\/tr\/wp-json\/wp\/v2\/comments?post=429704"}],"version-history":[{"count":1,"href":"https:\/\/www.purejewels.com\/tr\/wp-json\/wp\/v2\/product\/429704\/revisions"}],"predecessor-version":[{"id":429713,"href":"https:\/\/www.purejewels.com\/tr\/wp-json\/wp\/v2\/product\/429704\/revisions\/429713"}],"wp:featuredmedia":[{"embeddable":true,"href":"https:\/\/www.purejewels.com\/tr\/wp-json\/wp\/v2\/media\/429711"}],"wp:attachment":[{"href":"https:\/\/www.purejewels.com\/tr\/wp-json\/wp\/v2\/media?parent=429704"}],"wp:term":[{"taxonomy":"product_brand","embeddable":true,"href":"https:\/\/www.purejewels.com\/tr\/wp-json\/wp\/v2\/product_brand?post=429704"},{"taxonomy":"product_cat","embeddable":true,"href":"https:\/\/www.purejewels.com\/tr\/wp-json\/wp\/v2\/product_cat?post=429704"},{"taxonomy":"product_tag","embeddable":true,"href":"https:\/\/www.purejewels.com\/tr\/wp-json\/wp\/v2\/product_tag?post=429704"}],"curies":[{"name":"wp","href":"https:\/\/api.w.org\/{rel}","templated":true}]}}