{"id":4318,"date":"2017-07-19T13:27:14","date_gmt":"2017-07-19T12:27:14","guid":{"rendered":"http:\/\/new.purejewels.com\/product\/christian-bauer-wedding-ring-274466-2\/"},"modified":"2020-10-20T15:11:47","modified_gmt":"2020-10-20T14:11:47","slug":"christian-bauer-alyans-274466-2","status":"publish","type":"product","link":"https:\/\/www.purejewels.com\/tr\/product\/christian-bauer-wedding-ring-274466-2\/","title":{"rendered":"Christian Bauer Alyans Y\u00fcz\u00fck"},"content":{"rendered":"<p>Geometrik trendi de\u011ferli metalde yakalayan bu dokulu erkek alyans\u0131 <a href=\"https:\/\/www.purejewels.com\/tr\/product-category\/wedding-rings-bands\/wedding-bands\/christian-bauer-brands\/\">Christian Bauer<\/a>.  Y\u00fczeye ilgi ve derinlik katan kabar\u0131k desen, klasik f\u0131r\u00e7alanm\u0131\u015f erkek y\u00fcz\u00fc\u011f\u00fcne sofistike bir dokunu\u015f kat\u0131yor.   Christian Bauer d\u00fc\u011f\u00fcn <a href=\"https:\/\/www.purejewels.com\/tr\/product-category\/22ct-gold-jewellery\/gold-rings\/\">halkalar<\/a> her zaman ola\u011fan\u00fcst\u00fc bir \u00f6zenle \u00fcretilir.  Almanya'n\u0131n k\u0131rsal kesimindeki \u015firket merkezinde deneyimli m\u00fccevher ustalar\u0131ndan olu\u015fan bir ekip taraf\u0131ndan \u00fcretilmektedir.  Paladyum, bir alyans i\u00e7in \u00e7a\u011fda\u015f bir se\u00e7imdir ve bu y\u00fcz\u00fc\u011f\u00fc daha uygun bir fiyat dilimine sokar - bir Christian Bauer alyans\u0131n\u0131 biraz ucuza kapma \u015fans\u0131n\u0131z.  *Stoklar\u0131m\u0131zda bedeniniz yoksa Christian Bauer alyans\u0131n\u0131z sipari\u015f edilecektir.  Bilgi almak veya sipari\u015f vermek i\u00e7in Canl\u0131 Sohbet'i kullan\u0131n.*<\/p>\n<ul>\n<li>Londra'da Christian Bauer y\u00fcz\u00fcklerinin yetkili sat\u0131c\u0131s\u0131<\/li>\n<li>Erkek alyans - 274466<\/li>\n<li>Metal Paladyum<\/li>\n<li>Geni\u015flik: 7 mm<\/li>\n<li>*Sipari\u015f vermek i\u00e7in Canl\u0131 Sohbet'i a\u00e7\u0131n.<\/li>\n<\/ul>\n<h2><strong>Christian Bauer ve paladyum hakk\u0131nda<br \/>\n<\/strong><\/h2>\n<p>Platinle akraba olan paladyum, platinden biraz daha yumu\u015fak ve daha ucuz olan y\u00fcksek yo\u011funluklu bir metaldir.  Dolay\u0131s\u0131yla, daha d\u00fc\u015f\u00fck fiyatl\u0131 bir Christian Bauer alyans\u0131na sahip olmak istiyorsan\u0131z m\u00fckemmel bir se\u00e7imdir.  Paladyum, rodyum gibi do\u011fal bir g\u00fcm\u00fc\u015f parlakl\u0131\u011f\u0131na sahiptir ve ezildi\u011finde 'kendi kendini iyile\u015ftirdi\u011fi' bilinmektedir - bu nedenle sa\u011flam bir alyans yapmak i\u00e7in m\u00fckemmeldir.<\/p>\n<p>&nbsp;<\/p>","protected":false},"excerpt":{"rendered":"<ul>\n<li>Londra'da Christian Bauer y\u00fcz\u00fcklerinin yetkili sat\u0131c\u0131s\u0131<\/li>\n<li>Erkek alyans - 274466<\/li>\n<li>Metal Paladyum<\/li>\n<li>Geni\u015flik: 7 mm<\/li>\n<li>*Sipari\u015f vermek i\u00e7in Canl\u0131 Sohbet'i a\u00e7\u0131n.<\/li>\n<\/ul>","protected":false},"featured_media":4319,"comment_status":"closed","ping_status":"closed","template":"","meta":{"_eb_attr":"","_crsspst_to_jayantr4sg-hostcom":false},"product_brand":[],"product_cat":[238,1572,1801],"product_tag":[],"class_list":{"0":"post-4318","1":"product","2":"type-product","3":"status-publish","4":"has-post-thumbnail","6":"product_cat-christian-bauer-brands","7":"product_cat-mens-jewellery","8":"product_cat-palladium-bands","10":"first","11":"outofstock","12":"taxable","13":"shipping-taxable","14":"product-type-simple","15":"add-to-wishlist-before_image"},"yoast_head":"<!-- This site is optimized with the Yoast SEO plugin v27.5 - https:\/\/yoast.com\/product\/yoast-seo-wordpress\/ -->\n<title>Christian Bauer Wedding Ring 274466 (274466_palladium)<\/title>\n<meta name=\"robots\" content=\"index, follow, max-snippet:-1, max-image-preview:large, max-video-preview:-1\" \/>\n<link rel=\"canonical\" href=\"https:\/\/www.purejewels.com\/tr\/urun\/christian-bauer-alyans-274466-2\/\" \/>\n<meta property=\"og:locale\" content=\"tr_TR\" \/>\n<meta property=\"og:type\" content=\"article\" \/>\n<meta property=\"og:title\" content=\"Christian Bauer Wedding Ring 274466 (274466_palladium)\" \/>\n<meta property=\"og:description\" content=\"Authorised stockist of Christian Bauer rings in London  Men\u2019s wedding ring \u2013 274466  Metal: Palladium  Width: 7 mm  *Open Live Chat to order.\" \/>\n<meta property=\"og:url\" content=\"https:\/\/www.purejewels.com\/tr\/urun\/christian-bauer-alyans-274466-2\/\" \/>\n<meta property=\"og:site_name\" content=\"PureJewels UK\" \/>\n<meta property=\"article:modified_time\" content=\"2020-10-20T14:11:47+00:00\" \/>\n<meta property=\"og:image\" content=\"https:\/\/www.purejewels.com\/wp-content\/uploads\/2017\/07\/0274466-250290-001_4-2.jpg\" \/>\n\t<meta property=\"og:image:width\" content=\"960\" \/>\n\t<meta property=\"og:image:height\" content=\"960\" \/>\n\t<meta property=\"og:image:type\" content=\"image\/jpeg\" \/>\n<meta name=\"twitter:card\" content=\"summary_large_image\" \/>\n<meta name=\"twitter:label1\" content=\"Tahmini okuma s\u00fcresi\" \/>\n\t<meta name=\"twitter:data1\" content=\"1 dakika\" \/>\n<script type=\"application\/ld+json\" class=\"yoast-schema-graph\">{\"@context\":\"https:\\\/\\\/schema.org\",\"@graph\":[{\"@type\":[\"WebPage\",\"ItemPage\"],\"@id\":\"https:\\\/\\\/www.purejewels.com\\\/product\\\/christian-bauer-wedding-ring-274466-2\\\/\",\"url\":\"https:\\\/\\\/www.purejewels.com\\\/product\\\/christian-bauer-wedding-ring-274466-2\\\/\",\"name\":\"Christian Bauer Wedding Ring 274466 (274466_palladium)\",\"isPartOf\":{\"@id\":\"https:\\\/\\\/www.purejewels.com\\\/#website\"},\"primaryImageOfPage\":{\"@id\":\"https:\\\/\\\/www.purejewels.com\\\/product\\\/christian-bauer-wedding-ring-274466-2\\\/#primaryimage\"},\"image\":{\"@id\":\"https:\\\/\\\/www.purejewels.com\\\/product\\\/christian-bauer-wedding-ring-274466-2\\\/#primaryimage\"},\"thumbnailUrl\":\"https:\\\/\\\/static.purejewels.com\\\/wp-content\\\/uploads\\\/2017\\\/07\\\/0274466-250290-001_4-2.jpg\",\"datePublished\":\"2017-07-19T12:27:14+00:00\",\"dateModified\":\"2020-10-20T14:11:47+00:00\",\"breadcrumb\":{\"@id\":\"https:\\\/\\\/www.purejewels.com\\\/product\\\/christian-bauer-wedding-ring-274466-2\\\/#breadcrumb\"},\"inLanguage\":\"tr\",\"potentialAction\":[{\"@type\":\"ReadAction\",\"target\":[\"https:\\\/\\\/www.purejewels.com\\\/product\\\/christian-bauer-wedding-ring-274466-2\\\/\"]}]},{\"@type\":\"ImageObject\",\"inLanguage\":\"tr\",\"@id\":\"https:\\\/\\\/www.purejewels.com\\\/product\\\/christian-bauer-wedding-ring-274466-2\\\/#primaryimage\",\"url\":\"https:\\\/\\\/static.purejewels.com\\\/wp-content\\\/uploads\\\/2017\\\/07\\\/0274466-250290-001_4-2.jpg\",\"contentUrl\":\"https:\\\/\\\/static.purejewels.com\\\/wp-content\\\/uploads\\\/2017\\\/07\\\/0274466-250290-001_4-2.jpg\",\"width\":960,\"height\":960,\"caption\":\"0274466-250290-001_4.jpg\"},{\"@type\":\"BreadcrumbList\",\"@id\":\"https:\\\/\\\/www.purejewels.com\\\/product\\\/christian-bauer-wedding-ring-274466-2\\\/#breadcrumb\",\"itemListElement\":[{\"@type\":\"ListItem\",\"position\":1,\"name\":\"Home\",\"item\":\"https:\\\/\\\/www.purejewels.com\\\/\"},{\"@type\":\"ListItem\",\"position\":2,\"name\":\"Shop\",\"item\":\"https:\\\/\\\/www.purejewels.com\\\/shop\\\/\"},{\"@type\":\"ListItem\",\"position\":3,\"name\":\"Christian Bauer Wedding Band Ring\"}]},{\"@type\":\"WebSite\",\"@id\":\"https:\\\/\\\/www.purejewels.com\\\/#website\",\"url\":\"https:\\\/\\\/www.purejewels.com\\\/\",\"name\":\"PureJewels UK\",\"description\":\"Share the Love\",\"publisher\":{\"@id\":\"https:\\\/\\\/www.purejewels.com\\\/#organization\"},\"potentialAction\":[{\"@type\":\"SearchAction\",\"target\":{\"@type\":\"EntryPoint\",\"urlTemplate\":\"https:\\\/\\\/www.purejewels.com\\\/?s={search_term_string}\"},\"query-input\":{\"@type\":\"PropertyValueSpecification\",\"valueRequired\":true,\"valueName\":\"search_term_string\"}}],\"inLanguage\":\"tr\"},{\"@type\":\"Organization\",\"@id\":\"https:\\\/\\\/www.purejewels.com\\\/#organization\",\"name\":\"PureJewels UK\",\"url\":\"https:\\\/\\\/www.purejewels.com\\\/\",\"logo\":{\"@type\":\"ImageObject\",\"inLanguage\":\"tr\",\"@id\":\"https:\\\/\\\/www.purejewels.com\\\/#\\\/schema\\\/logo\\\/image\\\/\",\"url\":\"https:\\\/\\\/static.purejewels.com\\\/wp-content\\\/uploads\\\/2020\\\/11\\\/Logo-PJ-New-1.png\",\"contentUrl\":\"https:\\\/\\\/static.purejewels.com\\\/wp-content\\\/uploads\\\/2020\\\/11\\\/Logo-PJ-New-1.png\",\"width\":150,\"height\":80,\"caption\":\"PureJewels UK\"},\"image\":{\"@id\":\"https:\\\/\\\/www.purejewels.com\\\/#\\\/schema\\\/logo\\\/image\\\/\"}}]}<\/script>\n<!-- \/ Yoast SEO plugin. -->","yoast_head_json":{"title":"Christian Bauer Alyans 274466 (274466_palladium)","robots":{"index":"index","follow":"follow","max-snippet":"max-snippet:-1","max-image-preview":"max-image-preview:large","max-video-preview":"max-video-preview:-1"},"canonical":"https:\/\/www.purejewels.com\/tr\/urun\/christian-bauer-alyans-274466-2\/","og_locale":"tr_TR","og_type":"article","og_title":"Christian Bauer Wedding Ring 274466 (274466_palladium)","og_description":"Authorised stockist of Christian Bauer rings in London  Men\u2019s wedding ring \u2013 274466  Metal: Palladium  Width: 7 mm  *Open Live Chat to order.","og_url":"https:\/\/www.purejewels.com\/tr\/urun\/christian-bauer-alyans-274466-2\/","og_site_name":"PureJewels UK","article_modified_time":"2020-10-20T14:11:47+00:00","og_image":[{"width":960,"height":960,"url":"https:\/\/www.purejewels.com\/wp-content\/uploads\/2017\/07\/0274466-250290-001_4-2.jpg","type":"image\/jpeg"}],"twitter_card":"summary_large_image","twitter_misc":{"Tahmini okuma s\u00fcresi":"1 dakika"},"schema":{"@context":"https:\/\/schema.org","@graph":[{"@type":["WebPage","ItemPage"],"@id":"https:\/\/www.purejewels.com\/product\/christian-bauer-wedding-ring-274466-2\/","url":"https:\/\/www.purejewels.com\/product\/christian-bauer-wedding-ring-274466-2\/","name":"Christian Bauer Alyans 274466 (274466_palladium)","isPartOf":{"@id":"https:\/\/www.purejewels.com\/#website"},"primaryImageOfPage":{"@id":"https:\/\/www.purejewels.com\/product\/christian-bauer-wedding-ring-274466-2\/#primaryimage"},"image":{"@id":"https:\/\/www.purejewels.com\/product\/christian-bauer-wedding-ring-274466-2\/#primaryimage"},"thumbnailUrl":"https:\/\/static.purejewels.com\/wp-content\/uploads\/2017\/07\/0274466-250290-001_4-2.jpg","datePublished":"2017-07-19T12:27:14+00:00","dateModified":"2020-10-20T14:11:47+00:00","breadcrumb":{"@id":"https:\/\/www.purejewels.com\/product\/christian-bauer-wedding-ring-274466-2\/#breadcrumb"},"inLanguage":"tr","potentialAction":[{"@type":"ReadAction","target":["https:\/\/www.purejewels.com\/product\/christian-bauer-wedding-ring-274466-2\/"]}]},{"@type":"ImageObject","inLanguage":"tr","@id":"https:\/\/www.purejewels.com\/product\/christian-bauer-wedding-ring-274466-2\/#primaryimage","url":"https:\/\/static.purejewels.com\/wp-content\/uploads\/2017\/07\/0274466-250290-001_4-2.jpg","contentUrl":"https:\/\/static.purejewels.com\/wp-content\/uploads\/2017\/07\/0274466-250290-001_4-2.jpg","width":960,"height":960,"caption":"0274466-250290-001_4.jpg"},{"@type":"BreadcrumbList","@id":"https:\/\/www.purejewels.com\/product\/christian-bauer-wedding-ring-274466-2\/#breadcrumb","itemListElement":[{"@type":"ListItem","position":1,"name":"Home","item":"https:\/\/www.purejewels.com\/"},{"@type":"ListItem","position":2,"name":"Shop","item":"https:\/\/www.purejewels.com\/shop\/"},{"@type":"ListItem","position":3,"name":"Christian Bauer Wedding Band Ring"}]},{"@type":"WebSite","@id":"https:\/\/www.purejewels.com\/#website","url":"https:\/\/www.purejewels.com\/","name":"PureJewels \u0130ngiltere","description":"Sevgiyi Payla\u015f\u0131n","publisher":{"@id":"https:\/\/www.purejewels.com\/#organization"},"potentialAction":[{"@type":"SearchAction","target":{"@type":"EntryPoint","urlTemplate":"https:\/\/www.purejewels.com\/?s={search_term_string}"},"query-input":{"@type":"PropertyValueSpecification","valueRequired":true,"valueName":"search_term_string"}}],"inLanguage":"tr"},{"@type":"Organization","@id":"https:\/\/www.purejewels.com\/#organization","name":"PureJewels \u0130ngiltere","url":"https:\/\/www.purejewels.com\/","logo":{"@type":"ImageObject","inLanguage":"tr","@id":"https:\/\/www.purejewels.com\/#\/schema\/logo\/image\/","url":"https:\/\/static.purejewels.com\/wp-content\/uploads\/2020\/11\/Logo-PJ-New-1.png","contentUrl":"https:\/\/static.purejewels.com\/wp-content\/uploads\/2020\/11\/Logo-PJ-New-1.png","width":150,"height":80,"caption":"PureJewels UK"},"image":{"@id":"https:\/\/www.purejewels.com\/#\/schema\/logo\/image\/"}}]}},"_links":{"self":[{"href":"https:\/\/www.purejewels.com\/tr\/wp-json\/wp\/v2\/product\/4318","targetHints":{"allow":["GET"]}}],"collection":[{"href":"https:\/\/www.purejewels.com\/tr\/wp-json\/wp\/v2\/product"}],"about":[{"href":"https:\/\/www.purejewels.com\/tr\/wp-json\/wp\/v2\/types\/product"}],"replies":[{"embeddable":true,"href":"https:\/\/www.purejewels.com\/tr\/wp-json\/wp\/v2\/comments?post=4318"}],"version-history":[{"count":0,"href":"https:\/\/www.purejewels.com\/tr\/wp-json\/wp\/v2\/product\/4318\/revisions"}],"wp:featuredmedia":[{"embeddable":true,"href":"https:\/\/www.purejewels.com\/tr\/wp-json\/wp\/v2\/media\/4319"}],"wp:attachment":[{"href":"https:\/\/www.purejewels.com\/tr\/wp-json\/wp\/v2\/media?parent=4318"}],"wp:term":[{"taxonomy":"product_brand","embeddable":true,"href":"https:\/\/www.purejewels.com\/tr\/wp-json\/wp\/v2\/product_brand?post=4318"},{"taxonomy":"product_cat","embeddable":true,"href":"https:\/\/www.purejewels.com\/tr\/wp-json\/wp\/v2\/product_cat?post=4318"},{"taxonomy":"product_tag","embeddable":true,"href":"https:\/\/www.purejewels.com\/tr\/wp-json\/wp\/v2\/product_tag?post=4318"}],"curies":[{"name":"wp","href":"https:\/\/api.w.org\/{rel}","templated":true}]}}