{"id":4320,"date":"2017-07-19T13:27:15","date_gmt":"2017-07-19T12:27:15","guid":{"rendered":"http:\/\/new.purejewels.com\/product\/christian-bauer-wedding-ring-274466-3\/"},"modified":"2025-05-29T14:03:34","modified_gmt":"2025-05-29T13:03:34","slug":"christian-bauer-alyans-274466-3","status":"publish","type":"product","link":"https:\/\/www.purejewels.com\/tr\/product\/christian-bauer-wedding-ring-274466-3\/","title":{"rendered":"Christian Bauer Alyans Y\u00fcz\u00fck"},"content":{"rendered":"<h2>Christian Bauer<\/h2>\n<p>&nbsp;<\/p>\n<p>Kat\u0131 <a href=\"https:\/\/www.purejewels.com\/tr\/product\/18ct-white-gold-diamond-ring-for-ladies-8775\/\">18 ayar beyaz alt\u0131n<\/a> zanaatkarlar taraf\u0131ndan g\u00fczel bir geometrik desen verilmi\u015ftir. <a href=\"https:\/\/www.purejewels.com\/tr\/product-category\/wedding-rings-bands\/wedding-bands\/christian-bauer-brands\/\">Christian Bauer<\/a>.  100 y\u0131l\u0131 a\u015fk\u0131n s\u00fcredir d\u00fc\u011f\u00fcn organizasyonlar\u0131 <a href=\"https:\/\/www.purejewels.com\/tr\/product-category\/22ct-gold-jewellery\/gold-rings\/\">halkalar<\/a>Christian Bauer'in biraz eski moda olmas\u0131n\u0131 beklersiniz.  Ancak Almanya'n\u0131n k\u0131rsal kesimindeki y\u00fcksek teknolojili, \u00e7evre dostu at\u00f6lyeleri \u00e7\u0131tay\u0131 y\u00fckseltiyor - ve g\u00fcncel alyans tasar\u0131mlar\u0131 da \u00f6yle.  D\u00fcnyaca \u00fcnl\u00fc y\u00fcz\u00fck \u00fcreticisi, bu son derece orijinal, geometrik, zig-zagl\u0131 erkek alyans\u0131 gibi yeni emsaller belirlemeye devam ediyor.  Almanya'da tek tek \u00fcretilen bu tasar\u0131m, a\u015fa\u011f\u0131daki \u015fekillerde olu\u015fturulabilir <a href=\"https:\/\/www.purejewels.com\/tr\/product\/18ct-white-gold-khanda-sikh-religious-pendant-6226\/\">18ct<\/a> beyaz alt\u0131n (burada g\u00f6r\u00fcl\u00fcyor), platin veya paladyum.  Beyaz alt\u0131n, platinden daha s\u0131cak bir parlakl\u0131\u011fa sahip klasik ve \u00e7a\u011fda\u015f bir se\u00e7imdir.  *Stokta bedeniniz yoksa Christian Bauer alyans\u0131n\u0131z sipari\u015f edilecektir.  Bilgi almak veya sipari\u015f vermek i\u00e7in Canl\u0131 Sohbet'i kullan\u0131n.*<\/p>\n<p>&nbsp;<\/p>\n<ul>\n<li style=\"list-style-type: none;\">\n<ul>\n<li>Londra'da Christian Bauer y\u00fcz\u00fcklerinin yetkili sat\u0131c\u0131s\u0131<\/li>\n<\/ul>\n<\/li>\n<\/ul>\n<p>&nbsp;<\/p>\n<ul>\n<li style=\"list-style-type: none;\">\n<ul>\n<li>Erkek alyans - 274466<\/li>\n<\/ul>\n<\/li>\n<\/ul>\n<p>&nbsp;<\/p>\n<ul>\n<li style=\"list-style-type: none;\">\n<ul>\n<li>Metal: 18 ayar beyaz alt\u0131n<\/li>\n<\/ul>\n<\/li>\n<\/ul>\n<p>&nbsp;<\/p>\n<ul>\n<li style=\"list-style-type: none;\">\n<ul>\n<li>Geni\u015flik: 7 mm<\/li>\n<\/ul>\n<\/li>\n<\/ul>\n<p>&nbsp;<\/p>\n<ul>\n<li style=\"list-style-type: none;\">\n<ul>\n<li>*Sipari\u015f vermek i\u00e7in Canl\u0131 Sohbet'i a\u00e7\u0131n.<\/li>\n<\/ul>\n<\/li>\n<\/ul>\n<p>&nbsp;<\/p>\n<p>&nbsp;<\/p>\n<h2><strong>PureJewels - Londra'da Christian Bauer'in yetkili sat\u0131c\u0131s\u0131.<br \/>\n<\/strong><\/h2>\n<p>&nbsp;<\/p>\n<p>Uzun y\u0131llard\u0131r Christian Bauer alyanslar\u0131n\u0131 sat\u0131yoruz ve bu deneyimli y\u00fcz\u00fck tasar\u0131mc\u0131s\u0131n\u0131n sundu\u011fu ince uyum ve konforu takdir ediyoruz.  Y\u00fcz y\u0131ll\u0131k bir \u015firket olmas\u0131na ra\u011fmen, Christian Bauer en son teknoloji \u00fcr\u00fcn\u00fc alyanslar\u0131 piyasaya s\u00fcrmektedir. <a href=\"https:\/\/www.purejewels.com\/tr\/product\/22ct-gold-band-ring-28243\/\">alyans tasar\u0131mlar\u0131<\/a> her y\u0131l.  En yeni modellerden baz\u0131lar\u0131n\u0131 g\u00f6rmek, denemek ve en be\u011fendi\u011finizi se\u00e7mek i\u00e7in showroom'a gelin - ard\u0131ndan istedi\u011finiz metal ve geni\u015fli\u011fi se\u00e7erek ki\u015fiselle\u015ftirin.<\/p>\n<p>&nbsp;<\/p>\n<p>&nbsp;<\/p>\n<p>&nbsp;<\/p>","protected":false},"excerpt":{"rendered":"<ul>\n<li>Londra'da Christian Bauer y\u00fcz\u00fcklerinin yetkili sat\u0131c\u0131s\u0131<\/li>\n<li>Erkek alyans - 274466<\/li>\n<li>Metal: 18 ayar beyaz alt\u0131n<\/li>\n<li>Geni\u015flik: 7 mm<\/li>\n<li>*Sipari\u015f vermek i\u00e7in Canl\u0131 Sohbet'i a\u00e7\u0131n.<\/li>\n<\/ul>","protected":false},"featured_media":315615,"comment_status":"closed","ping_status":"closed","template":"","meta":{"_eb_attr":"","_crsspst_to_jayantr4sg-hostcom":false},"product_brand":[],"product_cat":[1799,238,236,1572,229,226],"product_tag":[],"class_list":{"0":"post-4320","1":"product","2":"type-product","3":"status-publish","4":"has-post-thumbnail","6":"product_cat-18ct-gold-bands","7":"product_cat-christian-bauer-brands","8":"product_cat-collections","9":"product_cat-mens-jewellery","10":"product_cat-wedding-bands","11":"product_cat-wedding-rings-bands","13":"first","14":"onbackorder","15":"taxable","16":"shipping-taxable","17":"product-type-simple","18":"add-to-wishlist-before_image"},"yoast_head":"<!-- This site is optimized with the Yoast SEO plugin v27.5 - https:\/\/yoast.com\/product\/yoast-seo-wordpress\/ -->\n<title>Christian Bauer Wedding Ring from PureJewels<\/title>\n<meta name=\"robots\" content=\"index, follow, max-snippet:-1, max-image-preview:large, max-video-preview:-1\" \/>\n<link rel=\"canonical\" href=\"https:\/\/www.purejewels.com\/tr\/urun\/christian-bauer-alyans-274466-3\/\" \/>\n<meta property=\"og:locale\" content=\"tr_TR\" \/>\n<meta property=\"og:type\" content=\"article\" \/>\n<meta property=\"og:title\" content=\"Christian Bauer Wedding Ring from PureJewels\" \/>\n<meta property=\"og:description\" content=\"Authorised stockist of Christian Bauer rings in London  Men\u2019s wedding ring \u2013 274466  Metal: 18ct white gold  Width: 7 mm  *Open Live Chat to order.\" \/>\n<meta property=\"og:url\" content=\"https:\/\/www.purejewels.com\/tr\/urun\/christian-bauer-alyans-274466-3\/\" \/>\n<meta property=\"og:site_name\" content=\"PureJewels UK\" \/>\n<meta property=\"article:modified_time\" content=\"2025-05-29T13:03:34+00:00\" \/>\n<meta property=\"og:image\" content=\"https:\/\/www.purejewels.com\/wp-content\/uploads\/2020\/07\/137221919.jpg\" \/>\n\t<meta property=\"og:image:width\" content=\"960\" \/>\n\t<meta property=\"og:image:height\" content=\"960\" \/>\n\t<meta property=\"og:image:type\" content=\"image\/jpeg\" \/>\n<meta name=\"twitter:card\" content=\"summary_large_image\" \/>\n<meta name=\"twitter:label1\" content=\"Tahmini okuma s\u00fcresi\" \/>\n\t<meta name=\"twitter:data1\" content=\"1 dakika\" \/>\n<script type=\"application\/ld+json\" class=\"yoast-schema-graph\">{\"@context\":\"https:\\\/\\\/schema.org\",\"@graph\":[{\"@type\":[\"WebPage\",\"ItemPage\"],\"@id\":\"https:\\\/\\\/www.purejewels.com\\\/product\\\/christian-bauer-wedding-ring-274466-3\\\/\",\"url\":\"https:\\\/\\\/www.purejewels.com\\\/product\\\/christian-bauer-wedding-ring-274466-3\\\/\",\"name\":\"Christian Bauer Wedding Ring from PureJewels\",\"isPartOf\":{\"@id\":\"https:\\\/\\\/www.purejewels.com\\\/#website\"},\"primaryImageOfPage\":{\"@id\":\"https:\\\/\\\/www.purejewels.com\\\/product\\\/christian-bauer-wedding-ring-274466-3\\\/#primaryimage\"},\"image\":{\"@id\":\"https:\\\/\\\/www.purejewels.com\\\/product\\\/christian-bauer-wedding-ring-274466-3\\\/#primaryimage\"},\"thumbnailUrl\":\"https:\\\/\\\/static.purejewels.com\\\/wp-content\\\/uploads\\\/2020\\\/07\\\/137221919.jpg\",\"datePublished\":\"2017-07-19T12:27:15+00:00\",\"dateModified\":\"2025-05-29T13:03:34+00:00\",\"breadcrumb\":{\"@id\":\"https:\\\/\\\/www.purejewels.com\\\/product\\\/christian-bauer-wedding-ring-274466-3\\\/#breadcrumb\"},\"inLanguage\":\"tr\",\"potentialAction\":[{\"@type\":\"ReadAction\",\"target\":[\"https:\\\/\\\/www.purejewels.com\\\/product\\\/christian-bauer-wedding-ring-274466-3\\\/\"]}]},{\"@type\":\"ImageObject\",\"inLanguage\":\"tr\",\"@id\":\"https:\\\/\\\/www.purejewels.com\\\/product\\\/christian-bauer-wedding-ring-274466-3\\\/#primaryimage\",\"url\":\"https:\\\/\\\/static.purejewels.com\\\/wp-content\\\/uploads\\\/2020\\\/07\\\/137221919.jpg\",\"contentUrl\":\"https:\\\/\\\/static.purejewels.com\\\/wp-content\\\/uploads\\\/2020\\\/07\\\/137221919.jpg\",\"width\":960,\"height\":960,\"caption\":\"Christian BauerSolid 18ct white gold is given a handsome geometric pattern by the artisans at Christian Bauer.\u00a0 After more than 100 years of creating wedding rings, you\u2019d expect Christian Bauer to be somewhat old-fashioned.\u00a0 But their high-tech, environmentally-friendly workshop in rural Germany is raising the bar \u2013 and so are their current wedding band designs.\u00a0 The world-famous ring-maker continues to set new precedents, like this highly original, geometric, zig-zagged men\u2019s wedding ring.\u00a0 Individually made in Germany, this design can be created in 18ct white gold (seen here), platinum, or palladium.\u00a0 White gold is a classic and contemporary choice with a warmer sheen than platinum.\u00a0 *Your Christian Bauer wedding ring will be ordered, unless we have your size in stock.\u00a0 Use Live Chat to enquire or order.*Authorised stockist of Christian Bauer rings in LondonMen\u2019s wedding ring \u2013 274466Metal: 18ct white goldWidth: 7 mm*Open Live Chat to order.PureJewels \u2013 an authorised stockist of Christian Bauer in London.We\u2019ve been selling Christian Bauer wedding rings for many years, and we appreciate the finer fit and comfort offered by this experienced ring designer.\u00a0 Despite being a hundred-year-old company, Christian Bauer launches some of the most cutting-edge wedding ring designs every year.\u00a0 Come into the showroom to see some of the latest, try them on for fit, and choose your favourite \u2013 then customise it by selecting the metal and width of your liking.&nbsp;\"},{\"@type\":\"BreadcrumbList\",\"@id\":\"https:\\\/\\\/www.purejewels.com\\\/product\\\/christian-bauer-wedding-ring-274466-3\\\/#breadcrumb\",\"itemListElement\":[{\"@type\":\"ListItem\",\"position\":1,\"name\":\"Home\",\"item\":\"https:\\\/\\\/www.purejewels.com\\\/\"},{\"@type\":\"ListItem\",\"position\":2,\"name\":\"Shop\",\"item\":\"https:\\\/\\\/www.purejewels.com\\\/shop\\\/\"},{\"@type\":\"ListItem\",\"position\":3,\"name\":\"Christian Bauer Wedding Band Ring\"}]},{\"@type\":\"WebSite\",\"@id\":\"https:\\\/\\\/www.purejewels.com\\\/#website\",\"url\":\"https:\\\/\\\/www.purejewels.com\\\/\",\"name\":\"PureJewels UK\",\"description\":\"Share the Love\",\"publisher\":{\"@id\":\"https:\\\/\\\/www.purejewels.com\\\/#organization\"},\"potentialAction\":[{\"@type\":\"SearchAction\",\"target\":{\"@type\":\"EntryPoint\",\"urlTemplate\":\"https:\\\/\\\/www.purejewels.com\\\/?s={search_term_string}\"},\"query-input\":{\"@type\":\"PropertyValueSpecification\",\"valueRequired\":true,\"valueName\":\"search_term_string\"}}],\"inLanguage\":\"tr\"},{\"@type\":\"Organization\",\"@id\":\"https:\\\/\\\/www.purejewels.com\\\/#organization\",\"name\":\"PureJewels UK\",\"url\":\"https:\\\/\\\/www.purejewels.com\\\/\",\"logo\":{\"@type\":\"ImageObject\",\"inLanguage\":\"tr\",\"@id\":\"https:\\\/\\\/www.purejewels.com\\\/#\\\/schema\\\/logo\\\/image\\\/\",\"url\":\"https:\\\/\\\/static.purejewels.com\\\/wp-content\\\/uploads\\\/2020\\\/11\\\/Logo-PJ-New-1.png\",\"contentUrl\":\"https:\\\/\\\/static.purejewels.com\\\/wp-content\\\/uploads\\\/2020\\\/11\\\/Logo-PJ-New-1.png\",\"width\":150,\"height\":80,\"caption\":\"PureJewels UK\"},\"image\":{\"@id\":\"https:\\\/\\\/www.purejewels.com\\\/#\\\/schema\\\/logo\\\/image\\\/\"}}]}<\/script>\n<!-- \/ Yoast SEO plugin. -->","yoast_head_json":{"title":"PureJewels'ten Christian Bauer Alyans","robots":{"index":"index","follow":"follow","max-snippet":"max-snippet:-1","max-image-preview":"max-image-preview:large","max-video-preview":"max-video-preview:-1"},"canonical":"https:\/\/www.purejewels.com\/tr\/urun\/christian-bauer-alyans-274466-3\/","og_locale":"tr_TR","og_type":"article","og_title":"Christian Bauer Wedding Ring from PureJewels","og_description":"Authorised stockist of Christian Bauer rings in London  Men\u2019s wedding ring \u2013 274466  Metal: 18ct white gold  Width: 7 mm  *Open Live Chat to order.","og_url":"https:\/\/www.purejewels.com\/tr\/urun\/christian-bauer-alyans-274466-3\/","og_site_name":"PureJewels UK","article_modified_time":"2025-05-29T13:03:34+00:00","og_image":[{"width":960,"height":960,"url":"https:\/\/www.purejewels.com\/wp-content\/uploads\/2020\/07\/137221919.jpg","type":"image\/jpeg"}],"twitter_card":"summary_large_image","twitter_misc":{"Tahmini okuma s\u00fcresi":"1 dakika"},"schema":{"@context":"https:\/\/schema.org","@graph":[{"@type":["WebPage","ItemPage"],"@id":"https:\/\/www.purejewels.com\/product\/christian-bauer-wedding-ring-274466-3\/","url":"https:\/\/www.purejewels.com\/product\/christian-bauer-wedding-ring-274466-3\/","name":"PureJewels'ten Christian Bauer Alyans","isPartOf":{"@id":"https:\/\/www.purejewels.com\/#website"},"primaryImageOfPage":{"@id":"https:\/\/www.purejewels.com\/product\/christian-bauer-wedding-ring-274466-3\/#primaryimage"},"image":{"@id":"https:\/\/www.purejewels.com\/product\/christian-bauer-wedding-ring-274466-3\/#primaryimage"},"thumbnailUrl":"https:\/\/static.purejewels.com\/wp-content\/uploads\/2020\/07\/137221919.jpg","datePublished":"2017-07-19T12:27:15+00:00","dateModified":"2025-05-29T13:03:34+00:00","breadcrumb":{"@id":"https:\/\/www.purejewels.com\/product\/christian-bauer-wedding-ring-274466-3\/#breadcrumb"},"inLanguage":"tr","potentialAction":[{"@type":"ReadAction","target":["https:\/\/www.purejewels.com\/product\/christian-bauer-wedding-ring-274466-3\/"]}]},{"@type":"ImageObject","inLanguage":"tr","@id":"https:\/\/www.purejewels.com\/product\/christian-bauer-wedding-ring-274466-3\/#primaryimage","url":"https:\/\/static.purejewels.com\/wp-content\/uploads\/2020\/07\/137221919.jpg","contentUrl":"https:\/\/static.purejewels.com\/wp-content\/uploads\/2020\/07\/137221919.jpg","width":960,"height":960,"caption":"Christian BauerSolid 18ct white gold is given a handsome geometric pattern by the artisans at Christian Bauer.\u00a0 After more than 100 years of creating wedding rings, you\u2019d expect Christian Bauer to be somewhat old-fashioned.\u00a0 But their high-tech, environmentally-friendly workshop in rural Germany is raising the bar \u2013 and so are their current wedding band designs.\u00a0 The world-famous ring-maker continues to set new precedents, like this highly original, geometric, zig-zagged men\u2019s wedding ring.\u00a0 Individually made in Germany, this design can be created in 18ct white gold (seen here), platinum, or palladium.\u00a0 White gold is a classic and contemporary choice with a warmer sheen than platinum.\u00a0 *Your Christian Bauer wedding ring will be ordered, unless we have your size in stock.\u00a0 Use Live Chat to enquire or order.*Authorised stockist of Christian Bauer rings in LondonMen\u2019s wedding ring \u2013 274466Metal: 18ct white goldWidth: 7 mm*Open Live Chat to order.PureJewels \u2013 an authorised stockist of Christian Bauer in London.We\u2019ve been selling Christian Bauer wedding rings for many years, and we appreciate the finer fit and comfort offered by this experienced ring designer.\u00a0 Despite being a hundred-year-old company, Christian Bauer launches some of the most cutting-edge wedding ring designs every year.\u00a0 Come into the showroom to see some of the latest, try them on for fit, and choose your favourite \u2013 then customise it by selecting the metal and width of your liking.&nbsp;"},{"@type":"BreadcrumbList","@id":"https:\/\/www.purejewels.com\/product\/christian-bauer-wedding-ring-274466-3\/#breadcrumb","itemListElement":[{"@type":"ListItem","position":1,"name":"Home","item":"https:\/\/www.purejewels.com\/"},{"@type":"ListItem","position":2,"name":"Shop","item":"https:\/\/www.purejewels.com\/shop\/"},{"@type":"ListItem","position":3,"name":"Christian Bauer Wedding Band Ring"}]},{"@type":"WebSite","@id":"https:\/\/www.purejewels.com\/#website","url":"https:\/\/www.purejewels.com\/","name":"PureJewels \u0130ngiltere","description":"Sevgiyi Payla\u015f\u0131n","publisher":{"@id":"https:\/\/www.purejewels.com\/#organization"},"potentialAction":[{"@type":"SearchAction","target":{"@type":"EntryPoint","urlTemplate":"https:\/\/www.purejewels.com\/?s={search_term_string}"},"query-input":{"@type":"PropertyValueSpecification","valueRequired":true,"valueName":"search_term_string"}}],"inLanguage":"tr"},{"@type":"Organization","@id":"https:\/\/www.purejewels.com\/#organization","name":"PureJewels \u0130ngiltere","url":"https:\/\/www.purejewels.com\/","logo":{"@type":"ImageObject","inLanguage":"tr","@id":"https:\/\/www.purejewels.com\/#\/schema\/logo\/image\/","url":"https:\/\/static.purejewels.com\/wp-content\/uploads\/2020\/11\/Logo-PJ-New-1.png","contentUrl":"https:\/\/static.purejewels.com\/wp-content\/uploads\/2020\/11\/Logo-PJ-New-1.png","width":150,"height":80,"caption":"PureJewels UK"},"image":{"@id":"https:\/\/www.purejewels.com\/#\/schema\/logo\/image\/"}}]}},"_links":{"self":[{"href":"https:\/\/www.purejewels.com\/tr\/wp-json\/wp\/v2\/product\/4320","targetHints":{"allow":["GET"]}}],"collection":[{"href":"https:\/\/www.purejewels.com\/tr\/wp-json\/wp\/v2\/product"}],"about":[{"href":"https:\/\/www.purejewels.com\/tr\/wp-json\/wp\/v2\/types\/product"}],"replies":[{"embeddable":true,"href":"https:\/\/www.purejewels.com\/tr\/wp-json\/wp\/v2\/comments?post=4320"}],"version-history":[{"count":1,"href":"https:\/\/www.purejewels.com\/tr\/wp-json\/wp\/v2\/product\/4320\/revisions"}],"predecessor-version":[{"id":398893,"href":"https:\/\/www.purejewels.com\/tr\/wp-json\/wp\/v2\/product\/4320\/revisions\/398893"}],"wp:featuredmedia":[{"embeddable":true,"href":"https:\/\/www.purejewels.com\/tr\/wp-json\/wp\/v2\/media\/315615"}],"wp:attachment":[{"href":"https:\/\/www.purejewels.com\/tr\/wp-json\/wp\/v2\/media?parent=4320"}],"wp:term":[{"taxonomy":"product_brand","embeddable":true,"href":"https:\/\/www.purejewels.com\/tr\/wp-json\/wp\/v2\/product_brand?post=4320"},{"taxonomy":"product_cat","embeddable":true,"href":"https:\/\/www.purejewels.com\/tr\/wp-json\/wp\/v2\/product_cat?post=4320"},{"taxonomy":"product_tag","embeddable":true,"href":"https:\/\/www.purejewels.com\/tr\/wp-json\/wp\/v2\/product_tag?post=4320"}],"curies":[{"name":"wp","href":"https:\/\/api.w.org\/{rel}","templated":true}]}}