{"id":4326,"date":"2017-07-19T13:27:20","date_gmt":"2017-07-19T12:27:20","guid":{"rendered":"http:\/\/new.purejewels.com\/product\/22ct-gold-bangle-3\/"},"modified":"2026-01-10T16:15:51","modified_gmt":"2026-01-10T16:15:51","slug":"22-ayar-altin-bileklik-3","status":"publish","type":"product","link":"https:\/\/www.purejewels.com\/tr\/product\/22ct-gold-bangle-3\/","title":{"rendered":"22 ayar alt\u0131n \u00e7i\u00e7ek desenli, yakut ve z\u00fcmr\u00fct ta\u015fl\u0131 Kada bileklik"},"content":{"rendered":"<p><strong>Tasar\u0131m<\/strong><\/p>\n<p>Bu \u0131\u015f\u0131lt\u0131l\u0131 22 ayar alt\u0131n kada bileklik, do\u011fan\u0131n bollu\u011fundan ilham alm\u0131\u015ft\u0131r \u2014 de\u011ferli malzemelerle hayata ge\u00e7irilmi\u015f canl\u0131 bir \u00e7i\u00e7ek. Merkezinde, yakut rengi kaba\u015fon ta\u015flardan olu\u015fan stilize bir \u00e7i\u00e7ek yer al\u0131r ve bu \u00e7i\u00e7ek, karma\u015f\u0131k ye\u015fil emaye yapraklar ve narin tomurcuklar\u0131 and\u0131ran bezel monteli ye\u015fil ta\u015flarla \u00e7evrilidir.<\/p>\n<p>\u00c7i\u00e7ek desenli k\u0131vr\u0131mlar ve heykelsi e\u011friler, bant boyunca zarif bir \u015fekilde uzanarak yap\u0131 ve yumu\u015fakl\u0131k aras\u0131nda bir uyum yarat\u0131r. Renk, k\u00fclt\u00fcr ve zanaatkarl\u0131\u011f\u0131n bir kutlamas\u0131d\u0131r \u2014 bayramlar, d\u00fc\u011f\u00fcnler ve aile yadigar\u0131 hediyeler i\u00e7in idealdir.<\/p>\n<p><strong>Zanaatkarl\u0131k<\/strong><\/p>\n<p>Saf 22 ayar alt\u0131nla el i\u015f\u00e7ili\u011fi ile \u00fcretilen bu kada, PureJewels'in geleneksel teknikleri koruma konusundaki kararl\u0131l\u0131\u011f\u0131n\u0131 yans\u0131t\u0131yor. De\u011ferli ta\u015flar, do\u011fal parlakl\u0131klar\u0131n\u0131 vurgulamak i\u00e7in g\u00fcvenli bir \u015fekilde \u00e7er\u00e7eveye monte edilmi\u015fken, emaye detaylar uzun \u00f6m\u00fcr ve parlakl\u0131k i\u00e7in titizlikle uygulanm\u0131\u015ft\u0131r.<\/p>\n<p>Kada, rahatl\u0131k ve zarafeti bir arada sunan, takmas\u0131 kolay mente\u015feli bir toka ile tasarlanm\u0131\u015ft\u0131r. Londra Assay Office taraf\u0131ndan orijinalli\u011fi onaylanm\u0131\u015ft\u0131r.<\/p>\n<p><strong>Stil<\/strong><\/p>\n<p>G\u00f6z al\u0131c\u0131 bir tek ba\u015f\u0131na par\u00e7a veya gelinlik tak\u0131m\u0131na asil bir ek olan bu kada, k\u00f6klerini gurur ve tutkuyla benimseyenler i\u00e7in tasarlanm\u0131\u015ft\u0131r. Lehengalar, ipek sariler veya \u00e7a\u011fda\u015f f\u00fczyon stilleriyle kusursuz bir uyum sa\u011flar ve zamans\u0131z kad\u0131ns\u0131l\u0131\u011f\u0131 ifade eder.<\/p>","protected":false},"excerpt":{"rendered":"<p>Yakut pembesi ve ye\u015fil ta\u015flarla s\u00fcslenmi\u015f, yaprak emaye i\u015f\u00e7ili\u011fi ve s\u00fcsl\u00fc \u00e7i\u00e7ek motifleriyle bezeli, 22 ayar alt\u0131n kada bileklik \u2014 Hint miras\u0131n\u0131n ve zarafetinin canl\u0131 bir ifadesi.<\/p>\n<ul>\n<li>22 Ayar Alt\u0131n Kada Bileklik<\/li>\n<li>A\u011f\u0131rl\u0131k 38.6g<\/li>\n<li>SKU: 13083<\/li>\n<li>Londra Assay Ofisi taraf\u0131ndan damgalanm\u0131\u015f alt\u0131n<\/li>\n<li>Kundan \u00c7al\u0131\u015fmas\u0131 Yap\u0131ld\u0131<\/li>\n<li>T\u00fcm Bilezikler Sunum Kutusuyla Birlikte Gelir<\/li>\n<li>Teslimat Dahil<\/li>\n<li>T\u00fcm fiyatlara KDV dahildir<\/li>\n<li>Stok durumu ve stokta bulunan benzer tasar\u0131mlar\u0131n daha fazla g\u00f6r\u00fcnt\u00fcs\u00fc i\u00e7in bizimle canl\u0131 sohbet edin<\/li>\n<\/ul>","protected":false},"featured_media":4327,"comment_status":"closed","ping_status":"closed","template":"","meta":{"_eb_attr":"","_crsspst_to_jayantr4sg-hostcom":false},"product_brand":[],"product_cat":[1659,1574],"product_tag":[1514,63,1521],"class_list":{"0":"post-4326","1":"product","2":"type-product","3":"status-publish","4":"has-post-thumbnail","6":"product_cat-bridal-and-party-wear-gold-kada-bangle","7":"product_cat-womens-jewellery","8":"product_tag-bangles","9":"product_tag-gold","10":"product_tag-kada","12":"first","13":"outofstock","14":"featured","15":"taxable","16":"shipping-taxable","17":"product-type-simple","18":"add-to-wishlist-before_image"},"yoast_head":"<!-- This site is optimized with the Yoast SEO plugin v27.3 - https:\/\/yoast.com\/product\/yoast-seo-wordpress\/ -->\n<title>22ct Kada Bangle | Ruby &amp; Enamel Floral Design | PureJewels<\/title>\n<meta name=\"description\" content=\"Celebrate heritage with this handcrafted 22ct gold kada bangle, featuring floral ruby cabochons, green gemstone detailing, and enamelled leaf motifs.\" \/>\n<meta name=\"robots\" content=\"index, follow, max-snippet:-1, max-image-preview:large, max-video-preview:-1\" \/>\n<link rel=\"canonical\" href=\"https:\/\/www.purejewels.com\/tr\/urun\/22-ayar-altin-bileklik-3\/\" \/>\n<meta property=\"og:locale\" content=\"tr_TR\" \/>\n<meta property=\"og:type\" content=\"article\" \/>\n<meta property=\"og:title\" content=\"22ct Kada Bangle | Ruby &amp; Enamel Floral Design | PureJewels\" \/>\n<meta property=\"og:description\" content=\"Celebrate heritage with this handcrafted 22ct gold kada bangle, featuring floral ruby cabochons, green gemstone detailing, and enamelled leaf motifs.\" \/>\n<meta property=\"og:url\" content=\"https:\/\/www.purejewels.com\/tr\/urun\/22-ayar-altin-bileklik-3\/\" \/>\n<meta property=\"og:site_name\" content=\"PureJewels UK\" \/>\n<meta property=\"article:modified_time\" content=\"2026-01-10T16:15:51+00:00\" \/>\n<meta property=\"og:image\" content=\"https:\/\/static.purejewels.com\/wp-content\/uploads\/2017\/07\/bangle_13083_a_960px-2.jpg\" \/>\n\t<meta property=\"og:image:width\" content=\"960\" \/>\n\t<meta property=\"og:image:height\" content=\"960\" \/>\n\t<meta property=\"og:image:type\" content=\"image\/jpeg\" \/>\n<meta name=\"twitter:card\" content=\"summary_large_image\" \/>\n<meta name=\"twitter:label1\" content=\"Tahmini okuma s\u00fcresi\" \/>\n\t<meta name=\"twitter:data1\" content=\"1 dakika\" \/>\n<script type=\"application\/ld+json\" class=\"yoast-schema-graph\">{\"@context\":\"https:\\\/\\\/schema.org\",\"@graph\":[{\"@type\":[\"WebPage\",\"ItemPage\"],\"@id\":\"https:\\\/\\\/www.purejewels.com\\\/product\\\/22ct-gold-bangle-3\\\/\",\"url\":\"https:\\\/\\\/www.purejewels.com\\\/product\\\/22ct-gold-bangle-3\\\/\",\"name\":\"22ct Kada Bangle | Ruby & Enamel Floral Design | PureJewels\",\"isPartOf\":{\"@id\":\"https:\\\/\\\/www.purejewels.com\\\/#website\"},\"primaryImageOfPage\":{\"@id\":\"https:\\\/\\\/www.purejewels.com\\\/product\\\/22ct-gold-bangle-3\\\/#primaryimage\"},\"image\":{\"@id\":\"https:\\\/\\\/www.purejewels.com\\\/product\\\/22ct-gold-bangle-3\\\/#primaryimage\"},\"thumbnailUrl\":\"https:\\\/\\\/static.purejewels.com\\\/wp-content\\\/uploads\\\/2017\\\/07\\\/bangle_13083_a_960px-2.jpg\",\"datePublished\":\"2017-07-19T12:27:20+00:00\",\"dateModified\":\"2026-01-10T16:15:51+00:00\",\"description\":\"Celebrate heritage with this handcrafted 22ct gold kada bangle, featuring floral ruby cabochons, green gemstone detailing, and enamelled leaf motifs.\",\"breadcrumb\":{\"@id\":\"https:\\\/\\\/www.purejewels.com\\\/product\\\/22ct-gold-bangle-3\\\/#breadcrumb\"},\"inLanguage\":\"tr\",\"potentialAction\":[{\"@type\":\"ReadAction\",\"target\":[\"https:\\\/\\\/www.purejewels.com\\\/product\\\/22ct-gold-bangle-3\\\/\"]}]},{\"@type\":\"ImageObject\",\"inLanguage\":\"tr\",\"@id\":\"https:\\\/\\\/www.purejewels.com\\\/product\\\/22ct-gold-bangle-3\\\/#primaryimage\",\"url\":\"https:\\\/\\\/static.purejewels.com\\\/wp-content\\\/uploads\\\/2017\\\/07\\\/bangle_13083_a_960px-2.jpg\",\"contentUrl\":\"https:\\\/\\\/static.purejewels.com\\\/wp-content\\\/uploads\\\/2017\\\/07\\\/bangle_13083_a_960px-2.jpg\",\"width\":960,\"height\":960,\"caption\":\"bangle_13083_a_960px.jpg\"},{\"@type\":\"BreadcrumbList\",\"@id\":\"https:\\\/\\\/www.purejewels.com\\\/product\\\/22ct-gold-bangle-3\\\/#breadcrumb\",\"itemListElement\":[{\"@type\":\"ListItem\",\"position\":1,\"name\":\"Home\",\"item\":\"https:\\\/\\\/www.purejewels.com\\\/\"},{\"@type\":\"ListItem\",\"position\":2,\"name\":\"Shop\",\"item\":\"https:\\\/\\\/www.purejewels.com\\\/shop\\\/\"},{\"@type\":\"ListItem\",\"position\":3,\"name\":\"22ct Gold Floral Kada Bangle with Ruby &#038; Emerald\"}]},{\"@type\":\"WebSite\",\"@id\":\"https:\\\/\\\/www.purejewels.com\\\/#website\",\"url\":\"https:\\\/\\\/www.purejewels.com\\\/\",\"name\":\"PureJewels UK\",\"description\":\"Share the Love\",\"publisher\":{\"@id\":\"https:\\\/\\\/www.purejewels.com\\\/#organization\"},\"potentialAction\":[{\"@type\":\"SearchAction\",\"target\":{\"@type\":\"EntryPoint\",\"urlTemplate\":\"https:\\\/\\\/www.purejewels.com\\\/?s={search_term_string}\"},\"query-input\":{\"@type\":\"PropertyValueSpecification\",\"valueRequired\":true,\"valueName\":\"search_term_string\"}}],\"inLanguage\":\"tr\"},{\"@type\":\"Organization\",\"@id\":\"https:\\\/\\\/www.purejewels.com\\\/#organization\",\"name\":\"PureJewels UK\",\"url\":\"https:\\\/\\\/www.purejewels.com\\\/\",\"logo\":{\"@type\":\"ImageObject\",\"inLanguage\":\"tr\",\"@id\":\"https:\\\/\\\/www.purejewels.com\\\/#\\\/schema\\\/logo\\\/image\\\/\",\"url\":\"https:\\\/\\\/static.purejewels.com\\\/wp-content\\\/uploads\\\/2020\\\/11\\\/Logo-PJ-New-1.png\",\"contentUrl\":\"https:\\\/\\\/static.purejewels.com\\\/wp-content\\\/uploads\\\/2020\\\/11\\\/Logo-PJ-New-1.png\",\"width\":150,\"height\":80,\"caption\":\"PureJewels UK\"},\"image\":{\"@id\":\"https:\\\/\\\/www.purejewels.com\\\/#\\\/schema\\\/logo\\\/image\\\/\"}}]}<\/script>\n<!-- \/ Yoast SEO plugin. -->","yoast_head_json":{"title":"22 ayar Kada Bilezik | Yakut ve Emaye \u00c7i\u00e7ek Deseni | PureJewels","description":"\u00c7i\u00e7ek desenli yakut kaba\u015fonlar, ye\u015fil ta\u015f detaylar ve emaye yaprak motifleriyle s\u00fcslenmi\u015f, el yap\u0131m\u0131 22 ayar alt\u0131n kada bileklikle miras\u0131n\u0131z\u0131 kutlay\u0131n.","robots":{"index":"index","follow":"follow","max-snippet":"max-snippet:-1","max-image-preview":"max-image-preview:large","max-video-preview":"max-video-preview:-1"},"canonical":"https:\/\/www.purejewels.com\/tr\/urun\/22-ayar-altin-bileklik-3\/","og_locale":"tr_TR","og_type":"article","og_title":"22ct Kada Bangle | Ruby & Enamel Floral Design | PureJewels","og_description":"Celebrate heritage with this handcrafted 22ct gold kada bangle, featuring floral ruby cabochons, green gemstone detailing, and enamelled leaf motifs.","og_url":"https:\/\/www.purejewels.com\/tr\/urun\/22-ayar-altin-bileklik-3\/","og_site_name":"PureJewels UK","article_modified_time":"2026-01-10T16:15:51+00:00","og_image":[{"width":960,"height":960,"url":"https:\/\/static.purejewels.com\/wp-content\/uploads\/2017\/07\/bangle_13083_a_960px-2.jpg","type":"image\/jpeg"}],"twitter_card":"summary_large_image","twitter_misc":{"Tahmini okuma s\u00fcresi":"1 dakika"},"schema":{"@context":"https:\/\/schema.org","@graph":[{"@type":["WebPage","ItemPage"],"@id":"https:\/\/www.purejewels.com\/product\/22ct-gold-bangle-3\/","url":"https:\/\/www.purejewels.com\/product\/22ct-gold-bangle-3\/","name":"22 ayar Kada Bilezik | Yakut ve Emaye \u00c7i\u00e7ek Deseni | PureJewels","isPartOf":{"@id":"https:\/\/www.purejewels.com\/#website"},"primaryImageOfPage":{"@id":"https:\/\/www.purejewels.com\/product\/22ct-gold-bangle-3\/#primaryimage"},"image":{"@id":"https:\/\/www.purejewels.com\/product\/22ct-gold-bangle-3\/#primaryimage"},"thumbnailUrl":"https:\/\/static.purejewels.com\/wp-content\/uploads\/2017\/07\/bangle_13083_a_960px-2.jpg","datePublished":"2017-07-19T12:27:20+00:00","dateModified":"2026-01-10T16:15:51+00:00","description":"\u00c7i\u00e7ek desenli yakut kaba\u015fonlar, ye\u015fil ta\u015f detaylar ve emaye yaprak motifleriyle s\u00fcslenmi\u015f, el yap\u0131m\u0131 22 ayar alt\u0131n kada bileklikle miras\u0131n\u0131z\u0131 kutlay\u0131n.","breadcrumb":{"@id":"https:\/\/www.purejewels.com\/product\/22ct-gold-bangle-3\/#breadcrumb"},"inLanguage":"tr","potentialAction":[{"@type":"ReadAction","target":["https:\/\/www.purejewels.com\/product\/22ct-gold-bangle-3\/"]}]},{"@type":"ImageObject","inLanguage":"tr","@id":"https:\/\/www.purejewels.com\/product\/22ct-gold-bangle-3\/#primaryimage","url":"https:\/\/static.purejewels.com\/wp-content\/uploads\/2017\/07\/bangle_13083_a_960px-2.jpg","contentUrl":"https:\/\/static.purejewels.com\/wp-content\/uploads\/2017\/07\/bangle_13083_a_960px-2.jpg","width":960,"height":960,"caption":"bangle_13083_a_960px.jpg"},{"@type":"BreadcrumbList","@id":"https:\/\/www.purejewels.com\/product\/22ct-gold-bangle-3\/#breadcrumb","itemListElement":[{"@type":"ListItem","position":1,"name":"Home","item":"https:\/\/www.purejewels.com\/"},{"@type":"ListItem","position":2,"name":"Shop","item":"https:\/\/www.purejewels.com\/shop\/"},{"@type":"ListItem","position":3,"name":"22ct Gold Floral Kada Bangle with Ruby &#038; Emerald"}]},{"@type":"WebSite","@id":"https:\/\/www.purejewels.com\/#website","url":"https:\/\/www.purejewels.com\/","name":"PureJewels \u0130ngiltere","description":"Sevgiyi Payla\u015f\u0131n","publisher":{"@id":"https:\/\/www.purejewels.com\/#organization"},"potentialAction":[{"@type":"SearchAction","target":{"@type":"EntryPoint","urlTemplate":"https:\/\/www.purejewels.com\/?s={search_term_string}"},"query-input":{"@type":"PropertyValueSpecification","valueRequired":true,"valueName":"search_term_string"}}],"inLanguage":"tr"},{"@type":"Organization","@id":"https:\/\/www.purejewels.com\/#organization","name":"PureJewels \u0130ngiltere","url":"https:\/\/www.purejewels.com\/","logo":{"@type":"ImageObject","inLanguage":"tr","@id":"https:\/\/www.purejewels.com\/#\/schema\/logo\/image\/","url":"https:\/\/static.purejewels.com\/wp-content\/uploads\/2020\/11\/Logo-PJ-New-1.png","contentUrl":"https:\/\/static.purejewels.com\/wp-content\/uploads\/2020\/11\/Logo-PJ-New-1.png","width":150,"height":80,"caption":"PureJewels UK"},"image":{"@id":"https:\/\/www.purejewels.com\/#\/schema\/logo\/image\/"}}]}},"_links":{"self":[{"href":"https:\/\/www.purejewels.com\/tr\/wp-json\/wp\/v2\/product\/4326","targetHints":{"allow":["GET"]}}],"collection":[{"href":"https:\/\/www.purejewels.com\/tr\/wp-json\/wp\/v2\/product"}],"about":[{"href":"https:\/\/www.purejewels.com\/tr\/wp-json\/wp\/v2\/types\/product"}],"replies":[{"embeddable":true,"href":"https:\/\/www.purejewels.com\/tr\/wp-json\/wp\/v2\/comments?post=4326"}],"version-history":[{"count":3,"href":"https:\/\/www.purejewels.com\/tr\/wp-json\/wp\/v2\/product\/4326\/revisions"}],"predecessor-version":[{"id":423608,"href":"https:\/\/www.purejewels.com\/tr\/wp-json\/wp\/v2\/product\/4326\/revisions\/423608"}],"wp:featuredmedia":[{"embeddable":true,"href":"https:\/\/www.purejewels.com\/tr\/wp-json\/wp\/v2\/media\/4327"}],"wp:attachment":[{"href":"https:\/\/www.purejewels.com\/tr\/wp-json\/wp\/v2\/media?parent=4326"}],"wp:term":[{"taxonomy":"product_brand","embeddable":true,"href":"https:\/\/www.purejewels.com\/tr\/wp-json\/wp\/v2\/product_brand?post=4326"},{"taxonomy":"product_cat","embeddable":true,"href":"https:\/\/www.purejewels.com\/tr\/wp-json\/wp\/v2\/product_cat?post=4326"},{"taxonomy":"product_tag","embeddable":true,"href":"https:\/\/www.purejewels.com\/tr\/wp-json\/wp\/v2\/product_tag?post=4326"}],"curies":[{"name":"wp","href":"https:\/\/api.w.org\/{rel}","templated":true}]}}