{"id":4328,"date":"2017-07-19T13:27:21","date_gmt":"2017-07-19T12:27:21","guid":{"rendered":"http:\/\/new.purejewels.com\/product\/22ct-gold-necklace-14\/"},"modified":"2025-12-01T04:44:31","modified_gmt":"2025-12-01T04:44:31","slug":"22-ayar-altin-kolye-14","status":"publish","type":"product","link":"https:\/\/www.purejewels.com\/tr\/product\/22ct-gold-necklace-14\/","title":{"rendered":"22 ayar alt\u0131n Kundan Blossom gelin kolyesi"},"content":{"rendered":"<p data-start=\"212\" data-end=\"390\">Geleneksel zanaatkarl\u0131\u011fa parlak bir \u00f6vg\u00fc niteli\u011findeki bu 22 ayar alt\u0131n Kundan Blossom <a href=\"https:\/\/www.purejewels.com\/tr\/product\/22ct-gold-bridal-necklace-46262\/\">Gelin Kolyesi<\/a> gelene\u011fin g\u00fczelli\u011fini ve modern gelinin zarafetini kutlamak i\u00e7in tasarlanm\u0131\u015ft\u0131r.<\/p>\n<p data-start=\"392\" data-end=\"715\">Her bir \u00e7i\u00e7ek motifi, Kundan m\u00fccevher ta\u015flar\u0131yla \u00f6zenle elle i\u015flenerek, Hindistan'\u0131n kraliyet gelinlik tak\u0131lar\u0131n\u0131n sanatsal zarafetini yans\u0131t\u0131yor. Parlak 22 ayar alt\u0131ndan \u00fcretilen kolye, karma\u015f\u0131k detaylara ve boyun \u00e7izgisini g\u00fczelce saran zarif bir siluete sahip. D\u00fc\u011f\u00fcn g\u00fcn\u00fcn\u00fcz veya de\u011ferli bir aile yadigar\u0131 olarak m\u00fckemmel bir se\u00e7im.<\/p>\n<p data-start=\"717\" data-end=\"831\">Bu \u015faheser, bir s\u00fcs e\u015fyas\u0131ndan daha fazlas\u0131d\u0131r \u2014 ba\u011fl\u0131l\u0131\u011f\u0131n, miras\u0131n ve yeni bir sayfan\u0131n a\u00e7\u0131lmas\u0131n\u0131n sembol\u00fcd\u00fcr.<\/p>","protected":false},"excerpt":{"rendered":"<ul>\n<li>Kundan Ayarl\u0131 22 Ayar Alt\u0131n Gelin Kolyesi<\/li>\n<li>A\u011f\u0131rl\u0131k 140.5gm<\/li>\n<li>T\u00fcm fiyatlara KDV dahildir<\/li>\n<li>Londra Tahlil Ofisi Taraf\u0131ndan Damgalanm\u0131\u015f 22 Ayar Alt\u0131n<\/li>\n<li>T\u00fcm Setler Sunum Kutusu ile Birlikte Gelir<\/li>\n<li>Teslimat Dahil<\/li>\n<li>Stok durumu ve stokta bulunan benzer tasar\u0131mlar\u0131n daha fazla g\u00f6r\u00fcnt\u00fcs\u00fc i\u00e7in bizimle canl\u0131 sohbet edin<\/li>\n<\/ul>","protected":false},"featured_media":4329,"comment_status":"closed","ping_status":"closed","template":"","meta":{"_eb_attr":"","_crsspst_to_jayantr4sg-hostcom":false},"product_brand":[],"product_cat":[1778],"product_tag":[],"class_list":{"0":"post-4328","1":"product","2":"type-product","3":"status-publish","4":"has-post-thumbnail","6":"product_cat-short-necklaces","8":"first","9":"outofstock","10":"taxable","11":"shipping-taxable","12":"product-type-simple","13":"add-to-wishlist-before_image"},"yoast_head":"<!-- This site is optimized with the Yoast SEO plugin v27.3 - https:\/\/yoast.com\/product\/yoast-seo-wordpress\/ -->\n<title>Kundan Blossom Bridal Necklace in 22ct Gold | PureJewels<\/title>\n<meta name=\"description\" content=\"Grace your wedding day with our 22ct Gold Kundan Blossom Necklace \u2013 handcrafted with floral motifs and heritage detailing. A timeless PureJewels creation.\" \/>\n<meta name=\"robots\" content=\"index, follow, max-snippet:-1, max-image-preview:large, max-video-preview:-1\" \/>\n<link rel=\"canonical\" href=\"https:\/\/www.purejewels.com\/tr\/urun\/22-ayar-altin-kolye-14\/\" \/>\n<meta property=\"og:locale\" content=\"tr_TR\" \/>\n<meta property=\"og:type\" content=\"article\" \/>\n<meta property=\"og:title\" content=\"Kundan Blossom Bridal Necklace in 22ct Gold | PureJewels\" \/>\n<meta property=\"og:description\" content=\"Grace your wedding day with our 22ct Gold Kundan Blossom Necklace \u2013 handcrafted with floral motifs and heritage detailing. A timeless PureJewels creation.\" \/>\n<meta property=\"og:url\" content=\"https:\/\/www.purejewels.com\/tr\/urun\/22-ayar-altin-kolye-14\/\" \/>\n<meta property=\"og:site_name\" content=\"PureJewels UK\" \/>\n<meta property=\"article:modified_time\" content=\"2025-12-01T04:44:31+00:00\" \/>\n<meta property=\"og:image\" content=\"https:\/\/static.purejewels.com\/wp-content\/uploads\/2017\/07\/necklace_22567_960px-2.jpg\" \/>\n\t<meta property=\"og:image:width\" content=\"960\" \/>\n\t<meta property=\"og:image:height\" content=\"960\" \/>\n\t<meta property=\"og:image:type\" content=\"image\/jpeg\" \/>\n<meta name=\"twitter:card\" content=\"summary_large_image\" \/>\n<meta name=\"twitter:label1\" content=\"Tahmini okuma s\u00fcresi\" \/>\n\t<meta name=\"twitter:data1\" content=\"1 dakika\" \/>\n<script type=\"application\/ld+json\" class=\"yoast-schema-graph\">{\"@context\":\"https:\\\/\\\/schema.org\",\"@graph\":[{\"@type\":[\"WebPage\",\"ItemPage\"],\"@id\":\"https:\\\/\\\/www.purejewels.com\\\/product\\\/22ct-gold-necklace-14\\\/\",\"url\":\"https:\\\/\\\/www.purejewels.com\\\/product\\\/22ct-gold-necklace-14\\\/\",\"name\":\"Kundan Blossom Bridal Necklace in 22ct Gold | PureJewels\",\"isPartOf\":{\"@id\":\"https:\\\/\\\/www.purejewels.com\\\/#website\"},\"primaryImageOfPage\":{\"@id\":\"https:\\\/\\\/www.purejewels.com\\\/product\\\/22ct-gold-necklace-14\\\/#primaryimage\"},\"image\":{\"@id\":\"https:\\\/\\\/www.purejewels.com\\\/product\\\/22ct-gold-necklace-14\\\/#primaryimage\"},\"thumbnailUrl\":\"https:\\\/\\\/static.purejewels.com\\\/wp-content\\\/uploads\\\/2017\\\/07\\\/necklace_22567_960px-2.jpg\",\"datePublished\":\"2017-07-19T12:27:21+00:00\",\"dateModified\":\"2025-12-01T04:44:31+00:00\",\"description\":\"Grace your wedding day with our 22ct Gold Kundan Blossom Necklace \u2013 handcrafted with floral motifs and heritage detailing. A timeless PureJewels creation.\",\"breadcrumb\":{\"@id\":\"https:\\\/\\\/www.purejewels.com\\\/product\\\/22ct-gold-necklace-14\\\/#breadcrumb\"},\"inLanguage\":\"tr\",\"potentialAction\":[{\"@type\":\"ReadAction\",\"target\":[\"https:\\\/\\\/www.purejewels.com\\\/product\\\/22ct-gold-necklace-14\\\/\"]}]},{\"@type\":\"ImageObject\",\"inLanguage\":\"tr\",\"@id\":\"https:\\\/\\\/www.purejewels.com\\\/product\\\/22ct-gold-necklace-14\\\/#primaryimage\",\"url\":\"https:\\\/\\\/static.purejewels.com\\\/wp-content\\\/uploads\\\/2017\\\/07\\\/necklace_22567_960px-2.jpg\",\"contentUrl\":\"https:\\\/\\\/static.purejewels.com\\\/wp-content\\\/uploads\\\/2017\\\/07\\\/necklace_22567_960px-2.jpg\",\"width\":960,\"height\":960,\"caption\":\"necklace_22567_960px.jpg\"},{\"@type\":\"BreadcrumbList\",\"@id\":\"https:\\\/\\\/www.purejewels.com\\\/product\\\/22ct-gold-necklace-14\\\/#breadcrumb\",\"itemListElement\":[{\"@type\":\"ListItem\",\"position\":1,\"name\":\"Home\",\"item\":\"https:\\\/\\\/www.purejewels.com\\\/\"},{\"@type\":\"ListItem\",\"position\":2,\"name\":\"Shop\",\"item\":\"https:\\\/\\\/www.purejewels.com\\\/shop\\\/\"},{\"@type\":\"ListItem\",\"position\":3,\"name\":\"22ct Gold Kundan Blossom Bridal Necklace\"}]},{\"@type\":\"WebSite\",\"@id\":\"https:\\\/\\\/www.purejewels.com\\\/#website\",\"url\":\"https:\\\/\\\/www.purejewels.com\\\/\",\"name\":\"PureJewels UK\",\"description\":\"Share the Love\",\"publisher\":{\"@id\":\"https:\\\/\\\/www.purejewels.com\\\/#organization\"},\"potentialAction\":[{\"@type\":\"SearchAction\",\"target\":{\"@type\":\"EntryPoint\",\"urlTemplate\":\"https:\\\/\\\/www.purejewels.com\\\/?s={search_term_string}\"},\"query-input\":{\"@type\":\"PropertyValueSpecification\",\"valueRequired\":true,\"valueName\":\"search_term_string\"}}],\"inLanguage\":\"tr\"},{\"@type\":\"Organization\",\"@id\":\"https:\\\/\\\/www.purejewels.com\\\/#organization\",\"name\":\"PureJewels UK\",\"url\":\"https:\\\/\\\/www.purejewels.com\\\/\",\"logo\":{\"@type\":\"ImageObject\",\"inLanguage\":\"tr\",\"@id\":\"https:\\\/\\\/www.purejewels.com\\\/#\\\/schema\\\/logo\\\/image\\\/\",\"url\":\"https:\\\/\\\/static.purejewels.com\\\/wp-content\\\/uploads\\\/2020\\\/11\\\/Logo-PJ-New-1.png\",\"contentUrl\":\"https:\\\/\\\/static.purejewels.com\\\/wp-content\\\/uploads\\\/2020\\\/11\\\/Logo-PJ-New-1.png\",\"width\":150,\"height\":80,\"caption\":\"PureJewels UK\"},\"image\":{\"@id\":\"https:\\\/\\\/www.purejewels.com\\\/#\\\/schema\\\/logo\\\/image\\\/\"}}]}<\/script>\n<!-- \/ Yoast SEO plugin. -->","yoast_head_json":{"title":"22 ayar alt\u0131n Kundan Blossom gelin kolyesi | PureJewels","description":"\u00c7i\u00e7ek motifleri ve geleneksel detaylarla el yap\u0131m\u0131 22 ayar alt\u0131n Kundan Blossom kolyemizle d\u00fc\u011f\u00fcn g\u00fcn\u00fcn\u00fcze zarafet kat\u0131n. Zamans\u0131z bir PureJewels tasar\u0131m\u0131.","robots":{"index":"index","follow":"follow","max-snippet":"max-snippet:-1","max-image-preview":"max-image-preview:large","max-video-preview":"max-video-preview:-1"},"canonical":"https:\/\/www.purejewels.com\/tr\/urun\/22-ayar-altin-kolye-14\/","og_locale":"tr_TR","og_type":"article","og_title":"Kundan Blossom Bridal Necklace in 22ct Gold | PureJewels","og_description":"Grace your wedding day with our 22ct Gold Kundan Blossom Necklace \u2013 handcrafted with floral motifs and heritage detailing. A timeless PureJewels creation.","og_url":"https:\/\/www.purejewels.com\/tr\/urun\/22-ayar-altin-kolye-14\/","og_site_name":"PureJewels UK","article_modified_time":"2025-12-01T04:44:31+00:00","og_image":[{"width":960,"height":960,"url":"https:\/\/static.purejewels.com\/wp-content\/uploads\/2017\/07\/necklace_22567_960px-2.jpg","type":"image\/jpeg"}],"twitter_card":"summary_large_image","twitter_misc":{"Tahmini okuma s\u00fcresi":"1 dakika"},"schema":{"@context":"https:\/\/schema.org","@graph":[{"@type":["WebPage","ItemPage"],"@id":"https:\/\/www.purejewels.com\/product\/22ct-gold-necklace-14\/","url":"https:\/\/www.purejewels.com\/product\/22ct-gold-necklace-14\/","name":"22 ayar alt\u0131n Kundan Blossom gelin kolyesi | PureJewels","isPartOf":{"@id":"https:\/\/www.purejewels.com\/#website"},"primaryImageOfPage":{"@id":"https:\/\/www.purejewels.com\/product\/22ct-gold-necklace-14\/#primaryimage"},"image":{"@id":"https:\/\/www.purejewels.com\/product\/22ct-gold-necklace-14\/#primaryimage"},"thumbnailUrl":"https:\/\/static.purejewels.com\/wp-content\/uploads\/2017\/07\/necklace_22567_960px-2.jpg","datePublished":"2017-07-19T12:27:21+00:00","dateModified":"2025-12-01T04:44:31+00:00","description":"\u00c7i\u00e7ek motifleri ve geleneksel detaylarla el yap\u0131m\u0131 22 ayar alt\u0131n Kundan Blossom kolyemizle d\u00fc\u011f\u00fcn g\u00fcn\u00fcn\u00fcze zarafet kat\u0131n. Zamans\u0131z bir PureJewels tasar\u0131m\u0131.","breadcrumb":{"@id":"https:\/\/www.purejewels.com\/product\/22ct-gold-necklace-14\/#breadcrumb"},"inLanguage":"tr","potentialAction":[{"@type":"ReadAction","target":["https:\/\/www.purejewels.com\/product\/22ct-gold-necklace-14\/"]}]},{"@type":"ImageObject","inLanguage":"tr","@id":"https:\/\/www.purejewels.com\/product\/22ct-gold-necklace-14\/#primaryimage","url":"https:\/\/static.purejewels.com\/wp-content\/uploads\/2017\/07\/necklace_22567_960px-2.jpg","contentUrl":"https:\/\/static.purejewels.com\/wp-content\/uploads\/2017\/07\/necklace_22567_960px-2.jpg","width":960,"height":960,"caption":"necklace_22567_960px.jpg"},{"@type":"BreadcrumbList","@id":"https:\/\/www.purejewels.com\/product\/22ct-gold-necklace-14\/#breadcrumb","itemListElement":[{"@type":"ListItem","position":1,"name":"Home","item":"https:\/\/www.purejewels.com\/"},{"@type":"ListItem","position":2,"name":"Shop","item":"https:\/\/www.purejewels.com\/shop\/"},{"@type":"ListItem","position":3,"name":"22ct Gold Kundan Blossom Bridal Necklace"}]},{"@type":"WebSite","@id":"https:\/\/www.purejewels.com\/#website","url":"https:\/\/www.purejewels.com\/","name":"PureJewels \u0130ngiltere","description":"Sevgiyi Payla\u015f\u0131n","publisher":{"@id":"https:\/\/www.purejewels.com\/#organization"},"potentialAction":[{"@type":"SearchAction","target":{"@type":"EntryPoint","urlTemplate":"https:\/\/www.purejewels.com\/?s={search_term_string}"},"query-input":{"@type":"PropertyValueSpecification","valueRequired":true,"valueName":"search_term_string"}}],"inLanguage":"tr"},{"@type":"Organization","@id":"https:\/\/www.purejewels.com\/#organization","name":"PureJewels \u0130ngiltere","url":"https:\/\/www.purejewels.com\/","logo":{"@type":"ImageObject","inLanguage":"tr","@id":"https:\/\/www.purejewels.com\/#\/schema\/logo\/image\/","url":"https:\/\/static.purejewels.com\/wp-content\/uploads\/2020\/11\/Logo-PJ-New-1.png","contentUrl":"https:\/\/static.purejewels.com\/wp-content\/uploads\/2020\/11\/Logo-PJ-New-1.png","width":150,"height":80,"caption":"PureJewels UK"},"image":{"@id":"https:\/\/www.purejewels.com\/#\/schema\/logo\/image\/"}}]}},"_links":{"self":[{"href":"https:\/\/www.purejewels.com\/tr\/wp-json\/wp\/v2\/product\/4328","targetHints":{"allow":["GET"]}}],"collection":[{"href":"https:\/\/www.purejewels.com\/tr\/wp-json\/wp\/v2\/product"}],"about":[{"href":"https:\/\/www.purejewels.com\/tr\/wp-json\/wp\/v2\/types\/product"}],"replies":[{"embeddable":true,"href":"https:\/\/www.purejewels.com\/tr\/wp-json\/wp\/v2\/comments?post=4328"}],"version-history":[{"count":2,"href":"https:\/\/www.purejewels.com\/tr\/wp-json\/wp\/v2\/product\/4328\/revisions"}],"predecessor-version":[{"id":422137,"href":"https:\/\/www.purejewels.com\/tr\/wp-json\/wp\/v2\/product\/4328\/revisions\/422137"}],"wp:featuredmedia":[{"embeddable":true,"href":"https:\/\/www.purejewels.com\/tr\/wp-json\/wp\/v2\/media\/4329"}],"wp:attachment":[{"href":"https:\/\/www.purejewels.com\/tr\/wp-json\/wp\/v2\/media?parent=4328"}],"wp:term":[{"taxonomy":"product_brand","embeddable":true,"href":"https:\/\/www.purejewels.com\/tr\/wp-json\/wp\/v2\/product_brand?post=4328"},{"taxonomy":"product_cat","embeddable":true,"href":"https:\/\/www.purejewels.com\/tr\/wp-json\/wp\/v2\/product_cat?post=4328"},{"taxonomy":"product_tag","embeddable":true,"href":"https:\/\/www.purejewels.com\/tr\/wp-json\/wp\/v2\/product_tag?post=4328"}],"curies":[{"name":"wp","href":"https:\/\/api.w.org\/{rel}","templated":true}]}}