{"id":4334,"date":"2017-07-19T13:27:26","date_gmt":"2017-07-19T12:27:26","guid":{"rendered":"http:\/\/new.purejewels.com\/product\/christian-bauer-wedding-ring-274460-2\/"},"modified":"2022-03-05T04:57:20","modified_gmt":"2022-03-05T04:57:20","slug":"christian-bauer-alyans-274460-2","status":"publish","type":"product","link":"https:\/\/www.purejewels.com\/tr\/product\/christian-bauer-wedding-ring-274460-2\/","title":{"rendered":"Christian Bauer Alyans Y\u00fcz\u00fck"},"content":{"rendered":"<p>Benzersiz, modern tasar\u0131mlar y\u00fczy\u0131ll\u0131k deneyimle birle\u015fiyor <a href=\"https:\/\/www.purejewels.com\/tr\/product-category\/wedding-rings-bands\/wedding-bands\/christian-bauer-brands\/\">Christian Bauer<\/a>.  Bu Alman m\u00fccevher \u00fcreticisinin alyans tedarik\u00e7imiz olmas\u0131n\u0131n nedeni, tasar\u0131m esteti\u011fi ve <a href=\"https:\/\/www.purejewels.com\/tr\/a-guide-to-die-stamping\/\">zanaatkarl\u0131k<\/a> yenilmez.  Yap\u0131lm\u0131\u015f <a href=\"https:\/\/www.purejewels.com\/tr\/product\/18ct-white-gold-diamond-ring-for-ladies-8775\/\">18 ayar beyaz alt\u0131n<\/a>Bu benzersiz erkek y\u00fcz\u00fc\u011f\u00fc, y\u00fczeye ustal\u0131kla preslenmi\u015f kendine \u00f6zg\u00fc organik bir dokuya sahiptir.  Bu g\u00f6r\u00fcn\u00fcm, markan\u0131n g\u00fcm\u00fc\u015fle olan yak\u0131nl\u0131\u011f\u0131n\u0131 ortaya koyuyor. <a href=\"https:\/\/www.purejewels.com\/tr\/precious-metals-in-jewelry-making\/\">de\u011ferli\u0307 metaller<\/a>.  Bu Christian Bauer alyans\u0131n\u0131n, \u015firketin \u00e7evreye olan ba\u011fl\u0131l\u0131\u011f\u0131n\u0131n bir par\u00e7as\u0131 olarak \u00f6nceden \u00e7\u0131kar\u0131lm\u0131\u015f alt\u0131ndan yap\u0131ld\u0131\u011f\u0131n\u0131 da belirtmek gerekir.  *Stokta bedeniniz yoksa Christian Bauer alyans\u0131n\u0131z sipari\u015f edilecektir, bu nedenle l\u00fctfen bilgi almak veya sipari\u015f vermek i\u00e7in Canl\u0131 Sohbet'i kullan\u0131n.<\/p>\n<ul>\n<li>Christian Bauer yetkili sat\u0131c\u0131s\u0131 <a href=\"https:\/\/www.purejewels.com\/tr\/product-category\/22ct-gold-jewellery\/gold-rings\/\">halkalar<\/a> Londra'da<\/li>\n<li>Erkek alyans - 274460<\/li>\n<li>Metal: <a href=\"https:\/\/www.purejewels.com\/tr\/product\/18ct-white-gold-khanda-sikh-religious-pendant-6226\/\">18ct<\/a> Beyaz Alt\u0131n<\/li>\n<li>Geni\u015flik: 6,5 mm<\/li>\n<li>*Sipari\u015f vermek i\u00e7in Canl\u0131 Sohbet'i a\u00e7\u0131n.<\/li>\n<\/ul>\n<h2><strong>Christian Bauer alyans\u0131n\u0131z<br \/>\n<\/strong><\/h2>\n<p>Dokulu y\u00fczey, alyans\u0131n\u0131za \u00f6zg\u00fcnl\u00fck ve stil katar.  Christian Bauer'de her bir alyans\u0131 \u00fcretmek i\u00e7in el i\u015f\u00e7ili\u011fi y\u00fcksek teknolojili makinelerle birle\u015ftirilir.  Alman markas\u0131 kalitesiyle d\u00fcnyaca \u00fcnl\u00fcd\u00fcr ve orijinal sezon koleksiyonlar\u0131yla dikkat \u00e7ekmektedir.  Almanya'n\u0131n k\u0131rsal kesiminde, Welzheim orman\u0131 yak\u0131nlar\u0131nda yerle\u015fik bir aile \u015firketi olan <a href=\"https:\/\/www.purejewels.com\/tr\/product\/mens-22ct-gold-wedding-ring-33852\/\">nikah y\u00fcz\u00fckleri<\/a> 100 y\u0131l\u0131 a\u015fk\u0131n s\u00fcredir.  PureJewels, Christian Bauer'in Londra'daki stok\u00e7usu olmaktan gurur duymaktad\u0131r.  En son koleksiyonlar\u0131ndan alyanslar\u0131 denemek isterseniz, show room'a gelin.<\/p>\n<p>&nbsp;<\/p>","protected":false},"excerpt":{"rendered":"<p>Benzersiz, modern tasar\u0131mlar Christian Bauer'de bir as\u0131rl\u0131k deneyimle birle\u015fiyor.  Bu Alman m\u00fccevher \u00fcreticisi alyans tedarik\u00e7imizdir<\/p>","protected":false},"featured_media":315610,"comment_status":"closed","ping_status":"closed","template":"","meta":{"_eb_attr":"","_crsspst_to_jayantr4sg-hostcom":false},"product_brand":[],"product_cat":[238,236,1229,229],"product_tag":[],"class_list":{"0":"post-4334","1":"product","2":"type-product","3":"status-publish","4":"has-post-thumbnail","6":"product_cat-christian-bauer-brands","7":"product_cat-collections","8":"product_cat-22ct-gold-jewellery","9":"product_cat-wedding-bands","11":"first","12":"outofstock","13":"taxable","14":"shipping-taxable","15":"product-type-simple","16":"add-to-wishlist-before_image"},"yoast_head":"<!-- This site is optimized with the Yoast SEO plugin v27.5 - https:\/\/yoast.com\/product\/yoast-seo-wordpress\/ -->\n<title>Plain Platinum Wedding Band Online In UK | Purejewels.Com<\/title>\n<meta name=\"description\" content=\"Platinum Wedding Band Sets Online In UK | Explore Wide Range Of Bands For Him &amp; Her Online in UK.\" \/>\n<meta name=\"robots\" content=\"index, follow, max-snippet:-1, max-image-preview:large, max-video-preview:-1\" \/>\n<link rel=\"canonical\" href=\"https:\/\/www.purejewels.com\/tr\/urun\/christian-bauer-alyans-274460-2\/\" \/>\n<meta property=\"og:locale\" content=\"tr_TR\" \/>\n<meta property=\"og:type\" content=\"article\" \/>\n<meta property=\"og:title\" content=\"Plain Platinum Wedding Band Online In UK | Purejewels.Com\" \/>\n<meta property=\"og:description\" content=\"Platinum Wedding Band Sets Online In UK | Explore Wide Range Of Bands For Him &amp; Her Online in UK.\" \/>\n<meta property=\"og:url\" content=\"https:\/\/www.purejewels.com\/tr\/urun\/christian-bauer-alyans-274460-2\/\" \/>\n<meta property=\"og:site_name\" content=\"PureJewels UK\" \/>\n<meta property=\"article:modified_time\" content=\"2022-03-05T04:57:20+00:00\" \/>\n<meta property=\"og:image\" content=\"https:\/\/www.purejewels.com\/wp-content\/uploads\/2020\/07\/137221891.jpg\" \/>\n\t<meta property=\"og:image:width\" content=\"960\" \/>\n\t<meta property=\"og:image:height\" content=\"960\" \/>\n\t<meta property=\"og:image:type\" content=\"image\/jpeg\" \/>\n<meta name=\"twitter:card\" content=\"summary_large_image\" \/>\n<meta name=\"twitter:label1\" content=\"Tahmini okuma s\u00fcresi\" \/>\n\t<meta name=\"twitter:data1\" content=\"1 dakika\" \/>\n<script type=\"application\/ld+json\" class=\"yoast-schema-graph\">{\"@context\":\"https:\\\/\\\/schema.org\",\"@graph\":[{\"@type\":[\"WebPage\",\"ItemPage\"],\"@id\":\"https:\\\/\\\/www.purejewels.com\\\/product\\\/christian-bauer-wedding-ring-274460-2\\\/\",\"url\":\"https:\\\/\\\/www.purejewels.com\\\/product\\\/christian-bauer-wedding-ring-274460-2\\\/\",\"name\":\"Plain Platinum Wedding Band Online In UK | Purejewels.Com\",\"isPartOf\":{\"@id\":\"https:\\\/\\\/www.purejewels.com\\\/#website\"},\"primaryImageOfPage\":{\"@id\":\"https:\\\/\\\/www.purejewels.com\\\/product\\\/christian-bauer-wedding-ring-274460-2\\\/#primaryimage\"},\"image\":{\"@id\":\"https:\\\/\\\/www.purejewels.com\\\/product\\\/christian-bauer-wedding-ring-274460-2\\\/#primaryimage\"},\"thumbnailUrl\":\"https:\\\/\\\/static.purejewels.com\\\/wp-content\\\/uploads\\\/2020\\\/07\\\/137221891.jpg\",\"datePublished\":\"2017-07-19T12:27:26+00:00\",\"dateModified\":\"2022-03-05T04:57:20+00:00\",\"description\":\"Platinum Wedding Band Sets Online In UK | Explore Wide Range Of Bands For Him & Her Online in UK.\",\"breadcrumb\":{\"@id\":\"https:\\\/\\\/www.purejewels.com\\\/product\\\/christian-bauer-wedding-ring-274460-2\\\/#breadcrumb\"},\"inLanguage\":\"tr\",\"potentialAction\":[{\"@type\":\"ReadAction\",\"target\":[\"https:\\\/\\\/www.purejewels.com\\\/product\\\/christian-bauer-wedding-ring-274460-2\\\/\"]}]},{\"@type\":\"ImageObject\",\"inLanguage\":\"tr\",\"@id\":\"https:\\\/\\\/www.purejewels.com\\\/product\\\/christian-bauer-wedding-ring-274460-2\\\/#primaryimage\",\"url\":\"https:\\\/\\\/static.purejewels.com\\\/wp-content\\\/uploads\\\/2020\\\/07\\\/137221891.jpg\",\"contentUrl\":\"https:\\\/\\\/static.purejewels.com\\\/wp-content\\\/uploads\\\/2020\\\/07\\\/137221891.jpg\",\"width\":960,\"height\":960},{\"@type\":\"BreadcrumbList\",\"@id\":\"https:\\\/\\\/www.purejewels.com\\\/product\\\/christian-bauer-wedding-ring-274460-2\\\/#breadcrumb\",\"itemListElement\":[{\"@type\":\"ListItem\",\"position\":1,\"name\":\"Home\",\"item\":\"https:\\\/\\\/www.purejewels.com\\\/\"},{\"@type\":\"ListItem\",\"position\":2,\"name\":\"Shop\",\"item\":\"https:\\\/\\\/www.purejewels.com\\\/shop\\\/\"},{\"@type\":\"ListItem\",\"position\":3,\"name\":\"Christian Bauer Wedding Band Ring\"}]},{\"@type\":\"WebSite\",\"@id\":\"https:\\\/\\\/www.purejewels.com\\\/#website\",\"url\":\"https:\\\/\\\/www.purejewels.com\\\/\",\"name\":\"PureJewels UK\",\"description\":\"Share the Love\",\"publisher\":{\"@id\":\"https:\\\/\\\/www.purejewels.com\\\/#organization\"},\"potentialAction\":[{\"@type\":\"SearchAction\",\"target\":{\"@type\":\"EntryPoint\",\"urlTemplate\":\"https:\\\/\\\/www.purejewels.com\\\/?s={search_term_string}\"},\"query-input\":{\"@type\":\"PropertyValueSpecification\",\"valueRequired\":true,\"valueName\":\"search_term_string\"}}],\"inLanguage\":\"tr\"},{\"@type\":\"Organization\",\"@id\":\"https:\\\/\\\/www.purejewels.com\\\/#organization\",\"name\":\"PureJewels UK\",\"url\":\"https:\\\/\\\/www.purejewels.com\\\/\",\"logo\":{\"@type\":\"ImageObject\",\"inLanguage\":\"tr\",\"@id\":\"https:\\\/\\\/www.purejewels.com\\\/#\\\/schema\\\/logo\\\/image\\\/\",\"url\":\"https:\\\/\\\/static.purejewels.com\\\/wp-content\\\/uploads\\\/2020\\\/11\\\/Logo-PJ-New-1.png\",\"contentUrl\":\"https:\\\/\\\/static.purejewels.com\\\/wp-content\\\/uploads\\\/2020\\\/11\\\/Logo-PJ-New-1.png\",\"width\":150,\"height\":80,\"caption\":\"PureJewels UK\"},\"image\":{\"@id\":\"https:\\\/\\\/www.purejewels.com\\\/#\\\/schema\\\/logo\\\/image\\\/\"}}]}<\/script>\n<!-- \/ Yoast SEO plugin. -->","yoast_head_json":{"title":"\u0130ngiltere'de Online D\u00fcz Platin Alyans | Purejewels.Com","description":"Platin Alyans Setleri \u0130ngiltere'de \u00c7evrimi\u00e7i | \u0130ngiltere'de Erkek ve Kad\u0131n \u0130\u00e7in \u00c7ok \u00c7e\u015fitli Alyanslar\u0131 \u00c7evrimi\u00e7i Ke\u015ffedin.","robots":{"index":"index","follow":"follow","max-snippet":"max-snippet:-1","max-image-preview":"max-image-preview:large","max-video-preview":"max-video-preview:-1"},"canonical":"https:\/\/www.purejewels.com\/tr\/urun\/christian-bauer-alyans-274460-2\/","og_locale":"tr_TR","og_type":"article","og_title":"Plain Platinum Wedding Band Online In UK | Purejewels.Com","og_description":"Platinum Wedding Band Sets Online In UK | Explore Wide Range Of Bands For Him & Her Online in UK.","og_url":"https:\/\/www.purejewels.com\/tr\/urun\/christian-bauer-alyans-274460-2\/","og_site_name":"PureJewels UK","article_modified_time":"2022-03-05T04:57:20+00:00","og_image":[{"width":960,"height":960,"url":"https:\/\/www.purejewels.com\/wp-content\/uploads\/2020\/07\/137221891.jpg","type":"image\/jpeg"}],"twitter_card":"summary_large_image","twitter_misc":{"Tahmini okuma s\u00fcresi":"1 dakika"},"schema":{"@context":"https:\/\/schema.org","@graph":[{"@type":["WebPage","ItemPage"],"@id":"https:\/\/www.purejewels.com\/product\/christian-bauer-wedding-ring-274460-2\/","url":"https:\/\/www.purejewels.com\/product\/christian-bauer-wedding-ring-274460-2\/","name":"\u0130ngiltere'de Online D\u00fcz Platin Alyans | Purejewels.Com","isPartOf":{"@id":"https:\/\/www.purejewels.com\/#website"},"primaryImageOfPage":{"@id":"https:\/\/www.purejewels.com\/product\/christian-bauer-wedding-ring-274460-2\/#primaryimage"},"image":{"@id":"https:\/\/www.purejewels.com\/product\/christian-bauer-wedding-ring-274460-2\/#primaryimage"},"thumbnailUrl":"https:\/\/static.purejewels.com\/wp-content\/uploads\/2020\/07\/137221891.jpg","datePublished":"2017-07-19T12:27:26+00:00","dateModified":"2022-03-05T04:57:20+00:00","description":"Platin Alyans Setleri \u0130ngiltere'de \u00c7evrimi\u00e7i | \u0130ngiltere'de Erkek ve Kad\u0131n \u0130\u00e7in \u00c7ok \u00c7e\u015fitli Alyanslar\u0131 \u00c7evrimi\u00e7i Ke\u015ffedin.","breadcrumb":{"@id":"https:\/\/www.purejewels.com\/product\/christian-bauer-wedding-ring-274460-2\/#breadcrumb"},"inLanguage":"tr","potentialAction":[{"@type":"ReadAction","target":["https:\/\/www.purejewels.com\/product\/christian-bauer-wedding-ring-274460-2\/"]}]},{"@type":"ImageObject","inLanguage":"tr","@id":"https:\/\/www.purejewels.com\/product\/christian-bauer-wedding-ring-274460-2\/#primaryimage","url":"https:\/\/static.purejewels.com\/wp-content\/uploads\/2020\/07\/137221891.jpg","contentUrl":"https:\/\/static.purejewels.com\/wp-content\/uploads\/2020\/07\/137221891.jpg","width":960,"height":960},{"@type":"BreadcrumbList","@id":"https:\/\/www.purejewels.com\/product\/christian-bauer-wedding-ring-274460-2\/#breadcrumb","itemListElement":[{"@type":"ListItem","position":1,"name":"Home","item":"https:\/\/www.purejewels.com\/"},{"@type":"ListItem","position":2,"name":"Shop","item":"https:\/\/www.purejewels.com\/shop\/"},{"@type":"ListItem","position":3,"name":"Christian Bauer Wedding Band Ring"}]},{"@type":"WebSite","@id":"https:\/\/www.purejewels.com\/#website","url":"https:\/\/www.purejewels.com\/","name":"PureJewels \u0130ngiltere","description":"Sevgiyi Payla\u015f\u0131n","publisher":{"@id":"https:\/\/www.purejewels.com\/#organization"},"potentialAction":[{"@type":"SearchAction","target":{"@type":"EntryPoint","urlTemplate":"https:\/\/www.purejewels.com\/?s={search_term_string}"},"query-input":{"@type":"PropertyValueSpecification","valueRequired":true,"valueName":"search_term_string"}}],"inLanguage":"tr"},{"@type":"Organization","@id":"https:\/\/www.purejewels.com\/#organization","name":"PureJewels \u0130ngiltere","url":"https:\/\/www.purejewels.com\/","logo":{"@type":"ImageObject","inLanguage":"tr","@id":"https:\/\/www.purejewels.com\/#\/schema\/logo\/image\/","url":"https:\/\/static.purejewels.com\/wp-content\/uploads\/2020\/11\/Logo-PJ-New-1.png","contentUrl":"https:\/\/static.purejewels.com\/wp-content\/uploads\/2020\/11\/Logo-PJ-New-1.png","width":150,"height":80,"caption":"PureJewels UK"},"image":{"@id":"https:\/\/www.purejewels.com\/#\/schema\/logo\/image\/"}}]}},"_links":{"self":[{"href":"https:\/\/www.purejewels.com\/tr\/wp-json\/wp\/v2\/product\/4334","targetHints":{"allow":["GET"]}}],"collection":[{"href":"https:\/\/www.purejewels.com\/tr\/wp-json\/wp\/v2\/product"}],"about":[{"href":"https:\/\/www.purejewels.com\/tr\/wp-json\/wp\/v2\/types\/product"}],"replies":[{"embeddable":true,"href":"https:\/\/www.purejewels.com\/tr\/wp-json\/wp\/v2\/comments?post=4334"}],"version-history":[{"count":0,"href":"https:\/\/www.purejewels.com\/tr\/wp-json\/wp\/v2\/product\/4334\/revisions"}],"wp:featuredmedia":[{"embeddable":true,"href":"https:\/\/www.purejewels.com\/tr\/wp-json\/wp\/v2\/media\/315610"}],"wp:attachment":[{"href":"https:\/\/www.purejewels.com\/tr\/wp-json\/wp\/v2\/media?parent=4334"}],"wp:term":[{"taxonomy":"product_brand","embeddable":true,"href":"https:\/\/www.purejewels.com\/tr\/wp-json\/wp\/v2\/product_brand?post=4334"},{"taxonomy":"product_cat","embeddable":true,"href":"https:\/\/www.purejewels.com\/tr\/wp-json\/wp\/v2\/product_cat?post=4334"},{"taxonomy":"product_tag","embeddable":true,"href":"https:\/\/www.purejewels.com\/tr\/wp-json\/wp\/v2\/product_tag?post=4334"}],"curies":[{"name":"wp","href":"https:\/\/api.w.org\/{rel}","templated":true}]}}