{"id":4340,"date":"2017-07-19T13:27:30","date_gmt":"2017-07-19T12:27:30","guid":{"rendered":"http:\/\/new.purejewels.com\/product\/18ct-white-gold-pendant-4\/"},"modified":"2025-12-31T12:40:19","modified_gmt":"2025-12-31T12:40:19","slug":"18-ayar-beyaz-altin-kolye-ucu-4","status":"publish","type":"product","link":"https:\/\/www.purejewels.com\/tr\/product\/18ct-white-gold-pendant-4\/","title":{"rendered":"18 ayar beyaz alt\u0131n p\u0131rlanta kolye \u2013 0,17 karat"},"content":{"rendered":"<p><strong>Tasar\u0131m<\/strong><\/p>\n<p>Zamans\u0131z g\u00fczellikle tasarlanm\u0131\u015f bu <a href=\"https:\/\/www.purejewels.com\/tr\/product\/18ct-white-gold-diamond-ring-for-ladies-8775\/\">18 ayar beyaz alt\u0131n<\/a> Kolye, 0,17 karatl\u0131k \u0131\u015f\u0131lt\u0131l\u0131 elmaslarla \u00f6zenle i\u015flenmi\u015f zarif, alev benzeri bir silueti sergiliyor. A\u00e7\u0131k i\u015f\u00e7ilikli tasar\u0131m, hafif ve havadar bir his yaratarak par\u00e7aya modern bir dokunu\u015f katarken, klasik zarafeti de koruyor.<\/p>\n<p><strong>Zanaatkarl\u0131k<\/strong><\/p>\n<p>Her elmas, parlakl\u0131\u011f\u0131 en \u00fcst d\u00fczeye \u00e7\u0131karmak i\u00e7in hassas bir \u015fekilde yerle\u015ftirilmi\u015ftir ve her hareketinde ince bir \u0131\u015f\u0131lt\u0131 sunar. Kolye ucu, y\u00fcksek parlakl\u0131kta cilalanm\u0131\u015ft\u0131r. <a href=\"https:\/\/www.purejewels.com\/tr\/product\/18ct-white-gold-khanda-sikh-religious-pendant-6226\/\">18ct<\/a> Beyaz alt\u0131n ve uyumlu beyaz alt\u0131n zincir ile birlikte kusursuz bir zarafet sunar. Dayan\u0131kl\u0131l\u0131k ve rahatl\u0131k i\u00e7in tasarlanm\u0131\u015f olup, g\u00fcnl\u00fck kullan\u0131m veya \u00f6zel g\u00fcnler i\u00e7in idealdir.<\/p>\n<p><strong>Stil<\/strong><\/p>\n<p>Di\u011fer par\u00e7alarla katmanl\u0131 olarak veya tek ba\u015f\u0131na giyilse de, bu <a href=\"https:\/\/www.purejewels.com\/tr\/product-tag\/diamond-pendant\/\">elmas kolye ucu<\/a> g\u00f6r\u00fcn\u00fc\u015f\u00fcn\u00fcz\u00fc zahmetsizce g\u00fczelle\u015ftirir. D\u00fc\u015f\u00fcnceli bir hediye veya kendinize verece\u011finiz bir \u00f6d\u00fcl olarak ideal olan bu \u00fcr\u00fcn, g\u00fcnd\u00fczden geceye g\u00fczel bir ge\u00e7i\u015f sa\u011flayan \u00e7ok y\u00f6nl\u00fc bir par\u00e7ad\u0131r.<\/p>","protected":false},"excerpt":{"rendered":"<p>18 ayar beyaz alt\u0131ndan zarif bir damla \u015feklindeki kolye ucu, 0,17 karatl\u0131k \u0131\u015f\u0131lt\u0131l\u0131 elmaslarla \u00f6zenle s\u00fcslenmi\u015ftir. G\u00fcnl\u00fck kullan\u0131mda veya hediye olarak m\u00fckemmeldir.<\/p>\n<ul>\n<li>18 Ayar Beyaz Alt\u0131n P\u0131rlanta Kolye ve Zincir<\/li>\n<li>18 Ayar Beyaz Alt\u0131n P\u0131rlanta Kolye<\/li>\n<li>0.17ct P\u0131rlanta<\/li>\n<li>Fiyat \u00a3745<\/li>\n<li>18 Ayar Beyaz Alt\u0131n Zincir<\/li>\n<li>1.3 gm<\/li>\n<li>Fiyat \u00a3152<\/li>\n<li>Referans 24248<\/li>\n<li>T\u00fcm fiyatlara KDV dahildir<\/li>\n<li>\u00a0London Assay Office taraf\u0131ndan damgalanm\u0131\u015f alt\u0131n<\/li>\n<li>T\u00fcm Set Sunum Kutusuyla Birlikte Gelir<\/li>\n<li>Teslimat Dahil<\/li>\n<li>Stok durumu ve stokta bulunan benzer tasar\u0131mlar\u0131n daha fazla g\u00f6r\u00fcnt\u00fcs\u00fc i\u00e7in bizimle canl\u0131 sohbet edin<\/li>\n<\/ul>","protected":false},"featured_media":4341,"comment_status":"closed","ping_status":"closed","template":"","meta":{"_eb_attr":"","_crsspst_to_jayantr4sg-hostcom":false},"product_brand":[],"product_cat":[1767],"product_tag":[],"class_list":{"0":"post-4340","1":"product","2":"type-product","3":"status-publish","4":"has-post-thumbnail","6":"product_cat-ladies-pendants","8":"first","9":"outofstock","10":"taxable","11":"shipping-taxable","12":"product-type-simple","13":"add-to-wishlist-before_image"},"yoast_head":"<!-- This site is optimized with the Yoast SEO plugin v27.5 - https:\/\/yoast.com\/product\/yoast-seo-wordpress\/ -->\n<title>18ct White Gold Diamond Pendant | 0.17ct Elegance | PureJewels<\/title>\n<meta name=\"description\" content=\"Add effortless sparkle with this 18ct white gold diamond pendant (0.17ct) from PureJewels. A refined and elegant piece for everyday luxury.\" \/>\n<meta name=\"robots\" content=\"index, follow, max-snippet:-1, max-image-preview:large, max-video-preview:-1\" \/>\n<link rel=\"canonical\" href=\"https:\/\/www.purejewels.com\/tr\/urun\/18-ayar-beyaz-altin-kolye-ucu-4\/\" \/>\n<meta property=\"og:locale\" content=\"tr_TR\" \/>\n<meta property=\"og:type\" content=\"article\" \/>\n<meta property=\"og:title\" content=\"18ct White Gold Diamond Pendant | 0.17ct Elegance | PureJewels\" \/>\n<meta property=\"og:description\" content=\"Add effortless sparkle with this 18ct white gold diamond pendant (0.17ct) from PureJewels. A refined and elegant piece for everyday luxury.\" \/>\n<meta property=\"og:url\" content=\"https:\/\/www.purejewels.com\/tr\/urun\/18-ayar-beyaz-altin-kolye-ucu-4\/\" \/>\n<meta property=\"og:site_name\" content=\"PureJewels UK\" \/>\n<meta property=\"article:modified_time\" content=\"2025-12-31T12:40:19+00:00\" \/>\n<meta property=\"og:image\" content=\"https:\/\/static.purejewels.com\/wp-content\/uploads\/2017\/07\/pendant_24273_chain_24248_b-2.jpg\" \/>\n\t<meta property=\"og:image:width\" content=\"960\" \/>\n\t<meta property=\"og:image:height\" content=\"960\" \/>\n\t<meta property=\"og:image:type\" content=\"image\/jpeg\" \/>\n<meta name=\"twitter:card\" content=\"summary_large_image\" \/>\n<meta name=\"twitter:label1\" content=\"Tahmini okuma s\u00fcresi\" \/>\n\t<meta name=\"twitter:data1\" content=\"1 dakika\" \/>\n<script type=\"application\/ld+json\" class=\"yoast-schema-graph\">{\"@context\":\"https:\\\/\\\/schema.org\",\"@graph\":[{\"@type\":[\"WebPage\",\"ItemPage\"],\"@id\":\"https:\\\/\\\/www.purejewels.com\\\/product\\\/18ct-white-gold-pendant-4\\\/\",\"url\":\"https:\\\/\\\/www.purejewels.com\\\/product\\\/18ct-white-gold-pendant-4\\\/\",\"name\":\"18ct White Gold Diamond Pendant | 0.17ct Elegance | PureJewels\",\"isPartOf\":{\"@id\":\"https:\\\/\\\/www.purejewels.com\\\/#website\"},\"primaryImageOfPage\":{\"@id\":\"https:\\\/\\\/www.purejewels.com\\\/product\\\/18ct-white-gold-pendant-4\\\/#primaryimage\"},\"image\":{\"@id\":\"https:\\\/\\\/www.purejewels.com\\\/product\\\/18ct-white-gold-pendant-4\\\/#primaryimage\"},\"thumbnailUrl\":\"https:\\\/\\\/static.purejewels.com\\\/wp-content\\\/uploads\\\/2017\\\/07\\\/pendant_24273_chain_24248_b-2.jpg\",\"datePublished\":\"2017-07-19T12:27:30+00:00\",\"dateModified\":\"2025-12-31T12:40:19+00:00\",\"description\":\"Add effortless sparkle with this 18ct white gold diamond pendant (0.17ct) from PureJewels. A refined and elegant piece for everyday luxury.\",\"breadcrumb\":{\"@id\":\"https:\\\/\\\/www.purejewels.com\\\/product\\\/18ct-white-gold-pendant-4\\\/#breadcrumb\"},\"inLanguage\":\"tr\",\"potentialAction\":[{\"@type\":\"ReadAction\",\"target\":[\"https:\\\/\\\/www.purejewels.com\\\/product\\\/18ct-white-gold-pendant-4\\\/\"]}]},{\"@type\":\"ImageObject\",\"inLanguage\":\"tr\",\"@id\":\"https:\\\/\\\/www.purejewels.com\\\/product\\\/18ct-white-gold-pendant-4\\\/#primaryimage\",\"url\":\"https:\\\/\\\/static.purejewels.com\\\/wp-content\\\/uploads\\\/2017\\\/07\\\/pendant_24273_chain_24248_b-2.jpg\",\"contentUrl\":\"https:\\\/\\\/static.purejewels.com\\\/wp-content\\\/uploads\\\/2017\\\/07\\\/pendant_24273_chain_24248_b-2.jpg\",\"width\":960,\"height\":960,\"caption\":\"pendant_24273_chain_24248_b.jpg\"},{\"@type\":\"BreadcrumbList\",\"@id\":\"https:\\\/\\\/www.purejewels.com\\\/product\\\/18ct-white-gold-pendant-4\\\/#breadcrumb\",\"itemListElement\":[{\"@type\":\"ListItem\",\"position\":1,\"name\":\"Home\",\"item\":\"https:\\\/\\\/www.purejewels.com\\\/\"},{\"@type\":\"ListItem\",\"position\":2,\"name\":\"Shop\",\"item\":\"https:\\\/\\\/www.purejewels.com\\\/shop\\\/\"},{\"@type\":\"ListItem\",\"position\":3,\"name\":\"18ct White Gold Diamond Pendant \u2013 0.17ct\"}]},{\"@type\":\"WebSite\",\"@id\":\"https:\\\/\\\/www.purejewels.com\\\/#website\",\"url\":\"https:\\\/\\\/www.purejewels.com\\\/\",\"name\":\"PureJewels UK\",\"description\":\"Share the Love\",\"publisher\":{\"@id\":\"https:\\\/\\\/www.purejewels.com\\\/#organization\"},\"potentialAction\":[{\"@type\":\"SearchAction\",\"target\":{\"@type\":\"EntryPoint\",\"urlTemplate\":\"https:\\\/\\\/www.purejewels.com\\\/?s={search_term_string}\"},\"query-input\":{\"@type\":\"PropertyValueSpecification\",\"valueRequired\":true,\"valueName\":\"search_term_string\"}}],\"inLanguage\":\"tr\"},{\"@type\":\"Organization\",\"@id\":\"https:\\\/\\\/www.purejewels.com\\\/#organization\",\"name\":\"PureJewels UK\",\"url\":\"https:\\\/\\\/www.purejewels.com\\\/\",\"logo\":{\"@type\":\"ImageObject\",\"inLanguage\":\"tr\",\"@id\":\"https:\\\/\\\/www.purejewels.com\\\/#\\\/schema\\\/logo\\\/image\\\/\",\"url\":\"https:\\\/\\\/static.purejewels.com\\\/wp-content\\\/uploads\\\/2020\\\/11\\\/Logo-PJ-New-1.png\",\"contentUrl\":\"https:\\\/\\\/static.purejewels.com\\\/wp-content\\\/uploads\\\/2020\\\/11\\\/Logo-PJ-New-1.png\",\"width\":150,\"height\":80,\"caption\":\"PureJewels UK\"},\"image\":{\"@id\":\"https:\\\/\\\/www.purejewels.com\\\/#\\\/schema\\\/logo\\\/image\\\/\"}}]}<\/script>\n<!-- \/ Yoast SEO plugin. -->","yoast_head_json":{"title":"18 ayar beyaz alt\u0131n p\u0131rlanta kolye | 0,17 karat Elegance | PureJewels","description":"PureJewels'\u0131n bu 18 ayar beyaz alt\u0131n p\u0131rlanta kolye ucu (0,17 karat) ile zahmetsiz bir \u0131\u015f\u0131lt\u0131 kat\u0131n. G\u00fcnl\u00fck l\u00fcks i\u00e7in zarif ve \u015f\u0131k bir par\u00e7a.","robots":{"index":"index","follow":"follow","max-snippet":"max-snippet:-1","max-image-preview":"max-image-preview:large","max-video-preview":"max-video-preview:-1"},"canonical":"https:\/\/www.purejewels.com\/tr\/urun\/18-ayar-beyaz-altin-kolye-ucu-4\/","og_locale":"tr_TR","og_type":"article","og_title":"18ct White Gold Diamond Pendant | 0.17ct Elegance | PureJewels","og_description":"Add effortless sparkle with this 18ct white gold diamond pendant (0.17ct) from PureJewels. A refined and elegant piece for everyday luxury.","og_url":"https:\/\/www.purejewels.com\/tr\/urun\/18-ayar-beyaz-altin-kolye-ucu-4\/","og_site_name":"PureJewels UK","article_modified_time":"2025-12-31T12:40:19+00:00","og_image":[{"width":960,"height":960,"url":"https:\/\/static.purejewels.com\/wp-content\/uploads\/2017\/07\/pendant_24273_chain_24248_b-2.jpg","type":"image\/jpeg"}],"twitter_card":"summary_large_image","twitter_misc":{"Tahmini okuma s\u00fcresi":"1 dakika"},"schema":{"@context":"https:\/\/schema.org","@graph":[{"@type":["WebPage","ItemPage"],"@id":"https:\/\/www.purejewels.com\/product\/18ct-white-gold-pendant-4\/","url":"https:\/\/www.purejewels.com\/product\/18ct-white-gold-pendant-4\/","name":"18 ayar beyaz alt\u0131n p\u0131rlanta kolye | 0,17 karat Elegance | PureJewels","isPartOf":{"@id":"https:\/\/www.purejewels.com\/#website"},"primaryImageOfPage":{"@id":"https:\/\/www.purejewels.com\/product\/18ct-white-gold-pendant-4\/#primaryimage"},"image":{"@id":"https:\/\/www.purejewels.com\/product\/18ct-white-gold-pendant-4\/#primaryimage"},"thumbnailUrl":"https:\/\/static.purejewels.com\/wp-content\/uploads\/2017\/07\/pendant_24273_chain_24248_b-2.jpg","datePublished":"2017-07-19T12:27:30+00:00","dateModified":"2025-12-31T12:40:19+00:00","description":"PureJewels'\u0131n bu 18 ayar beyaz alt\u0131n p\u0131rlanta kolye ucu (0,17 karat) ile zahmetsiz bir \u0131\u015f\u0131lt\u0131 kat\u0131n. G\u00fcnl\u00fck l\u00fcks i\u00e7in zarif ve \u015f\u0131k bir par\u00e7a.","breadcrumb":{"@id":"https:\/\/www.purejewels.com\/product\/18ct-white-gold-pendant-4\/#breadcrumb"},"inLanguage":"tr","potentialAction":[{"@type":"ReadAction","target":["https:\/\/www.purejewels.com\/product\/18ct-white-gold-pendant-4\/"]}]},{"@type":"ImageObject","inLanguage":"tr","@id":"https:\/\/www.purejewels.com\/product\/18ct-white-gold-pendant-4\/#primaryimage","url":"https:\/\/static.purejewels.com\/wp-content\/uploads\/2017\/07\/pendant_24273_chain_24248_b-2.jpg","contentUrl":"https:\/\/static.purejewels.com\/wp-content\/uploads\/2017\/07\/pendant_24273_chain_24248_b-2.jpg","width":960,"height":960,"caption":"pendant_24273_chain_24248_b.jpg"},{"@type":"BreadcrumbList","@id":"https:\/\/www.purejewels.com\/product\/18ct-white-gold-pendant-4\/#breadcrumb","itemListElement":[{"@type":"ListItem","position":1,"name":"Home","item":"https:\/\/www.purejewels.com\/"},{"@type":"ListItem","position":2,"name":"Shop","item":"https:\/\/www.purejewels.com\/shop\/"},{"@type":"ListItem","position":3,"name":"18ct White Gold Diamond Pendant \u2013 0.17ct"}]},{"@type":"WebSite","@id":"https:\/\/www.purejewels.com\/#website","url":"https:\/\/www.purejewels.com\/","name":"PureJewels \u0130ngiltere","description":"Sevgiyi Payla\u015f\u0131n","publisher":{"@id":"https:\/\/www.purejewels.com\/#organization"},"potentialAction":[{"@type":"SearchAction","target":{"@type":"EntryPoint","urlTemplate":"https:\/\/www.purejewels.com\/?s={search_term_string}"},"query-input":{"@type":"PropertyValueSpecification","valueRequired":true,"valueName":"search_term_string"}}],"inLanguage":"tr"},{"@type":"Organization","@id":"https:\/\/www.purejewels.com\/#organization","name":"PureJewels \u0130ngiltere","url":"https:\/\/www.purejewels.com\/","logo":{"@type":"ImageObject","inLanguage":"tr","@id":"https:\/\/www.purejewels.com\/#\/schema\/logo\/image\/","url":"https:\/\/static.purejewels.com\/wp-content\/uploads\/2020\/11\/Logo-PJ-New-1.png","contentUrl":"https:\/\/static.purejewels.com\/wp-content\/uploads\/2020\/11\/Logo-PJ-New-1.png","width":150,"height":80,"caption":"PureJewels UK"},"image":{"@id":"https:\/\/www.purejewels.com\/#\/schema\/logo\/image\/"}}]}},"_links":{"self":[{"href":"https:\/\/www.purejewels.com\/tr\/wp-json\/wp\/v2\/product\/4340","targetHints":{"allow":["GET"]}}],"collection":[{"href":"https:\/\/www.purejewels.com\/tr\/wp-json\/wp\/v2\/product"}],"about":[{"href":"https:\/\/www.purejewels.com\/tr\/wp-json\/wp\/v2\/types\/product"}],"replies":[{"embeddable":true,"href":"https:\/\/www.purejewels.com\/tr\/wp-json\/wp\/v2\/comments?post=4340"}],"version-history":[{"count":2,"href":"https:\/\/www.purejewels.com\/tr\/wp-json\/wp\/v2\/product\/4340\/revisions"}],"predecessor-version":[{"id":424105,"href":"https:\/\/www.purejewels.com\/tr\/wp-json\/wp\/v2\/product\/4340\/revisions\/424105"}],"wp:featuredmedia":[{"embeddable":true,"href":"https:\/\/www.purejewels.com\/tr\/wp-json\/wp\/v2\/media\/4341"}],"wp:attachment":[{"href":"https:\/\/www.purejewels.com\/tr\/wp-json\/wp\/v2\/media?parent=4340"}],"wp:term":[{"taxonomy":"product_brand","embeddable":true,"href":"https:\/\/www.purejewels.com\/tr\/wp-json\/wp\/v2\/product_brand?post=4340"},{"taxonomy":"product_cat","embeddable":true,"href":"https:\/\/www.purejewels.com\/tr\/wp-json\/wp\/v2\/product_cat?post=4340"},{"taxonomy":"product_tag","embeddable":true,"href":"https:\/\/www.purejewels.com\/tr\/wp-json\/wp\/v2\/product_tag?post=4340"}],"curies":[{"name":"wp","href":"https:\/\/api.w.org\/{rel}","templated":true}]}}