{"id":4344,"date":"2017-07-19T13:27:33","date_gmt":"2017-07-19T12:27:33","guid":{"rendered":"http:\/\/new.purejewels.com\/product\/18ct-white-gold-pendant-6\/"},"modified":"2025-12-31T12:51:21","modified_gmt":"2025-12-31T12:51:21","slug":"18-ayar-beyaz-altin-kolye-ucu-6","status":"publish","type":"product","link":"https:\/\/www.purejewels.com\/tr\/product\/18ct-white-gold-pendant-6\/","title":{"rendered":"18 ayar beyaz alt\u0131n \u00e7ift halo p\u0131rlanta kolye"},"content":{"rendered":"<p><strong>Tasar\u0131m<\/strong><\/p>\n<p>Bu \u00fcr\u00fcnle zamans\u0131z tasar\u0131m\u0131n ihti\u015fam\u0131n\u0131 yakalay\u0131n. <a href=\"https:\/\/www.purejewels.com\/tr\/product\/18ct-white-gold-diamond-ring-for-ladies-8775\/\">18 ayar beyaz alt\u0131n<\/a> <a href=\"https:\/\/www.purejewels.com\/tr\/product-tag\/diamond-pendant\/\">elmas kolye ucu<\/a>. Merkezinde, zarafet ve kad\u0131ns\u0131l\u0131\u011f\u0131 simgeleyen, ustaca i\u015flenmi\u015f \u00e7i\u00e7ek \u015feklinde bir elmas k\u00fcmesi yer almaktad\u0131r. Karma\u015f\u0131k merkezi motif, \u0131\u015f\u0131lt\u0131s\u0131n\u0131 ve cazibesini art\u0131ran, g\u00f6z kama\u015ft\u0131r\u0131c\u0131 elmaslardan olu\u015fan \u00e7ift bir hale ile \u00e7evrilidir.<\/p>\n<p><strong>Zanaatkarl\u0131k<\/strong><\/p>\n<p>Maksimum parlakl\u0131k i\u00e7in ustaca tasarlanan her bir elmas, ola\u011fan\u00fcst\u00fc bir i\u015f\u00e7ilikle hassas bir \u015fekilde elle yerle\u015ftirilmi\u015ftir. \u00c7ift halo, merkezdeki \u00e7i\u00e7e\u011fi vurgulamakla kalmaz, ayn\u0131 zamanda derinlik ve boyut katarak bu kolyeyi her koleksiyonda \u00f6ne \u00e7\u0131kan bir par\u00e7a haline getirir.<\/p>\n<p><strong>Stil ve Giymek<\/strong><\/p>\n<p>\u015e\u0131k ve \u00e7ok y\u00f6nl\u00fc olan bu beyaz alt\u0131n halo kolye, hem g\u00fcnl\u00fck l\u00fcks hem de resmi davetler i\u00e7in idealdir. Sofistike bir g\u00f6r\u00fcn\u00fcm i\u00e7in klasik beyaz alt\u0131n zincirle kombinleyin. \u00d6zel birine hediye etmek ya da kendinizi \u015f\u0131martmak i\u00e7in olsun, bu par\u00e7a zamans\u0131z bir g\u00fczellik ve \u00e7ekicilik yayar.<\/p>","protected":false},"excerpt":{"rendered":"<p>Bu 18 ayar beyaz alt\u0131n kolye, g\u00f6z kama\u015ft\u0131r\u0131c\u0131 bir \u00e7ift hale ile \u00e7evrili parlak \u00e7i\u00e7ek desenli elmas k\u00fcmesi ile zarif ve \u015f\u0131k bir g\u00f6r\u00fcn\u00fcm i\u00e7in m\u00fckemmeldir.<\/p>\n<ul>\n<li>18 Ayar Beyaz Alt\u0131n P\u0131rlanta Kolye ve Zincir<\/li>\n<li>18 Ayar Beyaz Alt\u0131n P\u0131rlanta Kolye<\/li>\n<li>P\u0131rlanta A\u011f\u0131rl\u0131\u011f\u0131 0,44 ct<\/li>\n<li>Fiyat \u00a31395<\/li>\n<\/ul>\n<p>&nbsp;<\/p>\n<ul>\n<li>18 Ayar Beyaz Alt\u0131n Zincir<\/li>\n<li>A\u011f\u0131rl\u0131k 1.8 g<\/li>\n<li>Fiyat \u00a3210<\/li>\n<li>SKU. 24250<\/li>\n<\/ul>\n<p>&nbsp;<\/p>\n<ul>\n<li>T\u00fcm fiyatlara KDV dahildir<\/li>\n<li>\u00a0London Assay Office taraf\u0131ndan damgalanm\u0131\u015f alt\u0131n<\/li>\n<li>T\u00fcm Set Sunum Kutusuyla Birlikte Gelir<\/li>\n<li>Teslimat Dahil<\/li>\n<li>Stok durumu ve stokta bulunan benzer tasar\u0131mlar\u0131n daha fazla g\u00f6r\u00fcnt\u00fcs\u00fc i\u00e7in bizimle canl\u0131 sohbet edin<\/li>\n<\/ul>\n<p>&nbsp;<\/p>\n<p>&nbsp;<\/p>\n<p>&nbsp;<\/p>\n<p>&nbsp;<\/p>","protected":false},"featured_media":148790,"comment_status":"closed","ping_status":"closed","template":"","meta":{"_eb_attr":"","_crsspst_to_jayantr4sg-hostcom":false},"product_brand":[],"product_cat":[1767,1574],"product_tag":[],"class_list":{"0":"post-4344","1":"product","2":"type-product","3":"status-publish","4":"has-post-thumbnail","6":"product_cat-ladies-pendants","7":"product_cat-womens-jewellery","9":"first","10":"outofstock","11":"taxable","12":"shipping-taxable","13":"product-type-simple","14":"add-to-wishlist-before_image"},"yoast_head":"<!-- This site is optimized with the Yoast SEO plugin v27.3 - https:\/\/yoast.com\/product\/yoast-seo-wordpress\/ -->\n<title>18ct White Gold Double Halo Diamond Pendant | PureJewels UK<\/title>\n<meta name=\"description\" content=\"Dazzle in elegance with this 18ct white gold pendant featuring a floral diamond cluster and double halo design. A radiant symbol of timeless luxury.\" \/>\n<meta name=\"robots\" content=\"index, follow, max-snippet:-1, max-image-preview:large, max-video-preview:-1\" \/>\n<link rel=\"canonical\" href=\"https:\/\/www.purejewels.com\/tr\/urun\/18-ayar-beyaz-altin-kolye-ucu-6\/\" \/>\n<meta property=\"og:locale\" content=\"tr_TR\" \/>\n<meta property=\"og:type\" content=\"article\" \/>\n<meta property=\"og:title\" content=\"18ct White Gold Double Halo Diamond Pendant | PureJewels UK\" \/>\n<meta property=\"og:description\" content=\"Dazzle in elegance with this 18ct white gold pendant featuring a floral diamond cluster and double halo design. A radiant symbol of timeless luxury.\" \/>\n<meta property=\"og:url\" content=\"https:\/\/www.purejewels.com\/tr\/urun\/18-ayar-beyaz-altin-kolye-ucu-6\/\" \/>\n<meta property=\"og:site_name\" content=\"PureJewels UK\" \/>\n<meta property=\"article:modified_time\" content=\"2025-12-31T12:51:21+00:00\" \/>\n<meta property=\"og:image\" content=\"https:\/\/static.purejewels.com\/wp-content\/uploads\/2017\/07\/24277-1.png\" \/>\n\t<meta property=\"og:image:width\" content=\"600\" \/>\n\t<meta property=\"og:image:height\" content=\"600\" \/>\n\t<meta property=\"og:image:type\" content=\"image\/png\" \/>\n<meta name=\"twitter:card\" content=\"summary_large_image\" \/>\n<meta name=\"twitter:label1\" content=\"Tahmini okuma s\u00fcresi\" \/>\n\t<meta name=\"twitter:data1\" content=\"1 dakika\" \/>\n<script type=\"application\/ld+json\" class=\"yoast-schema-graph\">{\"@context\":\"https:\\\/\\\/schema.org\",\"@graph\":[{\"@type\":[\"WebPage\",\"ItemPage\"],\"@id\":\"https:\\\/\\\/www.purejewels.com\\\/product\\\/18ct-white-gold-pendant-6\\\/\",\"url\":\"https:\\\/\\\/www.purejewels.com\\\/product\\\/18ct-white-gold-pendant-6\\\/\",\"name\":\"18ct White Gold Double Halo Diamond Pendant | PureJewels UK\",\"isPartOf\":{\"@id\":\"https:\\\/\\\/www.purejewels.com\\\/#website\"},\"primaryImageOfPage\":{\"@id\":\"https:\\\/\\\/www.purejewels.com\\\/product\\\/18ct-white-gold-pendant-6\\\/#primaryimage\"},\"image\":{\"@id\":\"https:\\\/\\\/www.purejewels.com\\\/product\\\/18ct-white-gold-pendant-6\\\/#primaryimage\"},\"thumbnailUrl\":\"https:\\\/\\\/static.purejewels.com\\\/wp-content\\\/uploads\\\/2017\\\/07\\\/24277-1.png\",\"datePublished\":\"2017-07-19T12:27:33+00:00\",\"dateModified\":\"2025-12-31T12:51:21+00:00\",\"description\":\"Dazzle in elegance with this 18ct white gold pendant featuring a floral diamond cluster and double halo design. A radiant symbol of timeless luxury.\",\"breadcrumb\":{\"@id\":\"https:\\\/\\\/www.purejewels.com\\\/product\\\/18ct-white-gold-pendant-6\\\/#breadcrumb\"},\"inLanguage\":\"tr\",\"potentialAction\":[{\"@type\":\"ReadAction\",\"target\":[\"https:\\\/\\\/www.purejewels.com\\\/product\\\/18ct-white-gold-pendant-6\\\/\"]}]},{\"@type\":\"ImageObject\",\"inLanguage\":\"tr\",\"@id\":\"https:\\\/\\\/www.purejewels.com\\\/product\\\/18ct-white-gold-pendant-6\\\/#primaryimage\",\"url\":\"https:\\\/\\\/static.purejewels.com\\\/wp-content\\\/uploads\\\/2017\\\/07\\\/24277-1.png\",\"contentUrl\":\"https:\\\/\\\/static.purejewels.com\\\/wp-content\\\/uploads\\\/2017\\\/07\\\/24277-1.png\",\"width\":600,\"height\":600,\"caption\":\"24277-1\"},{\"@type\":\"BreadcrumbList\",\"@id\":\"https:\\\/\\\/www.purejewels.com\\\/product\\\/18ct-white-gold-pendant-6\\\/#breadcrumb\",\"itemListElement\":[{\"@type\":\"ListItem\",\"position\":1,\"name\":\"Home\",\"item\":\"https:\\\/\\\/www.purejewels.com\\\/\"},{\"@type\":\"ListItem\",\"position\":2,\"name\":\"Shop\",\"item\":\"https:\\\/\\\/www.purejewels.com\\\/shop\\\/\"},{\"@type\":\"ListItem\",\"position\":3,\"name\":\"18ct White Gold Double Halo Diamond Pendant\"}]},{\"@type\":\"WebSite\",\"@id\":\"https:\\\/\\\/www.purejewels.com\\\/#website\",\"url\":\"https:\\\/\\\/www.purejewels.com\\\/\",\"name\":\"PureJewels UK\",\"description\":\"Share the Love\",\"publisher\":{\"@id\":\"https:\\\/\\\/www.purejewels.com\\\/#organization\"},\"potentialAction\":[{\"@type\":\"SearchAction\",\"target\":{\"@type\":\"EntryPoint\",\"urlTemplate\":\"https:\\\/\\\/www.purejewels.com\\\/?s={search_term_string}\"},\"query-input\":{\"@type\":\"PropertyValueSpecification\",\"valueRequired\":true,\"valueName\":\"search_term_string\"}}],\"inLanguage\":\"tr\"},{\"@type\":\"Organization\",\"@id\":\"https:\\\/\\\/www.purejewels.com\\\/#organization\",\"name\":\"PureJewels UK\",\"url\":\"https:\\\/\\\/www.purejewels.com\\\/\",\"logo\":{\"@type\":\"ImageObject\",\"inLanguage\":\"tr\",\"@id\":\"https:\\\/\\\/www.purejewels.com\\\/#\\\/schema\\\/logo\\\/image\\\/\",\"url\":\"https:\\\/\\\/static.purejewels.com\\\/wp-content\\\/uploads\\\/2020\\\/11\\\/Logo-PJ-New-1.png\",\"contentUrl\":\"https:\\\/\\\/static.purejewels.com\\\/wp-content\\\/uploads\\\/2020\\\/11\\\/Logo-PJ-New-1.png\",\"width\":150,\"height\":80,\"caption\":\"PureJewels UK\"},\"image\":{\"@id\":\"https:\\\/\\\/www.purejewels.com\\\/#\\\/schema\\\/logo\\\/image\\\/\"}}]}<\/script>\n<!-- \/ Yoast SEO plugin. -->","yoast_head_json":{"title":"18 ayar beyaz alt\u0131n \u00e7ift halo p\u0131rlanta kolye | PureJewels UK","description":"\u00c7i\u00e7ek desenli elmas k\u00fcmesi ve \u00e7ift halo tasar\u0131m\u0131na sahip bu 18 ayar beyaz alt\u0131n kolye ile zarafetinizi ortaya koyun. Zamans\u0131z l\u00fcks\u00fcn parlak bir sembol\u00fc.","robots":{"index":"index","follow":"follow","max-snippet":"max-snippet:-1","max-image-preview":"max-image-preview:large","max-video-preview":"max-video-preview:-1"},"canonical":"https:\/\/www.purejewels.com\/tr\/urun\/18-ayar-beyaz-altin-kolye-ucu-6\/","og_locale":"tr_TR","og_type":"article","og_title":"18ct White Gold Double Halo Diamond Pendant | PureJewels UK","og_description":"Dazzle in elegance with this 18ct white gold pendant featuring a floral diamond cluster and double halo design. A radiant symbol of timeless luxury.","og_url":"https:\/\/www.purejewels.com\/tr\/urun\/18-ayar-beyaz-altin-kolye-ucu-6\/","og_site_name":"PureJewels UK","article_modified_time":"2025-12-31T12:51:21+00:00","og_image":[{"width":600,"height":600,"url":"https:\/\/static.purejewels.com\/wp-content\/uploads\/2017\/07\/24277-1.png","type":"image\/png"}],"twitter_card":"summary_large_image","twitter_misc":{"Tahmini okuma s\u00fcresi":"1 dakika"},"schema":{"@context":"https:\/\/schema.org","@graph":[{"@type":["WebPage","ItemPage"],"@id":"https:\/\/www.purejewels.com\/product\/18ct-white-gold-pendant-6\/","url":"https:\/\/www.purejewels.com\/product\/18ct-white-gold-pendant-6\/","name":"18 ayar beyaz alt\u0131n \u00e7ift halo p\u0131rlanta kolye | PureJewels UK","isPartOf":{"@id":"https:\/\/www.purejewels.com\/#website"},"primaryImageOfPage":{"@id":"https:\/\/www.purejewels.com\/product\/18ct-white-gold-pendant-6\/#primaryimage"},"image":{"@id":"https:\/\/www.purejewels.com\/product\/18ct-white-gold-pendant-6\/#primaryimage"},"thumbnailUrl":"https:\/\/static.purejewels.com\/wp-content\/uploads\/2017\/07\/24277-1.png","datePublished":"2017-07-19T12:27:33+00:00","dateModified":"2025-12-31T12:51:21+00:00","description":"\u00c7i\u00e7ek desenli elmas k\u00fcmesi ve \u00e7ift halo tasar\u0131m\u0131na sahip bu 18 ayar beyaz alt\u0131n kolye ile zarafetinizi ortaya koyun. Zamans\u0131z l\u00fcks\u00fcn parlak bir sembol\u00fc.","breadcrumb":{"@id":"https:\/\/www.purejewels.com\/product\/18ct-white-gold-pendant-6\/#breadcrumb"},"inLanguage":"tr","potentialAction":[{"@type":"ReadAction","target":["https:\/\/www.purejewels.com\/product\/18ct-white-gold-pendant-6\/"]}]},{"@type":"ImageObject","inLanguage":"tr","@id":"https:\/\/www.purejewels.com\/product\/18ct-white-gold-pendant-6\/#primaryimage","url":"https:\/\/static.purejewels.com\/wp-content\/uploads\/2017\/07\/24277-1.png","contentUrl":"https:\/\/static.purejewels.com\/wp-content\/uploads\/2017\/07\/24277-1.png","width":600,"height":600,"caption":"24277-1"},{"@type":"BreadcrumbList","@id":"https:\/\/www.purejewels.com\/product\/18ct-white-gold-pendant-6\/#breadcrumb","itemListElement":[{"@type":"ListItem","position":1,"name":"Home","item":"https:\/\/www.purejewels.com\/"},{"@type":"ListItem","position":2,"name":"Shop","item":"https:\/\/www.purejewels.com\/shop\/"},{"@type":"ListItem","position":3,"name":"18ct White Gold Double Halo Diamond Pendant"}]},{"@type":"WebSite","@id":"https:\/\/www.purejewels.com\/#website","url":"https:\/\/www.purejewels.com\/","name":"PureJewels \u0130ngiltere","description":"Sevgiyi Payla\u015f\u0131n","publisher":{"@id":"https:\/\/www.purejewels.com\/#organization"},"potentialAction":[{"@type":"SearchAction","target":{"@type":"EntryPoint","urlTemplate":"https:\/\/www.purejewels.com\/?s={search_term_string}"},"query-input":{"@type":"PropertyValueSpecification","valueRequired":true,"valueName":"search_term_string"}}],"inLanguage":"tr"},{"@type":"Organization","@id":"https:\/\/www.purejewels.com\/#organization","name":"PureJewels \u0130ngiltere","url":"https:\/\/www.purejewels.com\/","logo":{"@type":"ImageObject","inLanguage":"tr","@id":"https:\/\/www.purejewels.com\/#\/schema\/logo\/image\/","url":"https:\/\/static.purejewels.com\/wp-content\/uploads\/2020\/11\/Logo-PJ-New-1.png","contentUrl":"https:\/\/static.purejewels.com\/wp-content\/uploads\/2020\/11\/Logo-PJ-New-1.png","width":150,"height":80,"caption":"PureJewels UK"},"image":{"@id":"https:\/\/www.purejewels.com\/#\/schema\/logo\/image\/"}}]}},"_links":{"self":[{"href":"https:\/\/www.purejewels.com\/tr\/wp-json\/wp\/v2\/product\/4344","targetHints":{"allow":["GET"]}}],"collection":[{"href":"https:\/\/www.purejewels.com\/tr\/wp-json\/wp\/v2\/product"}],"about":[{"href":"https:\/\/www.purejewels.com\/tr\/wp-json\/wp\/v2\/types\/product"}],"replies":[{"embeddable":true,"href":"https:\/\/www.purejewels.com\/tr\/wp-json\/wp\/v2\/comments?post=4344"}],"version-history":[{"count":2,"href":"https:\/\/www.purejewels.com\/tr\/wp-json\/wp\/v2\/product\/4344\/revisions"}],"predecessor-version":[{"id":424109,"href":"https:\/\/www.purejewels.com\/tr\/wp-json\/wp\/v2\/product\/4344\/revisions\/424109"}],"wp:featuredmedia":[{"embeddable":true,"href":"https:\/\/www.purejewels.com\/tr\/wp-json\/wp\/v2\/media\/148790"}],"wp:attachment":[{"href":"https:\/\/www.purejewels.com\/tr\/wp-json\/wp\/v2\/media?parent=4344"}],"wp:term":[{"taxonomy":"product_brand","embeddable":true,"href":"https:\/\/www.purejewels.com\/tr\/wp-json\/wp\/v2\/product_brand?post=4344"},{"taxonomy":"product_cat","embeddable":true,"href":"https:\/\/www.purejewels.com\/tr\/wp-json\/wp\/v2\/product_cat?post=4344"},{"taxonomy":"product_tag","embeddable":true,"href":"https:\/\/www.purejewels.com\/tr\/wp-json\/wp\/v2\/product_tag?post=4344"}],"curies":[{"name":"wp","href":"https:\/\/api.w.org\/{rel}","templated":true}]}}