{"id":4352,"date":"2017-07-19T13:27:39","date_gmt":"2017-07-19T12:27:39","guid":{"rendered":"http:\/\/new.purejewels.com\/product\/18ct-white-gold-earrings-4\/"},"modified":"2025-12-08T06:04:58","modified_gmt":"2025-12-08T06:04:58","slug":"18-ayar-beyaz-altin-kupe-4","status":"publish","type":"product","link":"https:\/\/www.purejewels.com\/tr\/product\/18ct-white-gold-earrings-4\/","title":{"rendered":"18 ayar beyaz alt\u0131n p\u0131rlanta damla k\u00fcpe"},"content":{"rendered":"<p>Bunlar <a href=\"https:\/\/www.purejewels.com\/tr\/product\/18ct-white-gold-diamond-ring-for-ladies-8775\/\">18 Ayar Beyaz Alt\u0131n<\/a> Diamond Drop K\u00fcpeler, PureJewels'\u0131n kal\u0131c\u0131 zanaatkarl\u0131\u011f\u0131yla i\u00e7 i\u00e7e ge\u00e7mi\u015f modern zarafetin simgesidir. Zarif bir \u015fekilde a\u015fa\u011f\u0131 do\u011fru sivrilen k\u00fcpeler, parlakl\u0131\u011f\u0131 ve ak\u0131\u015fkanl\u0131\u011f\u0131 en \u00fcst d\u00fczeye \u00e7\u0131karmak i\u00e7in her biri elle yerle\u015ftirilmi\u015f, kademeli bir parlak kesim p\u0131rlanta dizisine sahiptir.<\/p>\n<p>Hayat\u0131n ilerleyen yolculu\u011funu simgeleyen siluet, d\u00fc\u015fen bir lotus yapra\u011f\u0131n\u0131n \u015feklini yans\u0131t\u0131yor: zarif, ak\u0131c\u0131 ve kusursuz bir incelik. Londra at\u00f6lyemizde sorumlu kaynaklardan temin edilen 18 ayar beyaz alt\u0131n kullan\u0131larak \u00fcretilen her bir \u00e7ift, Londra Assay Office taraf\u0131ndan damgalanm\u0131\u015ft\u0131r.<\/p>\n<p>\u00d6zel g\u00fcnler veya anlaml\u0131 bir hediye olarak ideal olan bu k\u00fcpeler, her k\u0131yafeti zarafet ve \u0131\u015f\u0131lt\u0131yla zenginle\u015ftirir.<\/p>\n<p><strong>Tasar\u0131m Stili<\/strong><\/p>\n<p>Minimalist ancak anlaml\u0131 bir formla heykelsi ve feminen. PureJewels motif dilinin ay\u0131rt edici \u00f6zellikleri olan lotus yapraklar\u0131n\u0131n eliptik geometrisi ve suyun ak\u0131\u015fkanl\u0131\u011f\u0131ndan ilham al\u0131narak tasarlanm\u0131\u015ft\u0131r.<\/p>\n<p><strong>Zanaatkarl\u0131k<\/strong><\/p>\n<p>Londra'da el yap\u0131m\u0131 olan bu k\u00fcpeler, zarif bir hareket i\u00e7in hafif bir damla \u015feklinde tasarlanm\u0131\u015ft\u0131r. Her bir elmas, cilalama, a\u011f\u0131rl\u0131k dengesi ve kusursuz drapeye titizlikle dikkat edilerek 18 ayar beyaz alt\u0131n \u00fczerine ustaca yerle\u015ftirilmi\u015ftir.<\/p>","protected":false},"excerpt":{"rendered":"<p>Zarif bir elmas kaskad\u0131 olan bu 18 ayar beyaz alt\u0131n damla k\u00fcpeler, zamans\u0131z zarafeti ve ustaca i\u015f\u00e7ili\u011fi yans\u0131t\u0131yor. \u00d6nemli ak\u015famlar i\u00e7in m\u00fckemmel bir se\u00e7im.<br \/>\n18 Ayar Beyaz Alt\u0131n P\u0131rlanta K\u00fcpe<br \/>\nP\u0131rlanta A\u011f\u0131rl\u0131\u011f\u0131 0,14 cts<br \/>\nBoyutlar. 0,6 cm x 1 cm<br \/>\nLondon Assay Office taraf\u0131ndan damgalanm\u0131\u015ft\u0131r<br \/>\nSunum Kutusu ile Birlikte Gelir<br \/>\nTeslimat Dahil<br \/>\nT\u00fcm fiyatlara KDV dahildir<br \/>\nStok durumu ve stokta bulunan benzer tasar\u0131mlar\u0131n daha fazla g\u00f6r\u00fcnt\u00fcs\u00fc i\u00e7in bizimle canl\u0131 sohbet edin<\/p>","protected":false},"featured_media":4353,"comment_status":"closed","ping_status":"closed","template":"","meta":{"_eb_attr":"","_crsspst_to_jayantr4sg-hostcom":true},"product_brand":[],"product_cat":[1533,1229,1577,1537,1574],"product_tag":[],"class_list":{"0":"post-4352","1":"product","2":"type-product","3":"status-publish","4":"has-post-thumbnail","6":"product_cat-diamond-jewellery-set","7":"product_cat-22ct-gold-jewellery","8":"product_cat-stud-earrings","9":"product_cat-white-gold-jewellery-set","10":"product_cat-womens-jewellery","12":"first","13":"outofstock","14":"taxable","15":"shipping-taxable","16":"product-type-simple","17":"add-to-wishlist-before_image"},"yoast_head":"<!-- This site is optimized with the Yoast SEO plugin v27.3 - https:\/\/yoast.com\/product\/yoast-seo-wordpress\/ -->\n<title>18ct White Gold Diamond Drop Earrings | PureJewels<\/title>\n<meta name=\"description\" content=\"Explore elegance in motion with PureJewels\u2019 18ct White Gold Diamond Drop Earrings. Crafted in London with brilliant diamonds and heritage finesse.\" \/>\n<meta name=\"robots\" content=\"index, follow, max-snippet:-1, max-image-preview:large, max-video-preview:-1\" \/>\n<link rel=\"canonical\" href=\"https:\/\/www.purejewels.com\/tr\/urun\/18-ayar-beyaz-altin-kupe-4\/\" \/>\n<meta property=\"og:locale\" content=\"tr_TR\" \/>\n<meta property=\"og:type\" content=\"article\" \/>\n<meta property=\"og:title\" content=\"18ct White Gold Diamond Drop Earrings | PureJewels\" \/>\n<meta property=\"og:description\" content=\"Explore elegance in motion with PureJewels\u2019 18ct White Gold Diamond Drop Earrings. Crafted in London with brilliant diamonds and heritage finesse.\" \/>\n<meta property=\"og:url\" content=\"https:\/\/www.purejewels.com\/tr\/urun\/18-ayar-beyaz-altin-kupe-4\/\" \/>\n<meta property=\"og:site_name\" content=\"PureJewels UK\" \/>\n<meta property=\"article:modified_time\" content=\"2025-12-08T06:04:58+00:00\" \/>\n<meta property=\"og:image\" content=\"https:\/\/static.purejewels.com\/wp-content\/uploads\/2017\/07\/earrings_24274.jpg\" \/>\n\t<meta property=\"og:image:width\" content=\"960\" \/>\n\t<meta property=\"og:image:height\" content=\"960\" \/>\n\t<meta property=\"og:image:type\" content=\"image\/jpeg\" \/>\n<meta name=\"twitter:card\" content=\"summary_large_image\" \/>\n<meta name=\"twitter:label1\" content=\"Tahmini okuma s\u00fcresi\" \/>\n\t<meta name=\"twitter:data1\" content=\"1 dakika\" \/>\n<script type=\"application\/ld+json\" class=\"yoast-schema-graph\">{\"@context\":\"https:\\\/\\\/schema.org\",\"@graph\":[{\"@type\":[\"WebPage\",\"ItemPage\"],\"@id\":\"https:\\\/\\\/www.purejewels.com\\\/product\\\/18ct-white-gold-earrings-4\\\/\",\"url\":\"https:\\\/\\\/www.purejewels.com\\\/product\\\/18ct-white-gold-earrings-4\\\/\",\"name\":\"18ct White Gold Diamond Drop Earrings | PureJewels\",\"isPartOf\":{\"@id\":\"https:\\\/\\\/www.purejewels.com\\\/#website\"},\"primaryImageOfPage\":{\"@id\":\"https:\\\/\\\/www.purejewels.com\\\/product\\\/18ct-white-gold-earrings-4\\\/#primaryimage\"},\"image\":{\"@id\":\"https:\\\/\\\/www.purejewels.com\\\/product\\\/18ct-white-gold-earrings-4\\\/#primaryimage\"},\"thumbnailUrl\":\"https:\\\/\\\/static.purejewels.com\\\/wp-content\\\/uploads\\\/2017\\\/07\\\/earrings_24274.jpg\",\"datePublished\":\"2017-07-19T12:27:39+00:00\",\"dateModified\":\"2025-12-08T06:04:58+00:00\",\"description\":\"Explore elegance in motion with PureJewels\u2019 18ct White Gold Diamond Drop Earrings. Crafted in London with brilliant diamonds and heritage finesse.\",\"breadcrumb\":{\"@id\":\"https:\\\/\\\/www.purejewels.com\\\/product\\\/18ct-white-gold-earrings-4\\\/#breadcrumb\"},\"inLanguage\":\"tr\",\"potentialAction\":[{\"@type\":\"ReadAction\",\"target\":[\"https:\\\/\\\/www.purejewels.com\\\/product\\\/18ct-white-gold-earrings-4\\\/\"]}]},{\"@type\":\"ImageObject\",\"inLanguage\":\"tr\",\"@id\":\"https:\\\/\\\/www.purejewels.com\\\/product\\\/18ct-white-gold-earrings-4\\\/#primaryimage\",\"url\":\"https:\\\/\\\/static.purejewels.com\\\/wp-content\\\/uploads\\\/2017\\\/07\\\/earrings_24274.jpg\",\"contentUrl\":\"https:\\\/\\\/static.purejewels.com\\\/wp-content\\\/uploads\\\/2017\\\/07\\\/earrings_24274.jpg\",\"width\":960,\"height\":960,\"caption\":\"earrings_24274.jpg\"},{\"@type\":\"BreadcrumbList\",\"@id\":\"https:\\\/\\\/www.purejewels.com\\\/product\\\/18ct-white-gold-earrings-4\\\/#breadcrumb\",\"itemListElement\":[{\"@type\":\"ListItem\",\"position\":1,\"name\":\"Home\",\"item\":\"https:\\\/\\\/www.purejewels.com\\\/\"},{\"@type\":\"ListItem\",\"position\":2,\"name\":\"Shop\",\"item\":\"https:\\\/\\\/www.purejewels.com\\\/shop\\\/\"},{\"@type\":\"ListItem\",\"position\":3,\"name\":\"18ct White Gold Diamond Drop Earrings\"}]},{\"@type\":\"WebSite\",\"@id\":\"https:\\\/\\\/www.purejewels.com\\\/#website\",\"url\":\"https:\\\/\\\/www.purejewels.com\\\/\",\"name\":\"PureJewels UK\",\"description\":\"Share the Love\",\"publisher\":{\"@id\":\"https:\\\/\\\/www.purejewels.com\\\/#organization\"},\"potentialAction\":[{\"@type\":\"SearchAction\",\"target\":{\"@type\":\"EntryPoint\",\"urlTemplate\":\"https:\\\/\\\/www.purejewels.com\\\/?s={search_term_string}\"},\"query-input\":{\"@type\":\"PropertyValueSpecification\",\"valueRequired\":true,\"valueName\":\"search_term_string\"}}],\"inLanguage\":\"tr\"},{\"@type\":\"Organization\",\"@id\":\"https:\\\/\\\/www.purejewels.com\\\/#organization\",\"name\":\"PureJewels UK\",\"url\":\"https:\\\/\\\/www.purejewels.com\\\/\",\"logo\":{\"@type\":\"ImageObject\",\"inLanguage\":\"tr\",\"@id\":\"https:\\\/\\\/www.purejewels.com\\\/#\\\/schema\\\/logo\\\/image\\\/\",\"url\":\"https:\\\/\\\/static.purejewels.com\\\/wp-content\\\/uploads\\\/2020\\\/11\\\/Logo-PJ-New-1.png\",\"contentUrl\":\"https:\\\/\\\/static.purejewels.com\\\/wp-content\\\/uploads\\\/2020\\\/11\\\/Logo-PJ-New-1.png\",\"width\":150,\"height\":80,\"caption\":\"PureJewels UK\"},\"image\":{\"@id\":\"https:\\\/\\\/www.purejewels.com\\\/#\\\/schema\\\/logo\\\/image\\\/\"}}]}<\/script>\n<!-- \/ Yoast SEO plugin. -->","yoast_head_json":{"title":"18 ayar beyaz alt\u0131n p\u0131rlanta damla k\u00fcpe | PureJewels","description":"PureJewels'\u0131n 18 ayar beyaz alt\u0131n elmas damla k\u00fcpeleriyle hareket halindeki zarafeti ke\u015ffedin. Londra'da parlak elmaslar ve geleneksel incelikle \u00fcretilmi\u015ftir.","robots":{"index":"index","follow":"follow","max-snippet":"max-snippet:-1","max-image-preview":"max-image-preview:large","max-video-preview":"max-video-preview:-1"},"canonical":"https:\/\/www.purejewels.com\/tr\/urun\/18-ayar-beyaz-altin-kupe-4\/","og_locale":"tr_TR","og_type":"article","og_title":"18ct White Gold Diamond Drop Earrings | PureJewels","og_description":"Explore elegance in motion with PureJewels\u2019 18ct White Gold Diamond Drop Earrings. Crafted in London with brilliant diamonds and heritage finesse.","og_url":"https:\/\/www.purejewels.com\/tr\/urun\/18-ayar-beyaz-altin-kupe-4\/","og_site_name":"PureJewels UK","article_modified_time":"2025-12-08T06:04:58+00:00","og_image":[{"width":960,"height":960,"url":"https:\/\/static.purejewels.com\/wp-content\/uploads\/2017\/07\/earrings_24274.jpg","type":"image\/jpeg"}],"twitter_card":"summary_large_image","twitter_misc":{"Tahmini okuma s\u00fcresi":"1 dakika"},"schema":{"@context":"https:\/\/schema.org","@graph":[{"@type":["WebPage","ItemPage"],"@id":"https:\/\/www.purejewels.com\/product\/18ct-white-gold-earrings-4\/","url":"https:\/\/www.purejewels.com\/product\/18ct-white-gold-earrings-4\/","name":"18 ayar beyaz alt\u0131n p\u0131rlanta damla k\u00fcpe | PureJewels","isPartOf":{"@id":"https:\/\/www.purejewels.com\/#website"},"primaryImageOfPage":{"@id":"https:\/\/www.purejewels.com\/product\/18ct-white-gold-earrings-4\/#primaryimage"},"image":{"@id":"https:\/\/www.purejewels.com\/product\/18ct-white-gold-earrings-4\/#primaryimage"},"thumbnailUrl":"https:\/\/static.purejewels.com\/wp-content\/uploads\/2017\/07\/earrings_24274.jpg","datePublished":"2017-07-19T12:27:39+00:00","dateModified":"2025-12-08T06:04:58+00:00","description":"PureJewels'\u0131n 18 ayar beyaz alt\u0131n elmas damla k\u00fcpeleriyle hareket halindeki zarafeti ke\u015ffedin. Londra'da parlak elmaslar ve geleneksel incelikle \u00fcretilmi\u015ftir.","breadcrumb":{"@id":"https:\/\/www.purejewels.com\/product\/18ct-white-gold-earrings-4\/#breadcrumb"},"inLanguage":"tr","potentialAction":[{"@type":"ReadAction","target":["https:\/\/www.purejewels.com\/product\/18ct-white-gold-earrings-4\/"]}]},{"@type":"ImageObject","inLanguage":"tr","@id":"https:\/\/www.purejewels.com\/product\/18ct-white-gold-earrings-4\/#primaryimage","url":"https:\/\/static.purejewels.com\/wp-content\/uploads\/2017\/07\/earrings_24274.jpg","contentUrl":"https:\/\/static.purejewels.com\/wp-content\/uploads\/2017\/07\/earrings_24274.jpg","width":960,"height":960,"caption":"earrings_24274.jpg"},{"@type":"BreadcrumbList","@id":"https:\/\/www.purejewels.com\/product\/18ct-white-gold-earrings-4\/#breadcrumb","itemListElement":[{"@type":"ListItem","position":1,"name":"Home","item":"https:\/\/www.purejewels.com\/"},{"@type":"ListItem","position":2,"name":"Shop","item":"https:\/\/www.purejewels.com\/shop\/"},{"@type":"ListItem","position":3,"name":"18ct White Gold Diamond Drop Earrings"}]},{"@type":"WebSite","@id":"https:\/\/www.purejewels.com\/#website","url":"https:\/\/www.purejewels.com\/","name":"PureJewels \u0130ngiltere","description":"Sevgiyi Payla\u015f\u0131n","publisher":{"@id":"https:\/\/www.purejewels.com\/#organization"},"potentialAction":[{"@type":"SearchAction","target":{"@type":"EntryPoint","urlTemplate":"https:\/\/www.purejewels.com\/?s={search_term_string}"},"query-input":{"@type":"PropertyValueSpecification","valueRequired":true,"valueName":"search_term_string"}}],"inLanguage":"tr"},{"@type":"Organization","@id":"https:\/\/www.purejewels.com\/#organization","name":"PureJewels \u0130ngiltere","url":"https:\/\/www.purejewels.com\/","logo":{"@type":"ImageObject","inLanguage":"tr","@id":"https:\/\/www.purejewels.com\/#\/schema\/logo\/image\/","url":"https:\/\/static.purejewels.com\/wp-content\/uploads\/2020\/11\/Logo-PJ-New-1.png","contentUrl":"https:\/\/static.purejewels.com\/wp-content\/uploads\/2020\/11\/Logo-PJ-New-1.png","width":150,"height":80,"caption":"PureJewels UK"},"image":{"@id":"https:\/\/www.purejewels.com\/#\/schema\/logo\/image\/"}}]}},"_links":{"self":[{"href":"https:\/\/www.purejewels.com\/tr\/wp-json\/wp\/v2\/product\/4352","targetHints":{"allow":["GET"]}}],"collection":[{"href":"https:\/\/www.purejewels.com\/tr\/wp-json\/wp\/v2\/product"}],"about":[{"href":"https:\/\/www.purejewels.com\/tr\/wp-json\/wp\/v2\/types\/product"}],"replies":[{"embeddable":true,"href":"https:\/\/www.purejewels.com\/tr\/wp-json\/wp\/v2\/comments?post=4352"}],"version-history":[{"count":3,"href":"https:\/\/www.purejewels.com\/tr\/wp-json\/wp\/v2\/product\/4352\/revisions"}],"predecessor-version":[{"id":422582,"href":"https:\/\/www.purejewels.com\/tr\/wp-json\/wp\/v2\/product\/4352\/revisions\/422582"}],"wp:featuredmedia":[{"embeddable":true,"href":"https:\/\/www.purejewels.com\/tr\/wp-json\/wp\/v2\/media\/4353"}],"wp:attachment":[{"href":"https:\/\/www.purejewels.com\/tr\/wp-json\/wp\/v2\/media?parent=4352"}],"wp:term":[{"taxonomy":"product_brand","embeddable":true,"href":"https:\/\/www.purejewels.com\/tr\/wp-json\/wp\/v2\/product_brand?post=4352"},{"taxonomy":"product_cat","embeddable":true,"href":"https:\/\/www.purejewels.com\/tr\/wp-json\/wp\/v2\/product_cat?post=4352"},{"taxonomy":"product_tag","embeddable":true,"href":"https:\/\/www.purejewels.com\/tr\/wp-json\/wp\/v2\/product_tag?post=4352"}],"curies":[{"name":"wp","href":"https:\/\/api.w.org\/{rel}","templated":true}]}}