{"id":4354,"date":"2017-07-19T13:27:40","date_gmt":"2017-07-19T12:27:40","guid":{"rendered":"http:\/\/new.purejewels.com\/product\/18ct-white-gold-earrings-5\/"},"modified":"2025-12-08T06:06:40","modified_gmt":"2025-12-08T06:06:40","slug":"18-ayar-beyaz-altin-kupe-5","status":"publish","type":"product","link":"https:\/\/www.purejewels.com\/tr\/product\/18ct-white-gold-earrings-5\/","title":{"rendered":"18 ayar beyaz alt\u0131n p\u0131rlanta k\u00fcpe"},"content":{"rendered":"<p>Klasik zarafete \u00e7a\u011fda\u015f bir selam niteli\u011finde olan bu \u00fcr\u00fcnler <a href=\"https:\/\/www.purejewels.com\/tr\/product\/18ct-white-gold-diamond-ring-for-ladies-8775\/\">18 Ayar Beyaz Alt\u0131n<\/a> Diamond Cluster Stud Earrings, her g\u00fcne zarif bir \u0131\u015f\u0131lt\u0131 katar. Her bir k\u00fcpenin merkezinde, daha b\u00fcy\u00fck bir tek ta\u015f ill\u00fczyonu yaratmak i\u00e7in ustaca yerle\u015ftirilmi\u015f yuvarlak parlak kesim p\u0131rlantalardan olu\u015fan bir k\u00fcme bulunur. I\u015f\u0131k, bo\u015fluk ve formun ustaca birle\u015fimi.<\/p>\n<p>Kompakt sil\u00fcetleri, onlar\u0131 g\u00fcnl\u00fck kullan\u0131m i\u00e7in zarif bir aksesuar haline getirirken, resmi k\u0131yafetlere de ince bir \u0131\u015f\u0131lt\u0131 katar. 18 ayar beyaz alt\u0131ndan \u00fcretilen ve Londra at\u00f6lyemizde m\u00fckemmel bir \u015fekilde i\u015flenen bu tak\u0131lar, zamans\u0131z bir stilin ifadesi olmas\u0131n\u0131n yan\u0131 s\u0131ra PureJewels'in m\u00fccevher sanat\u0131n\u0131n da bir kan\u0131t\u0131d\u0131r.<\/p>\n<p><strong>Tasar\u0131m Stili<\/strong><\/p>\n<p>Kompakt, parlak ve dayan\u0131kl\u0131. K\u00fcme halindeki form, \u00e7i\u011f damlalar\u0131yla kapl\u0131 yapraklar\u0131 veya bir y\u0131ld\u0131z patlamas\u0131n\u0131 and\u0131r\u0131yor ve geleneksel sembolizm ile \u00e7a\u011fda\u015f form aras\u0131nda denge kuruyor.<\/p>\n<p><strong>Zanaatkarl\u0131k<\/strong><\/p>\n<p>Her bir elmas, m\u00fckemmel bir geometrik \u00e7i\u00e7ek \u015fekli olu\u015fturmak i\u00e7in 18 ayar beyaz alt\u0131n \u00fczerine ayr\u0131 ayr\u0131 hassas bir \u015fekilde yerle\u015ftirilmi\u015ftir. Londra Assay Office taraf\u0131ndan damgalanm\u0131\u015f olan her bir \u00e7ift, PureJewels'in m\u00fckemmelli\u011fe olan ba\u011fl\u0131l\u0131\u011f\u0131n\u0131n bir imzas\u0131d\u0131r.<\/p>","protected":false},"excerpt":{"rendered":"<p>Zamans\u0131z ve \u0131\u015f\u0131lt\u0131l\u0131 bu elmas k\u00fcpe, 18 ayar beyaz alt\u0131ndan \u00fcretilmi\u015f olup, zarif bir \u00e7ekicilikle maksimum parlakl\u0131k sunar.<\/p>\n<ul>\n<li>18 Ayar Beyaz Alt\u0131n P\u0131rlanta K\u00fcpe<\/li>\n<li>P\u0131rlanta A\u011f\u0131rl\u0131\u011f\u0131 0,23 karat<\/li>\n<li>Boyut. 0.7cm * 1.2cm<\/li>\n<li>SKU. 24276<\/li>\n<li>Londra Assay Ofisi taraf\u0131ndan damgalanm\u0131\u015f alt\u0131n<\/li>\n<li>T\u00fcm setler Sunum Kutusu ile Birlikte Gelir<\/li>\n<li>Teslimat Dahil<\/li>\n<li>T\u00fcm fiyatlara KDV dahildir<\/li>\n<li>\u015eu anda mevcut de\u011fil, 4 - 6 hafta i\u00e7inde sipari\u015f \u00fczerine yap\u0131labilir<\/li>\n<li>Stok durumu ve stokta bulunan benzer tasar\u0131mlar\u0131n daha fazla g\u00f6r\u00fcnt\u00fcs\u00fc i\u00e7in bizimle canl\u0131 sohbet edin<\/li>\n<\/ul>","protected":false},"featured_media":4355,"comment_status":"closed","ping_status":"closed","template":"","meta":{"_eb_attr":"","_crsspst_to_jayantr4sg-hostcom":false},"product_brand":[],"product_cat":[1533,1229,1577,1537,1574],"product_tag":[],"class_list":{"0":"post-4354","1":"product","2":"type-product","3":"status-publish","4":"has-post-thumbnail","6":"product_cat-diamond-jewellery-set","7":"product_cat-22ct-gold-jewellery","8":"product_cat-stud-earrings","9":"product_cat-white-gold-jewellery-set","10":"product_cat-womens-jewellery","12":"first","13":"outofstock","14":"taxable","15":"shipping-taxable","16":"product-type-simple","17":"add-to-wishlist-before_image"},"yoast_head":"<!-- This site is optimized with the Yoast SEO plugin v27.3 - https:\/\/yoast.com\/product\/yoast-seo-wordpress\/ -->\n<title>18ct White Gold Diamond Cluster Stud Earrings | PureJewels<\/title>\n<meta name=\"description\" content=\"Pure and radiant, these 18ct White Gold Diamond Cluster Stud Earrings from PureJewels celebrate understated luxury with meticulous craftsmanship.\" \/>\n<meta name=\"robots\" content=\"index, follow, max-snippet:-1, max-image-preview:large, max-video-preview:-1\" \/>\n<link rel=\"canonical\" href=\"https:\/\/www.purejewels.com\/tr\/urun\/18-ayar-beyaz-altin-kupe-5\/\" \/>\n<meta property=\"og:locale\" content=\"tr_TR\" \/>\n<meta property=\"og:type\" content=\"article\" \/>\n<meta property=\"og:title\" content=\"18ct White Gold Diamond Cluster Stud Earrings | PureJewels\" \/>\n<meta property=\"og:description\" content=\"Pure and radiant, these 18ct White Gold Diamond Cluster Stud Earrings from PureJewels celebrate understated luxury with meticulous craftsmanship.\" \/>\n<meta property=\"og:url\" content=\"https:\/\/www.purejewels.com\/tr\/urun\/18-ayar-beyaz-altin-kupe-5\/\" \/>\n<meta property=\"og:site_name\" content=\"PureJewels UK\" \/>\n<meta property=\"article:modified_time\" content=\"2025-12-08T06:06:40+00:00\" \/>\n<meta property=\"og:image\" content=\"https:\/\/static.purejewels.com\/wp-content\/uploads\/2017\/07\/earrings_24276.jpg\" \/>\n\t<meta property=\"og:image:width\" content=\"960\" \/>\n\t<meta property=\"og:image:height\" content=\"960\" \/>\n\t<meta property=\"og:image:type\" content=\"image\/jpeg\" \/>\n<meta name=\"twitter:card\" content=\"summary_large_image\" \/>\n<meta name=\"twitter:label1\" content=\"Tahmini okuma s\u00fcresi\" \/>\n\t<meta name=\"twitter:data1\" content=\"1 dakika\" \/>\n<script type=\"application\/ld+json\" class=\"yoast-schema-graph\">{\"@context\":\"https:\\\/\\\/schema.org\",\"@graph\":[{\"@type\":[\"WebPage\",\"ItemPage\"],\"@id\":\"https:\\\/\\\/www.purejewels.com\\\/product\\\/18ct-white-gold-earrings-5\\\/\",\"url\":\"https:\\\/\\\/www.purejewels.com\\\/product\\\/18ct-white-gold-earrings-5\\\/\",\"name\":\"18ct White Gold Diamond Cluster Stud Earrings | PureJewels\",\"isPartOf\":{\"@id\":\"https:\\\/\\\/www.purejewels.com\\\/#website\"},\"primaryImageOfPage\":{\"@id\":\"https:\\\/\\\/www.purejewels.com\\\/product\\\/18ct-white-gold-earrings-5\\\/#primaryimage\"},\"image\":{\"@id\":\"https:\\\/\\\/www.purejewels.com\\\/product\\\/18ct-white-gold-earrings-5\\\/#primaryimage\"},\"thumbnailUrl\":\"https:\\\/\\\/static.purejewels.com\\\/wp-content\\\/uploads\\\/2017\\\/07\\\/earrings_24276.jpg\",\"datePublished\":\"2017-07-19T12:27:40+00:00\",\"dateModified\":\"2025-12-08T06:06:40+00:00\",\"description\":\"Pure and radiant, these 18ct White Gold Diamond Cluster Stud Earrings from PureJewels celebrate understated luxury with meticulous craftsmanship.\",\"breadcrumb\":{\"@id\":\"https:\\\/\\\/www.purejewels.com\\\/product\\\/18ct-white-gold-earrings-5\\\/#breadcrumb\"},\"inLanguage\":\"tr\",\"potentialAction\":[{\"@type\":\"ReadAction\",\"target\":[\"https:\\\/\\\/www.purejewels.com\\\/product\\\/18ct-white-gold-earrings-5\\\/\"]}]},{\"@type\":\"ImageObject\",\"inLanguage\":\"tr\",\"@id\":\"https:\\\/\\\/www.purejewels.com\\\/product\\\/18ct-white-gold-earrings-5\\\/#primaryimage\",\"url\":\"https:\\\/\\\/static.purejewels.com\\\/wp-content\\\/uploads\\\/2017\\\/07\\\/earrings_24276.jpg\",\"contentUrl\":\"https:\\\/\\\/static.purejewels.com\\\/wp-content\\\/uploads\\\/2017\\\/07\\\/earrings_24276.jpg\",\"width\":960,\"height\":960,\"caption\":\"earrings_24276.jpg\"},{\"@type\":\"BreadcrumbList\",\"@id\":\"https:\\\/\\\/www.purejewels.com\\\/product\\\/18ct-white-gold-earrings-5\\\/#breadcrumb\",\"itemListElement\":[{\"@type\":\"ListItem\",\"position\":1,\"name\":\"Home\",\"item\":\"https:\\\/\\\/www.purejewels.com\\\/\"},{\"@type\":\"ListItem\",\"position\":2,\"name\":\"Shop\",\"item\":\"https:\\\/\\\/www.purejewels.com\\\/shop\\\/\"},{\"@type\":\"ListItem\",\"position\":3,\"name\":\"18ct White Gold Diamond Cluster Stud Earrings\"}]},{\"@type\":\"WebSite\",\"@id\":\"https:\\\/\\\/www.purejewels.com\\\/#website\",\"url\":\"https:\\\/\\\/www.purejewels.com\\\/\",\"name\":\"PureJewels UK\",\"description\":\"Share the Love\",\"publisher\":{\"@id\":\"https:\\\/\\\/www.purejewels.com\\\/#organization\"},\"potentialAction\":[{\"@type\":\"SearchAction\",\"target\":{\"@type\":\"EntryPoint\",\"urlTemplate\":\"https:\\\/\\\/www.purejewels.com\\\/?s={search_term_string}\"},\"query-input\":{\"@type\":\"PropertyValueSpecification\",\"valueRequired\":true,\"valueName\":\"search_term_string\"}}],\"inLanguage\":\"tr\"},{\"@type\":\"Organization\",\"@id\":\"https:\\\/\\\/www.purejewels.com\\\/#organization\",\"name\":\"PureJewels UK\",\"url\":\"https:\\\/\\\/www.purejewels.com\\\/\",\"logo\":{\"@type\":\"ImageObject\",\"inLanguage\":\"tr\",\"@id\":\"https:\\\/\\\/www.purejewels.com\\\/#\\\/schema\\\/logo\\\/image\\\/\",\"url\":\"https:\\\/\\\/static.purejewels.com\\\/wp-content\\\/uploads\\\/2020\\\/11\\\/Logo-PJ-New-1.png\",\"contentUrl\":\"https:\\\/\\\/static.purejewels.com\\\/wp-content\\\/uploads\\\/2020\\\/11\\\/Logo-PJ-New-1.png\",\"width\":150,\"height\":80,\"caption\":\"PureJewels UK\"},\"image\":{\"@id\":\"https:\\\/\\\/www.purejewels.com\\\/#\\\/schema\\\/logo\\\/image\\\/\"}}]}<\/script>\n<!-- \/ Yoast SEO plugin. -->","yoast_head_json":{"title":"18 ayar beyaz alt\u0131n p\u0131rlanta k\u00fcpe | PureJewels","description":"Saf ve \u0131\u015f\u0131lt\u0131l\u0131 PureJewels'\u0131n 18 ayar beyaz alt\u0131n p\u0131rlanta k\u00fcpe tak\u0131m\u0131, titiz i\u015f\u00e7ilikle sade l\u00fcks\u00fc kutluyor.","robots":{"index":"index","follow":"follow","max-snippet":"max-snippet:-1","max-image-preview":"max-image-preview:large","max-video-preview":"max-video-preview:-1"},"canonical":"https:\/\/www.purejewels.com\/tr\/urun\/18-ayar-beyaz-altin-kupe-5\/","og_locale":"tr_TR","og_type":"article","og_title":"18ct White Gold Diamond Cluster Stud Earrings | PureJewels","og_description":"Pure and radiant, these 18ct White Gold Diamond Cluster Stud Earrings from PureJewels celebrate understated luxury with meticulous craftsmanship.","og_url":"https:\/\/www.purejewels.com\/tr\/urun\/18-ayar-beyaz-altin-kupe-5\/","og_site_name":"PureJewels UK","article_modified_time":"2025-12-08T06:06:40+00:00","og_image":[{"width":960,"height":960,"url":"https:\/\/static.purejewels.com\/wp-content\/uploads\/2017\/07\/earrings_24276.jpg","type":"image\/jpeg"}],"twitter_card":"summary_large_image","twitter_misc":{"Tahmini okuma s\u00fcresi":"1 dakika"},"schema":{"@context":"https:\/\/schema.org","@graph":[{"@type":["WebPage","ItemPage"],"@id":"https:\/\/www.purejewels.com\/product\/18ct-white-gold-earrings-5\/","url":"https:\/\/www.purejewels.com\/product\/18ct-white-gold-earrings-5\/","name":"18 ayar beyaz alt\u0131n p\u0131rlanta k\u00fcpe | PureJewels","isPartOf":{"@id":"https:\/\/www.purejewels.com\/#website"},"primaryImageOfPage":{"@id":"https:\/\/www.purejewels.com\/product\/18ct-white-gold-earrings-5\/#primaryimage"},"image":{"@id":"https:\/\/www.purejewels.com\/product\/18ct-white-gold-earrings-5\/#primaryimage"},"thumbnailUrl":"https:\/\/static.purejewels.com\/wp-content\/uploads\/2017\/07\/earrings_24276.jpg","datePublished":"2017-07-19T12:27:40+00:00","dateModified":"2025-12-08T06:06:40+00:00","description":"Saf ve \u0131\u015f\u0131lt\u0131l\u0131 PureJewels'\u0131n 18 ayar beyaz alt\u0131n p\u0131rlanta k\u00fcpe tak\u0131m\u0131, titiz i\u015f\u00e7ilikle sade l\u00fcks\u00fc kutluyor.","breadcrumb":{"@id":"https:\/\/www.purejewels.com\/product\/18ct-white-gold-earrings-5\/#breadcrumb"},"inLanguage":"tr","potentialAction":[{"@type":"ReadAction","target":["https:\/\/www.purejewels.com\/product\/18ct-white-gold-earrings-5\/"]}]},{"@type":"ImageObject","inLanguage":"tr","@id":"https:\/\/www.purejewels.com\/product\/18ct-white-gold-earrings-5\/#primaryimage","url":"https:\/\/static.purejewels.com\/wp-content\/uploads\/2017\/07\/earrings_24276.jpg","contentUrl":"https:\/\/static.purejewels.com\/wp-content\/uploads\/2017\/07\/earrings_24276.jpg","width":960,"height":960,"caption":"earrings_24276.jpg"},{"@type":"BreadcrumbList","@id":"https:\/\/www.purejewels.com\/product\/18ct-white-gold-earrings-5\/#breadcrumb","itemListElement":[{"@type":"ListItem","position":1,"name":"Home","item":"https:\/\/www.purejewels.com\/"},{"@type":"ListItem","position":2,"name":"Shop","item":"https:\/\/www.purejewels.com\/shop\/"},{"@type":"ListItem","position":3,"name":"18ct White Gold Diamond Cluster Stud Earrings"}]},{"@type":"WebSite","@id":"https:\/\/www.purejewels.com\/#website","url":"https:\/\/www.purejewels.com\/","name":"PureJewels \u0130ngiltere","description":"Sevgiyi Payla\u015f\u0131n","publisher":{"@id":"https:\/\/www.purejewels.com\/#organization"},"potentialAction":[{"@type":"SearchAction","target":{"@type":"EntryPoint","urlTemplate":"https:\/\/www.purejewels.com\/?s={search_term_string}"},"query-input":{"@type":"PropertyValueSpecification","valueRequired":true,"valueName":"search_term_string"}}],"inLanguage":"tr"},{"@type":"Organization","@id":"https:\/\/www.purejewels.com\/#organization","name":"PureJewels \u0130ngiltere","url":"https:\/\/www.purejewels.com\/","logo":{"@type":"ImageObject","inLanguage":"tr","@id":"https:\/\/www.purejewels.com\/#\/schema\/logo\/image\/","url":"https:\/\/static.purejewels.com\/wp-content\/uploads\/2020\/11\/Logo-PJ-New-1.png","contentUrl":"https:\/\/static.purejewels.com\/wp-content\/uploads\/2020\/11\/Logo-PJ-New-1.png","width":150,"height":80,"caption":"PureJewels UK"},"image":{"@id":"https:\/\/www.purejewels.com\/#\/schema\/logo\/image\/"}}]}},"_links":{"self":[{"href":"https:\/\/www.purejewels.com\/tr\/wp-json\/wp\/v2\/product\/4354","targetHints":{"allow":["GET"]}}],"collection":[{"href":"https:\/\/www.purejewels.com\/tr\/wp-json\/wp\/v2\/product"}],"about":[{"href":"https:\/\/www.purejewels.com\/tr\/wp-json\/wp\/v2\/types\/product"}],"replies":[{"embeddable":true,"href":"https:\/\/www.purejewels.com\/tr\/wp-json\/wp\/v2\/comments?post=4354"}],"version-history":[{"count":2,"href":"https:\/\/www.purejewels.com\/tr\/wp-json\/wp\/v2\/product\/4354\/revisions"}],"predecessor-version":[{"id":422584,"href":"https:\/\/www.purejewels.com\/tr\/wp-json\/wp\/v2\/product\/4354\/revisions\/422584"}],"wp:featuredmedia":[{"embeddable":true,"href":"https:\/\/www.purejewels.com\/tr\/wp-json\/wp\/v2\/media\/4355"}],"wp:attachment":[{"href":"https:\/\/www.purejewels.com\/tr\/wp-json\/wp\/v2\/media?parent=4354"}],"wp:term":[{"taxonomy":"product_brand","embeddable":true,"href":"https:\/\/www.purejewels.com\/tr\/wp-json\/wp\/v2\/product_brand?post=4354"},{"taxonomy":"product_cat","embeddable":true,"href":"https:\/\/www.purejewels.com\/tr\/wp-json\/wp\/v2\/product_cat?post=4354"},{"taxonomy":"product_tag","embeddable":true,"href":"https:\/\/www.purejewels.com\/tr\/wp-json\/wp\/v2\/product_tag?post=4354"}],"curies":[{"name":"wp","href":"https:\/\/api.w.org\/{rel}","templated":true}]}}