{"id":4362,"date":"2017-07-19T13:27:46","date_gmt":"2017-07-19T12:27:46","guid":{"rendered":"http:\/\/new.purejewels.com\/product\/22ct-gold-ring-2\/"},"modified":"2026-01-06T11:12:43","modified_gmt":"2026-01-06T11:12:43","slug":"22-ayar-altin-yuzuk-2-2","status":"publish","type":"product","link":"https:\/\/www.purejewels.com\/tr\/product\/22ct-gold-ring-2-2\/","title":{"rendered":"22 ayar alt\u0131n s\u00fcsl\u00fc k\u0131vr\u0131ml\u0131 y\u00fcz\u00fck"},"content":{"rendered":"<p><strong>Tasar\u0131m:<\/strong><br \/>\nBu dikkat \u00e7ekici y\u00fcz\u00fck, tamamen <a href=\"https:\/\/www.purejewels.com\/tr\/product\/22ct-gold-jali-filigree-ring-jali-collection-31926\/\">22ct<\/a> sar\u0131 alt\u0131n. Zarif, k\u0131vr\u0131ml\u0131 desen, geleneksel telkari i\u015f\u00e7ili\u011finden ilham alarak parma\u011f\u0131 uzatan zarif ve havadar bir siluet yarat\u0131r.<\/p>\n<p><strong>\u0130\u015f\u00e7ilik:<\/strong><br \/>\n22 ayar som alt\u0131ndan ustal\u0131kla \u00fcretilen y\u00fcz\u00fck, ince alt\u0131n i\u015f\u00e7ili\u011fi tekniklerini sergileyerek her bir k\u0131vr\u0131m\u0131n ve dalgan\u0131n yap\u0131sal g\u00fczelli\u011fini korumas\u0131n\u0131 sa\u011flar. Hafif ancak etkileyici tasar\u0131m\u0131, g\u00f6rsel \u00e7ekicili\u011finden \u00f6d\u00fcn vermeden g\u00fcn boyu rahatl\u0131k sunar.<\/p>\n<p><strong>Stil:<\/strong><br \/>\nCesur bir aksesuar gerektiren durumlar i\u00e7in ideal olan bu y\u00fcz\u00fck, hem etnik hem de \u00e7a\u011fda\u015f k\u0131yafetlerle uyumludur. D\u00fc\u011f\u00fcn, festival veya resmi bir etkinlik olsun, bu alt\u0131n sarmal y\u00fcz\u00fck, sofistike bir zevk ve gelenek ifadesi olarak \u00f6ne \u00e7\u0131kar.<\/p>","protected":false},"excerpt":{"rendered":"<p>Ak\u0131c\u0131 bir k\u0131vr\u0131m tasar\u0131m\u0131na sahip, \u00f6zenle i\u015flenmi\u015f 22 ayar alt\u0131n y\u00fcz\u00fck, ta\u015f kullanmadan zamans\u0131z bir \u00e7ekicilik ve \u00e7arp\u0131c\u0131 bir zarafet sunar.<\/p>\n<ul>\n<li>22 Ayar Alt\u0131n Bayan Y\u00fcz\u00fck<\/li>\n<li>K\u00fcbik Zirkon Ta\u015fl\u0131 Telkari<\/li>\n<li>Y\u00fcz\u00fck a\u011f\u0131rl\u0131\u011f\u0131 5,2 g<\/li>\n<li>SKU: 23639<\/li>\n<li>Londra Tahlil Ofisi Taraf\u0131ndan Damgalanm\u0131\u015f 22 Ayar Alt\u0131n<\/li>\n<li>Sunum Kutusu ile Birlikte Gelir<\/li>\n<li>Teslimat Dahil<\/li>\n<li>T\u00fcm fiyatlara KDV dahildir<\/li>\n<li>Stok durumu ve stokta bulunan benzer tasar\u0131mlar\u0131n daha fazla g\u00f6r\u00fcnt\u00fcs\u00fc i\u00e7in bizimle canl\u0131 sohbet edin<\/li>\n<\/ul>","protected":false},"featured_media":315637,"comment_status":"closed","ping_status":"closed","template":"","meta":{"_eb_attr":"","_crsspst_to_jayantr4sg-hostcom":true},"product_brand":[],"product_cat":[1229,1235],"product_tag":[],"class_list":{"0":"post-4362","1":"product","2":"type-product","3":"status-publish","4":"has-post-thumbnail","6":"product_cat-22ct-gold-jewellery","7":"product_cat-gold-rings","9":"first","10":"outofstock","11":"taxable","12":"shipping-taxable","13":"product-type-simple","14":"add-to-wishlist-before_image"},"yoast_head":"<!-- This site is optimized with the Yoast SEO plugin v27.3 - https:\/\/yoast.com\/product\/yoast-seo-wordpress\/ -->\n<title>22ct Gold Scroll Design Ring | Elegant Statement Ring<\/title>\n<meta name=\"description\" content=\"Discover the beauty of traditional artistry with this 22ct gold ornate scroll ring. A bold and elegant piece crafted for statement styling.\" \/>\n<meta name=\"robots\" content=\"index, follow, max-snippet:-1, max-image-preview:large, max-video-preview:-1\" \/>\n<link rel=\"canonical\" href=\"https:\/\/www.purejewels.com\/tr\/urun\/22-ayar-altin-yuzuk-2-2\/\" \/>\n<meta property=\"og:locale\" content=\"tr_TR\" \/>\n<meta property=\"og:type\" content=\"article\" \/>\n<meta property=\"og:title\" content=\"22ct Gold Scroll Design Ring | Elegant Statement Ring\" \/>\n<meta property=\"og:description\" content=\"Discover the beauty of traditional artistry with this 22ct gold ornate scroll ring. A bold and elegant piece crafted for statement styling.\" \/>\n<meta property=\"og:url\" content=\"https:\/\/www.purejewels.com\/tr\/urun\/22-ayar-altin-yuzuk-2-2\/\" \/>\n<meta property=\"og:site_name\" content=\"PureJewels UK\" \/>\n<meta property=\"article:modified_time\" content=\"2026-01-06T11:12:43+00:00\" \/>\n<meta property=\"og:image\" content=\"https:\/\/static.purejewels.com\/wp-content\/uploads\/2020\/07\/137025112.jpg\" \/>\n\t<meta property=\"og:image:width\" content=\"960\" \/>\n\t<meta property=\"og:image:height\" content=\"960\" \/>\n\t<meta property=\"og:image:type\" content=\"image\/jpeg\" \/>\n<meta name=\"twitter:card\" content=\"summary_large_image\" \/>\n<meta name=\"twitter:label1\" content=\"Tahmini okuma s\u00fcresi\" \/>\n\t<meta name=\"twitter:data1\" content=\"1 dakika\" \/>\n<script type=\"application\/ld+json\" class=\"yoast-schema-graph\">{\"@context\":\"https:\\\/\\\/schema.org\",\"@graph\":[{\"@type\":[\"WebPage\",\"ItemPage\"],\"@id\":\"https:\\\/\\\/www.purejewels.com\\\/product\\\/22ct-gold-ring-2-2\\\/\",\"url\":\"https:\\\/\\\/www.purejewels.com\\\/product\\\/22ct-gold-ring-2-2\\\/\",\"name\":\"22ct Gold Scroll Design Ring | Elegant Statement Ring\",\"isPartOf\":{\"@id\":\"https:\\\/\\\/www.purejewels.com\\\/#website\"},\"primaryImageOfPage\":{\"@id\":\"https:\\\/\\\/www.purejewels.com\\\/product\\\/22ct-gold-ring-2-2\\\/#primaryimage\"},\"image\":{\"@id\":\"https:\\\/\\\/www.purejewels.com\\\/product\\\/22ct-gold-ring-2-2\\\/#primaryimage\"},\"thumbnailUrl\":\"https:\\\/\\\/static.purejewels.com\\\/wp-content\\\/uploads\\\/2020\\\/07\\\/137025112.jpg\",\"datePublished\":\"2017-07-19T12:27:46+00:00\",\"dateModified\":\"2026-01-06T11:12:43+00:00\",\"description\":\"Discover the beauty of traditional artistry with this 22ct gold ornate scroll ring. A bold and elegant piece crafted for statement styling.\",\"breadcrumb\":{\"@id\":\"https:\\\/\\\/www.purejewels.com\\\/product\\\/22ct-gold-ring-2-2\\\/#breadcrumb\"},\"inLanguage\":\"tr\",\"potentialAction\":[{\"@type\":\"ReadAction\",\"target\":[\"https:\\\/\\\/www.purejewels.com\\\/product\\\/22ct-gold-ring-2-2\\\/\"]}]},{\"@type\":\"ImageObject\",\"inLanguage\":\"tr\",\"@id\":\"https:\\\/\\\/www.purejewels.com\\\/product\\\/22ct-gold-ring-2-2\\\/#primaryimage\",\"url\":\"https:\\\/\\\/static.purejewels.com\\\/wp-content\\\/uploads\\\/2020\\\/07\\\/137025112.jpg\",\"contentUrl\":\"https:\\\/\\\/static.purejewels.com\\\/wp-content\\\/uploads\\\/2020\\\/07\\\/137025112.jpg\",\"width\":960,\"height\":960},{\"@type\":\"BreadcrumbList\",\"@id\":\"https:\\\/\\\/www.purejewels.com\\\/product\\\/22ct-gold-ring-2-2\\\/#breadcrumb\",\"itemListElement\":[{\"@type\":\"ListItem\",\"position\":1,\"name\":\"Home\",\"item\":\"https:\\\/\\\/www.purejewels.com\\\/\"},{\"@type\":\"ListItem\",\"position\":2,\"name\":\"Shop\",\"item\":\"https:\\\/\\\/www.purejewels.com\\\/shop\\\/\"},{\"@type\":\"ListItem\",\"position\":3,\"name\":\"22ct Gold Ornate Scroll Ring\"}]},{\"@type\":\"WebSite\",\"@id\":\"https:\\\/\\\/www.purejewels.com\\\/#website\",\"url\":\"https:\\\/\\\/www.purejewels.com\\\/\",\"name\":\"PureJewels UK\",\"description\":\"Share the Love\",\"publisher\":{\"@id\":\"https:\\\/\\\/www.purejewels.com\\\/#organization\"},\"potentialAction\":[{\"@type\":\"SearchAction\",\"target\":{\"@type\":\"EntryPoint\",\"urlTemplate\":\"https:\\\/\\\/www.purejewels.com\\\/?s={search_term_string}\"},\"query-input\":{\"@type\":\"PropertyValueSpecification\",\"valueRequired\":true,\"valueName\":\"search_term_string\"}}],\"inLanguage\":\"tr\"},{\"@type\":\"Organization\",\"@id\":\"https:\\\/\\\/www.purejewels.com\\\/#organization\",\"name\":\"PureJewels UK\",\"url\":\"https:\\\/\\\/www.purejewels.com\\\/\",\"logo\":{\"@type\":\"ImageObject\",\"inLanguage\":\"tr\",\"@id\":\"https:\\\/\\\/www.purejewels.com\\\/#\\\/schema\\\/logo\\\/image\\\/\",\"url\":\"https:\\\/\\\/static.purejewels.com\\\/wp-content\\\/uploads\\\/2020\\\/11\\\/Logo-PJ-New-1.png\",\"contentUrl\":\"https:\\\/\\\/static.purejewels.com\\\/wp-content\\\/uploads\\\/2020\\\/11\\\/Logo-PJ-New-1.png\",\"width\":150,\"height\":80,\"caption\":\"PureJewels UK\"},\"image\":{\"@id\":\"https:\\\/\\\/www.purejewels.com\\\/#\\\/schema\\\/logo\\\/image\\\/\"}}]}<\/script>\n<!-- \/ Yoast SEO plugin. -->","yoast_head_json":{"title":"22 ayar alt\u0131n scroll tasar\u0131ml\u0131 y\u00fcz\u00fck | Zarif ve dikkat \u00e7ekici y\u00fcz\u00fck","description":"Bu 22 ayar alt\u0131n s\u00fcsl\u00fc scroll y\u00fcz\u00fck ile geleneksel sanat\u0131n g\u00fczelli\u011fini ke\u015ffedin. Cesur ve zarif bir tasar\u0131mla, dikkat \u00e7eken bir stil i\u00e7in yarat\u0131lm\u0131\u015f bir par\u00e7a.","robots":{"index":"index","follow":"follow","max-snippet":"max-snippet:-1","max-image-preview":"max-image-preview:large","max-video-preview":"max-video-preview:-1"},"canonical":"https:\/\/www.purejewels.com\/tr\/urun\/22-ayar-altin-yuzuk-2-2\/","og_locale":"tr_TR","og_type":"article","og_title":"22ct Gold Scroll Design Ring | Elegant Statement Ring","og_description":"Discover the beauty of traditional artistry with this 22ct gold ornate scroll ring. A bold and elegant piece crafted for statement styling.","og_url":"https:\/\/www.purejewels.com\/tr\/urun\/22-ayar-altin-yuzuk-2-2\/","og_site_name":"PureJewels UK","article_modified_time":"2026-01-06T11:12:43+00:00","og_image":[{"width":960,"height":960,"url":"https:\/\/static.purejewels.com\/wp-content\/uploads\/2020\/07\/137025112.jpg","type":"image\/jpeg"}],"twitter_card":"summary_large_image","twitter_misc":{"Tahmini okuma s\u00fcresi":"1 dakika"},"schema":{"@context":"https:\/\/schema.org","@graph":[{"@type":["WebPage","ItemPage"],"@id":"https:\/\/www.purejewels.com\/product\/22ct-gold-ring-2-2\/","url":"https:\/\/www.purejewels.com\/product\/22ct-gold-ring-2-2\/","name":"22 ayar alt\u0131n scroll tasar\u0131ml\u0131 y\u00fcz\u00fck | Zarif ve dikkat \u00e7ekici y\u00fcz\u00fck","isPartOf":{"@id":"https:\/\/www.purejewels.com\/#website"},"primaryImageOfPage":{"@id":"https:\/\/www.purejewels.com\/product\/22ct-gold-ring-2-2\/#primaryimage"},"image":{"@id":"https:\/\/www.purejewels.com\/product\/22ct-gold-ring-2-2\/#primaryimage"},"thumbnailUrl":"https:\/\/static.purejewels.com\/wp-content\/uploads\/2020\/07\/137025112.jpg","datePublished":"2017-07-19T12:27:46+00:00","dateModified":"2026-01-06T11:12:43+00:00","description":"Bu 22 ayar alt\u0131n s\u00fcsl\u00fc scroll y\u00fcz\u00fck ile geleneksel sanat\u0131n g\u00fczelli\u011fini ke\u015ffedin. Cesur ve zarif bir tasar\u0131mla, dikkat \u00e7eken bir stil i\u00e7in yarat\u0131lm\u0131\u015f bir par\u00e7a.","breadcrumb":{"@id":"https:\/\/www.purejewels.com\/product\/22ct-gold-ring-2-2\/#breadcrumb"},"inLanguage":"tr","potentialAction":[{"@type":"ReadAction","target":["https:\/\/www.purejewels.com\/product\/22ct-gold-ring-2-2\/"]}]},{"@type":"ImageObject","inLanguage":"tr","@id":"https:\/\/www.purejewels.com\/product\/22ct-gold-ring-2-2\/#primaryimage","url":"https:\/\/static.purejewels.com\/wp-content\/uploads\/2020\/07\/137025112.jpg","contentUrl":"https:\/\/static.purejewels.com\/wp-content\/uploads\/2020\/07\/137025112.jpg","width":960,"height":960},{"@type":"BreadcrumbList","@id":"https:\/\/www.purejewels.com\/product\/22ct-gold-ring-2-2\/#breadcrumb","itemListElement":[{"@type":"ListItem","position":1,"name":"Home","item":"https:\/\/www.purejewels.com\/"},{"@type":"ListItem","position":2,"name":"Shop","item":"https:\/\/www.purejewels.com\/shop\/"},{"@type":"ListItem","position":3,"name":"22ct Gold Ornate Scroll Ring"}]},{"@type":"WebSite","@id":"https:\/\/www.purejewels.com\/#website","url":"https:\/\/www.purejewels.com\/","name":"PureJewels \u0130ngiltere","description":"Sevgiyi Payla\u015f\u0131n","publisher":{"@id":"https:\/\/www.purejewels.com\/#organization"},"potentialAction":[{"@type":"SearchAction","target":{"@type":"EntryPoint","urlTemplate":"https:\/\/www.purejewels.com\/?s={search_term_string}"},"query-input":{"@type":"PropertyValueSpecification","valueRequired":true,"valueName":"search_term_string"}}],"inLanguage":"tr"},{"@type":"Organization","@id":"https:\/\/www.purejewels.com\/#organization","name":"PureJewels \u0130ngiltere","url":"https:\/\/www.purejewels.com\/","logo":{"@type":"ImageObject","inLanguage":"tr","@id":"https:\/\/www.purejewels.com\/#\/schema\/logo\/image\/","url":"https:\/\/static.purejewels.com\/wp-content\/uploads\/2020\/11\/Logo-PJ-New-1.png","contentUrl":"https:\/\/static.purejewels.com\/wp-content\/uploads\/2020\/11\/Logo-PJ-New-1.png","width":150,"height":80,"caption":"PureJewels UK"},"image":{"@id":"https:\/\/www.purejewels.com\/#\/schema\/logo\/image\/"}}]}},"_links":{"self":[{"href":"https:\/\/www.purejewels.com\/tr\/wp-json\/wp\/v2\/product\/4362","targetHints":{"allow":["GET"]}}],"collection":[{"href":"https:\/\/www.purejewels.com\/tr\/wp-json\/wp\/v2\/product"}],"about":[{"href":"https:\/\/www.purejewels.com\/tr\/wp-json\/wp\/v2\/types\/product"}],"replies":[{"embeddable":true,"href":"https:\/\/www.purejewels.com\/tr\/wp-json\/wp\/v2\/comments?post=4362"}],"version-history":[{"count":3,"href":"https:\/\/www.purejewels.com\/tr\/wp-json\/wp\/v2\/product\/4362\/revisions"}],"predecessor-version":[{"id":424052,"href":"https:\/\/www.purejewels.com\/tr\/wp-json\/wp\/v2\/product\/4362\/revisions\/424052"}],"wp:featuredmedia":[{"embeddable":true,"href":"https:\/\/www.purejewels.com\/tr\/wp-json\/wp\/v2\/media\/315637"}],"wp:attachment":[{"href":"https:\/\/www.purejewels.com\/tr\/wp-json\/wp\/v2\/media?parent=4362"}],"wp:term":[{"taxonomy":"product_brand","embeddable":true,"href":"https:\/\/www.purejewels.com\/tr\/wp-json\/wp\/v2\/product_brand?post=4362"},{"taxonomy":"product_cat","embeddable":true,"href":"https:\/\/www.purejewels.com\/tr\/wp-json\/wp\/v2\/product_cat?post=4362"},{"taxonomy":"product_tag","embeddable":true,"href":"https:\/\/www.purejewels.com\/tr\/wp-json\/wp\/v2\/product_tag?post=4362"}],"curies":[{"name":"wp","href":"https:\/\/api.w.org\/{rel}","templated":true}]}}