{"id":4384,"date":"2017-07-19T13:28:06","date_gmt":"2017-07-19T12:28:06","guid":{"rendered":"http:\/\/new.purejewels.com\/product\/peridot-and-ruby-earrings\/"},"modified":"2024-09-12T09:48:40","modified_gmt":"2024-09-12T08:48:40","slug":"peridot-ve-yakut-kupeler","status":"publish","type":"product","link":"https:\/\/www.purejewels.com\/tr\/product\/peridot-and-ruby-earrings\/","title":{"rendered":"Peridot ve Yakut K\u00fcpeler"},"content":{"rendered":"<h2><b>Sanat\u00e7\u0131l\u0131k<\/b><\/h2>\n<p>Bu Vintage ve Cesur \u00e7ift <a href=\"https:\/\/www.purejewels.com\/tr\/rendezvous-with-rubies\/\">YAKUT<\/a> \u00c7\u0131t\u00e7\u0131tlar kendinden ge\u00e7mi\u015f ve g\u00fczel g\u00f6r\u00fcn\u00fcyor. \u00c7\u0131t\u00e7\u0131tl\u0131 kulaklar zahmetsiz, cesur ve muhte\u015femdir. Daha uzun tak\u0131lar\u0131n daha k\u00fc\u00e7\u00fck versiyonlar\u0131d\u0131r. <a href=\"https:\/\/www.purejewels.com\/tr\/product-category\/22ct-gold-jewellery\/gold-earrings\/\">K\u00fcpeler<\/a> kulak memelerinin alt\u0131na d\u00fc\u015fer. \u00c7ok fazla dram katmadan kulak memelerinizi zahmetsizce kapatacak \u015fekilde \u00fcretilmi\u015flerdir. G\u00fcn\u00fcm\u00fczde, bir tak\u0131 ya da ta\u015f damla \u015feklinde biraz daha uzun olan k\u00fcpeler de bulabilirsiniz.<\/p>\n<h2>\u0130lham kayna\u011f\u0131<\/h2>\n<p>Bu yaprak d\u00f6kmeyen <a href=\"https:\/\/www.purejewels.com\/tr\/product\/18ct-white-gold-khanda-sikh-religious-pendant-6226\/\">18ct<\/a> G\u00fcl alt\u0131n ve g\u00fcm\u00fc\u015f k\u00fcpeler ham, g\u00f6rkemli ve zariftir. Bu vintage g\u00f6r\u00fcn\u00fcml\u00fc k\u00fcpeler, ge\u00e7mi\u015fin zengin k\u00fclt\u00fcrlerinin g\u00fcn\u00fcm\u00fcz k\u00fclt\u00fcr\u00fcyle birle\u015fmesinden ilham al\u0131yor. Bu yakut k\u00fcpeler, vintage m\u00fccevher koleksiyonumuzun bir par\u00e7as\u0131d\u0131r ve oyma gibi teknikler kullan\u0131larak pembe alt\u0131ndan el i\u015f\u00e7ili\u011fiyle \u00fcretilmi\u015ftir, <a href=\"https:\/\/www.purejewels.com\/tr\/a-guide-to-die-stamping\/\">kabartma<\/a>ve \u00e7iviler. Tasar\u0131m, oval \u015fekilli bir unsurda derin renklere sahip yakutlardan olu\u015fan karma\u015f\u0131k detayl\u0131 bir \u00e7izgi ile ba\u015flar. Bu ovalin merkezi, g\u00fczelce kesilmi\u015f ve incelikle parlat\u0131lm\u0131\u015f bir yakutla s\u00fcslenmi\u015ftir. <a href=\"https:\/\/www.purejewels.com\/tr\/peridot\/\">peridot<\/a> Bu da \u00e7ifte vintage bir par\u0131lt\u0131 kat\u0131yor.<\/p>\n<h2>Hazine<\/h2>\n<p>Bu g\u00fcller <a href=\"https:\/\/www.purejewels.com\/tr\/product\/gold-stud-earrings-42487\/\">alt\u0131n saplama k\u00fcpeler<\/a> Londra'da her zaman ye\u015fil ve d\u00fcnyan\u0131n d\u00f6rt bir yan\u0131ndaki kalplere dokunuyor. Eve getirdi\u011finiz bu s\u00fcsler, siz onlar\u0131 \u00f6nemli ve g\u00fczel anlarda s\u00fcslerken aile yadigar\u0131 koleksiyonunuzun bir par\u00e7as\u0131 haline gelecektir. Web sitemize g\u00f6z atabilir ve bu t\u00fcrden daha fazla g\u00fcl ke\u015ffedebilirsiniz <a href=\"https:\/\/www.purejewels.com\/tr\/armari-collection\/\">alt\u0131n k\u00fcpeler<\/a> fiyatl\u0131 tasar\u0131mlar ve favorilerinizi eve getirin.<\/p>","protected":false},"excerpt":{"rendered":"<ul>\n<li>18 Ayar Pembe Alt\u0131n ve G\u00fcm\u00fc\u015f K\u00fcpe<\/li>\n<li>Peridot ve Yakut ile<\/li>\n<li>A\u011f\u0131rl\u0131k 7,2 gms<\/li>\n<li>SKU 24874-2<\/li>\n<li>T\u00fcm \u00fcr\u00fcnlerimiz London Assay Office taraf\u0131ndan damgalanm\u0131\u015ft\u0131r<\/li>\n<li>Sunum kutusu ile birlikte gelir<\/li>\n<li>Teslimat Dahil<\/li>\n<li>T\u00fcm fiyatlara KDV dahildir<\/li>\n<li>Stok durumu ve stokta bulunan benzer tasar\u0131mlar\u0131n daha fazla g\u00f6r\u00fcnt\u00fcs\u00fc i\u00e7in bizimle canl\u0131 sohbet edin<\/li>\n<\/ul>","protected":false},"featured_media":4385,"comment_status":"closed","ping_status":"closed","template":"","meta":{"_eb_attr":"","_crsspst_to_jayantr4sg-hostcom":false},"product_brand":[],"product_cat":[1577,1574],"product_tag":[],"class_list":{"0":"post-4384","1":"product","2":"type-product","3":"status-publish","4":"has-post-thumbnail","6":"product_cat-stud-earrings","7":"product_cat-womens-jewellery","9":"first","10":"outofstock","11":"taxable","12":"shipping-taxable","13":"product-type-simple","14":"add-to-wishlist-before_image"},"yoast_head":"<!-- This site is optimized with the Yoast SEO plugin v27.6 - https:\/\/yoast.com\/product\/yoast-seo-wordpress\/ -->\n<title>Ruby Earrings | 22ct Gold Ruby Studs | Purejewels.com<\/title>\n<meta name=\"description\" content=\"Order 22ct Gold Ruby Studs Online in UK | Browse Latest Earring Collection Online in London | Certified Jewellery | Quick Delivery\" \/>\n<meta name=\"robots\" content=\"index, follow, max-snippet:-1, max-image-preview:large, max-video-preview:-1\" \/>\n<link rel=\"canonical\" href=\"https:\/\/www.purejewels.com\/tr\/urun\/peridot-ve-yakut-kupeler\/\" \/>\n<meta property=\"og:locale\" content=\"tr_TR\" \/>\n<meta property=\"og:type\" content=\"article\" \/>\n<meta property=\"og:title\" content=\"Ruby Earrings | 22ct Gold Ruby Studs | Purejewels.com\" \/>\n<meta property=\"og:description\" content=\"Order 22ct Gold Ruby Studs Online in UK | Browse Latest Earring Collection Online in London | Certified Jewellery | Quick Delivery\" \/>\n<meta property=\"og:url\" content=\"https:\/\/www.purejewels.com\/tr\/urun\/peridot-ve-yakut-kupeler\/\" \/>\n<meta property=\"og:site_name\" content=\"PureJewels UK\" \/>\n<meta property=\"article:modified_time\" content=\"2024-09-12T08:48:40+00:00\" \/>\n<meta property=\"og:image\" content=\"https:\/\/www.purejewels.com\/wp-content\/uploads\/2017\/07\/earrings_24870_960px.jpg\" \/>\n\t<meta property=\"og:image:width\" content=\"960\" \/>\n\t<meta property=\"og:image:height\" content=\"960\" \/>\n\t<meta property=\"og:image:type\" content=\"image\/jpeg\" \/>\n<meta name=\"twitter:card\" content=\"summary_large_image\" \/>\n<meta name=\"twitter:label1\" content=\"Tahmini okuma s\u00fcresi\" \/>\n\t<meta name=\"twitter:data1\" content=\"2 dakika\" \/>\n<script type=\"application\/ld+json\" class=\"yoast-schema-graph\">{\"@context\":\"https:\\\/\\\/schema.org\",\"@graph\":[{\"@type\":[\"WebPage\",\"ItemPage\"],\"@id\":\"https:\\\/\\\/www.purejewels.com\\\/product\\\/peridot-and-ruby-earrings\\\/\",\"url\":\"https:\\\/\\\/www.purejewels.com\\\/product\\\/peridot-and-ruby-earrings\\\/\",\"name\":\"Ruby Earrings | 22ct Gold Ruby Studs | Purejewels.com\",\"isPartOf\":{\"@id\":\"https:\\\/\\\/www.purejewels.com\\\/#website\"},\"primaryImageOfPage\":{\"@id\":\"https:\\\/\\\/www.purejewels.com\\\/product\\\/peridot-and-ruby-earrings\\\/#primaryimage\"},\"image\":{\"@id\":\"https:\\\/\\\/www.purejewels.com\\\/product\\\/peridot-and-ruby-earrings\\\/#primaryimage\"},\"thumbnailUrl\":\"https:\\\/\\\/static.purejewels.com\\\/wp-content\\\/uploads\\\/2017\\\/07\\\/earrings_24870_960px.jpg\",\"datePublished\":\"2017-07-19T12:28:06+00:00\",\"dateModified\":\"2024-09-12T08:48:40+00:00\",\"description\":\"Order 22ct Gold Ruby Studs Online in UK | Browse Latest Earring Collection Online in London | Certified Jewellery | Quick Delivery\",\"breadcrumb\":{\"@id\":\"https:\\\/\\\/www.purejewels.com\\\/product\\\/peridot-and-ruby-earrings\\\/#breadcrumb\"},\"inLanguage\":\"tr\",\"potentialAction\":[{\"@type\":\"ReadAction\",\"target\":[\"https:\\\/\\\/www.purejewels.com\\\/product\\\/peridot-and-ruby-earrings\\\/\"]}]},{\"@type\":\"ImageObject\",\"inLanguage\":\"tr\",\"@id\":\"https:\\\/\\\/www.purejewels.com\\\/product\\\/peridot-and-ruby-earrings\\\/#primaryimage\",\"url\":\"https:\\\/\\\/static.purejewels.com\\\/wp-content\\\/uploads\\\/2017\\\/07\\\/earrings_24870_960px.jpg\",\"contentUrl\":\"https:\\\/\\\/static.purejewels.com\\\/wp-content\\\/uploads\\\/2017\\\/07\\\/earrings_24870_960px.jpg\",\"width\":960,\"height\":960,\"caption\":\"earrings_24870_960px.jpg\"},{\"@type\":\"BreadcrumbList\",\"@id\":\"https:\\\/\\\/www.purejewels.com\\\/product\\\/peridot-and-ruby-earrings\\\/#breadcrumb\",\"itemListElement\":[{\"@type\":\"ListItem\",\"position\":1,\"name\":\"Home\",\"item\":\"https:\\\/\\\/www.purejewels.com\\\/\"},{\"@type\":\"ListItem\",\"position\":2,\"name\":\"Shop\",\"item\":\"https:\\\/\\\/www.purejewels.com\\\/shop\\\/\"},{\"@type\":\"ListItem\",\"position\":3,\"name\":\"Peridot And Ruby Earrings\"}]},{\"@type\":\"WebSite\",\"@id\":\"https:\\\/\\\/www.purejewels.com\\\/#website\",\"url\":\"https:\\\/\\\/www.purejewels.com\\\/\",\"name\":\"PureJewels UK\",\"description\":\"Share the Love\",\"publisher\":{\"@id\":\"https:\\\/\\\/www.purejewels.com\\\/#organization\"},\"potentialAction\":[{\"@type\":\"SearchAction\",\"target\":{\"@type\":\"EntryPoint\",\"urlTemplate\":\"https:\\\/\\\/www.purejewels.com\\\/?s={search_term_string}\"},\"query-input\":{\"@type\":\"PropertyValueSpecification\",\"valueRequired\":true,\"valueName\":\"search_term_string\"}}],\"inLanguage\":\"tr\"},{\"@type\":\"Organization\",\"@id\":\"https:\\\/\\\/www.purejewels.com\\\/#organization\",\"name\":\"PureJewels UK\",\"url\":\"https:\\\/\\\/www.purejewels.com\\\/\",\"logo\":{\"@type\":\"ImageObject\",\"inLanguage\":\"tr\",\"@id\":\"https:\\\/\\\/www.purejewels.com\\\/#\\\/schema\\\/logo\\\/image\\\/\",\"url\":\"https:\\\/\\\/static.purejewels.com\\\/wp-content\\\/uploads\\\/2020\\\/11\\\/Logo-PJ-New-1.png\",\"contentUrl\":\"https:\\\/\\\/static.purejewels.com\\\/wp-content\\\/uploads\\\/2020\\\/11\\\/Logo-PJ-New-1.png\",\"width\":150,\"height\":80,\"caption\":\"PureJewels UK\"},\"image\":{\"@id\":\"https:\\\/\\\/www.purejewels.com\\\/#\\\/schema\\\/logo\\\/image\\\/\"}}]}<\/script>\n<!-- \/ Yoast SEO plugin. -->","yoast_head_json":{"title":"Yakut K\u00fcpe | 22 Ayar Alt\u0131n Yakut \u00c7\u0131t\u00e7\u0131t | Purejewels.com","description":"\u0130ngiltere'de Online 22 Ayar Alt\u0131n Yakut \u00c7\u0131t\u00e7\u0131t Sipari\u015f Edin | Londra'da Online En Yeni K\u00fcpe Koleksiyonuna G\u00f6z At\u0131n | Sertifikal\u0131 M\u00fccevher | H\u0131zl\u0131 Teslimat","robots":{"index":"index","follow":"follow","max-snippet":"max-snippet:-1","max-image-preview":"max-image-preview:large","max-video-preview":"max-video-preview:-1"},"canonical":"https:\/\/www.purejewels.com\/tr\/urun\/peridot-ve-yakut-kupeler\/","og_locale":"tr_TR","og_type":"article","og_title":"Ruby Earrings | 22ct Gold Ruby Studs | Purejewels.com","og_description":"Order 22ct Gold Ruby Studs Online in UK | Browse Latest Earring Collection Online in London | Certified Jewellery | Quick Delivery","og_url":"https:\/\/www.purejewels.com\/tr\/urun\/peridot-ve-yakut-kupeler\/","og_site_name":"PureJewels UK","article_modified_time":"2024-09-12T08:48:40+00:00","og_image":[{"width":960,"height":960,"url":"https:\/\/www.purejewels.com\/wp-content\/uploads\/2017\/07\/earrings_24870_960px.jpg","type":"image\/jpeg"}],"twitter_card":"summary_large_image","twitter_misc":{"Tahmini okuma s\u00fcresi":"2 dakika"},"schema":{"@context":"https:\/\/schema.org","@graph":[{"@type":["WebPage","ItemPage"],"@id":"https:\/\/www.purejewels.com\/product\/peridot-and-ruby-earrings\/","url":"https:\/\/www.purejewels.com\/product\/peridot-and-ruby-earrings\/","name":"Yakut K\u00fcpe | 22 Ayar Alt\u0131n Yakut \u00c7\u0131t\u00e7\u0131t | Purejewels.com","isPartOf":{"@id":"https:\/\/www.purejewels.com\/#website"},"primaryImageOfPage":{"@id":"https:\/\/www.purejewels.com\/product\/peridot-and-ruby-earrings\/#primaryimage"},"image":{"@id":"https:\/\/www.purejewels.com\/product\/peridot-and-ruby-earrings\/#primaryimage"},"thumbnailUrl":"https:\/\/static.purejewels.com\/wp-content\/uploads\/2017\/07\/earrings_24870_960px.jpg","datePublished":"2017-07-19T12:28:06+00:00","dateModified":"2024-09-12T08:48:40+00:00","description":"\u0130ngiltere'de Online 22 Ayar Alt\u0131n Yakut \u00c7\u0131t\u00e7\u0131t Sipari\u015f Edin | Londra'da Online En Yeni K\u00fcpe Koleksiyonuna G\u00f6z At\u0131n | Sertifikal\u0131 M\u00fccevher | H\u0131zl\u0131 Teslimat","breadcrumb":{"@id":"https:\/\/www.purejewels.com\/product\/peridot-and-ruby-earrings\/#breadcrumb"},"inLanguage":"tr","potentialAction":[{"@type":"ReadAction","target":["https:\/\/www.purejewels.com\/product\/peridot-and-ruby-earrings\/"]}]},{"@type":"ImageObject","inLanguage":"tr","@id":"https:\/\/www.purejewels.com\/product\/peridot-and-ruby-earrings\/#primaryimage","url":"https:\/\/static.purejewels.com\/wp-content\/uploads\/2017\/07\/earrings_24870_960px.jpg","contentUrl":"https:\/\/static.purejewels.com\/wp-content\/uploads\/2017\/07\/earrings_24870_960px.jpg","width":960,"height":960,"caption":"earrings_24870_960px.jpg"},{"@type":"BreadcrumbList","@id":"https:\/\/www.purejewels.com\/product\/peridot-and-ruby-earrings\/#breadcrumb","itemListElement":[{"@type":"ListItem","position":1,"name":"Home","item":"https:\/\/www.purejewels.com\/"},{"@type":"ListItem","position":2,"name":"Shop","item":"https:\/\/www.purejewels.com\/shop\/"},{"@type":"ListItem","position":3,"name":"Peridot And Ruby Earrings"}]},{"@type":"WebSite","@id":"https:\/\/www.purejewels.com\/#website","url":"https:\/\/www.purejewels.com\/","name":"PureJewels \u0130ngiltere","description":"Sevgiyi Payla\u015f\u0131n","publisher":{"@id":"https:\/\/www.purejewels.com\/#organization"},"potentialAction":[{"@type":"SearchAction","target":{"@type":"EntryPoint","urlTemplate":"https:\/\/www.purejewels.com\/?s={search_term_string}"},"query-input":{"@type":"PropertyValueSpecification","valueRequired":true,"valueName":"search_term_string"}}],"inLanguage":"tr"},{"@type":"Organization","@id":"https:\/\/www.purejewels.com\/#organization","name":"PureJewels \u0130ngiltere","url":"https:\/\/www.purejewels.com\/","logo":{"@type":"ImageObject","inLanguage":"tr","@id":"https:\/\/www.purejewels.com\/#\/schema\/logo\/image\/","url":"https:\/\/static.purejewels.com\/wp-content\/uploads\/2020\/11\/Logo-PJ-New-1.png","contentUrl":"https:\/\/static.purejewels.com\/wp-content\/uploads\/2020\/11\/Logo-PJ-New-1.png","width":150,"height":80,"caption":"PureJewels UK"},"image":{"@id":"https:\/\/www.purejewels.com\/#\/schema\/logo\/image\/"}}]}},"_links":{"self":[{"href":"https:\/\/www.purejewels.com\/tr\/wp-json\/wp\/v2\/product\/4384","targetHints":{"allow":["GET"]}}],"collection":[{"href":"https:\/\/www.purejewels.com\/tr\/wp-json\/wp\/v2\/product"}],"about":[{"href":"https:\/\/www.purejewels.com\/tr\/wp-json\/wp\/v2\/types\/product"}],"replies":[{"embeddable":true,"href":"https:\/\/www.purejewels.com\/tr\/wp-json\/wp\/v2\/comments?post=4384"}],"version-history":[{"count":1,"href":"https:\/\/www.purejewels.com\/tr\/wp-json\/wp\/v2\/product\/4384\/revisions"}],"predecessor-version":[{"id":371812,"href":"https:\/\/www.purejewels.com\/tr\/wp-json\/wp\/v2\/product\/4384\/revisions\/371812"}],"wp:featuredmedia":[{"embeddable":true,"href":"https:\/\/www.purejewels.com\/tr\/wp-json\/wp\/v2\/media\/4385"}],"wp:attachment":[{"href":"https:\/\/www.purejewels.com\/tr\/wp-json\/wp\/v2\/media?parent=4384"}],"wp:term":[{"taxonomy":"product_brand","embeddable":true,"href":"https:\/\/www.purejewels.com\/tr\/wp-json\/wp\/v2\/product_brand?post=4384"},{"taxonomy":"product_cat","embeddable":true,"href":"https:\/\/www.purejewels.com\/tr\/wp-json\/wp\/v2\/product_cat?post=4384"},{"taxonomy":"product_tag","embeddable":true,"href":"https:\/\/www.purejewels.com\/tr\/wp-json\/wp\/v2\/product_tag?post=4384"}],"curies":[{"name":"wp","href":"https:\/\/api.w.org\/{rel}","templated":true}]}}