{"id":4388,"date":"2017-07-19T13:28:08","date_gmt":"2017-07-19T12:28:08","guid":{"rendered":"http:\/\/new.purejewels.com\/product\/peridot-and-ruby-ring\/"},"modified":"2026-01-07T06:39:02","modified_gmt":"2026-01-07T06:39:02","slug":"peridot-ve-yakut-yuzuk","status":"publish","type":"product","link":"https:\/\/www.purejewels.com\/tr\/product\/peridot-and-ruby-ring\/","title":{"rendered":"G\u00fcm\u00fc\u015f ve 18 ayar pembe alt\u0131n peridot yakut k\u00fcme y\u00fcz\u00fck"},"content":{"rendered":"<p data-start=\"56\" data-end=\"334\">Bu s\u00fcsl\u00fc y\u00fcz\u00fck, canl\u0131 bir oval ile e\u015fle\u015ftirilmi\u015ftir. <a href=\"https:\/\/www.purejewels.com\/tr\/peridot\/\">peridot<\/a> zengin k\u0131rm\u0131z\u0131 yakutlardan olu\u015fan bir hale ile, elin ortas\u0131nda m\u00fccevher kutusu gibi renkli bir k\u00fcme olu\u015fturur. M\u00fccevherler, antika hazineleri and\u0131ran oyulmu\u015f boncuklar ve detaylarla \u00e7er\u00e7evelenmi\u015ftir, bu da par\u00e7aya romantik, eski d\u00fcnya karakteri kazand\u0131r\u0131r.<\/p>\n<p data-start=\"336\" data-end=\"610\" data-is-last-node=\"\" data-is-only-node=\"\">G\u00fcm\u00fc\u015ften yap\u0131lm\u0131\u015f <a href=\"https:\/\/www.purejewels.com\/tr\/product\/18ct-white-gold-khanda-sikh-religious-pendant-6226\/\">18ct<\/a> G\u00fcl alt\u0131n rengi vurgularla, bu tasar\u0131m peridotun taze ye\u015fil rengini ve yakutlar\u0131n derinli\u011fini ortaya \u00e7\u0131karan s\u0131cak bir \u0131\u015f\u0131lt\u0131ya sahiptir. Ak\u015famlar\u0131 dikkat \u00e7eken bir y\u00fcz\u00fck olarak veya g\u00fcnl\u00fck k\u0131yafetlerinize zenginlik katan bir imza par\u00e7as\u0131 olarak takabilirsiniz.<\/p>","protected":false},"excerpt":{"rendered":"<p>&nbsp;<\/p>\n<ul>\n<li>G\u00fcm\u00fc\u015f ve 18 Ayar Pembe Alt\u0131n Y\u00fcz\u00fck<\/li>\n<li>Peridot ve Yakut ile<\/li>\n<li>London Assay Office taraf\u0131ndan damgalanm\u0131\u015ft\u0131r<\/li>\n<li>Sunum Kutusu ile Birlikte Gelir<\/li>\n<li>Teslimat Dahil<\/li>\n<li>T\u00fcm fiyatlara KDV dahildir<\/li>\n<li>Stok durumu ve stokta bulunan benzer tasar\u0131mlar\u0131n daha fazla g\u00f6r\u00fcnt\u00fcs\u00fc i\u00e7in bizimle canl\u0131 sohbet edin<\/li>\n<\/ul>","protected":false},"featured_media":4389,"comment_status":"closed","ping_status":"closed","template":"","meta":{"_eb_attr":"","_crsspst_to_jayantr4sg-hostcom":false},"product_brand":[],"product_cat":[1783,1574],"product_tag":[],"class_list":{"0":"post-4388","1":"product","2":"type-product","3":"status-publish","4":"has-post-thumbnail","6":"product_cat-ladies-rings","7":"product_cat-womens-jewellery","9":"first","10":"outofstock","11":"taxable","12":"shipping-taxable","13":"product-type-simple","14":"add-to-wishlist-before_image"},"yoast_head":"<!-- This site is optimized with the Yoast SEO plugin v27.6 - https:\/\/yoast.com\/product\/yoast-seo-wordpress\/ -->\n<title>Peridot Ruby Cluster Ring in Silver &amp; 18ct Rose Gold | PureJewels<\/title>\n<meta name=\"description\" content=\"Ornate peridot and ruby cluster ring in silver with 18ct rose gold detailing, inspired by antique jewels and crafted for statement, collectible style.\" \/>\n<meta name=\"robots\" content=\"index, follow, max-snippet:-1, max-image-preview:large, max-video-preview:-1\" \/>\n<link rel=\"canonical\" href=\"https:\/\/www.purejewels.com\/tr\/urun\/peridot-ve-yakut-yuzuk\/\" \/>\n<meta property=\"og:locale\" content=\"tr_TR\" \/>\n<meta property=\"og:type\" content=\"article\" \/>\n<meta property=\"og:title\" content=\"Peridot Ruby Cluster Ring in Silver &amp; 18ct Rose Gold | PureJewels\" \/>\n<meta property=\"og:description\" content=\"Ornate peridot and ruby cluster ring in silver with 18ct rose gold detailing, inspired by antique jewels and crafted for statement, collectible style.\" \/>\n<meta property=\"og:url\" content=\"https:\/\/www.purejewels.com\/tr\/urun\/peridot-ve-yakut-yuzuk\/\" \/>\n<meta property=\"og:site_name\" content=\"PureJewels UK\" \/>\n<meta property=\"article:modified_time\" content=\"2026-01-07T06:39:02+00:00\" \/>\n<meta property=\"og:image\" content=\"https:\/\/www.purejewels.com\/wp-content\/uploads\/2017\/07\/ring_24873_a_960px.jpg\" \/>\n\t<meta property=\"og:image:width\" content=\"960\" \/>\n\t<meta property=\"og:image:height\" content=\"960\" \/>\n\t<meta property=\"og:image:type\" content=\"image\/jpeg\" \/>\n<meta name=\"twitter:card\" content=\"summary_large_image\" \/>\n<meta name=\"twitter:label1\" content=\"Tahmini okuma s\u00fcresi\" \/>\n\t<meta name=\"twitter:data1\" content=\"1 dakika\" \/>\n<script type=\"application\/ld+json\" class=\"yoast-schema-graph\">{\"@context\":\"https:\\\/\\\/schema.org\",\"@graph\":[{\"@type\":[\"WebPage\",\"ItemPage\"],\"@id\":\"https:\\\/\\\/www.purejewels.com\\\/product\\\/peridot-and-ruby-ring\\\/\",\"url\":\"https:\\\/\\\/www.purejewels.com\\\/product\\\/peridot-and-ruby-ring\\\/\",\"name\":\"Peridot Ruby Cluster Ring in Silver & 18ct Rose Gold | PureJewels\",\"isPartOf\":{\"@id\":\"https:\\\/\\\/www.purejewels.com\\\/#website\"},\"primaryImageOfPage\":{\"@id\":\"https:\\\/\\\/www.purejewels.com\\\/product\\\/peridot-and-ruby-ring\\\/#primaryimage\"},\"image\":{\"@id\":\"https:\\\/\\\/www.purejewels.com\\\/product\\\/peridot-and-ruby-ring\\\/#primaryimage\"},\"thumbnailUrl\":\"https:\\\/\\\/static.purejewels.com\\\/wp-content\\\/uploads\\\/2017\\\/07\\\/ring_24873_a_960px.jpg\",\"datePublished\":\"2017-07-19T12:28:08+00:00\",\"dateModified\":\"2026-01-07T06:39:02+00:00\",\"description\":\"Ornate peridot and ruby cluster ring in silver with 18ct rose gold detailing, inspired by antique jewels and crafted for statement, collectible style.\",\"breadcrumb\":{\"@id\":\"https:\\\/\\\/www.purejewels.com\\\/product\\\/peridot-and-ruby-ring\\\/#breadcrumb\"},\"inLanguage\":\"tr\",\"potentialAction\":[{\"@type\":\"ReadAction\",\"target\":[\"https:\\\/\\\/www.purejewels.com\\\/product\\\/peridot-and-ruby-ring\\\/\"]}]},{\"@type\":\"ImageObject\",\"inLanguage\":\"tr\",\"@id\":\"https:\\\/\\\/www.purejewels.com\\\/product\\\/peridot-and-ruby-ring\\\/#primaryimage\",\"url\":\"https:\\\/\\\/static.purejewels.com\\\/wp-content\\\/uploads\\\/2017\\\/07\\\/ring_24873_a_960px.jpg\",\"contentUrl\":\"https:\\\/\\\/static.purejewels.com\\\/wp-content\\\/uploads\\\/2017\\\/07\\\/ring_24873_a_960px.jpg\",\"width\":960,\"height\":960,\"caption\":\"ring_24873_a_960px.jpg\"},{\"@type\":\"BreadcrumbList\",\"@id\":\"https:\\\/\\\/www.purejewels.com\\\/product\\\/peridot-and-ruby-ring\\\/#breadcrumb\",\"itemListElement\":[{\"@type\":\"ListItem\",\"position\":1,\"name\":\"Home\",\"item\":\"https:\\\/\\\/www.purejewels.com\\\/\"},{\"@type\":\"ListItem\",\"position\":2,\"name\":\"Shop\",\"item\":\"https:\\\/\\\/www.purejewels.com\\\/shop\\\/\"},{\"@type\":\"ListItem\",\"position\":3,\"name\":\"Peridot Ruby Cluster Ring in Silver &#038; 18ct Rose Gold\"}]},{\"@type\":\"WebSite\",\"@id\":\"https:\\\/\\\/www.purejewels.com\\\/#website\",\"url\":\"https:\\\/\\\/www.purejewels.com\\\/\",\"name\":\"PureJewels UK\",\"description\":\"Share the Love\",\"publisher\":{\"@id\":\"https:\\\/\\\/www.purejewels.com\\\/#organization\"},\"potentialAction\":[{\"@type\":\"SearchAction\",\"target\":{\"@type\":\"EntryPoint\",\"urlTemplate\":\"https:\\\/\\\/www.purejewels.com\\\/?s={search_term_string}\"},\"query-input\":{\"@type\":\"PropertyValueSpecification\",\"valueRequired\":true,\"valueName\":\"search_term_string\"}}],\"inLanguage\":\"tr\"},{\"@type\":\"Organization\",\"@id\":\"https:\\\/\\\/www.purejewels.com\\\/#organization\",\"name\":\"PureJewels UK\",\"url\":\"https:\\\/\\\/www.purejewels.com\\\/\",\"logo\":{\"@type\":\"ImageObject\",\"inLanguage\":\"tr\",\"@id\":\"https:\\\/\\\/www.purejewels.com\\\/#\\\/schema\\\/logo\\\/image\\\/\",\"url\":\"https:\\\/\\\/static.purejewels.com\\\/wp-content\\\/uploads\\\/2020\\\/11\\\/Logo-PJ-New-1.png\",\"contentUrl\":\"https:\\\/\\\/static.purejewels.com\\\/wp-content\\\/uploads\\\/2020\\\/11\\\/Logo-PJ-New-1.png\",\"width\":150,\"height\":80,\"caption\":\"PureJewels UK\"},\"image\":{\"@id\":\"https:\\\/\\\/www.purejewels.com\\\/#\\\/schema\\\/logo\\\/image\\\/\"}}]}<\/script>\n<!-- \/ Yoast SEO plugin. -->","yoast_head_json":{"title":"G\u00fcm\u00fc\u015f ve 18 ayar pembe alt\u0131n peridot yakut k\u00fcme y\u00fcz\u00fck | PureJewels","description":"Antik m\u00fccevherlerden ilham alan, 18 ayar pembe alt\u0131n detayl\u0131, g\u00fcm\u00fc\u015ften yap\u0131lm\u0131\u015f s\u00fcsl\u00fc peridot ve yakut k\u00fcme y\u00fcz\u00fck, dikkat \u00e7ekici, koleksiyonluk bir stil i\u00e7in tasarlanm\u0131\u015ft\u0131r.","robots":{"index":"index","follow":"follow","max-snippet":"max-snippet:-1","max-image-preview":"max-image-preview:large","max-video-preview":"max-video-preview:-1"},"canonical":"https:\/\/www.purejewels.com\/tr\/urun\/peridot-ve-yakut-yuzuk\/","og_locale":"tr_TR","og_type":"article","og_title":"Peridot Ruby Cluster Ring in Silver & 18ct Rose Gold | PureJewels","og_description":"Ornate peridot and ruby cluster ring in silver with 18ct rose gold detailing, inspired by antique jewels and crafted for statement, collectible style.","og_url":"https:\/\/www.purejewels.com\/tr\/urun\/peridot-ve-yakut-yuzuk\/","og_site_name":"PureJewels UK","article_modified_time":"2026-01-07T06:39:02+00:00","og_image":[{"width":960,"height":960,"url":"https:\/\/www.purejewels.com\/wp-content\/uploads\/2017\/07\/ring_24873_a_960px.jpg","type":"image\/jpeg"}],"twitter_card":"summary_large_image","twitter_misc":{"Tahmini okuma s\u00fcresi":"1 dakika"},"schema":{"@context":"https:\/\/schema.org","@graph":[{"@type":["WebPage","ItemPage"],"@id":"https:\/\/www.purejewels.com\/product\/peridot-and-ruby-ring\/","url":"https:\/\/www.purejewels.com\/product\/peridot-and-ruby-ring\/","name":"G\u00fcm\u00fc\u015f ve 18 ayar pembe alt\u0131n peridot yakut k\u00fcme y\u00fcz\u00fck | PureJewels","isPartOf":{"@id":"https:\/\/www.purejewels.com\/#website"},"primaryImageOfPage":{"@id":"https:\/\/www.purejewels.com\/product\/peridot-and-ruby-ring\/#primaryimage"},"image":{"@id":"https:\/\/www.purejewels.com\/product\/peridot-and-ruby-ring\/#primaryimage"},"thumbnailUrl":"https:\/\/static.purejewels.com\/wp-content\/uploads\/2017\/07\/ring_24873_a_960px.jpg","datePublished":"2017-07-19T12:28:08+00:00","dateModified":"2026-01-07T06:39:02+00:00","description":"Antik m\u00fccevherlerden ilham alan, 18 ayar pembe alt\u0131n detayl\u0131, g\u00fcm\u00fc\u015ften yap\u0131lm\u0131\u015f s\u00fcsl\u00fc peridot ve yakut k\u00fcme y\u00fcz\u00fck, dikkat \u00e7ekici, koleksiyonluk bir stil i\u00e7in tasarlanm\u0131\u015ft\u0131r.","breadcrumb":{"@id":"https:\/\/www.purejewels.com\/product\/peridot-and-ruby-ring\/#breadcrumb"},"inLanguage":"tr","potentialAction":[{"@type":"ReadAction","target":["https:\/\/www.purejewels.com\/product\/peridot-and-ruby-ring\/"]}]},{"@type":"ImageObject","inLanguage":"tr","@id":"https:\/\/www.purejewels.com\/product\/peridot-and-ruby-ring\/#primaryimage","url":"https:\/\/static.purejewels.com\/wp-content\/uploads\/2017\/07\/ring_24873_a_960px.jpg","contentUrl":"https:\/\/static.purejewels.com\/wp-content\/uploads\/2017\/07\/ring_24873_a_960px.jpg","width":960,"height":960,"caption":"ring_24873_a_960px.jpg"},{"@type":"BreadcrumbList","@id":"https:\/\/www.purejewels.com\/product\/peridot-and-ruby-ring\/#breadcrumb","itemListElement":[{"@type":"ListItem","position":1,"name":"Home","item":"https:\/\/www.purejewels.com\/"},{"@type":"ListItem","position":2,"name":"Shop","item":"https:\/\/www.purejewels.com\/shop\/"},{"@type":"ListItem","position":3,"name":"Peridot Ruby Cluster Ring in Silver &#038; 18ct Rose Gold"}]},{"@type":"WebSite","@id":"https:\/\/www.purejewels.com\/#website","url":"https:\/\/www.purejewels.com\/","name":"PureJewels \u0130ngiltere","description":"Sevgiyi Payla\u015f\u0131n","publisher":{"@id":"https:\/\/www.purejewels.com\/#organization"},"potentialAction":[{"@type":"SearchAction","target":{"@type":"EntryPoint","urlTemplate":"https:\/\/www.purejewels.com\/?s={search_term_string}"},"query-input":{"@type":"PropertyValueSpecification","valueRequired":true,"valueName":"search_term_string"}}],"inLanguage":"tr"},{"@type":"Organization","@id":"https:\/\/www.purejewels.com\/#organization","name":"PureJewels \u0130ngiltere","url":"https:\/\/www.purejewels.com\/","logo":{"@type":"ImageObject","inLanguage":"tr","@id":"https:\/\/www.purejewels.com\/#\/schema\/logo\/image\/","url":"https:\/\/static.purejewels.com\/wp-content\/uploads\/2020\/11\/Logo-PJ-New-1.png","contentUrl":"https:\/\/static.purejewels.com\/wp-content\/uploads\/2020\/11\/Logo-PJ-New-1.png","width":150,"height":80,"caption":"PureJewels UK"},"image":{"@id":"https:\/\/www.purejewels.com\/#\/schema\/logo\/image\/"}}]}},"_links":{"self":[{"href":"https:\/\/www.purejewels.com\/tr\/wp-json\/wp\/v2\/product\/4388","targetHints":{"allow":["GET"]}}],"collection":[{"href":"https:\/\/www.purejewels.com\/tr\/wp-json\/wp\/v2\/product"}],"about":[{"href":"https:\/\/www.purejewels.com\/tr\/wp-json\/wp\/v2\/types\/product"}],"replies":[{"embeddable":true,"href":"https:\/\/www.purejewels.com\/tr\/wp-json\/wp\/v2\/comments?post=4388"}],"version-history":[{"count":3,"href":"https:\/\/www.purejewels.com\/tr\/wp-json\/wp\/v2\/product\/4388\/revisions"}],"predecessor-version":[{"id":421220,"href":"https:\/\/www.purejewels.com\/tr\/wp-json\/wp\/v2\/product\/4388\/revisions\/421220"}],"wp:featuredmedia":[{"embeddable":true,"href":"https:\/\/www.purejewels.com\/tr\/wp-json\/wp\/v2\/media\/4389"}],"wp:attachment":[{"href":"https:\/\/www.purejewels.com\/tr\/wp-json\/wp\/v2\/media?parent=4388"}],"wp:term":[{"taxonomy":"product_brand","embeddable":true,"href":"https:\/\/www.purejewels.com\/tr\/wp-json\/wp\/v2\/product_brand?post=4388"},{"taxonomy":"product_cat","embeddable":true,"href":"https:\/\/www.purejewels.com\/tr\/wp-json\/wp\/v2\/product_cat?post=4388"},{"taxonomy":"product_tag","embeddable":true,"href":"https:\/\/www.purejewels.com\/tr\/wp-json\/wp\/v2\/product_tag?post=4388"}],"curies":[{"name":"wp","href":"https:\/\/api.w.org\/{rel}","templated":true}]}}